{"id":64685,"date":"2023-06-16T16:35:28","date_gmt":"2023-06-16T16:35:28","guid":{"rendered":"https:\/\/apgsolutions.com\/distribuidores\/"},"modified":"2026-01-22T14:42:04","modified_gmt":"2026-01-22T14:42:04","slug":"distribuidores","status":"publish","type":"page","link":"https:\/\/apgsolutions.com\/es\/distribuidores\/","title":{"rendered":"Distribuidores"},"content":{"rendered":"<div class=\"section_page-header \">\n    <img decoding=\"async\" class=\"header-image\" src=\"https:\/\/apgsolutions.com\/wp-content\/uploads\/2023\/04\/Distribution-Header_optimized-1.jpg\" alt=\"Distribution-Header_optimized-1\" title=\"Distribution-Header_optimized-1\">\n            <div class=\"header-content\">\n            <h1>Distribuidores<\/h1>\n        <\/div>\n    <\/div>\n\n\n<div data-block-name=\"woocommerce\/filter-wrapper\" data-filter-type=\"active-filters\" data-heading=\"Active filters\" class=\"wp-block-woocommerce-filter-wrapper\">\n<h2 class=\"has-text-align-center wp-block-heading\" id=\"h-encuentre-un-socio-de-distribuci-n-de-apg-cash-drawer\">Encuentre un Socio de Distribuci\u00f3n de APG Cash Drawer<\/h2>\n<\/div>\n\n\n\n<p class=\"has-text-align-center\">APG Cash Drawer cuenta con la cartera m\u00e1s completa del sector de cajones de efectivo de alto rendimiento. Lo que permite a nuestros socios de Distribuci\u00f3n y Revendedores de Valor A\u00f1adido aumentar sus ventas y cuota de mercado. Ofrecemos soluciones fiables y a un precio competitivo, con un alto nivel de integridad y capacidad de respuesta del canal, lo que brinda a nuestros socios la confianza necesaria para hacer frente a las cambiantes necesidades de sus clientes.<\/p>\n\n\n\n<h2 class=\"has-text-align-center wp-block-heading\">Distributors Around the World<\/h2>\n","protected":false},"excerpt":{"rendered":"<p>APG Cash Drawer cuenta con la cartera m\u00e1s completa del sector de cajones de efectivo de alto rendimiento. Lo que permite a nuestros socios de Distribuci\u00f3n y Revendedores de Valor A\u00f1adido aumentar sus ventas y cuota de mercado. Ofrecemos soluciones fiables y a un precio competitivo, con un alto nivel de integridad y capacidad de [&hellip;]<\/p>\n","protected":false},"author":4,"featured_media":0,"parent":0,"menu_order":0,"comment_status":"closed","ping_status":"closed","template":"page-distributors.php","meta":{"_acf_changed":false,"content-type":"","footnotes":""},"class_list":["post-64685","page","type-page","status-publish"],"yoast_head":"<!-- This site is optimized with the Yoast SEO Premium plugin v23.5 (Yoast SEO v27.2) - https:\/\/yoast.com\/product\/yoast-seo-premium-wordpress\/ -->\n<title>Distribuidores | Soluciones apg<\/title>\n<meta name=\"description\" content=\"Encuentra a tus socios distribuidores de APG. Puedes buscar por pa\u00eds para encontrar el distribuidor m\u00e1s cercano para atender mejor las necesidades de tu negocio.\" \/>\n<meta name=\"robots\" content=\"index, follow, max-snippet:-1, max-image-preview:large, max-video-preview:-1\" \/>\n<link rel=\"canonical\" href=\"https:\/\/apgsolutions.com\/es\/distribuidores\/\" \/>\n<meta property=\"og:locale\" content=\"es_ES\" \/>\n<meta property=\"og:type\" content=\"article\" \/>\n<meta property=\"og:title\" content=\"Distribuidores | Soluciones apg\" \/>\n<meta property=\"og:description\" content=\"Encuentra a tus socios distribuidores de APG. Puedes buscar por pa\u00eds para encontrar el distribuidor m\u00e1s cercano para atender mejor las necesidades de tu negocio.\" \/>\n<meta property=\"og:url\" content=\"https:\/\/apgsolutions.com\/es\/distribuidores\/\" \/>\n<meta property=\"og:site_name\" content=\"apg\u00ae Solutions\" \/>\n<meta property=\"article:publisher\" content=\"https:\/\/www.facebook.com\/apgglobalsolutions\" \/>\n<meta property=\"article:modified_time\" content=\"2026-01-22T14:42:04+00:00\" \/>\n<meta name=\"twitter:card\" content=\"summary_large_image\" \/>\n<meta name=\"twitter:site\" content=\"@apg_solutions\" \/>\n<meta name=\"twitter:label1\" content=\"Tiempo de lectura\" \/>\n\t<meta name=\"twitter:data1\" content=\"1 minuto\" \/>\n<script type=\"application\/ld+json\" class=\"yoast-schema-graph\">{\"@context\":\"https:\/\/schema.org\",\"@graph\":[{\"@type\":\"WebPage\",\"@id\":\"https:\/\/apgsolutions.com\/es\/distribuidores\/\",\"url\":\"https:\/\/apgsolutions.com\/es\/distribuidores\/\",\"name\":\"Distribuidores | Soluciones apg\",\"isPartOf\":{\"@id\":\"https:\/\/apgsolutions.com\/es\/#website\"},\"datePublished\":\"2023-06-16T16:35:28+00:00\",\"dateModified\":\"2026-01-22T14:42:04+00:00\",\"description\":\"Encuentra a tus socios distribuidores de APG. Puedes buscar por pa\u00eds para encontrar el distribuidor m\u00e1s cercano para atender mejor las necesidades de tu negocio.\",\"inLanguage\":\"es\",\"potentialAction\":[{\"@type\":\"ReadAction\",\"target\":[\"https:\/\/apgsolutions.com\/es\/distribuidores\/\"]}]},{\"@type\":\"WebSite\",\"@id\":\"https:\/\/apgsolutions.com\/es\/#website\",\"url\":\"https:\/\/apgsolutions.com\/es\/\",\"name\":\"APG Solutions, LLC\",\"description\":\"Trust at every point.\",\"publisher\":{\"@id\":\"https:\/\/apgsolutions.com\/es\/#organization\"},\"potentialAction\":[{\"@type\":\"SearchAction\",\"target\":{\"@type\":\"EntryPoint\",\"urlTemplate\":\"https:\/\/apgsolutions.com\/es\/?s={search_term_string}\"},\"query-input\":{\"@type\":\"PropertyValueSpecification\",\"valueRequired\":true,\"valueName\":\"search_term_string\"}}],\"inLanguage\":\"es\"},{\"@type\":\"Organization\",\"@id\":\"https:\/\/apgsolutions.com\/es\/#organization\",\"name\":\"APG Solution, LLC\",\"url\":\"https:\/\/apgsolutions.com\/es\/\",\"logo\":{\"@type\":\"ImageObject\",\"inLanguage\":\"es\",\"@id\":\"https:\/\/apgsolutions.com\/es\/#\/schema\/logo\/image\/\",\"url\":\"https:\/\/apgsolutions.com\/wp-content\/uploads\/2023\/12\/logomark-color.svg\",\"contentUrl\":\"https:\/\/apgsolutions.com\/wp-content\/uploads\/2023\/12\/logomark-color.svg\",\"width\":141,\"height\":138,\"caption\":\"APG Solution, LLC\"},\"image\":{\"@id\":\"https:\/\/apgsolutions.com\/es\/#\/schema\/logo\/image\/\"},\"sameAs\":[\"https:\/\/www.facebook.com\/apgglobalsolutions\",\"https:\/\/x.com\/apg_solutions\",\"https:\/\/www.youtube.com\/c\/CashManagementGlobalSolutionsbyapg\",\"https:\/\/www.linkedin.com\/company\/apgglobalsolutions\/\",\"https:\/\/www.instagram.com\/apgglobalsolutions\/\",\"https:\/\/www.pinterest.com\/apgcashdrawer\/\"]}]}<\/script>\n<!-- \/ Yoast SEO Premium plugin. -->","yoast_head_json":{"title":"Distribuidores | Soluciones apg","description":"Encuentra a tus socios distribuidores de APG. Puedes buscar por pa\u00eds para encontrar el distribuidor m\u00e1s cercano para atender mejor las necesidades de tu negocio.","robots":{"index":"index","follow":"follow","max-snippet":"max-snippet:-1","max-image-preview":"max-image-preview:large","max-video-preview":"max-video-preview:-1"},"canonical":"https:\/\/apgsolutions.com\/es\/distribuidores\/","og_locale":"es_ES","og_type":"article","og_title":"Distribuidores | Soluciones apg","og_description":"Encuentra a tus socios distribuidores de APG. Puedes buscar por pa\u00eds para encontrar el distribuidor m\u00e1s cercano para atender mejor las necesidades de tu negocio.","og_url":"https:\/\/apgsolutions.com\/es\/distribuidores\/","og_site_name":"apg\u00ae Solutions","article_publisher":"https:\/\/www.facebook.com\/apgglobalsolutions","article_modified_time":"2026-01-22T14:42:04+00:00","twitter_card":"summary_large_image","twitter_site":"@apg_solutions","twitter_misc":{"Tiempo de lectura":"1 minuto"},"schema":{"@context":"https:\/\/schema.org","@graph":[{"@type":"WebPage","@id":"https:\/\/apgsolutions.com\/es\/distribuidores\/","url":"https:\/\/apgsolutions.com\/es\/distribuidores\/","name":"Distribuidores | Soluciones apg","isPartOf":{"@id":"https:\/\/apgsolutions.com\/es\/#website"},"datePublished":"2023-06-16T16:35:28+00:00","dateModified":"2026-01-22T14:42:04+00:00","description":"Encuentra a tus socios distribuidores de APG. Puedes buscar por pa\u00eds para encontrar el distribuidor m\u00e1s cercano para atender mejor las necesidades de tu negocio.","inLanguage":"es","potentialAction":[{"@type":"ReadAction","target":["https:\/\/apgsolutions.com\/es\/distribuidores\/"]}]},{"@type":"WebSite","@id":"https:\/\/apgsolutions.com\/es\/#website","url":"https:\/\/apgsolutions.com\/es\/","name":"APG Solutions, LLC","description":"Trust at every point.","publisher":{"@id":"https:\/\/apgsolutions.com\/es\/#organization"},"potentialAction":[{"@type":"SearchAction","target":{"@type":"EntryPoint","urlTemplate":"https:\/\/apgsolutions.com\/es\/?s={search_term_string}"},"query-input":{"@type":"PropertyValueSpecification","valueRequired":true,"valueName":"search_term_string"}}],"inLanguage":"es"},{"@type":"Organization","@id":"https:\/\/apgsolutions.com\/es\/#organization","name":"APG Solution, LLC","url":"https:\/\/apgsolutions.com\/es\/","logo":{"@type":"ImageObject","inLanguage":"es","@id":"https:\/\/apgsolutions.com\/es\/#\/schema\/logo\/image\/","url":"https:\/\/apgsolutions.com\/wp-content\/uploads\/2023\/12\/logomark-color.svg","contentUrl":"https:\/\/apgsolutions.com\/wp-content\/uploads\/2023\/12\/logomark-color.svg","width":141,"height":138,"caption":"APG Solution, LLC"},"image":{"@id":"https:\/\/apgsolutions.com\/es\/#\/schema\/logo\/image\/"},"sameAs":["https:\/\/www.facebook.com\/apgglobalsolutions","https:\/\/x.com\/apg_solutions","https:\/\/www.youtube.com\/c\/CashManagementGlobalSolutionsbyapg","https:\/\/www.linkedin.com\/company\/apgglobalsolutions\/","https:\/\/www.instagram.com\/apgglobalsolutions\/","https:\/\/www.pinterest.com\/apgcashdrawer\/"]}]}},"acf":[],"_links":{"self":[{"href":"https:\/\/apgsolutions.com\/es\/wp-json\/wp\/v2\/pages\/64685","targetHints":{"allow":["GET"]}}],"collection":[{"href":"https:\/\/apgsolutions.com\/es\/wp-json\/wp\/v2\/pages"}],"about":[{"href":"https:\/\/apgsolutions.com\/es\/wp-json\/wp\/v2\/types\/page"}],"author":[{"embeddable":true,"href":"https:\/\/apgsolutions.com\/es\/wp-json\/wp\/v2\/users\/4"}],"replies":[{"embeddable":true,"href":"https:\/\/apgsolutions.com\/es\/wp-json\/wp\/v2\/comments?post=64685"}],"version-history":[{"count":1,"href":"https:\/\/apgsolutions.com\/es\/wp-json\/wp\/v2\/pages\/64685\/revisions"}],"predecessor-version":[{"id":98372,"href":"https:\/\/apgsolutions.com\/es\/wp-json\/wp\/v2\/pages\/64685\/revisions\/98372"}],"wp:attachment":[{"href":"https:\/\/apgsolutions.com\/es\/wp-json\/wp\/v2\/media?parent=64685"}],"curies":[{"name":"wp","href":"https:\/\/api.w.org\/{rel}","templated":true}]}}