{"id":64715,"date":"2023-06-16T20:06:24","date_gmt":"2023-06-16T20:06:24","guid":{"rendered":"https:\/\/apgsolutions.com\/descargue-imagenes-de-los-productos-de-apg\/"},"modified":"2025-07-22T08:56:13","modified_gmt":"2025-07-22T08:56:13","slug":"descargue-imagenes-de-los-productos-de-apg","status":"publish","type":"page","link":"https:\/\/apgsolutions.com\/es\/descargue-imagenes-de-los-productos-de-apg\/","title":{"rendered":"Descargue im\u00e1genes de los productos de APG"},"content":{"rendered":"<div class=\"section_page-header \">\n    <img decoding=\"async\" class=\"header-image\" src=\"https:\/\/apgsolutions.com\/wp-content\/uploads\/2023\/05\/Image-Library-Header.jpg\" alt=\"Image-Library-Header\" title=\"Image-Library-Header\">\n            <div class=\"header-content\">\n            <h1>Descargue im\u00e1genes de los productos de APG<\/h1>\n        <\/div>\n    <\/div>\n\n\n<h2 class=\"wp-block-heading has-text-align-center has-large-font-size\" id=\"h-le-damos-la-bienvenida-a-la-biblioteca-de-imagenes-de-apg\">Le damos la bienvenida a la Biblioteca de Im\u00e1genes de APG<\/h2>\n\n\n\n<p class=\"has-text-align-center\">Complete el siguiente formulario para acceder a la Biblioteca de Im\u00e1genes de APG. Podr\u00e1 descargarse los logotipos y las im\u00e1genes de los productos y accesorios de APG. Una vez que env\u00ede el formulario, procederemos a realizar una revisi\u00f3n interna en un plazo de 24 horas. El equipo de marketing de APG ser\u00e1 el responsable de otorgarle el acceso a la Biblioteca de Im\u00e1genes. Las im\u00e1genes de los productos est\u00e1n disponibles en dos formatos: JPEG y PNG.<\/p>\n\n\n\n<h2 class=\"wp-block-heading has-text-align-center\" id=\"h-formulario-de-acceso-a-la-biblioteca-de-imagenes-de-apg\">Formulario de acceso a la Biblioteca de Im\u00e1genes de APG<\/h2>\n\n\n<p><script charset=\"utf-8\" type=\"text\/javascript\" src=\"\/\/js.hsforms.net\/forms\/embed\/v2.js\"><\/script><br \/>\n<script>\n  hbspt.forms.create({\n    region: \"na1\",\n    portalId: \"3337275\",\n    formId: \"df1114d7-e9d0-4bda-ba91-64c8151245f6\"\n  });\n<\/script><\/p>\n","protected":false},"excerpt":{"rendered":"<p>Le damos la bienvenida a la Biblioteca de Im\u00e1genes de APG Complete el siguiente formulario para acceder a la Biblioteca de Im\u00e1genes de APG. Podr\u00e1 descargarse los logotipos y las im\u00e1genes de los productos y accesorios de APG. Una vez que env\u00ede el formulario, procederemos a realizar una revisi\u00f3n interna en un plazo de 24 [&hellip;]<\/p>\n","protected":false},"author":4,"featured_media":0,"parent":0,"menu_order":0,"comment_status":"closed","ping_status":"closed","template":"","meta":{"_acf_changed":false,"content-type":"","footnotes":""},"class_list":["post-64715","page","type-page","status-publish"],"yoast_head":"<!-- This site is optimized with the Yoast SEO Premium plugin v23.5 (Yoast SEO v27.2) - https:\/\/yoast.com\/product\/yoast-seo-premium-wordpress\/ -->\n<title>Descargue im\u00e1genes de los productos de APG<\/title>\n<meta name=\"robots\" content=\"index, follow, max-snippet:-1, max-image-preview:large, max-video-preview:-1\" \/>\n<link rel=\"canonical\" href=\"https:\/\/apgsolutions.com\/es\/descargue-imagenes-de-los-productos-de-apg\/\" \/>\n<meta property=\"og:locale\" content=\"es_ES\" \/>\n<meta property=\"og:type\" content=\"article\" \/>\n<meta property=\"og:title\" content=\"Descargue im\u00e1genes de los productos de APG\" \/>\n<meta property=\"og:description\" content=\"Le damos la bienvenida a la Biblioteca de Im\u00e1genes de APG Complete el siguiente formulario para acceder a la Biblioteca de Im\u00e1genes de APG. Podr\u00e1 descargarse los logotipos y las im\u00e1genes de los productos y accesorios de APG. Una vez que env\u00ede el formulario, procederemos a realizar una revisi\u00f3n interna en un plazo de 24 [&hellip;]\" \/>\n<meta property=\"og:url\" content=\"https:\/\/apgsolutions.com\/es\/descargue-imagenes-de-los-productos-de-apg\/\" \/>\n<meta property=\"og:site_name\" content=\"apg\u00ae Solutions\" \/>\n<meta property=\"article:publisher\" content=\"https:\/\/www.facebook.com\/apgglobalsolutions\" \/>\n<meta property=\"article:modified_time\" content=\"2025-07-22T08:56:13+00:00\" \/>\n<meta name=\"twitter:card\" content=\"summary_large_image\" \/>\n<meta name=\"twitter:site\" content=\"@apg_solutions\" \/>\n<meta name=\"twitter:label1\" content=\"Tiempo de lectura\" \/>\n\t<meta name=\"twitter:data1\" content=\"1 minuto\" \/>\n<script type=\"application\/ld+json\" class=\"yoast-schema-graph\">{\"@context\":\"https:\/\/schema.org\",\"@graph\":[{\"@type\":\"WebPage\",\"@id\":\"https:\/\/apgsolutions.com\/es\/descargue-imagenes-de-los-productos-de-apg\/\",\"url\":\"https:\/\/apgsolutions.com\/es\/descargue-imagenes-de-los-productos-de-apg\/\",\"name\":\"Descargue im\u00e1genes de los productos de APG\",\"isPartOf\":{\"@id\":\"https:\/\/apgsolutions.com\/es\/#website\"},\"datePublished\":\"2023-06-16T20:06:24+00:00\",\"dateModified\":\"2025-07-22T08:56:13+00:00\",\"inLanguage\":\"es\",\"potentialAction\":[{\"@type\":\"ReadAction\",\"target\":[\"https:\/\/apgsolutions.com\/es\/descargue-imagenes-de-los-productos-de-apg\/\"]}]},{\"@type\":\"WebSite\",\"@id\":\"https:\/\/apgsolutions.com\/es\/#website\",\"url\":\"https:\/\/apgsolutions.com\/es\/\",\"name\":\"APG Solutions, LLC\",\"description\":\"Trust at every point.\",\"publisher\":{\"@id\":\"https:\/\/apgsolutions.com\/es\/#organization\"},\"potentialAction\":[{\"@type\":\"SearchAction\",\"target\":{\"@type\":\"EntryPoint\",\"urlTemplate\":\"https:\/\/apgsolutions.com\/es\/?s={search_term_string}\"},\"query-input\":{\"@type\":\"PropertyValueSpecification\",\"valueRequired\":true,\"valueName\":\"search_term_string\"}}],\"inLanguage\":\"es\"},{\"@type\":\"Organization\",\"@id\":\"https:\/\/apgsolutions.com\/es\/#organization\",\"name\":\"APG Solution, LLC\",\"url\":\"https:\/\/apgsolutions.com\/es\/\",\"logo\":{\"@type\":\"ImageObject\",\"inLanguage\":\"es\",\"@id\":\"https:\/\/apgsolutions.com\/es\/#\/schema\/logo\/image\/\",\"url\":\"https:\/\/apgsolutions.com\/wp-content\/uploads\/2023\/12\/logomark-color.svg\",\"contentUrl\":\"https:\/\/apgsolutions.com\/wp-content\/uploads\/2023\/12\/logomark-color.svg\",\"width\":141,\"height\":138,\"caption\":\"APG Solution, LLC\"},\"image\":{\"@id\":\"https:\/\/apgsolutions.com\/es\/#\/schema\/logo\/image\/\"},\"sameAs\":[\"https:\/\/www.facebook.com\/apgglobalsolutions\",\"https:\/\/x.com\/apg_solutions\",\"https:\/\/www.youtube.com\/c\/CashManagementGlobalSolutionsbyapg\",\"https:\/\/www.linkedin.com\/company\/apgglobalsolutions\/\",\"https:\/\/www.instagram.com\/apgglobalsolutions\/\",\"https:\/\/www.pinterest.com\/apgcashdrawer\/\"]}]}<\/script>\n<!-- \/ Yoast SEO Premium plugin. -->","yoast_head_json":{"title":"Descargue im\u00e1genes de los productos de APG","robots":{"index":"index","follow":"follow","max-snippet":"max-snippet:-1","max-image-preview":"max-image-preview:large","max-video-preview":"max-video-preview:-1"},"canonical":"https:\/\/apgsolutions.com\/es\/descargue-imagenes-de-los-productos-de-apg\/","og_locale":"es_ES","og_type":"article","og_title":"Descargue im\u00e1genes de los productos de APG","og_description":"Le damos la bienvenida a la Biblioteca de Im\u00e1genes de APG Complete el siguiente formulario para acceder a la Biblioteca de Im\u00e1genes de APG. Podr\u00e1 descargarse los logotipos y las im\u00e1genes de los productos y accesorios de APG. Una vez que env\u00ede el formulario, procederemos a realizar una revisi\u00f3n interna en un plazo de 24 [&hellip;]","og_url":"https:\/\/apgsolutions.com\/es\/descargue-imagenes-de-los-productos-de-apg\/","og_site_name":"apg\u00ae Solutions","article_publisher":"https:\/\/www.facebook.com\/apgglobalsolutions","article_modified_time":"2025-07-22T08:56:13+00:00","twitter_card":"summary_large_image","twitter_site":"@apg_solutions","twitter_misc":{"Tiempo de lectura":"1 minuto"},"schema":{"@context":"https:\/\/schema.org","@graph":[{"@type":"WebPage","@id":"https:\/\/apgsolutions.com\/es\/descargue-imagenes-de-los-productos-de-apg\/","url":"https:\/\/apgsolutions.com\/es\/descargue-imagenes-de-los-productos-de-apg\/","name":"Descargue im\u00e1genes de los productos de APG","isPartOf":{"@id":"https:\/\/apgsolutions.com\/es\/#website"},"datePublished":"2023-06-16T20:06:24+00:00","dateModified":"2025-07-22T08:56:13+00:00","inLanguage":"es","potentialAction":[{"@type":"ReadAction","target":["https:\/\/apgsolutions.com\/es\/descargue-imagenes-de-los-productos-de-apg\/"]}]},{"@type":"WebSite","@id":"https:\/\/apgsolutions.com\/es\/#website","url":"https:\/\/apgsolutions.com\/es\/","name":"APG Solutions, LLC","description":"Trust at every point.","publisher":{"@id":"https:\/\/apgsolutions.com\/es\/#organization"},"potentialAction":[{"@type":"SearchAction","target":{"@type":"EntryPoint","urlTemplate":"https:\/\/apgsolutions.com\/es\/?s={search_term_string}"},"query-input":{"@type":"PropertyValueSpecification","valueRequired":true,"valueName":"search_term_string"}}],"inLanguage":"es"},{"@type":"Organization","@id":"https:\/\/apgsolutions.com\/es\/#organization","name":"APG Solution, LLC","url":"https:\/\/apgsolutions.com\/es\/","logo":{"@type":"ImageObject","inLanguage":"es","@id":"https:\/\/apgsolutions.com\/es\/#\/schema\/logo\/image\/","url":"https:\/\/apgsolutions.com\/wp-content\/uploads\/2023\/12\/logomark-color.svg","contentUrl":"https:\/\/apgsolutions.com\/wp-content\/uploads\/2023\/12\/logomark-color.svg","width":141,"height":138,"caption":"APG Solution, LLC"},"image":{"@id":"https:\/\/apgsolutions.com\/es\/#\/schema\/logo\/image\/"},"sameAs":["https:\/\/www.facebook.com\/apgglobalsolutions","https:\/\/x.com\/apg_solutions","https:\/\/www.youtube.com\/c\/CashManagementGlobalSolutionsbyapg","https:\/\/www.linkedin.com\/company\/apgglobalsolutions\/","https:\/\/www.instagram.com\/apgglobalsolutions\/","https:\/\/www.pinterest.com\/apgcashdrawer\/"]}]}},"acf":[],"_links":{"self":[{"href":"https:\/\/apgsolutions.com\/es\/wp-json\/wp\/v2\/pages\/64715","targetHints":{"allow":["GET"]}}],"collection":[{"href":"https:\/\/apgsolutions.com\/es\/wp-json\/wp\/v2\/pages"}],"about":[{"href":"https:\/\/apgsolutions.com\/es\/wp-json\/wp\/v2\/types\/page"}],"author":[{"embeddable":true,"href":"https:\/\/apgsolutions.com\/es\/wp-json\/wp\/v2\/users\/4"}],"replies":[{"embeddable":true,"href":"https:\/\/apgsolutions.com\/es\/wp-json\/wp\/v2\/comments?post=64715"}],"version-history":[{"count":1,"href":"https:\/\/apgsolutions.com\/es\/wp-json\/wp\/v2\/pages\/64715\/revisions"}],"predecessor-version":[{"id":91263,"href":"https:\/\/apgsolutions.com\/es\/wp-json\/wp\/v2\/pages\/64715\/revisions\/91263"}],"wp:attachment":[{"href":"https:\/\/apgsolutions.com\/es\/wp-json\/wp\/v2\/media?parent=64715"}],"curies":[{"name":"wp","href":"https:\/\/api.w.org\/{rel}","templated":true}]}}