{"id":64719,"date":"2023-06-16T20:13:37","date_gmt":"2023-06-16T20:13:37","guid":{"rendered":"https:\/\/apgsolutions.com\/garantia\/"},"modified":"2026-03-12T11:44:51","modified_gmt":"2026-03-12T11:44:51","slug":"garantia","status":"publish","type":"page","link":"https:\/\/apgsolutions.com\/es\/garantia\/","title":{"rendered":"Garant\u00eda"},"content":{"rendered":"<div class=\"section_page-header \">\n    <img decoding=\"async\" class=\"header-image\" src=\"https:\/\/apgsolutions.com\/wp-content\/uploads\/2023\/05\/MICROS-matrix-header.jpg\" alt=\"MICROS-matrix-header\" title=\"MICROS-matrix-header\">\n            <div class=\"header-content\">\n            <h1>Garant\u00eda<\/h1>\n        <\/div>\n    <\/div>\n<h2 class=\"wp-block-heading has-text-align-center has-large-font-size\" id=\"h-view-our-warranty-statement-below-and-register-your-pos-products\">Consulte nuestra Declaraci\u00f3n de Garant\u00eda y registre sus productos.<\/h2>\n\n<p>apg\u00ae ofrece una garant\u00eda de 1, 3, 5 o una <strong>garant\u00eda limitada de por vida<\/strong> para sus productos de <a href=\"https:\/\/apg.apgsolutions.com\/smarttill-solution-suite\">gesti\u00f3n de efectivo<\/a> y <a href=\"https:\/\/apgsolutions.com\/es\/productos\/#cash-drawers\">cajones portamonedas<\/a> no originales.<\/p>\n\n<p>Consulta a continuaci\u00f3n la garant\u00eda correspondiente a cada l\u00ednea de productos, y rellena el formulario de la parte inferior de esta p\u00e1gina para registrarte. Ponte en contacto con tu representante de ventas para obtener m\u00e1s informaci\u00f3n.<\/p>\n\n<div class=\"wp-block-buttons is-content-justification-center is-layout-flex wp-container-core-buttons-is-layout-28206b41 wp-block-buttons-is-layout-flex\"><\/div>\n\n<h2 class=\"wp-block-heading\" id=\"h-non-oem-product-warranty\">Garant\u00eda del producto no OEM<\/h2>\n\n<p>apg\u00ae ofrece una garant\u00eda de 1, 3, 5 o una garant\u00eda limitada de por vida para sus productos de cajones portamonedas no originales. Consulta a continuaci\u00f3n la garant\u00eda correspondiente a cada l\u00ednea de productos. Ponte en contacto con tu representante de ventas para obtener m\u00e1s informaci\u00f3n.<\/p>\n\n<h2 class=\"wp-block-heading\" id=\"h-1-year-limited\">Limitado a 1 a\u00f1o<\/h2>\n\n<p>Se aplica a las Cajas Econ\u00f3micas de Entrada (ECD), la Caja Minota y la Caja Arlo.<\/p>\n\n<h2 class=\"wp-block-heading\" id=\"h-3-year-limited-warranty\">Garant\u00eda limitada de 3 a\u00f1os<\/h2>\n\n<p>Se aplica a los productos Est\u00e1ndar, Aplicaci\u00f3n General (GA): Vasario, Serie 1150, Serie 1517, Serie Stratis\u2122, MICRO, 460MOD03, STD2000, E3000 y l\u00edneas de productos de cajones portamonedas abatibles. Esto se aplica a los n\u00fameros de serie que datan de marzo de 2019.<\/p>\n\n<h2 class=\"wp-block-heading\" id=\"h-5-year-limited-warranty\">Garant\u00eda limitada de 5 a\u00f1os<\/h2>\n\n<p>Las l\u00edneas de productos Serie 100 y Serie 4000 Cash Drawer Performance tienen una garant\u00eda de 5 a\u00f1os (a partir de marzo de 2019).<\/p>\n\n<h2 class=\"wp-block-heading\" id=\"h-limited-lifetime-warranty\">Garant\u00eda limitada de por vida<\/h2>\n\n<p>El caj\u00f3n portamonedas de la serie 4000 tiene una garant\u00eda limitada de por vida registr\u00e1ndote <a href=\"https:\/\/share.hsforms.com\/1Uxrj08iASHemvyI3rcnR2w1zj23\">aqu\u00ed<\/a>. El producto debe registrarse en los 30 d\u00edas siguientes a la compra para recibir la garant\u00eda ampliada. Sin registro, incluye una garant\u00eda de 5 a\u00f1os. Esta garant\u00eda limitada de por vida no cubre los da\u00f1os causados por el desgaste normal.<\/p>\n\n<h2 class=\"wp-block-heading\" id=\"h-oem-amp-bespoke-product-warranty\">Garant\u00eda de productos OEM y a medida<\/h2>\n\n<p>apg\u00ae ofrece una garant\u00eda de 1 a\u00f1o para sus productos de cajones portamonedas OEM y a medida. Ponte en contacto con tu representante de ventas para obtener m\u00e1s informaci\u00f3n.<\/p>\n\n<h2 class=\"wp-block-heading\" id=\"h-cash-management-product-warranty\">Garant\u00eda de los productos de gesti\u00f3n de efectivo<\/h2>\n\n<p>apg\u00ae ofrece una garant\u00eda de 1 a\u00f1o para sus productos Soluci\u00f3n smarttill\u00ae. se pueden adquirir Garant\u00edas Ampliadas Soluci\u00f3n smarttill\u00ae.  Ponte en contacto con tu representante de ventas para obtener m\u00e1s informaci\u00f3n.<\/p>\n\n<h2 class=\"wp-block-heading\" id=\"h-warranty-statement\">Declaraci\u00f3n de garant\u00eda<\/h2>\n\n<p>Ponte en contacto con el departamento de relaciones con el cliente de apg\u00ae para que te ayuden a determinar la cobertura de la garant\u00eda. No devuelvas ning\u00fan material <strong>antes de que<\/strong> se determine la cobertura de la garant\u00eda. Esta garant\u00eda proporciona derechos legales espec\u00edficos y otros derechos aplicables en algunos estados.<\/p>\n\n<p>apg\u00ae garantiza que sus productos estar\u00e1n libres de defectos de material o mano de obra durante el periodo de garant\u00eda espec\u00edfico a partir de la fecha de fabricaci\u00f3n, en condiciones normales de uso y servicio. Esta garant\u00eda limitada est\u00e1 disponible para el comprador original y no cubre productos mal utilizados, alterados, descuidados, manipulados con negligencia o utilizados para fines no previstos.<\/p>\n\n<p>apg\u00ae reparar\u00e1 o sustituir\u00e1, a su elecci\u00f3n, cualquier producto que se encuentre defectuoso durante el periodo de garant\u00eda. Las reparaciones en garant\u00eda se realizan sin coste de piezas ni de mano de obra. Eres responsable de los gastos de env\u00edo del producto hasta y desde las instalaciones de apg\u00ae. la \u00fanica obligaci\u00f3n de apg\u00ae se limita a la reparaci\u00f3n o sustituci\u00f3n del producto o componentes defectuosos. <\/p>\n\n<p>apg\u00ae no ser\u00e1 responsable de ning\u00fan da\u00f1o incidental o consecuente, ni de ning\u00fan otro coste que pueda derivarse de la compra o uso de este producto. No se ofrece ni se implica expresamente ninguna otra garant\u00eda (incluidas las de comerciabilidad e idoneidad para un fin determinado). Algunos estados no permiten limitaciones o exclusiones en las garant\u00edas impl\u00edcitas, y en esos estados, las limitaciones anteriores de una garant\u00eda impl\u00edcita pueden no ser aplicables.<\/p>\n\n<h2 class=\"wp-block-heading\" id=\"h-warranty-registration-form\">Formulario de registro de garant\u00eda<\/h2>\n<p><script charset=\"utf-8\" type=\"text\/javascript\" src=\"\/\/js.hsforms.net\/forms\/embed\/v2.js\"><\/script><br \/>\n<script>\n  hbspt.forms.create({\n    region: \"na1\",\n    portalId: \"3337275\",\n    formId: \"531ae3d3-c880-4877-a6bf-2237adc9d1db\",\n    sfdcCampaignId: \"7011L000000H6sFQAS\"\n  });\n<\/script><\/p>\n","protected":false},"excerpt":{"rendered":"<p>Consulte nuestra Declaraci\u00f3n de Garant\u00eda y registre sus productos. apg\u00ae ofrece una garant\u00eda de 1, 3, 5 o una garant\u00eda limitada de por vida para sus productos de gesti\u00f3n de efectivo y cajones portamonedas no originales. Consulta a continuaci\u00f3n la garant\u00eda correspondiente a cada l\u00ednea de productos, y rellena el formulario de la parte inferior [&hellip;]<\/p>\n","protected":false},"author":4,"featured_media":0,"parent":0,"menu_order":0,"comment_status":"closed","ping_status":"closed","template":"","meta":{"_acf_changed":false,"content-type":"","footnotes":""},"class_list":["post-64719","page","type-page","status-publish"],"yoast_head":"<!-- This site is optimized with the Yoast SEO Premium plugin v23.5 (Yoast SEO v27.2) - https:\/\/yoast.com\/product\/yoast-seo-premium-wordpress\/ -->\n<title>Declaraci\u00f3n de garant\u00eda del producto y registro | apg<\/title>\n<meta name=\"description\" content=\"APG Cash Drawer ofrece una garant\u00eda de 1, 3, 5 o una garant\u00eda limitada de por vida para sus productos de gesti\u00f3n de efectivo y Guardiant no OEM.\" \/>\n<meta name=\"robots\" content=\"index, follow, max-snippet:-1, max-image-preview:large, max-video-preview:-1\" \/>\n<link rel=\"canonical\" href=\"https:\/\/apgsolutions.com\/es\/garantia\/\" \/>\n<meta property=\"og:locale\" content=\"es_ES\" \/>\n<meta property=\"og:type\" content=\"article\" \/>\n<meta property=\"og:title\" content=\"Declaraci\u00f3n de garant\u00eda del producto y registro | apg\" \/>\n<meta property=\"og:description\" content=\"APG Cash Drawer ofrece una garant\u00eda de 1, 3, 5 o una garant\u00eda limitada de por vida para sus productos de gesti\u00f3n de efectivo y Guardiant no OEM.\" \/>\n<meta property=\"og:url\" content=\"https:\/\/apgsolutions.com\/es\/garantia\/\" \/>\n<meta property=\"og:site_name\" content=\"apg\u00ae Solutions\" \/>\n<meta property=\"article:publisher\" content=\"https:\/\/www.facebook.com\/apgglobalsolutions\" \/>\n<meta property=\"article:modified_time\" content=\"2026-03-12T11:44:51+00:00\" \/>\n<meta name=\"twitter:card\" content=\"summary_large_image\" \/>\n<meta name=\"twitter:site\" content=\"@apg_solutions\" \/>\n<meta name=\"twitter:label1\" content=\"Tiempo de lectura\" \/>\n\t<meta name=\"twitter:data1\" content=\"1 minuto\" \/>\n<script type=\"application\/ld+json\" class=\"yoast-schema-graph\">{\"@context\":\"https:\/\/schema.org\",\"@graph\":[{\"@type\":\"WebPage\",\"@id\":\"https:\/\/apgsolutions.com\/es\/garantia\/\",\"url\":\"https:\/\/apgsolutions.com\/es\/garantia\/\",\"name\":\"Declaraci\u00f3n de garant\u00eda del producto y registro | apg\",\"isPartOf\":{\"@id\":\"https:\/\/apgsolutions.com\/es\/#website\"},\"datePublished\":\"2023-06-16T20:13:37+00:00\",\"dateModified\":\"2026-03-12T11:44:51+00:00\",\"description\":\"APG Cash Drawer ofrece una garant\u00eda de 1, 3, 5 o una garant\u00eda limitada de por vida para sus productos de gesti\u00f3n de efectivo y Guardiant no OEM.\",\"inLanguage\":\"es\",\"potentialAction\":[{\"@type\":\"ReadAction\",\"target\":[\"https:\/\/apgsolutions.com\/es\/garantia\/\"]}]},{\"@type\":\"WebSite\",\"@id\":\"https:\/\/apgsolutions.com\/es\/#website\",\"url\":\"https:\/\/apgsolutions.com\/es\/\",\"name\":\"APG Solutions, LLC\",\"description\":\"Trust at every point.\",\"publisher\":{\"@id\":\"https:\/\/apgsolutions.com\/es\/#organization\"},\"potentialAction\":[{\"@type\":\"SearchAction\",\"target\":{\"@type\":\"EntryPoint\",\"urlTemplate\":\"https:\/\/apgsolutions.com\/es\/?s={search_term_string}\"},\"query-input\":{\"@type\":\"PropertyValueSpecification\",\"valueRequired\":true,\"valueName\":\"search_term_string\"}}],\"inLanguage\":\"es\"},{\"@type\":\"Organization\",\"@id\":\"https:\/\/apgsolutions.com\/es\/#organization\",\"name\":\"APG Solution, LLC\",\"url\":\"https:\/\/apgsolutions.com\/es\/\",\"logo\":{\"@type\":\"ImageObject\",\"inLanguage\":\"es\",\"@id\":\"https:\/\/apgsolutions.com\/es\/#\/schema\/logo\/image\/\",\"url\":\"https:\/\/apgsolutions.com\/wp-content\/uploads\/2023\/12\/logomark-color.svg\",\"contentUrl\":\"https:\/\/apgsolutions.com\/wp-content\/uploads\/2023\/12\/logomark-color.svg\",\"width\":141,\"height\":138,\"caption\":\"APG Solution, LLC\"},\"image\":{\"@id\":\"https:\/\/apgsolutions.com\/es\/#\/schema\/logo\/image\/\"},\"sameAs\":[\"https:\/\/www.facebook.com\/apgglobalsolutions\",\"https:\/\/x.com\/apg_solutions\",\"https:\/\/www.youtube.com\/c\/CashManagementGlobalSolutionsbyapg\",\"https:\/\/www.linkedin.com\/company\/apgglobalsolutions\/\",\"https:\/\/www.instagram.com\/apgglobalsolutions\/\",\"https:\/\/www.pinterest.com\/apgcashdrawer\/\"]}]}<\/script>\n<!-- \/ Yoast SEO Premium plugin. -->","yoast_head_json":{"title":"Declaraci\u00f3n de garant\u00eda del producto y registro | apg","description":"APG Cash Drawer ofrece una garant\u00eda de 1, 3, 5 o una garant\u00eda limitada de por vida para sus productos de gesti\u00f3n de efectivo y Guardiant no OEM.","robots":{"index":"index","follow":"follow","max-snippet":"max-snippet:-1","max-image-preview":"max-image-preview:large","max-video-preview":"max-video-preview:-1"},"canonical":"https:\/\/apgsolutions.com\/es\/garantia\/","og_locale":"es_ES","og_type":"article","og_title":"Declaraci\u00f3n de garant\u00eda del producto y registro | apg","og_description":"APG Cash Drawer ofrece una garant\u00eda de 1, 3, 5 o una garant\u00eda limitada de por vida para sus productos de gesti\u00f3n de efectivo y Guardiant no OEM.","og_url":"https:\/\/apgsolutions.com\/es\/garantia\/","og_site_name":"apg\u00ae Solutions","article_publisher":"https:\/\/www.facebook.com\/apgglobalsolutions","article_modified_time":"2026-03-12T11:44:51+00:00","twitter_card":"summary_large_image","twitter_site":"@apg_solutions","twitter_misc":{"Tiempo de lectura":"1 minuto"},"schema":{"@context":"https:\/\/schema.org","@graph":[{"@type":"WebPage","@id":"https:\/\/apgsolutions.com\/es\/garantia\/","url":"https:\/\/apgsolutions.com\/es\/garantia\/","name":"Declaraci\u00f3n de garant\u00eda del producto y registro | apg","isPartOf":{"@id":"https:\/\/apgsolutions.com\/es\/#website"},"datePublished":"2023-06-16T20:13:37+00:00","dateModified":"2026-03-12T11:44:51+00:00","description":"APG Cash Drawer ofrece una garant\u00eda de 1, 3, 5 o una garant\u00eda limitada de por vida para sus productos de gesti\u00f3n de efectivo y Guardiant no OEM.","inLanguage":"es","potentialAction":[{"@type":"ReadAction","target":["https:\/\/apgsolutions.com\/es\/garantia\/"]}]},{"@type":"WebSite","@id":"https:\/\/apgsolutions.com\/es\/#website","url":"https:\/\/apgsolutions.com\/es\/","name":"APG Solutions, LLC","description":"Trust at every point.","publisher":{"@id":"https:\/\/apgsolutions.com\/es\/#organization"},"potentialAction":[{"@type":"SearchAction","target":{"@type":"EntryPoint","urlTemplate":"https:\/\/apgsolutions.com\/es\/?s={search_term_string}"},"query-input":{"@type":"PropertyValueSpecification","valueRequired":true,"valueName":"search_term_string"}}],"inLanguage":"es"},{"@type":"Organization","@id":"https:\/\/apgsolutions.com\/es\/#organization","name":"APG Solution, LLC","url":"https:\/\/apgsolutions.com\/es\/","logo":{"@type":"ImageObject","inLanguage":"es","@id":"https:\/\/apgsolutions.com\/es\/#\/schema\/logo\/image\/","url":"https:\/\/apgsolutions.com\/wp-content\/uploads\/2023\/12\/logomark-color.svg","contentUrl":"https:\/\/apgsolutions.com\/wp-content\/uploads\/2023\/12\/logomark-color.svg","width":141,"height":138,"caption":"APG Solution, LLC"},"image":{"@id":"https:\/\/apgsolutions.com\/es\/#\/schema\/logo\/image\/"},"sameAs":["https:\/\/www.facebook.com\/apgglobalsolutions","https:\/\/x.com\/apg_solutions","https:\/\/www.youtube.com\/c\/CashManagementGlobalSolutionsbyapg","https:\/\/www.linkedin.com\/company\/apgglobalsolutions\/","https:\/\/www.instagram.com\/apgglobalsolutions\/","https:\/\/www.pinterest.com\/apgcashdrawer\/"]}]}},"acf":[],"_links":{"self":[{"href":"https:\/\/apgsolutions.com\/es\/wp-json\/wp\/v2\/pages\/64719","targetHints":{"allow":["GET"]}}],"collection":[{"href":"https:\/\/apgsolutions.com\/es\/wp-json\/wp\/v2\/pages"}],"about":[{"href":"https:\/\/apgsolutions.com\/es\/wp-json\/wp\/v2\/types\/page"}],"author":[{"embeddable":true,"href":"https:\/\/apgsolutions.com\/es\/wp-json\/wp\/v2\/users\/4"}],"replies":[{"embeddable":true,"href":"https:\/\/apgsolutions.com\/es\/wp-json\/wp\/v2\/comments?post=64719"}],"version-history":[{"count":6,"href":"https:\/\/apgsolutions.com\/es\/wp-json\/wp\/v2\/pages\/64719\/revisions"}],"predecessor-version":[{"id":105307,"href":"https:\/\/apgsolutions.com\/es\/wp-json\/wp\/v2\/pages\/64719\/revisions\/105307"}],"wp:attachment":[{"href":"https:\/\/apgsolutions.com\/es\/wp-json\/wp\/v2\/media?parent=64719"}],"curies":[{"name":"wp","href":"https:\/\/api.w.org\/{rel}","templated":true}]}}