{"id":64729,"date":"2023-06-16T20:30:48","date_gmt":"2023-06-16T20:30:48","guid":{"rendered":"https:\/\/apgsolutions.com\/utilidad-de-comprobacion\/"},"modified":"2026-01-22T14:46:04","modified_gmt":"2026-01-22T14:46:04","slug":"utilidad-de-comprobacion","status":"publish","type":"page","link":"https:\/\/apgsolutions.com\/es\/utilidad-de-comprobacion\/","title":{"rendered":"Utilidad de Comprobaci\u00f3n"},"content":{"rendered":"<div class=\"section_page-header \">\n    <img decoding=\"async\" class=\"header-image\" src=\"https:\/\/apgsolutions.com\/wp-content\/uploads\/2023\/05\/European-USB-Drivers.jpg\" alt=\"European-USB-Drivers\" title=\"European-USB-Drivers\">\n            <div class=\"header-content\">\n            <h1>Utilidad de Comprobaci\u00f3n<\/h1>\n        <\/div>\n    <\/div>\n\n\n<h2 class=\"wp-block-heading\" id=\"h-utilidad-de-comprobaci-n-y-controladores-usb\">Utilidad de Comprobaci\u00f3n y Controladores USB<\/h2>\n\n\n\n<p>Las siguientes descargas contienen la utilidad de comprobaci\u00f3n USB de cajones de efectivo de Cash Bases (solo para Windows) para cajones USB internos y m\u00f3dulos UMI a USB, el archivo de configuraci\u00f3n correspondiente, controladores USB para Windows y un documento de instrucciones. Esta utilidad facilita el proceso de comprobaci\u00f3n de los cajones de efectivo conectados a trav\u00e9s de USB y permite la apertura de los cajones, as\u00ed como la supervisi\u00f3n del estado de apertura\/cierre del caj\u00f3n. Seleccione la descarga adecuada para su tipo de dispositivo:<\/p>\n\n\n\n<p><a href=\"\/wp-content\/uploads\/2023\/05\/PROG0077.zip\">USB Interno<\/a><br><a href=\"https:\/\/apgsolutions.com\/wp-content\/uploads\/2023\/05\/PROG0061.zip\">UMI-USB<\/a><\/p>\n\n\n\n<h2 class=\"wp-block-heading\" id=\"h-utilidad-de-comprobaci-n-y-controladores-opos\">Utilidad de Comprobaci\u00f3n y Controladores OPOS<\/h2>\n\n\n\n<p>Las siguientes descargas contienen los controladores OPOS y la utilidad de comprobaci\u00f3n de Cash Bases (solo para Windows) para cajones USB internos y m\u00f3dulos UMI a USB, los objetos de control com\u00fan OPOS necesarios y un documento de instrucciones. Estos controladores permiten la apertura de los cajones y la supervisi\u00f3n del estado abierto\/cerrado del caj\u00f3n a trav\u00e9s del est\u00e1ndar OPOS. La utilidad incluida facilita la comprobaci\u00f3n del controlador. Seleccione la descarga adecuada para su tipo de dispositivo:<\/p>\n\n\n\n<p><a href=\"\/wp-content\/uploads\/2023\/05\/PROG0121-rev-A-USB-OPOS-Driver-for-Windows.zip\">Controlador OPOS con USB Interno <\/a><br><a href=\"https:\/\/apgsolutions.com\/wp-content\/uploads\/2023\/05\/PROG0078-rev-B-UMI-OPOS-Driver-for-Windows.zip\">Controlador OPOS con UMI-USB<\/a><\/p>\n\n\n\n<hr class=\"wp-block-separator has-alpha-channel-opacity\"\/>\n\n\n\n<p>Los controladores USB de Cajones de Efectivo de otros sistemas operativos est\u00e1n disponibles aqu\u00ed: <a href=\"http:\/\/www.ftdichip.com\/FTDrivers.htm\" target=\"_blank\" rel=\"noreferrer noopener\">http:\/\/www.ftdichip.com\/FTDrivers.htm<\/a><\/p>\n\n\n\n<p>Para obtener asistencia t\u00e9cnica, p\u00f3ngase en contacto con: <a href=\"mailto:sales.na@apgsolutions.com\">sales.na@apgsolutions.com<\/a> y <a href=\"mailto:sales.eu@apgsolutions.com\">sales.eu@apgsolutions.com<\/a><\/p>\n","protected":false},"excerpt":{"rendered":"<p>Utilidad de Comprobaci\u00f3n y Controladores USB Las siguientes descargas contienen la utilidad de comprobaci\u00f3n USB de cajones de efectivo de Cash Bases (solo para Windows) para cajones USB internos y m\u00f3dulos UMI a USB, el archivo de configuraci\u00f3n correspondiente, controladores USB para Windows y un documento de instrucciones. Esta utilidad facilita el proceso de comprobaci\u00f3n [&hellip;]<\/p>\n","protected":false},"author":4,"featured_media":0,"parent":0,"menu_order":0,"comment_status":"closed","ping_status":"closed","template":"","meta":{"_acf_changed":false,"content-type":"","footnotes":""},"class_list":["post-64729","page","type-page","status-publish"],"yoast_head":"<!-- This site is optimized with the Yoast SEO Premium plugin v23.5 (Yoast SEO v27.2) - https:\/\/yoast.com\/product\/yoast-seo-premium-wordpress\/ -->\n<title>Controladores USB europeos | Soluciones apg<\/title>\n<meta name=\"description\" content=\"Utilidad de comprobaci\u00f3n de cajones portamonedas USB (s\u00f3lo Windows) para cajones USB internos y m\u00f3dulos UMI a USB y otros.\" \/>\n<meta name=\"robots\" content=\"index, follow, max-snippet:-1, max-image-preview:large, max-video-preview:-1\" \/>\n<link rel=\"canonical\" href=\"https:\/\/apgsolutions.com\/es\/utilidad-de-comprobacion\/\" \/>\n<meta property=\"og:locale\" content=\"es_ES\" \/>\n<meta property=\"og:type\" content=\"article\" \/>\n<meta property=\"og:title\" content=\"Controladores USB europeos | Soluciones apg\" \/>\n<meta property=\"og:description\" content=\"Utilidad de comprobaci\u00f3n de cajones portamonedas USB (s\u00f3lo Windows) para cajones USB internos y m\u00f3dulos UMI a USB y otros.\" \/>\n<meta property=\"og:url\" content=\"https:\/\/apgsolutions.com\/es\/utilidad-de-comprobacion\/\" \/>\n<meta property=\"og:site_name\" content=\"apg\u00ae Solutions\" \/>\n<meta property=\"article:publisher\" content=\"https:\/\/www.facebook.com\/apgglobalsolutions\" \/>\n<meta property=\"article:modified_time\" content=\"2026-01-22T14:46:04+00:00\" \/>\n<meta name=\"twitter:card\" content=\"summary_large_image\" \/>\n<meta name=\"twitter:site\" content=\"@apg_solutions\" \/>\n<meta name=\"twitter:label1\" content=\"Tiempo de lectura\" \/>\n\t<meta name=\"twitter:data1\" content=\"1 minuto\" \/>\n<script type=\"application\/ld+json\" class=\"yoast-schema-graph\">{\"@context\":\"https:\/\/schema.org\",\"@graph\":[{\"@type\":\"WebPage\",\"@id\":\"https:\/\/apgsolutions.com\/es\/utilidad-de-comprobacion\/\",\"url\":\"https:\/\/apgsolutions.com\/es\/utilidad-de-comprobacion\/\",\"name\":\"Controladores USB europeos | Soluciones apg\",\"isPartOf\":{\"@id\":\"https:\/\/apgsolutions.com\/es\/#website\"},\"datePublished\":\"2023-06-16T20:30:48+00:00\",\"dateModified\":\"2026-01-22T14:46:04+00:00\",\"description\":\"Utilidad de comprobaci\u00f3n de cajones portamonedas USB (s\u00f3lo Windows) para cajones USB internos y m\u00f3dulos UMI a USB y otros.\",\"inLanguage\":\"es\",\"potentialAction\":[{\"@type\":\"ReadAction\",\"target\":[\"https:\/\/apgsolutions.com\/es\/utilidad-de-comprobacion\/\"]}]},{\"@type\":\"WebSite\",\"@id\":\"https:\/\/apgsolutions.com\/es\/#website\",\"url\":\"https:\/\/apgsolutions.com\/es\/\",\"name\":\"APG Solutions, LLC\",\"description\":\"Trust at every point.\",\"publisher\":{\"@id\":\"https:\/\/apgsolutions.com\/es\/#organization\"},\"potentialAction\":[{\"@type\":\"SearchAction\",\"target\":{\"@type\":\"EntryPoint\",\"urlTemplate\":\"https:\/\/apgsolutions.com\/es\/?s={search_term_string}\"},\"query-input\":{\"@type\":\"PropertyValueSpecification\",\"valueRequired\":true,\"valueName\":\"search_term_string\"}}],\"inLanguage\":\"es\"},{\"@type\":\"Organization\",\"@id\":\"https:\/\/apgsolutions.com\/es\/#organization\",\"name\":\"APG Solution, LLC\",\"url\":\"https:\/\/apgsolutions.com\/es\/\",\"logo\":{\"@type\":\"ImageObject\",\"inLanguage\":\"es\",\"@id\":\"https:\/\/apgsolutions.com\/es\/#\/schema\/logo\/image\/\",\"url\":\"https:\/\/apgsolutions.com\/wp-content\/uploads\/2023\/12\/logomark-color.svg\",\"contentUrl\":\"https:\/\/apgsolutions.com\/wp-content\/uploads\/2023\/12\/logomark-color.svg\",\"width\":141,\"height\":138,\"caption\":\"APG Solution, LLC\"},\"image\":{\"@id\":\"https:\/\/apgsolutions.com\/es\/#\/schema\/logo\/image\/\"},\"sameAs\":[\"https:\/\/www.facebook.com\/apgglobalsolutions\",\"https:\/\/x.com\/apg_solutions\",\"https:\/\/www.youtube.com\/c\/CashManagementGlobalSolutionsbyapg\",\"https:\/\/www.linkedin.com\/company\/apgglobalsolutions\/\",\"https:\/\/www.instagram.com\/apgglobalsolutions\/\",\"https:\/\/www.pinterest.com\/apgcashdrawer\/\"]}]}<\/script>\n<!-- \/ Yoast SEO Premium plugin. -->","yoast_head_json":{"title":"Controladores USB europeos | Soluciones apg","description":"Utilidad de comprobaci\u00f3n de cajones portamonedas USB (s\u00f3lo Windows) para cajones USB internos y m\u00f3dulos UMI a USB y otros.","robots":{"index":"index","follow":"follow","max-snippet":"max-snippet:-1","max-image-preview":"max-image-preview:large","max-video-preview":"max-video-preview:-1"},"canonical":"https:\/\/apgsolutions.com\/es\/utilidad-de-comprobacion\/","og_locale":"es_ES","og_type":"article","og_title":"Controladores USB europeos | Soluciones apg","og_description":"Utilidad de comprobaci\u00f3n de cajones portamonedas USB (s\u00f3lo Windows) para cajones USB internos y m\u00f3dulos UMI a USB y otros.","og_url":"https:\/\/apgsolutions.com\/es\/utilidad-de-comprobacion\/","og_site_name":"apg\u00ae Solutions","article_publisher":"https:\/\/www.facebook.com\/apgglobalsolutions","article_modified_time":"2026-01-22T14:46:04+00:00","twitter_card":"summary_large_image","twitter_site":"@apg_solutions","twitter_misc":{"Tiempo de lectura":"1 minuto"},"schema":{"@context":"https:\/\/schema.org","@graph":[{"@type":"WebPage","@id":"https:\/\/apgsolutions.com\/es\/utilidad-de-comprobacion\/","url":"https:\/\/apgsolutions.com\/es\/utilidad-de-comprobacion\/","name":"Controladores USB europeos | Soluciones apg","isPartOf":{"@id":"https:\/\/apgsolutions.com\/es\/#website"},"datePublished":"2023-06-16T20:30:48+00:00","dateModified":"2026-01-22T14:46:04+00:00","description":"Utilidad de comprobaci\u00f3n de cajones portamonedas USB (s\u00f3lo Windows) para cajones USB internos y m\u00f3dulos UMI a USB y otros.","inLanguage":"es","potentialAction":[{"@type":"ReadAction","target":["https:\/\/apgsolutions.com\/es\/utilidad-de-comprobacion\/"]}]},{"@type":"WebSite","@id":"https:\/\/apgsolutions.com\/es\/#website","url":"https:\/\/apgsolutions.com\/es\/","name":"APG Solutions, LLC","description":"Trust at every point.","publisher":{"@id":"https:\/\/apgsolutions.com\/es\/#organization"},"potentialAction":[{"@type":"SearchAction","target":{"@type":"EntryPoint","urlTemplate":"https:\/\/apgsolutions.com\/es\/?s={search_term_string}"},"query-input":{"@type":"PropertyValueSpecification","valueRequired":true,"valueName":"search_term_string"}}],"inLanguage":"es"},{"@type":"Organization","@id":"https:\/\/apgsolutions.com\/es\/#organization","name":"APG Solution, LLC","url":"https:\/\/apgsolutions.com\/es\/","logo":{"@type":"ImageObject","inLanguage":"es","@id":"https:\/\/apgsolutions.com\/es\/#\/schema\/logo\/image\/","url":"https:\/\/apgsolutions.com\/wp-content\/uploads\/2023\/12\/logomark-color.svg","contentUrl":"https:\/\/apgsolutions.com\/wp-content\/uploads\/2023\/12\/logomark-color.svg","width":141,"height":138,"caption":"APG Solution, LLC"},"image":{"@id":"https:\/\/apgsolutions.com\/es\/#\/schema\/logo\/image\/"},"sameAs":["https:\/\/www.facebook.com\/apgglobalsolutions","https:\/\/x.com\/apg_solutions","https:\/\/www.youtube.com\/c\/CashManagementGlobalSolutionsbyapg","https:\/\/www.linkedin.com\/company\/apgglobalsolutions\/","https:\/\/www.instagram.com\/apgglobalsolutions\/","https:\/\/www.pinterest.com\/apgcashdrawer\/"]}]}},"acf":[],"_links":{"self":[{"href":"https:\/\/apgsolutions.com\/es\/wp-json\/wp\/v2\/pages\/64729","targetHints":{"allow":["GET"]}}],"collection":[{"href":"https:\/\/apgsolutions.com\/es\/wp-json\/wp\/v2\/pages"}],"about":[{"href":"https:\/\/apgsolutions.com\/es\/wp-json\/wp\/v2\/types\/page"}],"author":[{"embeddable":true,"href":"https:\/\/apgsolutions.com\/es\/wp-json\/wp\/v2\/users\/4"}],"replies":[{"embeddable":true,"href":"https:\/\/apgsolutions.com\/es\/wp-json\/wp\/v2\/comments?post=64729"}],"version-history":[{"count":1,"href":"https:\/\/apgsolutions.com\/es\/wp-json\/wp\/v2\/pages\/64729\/revisions"}],"predecessor-version":[{"id":98472,"href":"https:\/\/apgsolutions.com\/es\/wp-json\/wp\/v2\/pages\/64729\/revisions\/98472"}],"wp:attachment":[{"href":"https:\/\/apgsolutions.com\/es\/wp-json\/wp\/v2\/media?parent=64729"}],"curies":[{"name":"wp","href":"https:\/\/api.w.org\/{rel}","templated":true}]}}