{"id":65585,"date":"2023-06-19T16:31:42","date_gmt":"2023-06-19T16:31:42","guid":{"rendered":"https:\/\/apgsolutions.com\/politica-de-privacidad\/"},"modified":"2026-01-22T14:41:17","modified_gmt":"2026-01-22T14:41:17","slug":"politica-de-privacidad","status":"publish","type":"page","link":"https:\/\/apgsolutions.com\/es\/politica-de-privacidad\/","title":{"rendered":"Pol\u00edtica de privacidad"},"content":{"rendered":"<div class=\"section_page-header \">\n    <img decoding=\"async\" class=\"header-image\" src=\"https:\/\/apgsolutions.com\/wp-content\/uploads\/2023\/04\/dark-blue-rotated.jpg\" alt=\"dark-blue\" title=\"dark-blue\">\n            <div class=\"header-content\">\n            <h1>Privacy Policy<\/h1>\n        <\/div>\n    <\/div>\n\n\n<p>APG Cash Drawer, LLC mantiene el firme compromiso de garantizar la protecci\u00f3n de los datos personales que nos conf\u00eda. En caso de que le solicitemos que nos proporcione determinada informaci\u00f3n a trav\u00e9s de la cual usted podr\u00eda ser identificado durante el uso de este sitio web, le garantizamos que solo ser\u00e1 utilizada de conformidad con lo establecido en esta declaraci\u00f3n de privacidad. <\/p>\n\n\n\n<h2 class=\"wp-block-heading\" id=\"h-qu-informaci-n-recopilamos\">\u00bfQu\u00e9 informaci\u00f3n recopilamos?<\/h2>\n\n\n\n<p>Si usted nos solicita o nos env\u00eda informaci\u00f3n, ya sea por correo electr\u00f3nico o rellenando un formulario de nuestro sitio web, podemos recopilar la siguiente informaci\u00f3n personal: <\/p>\n\n\n\n<ul class=\"wp-block-list\">\n<li>Nombre y apellidos<\/li>\n\n\n\n<li>Datos relevantes de su empresa<\/li>\n\n\n\n<li>Datos de contacto, incluido el correo electr\u00f3nico<\/li>\n\n\n\n<li>Informaci\u00f3n demogr\u00e1fica, como la localidad o el pa\u00eds<\/li>\n\n\n\n<li>Direcci\u00f3n de env\u00edo o facturaci\u00f3n<\/li>\n\n\n\n<li>Otros datos relevantes que permitan a APG Cash Drawer ponerse en contacto con usted<\/li>\n<\/ul>\n\n\n\n<h2 class=\"wp-block-heading\" id=\"h-para-qu-usamos-su-informaci-n\">\u00bfPara qu\u00e9 usamos su informaci\u00f3n?<\/h2>\n\n\n\n<p>Podemos usar esta informaci\u00f3n para ponernos en contacto con usted en el futuro por correo postal, correo electr\u00f3nico o tel\u00e9fono a fin de informarle sobre los productos y servicios de APG Cash Drawer. No venderemos a ning\u00fan tercero la informaci\u00f3n que nos conf\u00ede.<\/p>\n\n\n\n<p>Le solicitamos esta informaci\u00f3n para comprender sus necesidades y proporcionarle un mejor servicio atendiendo a los siguientes motivos:<\/p>\n\n\n\n<ul class=\"wp-block-list\">\n<li>Mantenimiento de un registro interno<\/li>\n\n\n\n<li>Mejora de nuestros productos y servicios<\/li>\n\n\n\n<li>Env\u00edo peri\u00f3dico de correos electr\u00f3nicos sobre nuevos productos, ferias comerciales, seminarios web, boletines informativos u otra informaci\u00f3n que consideremos pueda interesarle, a trav\u00e9s del correo electr\u00f3nico que nos ha proporcionado<\/li>\n\n\n\n<li>Tramitaci\u00f3n de sus solicitudes, como programaci\u00f3n de una reuni\u00f3n o entrega de un producto<\/li>\n\n\n\n<li>Invitaciones a actos y ferias comerciales<\/li>\n\n\n\n<li>Solicitud de su opini\u00f3n sobre los productos y servicios de APG<\/li>\n<\/ul>\n\n\n\n<h2 class=\"wp-block-heading\" id=\"h-c-mo-protegemos-su-informaci-n\">\u00bfC\u00f3mo protegemos su informaci\u00f3n?<\/h2>\n\n\n\n<p>APG Cash Drawer utiliza diversas medidas para garantizar la seguridad de su informaci\u00f3n personal cuando realizamos el tratamiento de los datos.<\/p>\n\n\n\n<h2 class=\"wp-block-heading\" id=\"h-cookies\">Cookies<\/h2>\n\n\n\n<p>Como apreciado usuario del sitio web de APG Cash Drawer, queremos que usted conozca todas las cuestiones relativas a su privacidad y la forma en que le afectan las cookies. Adem\u00e1s, deseamos que su experiencia con el uso de este sitio web sea inmejorable. Consulte nuestra <a href=\"https:\/\/apgsolutions.com\/es\/politica-de-cookies\/\">Pol\u00edtica de cookies<\/a> para informarse con m\u00e1s detalle de las cookies que se <a href=\"https:\/\/apgsolutions.com\/\"><\/a><a href=\"https:\/\/apgsolutions.com\/\"><\/a>utilizan en <a href=\"https:\/\/apgsolutions.com\/\">www.apgsolutions.com<\/a>.<\/p>\n\n\n\n<h2 class=\"wp-block-heading\" id=\"h-privacidad-de-menores\">Privacidad de menores<\/h2>\n\n\n\n<p>APG Cash Drawer, LLC no recopila ni usa de forma consciente datos personales de menores de 13 a\u00f1os. Este sitio web no est\u00e1 dirigido a menores. <\/p>\n\n\n\n<h2 class=\"wp-block-heading\" id=\"h-revelamos-informaci-n-a-terceros-externos\">\u00bfRevelamos informaci\u00f3n a terceros externos?<\/h2>\n\n\n\n<p>APG Cash Drawer, LLC no vende, comercializa ni, de ninguna otra forma, cede su informaci\u00f3n personal a terceros externos. Lo anterior no se aplica a terceros de confianza que nos ayuden a gestionar nuestro sitio web, llevar a cabo nuestras actividades o prestarle servicio, siempre y cuando dichos terceros se comprometan a mantener esta informaci\u00f3n de manera confidencial. Asimismo, es posible que revelemos su informaci\u00f3n si lo consideramos adecuado para cumplir la ley o las pol\u00edticas de nuestro sitio web, o para proteger nuestros derechos, bienes o seguridad o los de otras personas o entidades.<\/p>\n\n\n\n<h2 class=\"wp-block-heading\" id=\"h-enlaces-de-terceros\">Enlaces de terceros<\/h2>\n\n\n\n<p>El sitio web de APG Cash Drawer puede contener enlaces que permitan visitar otros sitios web de inter\u00e9s. Si decide utilizar estos enlaces, debe ser consciente de que, al abandonar el sitio web de APG Cash Drawer, no tenemos ning\u00fan control sobre el sitio que va a visitar. Por consiguiente, APG Cash Drawer no puede hacerse responsable de la protecci\u00f3n ni de la privacidad de la informaci\u00f3n que usted pueda proporcionar durante la visita a dichos sitios, dado que no se rigen por esta declaraci\u00f3n de privacidad. Deber\u00eda ser prudente y leer la declaraci\u00f3n de privacidad aplicable al sitio web que decide visitar.<\/p>\n\n\n\n<h2 class=\"wp-block-heading\" id=\"h-control-de-sus-datos-personales\">Control de sus datos personales<\/h2>\n\n\n\n<p>Realizamos el tratamiento de su informaci\u00f3n atendiendo a nuestros intereses leg\u00edtimos. Si no desea que nos pongamos en contacto con usted en el futuro, puede darse de baja de este servicio en cualquier momento. Puede realizar lo siguiente poni\u00e9ndose en contacto con nosotros en el correo electr\u00f3nico <a href=\"mailto:marketing.na@apgsolutions.com\">marketing.na@apgsolutions.com<\/a> y <a href=\"mailto:marketing.eu@apgsolutions.com\">marketing.eu@apgsolutions.com<\/a>:<\/p>\n\n\n\n<ul class=\"wp-block-list\">\n<li>Consultar los datos que tenemos sobre usted, si corresponde.<\/li>\n\n\n\n<li>Cambiar o corregir los datos que tenemos sobre usted.<\/li>\n\n\n\n<li>Comunicarnos cualquier inquietud que pueda tener sobre el uso que hacemos de sus datos.<\/li>\n<\/ul>\n\n\n\n<p>No venderemos a terceros ni comerciaremos con su informaci\u00f3n personal, a menos que contemos con su permiso o nos lo exija la ley.<\/p>\n\n\n\n<h2 class=\"wp-block-heading\" id=\"h-consentimiento-y-conformidad\">Consentimiento y conformidad<\/h2>\n\n\n\n<p>El uso del sitio web de APG Cash Drawer implica su conformidad con las condiciones establecidas en la presente Pol\u00edtica de privacidad. Si no est\u00e1 de acuerdo con estas condiciones, le pedimos que no revele ning\u00fan dato personal en el sitio web de APG Cash Drawer. APG Cash Drawer, LLC puede modificar cada cierto tiempo la presente Pol\u00edtica de privacidad actualizando esta p\u00e1gina. Por ello, le aconsejamos que consulte esta p\u00e1gina de forma peri\u00f3dica para garantizar su conformidad con las modificaciones que podamos realizar. Esta pol\u00edtica ha sido revisada con fecha 9 de mayo de 2018.<\/p>\n\n\n\n<h2 class=\"wp-block-heading\" id=\"h-contacto\">Contacto<\/h2>\n\n\n\n<p>Si desea realizar alguna consulta o sugerencia sobre nuestra Pol\u00edtica de privacidad, p\u00f3ngase en contacto con nosotros en el correo electr\u00f3nico <a href=\"mailto:marketing.na@apgsolutions.com\">marketing.na@apgsolutions.com<\/a> y <a href=\"mailto:marketing.eu@apgsolutions.com\">marketing.eu@apgsolutions.com<\/a>.<\/p>\n","protected":false},"excerpt":{"rendered":"<p>APG Cash Drawer, LLC mantiene el firme compromiso de garantizar la protecci\u00f3n de los datos personales que nos conf\u00eda. En caso de que le solicitemos que nos proporcione determinada informaci\u00f3n a trav\u00e9s de la cual usted podr\u00eda ser identificado durante el uso de este sitio web, le garantizamos que solo ser\u00e1 utilizada de conformidad con [&hellip;]<\/p>\n","protected":false},"author":1,"featured_media":0,"parent":0,"menu_order":0,"comment_status":"closed","ping_status":"closed","template":"","meta":{"_acf_changed":false,"content-type":"","footnotes":""},"class_list":["post-65585","page","type-page","status-publish"],"yoast_head":"<!-- This site is optimized with the Yoast SEO Premium plugin v23.5 (Yoast SEO v27.2) - https:\/\/yoast.com\/product\/yoast-seo-premium-wordpress\/ -->\n<title>Pol\u00edtica de privacidad | Soluciones apg<\/title>\n<meta name=\"description\" content=\"APG Cash Drawer, LLC mantiene el firme compromiso de garantizar la protecci\u00f3n de los datos personales que nos conf\u00eda. En caso de que le solicitemos que nos proporcione determinada informaci\u00f3n a trav\u00e9s de la cual usted podr\u00eda ser identificado durante el uso de este sitio web, le garantizamos que solo ser\u00e1 utilizada de conformidad con lo establecido en esta declaraci\u00f3n de privacidad.\" \/>\n<meta name=\"robots\" content=\"index, follow, max-snippet:-1, max-image-preview:large, max-video-preview:-1\" \/>\n<link rel=\"canonical\" href=\"https:\/\/apgsolutions.com\/es\/politica-de-privacidad\/\" \/>\n<meta property=\"og:locale\" content=\"es_ES\" \/>\n<meta property=\"og:type\" content=\"article\" \/>\n<meta property=\"og:title\" content=\"Pol\u00edtica de privacidad | Soluciones apg\" \/>\n<meta property=\"og:description\" content=\"APG Cash Drawer, LLC mantiene el firme compromiso de garantizar la protecci\u00f3n de los datos personales que nos conf\u00eda. En caso de que le solicitemos que nos proporcione determinada informaci\u00f3n a trav\u00e9s de la cual usted podr\u00eda ser identificado durante el uso de este sitio web, le garantizamos que solo ser\u00e1 utilizada de conformidad con lo establecido en esta declaraci\u00f3n de privacidad.\" \/>\n<meta property=\"og:url\" content=\"https:\/\/apgsolutions.com\/es\/politica-de-privacidad\/\" \/>\n<meta property=\"og:site_name\" content=\"apg\u00ae Solutions\" \/>\n<meta property=\"article:publisher\" content=\"https:\/\/www.facebook.com\/apgglobalsolutions\" \/>\n<meta property=\"article:modified_time\" content=\"2026-01-22T14:41:17+00:00\" \/>\n<meta name=\"twitter:card\" content=\"summary_large_image\" \/>\n<meta name=\"twitter:site\" content=\"@apg_solutions\" \/>\n<meta name=\"twitter:label1\" content=\"Tiempo de lectura\" \/>\n\t<meta name=\"twitter:data1\" content=\"4 minutos\" \/>\n<script type=\"application\/ld+json\" class=\"yoast-schema-graph\">{\"@context\":\"https:\/\/schema.org\",\"@graph\":[{\"@type\":\"WebPage\",\"@id\":\"https:\/\/apgsolutions.com\/es\/politica-de-privacidad\/\",\"url\":\"https:\/\/apgsolutions.com\/es\/politica-de-privacidad\/\",\"name\":\"Pol\u00edtica de privacidad | Soluciones apg\",\"isPartOf\":{\"@id\":\"https:\/\/apgsolutions.com\/es\/#website\"},\"datePublished\":\"2023-06-19T16:31:42+00:00\",\"dateModified\":\"2026-01-22T14:41:17+00:00\",\"description\":\"APG Cash Drawer, LLC mantiene el firme compromiso de garantizar la protecci\u00f3n de los datos personales que nos conf\u00eda. En caso de que le solicitemos que nos proporcione determinada informaci\u00f3n a trav\u00e9s de la cual usted podr\u00eda ser identificado durante el uso de este sitio web, le garantizamos que solo ser\u00e1 utilizada de conformidad con lo establecido en esta declaraci\u00f3n de privacidad.\",\"inLanguage\":\"es\",\"potentialAction\":[{\"@type\":\"ReadAction\",\"target\":[\"https:\/\/apgsolutions.com\/es\/politica-de-privacidad\/\"]}]},{\"@type\":\"WebSite\",\"@id\":\"https:\/\/apgsolutions.com\/es\/#website\",\"url\":\"https:\/\/apgsolutions.com\/es\/\",\"name\":\"APG Solutions, LLC\",\"description\":\"Trust at every point.\",\"publisher\":{\"@id\":\"https:\/\/apgsolutions.com\/es\/#organization\"},\"potentialAction\":[{\"@type\":\"SearchAction\",\"target\":{\"@type\":\"EntryPoint\",\"urlTemplate\":\"https:\/\/apgsolutions.com\/es\/?s={search_term_string}\"},\"query-input\":{\"@type\":\"PropertyValueSpecification\",\"valueRequired\":true,\"valueName\":\"search_term_string\"}}],\"inLanguage\":\"es\"},{\"@type\":\"Organization\",\"@id\":\"https:\/\/apgsolutions.com\/es\/#organization\",\"name\":\"APG Solution, LLC\",\"url\":\"https:\/\/apgsolutions.com\/es\/\",\"logo\":{\"@type\":\"ImageObject\",\"inLanguage\":\"es\",\"@id\":\"https:\/\/apgsolutions.com\/es\/#\/schema\/logo\/image\/\",\"url\":\"https:\/\/apgsolutions.com\/wp-content\/uploads\/2023\/12\/logomark-color.svg\",\"contentUrl\":\"https:\/\/apgsolutions.com\/wp-content\/uploads\/2023\/12\/logomark-color.svg\",\"width\":141,\"height\":138,\"caption\":\"APG Solution, LLC\"},\"image\":{\"@id\":\"https:\/\/apgsolutions.com\/es\/#\/schema\/logo\/image\/\"},\"sameAs\":[\"https:\/\/www.facebook.com\/apgglobalsolutions\",\"https:\/\/x.com\/apg_solutions\",\"https:\/\/www.youtube.com\/c\/CashManagementGlobalSolutionsbyapg\",\"https:\/\/www.linkedin.com\/company\/apgglobalsolutions\/\",\"https:\/\/www.instagram.com\/apgglobalsolutions\/\",\"https:\/\/www.pinterest.com\/apgcashdrawer\/\"]}]}<\/script>\n<!-- \/ Yoast SEO Premium plugin. -->","yoast_head_json":{"title":"Pol\u00edtica de privacidad | Soluciones apg","description":"APG Cash Drawer, LLC mantiene el firme compromiso de garantizar la protecci\u00f3n de los datos personales que nos conf\u00eda. En caso de que le solicitemos que nos proporcione determinada informaci\u00f3n a trav\u00e9s de la cual usted podr\u00eda ser identificado durante el uso de este sitio web, le garantizamos que solo ser\u00e1 utilizada de conformidad con lo establecido en esta declaraci\u00f3n de privacidad.","robots":{"index":"index","follow":"follow","max-snippet":"max-snippet:-1","max-image-preview":"max-image-preview:large","max-video-preview":"max-video-preview:-1"},"canonical":"https:\/\/apgsolutions.com\/es\/politica-de-privacidad\/","og_locale":"es_ES","og_type":"article","og_title":"Pol\u00edtica de privacidad | Soluciones apg","og_description":"APG Cash Drawer, LLC mantiene el firme compromiso de garantizar la protecci\u00f3n de los datos personales que nos conf\u00eda. En caso de que le solicitemos que nos proporcione determinada informaci\u00f3n a trav\u00e9s de la cual usted podr\u00eda ser identificado durante el uso de este sitio web, le garantizamos que solo ser\u00e1 utilizada de conformidad con lo establecido en esta declaraci\u00f3n de privacidad.","og_url":"https:\/\/apgsolutions.com\/es\/politica-de-privacidad\/","og_site_name":"apg\u00ae Solutions","article_publisher":"https:\/\/www.facebook.com\/apgglobalsolutions","article_modified_time":"2026-01-22T14:41:17+00:00","twitter_card":"summary_large_image","twitter_site":"@apg_solutions","twitter_misc":{"Tiempo de lectura":"4 minutos"},"schema":{"@context":"https:\/\/schema.org","@graph":[{"@type":"WebPage","@id":"https:\/\/apgsolutions.com\/es\/politica-de-privacidad\/","url":"https:\/\/apgsolutions.com\/es\/politica-de-privacidad\/","name":"Pol\u00edtica de privacidad | Soluciones apg","isPartOf":{"@id":"https:\/\/apgsolutions.com\/es\/#website"},"datePublished":"2023-06-19T16:31:42+00:00","dateModified":"2026-01-22T14:41:17+00:00","description":"APG Cash Drawer, LLC mantiene el firme compromiso de garantizar la protecci\u00f3n de los datos personales que nos conf\u00eda. En caso de que le solicitemos que nos proporcione determinada informaci\u00f3n a trav\u00e9s de la cual usted podr\u00eda ser identificado durante el uso de este sitio web, le garantizamos que solo ser\u00e1 utilizada de conformidad con lo establecido en esta declaraci\u00f3n de privacidad.","inLanguage":"es","potentialAction":[{"@type":"ReadAction","target":["https:\/\/apgsolutions.com\/es\/politica-de-privacidad\/"]}]},{"@type":"WebSite","@id":"https:\/\/apgsolutions.com\/es\/#website","url":"https:\/\/apgsolutions.com\/es\/","name":"APG Solutions, LLC","description":"Trust at every point.","publisher":{"@id":"https:\/\/apgsolutions.com\/es\/#organization"},"potentialAction":[{"@type":"SearchAction","target":{"@type":"EntryPoint","urlTemplate":"https:\/\/apgsolutions.com\/es\/?s={search_term_string}"},"query-input":{"@type":"PropertyValueSpecification","valueRequired":true,"valueName":"search_term_string"}}],"inLanguage":"es"},{"@type":"Organization","@id":"https:\/\/apgsolutions.com\/es\/#organization","name":"APG Solution, LLC","url":"https:\/\/apgsolutions.com\/es\/","logo":{"@type":"ImageObject","inLanguage":"es","@id":"https:\/\/apgsolutions.com\/es\/#\/schema\/logo\/image\/","url":"https:\/\/apgsolutions.com\/wp-content\/uploads\/2023\/12\/logomark-color.svg","contentUrl":"https:\/\/apgsolutions.com\/wp-content\/uploads\/2023\/12\/logomark-color.svg","width":141,"height":138,"caption":"APG Solution, LLC"},"image":{"@id":"https:\/\/apgsolutions.com\/es\/#\/schema\/logo\/image\/"},"sameAs":["https:\/\/www.facebook.com\/apgglobalsolutions","https:\/\/x.com\/apg_solutions","https:\/\/www.youtube.com\/c\/CashManagementGlobalSolutionsbyapg","https:\/\/www.linkedin.com\/company\/apgglobalsolutions\/","https:\/\/www.instagram.com\/apgglobalsolutions\/","https:\/\/www.pinterest.com\/apgcashdrawer\/"]}]}},"acf":[],"_links":{"self":[{"href":"https:\/\/apgsolutions.com\/es\/wp-json\/wp\/v2\/pages\/65585","targetHints":{"allow":["GET"]}}],"collection":[{"href":"https:\/\/apgsolutions.com\/es\/wp-json\/wp\/v2\/pages"}],"about":[{"href":"https:\/\/apgsolutions.com\/es\/wp-json\/wp\/v2\/types\/page"}],"author":[{"embeddable":true,"href":"https:\/\/apgsolutions.com\/es\/wp-json\/wp\/v2\/users\/1"}],"replies":[{"embeddable":true,"href":"https:\/\/apgsolutions.com\/es\/wp-json\/wp\/v2\/comments?post=65585"}],"version-history":[{"count":1,"href":"https:\/\/apgsolutions.com\/es\/wp-json\/wp\/v2\/pages\/65585\/revisions"}],"predecessor-version":[{"id":98337,"href":"https:\/\/apgsolutions.com\/es\/wp-json\/wp\/v2\/pages\/65585\/revisions\/98337"}],"wp:attachment":[{"href":"https:\/\/apgsolutions.com\/es\/wp-json\/wp\/v2\/media?parent=65585"}],"curies":[{"name":"wp","href":"https:\/\/api.w.org\/{rel}","templated":true}]}}