{"id":65590,"date":"2023-06-19T17:03:42","date_gmt":"2023-06-19T17:03:42","guid":{"rendered":"https:\/\/apgsolutions.com\/politica-de-cookies\/"},"modified":"2025-10-14T04:17:38","modified_gmt":"2025-10-14T04:17:38","slug":"politica-de-cookies","status":"publish","type":"page","link":"https:\/\/apgsolutions.com\/es\/politica-de-cookies\/","title":{"rendered":"Pol\u00ed\u00adtica de cookies"},"content":{"rendered":"<div class=\"section_page-header \">\n    <img decoding=\"async\" class=\"header-image\" src=\"https:\/\/apgsolutions.com\/wp-content\/uploads\/2023\/04\/dark-blue-rotated.jpg\" alt=\"dark-blue\" title=\"dark-blue\">\n            <div class=\"header-content\">\n            <h1>Pol\u00ed\u00adtica de cookies<\/h1>\n        <\/div>\n    <\/div>\n\n\n<p>Como apreciado usuario del sitio web de APG Cash Drawer, queremos que usted conozca todas las cuestiones relativas a su privacidad y la forma en que le afectan las cookies. Adem\u00e1s, deseamos que su experiencia con el uso de este sitio web sea inmejorable. Si desea informarse de la <a href=\"https:\/\/apgsolutions.com\/es\/politica-de-privacidad\/\">pol\u00edtica de privacidad<\/a> de APG Cash Drawer, consulte la p\u00e1gina correspondiente a dicha cuesti\u00f3n.<\/p>\n\n\n\n<h2 class=\"wp-block-heading\" id=\"h-qu-son-las-cookies\"><strong>\u00bfQu\u00e9 son las cookies?<\/strong><\/h2>\n\n\n\n<p>Las cookies son peque\u00f1os archivos que, en la mayor\u00eda de las ocasiones, piden permiso para instalarse en el disco duro de su ordenador. Si acepta, el archivo se a\u00f1ade para que la cookie pueda analizar el tr\u00e1fico web. Por ejemplo, las cookies pueden rastrear cu\u00e1ndo inicia sesi\u00f3n en un sitio web, visita determinadas p\u00e1ginas o pulsa en determinados botones que inician acciones. <\/p>\n\n\n\n<p>Las cookies no permiten en ning\u00fan caso el acceso a su ordenador ni a ninguna informaci\u00f3n suya distinta de los datos que ha decidido confiarnos. Usted tiene la posibilidad de aceptar o rechazar las cookies. La mayor\u00eda de los navegadores web las aceptan de forma autom\u00e1tica, aunque puede cambiar la configuraci\u00f3n del suyo si desea rechazarlas. <\/p>\n\n\n\n<h2 class=\"wp-block-heading\"><strong>\u00bfPara qu\u00e9 usamos cookies?<\/strong><\/h2>\n\n\n\n<p>APG Cash Drawer usa cookies para ofrecerle un mejor servicio web mediante el seguimiento de distintos aspectos relacionados con el sitio web o las campa\u00f1as de marketing. En el apartado siguiente puede informarse de todas las cookies que utilizamos para obtener valiosa informaci\u00f3n estad\u00edstica y de funcionamiento.<\/p>\n\n\n\n<h2 class=\"wp-block-heading\" id=\"h-las-cookies-que-utilizamos-son\">Las cookies que utilizamos son:<\/h2>\n\n\n\n<ul class=\"wp-block-list\">\n<li><em>Google Analytics<\/em>\n<ul class=\"wp-block-list\">\n<li>Los c\u00f3digos de seguimiento de Google Analytics nos ayudan a entender la forma en que se utiliza el sitio web a fin de mejorar la experiencia de usuario.<\/li>\n\n\n\n<li>Todos los datos de usuario son an\u00f3nimos. M\u00e1s informaci\u00f3n sobre la pol\u00edtica de Google en materia de protecci\u00f3n de datos como servicio de an\u00e1lisis y el uso de cookies en sitios web.<\/li>\n<\/ul>\n<\/li>\n\n\n\n<li><em>HubSpot<\/em>\n<ul class=\"wp-block-list\">\n<li>Los c\u00f3digos de seguimiento de HubSpot nos ayudan a comprobar el resultado de nuestras campa\u00f1as de marketing y el funcionamiento de nuestro sitio web. M\u00e1s informaci\u00f3n sobre el uso de cookies de HubSpot.<\/li>\n\n\n\n<li>Mediante los c\u00f3digos de seguimiento obtenemos informaci\u00f3n sobre:\n<ul class=\"wp-block-list\">\n<li>La forma en que nuestro sitio web genera tr\u00e1fico y oportunidades de venta.<\/li>\n\n\n\n<li>\u00c1reas donde podemos mejorar el tr\u00e1fico del sitio web y nuestras campa\u00f1as de marketing.<\/li>\n\n\n\n<li>Forma en que podemos materializar las actividades de marketing y las oportunidades de venta.<\/li>\n\n\n\n<li>Su navegador y sus preferencias.<\/li>\n<\/ul>\n<\/li>\n<\/ul>\n<\/li>\n\n\n\n<li><em>WooCommerce<\/em>\n<ul class=\"wp-block-list\">\n<li>Las cookies de WooCommerce se usan para realizar un seguimiento de los datos de los carros de compra de la tienda online de APG Cash Drawer. M\u00e1s informaci\u00f3n sobre las cookies de WooCommerce.<\/li>\n<\/ul>\n<\/li>\n<\/ul>\n\n\n\n<h2 class=\"wp-block-heading\" id=\"h-informaci-n-que-recopilamos-de-las-cookies\">Informaci\u00f3n que recopilamos de las cookies<\/h2>\n\n\n\n<p>APG Cash Drawer usa Google Analytics para conocer el uso que se hace del sitio web: la forma en que los usuarios llegan a \u00e9l, lo que hacen all\u00ed, el navegador que utilizan, el sistema operativo, etc. Sin embargo, estos datos anal\u00edticos, recopilados a trav\u00e9s de c\u00f3digos de seguimiento ubicados en las p\u00e1ginas de nuestro sitio web, no est\u00e1n vinculados a informaci\u00f3n personal identificable.<\/p>\n\n\n\n<p>El sitio web de APG tambi\u00e9n utiliza c\u00f3digos de seguimiento de HubSpot para rastrear a los visitantes de forma an\u00f3nima. Cuando un usuario cumple un formulario de HubSpot en el sitio web de APG Cash Drawer, su informaci\u00f3n personal se asocia a la actividad que haya realizado previamente en dicho sitio. Por ello, le informamos de que, si no desea revelar informaci\u00f3n personal suya, no debe enviar ning\u00fan dato a trav\u00e9s de los formularios de APG. M\u00e1s informaci\u00f3n sobre c\u00f3mo HubSpot realiza un seguimiento de los visitantes de p\u00e1ginas web.<\/p>\n\n\n\n<h2 class=\"wp-block-heading\" id=\"h-cookies-de-terceros\">Cookies de terceros<\/h2>\n\n\n\n<p>Con el objeto de ofrecerle una mejor experiencia de usuario, APG Cash Drawer incorpora en ocasiones fotograf\u00edas, v\u00eddeos y elementos similares alojados en servicios online de terceros, como YouTube. Por tanto, puede estar expuesto a las cookies de estos servicios cuando visite una p\u00e1gina de APG Cash Drawer que contenga este tipo de contenido.<\/p>\n\n\n\n<p>En el sitio web de APG Cash Drawer pueden usarse botones para \u00abcompartir\u00bb contenido. Estos botones permiten a los usuarios compartir contenido de forma sencilla con sus amigos a trav\u00e9s de diversas redes sociales. Al hacer clic en uno de estos botones, es posible que el servicio a trav\u00e9s del cual vaya a compartir el contenido configure una cookie.<\/p>\n\n\n\n<p>APG Cash Drawer no controla la distribuci\u00f3n de cookies de estos servicios online externos, por lo que le aconsejamos que consulte sus sitios web para informarse con m\u00e1s detalle.<\/p>\n\n\n\n<h2 class=\"wp-block-heading\" id=\"h-consentimiento-y-conformidad\">Consentimiento y conformidad<\/h2>\n\n\n\n<p>AL UTILIZAR NUESTRO SITIO WEB, ACEPTA LA PRESENTE POL\u00cdTICA DE COOKIES Y EL USO QUE HAGAMOS DE LAS COOKIES CONFORME A LO ESTABLECIDO EN ESTA POL\u00cdTICA. Si no est\u00e1 de acuerdo con estas condiciones, le pedimos que no revele ning\u00fan dato personal en el sitio web de APG Cash Drawer. APG Cash Drawer, LLC puede modificar cada cierto tiempo la presente Pol\u00edtica de cookies actualizando esta p\u00e1gina. Por ello, le aconsejamos que consulte esta p\u00e1gina de forma peri\u00f3dica para garantizar su conformidad con las modificaciones que podamos realizar. Esta pol\u00edtica ha sido revisada con fecha 9 de mayo de 2018.<\/p>\n\n\n\n<h2 class=\"wp-block-heading\" id=\"h-contacto\">Contacto<\/h2>\n\n\n\n<p>Si desea realizar alguna consulta sobre nuestra Pol\u00edtica de cookies, p\u00f3ngase en contacto con nosotros en el correo electr\u00f3nico <a href=\"mailto:marketing.na@apgsolutions.com\">marketing.na@apgsolutions.com<\/a> y <a href=\"mailto:marketing.eu@apgsolutions.com\">marketing.eu@apgsolutions.com<\/a>.<\/p>\n","protected":false},"excerpt":{"rendered":"<p>Como apreciado usuario del sitio web de APG Cash Drawer, queremos que usted conozca todas las cuestiones relativas a su privacidad y la forma en que le afectan las cookies. Adem\u00e1s, deseamos que su experiencia con el uso de este sitio web sea inmejorable. Si desea informarse de la pol\u00edtica de privacidad de APG Cash [&hellip;]<\/p>\n","protected":false},"author":4,"featured_media":0,"parent":0,"menu_order":0,"comment_status":"closed","ping_status":"closed","template":"","meta":{"_acf_changed":false,"content-type":"","footnotes":""},"class_list":["post-65590","page","type-page","status-publish"],"yoast_head":"<!-- This site is optimized with the Yoast SEO Premium plugin v23.5 (Yoast SEO v27.2) - https:\/\/yoast.com\/product\/yoast-seo-premium-wordpress\/ -->\n<title>Pol\u00edtica de cookies - apg<\/title>\n<meta name=\"description\" content=\"Queremos que t\u00fa, como valioso usuario del sitio web de apg\u00ae, entiendas perfectamente tu privacidad, c\u00f3mo te afectan las cookies y que te sientas totalmente c\u00f3modo con tu experiencia en el sitio web de apg\u00ae. Haz clic aqu\u00ed para ver la pol\u00edtica completa de apg.\" \/>\n<meta name=\"robots\" content=\"index, follow, max-snippet:-1, max-image-preview:large, max-video-preview:-1\" \/>\n<link rel=\"canonical\" href=\"https:\/\/apgsolutions.com\/es\/politica-de-cookies\/\" \/>\n<meta property=\"og:locale\" content=\"es_ES\" \/>\n<meta property=\"og:type\" content=\"article\" \/>\n<meta property=\"og:title\" content=\"Pol\u00edtica de cookies - apg\" \/>\n<meta property=\"og:description\" content=\"Queremos que t\u00fa, como valioso usuario del sitio web de apg\u00ae, entiendas perfectamente tu privacidad, c\u00f3mo te afectan las cookies y que te sientas totalmente c\u00f3modo con tu experiencia en el sitio web de apg\u00ae. Haz clic aqu\u00ed para ver la pol\u00edtica completa de apg.\" \/>\n<meta property=\"og:url\" content=\"https:\/\/apgsolutions.com\/es\/politica-de-cookies\/\" \/>\n<meta property=\"og:site_name\" content=\"apg\u00ae Solutions\" \/>\n<meta property=\"article:publisher\" content=\"https:\/\/www.facebook.com\/apgglobalsolutions\" \/>\n<meta property=\"article:modified_time\" content=\"2025-10-14T04:17:38+00:00\" \/>\n<meta name=\"twitter:card\" content=\"summary_large_image\" \/>\n<meta name=\"twitter:site\" content=\"@apg_solutions\" \/>\n<meta name=\"twitter:label1\" content=\"Tiempo de lectura\" \/>\n\t<meta name=\"twitter:data1\" content=\"4 minutos\" \/>\n<script type=\"application\/ld+json\" class=\"yoast-schema-graph\">{\"@context\":\"https:\/\/schema.org\",\"@graph\":[{\"@type\":\"WebPage\",\"@id\":\"https:\/\/apgsolutions.com\/es\/politica-de-cookies\/\",\"url\":\"https:\/\/apgsolutions.com\/es\/politica-de-cookies\/\",\"name\":\"Pol\u00edtica de cookies - apg\",\"isPartOf\":{\"@id\":\"https:\/\/apgsolutions.com\/es\/#website\"},\"datePublished\":\"2023-06-19T17:03:42+00:00\",\"dateModified\":\"2025-10-14T04:17:38+00:00\",\"description\":\"Queremos que t\u00fa, como valioso usuario del sitio web de apg\u00ae, entiendas perfectamente tu privacidad, c\u00f3mo te afectan las cookies y que te sientas totalmente c\u00f3modo con tu experiencia en el sitio web de apg\u00ae. Haz clic aqu\u00ed para ver la pol\u00edtica completa de apg.\",\"inLanguage\":\"es\",\"potentialAction\":[{\"@type\":\"ReadAction\",\"target\":[\"https:\/\/apgsolutions.com\/es\/politica-de-cookies\/\"]}]},{\"@type\":\"WebSite\",\"@id\":\"https:\/\/apgsolutions.com\/es\/#website\",\"url\":\"https:\/\/apgsolutions.com\/es\/\",\"name\":\"APG Solutions, LLC\",\"description\":\"Trust at every point.\",\"publisher\":{\"@id\":\"https:\/\/apgsolutions.com\/es\/#organization\"},\"potentialAction\":[{\"@type\":\"SearchAction\",\"target\":{\"@type\":\"EntryPoint\",\"urlTemplate\":\"https:\/\/apgsolutions.com\/es\/?s={search_term_string}\"},\"query-input\":{\"@type\":\"PropertyValueSpecification\",\"valueRequired\":true,\"valueName\":\"search_term_string\"}}],\"inLanguage\":\"es\"},{\"@type\":\"Organization\",\"@id\":\"https:\/\/apgsolutions.com\/es\/#organization\",\"name\":\"APG Solution, LLC\",\"url\":\"https:\/\/apgsolutions.com\/es\/\",\"logo\":{\"@type\":\"ImageObject\",\"inLanguage\":\"es\",\"@id\":\"https:\/\/apgsolutions.com\/es\/#\/schema\/logo\/image\/\",\"url\":\"https:\/\/apgsolutions.com\/wp-content\/uploads\/2023\/12\/logomark-color.svg\",\"contentUrl\":\"https:\/\/apgsolutions.com\/wp-content\/uploads\/2023\/12\/logomark-color.svg\",\"width\":141,\"height\":138,\"caption\":\"APG Solution, LLC\"},\"image\":{\"@id\":\"https:\/\/apgsolutions.com\/es\/#\/schema\/logo\/image\/\"},\"sameAs\":[\"https:\/\/www.facebook.com\/apgglobalsolutions\",\"https:\/\/x.com\/apg_solutions\",\"https:\/\/www.youtube.com\/c\/CashManagementGlobalSolutionsbyapg\",\"https:\/\/www.linkedin.com\/company\/apgglobalsolutions\/\",\"https:\/\/www.instagram.com\/apgglobalsolutions\/\",\"https:\/\/www.pinterest.com\/apgcashdrawer\/\"]}]}<\/script>\n<!-- \/ Yoast SEO Premium plugin. -->","yoast_head_json":{"title":"Pol\u00edtica de cookies - apg","description":"Queremos que t\u00fa, como valioso usuario del sitio web de apg\u00ae, entiendas perfectamente tu privacidad, c\u00f3mo te afectan las cookies y que te sientas totalmente c\u00f3modo con tu experiencia en el sitio web de apg\u00ae. Haz clic aqu\u00ed para ver la pol\u00edtica completa de apg.","robots":{"index":"index","follow":"follow","max-snippet":"max-snippet:-1","max-image-preview":"max-image-preview:large","max-video-preview":"max-video-preview:-1"},"canonical":"https:\/\/apgsolutions.com\/es\/politica-de-cookies\/","og_locale":"es_ES","og_type":"article","og_title":"Pol\u00edtica de cookies - apg","og_description":"Queremos que t\u00fa, como valioso usuario del sitio web de apg\u00ae, entiendas perfectamente tu privacidad, c\u00f3mo te afectan las cookies y que te sientas totalmente c\u00f3modo con tu experiencia en el sitio web de apg\u00ae. Haz clic aqu\u00ed para ver la pol\u00edtica completa de apg.","og_url":"https:\/\/apgsolutions.com\/es\/politica-de-cookies\/","og_site_name":"apg\u00ae Solutions","article_publisher":"https:\/\/www.facebook.com\/apgglobalsolutions","article_modified_time":"2025-10-14T04:17:38+00:00","twitter_card":"summary_large_image","twitter_site":"@apg_solutions","twitter_misc":{"Tiempo de lectura":"4 minutos"},"schema":{"@context":"https:\/\/schema.org","@graph":[{"@type":"WebPage","@id":"https:\/\/apgsolutions.com\/es\/politica-de-cookies\/","url":"https:\/\/apgsolutions.com\/es\/politica-de-cookies\/","name":"Pol\u00edtica de cookies - apg","isPartOf":{"@id":"https:\/\/apgsolutions.com\/es\/#website"},"datePublished":"2023-06-19T17:03:42+00:00","dateModified":"2025-10-14T04:17:38+00:00","description":"Queremos que t\u00fa, como valioso usuario del sitio web de apg\u00ae, entiendas perfectamente tu privacidad, c\u00f3mo te afectan las cookies y que te sientas totalmente c\u00f3modo con tu experiencia en el sitio web de apg\u00ae. Haz clic aqu\u00ed para ver la pol\u00edtica completa de apg.","inLanguage":"es","potentialAction":[{"@type":"ReadAction","target":["https:\/\/apgsolutions.com\/es\/politica-de-cookies\/"]}]},{"@type":"WebSite","@id":"https:\/\/apgsolutions.com\/es\/#website","url":"https:\/\/apgsolutions.com\/es\/","name":"APG Solutions, LLC","description":"Trust at every point.","publisher":{"@id":"https:\/\/apgsolutions.com\/es\/#organization"},"potentialAction":[{"@type":"SearchAction","target":{"@type":"EntryPoint","urlTemplate":"https:\/\/apgsolutions.com\/es\/?s={search_term_string}"},"query-input":{"@type":"PropertyValueSpecification","valueRequired":true,"valueName":"search_term_string"}}],"inLanguage":"es"},{"@type":"Organization","@id":"https:\/\/apgsolutions.com\/es\/#organization","name":"APG Solution, LLC","url":"https:\/\/apgsolutions.com\/es\/","logo":{"@type":"ImageObject","inLanguage":"es","@id":"https:\/\/apgsolutions.com\/es\/#\/schema\/logo\/image\/","url":"https:\/\/apgsolutions.com\/wp-content\/uploads\/2023\/12\/logomark-color.svg","contentUrl":"https:\/\/apgsolutions.com\/wp-content\/uploads\/2023\/12\/logomark-color.svg","width":141,"height":138,"caption":"APG Solution, LLC"},"image":{"@id":"https:\/\/apgsolutions.com\/es\/#\/schema\/logo\/image\/"},"sameAs":["https:\/\/www.facebook.com\/apgglobalsolutions","https:\/\/x.com\/apg_solutions","https:\/\/www.youtube.com\/c\/CashManagementGlobalSolutionsbyapg","https:\/\/www.linkedin.com\/company\/apgglobalsolutions\/","https:\/\/www.instagram.com\/apgglobalsolutions\/","https:\/\/www.pinterest.com\/apgcashdrawer\/"]}]}},"acf":[],"_links":{"self":[{"href":"https:\/\/apgsolutions.com\/es\/wp-json\/wp\/v2\/pages\/65590","targetHints":{"allow":["GET"]}}],"collection":[{"href":"https:\/\/apgsolutions.com\/es\/wp-json\/wp\/v2\/pages"}],"about":[{"href":"https:\/\/apgsolutions.com\/es\/wp-json\/wp\/v2\/types\/page"}],"author":[{"embeddable":true,"href":"https:\/\/apgsolutions.com\/es\/wp-json\/wp\/v2\/users\/4"}],"replies":[{"embeddable":true,"href":"https:\/\/apgsolutions.com\/es\/wp-json\/wp\/v2\/comments?post=65590"}],"version-history":[{"count":1,"href":"https:\/\/apgsolutions.com\/es\/wp-json\/wp\/v2\/pages\/65590\/revisions"}],"predecessor-version":[{"id":94808,"href":"https:\/\/apgsolutions.com\/es\/wp-json\/wp\/v2\/pages\/65590\/revisions\/94808"}],"wp:attachment":[{"href":"https:\/\/apgsolutions.com\/es\/wp-json\/wp\/v2\/media?parent=65590"}],"curies":[{"name":"wp","href":"https:\/\/api.w.org\/{rel}","templated":true}]}}