{"id":65610,"date":"2023-06-19T18:06:02","date_gmt":"2023-06-19T18:06:02","guid":{"rendered":"https:\/\/apgsolutions.com\/soluciones-de-punto-de-venta-de-panaderias\/"},"modified":"2026-03-12T11:46:03","modified_gmt":"2026-03-12T11:46:03","slug":"soluciones-de-punto-de-venta-de-panaderias","status":"publish","type":"page","link":"https:\/\/apgsolutions.com\/es\/soluciones-de-punto-de-venta-de-panaderias\/","title":{"rendered":"Soluciones TPV y cajones portamonedas para panader\u00edas"},"content":{"rendered":"<div class=\"section_page-header \">\n    <img decoding=\"async\" class=\"header-image\" src=\"https:\/\/apgsolutions.com\/wp-content\/uploads\/2023\/07\/Bakery-POS-Solutions.jpg\" alt=\"Bakery-POS-Solutions\" title=\"Bakery-POS-Solutions\">\n            <div class=\"header-content\">\n            <h1>POS Solutions &amp; Cash Drawers for Bakeries<\/h1>\n        <\/div>\n    <\/div>\n<div class=\"wp-block-group pos-content-div is-vertical is-content-justification-center is-layout-flex wp-container-core-group-is-layout-4b2eccd6 wp-block-group-is-layout-flex\">\n<div style=\"height:0px\" aria-hidden=\"true\" class=\"wp-block-spacer wp-container-content-b83b6736\"><\/div>\n\n\n\n<div class=\"wp-block-group is-vertical is-content-justification-center is-nowrap is-layout-flex wp-container-core-group-is-layout-e862386f wp-block-group-is-layout-flex\">\n<p class=\"has-text-align-center has-large-font-size\"><strong>Oportunidades crecientes para la industria panadera<\/strong><\/p>\n\n\n\n<div style=\"height:0px\" aria-hidden=\"true\" class=\"wp-block-spacer wp-container-content-5082a153\"><\/div>\n\n\n\n<p class=\"has-text-align-center\">En Europa, la industria panadera es vital para el mercado, ya que el pan, las pasteler\u00edas y las cafeter\u00edas desempe\u00f1an un papel integral en la cultura de muchas naciones. En 2021, el consumo total de panader\u00eda fue de 38 millones de toneladas en 29 pa\u00edses europeos. La industria panadera est\u00e1 bien asentada, y ofrece una variedad de productos con canales de distribuci\u00f3n, normativas, plataformas de innovaci\u00f3n y preferencias de los consumidores de buena reputaci\u00f3n. La industria panadera seguir\u00e1 siendo uno de los mercados m\u00e1s importantes del mundo en los pr\u00f3ximos a\u00f1os.   <\/p>\n\n\n\n<p class=\"has-text-align-center\">Las transacciones en efectivo desempe\u00f1an un papel clave en las panader\u00edas europeas, pero pueden ralentizar el servicio si no se gestionan eficazmente. La comodidad es un factor importante para los europeos a la hora de elegir alimentos, y las generaciones m\u00e1s j\u00f3venes buscan opciones frescas, ecol\u00f3gicas y artesanales que puedan comprar sobre la marcha. Con altas expectativas de servicio al cliente, es importante que las panader\u00edas gestionen las transacciones con precisi\u00f3n y eficacia, o se arriesgan a perder frente a la competencia.  <\/p>\n\n\n\n<p class=\"has-text-align-center\">La industria panadera europea se ve impulsada por las frecuentes innovaciones tecnol\u00f3gicas y la evoluci\u00f3n de las preferencias de los consumidores. En un sector en el que se realizan muchas transacciones en efectivo, las panader\u00edas deber\u00edan plantearse invertir en <a href=\"https:\/\/apgsolutions.com\/es\/productos\/smarttill-solution-suite\/\">soluciones de gesti\u00f3n de efectivo<\/a> dise\u00f1adas para proporcionar una protecci\u00f3n adicional contra la entrada en entornos en los que hay un exceso de residuos, como migas, az\u00facar y posibles derrames de l\u00edquidos. Estas soluciones pueden facilitar un gran volumen de transacciones en efectivo, con un rendimiento constante en entornos de alta rotaci\u00f3n, al tiempo que mejoran la experiencia de pago en un entorno de ritmo r\u00e1pido.  <\/p>\n\n\n\n<p class=\"has-text-align-center\"><\/p>\n<\/div>\n\n\n\n<div style=\"height:0px\" aria-hidden=\"true\" class=\"wp-block-spacer wp-container-content-b83b6736\"><\/div>\n\n\n\n<div class=\"wp-block-group is-vertical is-layout-flex wp-container-core-group-is-layout-8cf370e7 wp-block-group-is-layout-flex\">\n<p style=\"font-size:30px\"><strong>Hechos y estad\u00edsticas<\/strong><\/p>\n\n\n\n<div style=\"height:0px\" aria-hidden=\"true\" class=\"wp-block-spacer wp-container-content-5082a153\"><\/div>\n<\/div>\n\n\n\n<div class=\"wp-block-columns is-layout-flex wp-container-core-columns-is-layout-9d6595d7 wp-block-columns-is-layout-flex\">\n<div class=\"wp-block-column pos-card-box has-background is-layout-flow wp-block-column-is-layout-flow\" style=\"background-color:#fcfaf7;flex-basis:360px\">\n<div style=\"height:1rem\" aria-hidden=\"true\" class=\"wp-block-spacer\"><\/div>\n\n\n<div class=\"wp-block-image\">\n<figure class=\"aligncenter size-full\"><img decoding=\"async\" width=\"80\" height=\"80\" src=\"https:\/\/apgsolutions.com\/wp-content\/uploads\/2023\/07\/Money-Growth_Light-Blue.png\" alt=\"Icono de la principal fuente de ingresos\" class=\"wp-image-68978\" style=\"object-fit:cover\" \/><\/figure>\n<\/div>\n\n\n<h3 class=\"wp-block-heading has-text-align-center\" id=\"h-growth\">Crecimiento<\/h3>\n\n\n\n<p class=\"has-text-align-center\">La industria panadera tiene un impacto econ\u00f3mico global de m\u00e1s de 186.000 millones de d\u00f3lares en EE.UU. | ABA<\/p>\n\n\n\n<div style=\"height:1rem\" aria-hidden=\"true\" class=\"wp-block-spacer\"><\/div>\n<\/div>\n\n\n\n<div class=\"wp-block-column pos-card-box has-background is-layout-flow wp-block-column-is-layout-flow\" style=\"background-color:#fcfaf7;flex-basis:360px\">\n<div style=\"height:1rem\" aria-hidden=\"true\" class=\"wp-block-spacer\"><\/div>\n\n\n<div class=\"wp-block-image\">\n<figure class=\"aligncenter size-full\"><img decoding=\"async\" width=\"80\" height=\"80\" src=\"https:\/\/apgsolutions.com\/wp-content\/uploads\/2023\/07\/Finance-3.png\" alt=\"Icono de Finanzas\" class=\"wp-image-69255\" style=\"object-fit:cover\" \/><\/figure>\n<\/div>\n\n\n<h3 class=\"wp-block-heading has-text-align-center\" id=\"h-market-share\">Cuota de mercado<\/h3>\n\n\n\n<p class=\"has-text-align-center\">En Europa, los productos de panader\u00eda representaron una cuota del 38% del mercado total en 2023 | ABA<\/p>\n\n\n\n<div style=\"height:1rem\" aria-hidden=\"true\" class=\"wp-block-spacer\"><\/div>\n<\/div>\n\n\n\n<div class=\"wp-block-column pos-card-box has-background is-layout-flow wp-block-column-is-layout-flow\" style=\"background-color:#fcfaf7;flex-basis:360px\">\n<div style=\"height:1rem\" aria-hidden=\"true\" class=\"wp-block-spacer\"><\/div>\n\n\n<div class=\"wp-block-image\">\n<figure class=\"aligncenter size-full\"><img decoding=\"async\" width=\"80\" height=\"80\" src=\"https:\/\/apgsolutions.com\/wp-content\/uploads\/2023\/07\/Partners-5.png\" alt=\"Icono Socios\" class=\"wp-image-69397\" style=\"object-fit:cover\" \/><\/figure>\n<\/div>\n\n\n<h3 class=\"wp-block-heading has-text-align-center\" id=\"h-opportunity\">Oportunidad<\/h3>\n\n\n\n<p class=\"has-text-align-center\">En Estados Unidos, la industria panadera emplea a casi 800.000 trabajadores | ABA<\/p>\n\n\n\n<div style=\"height:16px\" aria-hidden=\"true\" class=\"wp-block-spacer\"><\/div>\n<\/div>\n<\/div>\n\n\n\n<div style=\"height:0px\" aria-hidden=\"true\" class=\"wp-block-spacer wp-container-content-b83b6736\"><\/div>\n\n\n\n<div class=\"wp-block-group is-vertical is-layout-flex wp-container-core-group-is-layout-8cf370e7 wp-block-group-is-layout-flex\">\n<p style=\"font-size:30px\"><strong>Nuestros cajones recomendados para panader\u00edas<\/strong><\/p>\n\n\n\n<div style=\"height:0px\" aria-hidden=\"true\" class=\"wp-block-spacer wp-container-content-2cb1e7d4\"><\/div>\n<\/div>\n\n\n\n<div class=\"wp-block-columns is-layout-flex wp-container-core-columns-is-layout-9d6595d7 wp-block-columns-is-layout-flex\">\n<div class=\"wp-block-column is-layout-flow wp-block-column-is-layout-flow\">\n<div style=\"height:1rem\" aria-hidden=\"true\" class=\"wp-block-spacer\"><\/div>\n\n\n<div class=\"wp-block-image\">\n<figure class=\"aligncenter size-full is-resized\"><img decoding=\"async\" src=\"https:\/\/apgsolutions.com\/wp-content\/uploads\/2024\/09\/Series-100.png\" alt=\"Caj&#xF3;n portamonedas Serie 100\" class=\"wp-image-86680\" style=\"width:186px\" \/><\/figure>\n<\/div>\n\n\n<h3 class=\"wp-block-heading has-text-align-center\" id=\"h-series-100-cash-drawer\">Caj\u00f3n portamonedas Serie 100<\/h3>\n\n\n\n<p class=\"has-text-align-left\">The <a href=\"https:\/\/apgsolutions.com\/products\/cash-drawers\/heavy-duty\/series-100\/\">Series 100<\/a> is ideal for bakeries, offering ample storage with a deep under-till compartment to organize coin rolls and packaged currency.\u00a0<\/p>\n\n\n\n<p class=\"has-text-align-left\">Su dise\u00f1o compacto es perfecto para optimizar el espacio del mostrador en entornos de panader\u00eda muy concurridos. Construida para soportar m\u00e1s de cuatro millones de transacciones, la Serie 100 es la elecci\u00f3n para gestionar un alto volumen de ventas. <\/p>\n\n\n\n<div style=\"height:1rem\" aria-hidden=\"true\" class=\"wp-block-spacer\"><\/div>\n<\/div>\n\n\n\n<div class=\"wp-block-column is-layout-flow wp-block-column-is-layout-flow\">\n<div style=\"height:1rem\" aria-hidden=\"true\" class=\"wp-block-spacer\"><\/div>\n\n\n<div class=\"wp-block-image\">\n<figure class=\"aligncenter size-full is-resized\"><img loading=\"lazy\" decoding=\"async\" width=\"280\" height=\"211\" src=\"https:\/\/apgsolutions.com\/wp-content\/uploads\/2024\/07\/Vasario-VBxxx-BL1618-Closed-Right-removebg-preview.png\" alt=\"Caj&#xF3;n portamonedas Serie Vasario\" class=\"wp-image-85846\" style=\"width:186px\" srcset=\"https:\/\/apgsolutions.com\/wp-content\/uploads\/2024\/07\/Vasario-VBxxx-BL1618-Closed-Right-removebg-preview.png 280w, https:\/\/apgsolutions.com\/wp-content\/uploads\/2024\/07\/Vasario-VBxxx-BL1618-Closed-Right-removebg-preview-80x60.png 80w\" sizes=\"(max-width: 280px) 100vw, 280px\" \/><\/figure>\n<\/div>\n\n\n<h3 class=\"wp-block-heading has-text-align-center\" id=\"h-vasario-series-cash-drawer\">Caj\u00f3n portamonedas Serie Vasario<\/h3>\n\n\n\n<p class=\"has-text-align-left\">For a cost-effective option in the bakery industry, consider the <a href=\"https:\/\/apgsolutions.com\/products\/cash-drawers\/standard-duty\/vasario\">Vasario cash drawer<\/a>. Available in a range of sizes to fit various bakery setups, it\u2019s designed to handle bakery demands.\u00a0<\/p>\n\n\n\n<p class=\"has-text-align-left\">Con una durabilidad probada que supera el mill\u00f3n de transacciones, el caj\u00f3n portamonedas Vasario garantiza una experiencia de caja fluida y eficaz.<\/p>\n\n\n\n<div style=\"height:1rem\" aria-hidden=\"true\" class=\"wp-block-spacer\"><\/div>\n<\/div>\n<\/div>\n<\/div>\n","protected":false},"excerpt":{"rendered":"<p>Oportunidades crecientes para la industria panadera En Europa, la industria panadera es vital para el mercado, ya que el pan, las pasteler\u00edas y las cafeter\u00edas desempe\u00f1an un papel integral en la cultura de muchas naciones. En 2021, el consumo total de panader\u00eda fue de 38 millones de toneladas en 29 pa\u00edses europeos. La industria panadera [&hellip;]<\/p>\n","protected":false},"author":4,"featured_media":0,"parent":0,"menu_order":0,"comment_status":"closed","ping_status":"closed","template":"","meta":{"_acf_changed":false,"content-type":"","footnotes":""},"class_list":["post-65610","page","type-page","status-publish"],"yoast_head":"<!-- This site is optimized with the Yoast SEO Premium plugin v23.5 (Yoast SEO v27.2) - https:\/\/yoast.com\/product\/yoast-seo-premium-wordpress\/ -->\n<title>Soluciones TPV para panader\u00edas - Cajones portamonedas para panader\u00edas | apg<\/title>\n<meta name=\"description\" content=\"Soluciones de punto de venta para la industria panadera. Las panader\u00edas necesitan soluciones de gesti\u00f3n de efectivo robustas, dise\u00f1adas para resistir la ca\u00edda de migas de pan y harina.\" \/>\n<meta name=\"robots\" content=\"index, follow, max-snippet:-1, max-image-preview:large, max-video-preview:-1\" \/>\n<link rel=\"canonical\" href=\"https:\/\/apgsolutions.com\/es\/soluciones-de-punto-de-venta-de-panaderias\/\" \/>\n<meta property=\"og:locale\" content=\"es_ES\" \/>\n<meta property=\"og:type\" content=\"article\" \/>\n<meta property=\"og:title\" content=\"Soluciones TPV para panader\u00edas - Cajones portamonedas para panader\u00edas | apg\" \/>\n<meta property=\"og:description\" content=\"Soluciones de punto de venta para la industria panadera. Las panader\u00edas necesitan soluciones de gesti\u00f3n de efectivo robustas, dise\u00f1adas para resistir la ca\u00edda de migas de pan y harina.\" \/>\n<meta property=\"og:url\" content=\"https:\/\/apgsolutions.com\/es\/soluciones-de-punto-de-venta-de-panaderias\/\" \/>\n<meta property=\"og:site_name\" content=\"apg\u00ae Solutions\" \/>\n<meta property=\"article:publisher\" content=\"https:\/\/www.facebook.com\/apgglobalsolutions\" \/>\n<meta property=\"article:modified_time\" content=\"2026-03-12T11:46:03+00:00\" \/>\n<meta property=\"og:image\" content=\"https:\/\/apgsolutions.com\/wp-content\/uploads\/2023\/07\/Money-Growth_Light-Blue.png\" \/>\n<meta name=\"twitter:card\" content=\"summary_large_image\" \/>\n<meta name=\"twitter:site\" content=\"@apg_solutions\" \/>\n<meta name=\"twitter:label1\" content=\"Tiempo de lectura\" \/>\n\t<meta name=\"twitter:data1\" content=\"3 minutos\" \/>\n<script type=\"application\/ld+json\" class=\"yoast-schema-graph\">{\"@context\":\"https:\/\/schema.org\",\"@graph\":[{\"@type\":\"WebPage\",\"@id\":\"https:\/\/apgsolutions.com\/es\/soluciones-de-punto-de-venta-de-panaderias\/\",\"url\":\"https:\/\/apgsolutions.com\/es\/soluciones-de-punto-de-venta-de-panaderias\/\",\"name\":\"Soluciones TPV para panader\u00edas - Cajones portamonedas para panader\u00edas | apg\",\"isPartOf\":{\"@id\":\"https:\/\/apgsolutions.com\/es\/#website\"},\"primaryImageOfPage\":{\"@id\":\"https:\/\/apgsolutions.com\/es\/soluciones-de-punto-de-venta-de-panaderias\/#primaryimage\"},\"image\":{\"@id\":\"https:\/\/apgsolutions.com\/es\/soluciones-de-punto-de-venta-de-panaderias\/#primaryimage\"},\"thumbnailUrl\":\"https:\/\/apgsolutions.com\/wp-content\/uploads\/2023\/07\/Money-Growth_Light-Blue.png\",\"datePublished\":\"2023-06-19T18:06:02+00:00\",\"dateModified\":\"2026-03-12T11:46:03+00:00\",\"description\":\"Soluciones de punto de venta para la industria panadera. Las panader\u00edas necesitan soluciones de gesti\u00f3n de efectivo robustas, dise\u00f1adas para resistir la ca\u00edda de migas de pan y harina.\",\"inLanguage\":\"es\",\"potentialAction\":[{\"@type\":\"ReadAction\",\"target\":[\"https:\/\/apgsolutions.com\/es\/soluciones-de-punto-de-venta-de-panaderias\/\"]}]},{\"@type\":\"ImageObject\",\"inLanguage\":\"es\",\"@id\":\"https:\/\/apgsolutions.com\/es\/soluciones-de-punto-de-venta-de-panaderias\/#primaryimage\",\"url\":\"https:\/\/apgsolutions.com\/wp-content\/uploads\/2023\/07\/Money-Growth_Light-Blue.png\",\"contentUrl\":\"https:\/\/apgsolutions.com\/wp-content\/uploads\/2023\/07\/Money-Growth_Light-Blue.png\"},{\"@type\":\"WebSite\",\"@id\":\"https:\/\/apgsolutions.com\/es\/#website\",\"url\":\"https:\/\/apgsolutions.com\/es\/\",\"name\":\"APG Solutions, LLC\",\"description\":\"Trust at every point.\",\"publisher\":{\"@id\":\"https:\/\/apgsolutions.com\/es\/#organization\"},\"potentialAction\":[{\"@type\":\"SearchAction\",\"target\":{\"@type\":\"EntryPoint\",\"urlTemplate\":\"https:\/\/apgsolutions.com\/es\/?s={search_term_string}\"},\"query-input\":{\"@type\":\"PropertyValueSpecification\",\"valueRequired\":true,\"valueName\":\"search_term_string\"}}],\"inLanguage\":\"es\"},{\"@type\":\"Organization\",\"@id\":\"https:\/\/apgsolutions.com\/es\/#organization\",\"name\":\"APG Solution, LLC\",\"url\":\"https:\/\/apgsolutions.com\/es\/\",\"logo\":{\"@type\":\"ImageObject\",\"inLanguage\":\"es\",\"@id\":\"https:\/\/apgsolutions.com\/es\/#\/schema\/logo\/image\/\",\"url\":\"https:\/\/apgsolutions.com\/wp-content\/uploads\/2023\/12\/logomark-color.svg\",\"contentUrl\":\"https:\/\/apgsolutions.com\/wp-content\/uploads\/2023\/12\/logomark-color.svg\",\"width\":141,\"height\":138,\"caption\":\"APG Solution, LLC\"},\"image\":{\"@id\":\"https:\/\/apgsolutions.com\/es\/#\/schema\/logo\/image\/\"},\"sameAs\":[\"https:\/\/www.facebook.com\/apgglobalsolutions\",\"https:\/\/x.com\/apg_solutions\",\"https:\/\/www.youtube.com\/c\/CashManagementGlobalSolutionsbyapg\",\"https:\/\/www.linkedin.com\/company\/apgglobalsolutions\/\",\"https:\/\/www.instagram.com\/apgglobalsolutions\/\",\"https:\/\/www.pinterest.com\/apgcashdrawer\/\"]}]}<\/script>\n<!-- \/ Yoast SEO Premium plugin. -->","yoast_head_json":{"title":"Soluciones TPV para panader\u00edas - Cajones portamonedas para panader\u00edas | apg","description":"Soluciones de punto de venta para la industria panadera. Las panader\u00edas necesitan soluciones de gesti\u00f3n de efectivo robustas, dise\u00f1adas para resistir la ca\u00edda de migas de pan y harina.","robots":{"index":"index","follow":"follow","max-snippet":"max-snippet:-1","max-image-preview":"max-image-preview:large","max-video-preview":"max-video-preview:-1"},"canonical":"https:\/\/apgsolutions.com\/es\/soluciones-de-punto-de-venta-de-panaderias\/","og_locale":"es_ES","og_type":"article","og_title":"Soluciones TPV para panader\u00edas - Cajones portamonedas para panader\u00edas | apg","og_description":"Soluciones de punto de venta para la industria panadera. Las panader\u00edas necesitan soluciones de gesti\u00f3n de efectivo robustas, dise\u00f1adas para resistir la ca\u00edda de migas de pan y harina.","og_url":"https:\/\/apgsolutions.com\/es\/soluciones-de-punto-de-venta-de-panaderias\/","og_site_name":"apg\u00ae Solutions","article_publisher":"https:\/\/www.facebook.com\/apgglobalsolutions","article_modified_time":"2026-03-12T11:46:03+00:00","og_image":[{"url":"https:\/\/apgsolutions.com\/wp-content\/uploads\/2023\/07\/Money-Growth_Light-Blue.png","type":"","width":"","height":""}],"twitter_card":"summary_large_image","twitter_site":"@apg_solutions","twitter_misc":{"Tiempo de lectura":"3 minutos"},"schema":{"@context":"https:\/\/schema.org","@graph":[{"@type":"WebPage","@id":"https:\/\/apgsolutions.com\/es\/soluciones-de-punto-de-venta-de-panaderias\/","url":"https:\/\/apgsolutions.com\/es\/soluciones-de-punto-de-venta-de-panaderias\/","name":"Soluciones TPV para panader\u00edas - Cajones portamonedas para panader\u00edas | apg","isPartOf":{"@id":"https:\/\/apgsolutions.com\/es\/#website"},"primaryImageOfPage":{"@id":"https:\/\/apgsolutions.com\/es\/soluciones-de-punto-de-venta-de-panaderias\/#primaryimage"},"image":{"@id":"https:\/\/apgsolutions.com\/es\/soluciones-de-punto-de-venta-de-panaderias\/#primaryimage"},"thumbnailUrl":"https:\/\/apgsolutions.com\/wp-content\/uploads\/2023\/07\/Money-Growth_Light-Blue.png","datePublished":"2023-06-19T18:06:02+00:00","dateModified":"2026-03-12T11:46:03+00:00","description":"Soluciones de punto de venta para la industria panadera. Las panader\u00edas necesitan soluciones de gesti\u00f3n de efectivo robustas, dise\u00f1adas para resistir la ca\u00edda de migas de pan y harina.","inLanguage":"es","potentialAction":[{"@type":"ReadAction","target":["https:\/\/apgsolutions.com\/es\/soluciones-de-punto-de-venta-de-panaderias\/"]}]},{"@type":"ImageObject","inLanguage":"es","@id":"https:\/\/apgsolutions.com\/es\/soluciones-de-punto-de-venta-de-panaderias\/#primaryimage","url":"https:\/\/apgsolutions.com\/wp-content\/uploads\/2023\/07\/Money-Growth_Light-Blue.png","contentUrl":"https:\/\/apgsolutions.com\/wp-content\/uploads\/2023\/07\/Money-Growth_Light-Blue.png"},{"@type":"WebSite","@id":"https:\/\/apgsolutions.com\/es\/#website","url":"https:\/\/apgsolutions.com\/es\/","name":"APG Solutions, LLC","description":"Trust at every point.","publisher":{"@id":"https:\/\/apgsolutions.com\/es\/#organization"},"potentialAction":[{"@type":"SearchAction","target":{"@type":"EntryPoint","urlTemplate":"https:\/\/apgsolutions.com\/es\/?s={search_term_string}"},"query-input":{"@type":"PropertyValueSpecification","valueRequired":true,"valueName":"search_term_string"}}],"inLanguage":"es"},{"@type":"Organization","@id":"https:\/\/apgsolutions.com\/es\/#organization","name":"APG Solution, LLC","url":"https:\/\/apgsolutions.com\/es\/","logo":{"@type":"ImageObject","inLanguage":"es","@id":"https:\/\/apgsolutions.com\/es\/#\/schema\/logo\/image\/","url":"https:\/\/apgsolutions.com\/wp-content\/uploads\/2023\/12\/logomark-color.svg","contentUrl":"https:\/\/apgsolutions.com\/wp-content\/uploads\/2023\/12\/logomark-color.svg","width":141,"height":138,"caption":"APG Solution, LLC"},"image":{"@id":"https:\/\/apgsolutions.com\/es\/#\/schema\/logo\/image\/"},"sameAs":["https:\/\/www.facebook.com\/apgglobalsolutions","https:\/\/x.com\/apg_solutions","https:\/\/www.youtube.com\/c\/CashManagementGlobalSolutionsbyapg","https:\/\/www.linkedin.com\/company\/apgglobalsolutions\/","https:\/\/www.instagram.com\/apgglobalsolutions\/","https:\/\/www.pinterest.com\/apgcashdrawer\/"]}]}},"acf":[],"_links":{"self":[{"href":"https:\/\/apgsolutions.com\/es\/wp-json\/wp\/v2\/pages\/65610","targetHints":{"allow":["GET"]}}],"collection":[{"href":"https:\/\/apgsolutions.com\/es\/wp-json\/wp\/v2\/pages"}],"about":[{"href":"https:\/\/apgsolutions.com\/es\/wp-json\/wp\/v2\/types\/page"}],"author":[{"embeddable":true,"href":"https:\/\/apgsolutions.com\/es\/wp-json\/wp\/v2\/users\/4"}],"replies":[{"embeddable":true,"href":"https:\/\/apgsolutions.com\/es\/wp-json\/wp\/v2\/comments?post=65610"}],"version-history":[{"count":12,"href":"https:\/\/apgsolutions.com\/es\/wp-json\/wp\/v2\/pages\/65610\/revisions"}],"predecessor-version":[{"id":105368,"href":"https:\/\/apgsolutions.com\/es\/wp-json\/wp\/v2\/pages\/65610\/revisions\/105368"}],"wp:attachment":[{"href":"https:\/\/apgsolutions.com\/es\/wp-json\/wp\/v2\/media?parent=65610"}],"curies":[{"name":"wp","href":"https:\/\/api.w.org\/{rel}","templated":true}]}}