{"id":67659,"date":"2023-07-12T16:39:43","date_gmt":"2023-07-12T16:39:43","guid":{"rendered":"https:\/\/apgsolutions.com\/productos\/soluciones-de-gestion-de-efectivo\/"},"modified":"2025-09-17T05:09:07","modified_gmt":"2025-09-17T05:09:07","slug":"soluciones-de-gestion-de-efectivo","status":"publish","type":"page","link":"https:\/\/apgsolutions.com\/es\/soluciones-de-gestion-de-efectivo\/","title":{"rendered":"Soluciones de gesti\u00f3n de efectivo"},"content":{"rendered":"<div class=\"section_page-header \">\n    <img decoding=\"async\" class=\"header-image\" src=\"https:\/\/apgsolutions.com\/wp-content\/uploads\/2023\/07\/Treasury-Thumbnail.jpg\" alt=\"Treasury-Thumbnail\" title=\"Treasury-Thumbnail\">\n            <div class=\"header-content\">\n            <h1>Cash Management Solutions<\/h1>\n        <\/div>\n    <\/div>\n\n\n<h2 class=\"wp-block-heading\" id=\"h-discover-revolutionary-cash-management-solutions\">Discover revolutionary cash management solutions<\/h2>\n\n\n\n<p>Managing cash at the POS can be a time consuming and costly process for any retail environment. The <strong><em>SMART<\/em><\/strong>till\u00ae Cash Management Solution is a revolution in cash management, enabling retailers to eradicate cash losses, reduce the cost of laborious cash handling and improve in-store customer service and experience.<\/p>\n\n\n\n<h2 class=\"wp-block-heading\" id=\"h-learn-more-here\">Learn more here<\/h2>\n\n\n\n<div class=\"wp-block-columns is-layout-flex wp-container-core-columns-is-layout-9d6595d7 wp-block-columns-is-layout-flex\">\n<div class=\"wp-block-column product-title-col-img is-layout-flow wp-block-column-is-layout-flow\" style=\"flex-basis:33.33%\">\n<div class=\"wp-block-cover\"><img fetchpriority=\"high\" decoding=\"async\" width=\"350\" height=\"350\" class=\"wp-block-cover__image-background wp-image-67271\" alt=\"ST-temporary-Sidebar\" src=\"https:\/\/apgsolutions.com\/wp-content\/uploads\/2023\/07\/ST-temporary-Sidebar-edited.jpg\" data-object-fit=\"cover\" srcset=\"https:\/\/apgsolutions.com\/wp-content\/uploads\/2023\/07\/ST-temporary-Sidebar-edited.jpg 350w, https:\/\/apgsolutions.com\/wp-content\/uploads\/2023\/07\/ST-temporary-Sidebar-edited-300x300.jpg 300w, https:\/\/apgsolutions.com\/wp-content\/uploads\/2023\/07\/ST-temporary-Sidebar-edited-150x150.jpg 150w, https:\/\/apgsolutions.com\/wp-content\/uploads\/2023\/07\/ST-temporary-Sidebar-edited-80x80.jpg 80w, https:\/\/apgsolutions.com\/wp-content\/uploads\/2023\/07\/ST-temporary-Sidebar-edited-160x160.jpg 160w, https:\/\/apgsolutions.com\/wp-content\/uploads\/2023\/07\/ST-temporary-Sidebar-edited-95x95.jpg 95w, https:\/\/apgsolutions.com\/wp-content\/uploads\/2023\/07\/ST-temporary-Sidebar-edited-100x100.jpg 100w\" sizes=\"(max-width: 350px) 100vw, 350px\" \/><span aria-hidden=\"true\" class=\"wp-block-cover__background has-background-dim-0 has-background-dim\"><\/span><div class=\"wp-block-cover__inner-container is-layout-flow wp-block-cover-is-layout-flow\">\n<h3 class=\"wp-block-heading has-text-align-center has-large-font-size\">Soluci\u00f3n para Gesti\u00f3n de Efectivo <strong><em>SMART<\/em><\/strong>till<\/h3>\n<\/div><\/div>\n<\/div>\n\n\n\n<div class=\"wp-block-column is-layout-flow wp-block-column-is-layout-flow\" style=\"flex-basis:66.66%\">\n<figure class=\"wp-block-image size-full\"><img decoding=\"async\" width=\"150\" height=\"150\" src=\"https:\/\/apgsolutions.com\/wp-content\/uploads\/2023\/07\/ST-FlipLid-SlideOut-Hybrid.png\" alt=\"ST-FlipLid-SlideOut-Hybrid\" class=\"wp-image-67275\" srcset=\"https:\/\/apgsolutions.com\/wp-content\/uploads\/2023\/07\/ST-FlipLid-SlideOut-Hybrid.png 150w, https:\/\/apgsolutions.com\/wp-content\/uploads\/2023\/07\/ST-FlipLid-SlideOut-Hybrid-80x80.png 80w, https:\/\/apgsolutions.com\/wp-content\/uploads\/2023\/07\/ST-FlipLid-SlideOut-Hybrid-95x95.png 95w, https:\/\/apgsolutions.com\/wp-content\/uploads\/2023\/07\/ST-FlipLid-SlideOut-Hybrid-100x100.png 100w\" sizes=\"(max-width: 150px) 100vw, 150px\" \/><\/figure>\n\n\n\n<p>La Soluci\u00f3n <strong><em>SMART<\/em><\/strong>till representa la siguiente generaci\u00f3n de sistemas de gesti\u00f3n de efectivo, que permite a los minoristas y profesionales del sector de la hosteler\u00eda reducir dr\u00e1sticamente las p\u00e9rdidas de efectivo, los costes de gesti\u00f3n de efectivo y de productividad asociados. Al integrar la soluci\u00f3n <strong><em>SMART<\/em><\/strong>till en su cartera de socios de negocios de confianza, podr\u00e1 registrar en tiempo real las transacciones y discrepancias de efectivo de todas las cajas de una tienda, con lo que obtendr\u00e1 valiosos an\u00e1lisis que le ayudar\u00e1n a gestionar mejor su negocio.<\/p>\n\n\n\n<p><strong>Tipos de negocios:<\/strong><br>Venta al por menor, Tiendas de comestibles, Tiendas de 24 horas, Restaurantes de comida r\u00e1pida<br><strong>Disponible en:<\/strong><br>USD, Euro, Sterling<\/p>\n\n\n\n<div class=\"wp-block-buttons is-layout-flex wp-block-buttons-is-layout-flex\">\n<div class=\"wp-block-button\"><a class=\"wp-block-button__link wp-element-button\" href=\"https:\/\/apgsolutions.com\/es\/productos\/smarttill-solution-suite\/\" target=\"_blank\" rel=\"noreferrer noopener\">CONFIGURAR Y VER RECURSOS<\/a><\/div>\n<\/div>\n<\/div>\n<\/div>\n","protected":false},"excerpt":{"rendered":"<p>Discover revolutionary cash management solutions Managing cash at the POS can be a time consuming and costly process for any retail environment. The SMARTtill\u00ae Cash Management Solution is a revolution in cash management, enabling retailers to eradicate cash losses, reduce the cost of laborious cash handling and improve in-store customer service and experience. Learn more [&hellip;]<\/p>\n","protected":false},"author":4,"featured_media":0,"parent":0,"menu_order":0,"comment_status":"closed","ping_status":"closed","template":"","meta":{"_acf_changed":false,"content-type":"","footnotes":""},"class_list":["post-67659","page","type-page","status-publish"],"yoast_head":"<!-- This site is optimized with the Yoast SEO Premium plugin v23.5 (Yoast SEO v27.2) - https:\/\/yoast.com\/product\/yoast-seo-premium-wordpress\/ -->\n<title>Soluciones de gesti\u00f3n de efectivo<\/title>\n<meta name=\"robots\" content=\"index, follow, max-snippet:-1, max-image-preview:large, max-video-preview:-1\" \/>\n<link rel=\"canonical\" href=\"https:\/\/apgsolutions.com\/es\/soluciones-de-gestion-de-efectivo\/\" \/>\n<meta property=\"og:locale\" content=\"es_ES\" \/>\n<meta property=\"og:type\" content=\"article\" \/>\n<meta property=\"og:title\" content=\"Soluciones de gesti\u00f3n de efectivo\" \/>\n<meta property=\"og:description\" content=\"Discover revolutionary cash management solutions Managing cash at the POS can be a time consuming and costly process for any retail environment. The SMARTtill\u00ae Cash Management Solution is a revolution in cash management, enabling retailers to eradicate cash losses, reduce the cost of laborious cash handling and improve in-store customer service and experience. Learn more [&hellip;]\" \/>\n<meta property=\"og:url\" content=\"https:\/\/apgsolutions.com\/es\/soluciones-de-gestion-de-efectivo\/\" \/>\n<meta property=\"og:site_name\" content=\"apg\u00ae Solutions\" \/>\n<meta property=\"article:publisher\" content=\"https:\/\/www.facebook.com\/apgglobalsolutions\" \/>\n<meta property=\"article:modified_time\" content=\"2025-09-17T05:09:07+00:00\" \/>\n<meta property=\"og:image\" content=\"https:\/\/apgsolutions.com\/wp-content\/uploads\/2023\/07\/ST-temporary-Sidebar-edited.jpg\" \/>\n<meta name=\"twitter:card\" content=\"summary_large_image\" \/>\n<meta name=\"twitter:site\" content=\"@apg_solutions\" \/>\n<meta name=\"twitter:label1\" content=\"Tiempo de lectura\" \/>\n\t<meta name=\"twitter:data1\" content=\"2 minutos\" \/>\n<script type=\"application\/ld+json\" class=\"yoast-schema-graph\">{\"@context\":\"https:\/\/schema.org\",\"@graph\":[{\"@type\":\"WebPage\",\"@id\":\"https:\/\/apgsolutions.com\/es\/soluciones-de-gestion-de-efectivo\/\",\"url\":\"https:\/\/apgsolutions.com\/es\/soluciones-de-gestion-de-efectivo\/\",\"name\":\"Soluciones de gesti\u00f3n de efectivo\",\"isPartOf\":{\"@id\":\"https:\/\/apgsolutions.com\/es\/#website\"},\"primaryImageOfPage\":{\"@id\":\"https:\/\/apgsolutions.com\/es\/soluciones-de-gestion-de-efectivo\/#primaryimage\"},\"image\":{\"@id\":\"https:\/\/apgsolutions.com\/es\/soluciones-de-gestion-de-efectivo\/#primaryimage\"},\"thumbnailUrl\":\"https:\/\/apgsolutions.com\/wp-content\/uploads\/2023\/07\/ST-temporary-Sidebar-edited.jpg\",\"datePublished\":\"2023-07-12T16:39:43+00:00\",\"dateModified\":\"2025-09-17T05:09:07+00:00\",\"inLanguage\":\"es\",\"potentialAction\":[{\"@type\":\"ReadAction\",\"target\":[\"https:\/\/apgsolutions.com\/es\/soluciones-de-gestion-de-efectivo\/\"]}]},{\"@type\":\"ImageObject\",\"inLanguage\":\"es\",\"@id\":\"https:\/\/apgsolutions.com\/es\/soluciones-de-gestion-de-efectivo\/#primaryimage\",\"url\":\"https:\/\/apgsolutions.com\/wp-content\/uploads\/2023\/07\/ST-temporary-Sidebar-edited.jpg\",\"contentUrl\":\"https:\/\/apgsolutions.com\/wp-content\/uploads\/2023\/07\/ST-temporary-Sidebar-edited.jpg\"},{\"@type\":\"WebSite\",\"@id\":\"https:\/\/apgsolutions.com\/es\/#website\",\"url\":\"https:\/\/apgsolutions.com\/es\/\",\"name\":\"APG Solutions, LLC\",\"description\":\"Trust at every point.\",\"publisher\":{\"@id\":\"https:\/\/apgsolutions.com\/es\/#organization\"},\"potentialAction\":[{\"@type\":\"SearchAction\",\"target\":{\"@type\":\"EntryPoint\",\"urlTemplate\":\"https:\/\/apgsolutions.com\/es\/?s={search_term_string}\"},\"query-input\":{\"@type\":\"PropertyValueSpecification\",\"valueRequired\":true,\"valueName\":\"search_term_string\"}}],\"inLanguage\":\"es\"},{\"@type\":\"Organization\",\"@id\":\"https:\/\/apgsolutions.com\/es\/#organization\",\"name\":\"APG Solution, LLC\",\"url\":\"https:\/\/apgsolutions.com\/es\/\",\"logo\":{\"@type\":\"ImageObject\",\"inLanguage\":\"es\",\"@id\":\"https:\/\/apgsolutions.com\/es\/#\/schema\/logo\/image\/\",\"url\":\"https:\/\/apgsolutions.com\/wp-content\/uploads\/2023\/12\/logomark-color.svg\",\"contentUrl\":\"https:\/\/apgsolutions.com\/wp-content\/uploads\/2023\/12\/logomark-color.svg\",\"width\":141,\"height\":138,\"caption\":\"APG Solution, LLC\"},\"image\":{\"@id\":\"https:\/\/apgsolutions.com\/es\/#\/schema\/logo\/image\/\"},\"sameAs\":[\"https:\/\/www.facebook.com\/apgglobalsolutions\",\"https:\/\/x.com\/apg_solutions\",\"https:\/\/www.youtube.com\/c\/CashManagementGlobalSolutionsbyapg\",\"https:\/\/www.linkedin.com\/company\/apgglobalsolutions\/\",\"https:\/\/www.instagram.com\/apgglobalsolutions\/\",\"https:\/\/www.pinterest.com\/apgcashdrawer\/\"]}]}<\/script>\n<!-- \/ Yoast SEO Premium plugin. -->","yoast_head_json":{"title":"Soluciones de gesti\u00f3n de efectivo","robots":{"index":"index","follow":"follow","max-snippet":"max-snippet:-1","max-image-preview":"max-image-preview:large","max-video-preview":"max-video-preview:-1"},"canonical":"https:\/\/apgsolutions.com\/es\/soluciones-de-gestion-de-efectivo\/","og_locale":"es_ES","og_type":"article","og_title":"Soluciones de gesti\u00f3n de efectivo","og_description":"Discover revolutionary cash management solutions Managing cash at the POS can be a time consuming and costly process for any retail environment. The SMARTtill\u00ae Cash Management Solution is a revolution in cash management, enabling retailers to eradicate cash losses, reduce the cost of laborious cash handling and improve in-store customer service and experience. Learn more [&hellip;]","og_url":"https:\/\/apgsolutions.com\/es\/soluciones-de-gestion-de-efectivo\/","og_site_name":"apg\u00ae Solutions","article_publisher":"https:\/\/www.facebook.com\/apgglobalsolutions","article_modified_time":"2025-09-17T05:09:07+00:00","og_image":[{"url":"https:\/\/apgsolutions.com\/wp-content\/uploads\/2023\/07\/ST-temporary-Sidebar-edited.jpg","type":"","width":"","height":""}],"twitter_card":"summary_large_image","twitter_site":"@apg_solutions","twitter_misc":{"Tiempo de lectura":"2 minutos"},"schema":{"@context":"https:\/\/schema.org","@graph":[{"@type":"WebPage","@id":"https:\/\/apgsolutions.com\/es\/soluciones-de-gestion-de-efectivo\/","url":"https:\/\/apgsolutions.com\/es\/soluciones-de-gestion-de-efectivo\/","name":"Soluciones de gesti\u00f3n de efectivo","isPartOf":{"@id":"https:\/\/apgsolutions.com\/es\/#website"},"primaryImageOfPage":{"@id":"https:\/\/apgsolutions.com\/es\/soluciones-de-gestion-de-efectivo\/#primaryimage"},"image":{"@id":"https:\/\/apgsolutions.com\/es\/soluciones-de-gestion-de-efectivo\/#primaryimage"},"thumbnailUrl":"https:\/\/apgsolutions.com\/wp-content\/uploads\/2023\/07\/ST-temporary-Sidebar-edited.jpg","datePublished":"2023-07-12T16:39:43+00:00","dateModified":"2025-09-17T05:09:07+00:00","inLanguage":"es","potentialAction":[{"@type":"ReadAction","target":["https:\/\/apgsolutions.com\/es\/soluciones-de-gestion-de-efectivo\/"]}]},{"@type":"ImageObject","inLanguage":"es","@id":"https:\/\/apgsolutions.com\/es\/soluciones-de-gestion-de-efectivo\/#primaryimage","url":"https:\/\/apgsolutions.com\/wp-content\/uploads\/2023\/07\/ST-temporary-Sidebar-edited.jpg","contentUrl":"https:\/\/apgsolutions.com\/wp-content\/uploads\/2023\/07\/ST-temporary-Sidebar-edited.jpg"},{"@type":"WebSite","@id":"https:\/\/apgsolutions.com\/es\/#website","url":"https:\/\/apgsolutions.com\/es\/","name":"APG Solutions, LLC","description":"Trust at every point.","publisher":{"@id":"https:\/\/apgsolutions.com\/es\/#organization"},"potentialAction":[{"@type":"SearchAction","target":{"@type":"EntryPoint","urlTemplate":"https:\/\/apgsolutions.com\/es\/?s={search_term_string}"},"query-input":{"@type":"PropertyValueSpecification","valueRequired":true,"valueName":"search_term_string"}}],"inLanguage":"es"},{"@type":"Organization","@id":"https:\/\/apgsolutions.com\/es\/#organization","name":"APG Solution, LLC","url":"https:\/\/apgsolutions.com\/es\/","logo":{"@type":"ImageObject","inLanguage":"es","@id":"https:\/\/apgsolutions.com\/es\/#\/schema\/logo\/image\/","url":"https:\/\/apgsolutions.com\/wp-content\/uploads\/2023\/12\/logomark-color.svg","contentUrl":"https:\/\/apgsolutions.com\/wp-content\/uploads\/2023\/12\/logomark-color.svg","width":141,"height":138,"caption":"APG Solution, LLC"},"image":{"@id":"https:\/\/apgsolutions.com\/es\/#\/schema\/logo\/image\/"},"sameAs":["https:\/\/www.facebook.com\/apgglobalsolutions","https:\/\/x.com\/apg_solutions","https:\/\/www.youtube.com\/c\/CashManagementGlobalSolutionsbyapg","https:\/\/www.linkedin.com\/company\/apgglobalsolutions\/","https:\/\/www.instagram.com\/apgglobalsolutions\/","https:\/\/www.pinterest.com\/apgcashdrawer\/"]}]}},"acf":[],"_links":{"self":[{"href":"https:\/\/apgsolutions.com\/es\/wp-json\/wp\/v2\/pages\/67659","targetHints":{"allow":["GET"]}}],"collection":[{"href":"https:\/\/apgsolutions.com\/es\/wp-json\/wp\/v2\/pages"}],"about":[{"href":"https:\/\/apgsolutions.com\/es\/wp-json\/wp\/v2\/types\/page"}],"author":[{"embeddable":true,"href":"https:\/\/apgsolutions.com\/es\/wp-json\/wp\/v2\/users\/4"}],"replies":[{"embeddable":true,"href":"https:\/\/apgsolutions.com\/es\/wp-json\/wp\/v2\/comments?post=67659"}],"version-history":[{"count":6,"href":"https:\/\/apgsolutions.com\/es\/wp-json\/wp\/v2\/pages\/67659\/revisions"}],"predecessor-version":[{"id":93019,"href":"https:\/\/apgsolutions.com\/es\/wp-json\/wp\/v2\/pages\/67659\/revisions\/93019"}],"wp:attachment":[{"href":"https:\/\/apgsolutions.com\/es\/wp-json\/wp\/v2\/media?parent=67659"}],"curies":[{"name":"wp","href":"https:\/\/api.w.org\/{rel}","templated":true}]}}