{"id":92470,"date":"2025-09-01T10:07:33","date_gmt":"2025-09-01T10:07:33","guid":{"rendered":"https:\/\/apgsolutions.com\/come-work-with-us\/"},"modified":"2025-11-26T03:36:46","modified_gmt":"2025-11-26T03:36:46","slug":"careers","status":"publish","type":"page","link":"https:\/\/apgsolutions.com\/es\/careers\/","title":{"rendered":"Empleo"},"content":{"rendered":"\n<div class=\"wp-block-columns test-career-bg my-fullwidth-row is-layout-flex wp-container-core-columns-is-layout-9d6595d7 wp-block-columns-is-layout-flex\">\n<div class=\"wp-block-column inside-fw-container is-layout-flow wp-block-column-is-layout-flow\">\n<div style=\"height:140px\" aria-hidden=\"true\" class=\"wp-block-spacer career-space\"><\/div>\n\n\n\n<p class=\"has-text-align-center has-white-color has-text-color has-link-color has-large-font-size wp-elements-ba598475d3d5f4cfc2ff81b6e5cab622\"><strong>M\u00e1s informaci\u00f3n sobre nuestra cultura, nuestro personal y nuestras ofertas de empleo<\/strong><\/p>\n\n\n\n<p class=\"has-text-align-center has-white-color has-text-color has-link-color wp-elements-5930d2c013fa46b6eaaf9f7c00f15b70\" style=\"font-size:18px\"><strong>Ubicaciones que contratan actualmente:<\/strong><\/p>\n\n\n\n<div style=\"height:2rem\" aria-hidden=\"true\" class=\"wp-block-spacer\"><\/div>\n\n\n\n<div class=\"wp-block-group\"><div class=\"wp-block-group__inner-container is-layout-constrained wp-block-group-is-layout-constrained\">\n<div class=\"wp-block-columns career-card-justify is-layout-flex wp-container-core-columns-is-layout-9d6595d7 wp-block-columns-is-layout-flex\">\n<div class=\"wp-block-column is-vertically-aligned-center career-card-div has-background is-layout-flow wp-block-column-is-layout-flow\" style=\"background-color:#fafafaab;flex-basis:349px\">\n<div style=\"height:2rem\" aria-hidden=\"true\" class=\"wp-block-spacer\"><\/div>\n\n\n\n<p class=\"has-text-align-center blue-accent-txt\" style=\"font-size:22px\"><strong><a href=\"https:\/\/apgsolutions.com\/careers\">Francia Empleo<\/a><\/strong><\/p>\n\n\n\n<hr class=\"wp-block-separator has-text-color has-white-color has-alpha-channel-opacity has-white-background-color has-background is-style-default\"\/>\n\n\n\n<div style=\"height:1rem\" aria-hidden=\"true\" class=\"wp-block-spacer\"><\/div>\n\n\n<div class=\"wp-block-image\">\n<figure class=\"aligncenter size-full is-resized\"><a href=\"https:\/\/apgsolutions.com\/careers\"><img decoding=\"async\" width=\"211\" height=\"136\" src=\"https:\/\/apgsolutions.com\/wp-content\/uploads\/2023\/08\/France-flag.jpg\" alt=\"France flag\" class=\"wp-image-71318\" style=\"width:120px\" srcset=\"https:\/\/apgsolutions.com\/wp-content\/uploads\/2023\/08\/France-flag.jpg 211w, https:\/\/apgsolutions.com\/wp-content\/uploads\/2023\/08\/France-flag-80x52.jpg 80w\" sizes=\"(max-width: 211px) 100vw, 211px\" \/><\/a><\/figure>\n<\/div>\n\n\n<div style=\"height:3rem\" aria-hidden=\"true\" class=\"wp-block-spacer career-card-bp\"><\/div>\n<\/div>\n\n\n\n<div class=\"wp-block-column is-vertically-aligned-center career-card-div has-background is-layout-flow wp-block-column-is-layout-flow\" style=\"background-color:#fafafaab;flex-basis:349px\">\n<div style=\"height:2rem\" aria-hidden=\"true\" class=\"wp-block-spacer\"><\/div>\n\n\n\n<p class=\"has-text-align-center blue-accent-txt\" style=\"font-size:22px\"><strong><strong><a href=\"https:\/\/apgsolutions.com\/careers\">Empleo en Minneapolis<\/a><\/strong><\/strong><\/p>\n\n\n\n<hr class=\"wp-block-separator has-text-color has-white-color has-alpha-channel-opacity has-white-background-color has-background is-style-default\"\/>\n\n\n\n<div style=\"height:1rem\" aria-hidden=\"true\" class=\"wp-block-spacer\"><\/div>\n\n\n<div class=\"wp-block-image\">\n<figure class=\"aligncenter size-full is-resized\"><a href=\"https:\/\/apgsolutions.com\/careers\"><img decoding=\"async\" width=\"211\" height=\"140\" src=\"https:\/\/apgsolutions.com\/wp-content\/uploads\/2023\/03\/USA-Flag-211-2.png\" alt=\"USA Flag 211 2\" class=\"wp-image-934\" style=\"width:120px\"\/><\/a><\/figure>\n<\/div>\n\n\n<div style=\"height:3rem\" aria-hidden=\"true\" class=\"wp-block-spacer career-card-bp\"><\/div>\n<\/div>\n\n\n\n<div class=\"wp-block-column is-vertically-aligned-center career-card-div has-background is-layout-flow wp-block-column-is-layout-flow\" style=\"background-color:#fafafaab;flex-basis:349px\">\n<div style=\"height:2rem\" aria-hidden=\"true\" class=\"wp-block-spacer\"><\/div>\n\n\n\n<p class=\"has-text-align-center blue-accent-txt\" style=\"font-size:22px\"><strong><strong><a href=\"https:\/\/apgsolutions.com\/careers\">Carreras en Newhaven<\/a><\/strong><\/strong><\/p>\n\n\n\n<hr class=\"wp-block-separator has-text-color has-white-color has-alpha-channel-opacity has-white-background-color has-background is-style-default\"\/>\n\n\n\n<div style=\"height:1rem\" aria-hidden=\"true\" class=\"wp-block-spacer\"><\/div>\n\n\n<div class=\"wp-block-image\">\n<figure class=\"aligncenter size-full is-resized\"><a href=\"https:\/\/apgsolutions.com\/careers\"><img decoding=\"async\" width=\"211\" height=\"140\" src=\"https:\/\/apgsolutions.com\/wp-content\/uploads\/2023\/08\/UK-flag.jpg\" alt=\"UK flag\" class=\"wp-image-71271\" style=\"width:120px\" srcset=\"https:\/\/apgsolutions.com\/wp-content\/uploads\/2023\/08\/UK-flag.jpg 211w, https:\/\/apgsolutions.com\/wp-content\/uploads\/2023\/08\/UK-flag-80x53.jpg 80w\" sizes=\"(max-width: 211px) 100vw, 211px\" \/><\/a><\/figure>\n<\/div>\n\n\n<div style=\"height:3rem\" aria-hidden=\"true\" class=\"wp-block-spacer career-card-bp\"><\/div>\n<\/div>\n<\/div>\n<\/div><\/div>\n\n\n\n<div style=\"height:100px\" aria-hidden=\"true\" class=\"wp-block-spacer career-space\"><\/div>\n<\/div>\n<\/div>\n","protected":false},"excerpt":{"rendered":"<p>M\u00e1s informaci\u00f3n sobre nuestra cultura, nuestro personal y nuestras ofertas de empleo Ubicaciones que contratan actualmente: Francia Empleo Empleo en Minneapolis Carreras en Newhaven<\/p>\n","protected":false},"author":4,"featured_media":0,"parent":0,"menu_order":0,"comment_status":"closed","ping_status":"closed","template":"","meta":{"_acf_changed":false,"content-type":"","footnotes":""},"class_list":["post-92470","page","type-page","status-publish"],"yoast_head":"<!-- This site is optimized with the Yoast SEO Premium plugin v23.5 (Yoast SEO v27.2) - https:\/\/yoast.com\/product\/yoast-seo-premium-wordpress\/ -->\n<title>M\u00e1s informaci\u00f3n sobre la cultura de apg\u00ae y las ofertas de empleo | Soluciones apg<\/title>\n<meta name=\"description\" content=\"Ven a formar parte de una cultura incre\u00edble y a trabajar en una organizaci\u00f3n global en crecimiento. Haz clic en la ubicaci\u00f3n correspondiente para saber m\u00e1s sobre apg\u00ae.\" \/>\n<meta name=\"robots\" content=\"index, follow, max-snippet:-1, max-image-preview:large, max-video-preview:-1\" \/>\n<link rel=\"canonical\" href=\"https:\/\/apgsolutions.com\/es\/careers\/\" \/>\n<meta property=\"og:locale\" content=\"es_ES\" \/>\n<meta property=\"og:type\" content=\"article\" \/>\n<meta property=\"og:title\" content=\"M\u00e1s informaci\u00f3n sobre la cultura de apg\u00ae y las ofertas de empleo | Soluciones apg\" \/>\n<meta property=\"og:description\" content=\"Ven a formar parte de una cultura incre\u00edble y a trabajar en una organizaci\u00f3n global en crecimiento. Haz clic en la ubicaci\u00f3n correspondiente para saber m\u00e1s sobre apg\u00ae.\" \/>\n<meta property=\"og:url\" content=\"https:\/\/apgsolutions.com\/es\/careers\/\" \/>\n<meta property=\"og:site_name\" content=\"apg\u00ae Solutions\" \/>\n<meta property=\"article:publisher\" content=\"https:\/\/www.facebook.com\/apgglobalsolutions\" \/>\n<meta property=\"article:modified_time\" content=\"2025-11-26T03:36:46+00:00\" \/>\n<meta property=\"og:image\" content=\"https:\/\/apgsolutions.com\/wp-content\/uploads\/2023\/08\/France-flag.jpg\" \/>\n\t<meta property=\"og:image:width\" content=\"211\" \/>\n\t<meta property=\"og:image:height\" content=\"136\" \/>\n\t<meta property=\"og:image:type\" content=\"image\/jpeg\" \/>\n<meta name=\"twitter:card\" content=\"summary_large_image\" \/>\n<meta name=\"twitter:site\" content=\"@apg_solutions\" \/>\n<meta name=\"twitter:label1\" content=\"Tiempo de lectura\" \/>\n\t<meta name=\"twitter:data1\" content=\"1 minuto\" \/>\n<script type=\"application\/ld+json\" class=\"yoast-schema-graph\">{\"@context\":\"https:\/\/schema.org\",\"@graph\":[{\"@type\":\"WebPage\",\"@id\":\"https:\/\/apgsolutions.com\/es\/careers\/\",\"url\":\"https:\/\/apgsolutions.com\/es\/careers\/\",\"name\":\"M\u00e1s informaci\u00f3n sobre la cultura de apg\u00ae y las ofertas de empleo | Soluciones apg\",\"isPartOf\":{\"@id\":\"https:\/\/apgsolutions.com\/es\/#website\"},\"primaryImageOfPage\":{\"@id\":\"https:\/\/apgsolutions.com\/es\/careers\/#primaryimage\"},\"image\":{\"@id\":\"https:\/\/apgsolutions.com\/es\/careers\/#primaryimage\"},\"thumbnailUrl\":\"https:\/\/apgsolutions.com\/wp-content\/uploads\/2023\/08\/France-flag.jpg\",\"datePublished\":\"2025-09-01T10:07:33+00:00\",\"dateModified\":\"2025-11-26T03:36:46+00:00\",\"description\":\"Ven a formar parte de una cultura incre\u00edble y a trabajar en una organizaci\u00f3n global en crecimiento. Haz clic en la ubicaci\u00f3n correspondiente para saber m\u00e1s sobre apg\u00ae.\",\"inLanguage\":\"es\",\"potentialAction\":[{\"@type\":\"ReadAction\",\"target\":[\"https:\/\/apgsolutions.com\/es\/careers\/\"]}]},{\"@type\":\"ImageObject\",\"inLanguage\":\"es\",\"@id\":\"https:\/\/apgsolutions.com\/es\/careers\/#primaryimage\",\"url\":\"https:\/\/apgsolutions.com\/wp-content\/uploads\/2023\/08\/France-flag.jpg\",\"contentUrl\":\"https:\/\/apgsolutions.com\/wp-content\/uploads\/2023\/08\/France-flag.jpg\"},{\"@type\":\"WebSite\",\"@id\":\"https:\/\/apgsolutions.com\/es\/#website\",\"url\":\"https:\/\/apgsolutions.com\/es\/\",\"name\":\"APG Solutions, LLC\",\"description\":\"Trust at every point.\",\"publisher\":{\"@id\":\"https:\/\/apgsolutions.com\/es\/#organization\"},\"potentialAction\":[{\"@type\":\"SearchAction\",\"target\":{\"@type\":\"EntryPoint\",\"urlTemplate\":\"https:\/\/apgsolutions.com\/es\/?s={search_term_string}\"},\"query-input\":{\"@type\":\"PropertyValueSpecification\",\"valueRequired\":true,\"valueName\":\"search_term_string\"}}],\"inLanguage\":\"es\"},{\"@type\":\"Organization\",\"@id\":\"https:\/\/apgsolutions.com\/es\/#organization\",\"name\":\"APG Solution, LLC\",\"url\":\"https:\/\/apgsolutions.com\/es\/\",\"logo\":{\"@type\":\"ImageObject\",\"inLanguage\":\"es\",\"@id\":\"https:\/\/apgsolutions.com\/es\/#\/schema\/logo\/image\/\",\"url\":\"https:\/\/apgsolutions.com\/wp-content\/uploads\/2023\/12\/logomark-color.svg\",\"contentUrl\":\"https:\/\/apgsolutions.com\/wp-content\/uploads\/2023\/12\/logomark-color.svg\",\"width\":141,\"height\":138,\"caption\":\"APG Solution, LLC\"},\"image\":{\"@id\":\"https:\/\/apgsolutions.com\/es\/#\/schema\/logo\/image\/\"},\"sameAs\":[\"https:\/\/www.facebook.com\/apgglobalsolutions\",\"https:\/\/x.com\/apg_solutions\",\"https:\/\/www.youtube.com\/c\/CashManagementGlobalSolutionsbyapg\",\"https:\/\/www.linkedin.com\/company\/apgglobalsolutions\/\",\"https:\/\/www.instagram.com\/apgglobalsolutions\/\",\"https:\/\/www.pinterest.com\/apgcashdrawer\/\"]}]}<\/script>\n<!-- \/ Yoast SEO Premium plugin. -->","yoast_head_json":{"title":"M\u00e1s informaci\u00f3n sobre la cultura de apg\u00ae y las ofertas de empleo | Soluciones apg","description":"Ven a formar parte de una cultura incre\u00edble y a trabajar en una organizaci\u00f3n global en crecimiento. Haz clic en la ubicaci\u00f3n correspondiente para saber m\u00e1s sobre apg\u00ae.","robots":{"index":"index","follow":"follow","max-snippet":"max-snippet:-1","max-image-preview":"max-image-preview:large","max-video-preview":"max-video-preview:-1"},"canonical":"https:\/\/apgsolutions.com\/es\/careers\/","og_locale":"es_ES","og_type":"article","og_title":"M\u00e1s informaci\u00f3n sobre la cultura de apg\u00ae y las ofertas de empleo | Soluciones apg","og_description":"Ven a formar parte de una cultura incre\u00edble y a trabajar en una organizaci\u00f3n global en crecimiento. Haz clic en la ubicaci\u00f3n correspondiente para saber m\u00e1s sobre apg\u00ae.","og_url":"https:\/\/apgsolutions.com\/es\/careers\/","og_site_name":"apg\u00ae Solutions","article_publisher":"https:\/\/www.facebook.com\/apgglobalsolutions","article_modified_time":"2025-11-26T03:36:46+00:00","og_image":[{"width":211,"height":136,"url":"https:\/\/apgsolutions.com\/wp-content\/uploads\/2023\/08\/France-flag.jpg","type":"image\/jpeg"}],"twitter_card":"summary_large_image","twitter_site":"@apg_solutions","twitter_misc":{"Tiempo de lectura":"1 minuto"},"schema":{"@context":"https:\/\/schema.org","@graph":[{"@type":"WebPage","@id":"https:\/\/apgsolutions.com\/es\/careers\/","url":"https:\/\/apgsolutions.com\/es\/careers\/","name":"M\u00e1s informaci\u00f3n sobre la cultura de apg\u00ae y las ofertas de empleo | Soluciones apg","isPartOf":{"@id":"https:\/\/apgsolutions.com\/es\/#website"},"primaryImageOfPage":{"@id":"https:\/\/apgsolutions.com\/es\/careers\/#primaryimage"},"image":{"@id":"https:\/\/apgsolutions.com\/es\/careers\/#primaryimage"},"thumbnailUrl":"https:\/\/apgsolutions.com\/wp-content\/uploads\/2023\/08\/France-flag.jpg","datePublished":"2025-09-01T10:07:33+00:00","dateModified":"2025-11-26T03:36:46+00:00","description":"Ven a formar parte de una cultura incre\u00edble y a trabajar en una organizaci\u00f3n global en crecimiento. Haz clic en la ubicaci\u00f3n correspondiente para saber m\u00e1s sobre apg\u00ae.","inLanguage":"es","potentialAction":[{"@type":"ReadAction","target":["https:\/\/apgsolutions.com\/es\/careers\/"]}]},{"@type":"ImageObject","inLanguage":"es","@id":"https:\/\/apgsolutions.com\/es\/careers\/#primaryimage","url":"https:\/\/apgsolutions.com\/wp-content\/uploads\/2023\/08\/France-flag.jpg","contentUrl":"https:\/\/apgsolutions.com\/wp-content\/uploads\/2023\/08\/France-flag.jpg"},{"@type":"WebSite","@id":"https:\/\/apgsolutions.com\/es\/#website","url":"https:\/\/apgsolutions.com\/es\/","name":"APG Solutions, LLC","description":"Trust at every point.","publisher":{"@id":"https:\/\/apgsolutions.com\/es\/#organization"},"potentialAction":[{"@type":"SearchAction","target":{"@type":"EntryPoint","urlTemplate":"https:\/\/apgsolutions.com\/es\/?s={search_term_string}"},"query-input":{"@type":"PropertyValueSpecification","valueRequired":true,"valueName":"search_term_string"}}],"inLanguage":"es"},{"@type":"Organization","@id":"https:\/\/apgsolutions.com\/es\/#organization","name":"APG Solution, LLC","url":"https:\/\/apgsolutions.com\/es\/","logo":{"@type":"ImageObject","inLanguage":"es","@id":"https:\/\/apgsolutions.com\/es\/#\/schema\/logo\/image\/","url":"https:\/\/apgsolutions.com\/wp-content\/uploads\/2023\/12\/logomark-color.svg","contentUrl":"https:\/\/apgsolutions.com\/wp-content\/uploads\/2023\/12\/logomark-color.svg","width":141,"height":138,"caption":"APG Solution, LLC"},"image":{"@id":"https:\/\/apgsolutions.com\/es\/#\/schema\/logo\/image\/"},"sameAs":["https:\/\/www.facebook.com\/apgglobalsolutions","https:\/\/x.com\/apg_solutions","https:\/\/www.youtube.com\/c\/CashManagementGlobalSolutionsbyapg","https:\/\/www.linkedin.com\/company\/apgglobalsolutions\/","https:\/\/www.instagram.com\/apgglobalsolutions\/","https:\/\/www.pinterest.com\/apgcashdrawer\/"]}]}},"acf":[],"_links":{"self":[{"href":"https:\/\/apgsolutions.com\/es\/wp-json\/wp\/v2\/pages\/92470","targetHints":{"allow":["GET"]}}],"collection":[{"href":"https:\/\/apgsolutions.com\/es\/wp-json\/wp\/v2\/pages"}],"about":[{"href":"https:\/\/apgsolutions.com\/es\/wp-json\/wp\/v2\/types\/page"}],"author":[{"embeddable":true,"href":"https:\/\/apgsolutions.com\/es\/wp-json\/wp\/v2\/users\/4"}],"replies":[{"embeddable":true,"href":"https:\/\/apgsolutions.com\/es\/wp-json\/wp\/v2\/comments?post=92470"}],"version-history":[{"count":11,"href":"https:\/\/apgsolutions.com\/es\/wp-json\/wp\/v2\/pages\/92470\/revisions"}],"predecessor-version":[{"id":97453,"href":"https:\/\/apgsolutions.com\/es\/wp-json\/wp\/v2\/pages\/92470\/revisions\/97453"}],"wp:attachment":[{"href":"https:\/\/apgsolutions.com\/es\/wp-json\/wp\/v2\/media?parent=92470"}],"curies":[{"name":"wp","href":"https:\/\/api.w.org\/{rel}","templated":true}]}}