{"id":92641,"date":"2025-09-09T07:39:35","date_gmt":"2025-09-09T07:39:35","guid":{"rendered":"https:\/\/apgsolutions.com\/thank-you-for-contacting-apg-cash-drawer\/"},"modified":"2026-01-13T05:26:07","modified_gmt":"2026-01-13T05:26:07","slug":"thank-you-for-contacting-apg-cash-drawer","status":"publish","type":"page","link":"https:\/\/apgsolutions.com\/es\/thank-you-for-contacting-apg-cash-drawer\/","title":{"rendered":"Gracias por contactar con APG Cash Drawer"},"content":{"rendered":"<div class=\"section_page-header \">\n    <img decoding=\"async\" class=\"header-image\" src=\"https:\/\/apgsolutions.com\/wp-content\/uploads\/2023\/04\/dark-blue-rotated.jpg\" alt=\"dark-blue\" title=\"dark-blue\">\n            <div class=\"header-content\">\n            <h1>Thank You for Contacting APG Cash Drawer<\/h1>\n        <\/div>\n    <\/div>\n\n\n<h3 class=\"wp-block-heading has-text-align-left\" id=\"h-apg-cash-drawer-es-un-fabricante-mundial-de-soluciones-de-gestion-de-efectivo-que-presta-servicio-a-una-gran-variedad-de-clientes-e-industrias\">APG Cash Drawer es un fabricante mundial de soluciones de gesti\u00f3n de efectivo que presta servicio a una gran variedad de clientes e industrias.<\/h3>\n\n\n\n<h3 class=\"wp-block-heading has-text-align-left\">Si te has puesto en contacto con nuestro Equipo de Soporte T\u00e9cnico, estamos trabajando en tu solicitud y puedes esperar una respuesta en 24 horas.<\/h3>\n\n\n\n<p>Nos encantar\u00eda conocer tu opini\u00f3n sobre nosotros. Haz clic <a href=\"https:\/\/apgsolutions.com\/es\/customer-satisfaction-survey-2\/\">aqu\u00ed<\/a> para responder a nuestra encuesta de una pregunta. <\/p>\n\n\n\n<p>Explora los enlaces que aparecen a continuaci\u00f3n y obt\u00e9n m\u00e1s informaci\u00f3n sobre el Caj\u00f3n portamonedas APG:<\/p>\n\n\n\n<ul class=\"wp-block-list\">\n<li><a href=\"https:\/\/apgsolutions.com\/es\/productos\/\">Productos APG<\/a><\/li>\n\n\n\n<li><a href=\"https:\/\/apgsolutions.com\/es\/llaves-y-cerraduras\/\">Llaves + cerraduras de cajones de efectivo<\/a><\/li>\n\n\n\n<li><a href=\"https:\/\/apgsolutions.com\/wp-content\/uploads\/2023\/07\/Integration-Systems-scaled.jpeg\">Sistemas de integraci\u00f3n<\/a><\/li>\n\n\n\n<li><a href=\"https:\/\/apgsolutions.com\/es\/acerca-de-apg-cash-drawer\/\">\u00bfPor qu\u00e9 elegir el caj\u00f3n portamonedas APG?<\/a><\/li>\n\n\n\n<li><a href=\"https:\/\/apgsolutions.com\/es\/press\/\">Sala de prensa<\/a><\/li>\n\n\n\n<li><a href=\"https:\/\/apgsolutions.com\/es\/configurator\/\">Configurador de n\u00fameros de pieza<\/a><\/li>\n\n\n\n<li><a href=\"https:\/\/apgsolutions.com\/es\/recursos\/\">Recursos APG<\/a><\/li>\n<\/ul>\n\n\n\n<p>\u00a1Lee el <a href=\"https:\/\/apgsolutions.com\/es\/blog\/\">blog<\/a> de APG Cash Drawer y mantente al d\u00eda de las noticias del sector!<\/p>\n","protected":false},"excerpt":{"rendered":"<p>APG Cash Drawer es un fabricante mundial de soluciones de gesti\u00f3n de efectivo que presta servicio a una gran variedad de clientes e industrias. Si te has puesto en contacto con nuestro Equipo de Soporte T\u00e9cnico, estamos trabajando en tu solicitud y puedes esperar una respuesta en 24 horas. Nos encantar\u00eda conocer tu opini\u00f3n sobre [&hellip;]<\/p>\n","protected":false},"author":4,"featured_media":0,"parent":0,"menu_order":0,"comment_status":"closed","ping_status":"closed","template":"","meta":{"_acf_changed":false,"content-type":"","footnotes":""},"class_list":["post-92641","page","type-page","status-publish"],"yoast_head":"<!-- This site is optimized with the Yoast SEO Premium plugin v23.5 (Yoast SEO v27.2) - https:\/\/yoast.com\/product\/yoast-seo-premium-wordpress\/ -->\n<title>Gracias por contactar con APG Cash Drawer<\/title>\n<meta name=\"robots\" content=\"noindex, follow\" \/>\n<meta property=\"og:locale\" content=\"es_ES\" \/>\n<meta property=\"og:type\" content=\"article\" \/>\n<meta property=\"og:title\" content=\"Gracias por contactar con APG Cash Drawer\" \/>\n<meta property=\"og:description\" content=\"APG Cash Drawer es un fabricante mundial de soluciones de gesti\u00f3n de efectivo que presta servicio a una gran variedad de clientes e industrias. Si te has puesto en contacto con nuestro Equipo de Soporte T\u00e9cnico, estamos trabajando en tu solicitud y puedes esperar una respuesta en 24 horas. Nos encantar\u00eda conocer tu opini\u00f3n sobre [&hellip;]\" \/>\n<meta property=\"og:url\" content=\"https:\/\/apgsolutions.com\/es\/thank-you-for-contacting-apg-cash-drawer\/\" \/>\n<meta property=\"og:site_name\" content=\"apg\u00ae Solutions\" \/>\n<meta property=\"article:publisher\" content=\"https:\/\/www.facebook.com\/apgglobalsolutions\" \/>\n<meta property=\"article:modified_time\" content=\"2026-01-13T05:26:07+00:00\" \/>\n<meta name=\"twitter:card\" content=\"summary_large_image\" \/>\n<meta name=\"twitter:site\" content=\"@apg_solutions\" \/>\n<meta name=\"twitter:label1\" content=\"Tiempo de lectura\" \/>\n\t<meta name=\"twitter:data1\" content=\"1 minuto\" \/>\n<script type=\"application\/ld+json\" class=\"yoast-schema-graph\">{\"@context\":\"https:\/\/schema.org\",\"@graph\":[{\"@type\":\"WebPage\",\"@id\":\"https:\/\/apgsolutions.com\/es\/thank-you-for-contacting-apg-cash-drawer\/\",\"url\":\"https:\/\/apgsolutions.com\/es\/thank-you-for-contacting-apg-cash-drawer\/\",\"name\":\"Gracias por contactar con APG Cash Drawer\",\"isPartOf\":{\"@id\":\"https:\/\/apgsolutions.com\/es\/#website\"},\"datePublished\":\"2025-09-09T07:39:35+00:00\",\"dateModified\":\"2026-01-13T05:26:07+00:00\",\"inLanguage\":\"es\",\"potentialAction\":[{\"@type\":\"ReadAction\",\"target\":[\"https:\/\/apgsolutions.com\/es\/thank-you-for-contacting-apg-cash-drawer\/\"]}]},{\"@type\":\"WebSite\",\"@id\":\"https:\/\/apgsolutions.com\/es\/#website\",\"url\":\"https:\/\/apgsolutions.com\/es\/\",\"name\":\"APG Solutions, LLC\",\"description\":\"Trust at every point.\",\"publisher\":{\"@id\":\"https:\/\/apgsolutions.com\/es\/#organization\"},\"potentialAction\":[{\"@type\":\"SearchAction\",\"target\":{\"@type\":\"EntryPoint\",\"urlTemplate\":\"https:\/\/apgsolutions.com\/es\/?s={search_term_string}\"},\"query-input\":{\"@type\":\"PropertyValueSpecification\",\"valueRequired\":true,\"valueName\":\"search_term_string\"}}],\"inLanguage\":\"es\"},{\"@type\":\"Organization\",\"@id\":\"https:\/\/apgsolutions.com\/es\/#organization\",\"name\":\"APG Solution, LLC\",\"url\":\"https:\/\/apgsolutions.com\/es\/\",\"logo\":{\"@type\":\"ImageObject\",\"inLanguage\":\"es\",\"@id\":\"https:\/\/apgsolutions.com\/es\/#\/schema\/logo\/image\/\",\"url\":\"https:\/\/apgsolutions.com\/wp-content\/uploads\/2023\/12\/logomark-color.svg\",\"contentUrl\":\"https:\/\/apgsolutions.com\/wp-content\/uploads\/2023\/12\/logomark-color.svg\",\"width\":141,\"height\":138,\"caption\":\"APG Solution, LLC\"},\"image\":{\"@id\":\"https:\/\/apgsolutions.com\/es\/#\/schema\/logo\/image\/\"},\"sameAs\":[\"https:\/\/www.facebook.com\/apgglobalsolutions\",\"https:\/\/x.com\/apg_solutions\",\"https:\/\/www.youtube.com\/c\/CashManagementGlobalSolutionsbyapg\",\"https:\/\/www.linkedin.com\/company\/apgglobalsolutions\/\",\"https:\/\/www.instagram.com\/apgglobalsolutions\/\",\"https:\/\/www.pinterest.com\/apgcashdrawer\/\"]}]}<\/script>\n<!-- \/ Yoast SEO Premium plugin. -->","yoast_head_json":{"title":"Gracias por contactar con APG Cash Drawer","robots":{"index":"noindex","follow":"follow"},"og_locale":"es_ES","og_type":"article","og_title":"Gracias por contactar con APG Cash Drawer","og_description":"APG Cash Drawer es un fabricante mundial de soluciones de gesti\u00f3n de efectivo que presta servicio a una gran variedad de clientes e industrias. Si te has puesto en contacto con nuestro Equipo de Soporte T\u00e9cnico, estamos trabajando en tu solicitud y puedes esperar una respuesta en 24 horas. Nos encantar\u00eda conocer tu opini\u00f3n sobre [&hellip;]","og_url":"https:\/\/apgsolutions.com\/es\/thank-you-for-contacting-apg-cash-drawer\/","og_site_name":"apg\u00ae Solutions","article_publisher":"https:\/\/www.facebook.com\/apgglobalsolutions","article_modified_time":"2026-01-13T05:26:07+00:00","twitter_card":"summary_large_image","twitter_site":"@apg_solutions","twitter_misc":{"Tiempo de lectura":"1 minuto"},"schema":{"@context":"https:\/\/schema.org","@graph":[{"@type":"WebPage","@id":"https:\/\/apgsolutions.com\/es\/thank-you-for-contacting-apg-cash-drawer\/","url":"https:\/\/apgsolutions.com\/es\/thank-you-for-contacting-apg-cash-drawer\/","name":"Gracias por contactar con APG Cash Drawer","isPartOf":{"@id":"https:\/\/apgsolutions.com\/es\/#website"},"datePublished":"2025-09-09T07:39:35+00:00","dateModified":"2026-01-13T05:26:07+00:00","inLanguage":"es","potentialAction":[{"@type":"ReadAction","target":["https:\/\/apgsolutions.com\/es\/thank-you-for-contacting-apg-cash-drawer\/"]}]},{"@type":"WebSite","@id":"https:\/\/apgsolutions.com\/es\/#website","url":"https:\/\/apgsolutions.com\/es\/","name":"APG Solutions, LLC","description":"Trust at every point.","publisher":{"@id":"https:\/\/apgsolutions.com\/es\/#organization"},"potentialAction":[{"@type":"SearchAction","target":{"@type":"EntryPoint","urlTemplate":"https:\/\/apgsolutions.com\/es\/?s={search_term_string}"},"query-input":{"@type":"PropertyValueSpecification","valueRequired":true,"valueName":"search_term_string"}}],"inLanguage":"es"},{"@type":"Organization","@id":"https:\/\/apgsolutions.com\/es\/#organization","name":"APG Solution, LLC","url":"https:\/\/apgsolutions.com\/es\/","logo":{"@type":"ImageObject","inLanguage":"es","@id":"https:\/\/apgsolutions.com\/es\/#\/schema\/logo\/image\/","url":"https:\/\/apgsolutions.com\/wp-content\/uploads\/2023\/12\/logomark-color.svg","contentUrl":"https:\/\/apgsolutions.com\/wp-content\/uploads\/2023\/12\/logomark-color.svg","width":141,"height":138,"caption":"APG Solution, LLC"},"image":{"@id":"https:\/\/apgsolutions.com\/es\/#\/schema\/logo\/image\/"},"sameAs":["https:\/\/www.facebook.com\/apgglobalsolutions","https:\/\/x.com\/apg_solutions","https:\/\/www.youtube.com\/c\/CashManagementGlobalSolutionsbyapg","https:\/\/www.linkedin.com\/company\/apgglobalsolutions\/","https:\/\/www.instagram.com\/apgglobalsolutions\/","https:\/\/www.pinterest.com\/apgcashdrawer\/"]}]}},"acf":[],"_links":{"self":[{"href":"https:\/\/apgsolutions.com\/es\/wp-json\/wp\/v2\/pages\/92641","targetHints":{"allow":["GET"]}}],"collection":[{"href":"https:\/\/apgsolutions.com\/es\/wp-json\/wp\/v2\/pages"}],"about":[{"href":"https:\/\/apgsolutions.com\/es\/wp-json\/wp\/v2\/types\/page"}],"author":[{"embeddable":true,"href":"https:\/\/apgsolutions.com\/es\/wp-json\/wp\/v2\/users\/4"}],"replies":[{"embeddable":true,"href":"https:\/\/apgsolutions.com\/es\/wp-json\/wp\/v2\/comments?post=92641"}],"version-history":[{"count":3,"href":"https:\/\/apgsolutions.com\/es\/wp-json\/wp\/v2\/pages\/92641\/revisions"}],"predecessor-version":[{"id":97419,"href":"https:\/\/apgsolutions.com\/es\/wp-json\/wp\/v2\/pages\/92641\/revisions\/97419"}],"wp:attachment":[{"href":"https:\/\/apgsolutions.com\/es\/wp-json\/wp\/v2\/media?parent=92641"}],"curies":[{"name":"wp","href":"https:\/\/api.w.org\/{rel}","templated":true}]}}