{"id":92647,"date":"2025-09-09T07:49:43","date_gmt":"2025-09-09T07:49:43","guid":{"rendered":"https:\/\/apgsolutions.com\/thank-quote-request\/"},"modified":"2026-01-22T14:42:30","modified_gmt":"2026-01-22T14:42:30","slug":"thank-quote-request","status":"publish","type":"page","link":"https:\/\/apgsolutions.com\/es\/thank-quote-request\/","title":{"rendered":"Gracias por solicitar un presupuesto"},"content":{"rendered":"<div class=\"section_page-header \">\n    <img decoding=\"async\" class=\"header-image\" src=\"https:\/\/apgsolutions.com\/wp-content\/uploads\/2023\/04\/dark-blue-rotated.jpg\" alt=\"dark-blue\" title=\"dark-blue\">\n            <div class=\"header-content\">\n            <h1>Thank You for Requesting a Quote<\/h1>\n        <\/div>\n    <\/div>\n<h3 class=\"wp-block-heading\" id=\"h-your-distributor-of-choice-will-be-following-up-with-you-soon\">El distribuidor que elijas se pondr\u00e1 en contacto contigo en breve.<\/h3>\n\n<h3 class=\"wp-block-heading\" id=\"h-click-here-to-configure-another-product\">Haz clic <a href=\"https:\/\/apgsolutions.com\/es\/configurator\/\">aqu\u00ed<\/a> para configurar otro producto.<\/h3>\n\n<p>Nos encantar\u00eda conocer tu opini\u00f3n sobre nosotros. Haz clic <a href=\"https:\/\/apgsolutions.com\/es\/customer-satisfaction-survey-2\/\">aqu\u00ed<\/a> para responder a nuestra encuesta de una pregunta. <\/p>\n\n<p>No dudes en explorar los enlaces siguientes y obtener m\u00e1s informaci\u00f3n sobre la Cajera APG:<\/p>\n\n<ul class=\"wp-block-list\">\n<li><a href=\"https:\/\/apgsolutions.com\/es\/productos\/\">Productos APG<\/a><\/li>\n\n\n\n<li><a href=\"https:\/\/apgsolutions.com\/es\/llaves-y-cerraduras\/\">Llaves y cerraduras<\/a><\/li>\n\n\n\n<li><a href=\"\/products\/integration-systems\/\">Sistemas de integraci\u00f3n<\/a><\/li>\n\n\n\n<li><a href=\"https:\/\/apgsolutions.com\/es\/acerca-de-apg-cash-drawer\/\">\u00bfPor qu\u00e9 elegir el caj\u00f3n portamonedas APG?<\/a><\/li>\n\n\n\n<li><a href=\"https:\/\/apgsolutions.com\/es\/press\/\">Sala de prensa<\/a><\/li>\n\n\n\n<li><a href=\"https:\/\/apgsolutions.com\/es\/configurator\/\">Configurador de n\u00fameros de pieza<\/a><\/li>\n\n\n\n<li><a href=\"https:\/\/apgsolutions.com\/es\/recursos\/\">Recursos APG<\/a><\/li>\n<\/ul>\n\n<p>\u00a1Lee el <a href=\"https:\/\/apgsolutions.com\/es\/blog\/\">blog<\/a> de APG Cash Drawer y mantente al d\u00eda de las noticias del sector!<\/p>\n","protected":false},"excerpt":{"rendered":"<p>El distribuidor que elijas se pondr\u00e1 en contacto contigo en breve. Haz clic aqu\u00ed para configurar otro producto. Nos encantar\u00eda conocer tu opini\u00f3n sobre nosotros. Haz clic aqu\u00ed para responder a nuestra encuesta de una pregunta. No dudes en explorar los enlaces siguientes y obtener m\u00e1s informaci\u00f3n sobre la Cajera APG: \u00a1Lee el blog de [&hellip;]<\/p>\n","protected":false},"author":4,"featured_media":0,"parent":0,"menu_order":0,"comment_status":"closed","ping_status":"closed","template":"","meta":{"_acf_changed":false,"content-type":"","footnotes":""},"class_list":["post-92647","page","type-page","status-publish"],"yoast_head":"<!-- This site is optimized with the Yoast SEO Premium plugin v23.5 (Yoast SEO v27.2) - https:\/\/yoast.com\/product\/yoast-seo-premium-wordpress\/ -->\n<title>Gracias por solicitar un presupuesto | Soluciones apg<\/title>\n<meta name=\"robots\" content=\"noindex, follow\" \/>\n<meta property=\"og:locale\" content=\"es_ES\" \/>\n<meta property=\"og:type\" content=\"article\" \/>\n<meta property=\"og:title\" content=\"Gracias por solicitar un presupuesto | Soluciones apg\" \/>\n<meta property=\"og:description\" content=\"El distribuidor que elijas se pondr\u00e1 en contacto contigo en breve. Haz clic aqu\u00ed para configurar otro producto. Nos encantar\u00eda conocer tu opini\u00f3n sobre nosotros. Haz clic aqu\u00ed para responder a nuestra encuesta de una pregunta. No dudes en explorar los enlaces siguientes y obtener m\u00e1s informaci\u00f3n sobre la Cajera APG: \u00a1Lee el blog de [&hellip;]\" \/>\n<meta property=\"og:url\" content=\"https:\/\/apgsolutions.com\/es\/thank-quote-request\/\" \/>\n<meta property=\"og:site_name\" content=\"apg\u00ae Solutions\" \/>\n<meta property=\"article:publisher\" content=\"https:\/\/www.facebook.com\/apgglobalsolutions\" \/>\n<meta property=\"article:modified_time\" content=\"2026-01-22T14:42:30+00:00\" \/>\n<meta name=\"twitter:card\" content=\"summary_large_image\" \/>\n<meta name=\"twitter:site\" content=\"@apg_solutions\" \/>\n<meta name=\"twitter:label1\" content=\"Tiempo de lectura\" \/>\n\t<meta name=\"twitter:data1\" content=\"1 minuto\" \/>\n<script type=\"application\/ld+json\" class=\"yoast-schema-graph\">{\"@context\":\"https:\/\/schema.org\",\"@graph\":[{\"@type\":\"WebPage\",\"@id\":\"https:\/\/apgsolutions.com\/es\/thank-quote-request\/\",\"url\":\"https:\/\/apgsolutions.com\/es\/thank-quote-request\/\",\"name\":\"Gracias por solicitar un presupuesto | Soluciones apg\",\"isPartOf\":{\"@id\":\"https:\/\/apgsolutions.com\/es\/#website\"},\"datePublished\":\"2025-09-09T07:49:43+00:00\",\"dateModified\":\"2026-01-22T14:42:30+00:00\",\"inLanguage\":\"es\",\"potentialAction\":[{\"@type\":\"ReadAction\",\"target\":[\"https:\/\/apgsolutions.com\/es\/thank-quote-request\/\"]}]},{\"@type\":\"WebSite\",\"@id\":\"https:\/\/apgsolutions.com\/es\/#website\",\"url\":\"https:\/\/apgsolutions.com\/es\/\",\"name\":\"APG Solutions, LLC\",\"description\":\"Trust at every point.\",\"publisher\":{\"@id\":\"https:\/\/apgsolutions.com\/es\/#organization\"},\"potentialAction\":[{\"@type\":\"SearchAction\",\"target\":{\"@type\":\"EntryPoint\",\"urlTemplate\":\"https:\/\/apgsolutions.com\/es\/?s={search_term_string}\"},\"query-input\":{\"@type\":\"PropertyValueSpecification\",\"valueRequired\":true,\"valueName\":\"search_term_string\"}}],\"inLanguage\":\"es\"},{\"@type\":\"Organization\",\"@id\":\"https:\/\/apgsolutions.com\/es\/#organization\",\"name\":\"APG Solution, LLC\",\"url\":\"https:\/\/apgsolutions.com\/es\/\",\"logo\":{\"@type\":\"ImageObject\",\"inLanguage\":\"es\",\"@id\":\"https:\/\/apgsolutions.com\/es\/#\/schema\/logo\/image\/\",\"url\":\"https:\/\/apgsolutions.com\/wp-content\/uploads\/2023\/12\/logomark-color.svg\",\"contentUrl\":\"https:\/\/apgsolutions.com\/wp-content\/uploads\/2023\/12\/logomark-color.svg\",\"width\":141,\"height\":138,\"caption\":\"APG Solution, LLC\"},\"image\":{\"@id\":\"https:\/\/apgsolutions.com\/es\/#\/schema\/logo\/image\/\"},\"sameAs\":[\"https:\/\/www.facebook.com\/apgglobalsolutions\",\"https:\/\/x.com\/apg_solutions\",\"https:\/\/www.youtube.com\/c\/CashManagementGlobalSolutionsbyapg\",\"https:\/\/www.linkedin.com\/company\/apgglobalsolutions\/\",\"https:\/\/www.instagram.com\/apgglobalsolutions\/\",\"https:\/\/www.pinterest.com\/apgcashdrawer\/\"]}]}<\/script>\n<!-- \/ Yoast SEO Premium plugin. -->","yoast_head_json":{"title":"Gracias por solicitar un presupuesto | Soluciones apg","robots":{"index":"noindex","follow":"follow"},"og_locale":"es_ES","og_type":"article","og_title":"Gracias por solicitar un presupuesto | Soluciones apg","og_description":"El distribuidor que elijas se pondr\u00e1 en contacto contigo en breve. Haz clic aqu\u00ed para configurar otro producto. Nos encantar\u00eda conocer tu opini\u00f3n sobre nosotros. Haz clic aqu\u00ed para responder a nuestra encuesta de una pregunta. No dudes en explorar los enlaces siguientes y obtener m\u00e1s informaci\u00f3n sobre la Cajera APG: \u00a1Lee el blog de [&hellip;]","og_url":"https:\/\/apgsolutions.com\/es\/thank-quote-request\/","og_site_name":"apg\u00ae Solutions","article_publisher":"https:\/\/www.facebook.com\/apgglobalsolutions","article_modified_time":"2026-01-22T14:42:30+00:00","twitter_card":"summary_large_image","twitter_site":"@apg_solutions","twitter_misc":{"Tiempo de lectura":"1 minuto"},"schema":{"@context":"https:\/\/schema.org","@graph":[{"@type":"WebPage","@id":"https:\/\/apgsolutions.com\/es\/thank-quote-request\/","url":"https:\/\/apgsolutions.com\/es\/thank-quote-request\/","name":"Gracias por solicitar un presupuesto | Soluciones apg","isPartOf":{"@id":"https:\/\/apgsolutions.com\/es\/#website"},"datePublished":"2025-09-09T07:49:43+00:00","dateModified":"2026-01-22T14:42:30+00:00","inLanguage":"es","potentialAction":[{"@type":"ReadAction","target":["https:\/\/apgsolutions.com\/es\/thank-quote-request\/"]}]},{"@type":"WebSite","@id":"https:\/\/apgsolutions.com\/es\/#website","url":"https:\/\/apgsolutions.com\/es\/","name":"APG Solutions, LLC","description":"Trust at every point.","publisher":{"@id":"https:\/\/apgsolutions.com\/es\/#organization"},"potentialAction":[{"@type":"SearchAction","target":{"@type":"EntryPoint","urlTemplate":"https:\/\/apgsolutions.com\/es\/?s={search_term_string}"},"query-input":{"@type":"PropertyValueSpecification","valueRequired":true,"valueName":"search_term_string"}}],"inLanguage":"es"},{"@type":"Organization","@id":"https:\/\/apgsolutions.com\/es\/#organization","name":"APG Solution, LLC","url":"https:\/\/apgsolutions.com\/es\/","logo":{"@type":"ImageObject","inLanguage":"es","@id":"https:\/\/apgsolutions.com\/es\/#\/schema\/logo\/image\/","url":"https:\/\/apgsolutions.com\/wp-content\/uploads\/2023\/12\/logomark-color.svg","contentUrl":"https:\/\/apgsolutions.com\/wp-content\/uploads\/2023\/12\/logomark-color.svg","width":141,"height":138,"caption":"APG Solution, LLC"},"image":{"@id":"https:\/\/apgsolutions.com\/es\/#\/schema\/logo\/image\/"},"sameAs":["https:\/\/www.facebook.com\/apgglobalsolutions","https:\/\/x.com\/apg_solutions","https:\/\/www.youtube.com\/c\/CashManagementGlobalSolutionsbyapg","https:\/\/www.linkedin.com\/company\/apgglobalsolutions\/","https:\/\/www.instagram.com\/apgglobalsolutions\/","https:\/\/www.pinterest.com\/apgcashdrawer\/"]}]}},"acf":[],"_links":{"self":[{"href":"https:\/\/apgsolutions.com\/es\/wp-json\/wp\/v2\/pages\/92647","targetHints":{"allow":["GET"]}}],"collection":[{"href":"https:\/\/apgsolutions.com\/es\/wp-json\/wp\/v2\/pages"}],"about":[{"href":"https:\/\/apgsolutions.com\/es\/wp-json\/wp\/v2\/types\/page"}],"author":[{"embeddable":true,"href":"https:\/\/apgsolutions.com\/es\/wp-json\/wp\/v2\/users\/4"}],"replies":[{"embeddable":true,"href":"https:\/\/apgsolutions.com\/es\/wp-json\/wp\/v2\/comments?post=92647"}],"version-history":[{"count":3,"href":"https:\/\/apgsolutions.com\/es\/wp-json\/wp\/v2\/pages\/92647\/revisions"}],"predecessor-version":[{"id":98397,"href":"https:\/\/apgsolutions.com\/es\/wp-json\/wp\/v2\/pages\/92647\/revisions\/98397"}],"wp:attachment":[{"href":"https:\/\/apgsolutions.com\/es\/wp-json\/wp\/v2\/media?parent=92647"}],"curies":[{"name":"wp","href":"https:\/\/api.w.org\/{rel}","templated":true}]}}