{"id":93162,"date":"2025-09-19T11:00:41","date_gmt":"2025-09-19T11:00:41","guid":{"rendered":"https:\/\/apgsolutions.com\/productos\/soluciones-de-interfaz-y-movilidad\/"},"modified":"2026-02-17T12:44:17","modified_gmt":"2026-02-17T12:44:17","slug":"soluciones-de-interfaz-y-movilidad","status":"publish","type":"page","link":"https:\/\/apgsolutions.com\/es\/productos\/soluciones-de-interfaz-y-movilidad\/","title":{"rendered":"Soluciones de movilidad e interfaz"},"content":{"rendered":"<div class=\"section_page-header \">\n    <img decoding=\"async\" class=\"header-image\" src=\"https:\/\/apgsolutions.com\/wp-content\/uploads\/2025\/04\/MobilityBanner-1.png\" alt=\"MobilityBanner\" title=\"MobilityBanner\">\n            <div class=\"header-content\">\n            <h1>apg\u00ae Mobility and Interface Solutions for POS<\/h1>\n        <\/div>\n    <\/div>\n<h2 class=\"wp-block-heading has-text-align-center heading-arrow has-large-font-size\" id=\"h-apg-brings-innovative-mobility-and-interface-solutions-to-enhance-your-pos-system\">apg\u00ae aporta soluciones innovadoras de movilidad e interfaz para mejorar tu sistema de punto de venta.<\/h2>\n\n<p class=\"has-text-align-center\">Con las soluciones avanzadas de movilidad e interfaz de apg, puedes garantizar unas operaciones eficientes y din\u00e1micas al tiempo que ofreces una experiencia de compra excepcional. Adem\u00e1s, los cajones portamonedas conectados de apg ofrecen s\u00f3lidas funciones de seguridad, como supervisi\u00f3n en tiempo real, registro de transacciones y alertas de seguridad para una mejor prevenci\u00f3n y gesti\u00f3n de p\u00e9rdidas. <\/p>\n\n<div style=\"height:50px\" aria-hidden=\"true\" class=\"wp-block-spacer\"><\/div>\n\n<h3 class=\"wp-block-heading has-text-align-center\" id=\"h-mobility-solutions\">Soluciones de movilidad<\/h3>\n\n<div class=\"wp-block-columns graybox is-layout-flex wp-container-core-columns-is-layout-9d6595d7 wp-block-columns-is-layout-flex\">\n<div class=\"wp-block-column is-layout-flow wp-block-column-is-layout-flow\">\n<div class=\"wp-block-columns is-layout-flex wp-container-core-columns-is-layout-9d6595d7 wp-block-columns-is-layout-flex\">\n<div class=\"wp-block-column is-layout-flow wp-block-column-is-layout-flow\" style=\"flex-basis:100%\">\n<video controls=\"\" width=\"500\" height=\"375\" poster=\"https:\/\/apgsolutions.com\/wp-content\/uploads\/2026\/02\/ShareTillxNetPRO-Video-Thumbnail.png\">\n  <source src=\"https:\/\/apgsolutions.com\/wp-content\/uploads\/2026\/02\/Multi-Interface-Cash-Drawers.mp4\" type=\"video\/mp4\">\n  Tu navegador no admite la etiqueta de v\u00eddeo.\n<\/source><\/video>\n<\/div>\n<\/div>\n<\/div>\n\n\n\n<div class=\"wp-block-column is-layout-flow wp-block-column-is-layout-flow\">\n<h4 class=\"wp-block-heading\" id=\"h-netpro-and-sharetill\">NetPRO\u00ae y ShareTill<\/h4>\n\n\n\n<p>Las interfaces NetPRO\u00ae y ShareTill\u00ae te permiten integrarte a la perfecci\u00f3n con nuestra variada gama de cajones portamonedas preparados para Ethernet. Cuando te asocias con uno de nuestros proveedores de software de confianza<br\/>, la gesti\u00f3n del hardware de tu TPV<br\/>se convierte en un juego de ni\u00f1os. <\/p>\n\n\n\n<p><strong>Tipos de negocio:<\/strong><br\/>Todos los formatos de venta al por menor<\/p>\n\n\n\n<p><strong>Disponible en:<\/strong><br\/>EE.UU., Canad\u00e1, Europa, Asia<\/p>\n\n\n\n<div class=\"wp-block-buttons is-layout-flex wp-block-buttons-is-layout-flex\">\n<div class=\"wp-block-button\"><a class=\"wp-block-button__link wp-element-button\" href=\"https:\/\/apgsolutions.com\/products\/mobility-interface-solutions\/netpro\">CONFIGURAR Y VER RECURSOS<\/a><\/div>\n<\/div>\n<\/div>\n<\/div>\n\n<div style=\"height:50px\" aria-hidden=\"true\" class=\"wp-block-spacer\"><\/div>\n\n<h3 class=\"wp-block-heading has-text-align-center has-large-font-size\" id=\"h-usb-type-interface\">Interfaz de tipo USB<\/h3>\n\n<div class=\"wp-block-columns is-layout-flex wp-container-core-columns-is-layout-9d6595d7 wp-block-columns-is-layout-flex\">\n<div class=\"wp-block-column graybox is-layout-flow wp-block-column-is-layout-flow\">\n<h4 class=\"wp-block-heading has-medium-font-size\" id=\"h-usbpro-interface\">Interfaz USBPro<\/h4>\n\n\n\n<p>Interfaz USB 554B<\/p>\n\n\n\n<figure class=\"wp-block-image size-full\"><img fetchpriority=\"high\" decoding=\"async\" width=\"640\" height=\"400\" src=\"https:\/\/apgsolutions.com\/wp-content\/uploads\/2025\/04\/USBPort.png\" alt=\"USBPort\" class=\"wp-image-89732\" srcset=\"https:\/\/apgsolutions.com\/wp-content\/uploads\/2025\/04\/USBPort.png 640w, https:\/\/apgsolutions.com\/wp-content\/uploads\/2025\/04\/USBPort-300x188.png 300w, https:\/\/apgsolutions.com\/wp-content\/uploads\/2025\/04\/USBPort-50x31.png 50w, https:\/\/apgsolutions.com\/wp-content\/uploads\/2025\/04\/USBPort-550x344.png 550w, https:\/\/apgsolutions.com\/wp-content\/uploads\/2025\/04\/USBPort-80x50.png 80w, https:\/\/apgsolutions.com\/wp-content\/uploads\/2025\/04\/USBPort-600x375.png 600w\" sizes=\"(max-width: 640px) 100vw, 640px\" \/><\/figure>\n\n\n\n<p>Proporciona una soluci\u00f3n USB rentable para cajones portamonedas, con integraci\u00f3n perfecta en TPV, notificaciones autom\u00e1ticas de eventos y f\u00e1cil configuraci\u00f3n mediante un LED de diagn\u00f3stico. apg dispone de una serie de bibliotecas (incluidas OPOS, JavaPOS y .NET) para facilitar la integraci\u00f3n y el desarrollo de nuestras interfaces USB. <\/p>\n\n\n\n<p><strong>Tipos de negocio: <\/strong>Todos los formatos de venta al por menor<br\/><strong>Disponible en:<\/strong> EE.UU., Canad\u00e1, Europa, Asia<\/p>\n\n\n\n<div class=\"wp-block-buttons is-layout-flex wp-block-buttons-is-layout-flex\">\n<div class=\"wp-block-button\"><a class=\"wp-block-button__link wp-element-button\" href=\"https:\/\/apgsolutions.com\/wp-content\/uploads\/2024\/03\/Interface-comparison-Chart-M-43-496-Rev.-C-English-NA.pdf\">Descargar cuadro comparativo<\/a><\/div>\n<\/div>\n<\/div>\n\n\n\n<div class=\"wp-block-column graybox is-layout-flow wp-block-column-is-layout-flow\">\n<h4 class=\"wp-block-heading has-medium-font-size\" id=\"h-usbprolite-interface\">Interfaz USBProLite<\/h4>\n\n\n\n<p>Interfaz 485 USBProLite<\/p>\n\n\n\n<figure class=\"wp-block-image size-full\"><img fetchpriority=\"high\" decoding=\"async\" width=\"640\" height=\"400\" src=\"https:\/\/apgsolutions.com\/wp-content\/uploads\/2025\/04\/USBPort.png\" alt=\"USBPort\" class=\"wp-image-89732\" srcset=\"https:\/\/apgsolutions.com\/wp-content\/uploads\/2025\/04\/USBPort.png 640w, https:\/\/apgsolutions.com\/wp-content\/uploads\/2025\/04\/USBPort-300x188.png 300w, https:\/\/apgsolutions.com\/wp-content\/uploads\/2025\/04\/USBPort-50x31.png 50w, https:\/\/apgsolutions.com\/wp-content\/uploads\/2025\/04\/USBPort-550x344.png 550w, https:\/\/apgsolutions.com\/wp-content\/uploads\/2025\/04\/USBPort-80x50.png 80w, https:\/\/apgsolutions.com\/wp-content\/uploads\/2025\/04\/USBPort-600x375.png 600w\" sizes=\"(max-width: 640px) 100vw, 640px\" \/><\/figure>\n\n\n\n<p>Una soluci\u00f3n c\u00f3moda y econ\u00f3mica para los sistemas de TPV que utilizan protocolos de comunicaci\u00f3n serie. Adem\u00e1s, se proporcionan controladores OPOS para los sistemas de TPV OPOS. <\/p>\n\n\n\n<p><strong>Tipos de negocio:<\/strong> Todos los formatos de venta al por menor<br\/><strong>Disponible en: <\/strong>EE.UU., Canad\u00e1, Europa, Asia<\/p>\n\n\n\n<div class=\"wp-block-buttons is-layout-flex wp-block-buttons-is-layout-flex\">\n<div class=\"wp-block-button\"><a class=\"wp-block-button__link wp-element-button\" href=\"https:\/\/apgsolutions.com\/press-article\/apg-expands-its-usb-offerings-releasing-an-interface-for-quick-serial-emulation-and-enhanced-mpos-integration\/\">Saber m\u00e1s<\/a><\/div>\n<\/div>\n<\/div>\n<\/div>\n\n<div style=\"height:50px\" aria-hidden=\"true\" class=\"wp-block-spacer\"><\/div>\n\n<h3 class=\"wp-block-heading has-text-align-center has-large-font-size\" id=\"h-cable-type-interface\">Tipo de cable Interfaz<\/h3>\n\n<div style=\"height:50px\" aria-hidden=\"true\" class=\"wp-block-spacer\"><\/div>\n\n<div class=\"wp-block-columns is-layout-flex wp-container-core-columns-is-layout-9d6595d7 wp-block-columns-is-layout-flex\">\n<div class=\"wp-block-column is-layout-flow wp-block-column-is-layout-flow\"><div class=\"wp-block-image\">\n<figure class=\"aligncenter size-full is-resized\"><img decoding=\"async\" width=\"280\" height=\"314\" src=\"https:\/\/apgsolutions.com\/wp-content\/uploads\/2025\/04\/cables.webp\" alt=\"cables\" class=\"wp-image-89879\" style=\"width:399px;height:auto\" srcset=\"https:\/\/apgsolutions.com\/wp-content\/uploads\/2025\/04\/cables.webp 280w, https:\/\/apgsolutions.com\/wp-content\/uploads\/2025\/04\/cables-268x300.webp 268w, https:\/\/apgsolutions.com\/wp-content\/uploads\/2025\/04\/cables-50x56.webp 50w, https:\/\/apgsolutions.com\/wp-content\/uploads\/2025\/04\/cables-71x80.webp 71w\" sizes=\"(max-width: 280px) 100vw, 280px\" \/><\/figure>\n<\/div><\/div>\n\n\n\n<div class=\"wp-block-column is-layout-flow wp-block-column-is-layout-flow\">\n<h4 class=\"wp-block-heading has-medium-font-size\" id=\"h-multipro-printer-driven-interface\">Interfaz MultiPRO\u00ae controlada por impresora<\/h4>\n\n\n\n<p>Conecta tu caj\u00f3n portamonedas mediante una variedad de cables intercambiables a impresoras de recibos y terminales de punto de venta utilizando la Interfaz MultiPRO\u00ae.  <\/p>\n\n\n\n<p>Disponible para: Cajones portamonedas de las series 100, 4000, Minota, Arlo y Vasario.<\/p>\n\n\n\n<p>&#8211;<\/p>\n\n\n\n<p>&#8211; Interfaz MultiPRO n\u00ba 320 (24 V)<br\/>&#8211; Interfaz MultiPRO n\u00ba 320-1 (24 V con cable CD-101A)<br\/>&#8211; Interfaz MultiPRO II n\u00ba 420 (12 V)<br\/>&#8211; Interfaz MultiPRO III n\u00ba 520 (12\/24 V)<\/p>\n\n\n\n<p><strong>Tipos de negocio: <\/strong>Todos los formatos de venta al por menor<br\/><strong>Disponible en:<\/strong> EE.UU., Canad\u00e1, Europa, Asia<\/p>\n\n\n\n<div class=\"wp-block-buttons is-layout-flex wp-block-buttons-is-layout-flex\">\n<div class=\"wp-block-button\"><a class=\"wp-block-button__link wp-element-button\" href=\"https:\/\/apgsolutions.com\/wp-content\/uploads\/2024\/03\/Interface-comparison-Chart-M-43-496-Rev.-C-English-NA.pdf\">Descargar cuadro comparativo<\/a><\/div>\n<\/div>\n<\/div>\n<\/div>\n\n<div class=\"wp-block-columns is-layout-flex wp-container-core-columns-is-layout-9d6595d7 wp-block-columns-is-layout-flex\">\n<div class=\"wp-block-column is-layout-flow wp-block-column-is-layout-flow\">\n<h4 class=\"wp-block-heading has-medium-font-size\" id=\"h-directpro-hard-wired-interface\">Interfaz DirectPRO<\/h4>\n\n\n\n<p>The DirectPRO\u2122 Interface is a hardwired solution that is compatible<br\/>with a variety of host devices listed in the apg <a href=\"https:\/\/apgsolutions.com\/wp-content\/uploads\/2023\/06\/M-43-031_revAT-PDF.pdf\">connectivity guide<\/a>.<br\/>We offer a wide array of purpose-built cash drawer solutions tailored<br\/>to the CDKO ports commonly found in POS receipt printers and cash<br\/>register systems. We have hard wired, direct connections for virtually<br\/>any receipt printer or POS system on the market. Ideally suited for<br\/>economical installs where the printer or POS system is unlikely to<br\/>change.<\/p>\n\n\n\n<p><strong>Tipos de negocio: <\/strong>Todo tipo de comercios en los que la impresora y la caja registradora est\u00e9n ubicadas en el mismo lugar<br\/><strong>Disponible en: <\/strong>EE.UU., Canad\u00e1, Europa, Asia<\/p>\n\n\n\n<div class=\"wp-block-buttons is-layout-flex wp-block-buttons-is-layout-flex\">\n<div class=\"wp-block-button\"><a class=\"wp-block-button__link wp-element-button\" href=\"https:\/\/apgsolutions.com\/wp-content\/uploads\/2024\/03\/Interface-comparison-Chart-M-43-496-Rev.-C-English-NA.pdf\">Descargar cuadro comparativo<\/a><\/div>\n<\/div>\n<\/div>\n\n\n\n<div class=\"wp-block-column is-layout-flow wp-block-column-is-layout-flow\">\n<figure class=\"wp-block-image size-full\"><img fetchpriority=\"high\" decoding=\"async\" width=\"640\" height=\"400\" src=\"https:\/\/apgsolutions.com\/wp-content\/uploads\/2025\/04\/USBPort.png\" alt=\"USBPort\" class=\"wp-image-89732\" srcset=\"https:\/\/apgsolutions.com\/wp-content\/uploads\/2025\/04\/USBPort.png 640w, https:\/\/apgsolutions.com\/wp-content\/uploads\/2025\/04\/USBPort-300x188.png 300w, https:\/\/apgsolutions.com\/wp-content\/uploads\/2025\/04\/USBPort-50x31.png 50w, https:\/\/apgsolutions.com\/wp-content\/uploads\/2025\/04\/USBPort-550x344.png 550w, https:\/\/apgsolutions.com\/wp-content\/uploads\/2025\/04\/USBPort-80x50.png 80w, https:\/\/apgsolutions.com\/wp-content\/uploads\/2025\/04\/USBPort-600x375.png 600w\" sizes=\"(max-width: 640px) 100vw, 640px\" \/><\/figure>\n<\/div>\n<\/div>\n\n<div class=\"wp-block-columns is-layout-flex wp-container-core-columns-is-layout-9d6595d7 wp-block-columns-is-layout-flex\">\n<div class=\"wp-block-column is-layout-flow wp-block-column-is-layout-flow\">\n<figure class=\"wp-block-image size-full\"><img decoding=\"async\" width=\"850\" height=\"566\" src=\"https:\/\/apgsolutions.com\/wp-content\/uploads\/2025\/04\/MUL-Interface-apg-cash-drawer.png\" alt=\"MUL Interface apg cash drawer\" class=\"wp-image-89908\" srcset=\"https:\/\/apgsolutions.com\/wp-content\/uploads\/2025\/04\/MUL-Interface-apg-cash-drawer.png 850w, https:\/\/apgsolutions.com\/wp-content\/uploads\/2025\/04\/MUL-Interface-apg-cash-drawer-300x200.png 300w, https:\/\/apgsolutions.com\/wp-content\/uploads\/2025\/04\/MUL-Interface-apg-cash-drawer-768x511.png 768w, https:\/\/apgsolutions.com\/wp-content\/uploads\/2025\/04\/MUL-Interface-apg-cash-drawer-50x33.png 50w, https:\/\/apgsolutions.com\/wp-content\/uploads\/2025\/04\/MUL-Interface-apg-cash-drawer-550x366.png 550w, https:\/\/apgsolutions.com\/wp-content\/uploads\/2025\/04\/MUL-Interface-apg-cash-drawer-80x53.png 80w, https:\/\/apgsolutions.com\/wp-content\/uploads\/2025\/04\/MUL-Interface-apg-cash-drawer-600x400.png 600w\" sizes=\"(max-width: 850px) 100vw, 850px\" \/><\/figure>\n<\/div>\n\n\n\n<div class=\"wp-block-column is-layout-flow wp-block-column-is-layout-flow\">\n<h4 class=\"wp-block-heading has-medium-font-size\" id=\"h-mul-interface\">Interfaz MUL<\/h4>\n\n\n\n<p>La interfaz apg\u00ae MUL (Multivoltaje) est\u00e1 dise\u00f1ada para tomar un caj\u00f3n portamonedas<br\/>y conectarlo, mediante una variedad de cables intercambiables, a impresoras de recibos y terminales de punto de venta<br\/>. El cable RJ45 desmontable se puede<br\/>cambiar in situ, lo que permite que las cajas registradoras equipadas con la interfaz MUL<br\/>se adapten a un terminal o impresora diferentes. Dise\u00f1ado en modelos europeos de nuestros cajones Legend, como el SL3000, 460MOD03, Micro, STD2000 y FLEXI.    <\/p>\n\n\n\n<p><strong>Tipos de negocio:<\/strong> Todos los formatos de venta al por menor<br\/><strong>Disponible en: <\/strong>EE.UU., Canad\u00e1, Europa, Asia<\/p>\n\n\n\n<div class=\"wp-block-buttons is-layout-flex wp-block-buttons-is-layout-flex\">\n<div class=\"wp-block-button\"><a class=\"wp-block-button__link wp-element-button\" href=\"https:\/\/apgsolutions.com\/wp-content\/uploads\/2024\/03\/Interface-comparison-Chart-M-43-496-Rev.-C-English-NA.pdf\">Descargar cuadro comparativo<\/a><\/div>\n<\/div>\n<\/div>\n<\/div>\n\n<div style=\"height:50px\" aria-hidden=\"true\" class=\"wp-block-spacer\"><\/div>\n\n<h2 class=\"wp-block-heading has-text-align-center\" id=\"h-contact-us\">Contacta con nosotras<\/h2>\n\n<p class=\"has-text-align-center\">\u00a1Nos encantar\u00eda tener noticias tuyas! Rellena este formulario y nos pondremos en contacto contigo en breve <\/p>\n\n<div class=\"wp-block-group\"><div class=\"wp-block-group__inner-container is-layout-constrained wp-block-group-is-layout-constrained\">\n<script charset=\"utf-8\" type=\"text\/javascript\" src=\"\/\/js.hsforms.net\/forms\/embed\/v2.js\"><\/script><script>hbspt.forms.create({\n    portalId: \"3337275\",\n    formId: \"86f263e5-5d6a-4dd6-af45-6a445ee94fcc\",\n    region: \"na1\",\n    onFormSubmitted: function() {\n      window.location.href = \"https:\/\/apgsolutions.com\/thank-you-for-contacting-apg-cash-drawer\/\";\n    }\n  });\n<\/script>\n<\/div><\/div>\n","protected":false},"excerpt":{"rendered":"<p>apg\u00ae aporta soluciones innovadoras de movilidad e interfaz para mejorar tu sistema de punto de venta. Con las soluciones avanzadas de movilidad e interfaz de apg, puedes garantizar unas operaciones eficientes y din\u00e1micas al tiempo que ofreces una experiencia de compra excepcional. Adem\u00e1s, los cajones portamonedas conectados de apg ofrecen s\u00f3lidas funciones de seguridad, como [&hellip;]<\/p>\n","protected":false},"author":2921,"featured_media":0,"parent":92474,"menu_order":0,"comment_status":"closed","ping_status":"closed","template":"","meta":{"_acf_changed":false,"content-type":"","footnotes":""},"class_list":["post-93162","page","type-page","status-publish"],"yoast_head":"<!-- This site is optimized with the Yoast SEO Premium plugin v23.5 (Yoast SEO v27.2) - https:\/\/yoast.com\/product\/yoast-seo-premium-wordpress\/ -->\n<title>Soluciones de Movilidad e Interfaz | apg<\/title>\n<meta name=\"description\" content=\"Integra tus cajones portamonedas con aplicaciones m\u00f3viles para permitir transacciones fluidas en cualquier lugar de la tienda.\" \/>\n<meta name=\"robots\" content=\"index, follow, max-snippet:-1, max-image-preview:large, max-video-preview:-1\" \/>\n<link rel=\"canonical\" href=\"https:\/\/apgsolutions.com\/es\/productos\/soluciones-de-interfaz-y-movilidad\/\" \/>\n<meta property=\"og:locale\" content=\"es_ES\" \/>\n<meta property=\"og:type\" content=\"article\" \/>\n<meta property=\"og:title\" content=\"Soluciones de Movilidad e Interfaz | apg\" \/>\n<meta property=\"og:description\" content=\"Integra tus cajones portamonedas con aplicaciones m\u00f3viles para permitir transacciones fluidas en cualquier lugar de la tienda.\" \/>\n<meta property=\"og:url\" content=\"https:\/\/apgsolutions.com\/es\/productos\/soluciones-de-interfaz-y-movilidad\/\" \/>\n<meta property=\"og:site_name\" content=\"apg\u00ae Solutions\" \/>\n<meta property=\"article:publisher\" content=\"https:\/\/www.facebook.com\/apgglobalsolutions\" \/>\n<meta property=\"article:modified_time\" content=\"2026-02-17T12:44:17+00:00\" \/>\n<meta property=\"og:image\" content=\"https:\/\/apgsolutions.com\/wp-content\/uploads\/2025\/04\/USBPort.png\" \/>\n<meta name=\"twitter:card\" content=\"summary_large_image\" \/>\n<meta name=\"twitter:site\" content=\"@apg_solutions\" \/>\n<meta name=\"twitter:label1\" content=\"Tiempo de lectura\" \/>\n\t<meta name=\"twitter:data1\" content=\"3 minutos\" \/>\n<script type=\"application\/ld+json\" class=\"yoast-schema-graph\">{\"@context\":\"https:\/\/schema.org\",\"@graph\":[{\"@type\":\"WebPage\",\"@id\":\"https:\/\/apgsolutions.com\/es\/productos\/soluciones-de-interfaz-y-movilidad\/\",\"url\":\"https:\/\/apgsolutions.com\/es\/productos\/soluciones-de-interfaz-y-movilidad\/\",\"name\":\"Soluciones de Movilidad e Interfaz | apg\",\"isPartOf\":{\"@id\":\"https:\/\/apgsolutions.com\/es\/#website\"},\"primaryImageOfPage\":{\"@id\":\"https:\/\/apgsolutions.com\/es\/productos\/soluciones-de-interfaz-y-movilidad\/#primaryimage\"},\"image\":{\"@id\":\"https:\/\/apgsolutions.com\/es\/productos\/soluciones-de-interfaz-y-movilidad\/#primaryimage\"},\"thumbnailUrl\":\"https:\/\/apgsolutions.com\/wp-content\/uploads\/2025\/04\/USBPort.png\",\"datePublished\":\"2025-09-19T11:00:41+00:00\",\"dateModified\":\"2026-02-17T12:44:17+00:00\",\"description\":\"Integra tus cajones portamonedas con aplicaciones m\u00f3viles para permitir transacciones fluidas en cualquier lugar de la tienda.\",\"breadcrumb\":{\"@id\":\"https:\/\/apgsolutions.com\/es\/productos\/soluciones-de-interfaz-y-movilidad\/#breadcrumb\"},\"inLanguage\":\"es\",\"potentialAction\":[{\"@type\":\"ReadAction\",\"target\":[\"https:\/\/apgsolutions.com\/es\/productos\/soluciones-de-interfaz-y-movilidad\/\"]}]},{\"@type\":\"ImageObject\",\"inLanguage\":\"es\",\"@id\":\"https:\/\/apgsolutions.com\/es\/productos\/soluciones-de-interfaz-y-movilidad\/#primaryimage\",\"url\":\"https:\/\/apgsolutions.com\/wp-content\/uploads\/2025\/04\/USBPort.png\",\"contentUrl\":\"https:\/\/apgsolutions.com\/wp-content\/uploads\/2025\/04\/USBPort.png\"},{\"@type\":\"BreadcrumbList\",\"@id\":\"https:\/\/apgsolutions.com\/es\/productos\/soluciones-de-interfaz-y-movilidad\/#breadcrumb\",\"itemListElement\":[{\"@type\":\"ListItem\",\"position\":1,\"name\":\"Productos\",\"item\":\"https:\/\/apgsolutions.com\/es\/productos\/\"},{\"@type\":\"ListItem\",\"position\":2,\"name\":\"Soluciones de movilidad e interfaz\"}]},{\"@type\":\"WebSite\",\"@id\":\"https:\/\/apgsolutions.com\/es\/#website\",\"url\":\"https:\/\/apgsolutions.com\/es\/\",\"name\":\"APG Solutions, LLC\",\"description\":\"Trust at every point.\",\"publisher\":{\"@id\":\"https:\/\/apgsolutions.com\/es\/#organization\"},\"potentialAction\":[{\"@type\":\"SearchAction\",\"target\":{\"@type\":\"EntryPoint\",\"urlTemplate\":\"https:\/\/apgsolutions.com\/es\/?s={search_term_string}\"},\"query-input\":{\"@type\":\"PropertyValueSpecification\",\"valueRequired\":true,\"valueName\":\"search_term_string\"}}],\"inLanguage\":\"es\"},{\"@type\":\"Organization\",\"@id\":\"https:\/\/apgsolutions.com\/es\/#organization\",\"name\":\"APG Solution, LLC\",\"url\":\"https:\/\/apgsolutions.com\/es\/\",\"logo\":{\"@type\":\"ImageObject\",\"inLanguage\":\"es\",\"@id\":\"https:\/\/apgsolutions.com\/es\/#\/schema\/logo\/image\/\",\"url\":\"https:\/\/apgsolutions.com\/wp-content\/uploads\/2023\/12\/logomark-color.svg\",\"contentUrl\":\"https:\/\/apgsolutions.com\/wp-content\/uploads\/2023\/12\/logomark-color.svg\",\"width\":141,\"height\":138,\"caption\":\"APG Solution, LLC\"},\"image\":{\"@id\":\"https:\/\/apgsolutions.com\/es\/#\/schema\/logo\/image\/\"},\"sameAs\":[\"https:\/\/www.facebook.com\/apgglobalsolutions\",\"https:\/\/x.com\/apg_solutions\",\"https:\/\/www.youtube.com\/c\/CashManagementGlobalSolutionsbyapg\",\"https:\/\/www.linkedin.com\/company\/apgglobalsolutions\/\",\"https:\/\/www.instagram.com\/apgglobalsolutions\/\",\"https:\/\/www.pinterest.com\/apgcashdrawer\/\"]}]}<\/script>\n<!-- \/ Yoast SEO Premium plugin. -->","yoast_head_json":{"title":"Soluciones de Movilidad e Interfaz | apg","description":"Integra tus cajones portamonedas con aplicaciones m\u00f3viles para permitir transacciones fluidas en cualquier lugar de la tienda.","robots":{"index":"index","follow":"follow","max-snippet":"max-snippet:-1","max-image-preview":"max-image-preview:large","max-video-preview":"max-video-preview:-1"},"canonical":"https:\/\/apgsolutions.com\/es\/productos\/soluciones-de-interfaz-y-movilidad\/","og_locale":"es_ES","og_type":"article","og_title":"Soluciones de Movilidad e Interfaz | apg","og_description":"Integra tus cajones portamonedas con aplicaciones m\u00f3viles para permitir transacciones fluidas en cualquier lugar de la tienda.","og_url":"https:\/\/apgsolutions.com\/es\/productos\/soluciones-de-interfaz-y-movilidad\/","og_site_name":"apg\u00ae Solutions","article_publisher":"https:\/\/www.facebook.com\/apgglobalsolutions","article_modified_time":"2026-02-17T12:44:17+00:00","og_image":[{"url":"https:\/\/apgsolutions.com\/wp-content\/uploads\/2025\/04\/USBPort.png","type":"","width":"","height":""}],"twitter_card":"summary_large_image","twitter_site":"@apg_solutions","twitter_misc":{"Tiempo de lectura":"3 minutos"},"schema":{"@context":"https:\/\/schema.org","@graph":[{"@type":"WebPage","@id":"https:\/\/apgsolutions.com\/es\/productos\/soluciones-de-interfaz-y-movilidad\/","url":"https:\/\/apgsolutions.com\/es\/productos\/soluciones-de-interfaz-y-movilidad\/","name":"Soluciones de Movilidad e Interfaz | apg","isPartOf":{"@id":"https:\/\/apgsolutions.com\/es\/#website"},"primaryImageOfPage":{"@id":"https:\/\/apgsolutions.com\/es\/productos\/soluciones-de-interfaz-y-movilidad\/#primaryimage"},"image":{"@id":"https:\/\/apgsolutions.com\/es\/productos\/soluciones-de-interfaz-y-movilidad\/#primaryimage"},"thumbnailUrl":"https:\/\/apgsolutions.com\/wp-content\/uploads\/2025\/04\/USBPort.png","datePublished":"2025-09-19T11:00:41+00:00","dateModified":"2026-02-17T12:44:17+00:00","description":"Integra tus cajones portamonedas con aplicaciones m\u00f3viles para permitir transacciones fluidas en cualquier lugar de la tienda.","breadcrumb":{"@id":"https:\/\/apgsolutions.com\/es\/productos\/soluciones-de-interfaz-y-movilidad\/#breadcrumb"},"inLanguage":"es","potentialAction":[{"@type":"ReadAction","target":["https:\/\/apgsolutions.com\/es\/productos\/soluciones-de-interfaz-y-movilidad\/"]}]},{"@type":"ImageObject","inLanguage":"es","@id":"https:\/\/apgsolutions.com\/es\/productos\/soluciones-de-interfaz-y-movilidad\/#primaryimage","url":"https:\/\/apgsolutions.com\/wp-content\/uploads\/2025\/04\/USBPort.png","contentUrl":"https:\/\/apgsolutions.com\/wp-content\/uploads\/2025\/04\/USBPort.png"},{"@type":"BreadcrumbList","@id":"https:\/\/apgsolutions.com\/es\/productos\/soluciones-de-interfaz-y-movilidad\/#breadcrumb","itemListElement":[{"@type":"ListItem","position":1,"name":"Productos","item":"https:\/\/apgsolutions.com\/es\/productos\/"},{"@type":"ListItem","position":2,"name":"Soluciones de movilidad e interfaz"}]},{"@type":"WebSite","@id":"https:\/\/apgsolutions.com\/es\/#website","url":"https:\/\/apgsolutions.com\/es\/","name":"APG Solutions, LLC","description":"Trust at every point.","publisher":{"@id":"https:\/\/apgsolutions.com\/es\/#organization"},"potentialAction":[{"@type":"SearchAction","target":{"@type":"EntryPoint","urlTemplate":"https:\/\/apgsolutions.com\/es\/?s={search_term_string}"},"query-input":{"@type":"PropertyValueSpecification","valueRequired":true,"valueName":"search_term_string"}}],"inLanguage":"es"},{"@type":"Organization","@id":"https:\/\/apgsolutions.com\/es\/#organization","name":"APG Solution, LLC","url":"https:\/\/apgsolutions.com\/es\/","logo":{"@type":"ImageObject","inLanguage":"es","@id":"https:\/\/apgsolutions.com\/es\/#\/schema\/logo\/image\/","url":"https:\/\/apgsolutions.com\/wp-content\/uploads\/2023\/12\/logomark-color.svg","contentUrl":"https:\/\/apgsolutions.com\/wp-content\/uploads\/2023\/12\/logomark-color.svg","width":141,"height":138,"caption":"APG Solution, LLC"},"image":{"@id":"https:\/\/apgsolutions.com\/es\/#\/schema\/logo\/image\/"},"sameAs":["https:\/\/www.facebook.com\/apgglobalsolutions","https:\/\/x.com\/apg_solutions","https:\/\/www.youtube.com\/c\/CashManagementGlobalSolutionsbyapg","https:\/\/www.linkedin.com\/company\/apgglobalsolutions\/","https:\/\/www.instagram.com\/apgglobalsolutions\/","https:\/\/www.pinterest.com\/apgcashdrawer\/"]}]}},"acf":[],"_links":{"self":[{"href":"https:\/\/apgsolutions.com\/es\/wp-json\/wp\/v2\/pages\/93162","targetHints":{"allow":["GET"]}}],"collection":[{"href":"https:\/\/apgsolutions.com\/es\/wp-json\/wp\/v2\/pages"}],"about":[{"href":"https:\/\/apgsolutions.com\/es\/wp-json\/wp\/v2\/types\/page"}],"author":[{"embeddable":true,"href":"https:\/\/apgsolutions.com\/es\/wp-json\/wp\/v2\/users\/2921"}],"replies":[{"embeddable":true,"href":"https:\/\/apgsolutions.com\/es\/wp-json\/wp\/v2\/comments?post=93162"}],"version-history":[{"count":21,"href":"https:\/\/apgsolutions.com\/es\/wp-json\/wp\/v2\/pages\/93162\/revisions"}],"predecessor-version":[{"id":104423,"href":"https:\/\/apgsolutions.com\/es\/wp-json\/wp\/v2\/pages\/93162\/revisions\/104423"}],"up":[{"embeddable":true,"href":"https:\/\/apgsolutions.com\/es\/wp-json\/wp\/v2\/pages\/92474"}],"wp:attachment":[{"href":"https:\/\/apgsolutions.com\/es\/wp-json\/wp\/v2\/media?parent=93162"}],"curies":[{"name":"wp","href":"https:\/\/api.w.org\/{rel}","templated":true}]}}