{"id":93358,"date":"2025-09-23T06:52:46","date_gmt":"2025-09-23T06:52:46","guid":{"rendered":"https:\/\/apgsolutions.com\/cash-statistics\/"},"modified":"2026-01-22T14:47:56","modified_gmt":"2026-01-22T14:47:56","slug":"cash-statistics","status":"publish","type":"page","link":"https:\/\/apgsolutions.com\/es\/cash-statistics\/","title":{"rendered":"Estad\u00edsticas de efectivo"},"content":{"rendered":"<div class=\"section_page-header \">\n    <img decoding=\"async\" class=\"header-image\" src=\"https:\/\/apgsolutions.com\/wp-content\/uploads\/2024\/07\/Screenshot-2024-07-17-083512.png\" alt=\"Screenshot 2024-07-17 083512\" title=\"Screenshot 2024-07-17 083512\">\n            <div class=\"header-content\">\n            <h1>Cash Statistics<\/h1>\n        <\/div>\n    <\/div>\n<div class=\"wp-block-columns is-layout-flex wp-container-core-columns-is-layout-9d6595d7 wp-block-columns-is-layout-flex\">\n<div class=\"wp-block-column is-vertically-aligned-center is-layout-flow wp-block-column-is-layout-flow\">\n<div class=\"wp-block-columns is-layout-flex wp-container-core-columns-is-layout-9d6595d7 wp-block-columns-is-layout-flex\">\n<div class=\"wp-block-column is-layout-flow wp-block-column-is-layout-flow\"><div class=\"wp-block-image\">\n<figure class=\"aligncenter size-full is-resized\"><img fetchpriority=\"high\" decoding=\"async\" width=\"762\" height=\"582\" src=\"https:\/\/apgsolutions.com\/wp-content\/uploads\/2024\/07\/Screenshot-2024-07-26-090613.png\" alt=\"El dinero en efectivo: Un activo intemporal\" class=\"wp-image-85681\" style=\"width:482px;height:auto\" srcset=\"https:\/\/apgsolutions.com\/wp-content\/uploads\/2024\/07\/Screenshot-2024-07-26-090613.png 762w, https:\/\/apgsolutions.com\/wp-content\/uploads\/2024\/07\/Screenshot-2024-07-26-090613-300x229.png 300w, https:\/\/apgsolutions.com\/wp-content\/uploads\/2024\/07\/Screenshot-2024-07-26-090613-550x420.png 550w, https:\/\/apgsolutions.com\/wp-content\/uploads\/2024\/07\/Screenshot-2024-07-26-090613-80x61.png 80w, https:\/\/apgsolutions.com\/wp-content\/uploads\/2024\/07\/Screenshot-2024-07-26-090613-600x458.png 600w\" sizes=\"(max-width: 762px) 100vw, 762px\" \/><\/figure>\n<\/div><\/div>\n<\/div>\n<\/div>\n\n\n\n<div class=\"wp-block-column is-layout-flow wp-block-column-is-layout-flow\">\n<h2 class=\"wp-block-heading\" id=\"h-cash-a-timeless-asset\">El dinero en efectivo: Un activo intemporal<\/h2>\n\n\n\n<p>En el variado panorama actual de los pagos, numerosos m\u00e9todos compiten para facilitar las transacciones. Sin embargo, en medio de estas opciones, el dinero en efectivo sigue siendo firme e indispensable. <\/p>\n\n\n\n<p>Conocido por su rapidez, comodidad y aceptaci\u00f3n universal, el dinero en efectivo sigue siendo \u00fatil en muchos entornos. Desde los peque\u00f1os comercios hasta las tiendas de conveniencia, y en lugares donde las propinas son habituales, la demanda de moneda f\u00edsica es fuerte. <\/p>\n\n\n\n<p>En tiempos de incertidumbre, el dinero en efectivo sigue siendo ampliamente aceptado. Seg\u00fan la Reserva Federal, cuando se pregunt\u00f3 a la gente si ten\u00eda pensado dejar de utilizar dinero en efectivo, el 93% respondi\u00f3 que no. <\/p>\n<\/div>\n<\/div>\n\n<div class=\"wp-block-columns is-layout-flex wp-container-core-columns-is-layout-9d6595d7 wp-block-columns-is-layout-flex\">\n<div class=\"wp-block-column is-vertically-aligned-stretch resource-item has-white-color has-text-color has-background is-layout-flow wp-block-column-is-layout-flow\" style=\"background-color:#bfbfbf\">\n<h4 class=\"wp-block-heading has-text-align-center\" id=\"h-cash-has-control\">El dinero tiene el control<\/h4>\n\n\n<div class=\"wp-block-image\">\n<figure class=\"aligncenter size-full is-resized\"><img decoding=\"async\" width=\"80\" height=\"80\" src=\"https:\/\/apgsolutions.com\/wp-content\/uploads\/2023\/07\/Finance_White-3.png\" alt=\"El dinero tiene el control\" class=\"wp-image-69259\" style=\"width:70px;height:auto\"\/><\/figure>\n<\/div>\n\n\n<p><\/p>\n\n\n\n<p class=\"has-text-align-center\">El 77% de los estadounidenses afirma que otros pagos, como las tarjetas de cr\u00e9dito y d\u00e9bito, les har\u00e1n gastar m\u00e1s que si utilizaran dinero en efectivo<\/p>\n<\/div>\n\n\n\n<div class=\"wp-block-column is-layout-flow wp-block-column-is-layout-flow\">\n<p><\/p>\n<\/div>\n\n\n\n<div class=\"wp-block-column is-vertically-aligned-stretch resource-item has-white-color has-text-color has-background is-layout-flow wp-block-column-is-layout-flow\" style=\"background-color:#da7700\">\n<h4 class=\"wp-block-heading has-text-align-center\" id=\"h-cash-purchases\">Compras en efectivo<\/h4>\n\n\n<div class=\"wp-block-image\">\n<figure class=\"aligncenter size-full\"><img decoding=\"async\" width=\"80\" height=\"80\" src=\"https:\/\/apgsolutions.com\/wp-content\/uploads\/2023\/07\/Bill_White.png\" alt=\"Compras en efectivo\" class=\"wp-image-68963\"\/><\/figure>\n<\/div>\n\n\n<p><\/p>\n\n\n\n<p class=\"has-text-align-center\">Aproximadamente la mitad de las ventas por valor inferior a 25 $ se realizan en efectivo<\/p>\n<\/div>\n\n\n\n<div class=\"wp-block-column is-layout-flow wp-block-column-is-layout-flow\">\n<p><\/p>\n<\/div>\n\n\n\n<div class=\"wp-block-column is-vertically-aligned-stretch resource-item has-white-color has-text-color has-background is-layout-flow wp-block-column-is-layout-flow\" style=\"background-color:#00224a\">\n<h4 class=\"wp-block-heading has-text-align-center\" id=\"h-cash-is-inclusive\">El dinero en efectivo est\u00e1 incluido<\/h4>\n\n\n<div class=\"wp-block-image\">\n<figure class=\"aligncenter size-full is-resized\"><img loading=\"lazy\" decoding=\"async\" width=\"80\" height=\"80\" src=\"https:\/\/apgsolutions.com\/wp-content\/uploads\/2023\/07\/Partners_White.png\" alt=\"El dinero en efectivo est&#xE1; incluido\" class=\"wp-image-69364\" style=\"width:74px;height:auto\"\/><\/figure>\n<\/div>\n\n\n<p><\/p>\n\n\n\n<p class=\"has-text-align-center\">Seg\u00fan la FDIC, aproximadamente 5,9 millones de hogares estadounidenses no dispondr\u00e1n de servicios bancarios en 2021<\/p>\n<\/div>\n\n\n\n<div class=\"wp-block-column is-layout-flow wp-block-column-is-layout-flow\">\n<p><\/p>\n<\/div>\n\n\n\n<div class=\"wp-block-column is-vertically-aligned-stretch resource-item has-white-color has-text-color has-background is-layout-flow wp-block-column-is-layout-flow\" style=\"background-color:#066b7f\">\n<h4 class=\"wp-block-heading has-text-align-center\" id=\"h-cash-in-circulation\">Efectivo en circulaci\u00f3n<\/h4>\n\n\n<div class=\"wp-block-image\">\n<figure class=\"aligncenter size-full is-resized\"><img loading=\"lazy\" decoding=\"async\" width=\"80\" height=\"80\" src=\"https:\/\/apgsolutions.com\/wp-content\/uploads\/2023\/07\/Shrinkage_White.png\" alt=\"Efectivo en circulaci&#xF3;n\" class=\"wp-image-69281\" style=\"width:80px;height:auto\"\/><\/figure>\n<\/div>\n\n\n<p><\/p>\n\n\n\n<p class=\"has-text-align-center\">En junio de 2024, habr\u00e1 m\u00e1s de 2,3 billones de d\u00f3lares estadounidenses en circulaci\u00f3n<\/p>\n<\/div>\n<\/div>\n\n<div class=\"wp-block-columns is-layout-flex wp-container-core-columns-is-layout-9d6595d7 wp-block-columns-is-layout-flex\">\n<div class=\"wp-block-column is-vertically-aligned-center is-layout-flow wp-block-column-is-layout-flow\">\n<h2 class=\"wp-block-heading has-text-align-center\" id=\"h-seven-situations-where-cash-is-king\">Siete situaciones en las que el dinero en efectivo es el rey<\/h2>\n\n\n\n<p class=\"has-text-align-center\">El dinero en efectivo ha demostrado su resistencia a pesar de las amenazas que a lo largo de los a\u00f1os han supuesto diversas alternativas, como las tarjetas de cr\u00e9dito y d\u00e9bito, los sistemas de pago online y los monederos digitales. Su car\u00e1cter f\u00edsico ofrece una sensaci\u00f3n tangible de seguridad y control que los m\u00e9todos digitales no siempre pueden reproducir. <\/p>\n\n\n\n<p class=\"has-text-align-center\">Las transacciones en efectivo suelen ser m\u00e1s r\u00e1pidas y sencillas, y evitan la necesidad de tecnolog\u00eda o conexi\u00f3n a Internet. He aqu\u00ed siete razones por las que el dinero en efectivo es el rey. <\/p>\n<\/div>\n\n\n\n<div class=\"wp-block-column is-vertically-aligned-stretch wp-embed-aspect-16-9 wp-has-aspect-ratio is-layout-flow wp-block-column-is-layout-flow\">\n<figure class=\"wp-block-embed aligncenter is-type-video is-provider-youtube wp-block-embed-youtube wp-embed-aspect-16-9 wp-has-aspect-ratio\"><div class=\"wp-block-embed__wrapper\">\n<iframe title=\"7 Situations Where Cash Is King\" width=\"500\" height=\"281\" src=\"https:\/\/www.youtube.com\/embed\/vXyLj239G7o?feature=oembed\" frameborder=\"0\" allow=\"accelerometer; autoplay; clipboard-write; encrypted-media; gyroscope; picture-in-picture; web-share\" referrerpolicy=\"strict-origin-when-cross-origin\" allowfullscreen><\/iframe>\n<\/div><\/figure>\n<\/div>\n<\/div>\n\n<div class=\"wp-block-columns is-layout-flex wp-container-core-columns-is-layout-9d6595d7 wp-block-columns-is-layout-flex\">\n<div class=\"wp-block-column is-vertically-aligned-top is-layout-flow wp-block-column-is-layout-flow\">\n<h2 class=\"wp-block-heading has-text-align-center\" id=\"h-banning-cashless-stores\">Prohibir las tiendas sin efectivo<\/h2>\n\n\n\n<p class=\"has-text-align-center\">Actualmente hay 13 estados en Estados Unidos que han prohibido las tiendas sin dinero en efectivo, y 19 que est\u00e1n considerando una legislaci\u00f3n similar. Esta tendencia creciente subraya el reconocimiento del papel vital del dinero en efectivo para garantizar la accesibilidad y la inclusi\u00f3n en el comercio. <\/p>\n\n\n<div class=\"wp-block-image\">\n<figure class=\"aligncenter size-large is-resized\"><img loading=\"lazy\" decoding=\"async\" width=\"1024\" height=\"578\" src=\"https:\/\/apgsolutions.com\/wp-content\/uploads\/2024\/07\/Screenshot-2024-07-18-115447-1024x578.png\" alt=\"Estados que proh&#xED;ben las tiendas sin efectivo\" class=\"wp-image-85475\" style=\"width:726px;height:auto\"\/><\/figure>\n<\/div><\/div>\n<\/div>\n","protected":false},"excerpt":{"rendered":"<p>El dinero en efectivo: Un activo intemporal En el variado panorama actual de los pagos, numerosos m\u00e9todos compiten para facilitar las transacciones. Sin embargo, en medio de estas opciones, el dinero en efectivo sigue siendo firme e indispensable. Conocido por su rapidez, comodidad y aceptaci\u00f3n universal, el dinero en efectivo sigue siendo \u00fatil en muchos [&hellip;]<\/p>\n","protected":false},"author":3233,"featured_media":0,"parent":0,"menu_order":0,"comment_status":"closed","ping_status":"closed","template":"","meta":{"_acf_changed":false,"content-type":"","footnotes":""},"class_list":["post-93358","page","type-page","status-publish"],"yoast_head":"<!-- This site is optimized with the Yoast SEO Premium plugin v23.5 (Yoast SEO v27.2) - https:\/\/yoast.com\/product\/yoast-seo-premium-wordpress\/ -->\n<title>Estad\u00edsticas de efectivo<\/title>\n<meta name=\"description\" content=\"Descubre las estad\u00edsticas clave sobre el uso del efectivo en el comercio minorista. Comprende por qu\u00e9 el dinero en efectivo sigue siendo esencial en las transacciones modernas.\" \/>\n<meta name=\"robots\" content=\"index, follow, max-snippet:-1, max-image-preview:large, max-video-preview:-1\" \/>\n<link rel=\"canonical\" href=\"https:\/\/apgsolutions.com\/es\/cash-statistics\/\" \/>\n<meta property=\"og:locale\" content=\"es_ES\" \/>\n<meta property=\"og:type\" content=\"article\" \/>\n<meta property=\"og:title\" content=\"Estad\u00edsticas de efectivo\" \/>\n<meta property=\"og:description\" content=\"Descubre las estad\u00edsticas clave sobre el uso del efectivo en el comercio minorista. Comprende por qu\u00e9 el dinero en efectivo sigue siendo esencial en las transacciones modernas.\" \/>\n<meta property=\"og:url\" content=\"https:\/\/apgsolutions.com\/es\/cash-statistics\/\" \/>\n<meta property=\"og:site_name\" content=\"apg\u00ae Solutions\" \/>\n<meta property=\"article:publisher\" content=\"https:\/\/www.facebook.com\/apgglobalsolutions\" \/>\n<meta property=\"article:modified_time\" content=\"2026-01-22T14:47:56+00:00\" \/>\n<meta property=\"og:image\" content=\"https:\/\/apgsolutions.com\/wp-content\/uploads\/2024\/07\/Screenshot-2024-07-26-090613.png\" \/>\n<meta name=\"twitter:card\" content=\"summary_large_image\" \/>\n<meta name=\"twitter:site\" content=\"@apg_solutions\" \/>\n<meta name=\"twitter:label1\" content=\"Tiempo de lectura\" \/>\n\t<meta name=\"twitter:data1\" content=\"2 minutos\" \/>\n<script type=\"application\/ld+json\" class=\"yoast-schema-graph\">{\"@context\":\"https:\/\/schema.org\",\"@graph\":[{\"@type\":\"WebPage\",\"@id\":\"https:\/\/apgsolutions.com\/es\/cash-statistics\/\",\"url\":\"https:\/\/apgsolutions.com\/es\/cash-statistics\/\",\"name\":\"Estad\u00edsticas de efectivo\",\"isPartOf\":{\"@id\":\"https:\/\/apgsolutions.com\/es\/#website\"},\"primaryImageOfPage\":{\"@id\":\"https:\/\/apgsolutions.com\/es\/cash-statistics\/#primaryimage\"},\"image\":{\"@id\":\"https:\/\/apgsolutions.com\/es\/cash-statistics\/#primaryimage\"},\"thumbnailUrl\":\"https:\/\/apgsolutions.com\/wp-content\/uploads\/2024\/07\/Screenshot-2024-07-26-090613.png\",\"datePublished\":\"2025-09-23T06:52:46+00:00\",\"dateModified\":\"2026-01-22T14:47:56+00:00\",\"description\":\"Descubre las estad\u00edsticas clave sobre el uso del efectivo en el comercio minorista. Comprende por qu\u00e9 el dinero en efectivo sigue siendo esencial en las transacciones modernas.\",\"inLanguage\":\"es\",\"potentialAction\":[{\"@type\":\"ReadAction\",\"target\":[\"https:\/\/apgsolutions.com\/es\/cash-statistics\/\"]}]},{\"@type\":\"ImageObject\",\"inLanguage\":\"es\",\"@id\":\"https:\/\/apgsolutions.com\/es\/cash-statistics\/#primaryimage\",\"url\":\"https:\/\/apgsolutions.com\/wp-content\/uploads\/2024\/07\/Screenshot-2024-07-26-090613.png\",\"contentUrl\":\"https:\/\/apgsolutions.com\/wp-content\/uploads\/2024\/07\/Screenshot-2024-07-26-090613.png\"},{\"@type\":\"WebSite\",\"@id\":\"https:\/\/apgsolutions.com\/es\/#website\",\"url\":\"https:\/\/apgsolutions.com\/es\/\",\"name\":\"APG Solutions, LLC\",\"description\":\"Trust at every point.\",\"publisher\":{\"@id\":\"https:\/\/apgsolutions.com\/es\/#organization\"},\"potentialAction\":[{\"@type\":\"SearchAction\",\"target\":{\"@type\":\"EntryPoint\",\"urlTemplate\":\"https:\/\/apgsolutions.com\/es\/?s={search_term_string}\"},\"query-input\":{\"@type\":\"PropertyValueSpecification\",\"valueRequired\":true,\"valueName\":\"search_term_string\"}}],\"inLanguage\":\"es\"},{\"@type\":\"Organization\",\"@id\":\"https:\/\/apgsolutions.com\/es\/#organization\",\"name\":\"APG Solution, LLC\",\"url\":\"https:\/\/apgsolutions.com\/es\/\",\"logo\":{\"@type\":\"ImageObject\",\"inLanguage\":\"es\",\"@id\":\"https:\/\/apgsolutions.com\/es\/#\/schema\/logo\/image\/\",\"url\":\"https:\/\/apgsolutions.com\/wp-content\/uploads\/2023\/12\/logomark-color.svg\",\"contentUrl\":\"https:\/\/apgsolutions.com\/wp-content\/uploads\/2023\/12\/logomark-color.svg\",\"width\":141,\"height\":138,\"caption\":\"APG Solution, LLC\"},\"image\":{\"@id\":\"https:\/\/apgsolutions.com\/es\/#\/schema\/logo\/image\/\"},\"sameAs\":[\"https:\/\/www.facebook.com\/apgglobalsolutions\",\"https:\/\/x.com\/apg_solutions\",\"https:\/\/www.youtube.com\/c\/CashManagementGlobalSolutionsbyapg\",\"https:\/\/www.linkedin.com\/company\/apgglobalsolutions\/\",\"https:\/\/www.instagram.com\/apgglobalsolutions\/\",\"https:\/\/www.pinterest.com\/apgcashdrawer\/\"]}]}<\/script>\n<!-- \/ Yoast SEO Premium plugin. -->","yoast_head_json":{"title":"Estad\u00edsticas de efectivo","description":"Descubre las estad\u00edsticas clave sobre el uso del efectivo en el comercio minorista. Comprende por qu\u00e9 el dinero en efectivo sigue siendo esencial en las transacciones modernas.","robots":{"index":"index","follow":"follow","max-snippet":"max-snippet:-1","max-image-preview":"max-image-preview:large","max-video-preview":"max-video-preview:-1"},"canonical":"https:\/\/apgsolutions.com\/es\/cash-statistics\/","og_locale":"es_ES","og_type":"article","og_title":"Estad\u00edsticas de efectivo","og_description":"Descubre las estad\u00edsticas clave sobre el uso del efectivo en el comercio minorista. Comprende por qu\u00e9 el dinero en efectivo sigue siendo esencial en las transacciones modernas.","og_url":"https:\/\/apgsolutions.com\/es\/cash-statistics\/","og_site_name":"apg\u00ae Solutions","article_publisher":"https:\/\/www.facebook.com\/apgglobalsolutions","article_modified_time":"2026-01-22T14:47:56+00:00","og_image":[{"url":"https:\/\/apgsolutions.com\/wp-content\/uploads\/2024\/07\/Screenshot-2024-07-26-090613.png","type":"","width":"","height":""}],"twitter_card":"summary_large_image","twitter_site":"@apg_solutions","twitter_misc":{"Tiempo de lectura":"2 minutos"},"schema":{"@context":"https:\/\/schema.org","@graph":[{"@type":"WebPage","@id":"https:\/\/apgsolutions.com\/es\/cash-statistics\/","url":"https:\/\/apgsolutions.com\/es\/cash-statistics\/","name":"Estad\u00edsticas de efectivo","isPartOf":{"@id":"https:\/\/apgsolutions.com\/es\/#website"},"primaryImageOfPage":{"@id":"https:\/\/apgsolutions.com\/es\/cash-statistics\/#primaryimage"},"image":{"@id":"https:\/\/apgsolutions.com\/es\/cash-statistics\/#primaryimage"},"thumbnailUrl":"https:\/\/apgsolutions.com\/wp-content\/uploads\/2024\/07\/Screenshot-2024-07-26-090613.png","datePublished":"2025-09-23T06:52:46+00:00","dateModified":"2026-01-22T14:47:56+00:00","description":"Descubre las estad\u00edsticas clave sobre el uso del efectivo en el comercio minorista. Comprende por qu\u00e9 el dinero en efectivo sigue siendo esencial en las transacciones modernas.","inLanguage":"es","potentialAction":[{"@type":"ReadAction","target":["https:\/\/apgsolutions.com\/es\/cash-statistics\/"]}]},{"@type":"ImageObject","inLanguage":"es","@id":"https:\/\/apgsolutions.com\/es\/cash-statistics\/#primaryimage","url":"https:\/\/apgsolutions.com\/wp-content\/uploads\/2024\/07\/Screenshot-2024-07-26-090613.png","contentUrl":"https:\/\/apgsolutions.com\/wp-content\/uploads\/2024\/07\/Screenshot-2024-07-26-090613.png"},{"@type":"WebSite","@id":"https:\/\/apgsolutions.com\/es\/#website","url":"https:\/\/apgsolutions.com\/es\/","name":"APG Solutions, LLC","description":"Trust at every point.","publisher":{"@id":"https:\/\/apgsolutions.com\/es\/#organization"},"potentialAction":[{"@type":"SearchAction","target":{"@type":"EntryPoint","urlTemplate":"https:\/\/apgsolutions.com\/es\/?s={search_term_string}"},"query-input":{"@type":"PropertyValueSpecification","valueRequired":true,"valueName":"search_term_string"}}],"inLanguage":"es"},{"@type":"Organization","@id":"https:\/\/apgsolutions.com\/es\/#organization","name":"APG Solution, LLC","url":"https:\/\/apgsolutions.com\/es\/","logo":{"@type":"ImageObject","inLanguage":"es","@id":"https:\/\/apgsolutions.com\/es\/#\/schema\/logo\/image\/","url":"https:\/\/apgsolutions.com\/wp-content\/uploads\/2023\/12\/logomark-color.svg","contentUrl":"https:\/\/apgsolutions.com\/wp-content\/uploads\/2023\/12\/logomark-color.svg","width":141,"height":138,"caption":"APG Solution, LLC"},"image":{"@id":"https:\/\/apgsolutions.com\/es\/#\/schema\/logo\/image\/"},"sameAs":["https:\/\/www.facebook.com\/apgglobalsolutions","https:\/\/x.com\/apg_solutions","https:\/\/www.youtube.com\/c\/CashManagementGlobalSolutionsbyapg","https:\/\/www.linkedin.com\/company\/apgglobalsolutions\/","https:\/\/www.instagram.com\/apgglobalsolutions\/","https:\/\/www.pinterest.com\/apgcashdrawer\/"]}]}},"acf":[],"_links":{"self":[{"href":"https:\/\/apgsolutions.com\/es\/wp-json\/wp\/v2\/pages\/93358","targetHints":{"allow":["GET"]}}],"collection":[{"href":"https:\/\/apgsolutions.com\/es\/wp-json\/wp\/v2\/pages"}],"about":[{"href":"https:\/\/apgsolutions.com\/es\/wp-json\/wp\/v2\/types\/page"}],"author":[{"embeddable":true,"href":"https:\/\/apgsolutions.com\/es\/wp-json\/wp\/v2\/users\/3233"}],"replies":[{"embeddable":true,"href":"https:\/\/apgsolutions.com\/es\/wp-json\/wp\/v2\/comments?post=93358"}],"version-history":[{"count":2,"href":"https:\/\/apgsolutions.com\/es\/wp-json\/wp\/v2\/pages\/93358\/revisions"}],"predecessor-version":[{"id":98530,"href":"https:\/\/apgsolutions.com\/es\/wp-json\/wp\/v2\/pages\/93358\/revisions\/98530"}],"wp:attachment":[{"href":"https:\/\/apgsolutions.com\/es\/wp-json\/wp\/v2\/media?parent=93358"}],"curies":[{"name":"wp","href":"https:\/\/api.w.org\/{rel}","templated":true}]}}