{"id":93425,"date":"2025-09-24T06:13:55","date_gmt":"2025-09-24T06:13:55","guid":{"rendered":"https:\/\/apgsolutions.com\/hosteleria\/"},"modified":"2026-03-12T11:46:01","modified_gmt":"2026-03-12T11:46:01","slug":"hosteleria","status":"publish","type":"page","link":"https:\/\/apgsolutions.com\/es\/hosteleria\/","title":{"rendered":"Soluciones TPV y cajas registradoras para hosteler\u00eda"},"content":{"rendered":"<div class=\"section_page-header \">\n    <img decoding=\"async\" class=\"header-image\" src=\"https:\/\/apgsolutions.com\/wp-content\/uploads\/2023\/07\/Hospitality-2.jpg\" alt=\"Hospitality\" title=\"Hospitality\">\n            <div class=\"header-content\">\n            <h1>POS Solutions &amp; Cash Drawers for Hospitality<\/h1>\n        <\/div>\n    <\/div>\n<div class=\"wp-block-group pos-content-div is-vertical is-content-justification-center is-layout-flex wp-container-core-group-is-layout-4b2eccd6 wp-block-group-is-layout-flex\">\n<div style=\"height:0px\" aria-hidden=\"true\" class=\"wp-block-spacer wp-container-content-b83b6736\"><\/div>\n\n\n\n<div class=\"wp-block-group is-vertical is-content-justification-center is-nowrap is-layout-flex wp-container-core-group-is-layout-e862386f wp-block-group-is-layout-flex\">\n<p class=\"has-text-align-center has-large-font-size\"><strong>Mejorar la experiencia y el servicio al cliente<\/strong><\/p>\n\n\n\n<div style=\"height:0px\" aria-hidden=\"true\" class=\"wp-block-spacer wp-container-content-5082a153\"><\/div>\n\n\n\n<p class=\"has-text-align-center\">Ofrecer entretenimiento a millones de clientes en un sector que est\u00e1 muy regulado puede crear estr\u00e9s a los directivos. Con una fuerte competencia, la industria de la restauraci\u00f3n seguir\u00e1 avanzando en 2024. Seg\u00fan la Asociaci\u00f3n Nacional de Restaurantes, se prev\u00e9 que el empleo total del sector alcance los 15,7 millones a finales de 2024.  <\/p>\n\n\n\n<p class=\"has-text-align-center\"><\/p>\n\n\n\n<p class=\"has-text-align-center\">  En este panorama din\u00e1mico, el papel de los sistemas de TPV en las operaciones de hosteler\u00eda es fundamental. apg\u00ae tiene <a href=\"https:\/\/apgsolutions.com\/es\/productos\/\">soluciones de TPV<\/a> dise\u00f1adas para agilizar las transacciones, garantizando unas operaciones fluidas y sin problemas. Capacita a tus empleados para ofrecer un servicio y una experiencia excepcionales a todos sus clientes. Mantente a la cabeza del competitivo sector de la hosteler\u00eda y eleva tus est\u00e1ndares de servicio con apg\u00ae.   <\/p>\n<\/div>\n\n\n\n<div style=\"height:0px\" aria-hidden=\"true\" class=\"wp-block-spacer wp-container-content-b83b6736\"><\/div>\n\n\n\n<div class=\"wp-block-group is-vertical is-layout-flex wp-container-core-group-is-layout-8cf370e7 wp-block-group-is-layout-flex\">\n<p style=\"font-size:30px\"><strong>Hechos y estad\u00edsticas<\/strong><\/p>\n\n\n\n<div style=\"height:0px\" aria-hidden=\"true\" class=\"wp-block-spacer wp-container-content-5082a153\"><\/div>\n<\/div>\n\n\n\n<div class=\"wp-block-columns is-layout-flex wp-container-core-columns-is-layout-9d6595d7 wp-block-columns-is-layout-flex\">\n<div class=\"wp-block-column pos-card-box has-background is-layout-flow wp-block-column-is-layout-flow\" style=\"background-color:#fcfaf7;flex-basis:360px\">\n<div style=\"height:1rem\" aria-hidden=\"true\" class=\"wp-block-spacer\"><\/div>\n\n\n<div class=\"wp-block-image\">\n<figure class=\"aligncenter size-full\"><img decoding=\"async\" width=\"80\" height=\"80\" src=\"https:\/\/apgsolutions.com\/wp-content\/uploads\/2023\/07\/Money-Growth_Light-Blue.png\" alt=\"Icono de la principal fuente de ingresos\" class=\"wp-image-68978\" style=\"object-fit:cover\" \/><\/figure>\n<\/div>\n\n\n<h3 class=\"wp-block-heading has-text-align-center\" id=\"h-growth\">Crecimiento<\/h3>\n\n\n\n<p class=\"has-text-align-center\">En 2023, habr\u00e1 casi 750.000 restaurantes en EE.UU. | NRA<\/p>\n\n\n\n<div style=\"height:1rem\" aria-hidden=\"true\" class=\"wp-block-spacer\"><\/div>\n<\/div>\n\n\n\n<div class=\"wp-block-column pos-card-box has-background is-layout-flow wp-block-column-is-layout-flow\" style=\"background-color:#fcfaf7;flex-basis:360px\">\n<div style=\"height:1rem\" aria-hidden=\"true\" class=\"wp-block-spacer\"><\/div>\n\n\n<div class=\"wp-block-image\">\n<figure class=\"aligncenter size-full\"><img decoding=\"async\" width=\"80\" height=\"80\" src=\"https:\/\/apgsolutions.com\/wp-content\/uploads\/2023\/07\/Global-Coins_Light-Blue.png\" alt=\"Tasa de intercambio\" class=\"wp-image-69322\" style=\"object-fit:cover\" \/><\/figure>\n<\/div>\n\n\n<h3 class=\"wp-block-heading has-text-align-center\" id=\"h-interchange-fee\">Tasa de intercambio<\/h3>\n\n\n\n<p class=\"has-text-align-center\">La tasa de intercambio actual es de 21 c\u00e9ntimos m\u00e1s 0,05% del valor de la transacci\u00f3n de d\u00e9bito- Los restaurantes favorecen el efectivo | NRA<\/p>\n\n\n\n<div style=\"height:1rem\" aria-hidden=\"true\" class=\"wp-block-spacer\"><\/div>\n<\/div>\n\n\n\n<div class=\"wp-block-column pos-card-box has-background is-layout-flow wp-block-column-is-layout-flow\" style=\"background-color:#fcfaf7;flex-basis:360px\">\n<div style=\"height:1rem\" aria-hidden=\"true\" class=\"wp-block-spacer\"><\/div>\n\n\n<div class=\"wp-block-image\">\n<figure class=\"aligncenter size-full\"><img decoding=\"async\" width=\"80\" height=\"80\" src=\"https:\/\/apgsolutions.com\/wp-content\/uploads\/2023\/07\/Partners-5.png\" alt=\"Icono Socios\" class=\"wp-image-69397\" style=\"object-fit:cover\" \/><\/figure>\n<\/div>\n\n\n<h3 class=\"wp-block-heading has-text-align-center\" id=\"h-opportunity\">Oportunidad<\/h3>\n\n\n\n<p class=\"has-text-align-center\">La industria de la restauraci\u00f3n cuenta con una plantilla de 15,5 millones de empleados | NRA<\/p>\n\n\n\n<div style=\"height:16px\" aria-hidden=\"true\" class=\"wp-block-spacer\"><\/div>\n<\/div>\n<\/div>\n\n\n\n<div style=\"height:0px\" aria-hidden=\"true\" class=\"wp-block-spacer wp-container-content-b83b6736\"><\/div>\n\n\n\n<div class=\"wp-block-group is-vertical is-layout-flex wp-container-core-group-is-layout-8cf370e7 wp-block-group-is-layout-flex\">\n<p style=\"font-size:30px\"><strong>Nuestros cajones recomendados para hosteler\u00eda<\/strong><\/p>\n\n\n\n<div style=\"height:0px\" aria-hidden=\"true\" class=\"wp-block-spacer wp-container-content-2cb1e7d4\"><\/div>\n<\/div>\n\n\n\n<div class=\"wp-block-columns is-layout-flex wp-container-core-columns-is-layout-9d6595d7 wp-block-columns-is-layout-flex\">\n<div class=\"wp-block-column is-layout-flow wp-block-column-is-layout-flow\">\n<div style=\"height:1rem\" aria-hidden=\"true\" class=\"wp-block-spacer\"><\/div>\n\n\n<div class=\"wp-block-image\">\n<figure class=\"aligncenter size-full is-resized\"><img loading=\"lazy\" decoding=\"async\" width=\"280\" height=\"210\" src=\"https:\/\/apgsolutions.com\/wp-content\/uploads\/2023\/06\/Vasario-VBxxx-BL1616-Closed-Left.jpg\" alt=\"Caj&#xF3;n de efectivo Vasario\" class=\"wp-image-62747\" style=\"width:186px\" \/><\/figure>\n<\/div>\n\n\n<h3 class=\"wp-block-heading has-text-align-center\" id=\"h-vasario-cash-drawer\">Caj\u00f3n de efectivo Vasario<\/h3>\n\n\n\n<p class=\"has-text-align-left\">For a cost-effective choice, choose the <a href=\"https:\/\/apgsolutions.com\/products\/cash-drawers\/standard-duty\/vasario\">Vasario cash drawer<\/a>. With various sizes to suit different service areas, it\u2019s designed to meet the needs of the hospitality industry.\u00a0<\/p>\n\n\n\n<p class=\"has-text-align-left\">Probado para durar m\u00e1s de un mill\u00f3n de transacciones, el caj\u00f3n portamonedas Vasario ofrece un rendimiento y una durabilidad fiables, lo que lo convierte en la opci\u00f3n ideal para gestionar vol\u00famenes de transacciones moderados.<\/p>\n\n\n\n<div style=\"height:1rem\" aria-hidden=\"true\" class=\"wp-block-spacer\"><\/div>\n<\/div>\n\n\n\n<div class=\"wp-block-column is-layout-flow wp-block-column-is-layout-flow\">\n<div style=\"height:1rem\" aria-hidden=\"true\" class=\"wp-block-spacer\"><\/div>\n\n\n<div class=\"wp-block-image\">\n<figure class=\"aligncenter size-full is-resized\"><img decoding=\"async\" src=\"https:\/\/apgsolutions.com\/wp-content\/uploads\/2024\/09\/Series-100.png\" alt=\"Caj&#xF3;n portamonedas Serie 100\" class=\"wp-image-86680\" style=\"width:186px\" \/><\/figure>\n<\/div>\n\n\n<h3 class=\"wp-block-heading has-text-align-center\" id=\"h-series-100-cash-drawer\">Caj\u00f3n portamonedas Serie 100<\/h3>\n\n\n\n<p class=\"has-text-align-left\">The <a href=\"https:\/\/apgsolutions.com\/products\/cash-drawers\/heavy-duty\/series-100\/\">Series 100<\/a> is an excellent choice for the hospitality industry, providing generous storage with a deep under-till compartment for coin rolls and packaged currency.\u00a0<\/p>\n\n\n\n<p class=\"has-text-align-left\">Su dise\u00f1o compacto maximiza el espacio del mostrador, por lo que es perfecto para vest\u00edbulos de hoteles, restaurantes y otros establecimientos hosteleros. Construido para gestionar m\u00e1s de cuatro millones de transacciones, ofrece una fiabilidad y un rendimiento extraordinarios.<\/p>\n\n\n\n<div style=\"height:1rem\" aria-hidden=\"true\" class=\"wp-block-spacer\"><\/div>\n<\/div>\n<\/div>\n<\/div>\n","protected":false},"excerpt":{"rendered":"<p>Mejorar la experiencia y el servicio al cliente Ofrecer entretenimiento a millones de clientes en un sector que est\u00e1 muy regulado puede crear estr\u00e9s a los directivos. Con una fuerte competencia, la industria de la restauraci\u00f3n seguir\u00e1 avanzando en 2024. Seg\u00fan la Asociaci\u00f3n Nacional de Restaurantes, se prev\u00e9 que el empleo total del sector alcance [&hellip;]<\/p>\n","protected":false},"author":4,"featured_media":0,"parent":0,"menu_order":0,"comment_status":"closed","ping_status":"closed","template":"","meta":{"_acf_changed":false,"content-type":"","footnotes":""},"class_list":["post-93425","page","type-page","status-publish"],"yoast_head":"<!-- This site is optimized with the Yoast SEO Premium plugin v23.5 (Yoast SEO v27.2) - https:\/\/yoast.com\/product\/yoast-seo-premium-wordpress\/ -->\n<title>Soluciones POS para hosteler\u00eda - Cajas registradoras para hosteler\u00eda | apg<\/title>\n<meta name=\"description\" content=\"Los sistemas de punto de venta en entornos de hosteler\u00eda son fundamentales para las operaciones frontales. Unas transacciones fluidas y sin problemas son esenciales para que los clientes est\u00e9n contentos.\" \/>\n<meta name=\"robots\" content=\"index, follow, max-snippet:-1, max-image-preview:large, max-video-preview:-1\" \/>\n<link rel=\"canonical\" href=\"https:\/\/apgsolutions.com\/es\/hosteleria\/\" \/>\n<meta property=\"og:locale\" content=\"es_ES\" \/>\n<meta property=\"og:type\" content=\"article\" \/>\n<meta property=\"og:title\" content=\"Soluciones POS para hosteler\u00eda - Cajas registradoras para hosteler\u00eda | apg\" \/>\n<meta property=\"og:description\" content=\"Los sistemas de punto de venta en entornos de hosteler\u00eda son fundamentales para las operaciones frontales. Unas transacciones fluidas y sin problemas son esenciales para que los clientes est\u00e9n contentos.\" \/>\n<meta property=\"og:url\" content=\"https:\/\/apgsolutions.com\/es\/hosteleria\/\" \/>\n<meta property=\"og:site_name\" content=\"apg\u00ae Solutions\" \/>\n<meta property=\"article:publisher\" content=\"https:\/\/www.facebook.com\/apgglobalsolutions\" \/>\n<meta property=\"article:modified_time\" content=\"2026-03-12T11:46:01+00:00\" \/>\n<meta property=\"og:image\" content=\"https:\/\/apgsolutions.com\/wp-content\/uploads\/2023\/07\/Money-Growth_Light-Blue.png\" \/>\n<meta name=\"twitter:card\" content=\"summary_large_image\" \/>\n<meta name=\"twitter:site\" content=\"@apg_solutions\" \/>\n<meta name=\"twitter:label1\" content=\"Tiempo de lectura\" \/>\n\t<meta name=\"twitter:data1\" content=\"2 minutos\" \/>\n<script type=\"application\/ld+json\" class=\"yoast-schema-graph\">{\"@context\":\"https:\/\/schema.org\",\"@graph\":[{\"@type\":\"WebPage\",\"@id\":\"https:\/\/apgsolutions.com\/es\/hosteleria\/\",\"url\":\"https:\/\/apgsolutions.com\/es\/hosteleria\/\",\"name\":\"Soluciones POS para hosteler\u00eda - Cajas registradoras para hosteler\u00eda | apg\",\"isPartOf\":{\"@id\":\"https:\/\/apgsolutions.com\/es\/#website\"},\"primaryImageOfPage\":{\"@id\":\"https:\/\/apgsolutions.com\/es\/hosteleria\/#primaryimage\"},\"image\":{\"@id\":\"https:\/\/apgsolutions.com\/es\/hosteleria\/#primaryimage\"},\"thumbnailUrl\":\"https:\/\/apgsolutions.com\/wp-content\/uploads\/2023\/07\/Money-Growth_Light-Blue.png\",\"datePublished\":\"2025-09-24T06:13:55+00:00\",\"dateModified\":\"2026-03-12T11:46:01+00:00\",\"description\":\"Los sistemas de punto de venta en entornos de hosteler\u00eda son fundamentales para las operaciones frontales. Unas transacciones fluidas y sin problemas son esenciales para que los clientes est\u00e9n contentos.\",\"inLanguage\":\"es\",\"potentialAction\":[{\"@type\":\"ReadAction\",\"target\":[\"https:\/\/apgsolutions.com\/es\/hosteleria\/\"]}]},{\"@type\":\"ImageObject\",\"inLanguage\":\"es\",\"@id\":\"https:\/\/apgsolutions.com\/es\/hosteleria\/#primaryimage\",\"url\":\"https:\/\/apgsolutions.com\/wp-content\/uploads\/2023\/07\/Money-Growth_Light-Blue.png\",\"contentUrl\":\"https:\/\/apgsolutions.com\/wp-content\/uploads\/2023\/07\/Money-Growth_Light-Blue.png\"},{\"@type\":\"WebSite\",\"@id\":\"https:\/\/apgsolutions.com\/es\/#website\",\"url\":\"https:\/\/apgsolutions.com\/es\/\",\"name\":\"APG Solutions, LLC\",\"description\":\"Trust at every point.\",\"publisher\":{\"@id\":\"https:\/\/apgsolutions.com\/es\/#organization\"},\"potentialAction\":[{\"@type\":\"SearchAction\",\"target\":{\"@type\":\"EntryPoint\",\"urlTemplate\":\"https:\/\/apgsolutions.com\/es\/?s={search_term_string}\"},\"query-input\":{\"@type\":\"PropertyValueSpecification\",\"valueRequired\":true,\"valueName\":\"search_term_string\"}}],\"inLanguage\":\"es\"},{\"@type\":\"Organization\",\"@id\":\"https:\/\/apgsolutions.com\/es\/#organization\",\"name\":\"APG Solution, LLC\",\"url\":\"https:\/\/apgsolutions.com\/es\/\",\"logo\":{\"@type\":\"ImageObject\",\"inLanguage\":\"es\",\"@id\":\"https:\/\/apgsolutions.com\/es\/#\/schema\/logo\/image\/\",\"url\":\"https:\/\/apgsolutions.com\/wp-content\/uploads\/2023\/12\/logomark-color.svg\",\"contentUrl\":\"https:\/\/apgsolutions.com\/wp-content\/uploads\/2023\/12\/logomark-color.svg\",\"width\":141,\"height\":138,\"caption\":\"APG Solution, LLC\"},\"image\":{\"@id\":\"https:\/\/apgsolutions.com\/es\/#\/schema\/logo\/image\/\"},\"sameAs\":[\"https:\/\/www.facebook.com\/apgglobalsolutions\",\"https:\/\/x.com\/apg_solutions\",\"https:\/\/www.youtube.com\/c\/CashManagementGlobalSolutionsbyapg\",\"https:\/\/www.linkedin.com\/company\/apgglobalsolutions\/\",\"https:\/\/www.instagram.com\/apgglobalsolutions\/\",\"https:\/\/www.pinterest.com\/apgcashdrawer\/\"]}]}<\/script>\n<!-- \/ Yoast SEO Premium plugin. -->","yoast_head_json":{"title":"Soluciones POS para hosteler\u00eda - Cajas registradoras para hosteler\u00eda | apg","description":"Los sistemas de punto de venta en entornos de hosteler\u00eda son fundamentales para las operaciones frontales. Unas transacciones fluidas y sin problemas son esenciales para que los clientes est\u00e9n contentos.","robots":{"index":"index","follow":"follow","max-snippet":"max-snippet:-1","max-image-preview":"max-image-preview:large","max-video-preview":"max-video-preview:-1"},"canonical":"https:\/\/apgsolutions.com\/es\/hosteleria\/","og_locale":"es_ES","og_type":"article","og_title":"Soluciones POS para hosteler\u00eda - Cajas registradoras para hosteler\u00eda | apg","og_description":"Los sistemas de punto de venta en entornos de hosteler\u00eda son fundamentales para las operaciones frontales. Unas transacciones fluidas y sin problemas son esenciales para que los clientes est\u00e9n contentos.","og_url":"https:\/\/apgsolutions.com\/es\/hosteleria\/","og_site_name":"apg\u00ae Solutions","article_publisher":"https:\/\/www.facebook.com\/apgglobalsolutions","article_modified_time":"2026-03-12T11:46:01+00:00","og_image":[{"url":"https:\/\/apgsolutions.com\/wp-content\/uploads\/2023\/07\/Money-Growth_Light-Blue.png","type":"","width":"","height":""}],"twitter_card":"summary_large_image","twitter_site":"@apg_solutions","twitter_misc":{"Tiempo de lectura":"2 minutos"},"schema":{"@context":"https:\/\/schema.org","@graph":[{"@type":"WebPage","@id":"https:\/\/apgsolutions.com\/es\/hosteleria\/","url":"https:\/\/apgsolutions.com\/es\/hosteleria\/","name":"Soluciones POS para hosteler\u00eda - Cajas registradoras para hosteler\u00eda | apg","isPartOf":{"@id":"https:\/\/apgsolutions.com\/es\/#website"},"primaryImageOfPage":{"@id":"https:\/\/apgsolutions.com\/es\/hosteleria\/#primaryimage"},"image":{"@id":"https:\/\/apgsolutions.com\/es\/hosteleria\/#primaryimage"},"thumbnailUrl":"https:\/\/apgsolutions.com\/wp-content\/uploads\/2023\/07\/Money-Growth_Light-Blue.png","datePublished":"2025-09-24T06:13:55+00:00","dateModified":"2026-03-12T11:46:01+00:00","description":"Los sistemas de punto de venta en entornos de hosteler\u00eda son fundamentales para las operaciones frontales. Unas transacciones fluidas y sin problemas son esenciales para que los clientes est\u00e9n contentos.","inLanguage":"es","potentialAction":[{"@type":"ReadAction","target":["https:\/\/apgsolutions.com\/es\/hosteleria\/"]}]},{"@type":"ImageObject","inLanguage":"es","@id":"https:\/\/apgsolutions.com\/es\/hosteleria\/#primaryimage","url":"https:\/\/apgsolutions.com\/wp-content\/uploads\/2023\/07\/Money-Growth_Light-Blue.png","contentUrl":"https:\/\/apgsolutions.com\/wp-content\/uploads\/2023\/07\/Money-Growth_Light-Blue.png"},{"@type":"WebSite","@id":"https:\/\/apgsolutions.com\/es\/#website","url":"https:\/\/apgsolutions.com\/es\/","name":"APG Solutions, LLC","description":"Trust at every point.","publisher":{"@id":"https:\/\/apgsolutions.com\/es\/#organization"},"potentialAction":[{"@type":"SearchAction","target":{"@type":"EntryPoint","urlTemplate":"https:\/\/apgsolutions.com\/es\/?s={search_term_string}"},"query-input":{"@type":"PropertyValueSpecification","valueRequired":true,"valueName":"search_term_string"}}],"inLanguage":"es"},{"@type":"Organization","@id":"https:\/\/apgsolutions.com\/es\/#organization","name":"APG Solution, LLC","url":"https:\/\/apgsolutions.com\/es\/","logo":{"@type":"ImageObject","inLanguage":"es","@id":"https:\/\/apgsolutions.com\/es\/#\/schema\/logo\/image\/","url":"https:\/\/apgsolutions.com\/wp-content\/uploads\/2023\/12\/logomark-color.svg","contentUrl":"https:\/\/apgsolutions.com\/wp-content\/uploads\/2023\/12\/logomark-color.svg","width":141,"height":138,"caption":"APG Solution, LLC"},"image":{"@id":"https:\/\/apgsolutions.com\/es\/#\/schema\/logo\/image\/"},"sameAs":["https:\/\/www.facebook.com\/apgglobalsolutions","https:\/\/x.com\/apg_solutions","https:\/\/www.youtube.com\/c\/CashManagementGlobalSolutionsbyapg","https:\/\/www.linkedin.com\/company\/apgglobalsolutions\/","https:\/\/www.instagram.com\/apgglobalsolutions\/","https:\/\/www.pinterest.com\/apgcashdrawer\/"]}]}},"acf":[],"_links":{"self":[{"href":"https:\/\/apgsolutions.com\/es\/wp-json\/wp\/v2\/pages\/93425","targetHints":{"allow":["GET"]}}],"collection":[{"href":"https:\/\/apgsolutions.com\/es\/wp-json\/wp\/v2\/pages"}],"about":[{"href":"https:\/\/apgsolutions.com\/es\/wp-json\/wp\/v2\/types\/page"}],"author":[{"embeddable":true,"href":"https:\/\/apgsolutions.com\/es\/wp-json\/wp\/v2\/users\/4"}],"replies":[{"embeddable":true,"href":"https:\/\/apgsolutions.com\/es\/wp-json\/wp\/v2\/comments?post=93425"}],"version-history":[{"count":4,"href":"https:\/\/apgsolutions.com\/es\/wp-json\/wp\/v2\/pages\/93425\/revisions"}],"predecessor-version":[{"id":105367,"href":"https:\/\/apgsolutions.com\/es\/wp-json\/wp\/v2\/pages\/93425\/revisions\/105367"}],"wp:attachment":[{"href":"https:\/\/apgsolutions.com\/es\/wp-json\/wp\/v2\/media?parent=93425"}],"curies":[{"name":"wp","href":"https:\/\/api.w.org\/{rel}","templated":true}]}}