{"id":93493,"date":"2025-09-26T05:19:14","date_gmt":"2025-09-26T05:19:14","guid":{"rendered":"https:\/\/apgsolutions.com\/ultramarinos\/"},"modified":"2026-01-22T14:40:49","modified_gmt":"2026-01-22T14:40:49","slug":"ultramarinos","status":"publish","type":"page","link":"https:\/\/apgsolutions.com\/es\/ultramarinos\/","title":{"rendered":"Soluciones TPV y cajas registradoras para tiendas de comestibles"},"content":{"rendered":"<div class=\"section_page-header \">\n    <img decoding=\"async\" class=\"header-image\" src=\"https:\/\/apgsolutions.com\/wp-content\/uploads\/2023\/09\/Grocery-Business-type-3.jpg\" alt=\"Grocery\" title=\"Grocery\">\n            <div class=\"header-content\">\n            <h1>POS Solutions &amp; Cash Drawers for Grocery Stores<\/h1>\n        <\/div>\n    <\/div>\n<div class=\"wp-block-group pos-content-div is-vertical is-content-justification-center is-layout-flex wp-container-core-group-is-layout-4b2eccd6 wp-block-group-is-layout-flex\">\n<div style=\"height:0px\" aria-hidden=\"true\" class=\"wp-block-spacer wp-container-content-b83b6736\"><\/div>\n\n\n\n<div class=\"wp-block-group is-vertical is-content-justification-center is-nowrap is-layout-flex wp-container-core-group-is-layout-e862386f wp-block-group-is-layout-flex\">\n<p class=\"has-text-align-center has-large-font-size\"><strong>Mejora el funcionamiento y la productividad<\/strong><\/p>\n\n\n\n<div style=\"height:0px\" aria-hidden=\"true\" class=\"wp-block-spacer wp-container-content-5082a153\"><\/div>\n\n\n\n<p class=\"has-text-align-center\">Las tiendas de comestibles ofrecen una amplia gama de opciones de compra, desde alimentos hasta art\u00edculos para el hogar. En un mercado tan cambiante como el actual, los comercios necesitan adoptar nuevas tecnolog\u00edas de punto de venta para atender a los clientes con eficacia y seguir siendo rentables. Normalmente, las tiendas de comestibles tienen entre 20 y 30 l\u00edneas de caja, que se ajustan a su tama\u00f1o y al tr\u00e1fico de clientes. Seg\u00fan Statista, en 2023, las ventas de supermercados y tiendas de comestibles en EE.UU. alcanzar\u00e1n la impresionante cifra de 846.000 millones de d\u00f3lares.   <\/p>\n\n\n\n<p class=\"has-text-align-center\"><\/p>\n\n\n\n<p class=\"has-text-align-center\">Con muchas transacciones en efectivo, los sistemas de TPV fiables son cruciales para un funcionamiento fluido y un servicio ininterrumpido. Utilizar <a href=\"https:\/\/apgsolutions.com\/es\/productos\/smarttill-solution-suite\/\">soluciones de gesti\u00f3n de efectivo<\/a> ayuda a reducir los errores y las p\u00e9rdidas, permitiendo a los empleados centrarse en ofrecer un excelente servicio al cliente. APG\u00ae ofrece <a href=\"https:\/\/apgsolutions.com\/es\/productos\/\">soluciones de TPV<\/a> que mejoran y protegen los terminales de caja de los supermercados, garantizando fiabilidad y seguridad para ayudar a los supermercados a satisfacer las necesidades de los clientes con eficacia.  <\/p>\n<\/div>\n\n\n\n<div style=\"height:0px\" aria-hidden=\"true\" class=\"wp-block-spacer wp-container-content-b83b6736\"><\/div>\n\n\n\n<div class=\"wp-block-group is-vertical is-layout-flex wp-container-core-group-is-layout-8cf370e7 wp-block-group-is-layout-flex\">\n<p style=\"font-size:30px\"><strong>Hechos y estad\u00edsticas<\/strong><\/p>\n\n\n\n<div style=\"height:0px\" aria-hidden=\"true\" class=\"wp-block-spacer wp-container-content-5082a153\"><\/div>\n<\/div>\n\n\n\n<div class=\"wp-block-columns is-layout-flex wp-container-core-columns-is-layout-9d6595d7 wp-block-columns-is-layout-flex\">\n<div class=\"wp-block-column pos-card-box has-background is-layout-flow wp-block-column-is-layout-flow\" style=\"background-color:#fcfaf7;flex-basis:360px\">\n<div style=\"height:1rem\" aria-hidden=\"true\" class=\"wp-block-spacer\"><\/div>\n\n\n<div class=\"wp-block-image\">\n<figure class=\"aligncenter size-full\"><img decoding=\"async\" width=\"80\" height=\"80\" src=\"https:\/\/apgsolutions.com\/wp-content\/uploads\/2023\/07\/Money-Growth_Light-Blue.png\" alt=\"Icono de la principal fuente de ingresos\" class=\"wp-image-68978\" style=\"object-fit:cover\"\/><\/figure>\n<\/div>\n\n\n<h3 class=\"wp-block-heading has-text-align-center\" id=\"h-growth\">Crecimiento<\/h3>\n\n\n\n<p class=\"has-text-align-center\">En 2022, la media de ventas semanales por supermercado fue de 595.987 d\u00f3lares | NRF<\/p>\n\n\n\n<div style=\"height:1rem\" aria-hidden=\"true\" class=\"wp-block-spacer\"><\/div>\n<\/div>\n\n\n\n<div class=\"wp-block-column pos-card-box has-background is-layout-flow wp-block-column-is-layout-flow\" style=\"background-color:#fcfaf7;flex-basis:360px\">\n<div style=\"height:1rem\" aria-hidden=\"true\" class=\"wp-block-spacer\"><\/div>\n\n\n<div class=\"wp-block-image\">\n<figure class=\"aligncenter size-full\"><img decoding=\"async\" width=\"80\" height=\"80\" src=\"https:\/\/apgsolutions.com\/wp-content\/uploads\/2023\/07\/Partners-5.png\" alt=\"Icono Socios\" class=\"wp-image-69397\" style=\"object-fit:cover\"\/><\/figure>\n<\/div>\n\n\n<h3 class=\"wp-block-heading has-text-align-center\" id=\"h-opportunity\">Oportunidad<\/h3>\n\n\n\n<p class=\"has-text-align-center\">En 2023, habr\u00e1 2,8 millones de trabajadores empleados en supermercados\/tiendas de comestibles en EE.UU. | IBIS World<\/p>\n\n\n\n<div style=\"height:1rem\" aria-hidden=\"true\" class=\"wp-block-spacer\"><\/div>\n<\/div>\n\n\n\n<div class=\"wp-block-column pos-card-box has-background is-layout-flow wp-block-column-is-layout-flow\" style=\"background-color:#fcfaf7;flex-basis:360px\">\n<div style=\"height:1rem\" aria-hidden=\"true\" class=\"wp-block-spacer\"><\/div>\n\n\n<div class=\"wp-block-image\">\n<figure class=\"aligncenter size-full\"><img decoding=\"async\" width=\"80\" height=\"80\" src=\"https:\/\/apgsolutions.com\/wp-content\/uploads\/2023\/07\/Finance-3.png\" alt=\"Icono de Finanzas\" class=\"wp-image-69255\" style=\"object-fit:cover\"\/><\/figure>\n<\/div>\n\n\n<h3 class=\"wp-block-heading has-text-align-center\" id=\"h-revenue\">Ingresos<\/h3>\n\n\n\n<p class=\"has-text-align-center\">En 2023, las ventas de las tiendas de comestibles ascendieron a 846.000 millones de d\u00f3lares | Statista<\/p>\n\n\n\n<div style=\"height:16px\" aria-hidden=\"true\" class=\"wp-block-spacer\"><\/div>\n<\/div>\n<\/div>\n\n\n\n<div style=\"height:0px\" aria-hidden=\"true\" class=\"wp-block-spacer wp-container-content-b83b6736\"><\/div>\n\n\n\n<div class=\"wp-block-group is-vertical is-layout-flex wp-container-core-group-is-layout-8cf370e7 wp-block-group-is-layout-flex\">\n<p style=\"font-size:30px\"><strong>Nuestros cajones recomendados para comestibles<\/strong><\/p>\n\n\n\n<div style=\"height:0px\" aria-hidden=\"true\" class=\"wp-block-spacer wp-container-content-2cb1e7d4\"><\/div>\n<\/div>\n\n\n\n<div class=\"wp-block-columns is-layout-flex wp-container-core-columns-is-layout-9d6595d7 wp-block-columns-is-layout-flex\">\n<div class=\"wp-block-column is-layout-flow wp-block-column-is-layout-flow\">\n<div style=\"height:1rem\" aria-hidden=\"true\" class=\"wp-block-spacer\"><\/div>\n\n\n<div class=\"wp-block-image\">\n<figure class=\"aligncenter size-full is-resized\"><img loading=\"lazy\" decoding=\"async\" width=\"684\" height=\"365\" src=\"https:\/\/apgsolutions.com\/wp-content\/uploads\/2024\/07\/APG-Flptp-Clsd-R-SST-removebg-preview.png\" alt=\"Caj&#xF3;n portamonedas Serie Vasario\" class=\"wp-image-85851\" style=\"width:240px\" srcset=\"https:\/\/apgsolutions.com\/wp-content\/uploads\/2024\/07\/APG-Flptp-Clsd-R-SST-removebg-preview.png 684w, https:\/\/apgsolutions.com\/wp-content\/uploads\/2024\/07\/APG-Flptp-Clsd-R-SST-removebg-preview-300x160.png 300w, https:\/\/apgsolutions.com\/wp-content\/uploads\/2024\/07\/APG-Flptp-Clsd-R-SST-removebg-preview-550x293.png 550w, https:\/\/apgsolutions.com\/wp-content\/uploads\/2024\/07\/APG-Flptp-Clsd-R-SST-removebg-preview-80x43.png 80w, https:\/\/apgsolutions.com\/wp-content\/uploads\/2024\/07\/APG-Flptp-Clsd-R-SST-removebg-preview-600x320.png 600w, https:\/\/apgsolutions.com\/wp-content\/uploads\/2024\/07\/elementor\/thumbs\/APG-Flptp-Clsd-R-SST-removebg-preview-qrvtp81bzpa34q0d49l29xmhmdmbi958srf90o8m6m.png 230w, https:\/\/apgsolutions.com\/wp-content\/uploads\/2024\/07\/elementor\/thumbs\/APG-Flptp-Clsd-R-SST-removebg-preview-qrvtp81c435p9oyiucqk26ptpf49t4v999lvj5yl8g.png 240w, https:\/\/apgsolutions.com\/wp-content\/uploads\/2024\/07\/elementor\/thumbs\/APG-Flptp-Clsd-R-SST-removebg-preview-qrvtp81c0kusycmjx4ffqwvuu1qgurrqgq7eaubglq.png 232w\" sizes=\"(max-width: 684px) 100vw, 684px\" \/><\/figure>\n<\/div>\n\n\n<h3 class=\"wp-block-heading has-text-align-center\" id=\"h-vasario-series-cash-drawer\">Caj\u00f3n portamonedas Serie Vasario<\/h3>\n\n\n\n<p class=\"has-text-align-left\">Simplifica la caja tanto a los dependientes nuevos como a los experimentados con el <a href=\"https:\/\/apgsolutions.com\/de\/cash-drawer\/flip-top-cash-drawer-mf437a-bg460\/\">caj\u00f3n portamonedas E3600<\/a>. Dise\u00f1ado para manejar un alto volumen de tr\u00e1fico en tiendas de comestibles, garantiza transacciones r\u00e1pidas y eficientes en momentos de gran actividad. <\/p>\n\n\n\n<p class=\"has-text-align-left\">Probado para durar m\u00e1s de cuatro millones de transacciones, el E3600 ofrece un rendimiento fiable en todo momento.<\/p>\n\n\n\n<div style=\"height:1rem\" aria-hidden=\"true\" class=\"wp-block-spacer\"><\/div>\n<\/div>\n\n\n\n<div class=\"wp-block-column is-layout-flow wp-block-column-is-layout-flow\">\n<div style=\"height:1rem\" aria-hidden=\"true\" class=\"wp-block-spacer\"><\/div>\n\n\n<div class=\"wp-block-image\">\n<figure class=\"aligncenter size-full is-resized\"><img loading=\"lazy\" decoding=\"async\" width=\"1600\" height=\"1200\" src=\"https:\/\/apgsolutions.com\/wp-content\/uploads\/2023\/06\/Series-4000-JB520-BL1816-Closed-Right.png\" alt=\"Caj&#xF3;n portamonedas Serie 4000\" class=\"wp-image-83857\" style=\"width:186px\" srcset=\"https:\/\/apgsolutions.com\/wp-content\/uploads\/2023\/06\/Series-4000-JB520-BL1816-Closed-Right.png 1600w, https:\/\/apgsolutions.com\/wp-content\/uploads\/2023\/06\/Series-4000-JB520-BL1816-Closed-Right-300x225.png 300w, https:\/\/apgsolutions.com\/wp-content\/uploads\/2023\/06\/Series-4000-JB520-BL1816-Closed-Right-1024x768.png 1024w, https:\/\/apgsolutions.com\/wp-content\/uploads\/2023\/06\/Series-4000-JB520-BL1816-Closed-Right-768x576.png 768w, https:\/\/apgsolutions.com\/wp-content\/uploads\/2023\/06\/Series-4000-JB520-BL1816-Closed-Right-1536x1152.png 1536w, https:\/\/apgsolutions.com\/wp-content\/uploads\/2023\/06\/Series-4000-JB520-BL1816-Closed-Right-550x413.png 550w, https:\/\/apgsolutions.com\/wp-content\/uploads\/2023\/06\/Series-4000-JB520-BL1816-Closed-Right-80x60.png 80w, https:\/\/apgsolutions.com\/wp-content\/uploads\/2023\/06\/Series-4000-JB520-BL1816-Closed-Right-600x450.png 600w\" sizes=\"(max-width: 1600px) 100vw, 1600px\" \/><\/figure>\n<\/div>\n\n\n<h3 class=\"wp-block-heading has-text-align-center\" id=\"h-series-4000-cash-drawer\">Caj\u00f3n portamonedas Serie 4000<\/h3>\n\n\n\n<p class=\"has-text-align-left\">La <a href=\"https:\/\/apgsolutions.com\/products\/cash-drawers\/heavy-duty\/series-4000\/\">Serie 4000<\/a> est\u00e1 dise\u00f1ada para las exigencias vertiginosas de las tiendas de comestibles, ofreciendo un espacio de almacenamiento flexible con varios tama\u00f1os y colores para adaptarse a tus necesidades de caja.<\/p>\n\n\n\n<p class=\"has-text-align-left\">Fabricada para durar m\u00e1s de cuatro millones de transacciones, la Serie 4000 garantiza un rendimiento fiable y una larga durabilidad, lo que la convierte en la elecci\u00f3n fiable para las tiendas de comestibles.<\/p>\n\n\n\n<div style=\"height:1rem\" aria-hidden=\"true\" class=\"wp-block-spacer\"><\/div>\n<\/div>\n<\/div>\n<\/div>\n","protected":false},"excerpt":{"rendered":"<p>Mejora el funcionamiento y la productividad Las tiendas de comestibles ofrecen una amplia gama de opciones de compra, desde alimentos hasta art\u00edculos para el hogar. En un mercado tan cambiante como el actual, los comercios necesitan adoptar nuevas tecnolog\u00edas de punto de venta para atender a los clientes con eficacia y seguir siendo rentables. Normalmente, [&hellip;]<\/p>\n","protected":false},"author":4,"featured_media":0,"parent":0,"menu_order":0,"comment_status":"closed","ping_status":"closed","template":"","meta":{"_acf_changed":false,"content-type":"","footnotes":""},"class_list":["post-93493","page","type-page","status-publish"],"yoast_head":"<!-- This site is optimized with the Yoast SEO Premium plugin v23.5 (Yoast SEO v27.2) - https:\/\/yoast.com\/product\/yoast-seo-premium-wordpress\/ -->\n<title>Soluciones TPV de comestibles - Cajas registradoras de comestibles | apg\u00ae<\/title>\n<meta name=\"description\" content=\"APG ofrece soluciones de TPV para tiendas de comestibles que mejoran y protegen los terminales de caja de las tiendas de comestibles para aumentar la productividad general.\" \/>\n<meta name=\"robots\" content=\"index, follow, max-snippet:-1, max-image-preview:large, max-video-preview:-1\" \/>\n<link rel=\"canonical\" href=\"https:\/\/apgsolutions.com\/es\/ultramarinos\/\" \/>\n<meta property=\"og:locale\" content=\"es_ES\" \/>\n<meta property=\"og:type\" content=\"article\" \/>\n<meta property=\"og:title\" content=\"Soluciones TPV de comestibles - Cajas registradoras de comestibles | apg\u00ae\" \/>\n<meta property=\"og:description\" content=\"APG ofrece soluciones de TPV para tiendas de comestibles que mejoran y protegen los terminales de caja de las tiendas de comestibles para aumentar la productividad general.\" \/>\n<meta property=\"og:url\" content=\"https:\/\/apgsolutions.com\/es\/ultramarinos\/\" \/>\n<meta property=\"og:site_name\" content=\"apg\u00ae Solutions\" \/>\n<meta property=\"article:publisher\" content=\"https:\/\/www.facebook.com\/apgglobalsolutions\" \/>\n<meta property=\"article:modified_time\" content=\"2026-01-22T14:40:49+00:00\" \/>\n<meta property=\"og:image\" content=\"https:\/\/apgsolutions.com\/wp-content\/uploads\/2023\/07\/Money-Growth_Light-Blue.png\" \/>\n<meta name=\"twitter:card\" content=\"summary_large_image\" \/>\n<meta name=\"twitter:site\" content=\"@apg_solutions\" \/>\n<meta name=\"twitter:label1\" content=\"Tiempo de lectura\" \/>\n\t<meta name=\"twitter:data1\" content=\"2 minutos\" \/>\n<script type=\"application\/ld+json\" class=\"yoast-schema-graph\">{\"@context\":\"https:\/\/schema.org\",\"@graph\":[{\"@type\":\"WebPage\",\"@id\":\"https:\/\/apgsolutions.com\/es\/ultramarinos\/\",\"url\":\"https:\/\/apgsolutions.com\/es\/ultramarinos\/\",\"name\":\"Soluciones TPV de comestibles - Cajas registradoras de comestibles | apg\u00ae\",\"isPartOf\":{\"@id\":\"https:\/\/apgsolutions.com\/es\/#website\"},\"primaryImageOfPage\":{\"@id\":\"https:\/\/apgsolutions.com\/es\/ultramarinos\/#primaryimage\"},\"image\":{\"@id\":\"https:\/\/apgsolutions.com\/es\/ultramarinos\/#primaryimage\"},\"thumbnailUrl\":\"https:\/\/apgsolutions.com\/wp-content\/uploads\/2023\/07\/Money-Growth_Light-Blue.png\",\"datePublished\":\"2025-09-26T05:19:14+00:00\",\"dateModified\":\"2026-01-22T14:40:49+00:00\",\"description\":\"APG ofrece soluciones de TPV para tiendas de comestibles que mejoran y protegen los terminales de caja de las tiendas de comestibles para aumentar la productividad general.\",\"inLanguage\":\"es\",\"potentialAction\":[{\"@type\":\"ReadAction\",\"target\":[\"https:\/\/apgsolutions.com\/es\/ultramarinos\/\"]}]},{\"@type\":\"ImageObject\",\"inLanguage\":\"es\",\"@id\":\"https:\/\/apgsolutions.com\/es\/ultramarinos\/#primaryimage\",\"url\":\"https:\/\/apgsolutions.com\/wp-content\/uploads\/2023\/07\/Money-Growth_Light-Blue.png\",\"contentUrl\":\"https:\/\/apgsolutions.com\/wp-content\/uploads\/2023\/07\/Money-Growth_Light-Blue.png\"},{\"@type\":\"WebSite\",\"@id\":\"https:\/\/apgsolutions.com\/es\/#website\",\"url\":\"https:\/\/apgsolutions.com\/es\/\",\"name\":\"APG Solutions, LLC\",\"description\":\"Trust at every point.\",\"publisher\":{\"@id\":\"https:\/\/apgsolutions.com\/es\/#organization\"},\"potentialAction\":[{\"@type\":\"SearchAction\",\"target\":{\"@type\":\"EntryPoint\",\"urlTemplate\":\"https:\/\/apgsolutions.com\/es\/?s={search_term_string}\"},\"query-input\":{\"@type\":\"PropertyValueSpecification\",\"valueRequired\":true,\"valueName\":\"search_term_string\"}}],\"inLanguage\":\"es\"},{\"@type\":\"Organization\",\"@id\":\"https:\/\/apgsolutions.com\/es\/#organization\",\"name\":\"APG Solution, LLC\",\"url\":\"https:\/\/apgsolutions.com\/es\/\",\"logo\":{\"@type\":\"ImageObject\",\"inLanguage\":\"es\",\"@id\":\"https:\/\/apgsolutions.com\/es\/#\/schema\/logo\/image\/\",\"url\":\"https:\/\/apgsolutions.com\/wp-content\/uploads\/2023\/12\/logomark-color.svg\",\"contentUrl\":\"https:\/\/apgsolutions.com\/wp-content\/uploads\/2023\/12\/logomark-color.svg\",\"width\":141,\"height\":138,\"caption\":\"APG Solution, LLC\"},\"image\":{\"@id\":\"https:\/\/apgsolutions.com\/es\/#\/schema\/logo\/image\/\"},\"sameAs\":[\"https:\/\/www.facebook.com\/apgglobalsolutions\",\"https:\/\/x.com\/apg_solutions\",\"https:\/\/www.youtube.com\/c\/CashManagementGlobalSolutionsbyapg\",\"https:\/\/www.linkedin.com\/company\/apgglobalsolutions\/\",\"https:\/\/www.instagram.com\/apgglobalsolutions\/\",\"https:\/\/www.pinterest.com\/apgcashdrawer\/\"]}]}<\/script>\n<!-- \/ Yoast SEO Premium plugin. -->","yoast_head_json":{"title":"Soluciones TPV de comestibles - Cajas registradoras de comestibles | apg\u00ae","description":"APG ofrece soluciones de TPV para tiendas de comestibles que mejoran y protegen los terminales de caja de las tiendas de comestibles para aumentar la productividad general.","robots":{"index":"index","follow":"follow","max-snippet":"max-snippet:-1","max-image-preview":"max-image-preview:large","max-video-preview":"max-video-preview:-1"},"canonical":"https:\/\/apgsolutions.com\/es\/ultramarinos\/","og_locale":"es_ES","og_type":"article","og_title":"Soluciones TPV de comestibles - Cajas registradoras de comestibles | apg\u00ae","og_description":"APG ofrece soluciones de TPV para tiendas de comestibles que mejoran y protegen los terminales de caja de las tiendas de comestibles para aumentar la productividad general.","og_url":"https:\/\/apgsolutions.com\/es\/ultramarinos\/","og_site_name":"apg\u00ae Solutions","article_publisher":"https:\/\/www.facebook.com\/apgglobalsolutions","article_modified_time":"2026-01-22T14:40:49+00:00","og_image":[{"url":"https:\/\/apgsolutions.com\/wp-content\/uploads\/2023\/07\/Money-Growth_Light-Blue.png","type":"","width":"","height":""}],"twitter_card":"summary_large_image","twitter_site":"@apg_solutions","twitter_misc":{"Tiempo de lectura":"2 minutos"},"schema":{"@context":"https:\/\/schema.org","@graph":[{"@type":"WebPage","@id":"https:\/\/apgsolutions.com\/es\/ultramarinos\/","url":"https:\/\/apgsolutions.com\/es\/ultramarinos\/","name":"Soluciones TPV de comestibles - Cajas registradoras de comestibles | apg\u00ae","isPartOf":{"@id":"https:\/\/apgsolutions.com\/es\/#website"},"primaryImageOfPage":{"@id":"https:\/\/apgsolutions.com\/es\/ultramarinos\/#primaryimage"},"image":{"@id":"https:\/\/apgsolutions.com\/es\/ultramarinos\/#primaryimage"},"thumbnailUrl":"https:\/\/apgsolutions.com\/wp-content\/uploads\/2023\/07\/Money-Growth_Light-Blue.png","datePublished":"2025-09-26T05:19:14+00:00","dateModified":"2026-01-22T14:40:49+00:00","description":"APG ofrece soluciones de TPV para tiendas de comestibles que mejoran y protegen los terminales de caja de las tiendas de comestibles para aumentar la productividad general.","inLanguage":"es","potentialAction":[{"@type":"ReadAction","target":["https:\/\/apgsolutions.com\/es\/ultramarinos\/"]}]},{"@type":"ImageObject","inLanguage":"es","@id":"https:\/\/apgsolutions.com\/es\/ultramarinos\/#primaryimage","url":"https:\/\/apgsolutions.com\/wp-content\/uploads\/2023\/07\/Money-Growth_Light-Blue.png","contentUrl":"https:\/\/apgsolutions.com\/wp-content\/uploads\/2023\/07\/Money-Growth_Light-Blue.png"},{"@type":"WebSite","@id":"https:\/\/apgsolutions.com\/es\/#website","url":"https:\/\/apgsolutions.com\/es\/","name":"APG Solutions, LLC","description":"Trust at every point.","publisher":{"@id":"https:\/\/apgsolutions.com\/es\/#organization"},"potentialAction":[{"@type":"SearchAction","target":{"@type":"EntryPoint","urlTemplate":"https:\/\/apgsolutions.com\/es\/?s={search_term_string}"},"query-input":{"@type":"PropertyValueSpecification","valueRequired":true,"valueName":"search_term_string"}}],"inLanguage":"es"},{"@type":"Organization","@id":"https:\/\/apgsolutions.com\/es\/#organization","name":"APG Solution, LLC","url":"https:\/\/apgsolutions.com\/es\/","logo":{"@type":"ImageObject","inLanguage":"es","@id":"https:\/\/apgsolutions.com\/es\/#\/schema\/logo\/image\/","url":"https:\/\/apgsolutions.com\/wp-content\/uploads\/2023\/12\/logomark-color.svg","contentUrl":"https:\/\/apgsolutions.com\/wp-content\/uploads\/2023\/12\/logomark-color.svg","width":141,"height":138,"caption":"APG Solution, LLC"},"image":{"@id":"https:\/\/apgsolutions.com\/es\/#\/schema\/logo\/image\/"},"sameAs":["https:\/\/www.facebook.com\/apgglobalsolutions","https:\/\/x.com\/apg_solutions","https:\/\/www.youtube.com\/c\/CashManagementGlobalSolutionsbyapg","https:\/\/www.linkedin.com\/company\/apgglobalsolutions\/","https:\/\/www.instagram.com\/apgglobalsolutions\/","https:\/\/www.pinterest.com\/apgcashdrawer\/"]}]}},"acf":[],"_links":{"self":[{"href":"https:\/\/apgsolutions.com\/es\/wp-json\/wp\/v2\/pages\/93493","targetHints":{"allow":["GET"]}}],"collection":[{"href":"https:\/\/apgsolutions.com\/es\/wp-json\/wp\/v2\/pages"}],"about":[{"href":"https:\/\/apgsolutions.com\/es\/wp-json\/wp\/v2\/types\/page"}],"author":[{"embeddable":true,"href":"https:\/\/apgsolutions.com\/es\/wp-json\/wp\/v2\/users\/4"}],"replies":[{"embeddable":true,"href":"https:\/\/apgsolutions.com\/es\/wp-json\/wp\/v2\/comments?post=93493"}],"version-history":[{"count":3,"href":"https:\/\/apgsolutions.com\/es\/wp-json\/wp\/v2\/pages\/93493\/revisions"}],"predecessor-version":[{"id":98311,"href":"https:\/\/apgsolutions.com\/es\/wp-json\/wp\/v2\/pages\/93493\/revisions\/98311"}],"wp:attachment":[{"href":"https:\/\/apgsolutions.com\/es\/wp-json\/wp\/v2\/media?parent=93493"}],"curies":[{"name":"wp","href":"https:\/\/api.w.org\/{rel}","templated":true}]}}