{"id":93501,"date":"2025-09-26T06:15:07","date_gmt":"2025-09-26T06:15:07","guid":{"rendered":"https:\/\/apgsolutions.com\/modern-slavery-act\/"},"modified":"2026-01-27T16:22:50","modified_gmt":"2026-01-27T16:22:50","slug":"modern-slavery-act","status":"publish","type":"page","link":"https:\/\/apgsolutions.com\/es\/modern-slavery-act\/","title":{"rendered":"Ley sobre la Esclavitud Moderna"},"content":{"rendered":"<div class=\"section_page-header \">\n    <img decoding=\"async\" class=\"header-image\" src=\"https:\/\/apgsolutions.com\/wp-content\/uploads\/2023\/04\/dark-blue-rotated.jpg\" alt=\"dark-blue\" title=\"dark-blue\">\n            <div class=\"header-content\">\n            <h1>Modern Slavery Act<\/h1>\n        <\/div>\n    <\/div>\n<p><strong>Esta declaraci\u00f3n se realiza en nombre de APG Cash Drawer Ltd (APG) de conformidad con el art\u00edculo 54(1) de la Ley sobre Esclavitud Moderna de 2015 (la \u00abLey\u00bb), y constituye la declaraci\u00f3n sobre esclavitud y trata de seres humanos de nuestro grupo para el a\u00f1o que finaliza el 31 de diciembre de 2021.<\/strong><\/p>\n\n<p><strong>NUESTRO NEGOCIO Y ESTRUCTURA<\/strong><\/p>\n\n<p>APG compra y fabrica cajones portamonedas para distribuidores y revendedores de todo el mundo. Nuestra sede central est\u00e1 en Minneapolis (Minnesota, EE.UU.) y tenemos oficinas y sucursales en el Reino Unido, Francia, B\u00e9lgica, Espa\u00f1a y Alemania. <\/p>\n\n<p><strong>NUESTRAS CADENAS DE SUMINISTRO<\/strong><\/p>\n\n<p>Nuestras cadenas de suministro incluyen cajones portamonedas, chapas met\u00e1licas, fijaciones, componentes electr\u00f3nicos, placas de circuito impreso, montajes de cables, cart\u00f3n, envases, servicios editoriales y de impresi\u00f3n, servicios inform\u00e1ticos, proveedores de formaci\u00f3n y consultores, servicios de marketing y relaciones p\u00fablicas. Hemos revisado los riesgos que pueden presentar estas cadenas de suministro y, aunque consideramos que nuestra exposici\u00f3n a la esclavitud moderna es limitada, esperamos que nuestros proveedores y contratistas demuestren un enfoque de tolerancia cero frente a la explotaci\u00f3n. <\/p>\n\n<p><strong>ACTUAR<\/strong><\/p>\n\n<p>Como parte de nuestro proceso de contrataci\u00f3n en 2021, entablamos un di\u00e1logo con nuestros proveedores con el objetivo no s\u00f3lo de concienciarlos, sino tambi\u00e9n de asegurarnos de que entienden la Ley sobre Esclavitud Moderna de 2015 y c\u00f3mo les afecta. Seguimos recopilando datos de nuestros principales proveedores e informaremos de nuestras conclusiones en una declaraci\u00f3n a principios de 2023. <\/p>\n\n<p><strong>NUESTRO PERSONAL DE COMPRAS<\/strong><\/p>\n\n<p>Nuestro equipo de adquisiciones es muy consciente de que la esclavitud moderna es un problema mundial que nos afecta a todos. Son conscientes de las trampas cognitivas a las que se enfrenta el personal subalterno, que podr\u00eda formar parte del ciclo sin darse cuenta. Mediante la formaci\u00f3n y las cualificaciones CIPS a lo largo de 2021 hemos tomado medidas para mitigar esos riesgos.  <\/p>\n","protected":false},"excerpt":{"rendered":"<p>Esta declaraci\u00f3n se realiza en nombre de APG Cash Drawer Ltd (APG) de conformidad con el art\u00edculo 54(1) de la Ley sobre Esclavitud Moderna de 2015 (la \u00abLey\u00bb), y constituye la declaraci\u00f3n sobre esclavitud y trata de seres humanos de nuestro grupo para el a\u00f1o que finaliza el 31 de diciembre de 2021. NUESTRO NEGOCIO [&hellip;]<\/p>\n","protected":false},"author":4,"featured_media":0,"parent":0,"menu_order":0,"comment_status":"closed","ping_status":"closed","template":"","meta":{"_acf_changed":false,"content-type":"","footnotes":""},"class_list":["post-93501","page","type-page","status-publish"],"yoast_head":"<!-- This site is optimized with the Yoast SEO Premium plugin v23.5 (Yoast SEO v27.2) - https:\/\/yoast.com\/product\/yoast-seo-premium-wordpress\/ -->\n<title>Ley sobre la Esclavitud Moderna<\/title>\n<meta name=\"description\" content=\"Declaraci\u00f3n de APG sobre el cumplimiento de la Ley sobre Esclavitud Moderna. Compromiso con las pr\u00e1cticas \u00e9ticas en las cadenas de suministro.\" \/>\n<meta name=\"robots\" content=\"index, follow, max-snippet:-1, max-image-preview:large, max-video-preview:-1\" \/>\n<link rel=\"canonical\" href=\"https:\/\/apgsolutions.com\/es\/modern-slavery-act\/\" \/>\n<meta property=\"og:locale\" content=\"es_ES\" \/>\n<meta property=\"og:type\" content=\"article\" \/>\n<meta property=\"og:title\" content=\"Ley sobre la Esclavitud Moderna\" \/>\n<meta property=\"og:description\" content=\"Declaraci\u00f3n de APG sobre el cumplimiento de la Ley sobre Esclavitud Moderna. Compromiso con las pr\u00e1cticas \u00e9ticas en las cadenas de suministro.\" \/>\n<meta property=\"og:url\" content=\"https:\/\/apgsolutions.com\/es\/modern-slavery-act\/\" \/>\n<meta property=\"og:site_name\" content=\"apg\u00ae Solutions\" \/>\n<meta property=\"article:publisher\" content=\"https:\/\/www.facebook.com\/apgglobalsolutions\" \/>\n<meta property=\"article:modified_time\" content=\"2026-01-27T16:22:50+00:00\" \/>\n<meta name=\"twitter:card\" content=\"summary_large_image\" \/>\n<meta name=\"twitter:site\" content=\"@apg_solutions\" \/>\n<meta name=\"twitter:label1\" content=\"Tiempo de lectura\" \/>\n\t<meta name=\"twitter:data1\" content=\"2 minutos\" \/>\n<script type=\"application\/ld+json\" class=\"yoast-schema-graph\">{\"@context\":\"https:\/\/schema.org\",\"@graph\":[{\"@type\":\"WebPage\",\"@id\":\"https:\/\/apgsolutions.com\/es\/modern-slavery-act\/\",\"url\":\"https:\/\/apgsolutions.com\/es\/modern-slavery-act\/\",\"name\":\"Ley sobre la Esclavitud Moderna\",\"isPartOf\":{\"@id\":\"https:\/\/apgsolutions.com\/es\/#website\"},\"datePublished\":\"2025-09-26T06:15:07+00:00\",\"dateModified\":\"2026-01-27T16:22:50+00:00\",\"description\":\"Declaraci\u00f3n de APG sobre el cumplimiento de la Ley sobre Esclavitud Moderna. Compromiso con las pr\u00e1cticas \u00e9ticas en las cadenas de suministro.\",\"inLanguage\":\"es\",\"potentialAction\":[{\"@type\":\"ReadAction\",\"target\":[\"https:\/\/apgsolutions.com\/es\/modern-slavery-act\/\"]}]},{\"@type\":\"WebSite\",\"@id\":\"https:\/\/apgsolutions.com\/es\/#website\",\"url\":\"https:\/\/apgsolutions.com\/es\/\",\"name\":\"APG Solutions, LLC\",\"description\":\"Trust at every point.\",\"publisher\":{\"@id\":\"https:\/\/apgsolutions.com\/es\/#organization\"},\"potentialAction\":[{\"@type\":\"SearchAction\",\"target\":{\"@type\":\"EntryPoint\",\"urlTemplate\":\"https:\/\/apgsolutions.com\/es\/?s={search_term_string}\"},\"query-input\":{\"@type\":\"PropertyValueSpecification\",\"valueRequired\":true,\"valueName\":\"search_term_string\"}}],\"inLanguage\":\"es\"},{\"@type\":\"Organization\",\"@id\":\"https:\/\/apgsolutions.com\/es\/#organization\",\"name\":\"APG Solution, LLC\",\"url\":\"https:\/\/apgsolutions.com\/es\/\",\"logo\":{\"@type\":\"ImageObject\",\"inLanguage\":\"es\",\"@id\":\"https:\/\/apgsolutions.com\/es\/#\/schema\/logo\/image\/\",\"url\":\"https:\/\/apgsolutions.com\/wp-content\/uploads\/2023\/12\/logomark-color.svg\",\"contentUrl\":\"https:\/\/apgsolutions.com\/wp-content\/uploads\/2023\/12\/logomark-color.svg\",\"width\":141,\"height\":138,\"caption\":\"APG Solution, LLC\"},\"image\":{\"@id\":\"https:\/\/apgsolutions.com\/es\/#\/schema\/logo\/image\/\"},\"sameAs\":[\"https:\/\/www.facebook.com\/apgglobalsolutions\",\"https:\/\/x.com\/apg_solutions\",\"https:\/\/www.youtube.com\/c\/CashManagementGlobalSolutionsbyapg\",\"https:\/\/www.linkedin.com\/company\/apgglobalsolutions\/\",\"https:\/\/www.instagram.com\/apgglobalsolutions\/\",\"https:\/\/www.pinterest.com\/apgcashdrawer\/\"]}]}<\/script>\n<!-- \/ Yoast SEO Premium plugin. -->","yoast_head_json":{"title":"Ley sobre la Esclavitud Moderna","description":"Declaraci\u00f3n de APG sobre el cumplimiento de la Ley sobre Esclavitud Moderna. Compromiso con las pr\u00e1cticas \u00e9ticas en las cadenas de suministro.","robots":{"index":"index","follow":"follow","max-snippet":"max-snippet:-1","max-image-preview":"max-image-preview:large","max-video-preview":"max-video-preview:-1"},"canonical":"https:\/\/apgsolutions.com\/es\/modern-slavery-act\/","og_locale":"es_ES","og_type":"article","og_title":"Ley sobre la Esclavitud Moderna","og_description":"Declaraci\u00f3n de APG sobre el cumplimiento de la Ley sobre Esclavitud Moderna. Compromiso con las pr\u00e1cticas \u00e9ticas en las cadenas de suministro.","og_url":"https:\/\/apgsolutions.com\/es\/modern-slavery-act\/","og_site_name":"apg\u00ae Solutions","article_publisher":"https:\/\/www.facebook.com\/apgglobalsolutions","article_modified_time":"2026-01-27T16:22:50+00:00","twitter_card":"summary_large_image","twitter_site":"@apg_solutions","twitter_misc":{"Tiempo de lectura":"2 minutos"},"schema":{"@context":"https:\/\/schema.org","@graph":[{"@type":"WebPage","@id":"https:\/\/apgsolutions.com\/es\/modern-slavery-act\/","url":"https:\/\/apgsolutions.com\/es\/modern-slavery-act\/","name":"Ley sobre la Esclavitud Moderna","isPartOf":{"@id":"https:\/\/apgsolutions.com\/es\/#website"},"datePublished":"2025-09-26T06:15:07+00:00","dateModified":"2026-01-27T16:22:50+00:00","description":"Declaraci\u00f3n de APG sobre el cumplimiento de la Ley sobre Esclavitud Moderna. Compromiso con las pr\u00e1cticas \u00e9ticas en las cadenas de suministro.","inLanguage":"es","potentialAction":[{"@type":"ReadAction","target":["https:\/\/apgsolutions.com\/es\/modern-slavery-act\/"]}]},{"@type":"WebSite","@id":"https:\/\/apgsolutions.com\/es\/#website","url":"https:\/\/apgsolutions.com\/es\/","name":"APG Solutions, LLC","description":"Trust at every point.","publisher":{"@id":"https:\/\/apgsolutions.com\/es\/#organization"},"potentialAction":[{"@type":"SearchAction","target":{"@type":"EntryPoint","urlTemplate":"https:\/\/apgsolutions.com\/es\/?s={search_term_string}"},"query-input":{"@type":"PropertyValueSpecification","valueRequired":true,"valueName":"search_term_string"}}],"inLanguage":"es"},{"@type":"Organization","@id":"https:\/\/apgsolutions.com\/es\/#organization","name":"APG Solution, LLC","url":"https:\/\/apgsolutions.com\/es\/","logo":{"@type":"ImageObject","inLanguage":"es","@id":"https:\/\/apgsolutions.com\/es\/#\/schema\/logo\/image\/","url":"https:\/\/apgsolutions.com\/wp-content\/uploads\/2023\/12\/logomark-color.svg","contentUrl":"https:\/\/apgsolutions.com\/wp-content\/uploads\/2023\/12\/logomark-color.svg","width":141,"height":138,"caption":"APG Solution, LLC"},"image":{"@id":"https:\/\/apgsolutions.com\/es\/#\/schema\/logo\/image\/"},"sameAs":["https:\/\/www.facebook.com\/apgglobalsolutions","https:\/\/x.com\/apg_solutions","https:\/\/www.youtube.com\/c\/CashManagementGlobalSolutionsbyapg","https:\/\/www.linkedin.com\/company\/apgglobalsolutions\/","https:\/\/www.instagram.com\/apgglobalsolutions\/","https:\/\/www.pinterest.com\/apgcashdrawer\/"]}]}},"acf":[],"_links":{"self":[{"href":"https:\/\/apgsolutions.com\/es\/wp-json\/wp\/v2\/pages\/93501","targetHints":{"allow":["GET"]}}],"collection":[{"href":"https:\/\/apgsolutions.com\/es\/wp-json\/wp\/v2\/pages"}],"about":[{"href":"https:\/\/apgsolutions.com\/es\/wp-json\/wp\/v2\/types\/page"}],"author":[{"embeddable":true,"href":"https:\/\/apgsolutions.com\/es\/wp-json\/wp\/v2\/users\/4"}],"replies":[{"embeddable":true,"href":"https:\/\/apgsolutions.com\/es\/wp-json\/wp\/v2\/comments?post=93501"}],"version-history":[{"count":1,"href":"https:\/\/apgsolutions.com\/es\/wp-json\/wp\/v2\/pages\/93501\/revisions"}],"predecessor-version":[{"id":93502,"href":"https:\/\/apgsolutions.com\/es\/wp-json\/wp\/v2\/pages\/93501\/revisions\/93502"}],"wp:attachment":[{"href":"https:\/\/apgsolutions.com\/es\/wp-json\/wp\/v2\/media?parent=93501"}],"curies":[{"name":"wp","href":"https:\/\/api.w.org\/{rel}","templated":true}]}}