{"id":93526,"date":"2025-09-26T06:20:22","date_gmt":"2025-09-26T06:20:22","guid":{"rendered":"https:\/\/apgsolutions.com\/calculoid\/"},"modified":"2026-01-23T10:52:57","modified_gmt":"2026-01-23T10:52:57","slug":"calculoid","status":"publish","type":"page","link":"https:\/\/apgsolutions.com\/es\/calculoid\/","title":{"rendered":"Calculadora de valor smarttill"},"content":{"rendered":"<div class=\"section_page-header \">\n    <img decoding=\"async\" class=\"header-image\" src=\"https:\/\/apgsolutions.com\/wp-content\/uploads\/2025\/04\/Smarttill-value-calculator-banner-simple.png\" alt=\"Smarttill-value-calculator-banner-simple\" title=\"Smarttill-value-calculator-banner-simple\">\n            <div class=\"header-content\">\n            <h1>smarttill\u00ae Value Calculator<\/h1>\n        <\/div>\n    <\/div>\n<div class=\"wp-block-columns pad-t0 is-layout-flex wp-container-core-columns-is-layout-9d6595d7 wp-block-columns-is-layout-flex\">\n<div class=\"wp-block-column is-vertically-aligned-center is-layout-flow wp-block-column-is-layout-flow\">\n<h2 class=\"wp-block-heading has-text-align-left has-large-font-size\" id=\"h-discover-your-potential-savings-with-apg-s-smarttill-cash-management-solution\">Descubre tu potencial de ahorro con la soluci\u00f3n de gesti\u00f3n de efectivo smarttill\u00ae de apg<\/h2>\n\n\n\n<p>Gestionar el efectivo manualmente lleva tiempo, inmoviliza los recursos de personal y aumenta el riesgo de errores y p\u00e9rdidas. La <a href=\"https:\/\/apgsolutions.com\/es\/productos\/smarttill-solution-suite\/\">soluci\u00f3n de gesti\u00f3n de efectivo smarttill<\/a> ofrece una forma m\u00e1s inteligente: automatizar el recuento de efectivo en tiempo real, reducir las mermas y dar a tu equipo m\u00e1s tiempo para centrarse en lo que importa: tus clientes. <\/p>\n\n\n\n<p>Con nuestra Calculadora de valor de smarttill, puedes estimar r\u00e1pidamente cu\u00e1nto tiempo y dinero podr\u00eda ahorrar tu negocio de venta al por menor o de hosteler\u00eda cambiando a una soluci\u00f3n automatizada de gesti\u00f3n de efectivo.<\/p>\n\n\n\n<h3 class=\"wp-block-heading\" id=\"h-see-the-impact-on-your-business\">Comprueba el impacto en tu negocio<\/h3>\n\n\n\n<ul class=\"wp-block-list\">\n<li>Ahorra tiempo cada d\u00eda en la conciliaci\u00f3n del efectivo y los cambios de turno<\/li>\n\n\n\n<li>Reduce las p\u00e9rdidas de efectivo hasta un 90%<\/li>\n\n\n\n<li>Reducir los costes operativos y mejorar la eficacia del personal<\/li>\n\n\n\n<li>Obt\u00e9n visibilidad y control en tiempo real de tu gesti\u00f3n de efectivo<\/li>\n<\/ul>\n<\/div>\n\n\n\n<div class=\"wp-block-column is-vertically-aligned-center is-layout-flow wp-block-column-is-layout-flow\">\n<figure class=\"wp-block-image size-large is-resized\"><img fetchpriority=\"high\" decoding=\"async\" width=\"1024\" height=\"848\" src=\"https:\/\/apgsolutions.com\/wp-content\/uploads\/2025\/04\/See_The_Impact_Of_Your_Business-1-1024x848.png\" alt=\"calculadora de valor smarttill\" class=\"wp-image-89923\" style=\"width:800px\" srcset=\"https:\/\/apgsolutions.com\/wp-content\/uploads\/2025\/04\/See_The_Impact_Of_Your_Business-1-1024x848.png 1024w, https:\/\/apgsolutions.com\/wp-content\/uploads\/2025\/04\/See_The_Impact_Of_Your_Business-1-300x248.png 300w, https:\/\/apgsolutions.com\/wp-content\/uploads\/2025\/04\/See_The_Impact_Of_Your_Business-1-768x636.png 768w, https:\/\/apgsolutions.com\/wp-content\/uploads\/2025\/04\/See_The_Impact_Of_Your_Business-1-50x41.png 50w, https:\/\/apgsolutions.com\/wp-content\/uploads\/2025\/04\/See_The_Impact_Of_Your_Business-1-550x455.png 550w, https:\/\/apgsolutions.com\/wp-content\/uploads\/2025\/04\/See_The_Impact_Of_Your_Business-1-80x66.png 80w, https:\/\/apgsolutions.com\/wp-content\/uploads\/2025\/04\/See_The_Impact_Of_Your_Business-1-600x497.png 600w, https:\/\/apgsolutions.com\/wp-content\/uploads\/2025\/04\/See_The_Impact_Of_Your_Business-1.png 1080w\" sizes=\"(max-width: 1024px) 100vw, 1024px\" \/><\/figure>\n<\/div>\n<\/div>\n\n<div class=\"wp-block-columns is-layout-flex wp-container-core-columns-is-layout-9d6595d7 wp-block-columns-is-layout-flex\">\n<div class=\"wp-block-column is-layout-flow wp-block-column-is-layout-flow\"><div class=\"wp-block-image\">\n<figure class=\"aligncenter size-full is-resized\"><img decoding=\"async\" width=\"847\" height=\"211\" src=\"https:\/\/apgsolutions.com\/wp-content\/uploads\/2025\/04\/TimeAndMoneySavingsWithSmarttill.png\" alt=\"Ahorro de tiempo y dinero con Smarttill\" class=\"wp-image-89857\" style=\"width:500px\" srcset=\"https:\/\/apgsolutions.com\/wp-content\/uploads\/2025\/04\/TimeAndMoneySavingsWithSmarttill.png 847w, https:\/\/apgsolutions.com\/wp-content\/uploads\/2025\/04\/TimeAndMoneySavingsWithSmarttill-300x75.png 300w, https:\/\/apgsolutions.com\/wp-content\/uploads\/2025\/04\/TimeAndMoneySavingsWithSmarttill-768x191.png 768w, https:\/\/apgsolutions.com\/wp-content\/uploads\/2025\/04\/TimeAndMoneySavingsWithSmarttill-50x12.png 50w, https:\/\/apgsolutions.com\/wp-content\/uploads\/2025\/04\/TimeAndMoneySavingsWithSmarttill-550x137.png 550w, https:\/\/apgsolutions.com\/wp-content\/uploads\/2025\/04\/TimeAndMoneySavingsWithSmarttill-80x20.png 80w, https:\/\/apgsolutions.com\/wp-content\/uploads\/2025\/04\/TimeAndMoneySavingsWithSmarttill-600x149.png 600w\" sizes=\"(max-width: 847px) 100vw, 847px\" \/><\/figure>\n<\/div>\n\n\n<p class=\"has-text-align-center\">Calcula cu\u00e1nto tiempo y dinero puedes ahorrar con la soluci\u00f3n de gesti\u00f3n de efectivo smarttill de apg.<\/p>\n\n\n\n<p class=\"has-text-align-center\">Esta calculadora proporciona una instant\u00e1nea simplificada de tu ahorro potencial. Para un an\u00e1lisis m\u00e1s profundo y personalizado -que tenga en cuenta tu n\u00famero exacto de establecimientos, l\u00edneas, cajas, salarios de los empleados y otros factores \u00fanicos-, rellena el siguiente formulario para solicitar una auditor\u00eda completa a nuestros Arquitectos de soluciones de smarttill. <\/p>\n\n\n\n<div style=\"height:25px\" aria-hidden=\"true\" class=\"wp-block-spacer\"><\/div>\n\n\n\n<link rel=\"stylesheet\" href=\"https:\/\/embed.calculoid.com\/styles\/main.css\"\/><script src=\"https:\/\/embed.calculoid.com\/scripts\/combined.min.js\"><\/script><div ng-app=\"calculoid\" ng-controller=\"CalculoidMainCtrl\" ng-init=\"init({calcId:106969,apiKey:'c5fa80d86793aaea28a54'})\" ng-include=\"load()\"><\/div>\n<\/div>\n<\/div>\n\n<h2 class=\"wp-block-heading has-text-align-center\" id=\"h-why-choose-smarttill\">\u00bfPor qu\u00e9 elegir smarttill?<\/h2>\n\n<div class=\"wp-block-columns are-vertically-aligned-center is-layout-flex wp-container-core-columns-is-layout-9d6595d7 wp-block-columns-is-layout-flex\">\n<div class=\"wp-block-column is-vertically-aligned-center is-layout-flow wp-block-column-is-layout-flow\"><div class=\"wp-block-image\">\n<figure class=\"aligncenter size-large is-resized\"><img decoding=\"async\" width=\"1024\" height=\"848\" src=\"https:\/\/apgsolutions.com\/wp-content\/uploads\/2025\/04\/Why_Choose_smarttill-1024x848.png\" alt=\"calculadora smarttill\" class=\"wp-image-89966\" style=\"width:700px\" srcset=\"https:\/\/apgsolutions.com\/wp-content\/uploads\/2025\/04\/Why_Choose_smarttill-1024x848.png 1024w, https:\/\/apgsolutions.com\/wp-content\/uploads\/2025\/04\/Why_Choose_smarttill-300x248.png 300w, https:\/\/apgsolutions.com\/wp-content\/uploads\/2025\/04\/Why_Choose_smarttill-768x636.png 768w, https:\/\/apgsolutions.com\/wp-content\/uploads\/2025\/04\/Why_Choose_smarttill-50x41.png 50w, https:\/\/apgsolutions.com\/wp-content\/uploads\/2025\/04\/Why_Choose_smarttill-550x455.png 550w, https:\/\/apgsolutions.com\/wp-content\/uploads\/2025\/04\/Why_Choose_smarttill-80x66.png 80w, https:\/\/apgsolutions.com\/wp-content\/uploads\/2025\/04\/Why_Choose_smarttill-600x497.png 600w, https:\/\/apgsolutions.com\/wp-content\/uploads\/2025\/04\/Why_Choose_smarttill.png 1080w\" sizes=\"(max-width: 1024px) 100vw, 1024px\" \/><\/figure>\n<\/div><\/div>\n\n\n\n<div class=\"wp-block-column is-vertically-aligned-center is-layout-flow wp-block-column-is-layout-flow\">\n<p>Los principales <a href=\"https:\/\/apgsolutions.com\/industry\/retail\/\">minoristas<\/a> y <a href=\"https:\/\/apgsolutions.com\/industry\/hospitality\/\">hosteleros<\/a> de todo el mundo conf\u00edan en smarttill. Tanto si gestionas una \u00fanica tienda como una gran cadena, smarttill se integra perfectamente en tu entorno de punto de venta actual. <\/p>\n\n\n\n<p>\u00bfQuieres saber m\u00e1s sobre c\u00f3mo funciona smarttill?<\/p>\n\n\n\n<div class=\"wp-block-buttons is-layout-flex wp-block-buttons-is-layout-flex\">\n<div class=\"wp-block-button\"><a class=\"wp-block-button__link wp-element-button\" href=\"https:\/\/apgsolutions.com\/es\/productos\/smarttill-solution-suite\/\">M\u00e1s informaci\u00f3n sobre smarttill<\/a><\/div>\n<\/div>\n<\/div>\n<\/div>\n\n<div class=\"wp-block-group graybox has-background is-vertical is-content-justification-center is-layout-flex wp-container-core-group-is-layout-4b2eccd6 wp-block-group-is-layout-flex\" style=\"background-color:#ecf1f7\">\n<figure class=\"wp-block-image size-full is-resized\"><img loading=\"lazy\" decoding=\"async\" width=\"911\" height=\"163\" src=\"https:\/\/apgsolutions.com\/wp-content\/uploads\/2025\/04\/GetInTouch.png\" alt=\"Ponte en contacto\" class=\"wp-image-89863\" style=\"width:600px\" srcset=\"https:\/\/apgsolutions.com\/wp-content\/uploads\/2025\/04\/GetInTouch.png 911w, https:\/\/apgsolutions.com\/wp-content\/uploads\/2025\/04\/GetInTouch-300x54.png 300w, https:\/\/apgsolutions.com\/wp-content\/uploads\/2025\/04\/GetInTouch-768x137.png 768w, https:\/\/apgsolutions.com\/wp-content\/uploads\/2025\/04\/GetInTouch-50x9.png 50w, https:\/\/apgsolutions.com\/wp-content\/uploads\/2025\/04\/GetInTouch-550x98.png 550w, https:\/\/apgsolutions.com\/wp-content\/uploads\/2025\/04\/GetInTouch-80x14.png 80w, https:\/\/apgsolutions.com\/wp-content\/uploads\/2025\/04\/GetInTouch-600x107.png 600w\" sizes=\"(max-width: 911px) 100vw, 911px\" \/><\/figure>\n\n\n\n<p class=\"has-text-align-center\">Reserva una consulta con uno de nuestros gestores de cuentas apg y arquitectos de soluciones smarttill, en persona o en l\u00ednea.<\/p>\n<\/div>\n\n<div style=\"height:50px\" aria-hidden=\"true\" class=\"wp-block-spacer\"><\/div>\n\n<p><script charset=\"utf-8\" type=\"text\/javascript\" src=\"\/\/js.hsforms.net\/forms\/embed\/v2.js\"><\/script><script>hbspt.forms.create({\n    region: \"na1\",\n    portalId: \"3337275\",\n    formId: \"3fa13a5b-1718-4053-9c9c-d3189889d1b6\",\n    \/\/ Redirect after successful submission\n    onFormSubmit: function($form) {\n      window.location.href = \"https:\/\/apgsolutions.com\/thank-you-for-contacting-apg-cash-drawer\/\";\n    }\n  });\n<\/script><\/p>\n\n<p><\/p>\n","protected":false},"excerpt":{"rendered":"<p>Descubre tu potencial de ahorro con la soluci\u00f3n de gesti\u00f3n de efectivo smarttill\u00ae de apg Gestionar el efectivo manualmente lleva tiempo, inmoviliza los recursos de personal y aumenta el riesgo de errores y p\u00e9rdidas. La soluci\u00f3n de gesti\u00f3n de efectivo smarttill ofrece una forma m\u00e1s inteligente: automatizar el recuento de efectivo en tiempo real, reducir [&hellip;]<\/p>\n","protected":false},"author":2921,"featured_media":0,"parent":0,"menu_order":0,"comment_status":"closed","ping_status":"closed","template":"","meta":{"_acf_changed":false,"content-type":"","footnotes":""},"class_list":["post-93526","page","type-page","status-publish"],"yoast_head":"<!-- This site is optimized with the Yoast SEO Premium plugin v23.5 (Yoast SEO v27.2) - https:\/\/yoast.com\/product\/yoast-seo-premium-wordpress\/ -->\n<title>Calculadora de valor smarttill\u00ae | apg<\/title>\n<meta name=\"description\" content=\"Calcula r\u00e1pidamente cu\u00e1nto tiempo y dinero podr\u00eda ahorrar tu negocio minorista o de hosteler\u00eda cambiando a nuestra soluci\u00f3n de gesti\u00f3n de efectivo smarttill.\" \/>\n<meta name=\"robots\" content=\"index, follow, max-snippet:-1, max-image-preview:large, max-video-preview:-1\" \/>\n<link rel=\"canonical\" href=\"https:\/\/apgsolutions.com\/es\/calculoid\/\" \/>\n<meta property=\"og:locale\" content=\"es_ES\" \/>\n<meta property=\"og:type\" content=\"article\" \/>\n<meta property=\"og:title\" content=\"Calculadora de valor smarttill\u00ae | apg\" \/>\n<meta property=\"og:description\" content=\"Calcula r\u00e1pidamente cu\u00e1nto tiempo y dinero podr\u00eda ahorrar tu negocio minorista o de hosteler\u00eda cambiando a nuestra soluci\u00f3n de gesti\u00f3n de efectivo smarttill.\" \/>\n<meta property=\"og:url\" content=\"https:\/\/apgsolutions.com\/es\/calculoid\/\" \/>\n<meta property=\"og:site_name\" content=\"apg\u00ae Solutions\" \/>\n<meta property=\"article:publisher\" content=\"https:\/\/www.facebook.com\/apgglobalsolutions\" \/>\n<meta property=\"article:modified_time\" content=\"2026-01-23T10:52:57+00:00\" \/>\n<meta property=\"og:image\" content=\"https:\/\/apgsolutions.com\/wp-content\/uploads\/2025\/04\/See_The_Impact_Of_Your_Business-1-1024x848.png\" \/>\n<meta name=\"twitter:card\" content=\"summary_large_image\" \/>\n<meta name=\"twitter:site\" content=\"@apg_solutions\" \/>\n<meta name=\"twitter:label1\" content=\"Tiempo de lectura\" \/>\n\t<meta name=\"twitter:data1\" content=\"2 minutos\" \/>\n<script type=\"application\/ld+json\" class=\"yoast-schema-graph\">{\"@context\":\"https:\/\/schema.org\",\"@graph\":[{\"@type\":\"WebPage\",\"@id\":\"https:\/\/apgsolutions.com\/es\/calculoid\/\",\"url\":\"https:\/\/apgsolutions.com\/es\/calculoid\/\",\"name\":\"Calculadora de valor smarttill\u00ae | apg\",\"isPartOf\":{\"@id\":\"https:\/\/apgsolutions.com\/es\/#website\"},\"primaryImageOfPage\":{\"@id\":\"https:\/\/apgsolutions.com\/es\/calculoid\/#primaryimage\"},\"image\":{\"@id\":\"https:\/\/apgsolutions.com\/es\/calculoid\/#primaryimage\"},\"thumbnailUrl\":\"https:\/\/apgsolutions.com\/wp-content\/uploads\/2025\/04\/See_The_Impact_Of_Your_Business-1-1024x848.png\",\"datePublished\":\"2025-09-26T06:20:22+00:00\",\"dateModified\":\"2026-01-23T10:52:57+00:00\",\"description\":\"Calcula r\u00e1pidamente cu\u00e1nto tiempo y dinero podr\u00eda ahorrar tu negocio minorista o de hosteler\u00eda cambiando a nuestra soluci\u00f3n de gesti\u00f3n de efectivo smarttill.\",\"inLanguage\":\"es\",\"potentialAction\":[{\"@type\":\"ReadAction\",\"target\":[\"https:\/\/apgsolutions.com\/es\/calculoid\/\"]}]},{\"@type\":\"ImageObject\",\"inLanguage\":\"es\",\"@id\":\"https:\/\/apgsolutions.com\/es\/calculoid\/#primaryimage\",\"url\":\"https:\/\/apgsolutions.com\/wp-content\/uploads\/2025\/04\/See_The_Impact_Of_Your_Business-1-1024x848.png\",\"contentUrl\":\"https:\/\/apgsolutions.com\/wp-content\/uploads\/2025\/04\/See_The_Impact_Of_Your_Business-1-1024x848.png\"},{\"@type\":\"WebSite\",\"@id\":\"https:\/\/apgsolutions.com\/es\/#website\",\"url\":\"https:\/\/apgsolutions.com\/es\/\",\"name\":\"APG Solutions, LLC\",\"description\":\"Trust at every point.\",\"publisher\":{\"@id\":\"https:\/\/apgsolutions.com\/es\/#organization\"},\"potentialAction\":[{\"@type\":\"SearchAction\",\"target\":{\"@type\":\"EntryPoint\",\"urlTemplate\":\"https:\/\/apgsolutions.com\/es\/?s={search_term_string}\"},\"query-input\":{\"@type\":\"PropertyValueSpecification\",\"valueRequired\":true,\"valueName\":\"search_term_string\"}}],\"inLanguage\":\"es\"},{\"@type\":\"Organization\",\"@id\":\"https:\/\/apgsolutions.com\/es\/#organization\",\"name\":\"APG Solution, LLC\",\"url\":\"https:\/\/apgsolutions.com\/es\/\",\"logo\":{\"@type\":\"ImageObject\",\"inLanguage\":\"es\",\"@id\":\"https:\/\/apgsolutions.com\/es\/#\/schema\/logo\/image\/\",\"url\":\"https:\/\/apgsolutions.com\/wp-content\/uploads\/2023\/12\/logomark-color.svg\",\"contentUrl\":\"https:\/\/apgsolutions.com\/wp-content\/uploads\/2023\/12\/logomark-color.svg\",\"width\":141,\"height\":138,\"caption\":\"APG Solution, LLC\"},\"image\":{\"@id\":\"https:\/\/apgsolutions.com\/es\/#\/schema\/logo\/image\/\"},\"sameAs\":[\"https:\/\/www.facebook.com\/apgglobalsolutions\",\"https:\/\/x.com\/apg_solutions\",\"https:\/\/www.youtube.com\/c\/CashManagementGlobalSolutionsbyapg\",\"https:\/\/www.linkedin.com\/company\/apgglobalsolutions\/\",\"https:\/\/www.instagram.com\/apgglobalsolutions\/\",\"https:\/\/www.pinterest.com\/apgcashdrawer\/\"]}]}<\/script>\n<!-- \/ Yoast SEO Premium plugin. -->","yoast_head_json":{"title":"Calculadora de valor smarttill\u00ae | apg","description":"Calcula r\u00e1pidamente cu\u00e1nto tiempo y dinero podr\u00eda ahorrar tu negocio minorista o de hosteler\u00eda cambiando a nuestra soluci\u00f3n de gesti\u00f3n de efectivo smarttill.","robots":{"index":"index","follow":"follow","max-snippet":"max-snippet:-1","max-image-preview":"max-image-preview:large","max-video-preview":"max-video-preview:-1"},"canonical":"https:\/\/apgsolutions.com\/es\/calculoid\/","og_locale":"es_ES","og_type":"article","og_title":"Calculadora de valor smarttill\u00ae | apg","og_description":"Calcula r\u00e1pidamente cu\u00e1nto tiempo y dinero podr\u00eda ahorrar tu negocio minorista o de hosteler\u00eda cambiando a nuestra soluci\u00f3n de gesti\u00f3n de efectivo smarttill.","og_url":"https:\/\/apgsolutions.com\/es\/calculoid\/","og_site_name":"apg\u00ae Solutions","article_publisher":"https:\/\/www.facebook.com\/apgglobalsolutions","article_modified_time":"2026-01-23T10:52:57+00:00","og_image":[{"url":"https:\/\/apgsolutions.com\/wp-content\/uploads\/2025\/04\/See_The_Impact_Of_Your_Business-1-1024x848.png","type":"","width":"","height":""}],"twitter_card":"summary_large_image","twitter_site":"@apg_solutions","twitter_misc":{"Tiempo de lectura":"2 minutos"},"schema":{"@context":"https:\/\/schema.org","@graph":[{"@type":"WebPage","@id":"https:\/\/apgsolutions.com\/es\/calculoid\/","url":"https:\/\/apgsolutions.com\/es\/calculoid\/","name":"Calculadora de valor smarttill\u00ae | apg","isPartOf":{"@id":"https:\/\/apgsolutions.com\/es\/#website"},"primaryImageOfPage":{"@id":"https:\/\/apgsolutions.com\/es\/calculoid\/#primaryimage"},"image":{"@id":"https:\/\/apgsolutions.com\/es\/calculoid\/#primaryimage"},"thumbnailUrl":"https:\/\/apgsolutions.com\/wp-content\/uploads\/2025\/04\/See_The_Impact_Of_Your_Business-1-1024x848.png","datePublished":"2025-09-26T06:20:22+00:00","dateModified":"2026-01-23T10:52:57+00:00","description":"Calcula r\u00e1pidamente cu\u00e1nto tiempo y dinero podr\u00eda ahorrar tu negocio minorista o de hosteler\u00eda cambiando a nuestra soluci\u00f3n de gesti\u00f3n de efectivo smarttill.","inLanguage":"es","potentialAction":[{"@type":"ReadAction","target":["https:\/\/apgsolutions.com\/es\/calculoid\/"]}]},{"@type":"ImageObject","inLanguage":"es","@id":"https:\/\/apgsolutions.com\/es\/calculoid\/#primaryimage","url":"https:\/\/apgsolutions.com\/wp-content\/uploads\/2025\/04\/See_The_Impact_Of_Your_Business-1-1024x848.png","contentUrl":"https:\/\/apgsolutions.com\/wp-content\/uploads\/2025\/04\/See_The_Impact_Of_Your_Business-1-1024x848.png"},{"@type":"WebSite","@id":"https:\/\/apgsolutions.com\/es\/#website","url":"https:\/\/apgsolutions.com\/es\/","name":"APG Solutions, LLC","description":"Trust at every point.","publisher":{"@id":"https:\/\/apgsolutions.com\/es\/#organization"},"potentialAction":[{"@type":"SearchAction","target":{"@type":"EntryPoint","urlTemplate":"https:\/\/apgsolutions.com\/es\/?s={search_term_string}"},"query-input":{"@type":"PropertyValueSpecification","valueRequired":true,"valueName":"search_term_string"}}],"inLanguage":"es"},{"@type":"Organization","@id":"https:\/\/apgsolutions.com\/es\/#organization","name":"APG Solution, LLC","url":"https:\/\/apgsolutions.com\/es\/","logo":{"@type":"ImageObject","inLanguage":"es","@id":"https:\/\/apgsolutions.com\/es\/#\/schema\/logo\/image\/","url":"https:\/\/apgsolutions.com\/wp-content\/uploads\/2023\/12\/logomark-color.svg","contentUrl":"https:\/\/apgsolutions.com\/wp-content\/uploads\/2023\/12\/logomark-color.svg","width":141,"height":138,"caption":"APG Solution, LLC"},"image":{"@id":"https:\/\/apgsolutions.com\/es\/#\/schema\/logo\/image\/"},"sameAs":["https:\/\/www.facebook.com\/apgglobalsolutions","https:\/\/x.com\/apg_solutions","https:\/\/www.youtube.com\/c\/CashManagementGlobalSolutionsbyapg","https:\/\/www.linkedin.com\/company\/apgglobalsolutions\/","https:\/\/www.instagram.com\/apgglobalsolutions\/","https:\/\/www.pinterest.com\/apgcashdrawer\/"]}]}},"acf":[],"_links":{"self":[{"href":"https:\/\/apgsolutions.com\/es\/wp-json\/wp\/v2\/pages\/93526","targetHints":{"allow":["GET"]}}],"collection":[{"href":"https:\/\/apgsolutions.com\/es\/wp-json\/wp\/v2\/pages"}],"about":[{"href":"https:\/\/apgsolutions.com\/es\/wp-json\/wp\/v2\/types\/page"}],"author":[{"embeddable":true,"href":"https:\/\/apgsolutions.com\/es\/wp-json\/wp\/v2\/users\/2921"}],"replies":[{"embeddable":true,"href":"https:\/\/apgsolutions.com\/es\/wp-json\/wp\/v2\/comments?post=93526"}],"version-history":[{"count":2,"href":"https:\/\/apgsolutions.com\/es\/wp-json\/wp\/v2\/pages\/93526\/revisions"}],"predecessor-version":[{"id":99433,"href":"https:\/\/apgsolutions.com\/es\/wp-json\/wp\/v2\/pages\/93526\/revisions\/99433"}],"wp:attachment":[{"href":"https:\/\/apgsolutions.com\/es\/wp-json\/wp\/v2\/media?parent=93526"}],"curies":[{"name":"wp","href":"https:\/\/api.w.org\/{rel}","templated":true}]}}