{"id":93531,"date":"2025-09-26T06:22:17","date_gmt":"2025-09-26T06:22:17","guid":{"rendered":"https:\/\/apgsolutions.com\/compass-partner-program\/"},"modified":"2026-01-27T16:22:56","modified_gmt":"2026-01-27T16:22:56","slug":"compass-partner-program","status":"publish","type":"page","link":"https:\/\/apgsolutions.com\/es\/compass-partner-program\/","title":{"rendered":"Programa de distribuidores Compass"},"content":{"rendered":"\n<p><\/p>\n<div class=\"section_page-header \">\n    <img decoding=\"async\" class=\"header-image\" src=\"https:\/\/apgsolutions.com\/wp-content\/uploads\/2024\/03\/Untitled-design-2-1-scaled.jpg\" alt=\"Partnership program\" title=\"Partnership program\">\n            <div class=\"header-content\">\n            <h1>Compass Partner Program<\/h1>\n        <\/div>\n    <\/div>\n<h2 class=\"wp-block-heading has-large-font-size\" id=\"h-how-it-works\"><strong>\u00bfC\u00f3mo funciona?<\/strong><\/h2>\n\n<p>Los distribuidores de apg\u00ae se benefician de una asociaci\u00f3n a lo largo de todo el ciclo de vida del acuerdo, desde la formaci\u00f3n y la integraci\u00f3n hasta las ventas y la asistencia. Dedicados a ayudarte a que el acuerdo avance y tenga \u00e9xito, los socios pueden alinear los recursos de apg\u00ae para ampliar su potencial de mercado actual. Los socios pueden promocionar su marca y servicio a trav\u00e9s de los principales canales y campa\u00f1as de marketing de apg\u00ae. Nuestros socios nos ayudan a dise\u00f1ar soluciones que se adapten a las necesidades de los clientes y reciben acceso a un conjunto de <a href=\"https:\/\/apg.apgsolutions.com\/hubfs\/Brochures\/M-43-377NA%20(Compass%20Reseller%20Program)%20v2.pdf\">recursos<\/a> de valor a\u00f1adido. Ofrecemos un lucrativo y completo programa de reembolsos basado en los art\u00edculos pedidos.      <\/p>\n\n<div class=\"wp-block-group\"><div class=\"wp-block-group__inner-container is-layout-constrained wp-block-group-is-layout-constrained\">\n<div class=\"wp-block-columns is-layout-flex wp-container-core-columns-is-layout-9d6595d7 wp-block-columns-is-layout-flex\">\n<div class=\"wp-block-column is-layout-flow wp-block-column-is-layout-flow\"><\/div>\n\n\n\n<div class=\"wp-block-column is-vertically-aligned-stretch tile has-link is-layout-flow wp-block-column-is-layout-flow\" style=\"flex-basis:20%\">\n<div style=\"height:21px\" aria-hidden=\"true\" class=\"wp-block-spacer\"><\/div>\n\n\n\n<h3 class=\"wp-block-heading has-text-align-center\" id=\"h-step-1\" style=\"font-size:1.125rem\"><span style=\"text-decoration: underline;\">Paso 1<\/span><\/h3>\n\n\n\n<p class=\"has-text-align-center\">Ponte en contacto con nosotros haciendo clic en el bot\u00f3n<a href=\"#Partner-with-apg-now\">\u00abReg\u00edstrate<\/a>\u00bb para acceder al formulario.<\/p>\n<\/div>\n\n\n\n<div class=\"wp-block-column is-vertically-aligned-stretch tile has-link is-layout-flow wp-block-column-is-layout-flow\" style=\"flex-basis:20%\">\n<div style=\"height:21px\" aria-hidden=\"true\" class=\"wp-block-spacer\"><\/div>\n\n\n\n<h3 class=\"wp-block-heading has-text-align-center\" id=\"h-step-2\" style=\"font-size:1.125rem\"><span style=\"text-decoration: underline;\">Paso 2<\/span><\/h3>\n\n\n\n<p class=\"has-text-align-center\">apg\u00ae har\u00e1 un seguimiento para programar una reuni\u00f3n. Vamos a conocernos mejor. <\/p>\n<\/div>\n\n\n\n<div class=\"wp-block-column is-vertically-aligned-stretch tile has-link is-layout-flow wp-block-column-is-layout-flow\" style=\"flex-basis:20%\">\n<div style=\"height:21px\" aria-hidden=\"true\" class=\"wp-block-spacer\"><\/div>\n\n\n\n<h3 class=\"wp-block-heading has-text-align-center\" id=\"h-step-3\" style=\"font-size:1.125rem\"><span style=\"text-decoration: underline;\">Paso 3<\/span><\/h3>\n\n\n\n<p class=\"has-text-align-center\">Aprovecha el conjunto de recursos de valor a\u00f1adido de apg.<\/p>\n<\/div>\n\n\n\n<div class=\"wp-block-column is-layout-flow wp-block-column-is-layout-flow\"><\/div>\n<\/div>\n<\/div><\/div>\n\n<h2 class=\"wp-block-heading\" id=\"h-why-partner-with-apg\"><strong><strong>\u00bfPor qu\u00e9 asociarse con <sup>apg\u00ae<\/sup>?<\/strong><\/strong><\/h2>\n\n<p>Dedicada al servicio de la industria minorista desde hace m\u00e1s de 40 a\u00f1os, <sup>apg\u00ae<\/sup> se ha forjado una reputaci\u00f3n como proveedor de elecci\u00f3n de soluciones de gesti\u00f3n de cajones portamonedas y efectivo en todas las verticales minoristas del mundo. Nuestros productos y marcas se diferencian por nuestra capacidad para ofrecer las \u00abmejores tecnolog\u00edas innovadoras de su clase\u00bb que mejoran globalmente la eficacia y la seguridad en el punto de venta. <sup>apgasna<\/sup> est\u00e1 comprometida con el canal indirecto trabajando con <a href=\"https:\/\/apgsolutions.com\/es\/distribuidores\/\">distribuidores<\/a> l\u00edderes del sector, <a href=\"https:\/\/apgsolutions.com\/es\/socios-globales\/\">fabricantes de equipos originales<\/a>, desarrolladores de software, procesadores de pagos, revendedores y empresas de integraci\u00f3n para ofrecer a nuestros clientes la experiencia definitiva.  <\/p>\n\n<p><\/p>\n\n<figure class=\"wp-block-embed aligncenter is-type-video is-provider-youtube wp-block-embed-youtube wp-embed-aspect-16-9 wp-has-aspect-ratio\"><div class=\"wp-block-embed__wrapper\">\n<iframe title=\"Why partner with apg?\" width=\"500\" height=\"281\" src=\"https:\/\/www.youtube.com\/embed\/Qtkc7uL0YAA?feature=oembed\" frameborder=\"0\" allow=\"accelerometer; autoplay; clipboard-write; encrypted-media; gyroscope; picture-in-picture; web-share\" referrerpolicy=\"strict-origin-when-cross-origin\" allowfullscreen><\/iframe>\n<\/div><\/figure>\n\n<h2 class=\"wp-block-heading\" id=\"h-apg-partner-tools\"><strong><strong><sup>apg<\/sup><\/strong><\/strong> <strong>Herramientas para socios<\/strong><\/h2>\n\n<div class=\"wp-block-columns is-layout-flex wp-container-core-columns-is-layout-9d6595d7 wp-block-columns-is-layout-flex\">\n<div class=\"wp-block-column is-layout-flow wp-block-column-is-layout-flow\"><\/div>\n\n\n\n<div class=\"wp-block-column tile has-link is-layout-flow wp-block-column-is-layout-flow\" style=\"flex-basis:20%\"><div class=\"wp-block-image\">\n<figure class=\"aligncenter size-full is-resized\"><img fetchpriority=\"high\" decoding=\"async\" width=\"500\" height=\"500\" src=\"https:\/\/apgsolutions.com\/wp-content\/uploads\/2024\/03\/1-1.png\" alt=\"Formaci&#xF3;n\" class=\"wp-image-82004\" style=\"width:66px;height:auto\" srcset=\"https:\/\/apgsolutions.com\/wp-content\/uploads\/2024\/03\/1-1.png 500w, https:\/\/apgsolutions.com\/wp-content\/uploads\/2024\/03\/1-1-300x300.png 300w, https:\/\/apgsolutions.com\/wp-content\/uploads\/2024\/03\/1-1-150x150.png 150w, https:\/\/apgsolutions.com\/wp-content\/uploads\/2024\/03\/1-1-80x80.png 80w, https:\/\/apgsolutions.com\/wp-content\/uploads\/2024\/03\/1-1-160x160.png 160w, https:\/\/apgsolutions.com\/wp-content\/uploads\/2024\/03\/1-1-95x95.png 95w, https:\/\/apgsolutions.com\/wp-content\/uploads\/2024\/03\/1-1-100x100.png 100w, https:\/\/apgsolutions.com\/wp-content\/uploads\/2024\/03\/1-1-96x96.png 96w\" sizes=\"(max-width: 500px) 100vw, 500px\" \/><\/figure>\n<\/div>\n\n\n<h3 class=\"wp-block-heading has-text-align-center\" id=\"h-training\" style=\"font-size:1.125rem\"><span style=\"text-decoration: underline;\">Formaci\u00f3n<\/span><\/h3>\n\n\n\n<p class=\"has-text-align-center\">\u00bfQuieres saber m\u00e1s sobre nuestros productos? Ofrecemos formaci\u00f3n sobre productos para tu equipo con nuestros gur\u00fas del caj\u00f3n portamonedas, para avanzar en tus esfuerzos de venta. <\/p>\n<\/div>\n\n\n\n<div class=\"wp-block-column tile has-link is-layout-flow wp-block-column-is-layout-flow\" style=\"flex-basis:20%\"><div class=\"wp-block-image is-resized\">\n<figure class=\"aligncenter size-full\"><img decoding=\"async\" width=\"500\" height=\"500\" src=\"https:\/\/apgsolutions.com\/wp-content\/uploads\/2024\/03\/2-1.png\" alt=\"Colateral personalizado\" class=\"wp-image-82008\" style=\"width:68px;height:auto\" srcset=\"https:\/\/apgsolutions.com\/wp-content\/uploads\/2024\/03\/2-1.png 500w, https:\/\/apgsolutions.com\/wp-content\/uploads\/2024\/03\/2-1-300x300.png 300w, https:\/\/apgsolutions.com\/wp-content\/uploads\/2024\/03\/2-1-150x150.png 150w, https:\/\/apgsolutions.com\/wp-content\/uploads\/2024\/03\/2-1-80x80.png 80w, https:\/\/apgsolutions.com\/wp-content\/uploads\/2024\/03\/2-1-160x160.png 160w, https:\/\/apgsolutions.com\/wp-content\/uploads\/2024\/03\/2-1-95x95.png 95w, https:\/\/apgsolutions.com\/wp-content\/uploads\/2024\/03\/2-1-100x100.png 100w, https:\/\/apgsolutions.com\/wp-content\/uploads\/2024\/03\/2-1-96x96.png 96w\" sizes=\"(max-width: 500px) 100vw, 500px\" \/><\/figure>\n<\/div>\n\n\n<h3 class=\"wp-block-heading has-text-align-center\" id=\"h-custom-collateral\" style=\"font-size:1.125rem\"><span style=\"text-decoration: underline;\">Colateral personalizado<\/span><\/h3>\n\n\n\n<p class=\"has-text-align-center\">Ofrecemos a nuestros socios material de ventas desarrollado a medida para ayudarles a acelerar sus esfuerzos de venta. Ejemplos de material de marca compartida a disposici\u00f3n de tu equipo de ventas: folletos personalizados, oportunidades de blogs invitados, comunicados de prensa conjuntos y mucho m\u00e1s. <\/p>\n<\/div>\n\n\n\n<div class=\"wp-block-column tile has-link is-layout-flow wp-block-column-is-layout-flow\" style=\"flex-basis:20%\"><div class=\"wp-block-image is-resized\">\n<figure class=\"aligncenter size-full\"><img decoding=\"async\" width=\"500\" height=\"500\" src=\"https:\/\/apgsolutions.com\/wp-content\/uploads\/2024\/03\/3-1.png\" alt=\"Biblioteca de im&#xE1;genes apg\" class=\"wp-image-82012\" style=\"width:68px;height:auto\" srcset=\"https:\/\/apgsolutions.com\/wp-content\/uploads\/2024\/03\/3-1.png 500w, https:\/\/apgsolutions.com\/wp-content\/uploads\/2024\/03\/3-1-300x300.png 300w, https:\/\/apgsolutions.com\/wp-content\/uploads\/2024\/03\/3-1-150x150.png 150w, https:\/\/apgsolutions.com\/wp-content\/uploads\/2024\/03\/3-1-80x80.png 80w, https:\/\/apgsolutions.com\/wp-content\/uploads\/2024\/03\/3-1-160x160.png 160w, https:\/\/apgsolutions.com\/wp-content\/uploads\/2024\/03\/3-1-95x95.png 95w, https:\/\/apgsolutions.com\/wp-content\/uploads\/2024\/03\/3-1-100x100.png 100w, https:\/\/apgsolutions.com\/wp-content\/uploads\/2024\/03\/3-1-96x96.png 96w\" sizes=\"(max-width: 500px) 100vw, 500px\" \/><\/figure>\n<\/div>\n\n\n<h3 class=\"wp-block-heading has-text-align-center\" id=\"h-apg-image-library\" style=\"font-size:1.125rem\"><span style=\"text-decoration: underline;\">apg<strong><strong><sup>\u00ae<\/sup><\/strong><\/strong> Biblioteca de im\u00e1genes<\/span><\/h3>\n\n\n\n<p class=\"has-text-align-center\">Accede a la Biblioteca de im\u00e1genes de apg, donde podr\u00e1s descargar im\u00e1genes de nuestros logotipos, productos de Aplicaci\u00f3n General y accesorios. Estas im\u00e1genes est\u00e1n disponibles para que las utilices en tu sitio web, material colateral o promoci\u00f3n. <\/p>\n<\/div>\n\n\n\n<div class=\"wp-block-column tile has-link is-layout-flow wp-block-column-is-layout-flow\" style=\"flex-basis:20%\"><div class=\"wp-block-image is-resized\">\n<figure class=\"aligncenter size-full\"><img loading=\"lazy\" decoding=\"async\" width=\"500\" height=\"500\" src=\"https:\/\/apgsolutions.com\/wp-content\/uploads\/2024\/03\/4-1.png\" alt=\"Soporte t&#xE9;cnico\" class=\"wp-image-82016\" style=\"width:66px;height:auto\" srcset=\"https:\/\/apgsolutions.com\/wp-content\/uploads\/2024\/03\/4-1.png 500w, https:\/\/apgsolutions.com\/wp-content\/uploads\/2024\/03\/4-1-300x300.png 300w, https:\/\/apgsolutions.com\/wp-content\/uploads\/2024\/03\/4-1-150x150.png 150w, https:\/\/apgsolutions.com\/wp-content\/uploads\/2024\/03\/4-1-80x80.png 80w, https:\/\/apgsolutions.com\/wp-content\/uploads\/2024\/03\/4-1-160x160.png 160w, https:\/\/apgsolutions.com\/wp-content\/uploads\/2024\/03\/4-1-95x95.png 95w, https:\/\/apgsolutions.com\/wp-content\/uploads\/2024\/03\/4-1-100x100.png 100w, https:\/\/apgsolutions.com\/wp-content\/uploads\/2024\/03\/4-1-96x96.png 96w\" sizes=\"(max-width: 500px) 100vw, 500px\" \/><\/figure>\n<\/div>\n\n\n<h3 class=\"wp-block-heading has-text-align-center\" id=\"h-tech-support\" style=\"font-size:1.125rem\"><span style=\"text-decoration: underline;\">Soporte t\u00e9cnico<\/span><\/h3>\n\n\n\n<p class=\"has-text-align-center\">\u00bfTienes preguntas? Llama al Servicio de Asistencia T\u00e9cnica de apg, ellos te ayudar\u00e1n con cualquier pregunta, problema o duda que puedas tener. <br\/><br\/><br\/><\/p>\n<\/div>\n\n\n\n<div class=\"wp-block-column is-layout-flow wp-block-column-is-layout-flow\"><\/div>\n<\/div>\n\n<div class=\"wp-block-columns is-layout-flex wp-container-core-columns-is-layout-9d6595d7 wp-block-columns-is-layout-flex\">\n<div class=\"wp-block-column is-layout-flow wp-block-column-is-layout-flow\">\n<div class=\"wp-block-columns is-layout-flex wp-container-core-columns-is-layout-9d6595d7 wp-block-columns-is-layout-flex\">\n<div class=\"wp-block-column is-layout-flow wp-block-column-is-layout-flow\" style=\"flex-basis:100%\">\n<div class=\"wp-block-cover aligncenter\" style=\"min-height:322px;aspect-ratio:unset;\"><img loading=\"lazy\" decoding=\"async\" width=\"1024\" height=\"559\" class=\"wp-block-cover__image-background wp-image-82364\" alt=\"background blue\" src=\"https:\/\/apgsolutions.com\/wp-content\/uploads\/2024\/03\/Untitled-design-11-1024x559.png\" data-object-fit=\"cover\" srcset=\"https:\/\/apgsolutions.com\/wp-content\/uploads\/2024\/03\/Untitled-design-11-1024x559.png 1024w, https:\/\/apgsolutions.com\/wp-content\/uploads\/2024\/03\/Untitled-design-11-300x164.png 300w, https:\/\/apgsolutions.com\/wp-content\/uploads\/2024\/03\/Untitled-design-11-768x419.png 768w, https:\/\/apgsolutions.com\/wp-content\/uploads\/2024\/03\/Untitled-design-11-550x300.png 550w, https:\/\/apgsolutions.com\/wp-content\/uploads\/2024\/03\/Untitled-design-11-80x44.png 80w, https:\/\/apgsolutions.com\/wp-content\/uploads\/2024\/03\/Untitled-design-11-600x327.png 600w, https:\/\/apgsolutions.com\/wp-content\/uploads\/2024\/03\/Untitled-design-11.png 1320w\" sizes=\"(max-width: 1024px) 100vw, 1024px\" \/><span aria-hidden=\"true\" class=\"wp-block-cover__background has-background-dim\"><\/span><div class=\"wp-block-cover__inner-container is-layout-flow wp-block-cover-is-layout-flow\">\n<h2 class=\"wp-block-heading has-text-align-center has-large-font-size\" id=\"Partner-with-apg-now\"><mark style=\"background-color:rgba(0, 0, 0, 0)\" class=\"has-inline-color has-white-color\"><strong>As\u00f3ciate ahora con apg<\/strong><\/mark><\/h2>\n\n\n\n<div class=\"wp-block-buttons is-content-justification-center is-layout-flex wp-container-core-buttons-is-layout-16018d1d wp-block-buttons-is-layout-flex\">\n<div class=\"wp-block-button\"><a class=\"wp-block-button__link wp-element-button\" href=\"https:\/\/share.hsforms.com\/1LbKxkX1xTDyGvG01ToUqKw1zj23\" target=\"_blank\" rel=\"noreferrer noopener\">Reg\u00edstrate en<\/a><\/div>\n<\/div>\n<\/div><\/div>\n<\/div>\n<\/div>\n<\/div>\n<\/div>\n\n<div class=\"wp-block-media-text alignfull has-media-on-the-right is-stacked-on-mobile\" style=\"margin-bottom:80px;grid-template-columns:auto 49%\"><div class=\"wp-block-media-text__content\">\n<h2 class=\"wp-block-heading has-text-align-center\" id=\"h-download-apg-s-compass-reseller-program-booklet-to-discover-the-resources-available-to-you-and-the-business-benefits-of-our-program\"><strong>Descargar apg<strong><strong><sup>\u00ae<\/sup><\/strong><\/strong>para descubrir los recursos que tienes a tu disposici\u00f3n y las ventajas comerciales de nuestro programa.<\/strong><\/h2>\n\n\n\n<div class=\"wp-block-buttons is-content-justification-center is-layout-flex wp-container-core-buttons-is-layout-166d4f9d wp-block-buttons-is-layout-flex\" style=\"margin-bottom:var(--wp--preset--spacing--40)\">\n<div class=\"wp-block-button\"><a class=\"wp-block-button__link has-text-align-center wp-element-button\" href=\"https:\/\/apgsolutions.com\/wp-content\/uploads\/2025\/03\/2025-Compass-Reseller-Program-Brochure.pdf\" target=\"_blank\" rel=\"noreferrer noopener\">Descargar ahora<\/a><\/div>\n<\/div>\n<\/div><figure class=\"wp-block-media-text__media\"><img loading=\"lazy\" decoding=\"async\" width=\"797\" height=\"500\" src=\"https:\/\/apgsolutions.com\/wp-content\/uploads\/2024\/03\/Untitled-design-10.png\" alt=\"apg\u00ae's Compass Reseller Program booklet\" class=\"wp-image-82340 size-full\" srcset=\"https:\/\/apgsolutions.com\/wp-content\/uploads\/2024\/03\/Untitled-design-10.png 797w, https:\/\/apgsolutions.com\/wp-content\/uploads\/2024\/03\/Untitled-design-10-300x188.png 300w, https:\/\/apgsolutions.com\/wp-content\/uploads\/2024\/03\/Untitled-design-10-768x482.png 768w, https:\/\/apgsolutions.com\/wp-content\/uploads\/2024\/03\/Untitled-design-10-550x345.png 550w, https:\/\/apgsolutions.com\/wp-content\/uploads\/2024\/03\/Untitled-design-10-80x50.png 80w, https:\/\/apgsolutions.com\/wp-content\/uploads\/2024\/03\/Untitled-design-10-600x376.png 600w\" sizes=\"(max-width: 797px) 100vw, 797px\" \/><\/figure><\/div>\n","protected":false},"excerpt":{"rendered":"<p>\u00bfC\u00f3mo funciona? Los distribuidores de apg\u00ae se benefician de una asociaci\u00f3n a lo largo de todo el ciclo de vida del acuerdo, desde la formaci\u00f3n y la integraci\u00f3n hasta las ventas y la asistencia. Dedicados a ayudarte a que el acuerdo avance y tenga \u00e9xito, los socios pueden alinear los recursos de apg\u00ae para ampliar [&hellip;]<\/p>\n","protected":false},"author":488,"featured_media":0,"parent":0,"menu_order":0,"comment_status":"closed","ping_status":"closed","template":"","meta":{"_acf_changed":false,"content-type":"","footnotes":""},"class_list":["post-93531","page","type-page","status-publish"],"yoast_head":"<!-- This site is optimized with the Yoast SEO Premium plugin v23.5 (Yoast SEO v27.2) - https:\/\/yoast.com\/product\/yoast-seo-premium-wordpress\/ -->\n<title>apg Programa de distribuidores Compass<\/title>\n<meta name=\"description\" content=\"\u00danete a nuestro programa Compass Partner con 40 a\u00f1os de experiencia en soluciones de gesti\u00f3n de efectivo. Mejora la eficacia y la seguridad en el punto de venta.\" \/>\n<meta name=\"robots\" content=\"index, follow, max-snippet:-1, max-image-preview:large, max-video-preview:-1\" \/>\n<link rel=\"canonical\" href=\"https:\/\/apgsolutions.com\/es\/compass-partner-program\/\" \/>\n<meta property=\"og:locale\" content=\"es_ES\" \/>\n<meta property=\"og:type\" content=\"article\" \/>\n<meta property=\"og:title\" content=\"apg Programa de distribuidores Compass\" \/>\n<meta property=\"og:description\" content=\"\u00danete a nuestro programa Compass Partner con 40 a\u00f1os de experiencia en soluciones de gesti\u00f3n de efectivo. Mejora la eficacia y la seguridad en el punto de venta.\" \/>\n<meta property=\"og:url\" content=\"https:\/\/apgsolutions.com\/es\/compass-partner-program\/\" \/>\n<meta property=\"og:site_name\" content=\"apg\u00ae Solutions\" \/>\n<meta property=\"article:publisher\" content=\"https:\/\/www.facebook.com\/apgglobalsolutions\" \/>\n<meta property=\"article:modified_time\" content=\"2026-01-27T16:22:56+00:00\" \/>\n<meta property=\"og:image\" content=\"https:\/\/apgsolutions.com\/wp-content\/uploads\/2024\/03\/1-1.png\" \/>\n<meta name=\"twitter:card\" content=\"summary_large_image\" \/>\n<meta name=\"twitter:site\" content=\"@apg_solutions\" \/>\n<meta name=\"twitter:label1\" content=\"Tiempo de lectura\" \/>\n\t<meta name=\"twitter:data1\" content=\"2 minutos\" \/>\n<script type=\"application\/ld+json\" class=\"yoast-schema-graph\">{\"@context\":\"https:\/\/schema.org\",\"@graph\":[{\"@type\":\"WebPage\",\"@id\":\"https:\/\/apgsolutions.com\/es\/compass-partner-program\/\",\"url\":\"https:\/\/apgsolutions.com\/es\/compass-partner-program\/\",\"name\":\"apg Programa de distribuidores Compass\",\"isPartOf\":{\"@id\":\"https:\/\/apgsolutions.com\/es\/#website\"},\"primaryImageOfPage\":{\"@id\":\"https:\/\/apgsolutions.com\/es\/compass-partner-program\/#primaryimage\"},\"image\":{\"@id\":\"https:\/\/apgsolutions.com\/es\/compass-partner-program\/#primaryimage\"},\"thumbnailUrl\":\"https:\/\/apgsolutions.com\/wp-content\/uploads\/2024\/03\/1-1.png\",\"datePublished\":\"2025-09-26T06:22:17+00:00\",\"dateModified\":\"2026-01-27T16:22:56+00:00\",\"description\":\"\u00danete a nuestro programa Compass Partner con 40 a\u00f1os de experiencia en soluciones de gesti\u00f3n de efectivo. Mejora la eficacia y la seguridad en el punto de venta.\",\"inLanguage\":\"es\",\"potentialAction\":[{\"@type\":\"ReadAction\",\"target\":[\"https:\/\/apgsolutions.com\/es\/compass-partner-program\/\"]}]},{\"@type\":\"ImageObject\",\"inLanguage\":\"es\",\"@id\":\"https:\/\/apgsolutions.com\/es\/compass-partner-program\/#primaryimage\",\"url\":\"https:\/\/apgsolutions.com\/wp-content\/uploads\/2024\/03\/1-1.png\",\"contentUrl\":\"https:\/\/apgsolutions.com\/wp-content\/uploads\/2024\/03\/1-1.png\"},{\"@type\":\"WebSite\",\"@id\":\"https:\/\/apgsolutions.com\/es\/#website\",\"url\":\"https:\/\/apgsolutions.com\/es\/\",\"name\":\"APG Solutions, LLC\",\"description\":\"Trust at every point.\",\"publisher\":{\"@id\":\"https:\/\/apgsolutions.com\/es\/#organization\"},\"potentialAction\":[{\"@type\":\"SearchAction\",\"target\":{\"@type\":\"EntryPoint\",\"urlTemplate\":\"https:\/\/apgsolutions.com\/es\/?s={search_term_string}\"},\"query-input\":{\"@type\":\"PropertyValueSpecification\",\"valueRequired\":true,\"valueName\":\"search_term_string\"}}],\"inLanguage\":\"es\"},{\"@type\":\"Organization\",\"@id\":\"https:\/\/apgsolutions.com\/es\/#organization\",\"name\":\"APG Solution, LLC\",\"url\":\"https:\/\/apgsolutions.com\/es\/\",\"logo\":{\"@type\":\"ImageObject\",\"inLanguage\":\"es\",\"@id\":\"https:\/\/apgsolutions.com\/es\/#\/schema\/logo\/image\/\",\"url\":\"https:\/\/apgsolutions.com\/wp-content\/uploads\/2023\/12\/logomark-color.svg\",\"contentUrl\":\"https:\/\/apgsolutions.com\/wp-content\/uploads\/2023\/12\/logomark-color.svg\",\"width\":141,\"height\":138,\"caption\":\"APG Solution, LLC\"},\"image\":{\"@id\":\"https:\/\/apgsolutions.com\/es\/#\/schema\/logo\/image\/\"},\"sameAs\":[\"https:\/\/www.facebook.com\/apgglobalsolutions\",\"https:\/\/x.com\/apg_solutions\",\"https:\/\/www.youtube.com\/c\/CashManagementGlobalSolutionsbyapg\",\"https:\/\/www.linkedin.com\/company\/apgglobalsolutions\/\",\"https:\/\/www.instagram.com\/apgglobalsolutions\/\",\"https:\/\/www.pinterest.com\/apgcashdrawer\/\"]}]}<\/script>\n<!-- \/ Yoast SEO Premium plugin. -->","yoast_head_json":{"title":"apg Programa de distribuidores Compass","description":"\u00danete a nuestro programa Compass Partner con 40 a\u00f1os de experiencia en soluciones de gesti\u00f3n de efectivo. Mejora la eficacia y la seguridad en el punto de venta.","robots":{"index":"index","follow":"follow","max-snippet":"max-snippet:-1","max-image-preview":"max-image-preview:large","max-video-preview":"max-video-preview:-1"},"canonical":"https:\/\/apgsolutions.com\/es\/compass-partner-program\/","og_locale":"es_ES","og_type":"article","og_title":"apg Programa de distribuidores Compass","og_description":"\u00danete a nuestro programa Compass Partner con 40 a\u00f1os de experiencia en soluciones de gesti\u00f3n de efectivo. Mejora la eficacia y la seguridad en el punto de venta.","og_url":"https:\/\/apgsolutions.com\/es\/compass-partner-program\/","og_site_name":"apg\u00ae Solutions","article_publisher":"https:\/\/www.facebook.com\/apgglobalsolutions","article_modified_time":"2026-01-27T16:22:56+00:00","og_image":[{"url":"https:\/\/apgsolutions.com\/wp-content\/uploads\/2024\/03\/1-1.png","type":"","width":"","height":""}],"twitter_card":"summary_large_image","twitter_site":"@apg_solutions","twitter_misc":{"Tiempo de lectura":"2 minutos"},"schema":{"@context":"https:\/\/schema.org","@graph":[{"@type":"WebPage","@id":"https:\/\/apgsolutions.com\/es\/compass-partner-program\/","url":"https:\/\/apgsolutions.com\/es\/compass-partner-program\/","name":"apg Programa de distribuidores Compass","isPartOf":{"@id":"https:\/\/apgsolutions.com\/es\/#website"},"primaryImageOfPage":{"@id":"https:\/\/apgsolutions.com\/es\/compass-partner-program\/#primaryimage"},"image":{"@id":"https:\/\/apgsolutions.com\/es\/compass-partner-program\/#primaryimage"},"thumbnailUrl":"https:\/\/apgsolutions.com\/wp-content\/uploads\/2024\/03\/1-1.png","datePublished":"2025-09-26T06:22:17+00:00","dateModified":"2026-01-27T16:22:56+00:00","description":"\u00danete a nuestro programa Compass Partner con 40 a\u00f1os de experiencia en soluciones de gesti\u00f3n de efectivo. Mejora la eficacia y la seguridad en el punto de venta.","inLanguage":"es","potentialAction":[{"@type":"ReadAction","target":["https:\/\/apgsolutions.com\/es\/compass-partner-program\/"]}]},{"@type":"ImageObject","inLanguage":"es","@id":"https:\/\/apgsolutions.com\/es\/compass-partner-program\/#primaryimage","url":"https:\/\/apgsolutions.com\/wp-content\/uploads\/2024\/03\/1-1.png","contentUrl":"https:\/\/apgsolutions.com\/wp-content\/uploads\/2024\/03\/1-1.png"},{"@type":"WebSite","@id":"https:\/\/apgsolutions.com\/es\/#website","url":"https:\/\/apgsolutions.com\/es\/","name":"APG Solutions, LLC","description":"Trust at every point.","publisher":{"@id":"https:\/\/apgsolutions.com\/es\/#organization"},"potentialAction":[{"@type":"SearchAction","target":{"@type":"EntryPoint","urlTemplate":"https:\/\/apgsolutions.com\/es\/?s={search_term_string}"},"query-input":{"@type":"PropertyValueSpecification","valueRequired":true,"valueName":"search_term_string"}}],"inLanguage":"es"},{"@type":"Organization","@id":"https:\/\/apgsolutions.com\/es\/#organization","name":"APG Solution, LLC","url":"https:\/\/apgsolutions.com\/es\/","logo":{"@type":"ImageObject","inLanguage":"es","@id":"https:\/\/apgsolutions.com\/es\/#\/schema\/logo\/image\/","url":"https:\/\/apgsolutions.com\/wp-content\/uploads\/2023\/12\/logomark-color.svg","contentUrl":"https:\/\/apgsolutions.com\/wp-content\/uploads\/2023\/12\/logomark-color.svg","width":141,"height":138,"caption":"APG Solution, LLC"},"image":{"@id":"https:\/\/apgsolutions.com\/es\/#\/schema\/logo\/image\/"},"sameAs":["https:\/\/www.facebook.com\/apgglobalsolutions","https:\/\/x.com\/apg_solutions","https:\/\/www.youtube.com\/c\/CashManagementGlobalSolutionsbyapg","https:\/\/www.linkedin.com\/company\/apgglobalsolutions\/","https:\/\/www.instagram.com\/apgglobalsolutions\/","https:\/\/www.pinterest.com\/apgcashdrawer\/"]}]}},"acf":[],"_links":{"self":[{"href":"https:\/\/apgsolutions.com\/es\/wp-json\/wp\/v2\/pages\/93531","targetHints":{"allow":["GET"]}}],"collection":[{"href":"https:\/\/apgsolutions.com\/es\/wp-json\/wp\/v2\/pages"}],"about":[{"href":"https:\/\/apgsolutions.com\/es\/wp-json\/wp\/v2\/types\/page"}],"author":[{"embeddable":true,"href":"https:\/\/apgsolutions.com\/es\/wp-json\/wp\/v2\/users\/488"}],"replies":[{"embeddable":true,"href":"https:\/\/apgsolutions.com\/es\/wp-json\/wp\/v2\/comments?post=93531"}],"version-history":[{"count":6,"href":"https:\/\/apgsolutions.com\/es\/wp-json\/wp\/v2\/pages\/93531\/revisions"}],"predecessor-version":[{"id":103531,"href":"https:\/\/apgsolutions.com\/es\/wp-json\/wp\/v2\/pages\/93531\/revisions\/103531"}],"wp:attachment":[{"href":"https:\/\/apgsolutions.com\/es\/wp-json\/wp\/v2\/media?parent=93531"}],"curies":[{"name":"wp","href":"https:\/\/api.w.org\/{rel}","templated":true}]}}