{"id":93585,"date":"2025-09-26T06:46:30","date_gmt":"2025-09-26T06:46:30","guid":{"rendered":"https:\/\/apgsolutions.com\/connecting-cash-drawer-printer\/"},"modified":"2026-01-22T14:41:53","modified_gmt":"2026-01-22T14:41:53","slug":"connecting-cash-drawer-printer","status":"publish","type":"page","link":"https:\/\/apgsolutions.com\/es\/connecting-cash-drawer-printer\/","title":{"rendered":"C\u00f3mo conectar una caja registradora a una impresora"},"content":{"rendered":"<div class=\"section_page-header \">\n    <img decoding=\"async\" class=\"header-image\" src=\"https:\/\/apgsolutions.com\/wp-content\/uploads\/2023\/05\/connecting-a-cash-dawer-to-a-printer.jpg\" alt=\"connecting-a-cash-dawer-to-a-printer\" title=\"connecting-a-cash-dawer-to-a-printer\">\n            <div class=\"header-content\">\n            <h1>C\u00f3mo conectar una caja registradora a una impresora<\/h1>\n        <\/div>\n    <\/div>\n<h2 class=\"wp-block-heading has-text-align-center\">Conectar una caja registradora APG a una impresora de recibos de 24 V<\/h2>\n\n<div class=\"wp-block-columns is-layout-flex wp-container-core-columns-is-layout-9d6595d7 wp-block-columns-is-layout-flex\">\n<div class=\"wp-block-column is-layout-flow wp-block-column-is-layout-flow\" style=\"flex-basis:66.66%\">\n<p>La mayor\u00eda de las impresoras de recibos del mercado de <a href=\"https:\/\/apgsolutions.com\/es\/productos\/\">puntos de<\/a> venta tienen puertos de pateo de caj\u00f3n que env\u00edan una se\u00f1al de 24 VCC para abrir el caj\u00f3n portamonedas. Es importante tener en cuenta que no todos los puertos de patada de caj\u00f3n de los fabricantes de impresoras se fijan igual. Esto significa que hay muchos cables diferentes que podr\u00edan utilizarse para tu configuraci\u00f3n. La informaci\u00f3n que aparece a continuaci\u00f3n puede servirte para intentar determinar el cable adecuado para muchas impresoras de uso com\u00fan. Tambi\u00e9n puedes <a href=\"https:\/\/youtu.be\/AMzGxOqm3GA\" target=\"_blank\" rel=\"noreferrer noopener\">ver este v\u00eddeo<\/a>, para ayudarte con la conexi\u00f3n de la caja registradora a la impresora de recibos.<\/p>\n<\/div>\n\n\n\n<div class=\"wp-block-column is-layout-flow wp-block-column-is-layout-flow\" style=\"flex-basis:33.33%\"><div class=\"wp-block-image wp-duotone-unset-2\">\n<figure class=\"aligncenter size-thumbnail\"><img decoding=\"async\" width=\"150\" height=\"150\" src=\"https:\/\/apgsolutions.com\/wp-content\/uploads\/2023\/05\/Cable-used-for-multiple-parts-150x150.jpg\" alt=\"Conectar una caja registradora APG a una impresora de recibos de 24 V\" class=\"wp-image-3257\" srcset=\"https:\/\/apgsolutions.com\/wp-content\/uploads\/2023\/05\/Cable-used-for-multiple-parts-150x150.jpg 150w, https:\/\/apgsolutions.com\/wp-content\/uploads\/2023\/05\/Cable-used-for-multiple-parts-300x300.jpg 300w, https:\/\/apgsolutions.com\/wp-content\/uploads\/2023\/05\/Cable-used-for-multiple-parts-100x100.jpg 100w\" sizes=\"(max-width: 150px) 100vw, 150px\" \/><\/figure>\n<\/div><\/div>\n<\/div>\n\n<figure class=\"wp-block-embed aligncenter is-type-video is-provider-youtube wp-block-embed-youtube wp-embed-aspect-16-9 wp-has-aspect-ratio\"><div class=\"wp-block-embed__wrapper\">\n<iframe title=\"How to Connect a Cash Drawer to a POS Receipt Printer - Connecting your Cash Register\" width=\"500\" height=\"281\" src=\"https:\/\/www.youtube.com\/embed\/AMzGxOqm3GA?feature=oembed\" frameborder=\"0\" allow=\"accelerometer; autoplay; clipboard-write; encrypted-media; gyroscope; picture-in-picture; web-share\" referrerpolicy=\"strict-origin-when-cross-origin\" allowfullscreen><\/iframe>\n<\/div><\/figure>\n\n<h3 class=\"wp-block-heading\" id=\"h-what-cash-drawer-do-i-have\">\u00bfQu\u00e9 caj\u00f3n portamonedas tengo?<\/h3>\n\n<p>Conseguir el cable adecuado empieza por asegurarte de que tienes el caj\u00f3n portamonedas adecuado. El caj\u00f3n portamonedas que se utilice debe tener nuestra Interfaz MultiPRO\u00ae \u00ab320\u00bb para funcionar con impresoras de recibos de 24 V. Consulta los ejemplos siguientes:  <\/p>\n\n<p>JD320-BL1816-C<br\/>JB320-BL1816-C<br\/>T320-BL1616<br\/>VB320-BL1616<br\/>VBS320-BL1915<br\/>VP320-BL1416<\/p>\n\n<p>Si no conoces tu n\u00famero de pieza, consulta los v\u00eddeos de <a href=\"https:\/\/apgsolutions.com\/es\/recursos\/\">esta p\u00e1gina<\/a>.<\/p>\n\n<h3 class=\"wp-block-heading\" id=\"h-what-cable-do-i-need\">\u00bfQu\u00e9 cable necesito?<\/h3>\n\n<p>La tabla siguiente incluye algunas de las impresoras y fabricantes de impresoras m\u00e1s comunes. Busca a continuaci\u00f3n la impresora que utilizas y sigue la tabla hasta la columna \u00abCable APG necesario\u00bb para ver qu\u00e9 cable necesitar\u00e1s. <\/p>\n\n<figure class=\"wp-block-table is-style-stripes\"><table><thead><tr><th>Fabricante de impresoras<\/th><th>Modelo\/Serie de impresora<\/th><th>Se necesita cable APG<\/th><th>Enlace a nuestra tienda online<\/th><\/tr><\/thead><tbody><tr><td>Epson<\/td><td>Serie TM<\/td><td>CD-101A<\/td><td><a href=\"https:\/\/apgsolutions.com\/es\/store\/cd-101a-printer-cable\/\">pedir ahora<\/a><\/td><\/tr><tr><td>Estrella<\/td><td>Series SP y TSP<\/td><td>CD-101A<\/td><td><a href=\"https:\/\/apgsolutions.com\/es\/store\/cd-101a-printer-cable\/\">pedir ahora<\/a><\/td><\/tr><tr><td>TPG<\/td><td>\u00abSerie \u00abA<\/td><td>CD-102A<\/td><td><a href=\"https:\/\/apgsolutions.com\/es\/store\/cd-102a\/\">pedir ahora<\/a><\/td><\/tr><tr><td>Ciudadano<\/td><td>Series CT y CTS<\/td><td>CD-101A<\/td><td><a href=\"https:\/\/apgsolutions.com\/es\/store\/cd-101a-printer-cable\/\">pedir ahora<\/a><\/td><\/tr><\/tbody><\/table><\/figure>\n\n<p>Consulta la lista completa de impresoras y cables en nuestra <a href=\"https:\/\/apgsolutions.com\/wp-content\/uploads\/2023\/06\/M-43-031_revAT-PDF.pdf\" target=\"_blank\" rel=\"noreferrer noopener\">Gu\u00eda de conectividad<\/a>.<\/p>\n\n<hr class=\"wp-block-separator has-alpha-channel-opacity\"\/>\n\n<p>Si tienes m\u00e1s preguntas al respecto, ll\u00e1manos al +1 763-571-5000 o env\u00eda un correo electr\u00f3nico a <a href=\"mailto:sales.na@apgsolutions.com\">sales.na@apgsolutions.com<\/a> y <a href=\"mailto:sales.eu@apgsolutions.com\">sales.eu@apgsolutions.com.<\/a> Incluye el n\u00famero de pieza de tu caj\u00f3n portamonedas, la marca y la serie de la impresora cuando env\u00edes un correo electr\u00f3nico.<\/p>\n","protected":false},"excerpt":{"rendered":"<p>Conectar una caja registradora APG a una impresora de recibos de 24 V La mayor\u00eda de las impresoras de recibos del mercado de puntos de venta tienen puertos de pateo de caj\u00f3n que env\u00edan una se\u00f1al de 24 VCC para abrir el caj\u00f3n portamonedas. Es importante tener en cuenta que no todos los puertos de [&hellip;]<\/p>\n","protected":false},"author":4,"featured_media":0,"parent":0,"menu_order":0,"comment_status":"closed","ping_status":"closed","template":"","meta":{"_acf_changed":false,"content-type":"","footnotes":""},"class_list":["post-93585","page","type-page","status-publish"],"yoast_head":"<!-- This site is optimized with the Yoast SEO Premium plugin v23.5 (Yoast SEO v27.2) - https:\/\/yoast.com\/product\/yoast-seo-premium-wordpress\/ -->\n<title>Conectar una caja registradora a una impresora | Soluciones apg<\/title>\n<meta name=\"description\" content=\"C\u00f3mo conectar un caj\u00f3n portamonedas a una impresora. La mayor\u00eda de las impresoras de recibos del mercado tienen puertos de pateo de caj\u00f3n que env\u00edan una se\u00f1al de 24 VCC para abrir el caj\u00f3n portamonedas. Es importante tener en cuenta que no todos los puertos de patada de caj\u00f3n de los fabricantes de impresoras tienen la misma clavija.\" \/>\n<meta name=\"robots\" content=\"index, follow, max-snippet:-1, max-image-preview:large, max-video-preview:-1\" \/>\n<link rel=\"canonical\" href=\"https:\/\/apgsolutions.com\/es\/connecting-cash-drawer-printer\/\" \/>\n<meta property=\"og:locale\" content=\"es_ES\" \/>\n<meta property=\"og:type\" content=\"article\" \/>\n<meta property=\"og:title\" content=\"Conectar una caja registradora a una impresora | Soluciones apg\" \/>\n<meta property=\"og:description\" content=\"C\u00f3mo conectar un caj\u00f3n portamonedas a una impresora. La mayor\u00eda de las impresoras de recibos del mercado tienen puertos de pateo de caj\u00f3n que env\u00edan una se\u00f1al de 24 VCC para abrir el caj\u00f3n portamonedas. Es importante tener en cuenta que no todos los puertos de patada de caj\u00f3n de los fabricantes de impresoras tienen la misma clavija.\" \/>\n<meta property=\"og:url\" content=\"https:\/\/apgsolutions.com\/es\/connecting-cash-drawer-printer\/\" \/>\n<meta property=\"og:site_name\" content=\"apg\u00ae Solutions\" \/>\n<meta property=\"article:publisher\" content=\"https:\/\/www.facebook.com\/apgglobalsolutions\" \/>\n<meta property=\"article:modified_time\" content=\"2026-01-22T14:41:53+00:00\" \/>\n<meta property=\"og:image\" content=\"https:\/\/apgsolutions.com\/wp-content\/uploads\/2023\/05\/Cable-used-for-multiple-parts-150x150.jpg\" \/>\n<meta name=\"twitter:card\" content=\"summary_large_image\" \/>\n<meta name=\"twitter:site\" content=\"@apg_solutions\" \/>\n<meta name=\"twitter:label1\" content=\"Tiempo de lectura\" \/>\n\t<meta name=\"twitter:data1\" content=\"2 minutos\" \/>\n<script type=\"application\/ld+json\" class=\"yoast-schema-graph\">{\"@context\":\"https:\/\/schema.org\",\"@graph\":[{\"@type\":\"WebPage\",\"@id\":\"https:\/\/apgsolutions.com\/es\/connecting-cash-drawer-printer\/\",\"url\":\"https:\/\/apgsolutions.com\/es\/connecting-cash-drawer-printer\/\",\"name\":\"Conectar una caja registradora a una impresora | Soluciones apg\",\"isPartOf\":{\"@id\":\"https:\/\/apgsolutions.com\/es\/#website\"},\"primaryImageOfPage\":{\"@id\":\"https:\/\/apgsolutions.com\/es\/connecting-cash-drawer-printer\/#primaryimage\"},\"image\":{\"@id\":\"https:\/\/apgsolutions.com\/es\/connecting-cash-drawer-printer\/#primaryimage\"},\"thumbnailUrl\":\"https:\/\/apgsolutions.com\/wp-content\/uploads\/2023\/05\/Cable-used-for-multiple-parts-150x150.jpg\",\"datePublished\":\"2025-09-26T06:46:30+00:00\",\"dateModified\":\"2026-01-22T14:41:53+00:00\",\"description\":\"C\u00f3mo conectar un caj\u00f3n portamonedas a una impresora. La mayor\u00eda de las impresoras de recibos del mercado tienen puertos de pateo de caj\u00f3n que env\u00edan una se\u00f1al de 24 VCC para abrir el caj\u00f3n portamonedas. Es importante tener en cuenta que no todos los puertos de patada de caj\u00f3n de los fabricantes de impresoras tienen la misma clavija.\",\"inLanguage\":\"es\",\"potentialAction\":[{\"@type\":\"ReadAction\",\"target\":[\"https:\/\/apgsolutions.com\/es\/connecting-cash-drawer-printer\/\"]}]},{\"@type\":\"ImageObject\",\"inLanguage\":\"es\",\"@id\":\"https:\/\/apgsolutions.com\/es\/connecting-cash-drawer-printer\/#primaryimage\",\"url\":\"https:\/\/apgsolutions.com\/wp-content\/uploads\/2023\/05\/Cable-used-for-multiple-parts-150x150.jpg\",\"contentUrl\":\"https:\/\/apgsolutions.com\/wp-content\/uploads\/2023\/05\/Cable-used-for-multiple-parts-150x150.jpg\"},{\"@type\":\"WebSite\",\"@id\":\"https:\/\/apgsolutions.com\/es\/#website\",\"url\":\"https:\/\/apgsolutions.com\/es\/\",\"name\":\"APG Solutions, LLC\",\"description\":\"Trust at every point.\",\"publisher\":{\"@id\":\"https:\/\/apgsolutions.com\/es\/#organization\"},\"potentialAction\":[{\"@type\":\"SearchAction\",\"target\":{\"@type\":\"EntryPoint\",\"urlTemplate\":\"https:\/\/apgsolutions.com\/es\/?s={search_term_string}\"},\"query-input\":{\"@type\":\"PropertyValueSpecification\",\"valueRequired\":true,\"valueName\":\"search_term_string\"}}],\"inLanguage\":\"es\"},{\"@type\":\"Organization\",\"@id\":\"https:\/\/apgsolutions.com\/es\/#organization\",\"name\":\"APG Solution, LLC\",\"url\":\"https:\/\/apgsolutions.com\/es\/\",\"logo\":{\"@type\":\"ImageObject\",\"inLanguage\":\"es\",\"@id\":\"https:\/\/apgsolutions.com\/es\/#\/schema\/logo\/image\/\",\"url\":\"https:\/\/apgsolutions.com\/wp-content\/uploads\/2023\/12\/logomark-color.svg\",\"contentUrl\":\"https:\/\/apgsolutions.com\/wp-content\/uploads\/2023\/12\/logomark-color.svg\",\"width\":141,\"height\":138,\"caption\":\"APG Solution, LLC\"},\"image\":{\"@id\":\"https:\/\/apgsolutions.com\/es\/#\/schema\/logo\/image\/\"},\"sameAs\":[\"https:\/\/www.facebook.com\/apgglobalsolutions\",\"https:\/\/x.com\/apg_solutions\",\"https:\/\/www.youtube.com\/c\/CashManagementGlobalSolutionsbyapg\",\"https:\/\/www.linkedin.com\/company\/apgglobalsolutions\/\",\"https:\/\/www.instagram.com\/apgglobalsolutions\/\",\"https:\/\/www.pinterest.com\/apgcashdrawer\/\"]}]}<\/script>\n<!-- \/ Yoast SEO Premium plugin. -->","yoast_head_json":{"title":"Conectar una caja registradora a una impresora | Soluciones apg","description":"C\u00f3mo conectar un caj\u00f3n portamonedas a una impresora. La mayor\u00eda de las impresoras de recibos del mercado tienen puertos de pateo de caj\u00f3n que env\u00edan una se\u00f1al de 24 VCC para abrir el caj\u00f3n portamonedas. Es importante tener en cuenta que no todos los puertos de patada de caj\u00f3n de los fabricantes de impresoras tienen la misma clavija.","robots":{"index":"index","follow":"follow","max-snippet":"max-snippet:-1","max-image-preview":"max-image-preview:large","max-video-preview":"max-video-preview:-1"},"canonical":"https:\/\/apgsolutions.com\/es\/connecting-cash-drawer-printer\/","og_locale":"es_ES","og_type":"article","og_title":"Conectar una caja registradora a una impresora | Soluciones apg","og_description":"C\u00f3mo conectar un caj\u00f3n portamonedas a una impresora. La mayor\u00eda de las impresoras de recibos del mercado tienen puertos de pateo de caj\u00f3n que env\u00edan una se\u00f1al de 24 VCC para abrir el caj\u00f3n portamonedas. Es importante tener en cuenta que no todos los puertos de patada de caj\u00f3n de los fabricantes de impresoras tienen la misma clavija.","og_url":"https:\/\/apgsolutions.com\/es\/connecting-cash-drawer-printer\/","og_site_name":"apg\u00ae Solutions","article_publisher":"https:\/\/www.facebook.com\/apgglobalsolutions","article_modified_time":"2026-01-22T14:41:53+00:00","og_image":[{"url":"https:\/\/apgsolutions.com\/wp-content\/uploads\/2023\/05\/Cable-used-for-multiple-parts-150x150.jpg","type":"","width":"","height":""}],"twitter_card":"summary_large_image","twitter_site":"@apg_solutions","twitter_misc":{"Tiempo de lectura":"2 minutos"},"schema":{"@context":"https:\/\/schema.org","@graph":[{"@type":"WebPage","@id":"https:\/\/apgsolutions.com\/es\/connecting-cash-drawer-printer\/","url":"https:\/\/apgsolutions.com\/es\/connecting-cash-drawer-printer\/","name":"Conectar una caja registradora a una impresora | Soluciones apg","isPartOf":{"@id":"https:\/\/apgsolutions.com\/es\/#website"},"primaryImageOfPage":{"@id":"https:\/\/apgsolutions.com\/es\/connecting-cash-drawer-printer\/#primaryimage"},"image":{"@id":"https:\/\/apgsolutions.com\/es\/connecting-cash-drawer-printer\/#primaryimage"},"thumbnailUrl":"https:\/\/apgsolutions.com\/wp-content\/uploads\/2023\/05\/Cable-used-for-multiple-parts-150x150.jpg","datePublished":"2025-09-26T06:46:30+00:00","dateModified":"2026-01-22T14:41:53+00:00","description":"C\u00f3mo conectar un caj\u00f3n portamonedas a una impresora. La mayor\u00eda de las impresoras de recibos del mercado tienen puertos de pateo de caj\u00f3n que env\u00edan una se\u00f1al de 24 VCC para abrir el caj\u00f3n portamonedas. Es importante tener en cuenta que no todos los puertos de patada de caj\u00f3n de los fabricantes de impresoras tienen la misma clavija.","inLanguage":"es","potentialAction":[{"@type":"ReadAction","target":["https:\/\/apgsolutions.com\/es\/connecting-cash-drawer-printer\/"]}]},{"@type":"ImageObject","inLanguage":"es","@id":"https:\/\/apgsolutions.com\/es\/connecting-cash-drawer-printer\/#primaryimage","url":"https:\/\/apgsolutions.com\/wp-content\/uploads\/2023\/05\/Cable-used-for-multiple-parts-150x150.jpg","contentUrl":"https:\/\/apgsolutions.com\/wp-content\/uploads\/2023\/05\/Cable-used-for-multiple-parts-150x150.jpg"},{"@type":"WebSite","@id":"https:\/\/apgsolutions.com\/es\/#website","url":"https:\/\/apgsolutions.com\/es\/","name":"APG Solutions, LLC","description":"Trust at every point.","publisher":{"@id":"https:\/\/apgsolutions.com\/es\/#organization"},"potentialAction":[{"@type":"SearchAction","target":{"@type":"EntryPoint","urlTemplate":"https:\/\/apgsolutions.com\/es\/?s={search_term_string}"},"query-input":{"@type":"PropertyValueSpecification","valueRequired":true,"valueName":"search_term_string"}}],"inLanguage":"es"},{"@type":"Organization","@id":"https:\/\/apgsolutions.com\/es\/#organization","name":"APG Solution, LLC","url":"https:\/\/apgsolutions.com\/es\/","logo":{"@type":"ImageObject","inLanguage":"es","@id":"https:\/\/apgsolutions.com\/es\/#\/schema\/logo\/image\/","url":"https:\/\/apgsolutions.com\/wp-content\/uploads\/2023\/12\/logomark-color.svg","contentUrl":"https:\/\/apgsolutions.com\/wp-content\/uploads\/2023\/12\/logomark-color.svg","width":141,"height":138,"caption":"APG Solution, LLC"},"image":{"@id":"https:\/\/apgsolutions.com\/es\/#\/schema\/logo\/image\/"},"sameAs":["https:\/\/www.facebook.com\/apgglobalsolutions","https:\/\/x.com\/apg_solutions","https:\/\/www.youtube.com\/c\/CashManagementGlobalSolutionsbyapg","https:\/\/www.linkedin.com\/company\/apgglobalsolutions\/","https:\/\/www.instagram.com\/apgglobalsolutions\/","https:\/\/www.pinterest.com\/apgcashdrawer\/"]}]}},"acf":[],"_links":{"self":[{"href":"https:\/\/apgsolutions.com\/es\/wp-json\/wp\/v2\/pages\/93585","targetHints":{"allow":["GET"]}}],"collection":[{"href":"https:\/\/apgsolutions.com\/es\/wp-json\/wp\/v2\/pages"}],"about":[{"href":"https:\/\/apgsolutions.com\/es\/wp-json\/wp\/v2\/types\/page"}],"author":[{"embeddable":true,"href":"https:\/\/apgsolutions.com\/es\/wp-json\/wp\/v2\/users\/4"}],"replies":[{"embeddable":true,"href":"https:\/\/apgsolutions.com\/es\/wp-json\/wp\/v2\/comments?post=93585"}],"version-history":[{"count":3,"href":"https:\/\/apgsolutions.com\/es\/wp-json\/wp\/v2\/pages\/93585\/revisions"}],"predecessor-version":[{"id":98359,"href":"https:\/\/apgsolutions.com\/es\/wp-json\/wp\/v2\/pages\/93585\/revisions\/98359"}],"wp:attachment":[{"href":"https:\/\/apgsolutions.com\/es\/wp-json\/wp\/v2\/media?parent=93585"}],"curies":[{"name":"wp","href":"https:\/\/api.w.org\/{rel}","templated":true}]}}