{"id":94006,"date":"2025-10-07T11:00:42","date_gmt":"2025-10-07T11:00:42","guid":{"rendered":"https:\/\/apgsolutions.com\/convenience-stores\/"},"modified":"2025-11-21T11:29:06","modified_gmt":"2025-11-21T11:29:06","slug":"convenience-stores","status":"publish","type":"page","link":"https:\/\/apgsolutions.com\/es\/industry\/convenience-stores\/","title":{"rendered":"Soluciones TPV y cajas registradoras para tiendas de conveniencia"},"content":{"rendered":"<div class=\"section_page-header \">\n    <img decoding=\"async\" class=\"header-image\" src=\"https:\/\/apgsolutions.com\/wp-content\/uploads\/2023\/07\/Convenience-Store.jpg\" alt=\"Convenience Stores\" title=\"Convenience Stores\">\n            <div class=\"header-content\">\n            <h1>POS Solutions &amp; Cash Drawers for Convenience Stores<\/h1>\n        <\/div>\n    <\/div>\n<div class=\"wp-block-group pos-content-div is-vertical is-content-justification-center is-layout-flex wp-container-core-group-is-layout-4b2eccd6 wp-block-group-is-layout-flex\">\n<div style=\"height:0px\" aria-hidden=\"true\" class=\"wp-block-spacer wp-container-content-b83b6736\"><\/div>\n\n\n\n<div class=\"wp-block-group is-vertical is-content-justification-center is-nowrap is-layout-flex wp-container-core-group-is-layout-e862386f wp-block-group-is-layout-flex\">\n<p class=\"has-text-align-center has-large-font-size\"><strong>Crear eficiencias en la gesti\u00f3n del efectivo<\/strong><\/p>\n\n\n\n<div style=\"height:0px\" aria-hidden=\"true\" class=\"wp-block-spacer wp-container-content-5082a153\"><\/div>\n\n\n\n<p class=\"has-text-align-center\">Las tiendas de conveniencia de todo el mundo est\u00e1n experimentando una transformaci\u00f3n, y han pasado de ser entornos impulsados por el combustible a ofrecer productos b\u00e1sicos que antes los consumidores adquir\u00edan en las tiendas minoristas. Seg\u00fan la NACS, de media, en una tienda de conveniencia de EE.UU. se realizan 1.491 transacciones al d\u00eda, 45.312 al mes. El sector est\u00e1 dominado por los operadores de una sola tienda, que representan alrededor del 60% de todas las tiendas de conveniencia. Con un peque\u00f1o espacio en la tienda, los compradores pueden adquirir r\u00e1pidamente comida, gasolina, art\u00edculos de primera necesidad y mucho m\u00e1s, con transacciones t\u00edpicas inferiores a 50 $. Los consumidores prefieren utilizar dinero en efectivo en casi la mitad de las ventas por valor inferior a 50 $.    <\/p>\n\n\n\n<p class=\"has-text-align-center\"><\/p>\n\n\n\n<p class=\"has-text-align-center\">Con muchas transacciones en efectivo, las tiendas de conveniencia necesitan soluciones de TPV duraderas que reduzcan sus problemas de gesti\u00f3n del efectivo. En este entorno, la gesti\u00f3n manual del efectivo conlleva elevados costes de mano de obra y discrepancias de efectivo que repercuten en su cuenta de resultados. Los propietarios de las tiendas tambi\u00e9n se enfrentan a amenazas de robo, hurto interno y falsificaci\u00f3n de efectivo. apg\u00ae ofrece m\u00faltiples soluciones para ayudar a reducir los problemas de gesti\u00f3n de efectivo en el sector de las tiendas de conveniencia.   <\/p>\n<\/div>\n\n\n\n<div style=\"height:0px\" aria-hidden=\"true\" class=\"wp-block-spacer wp-container-content-b83b6736\"><\/div>\n\n\n\n<div class=\"wp-block-group is-vertical is-layout-flex wp-container-core-group-is-layout-8cf370e7 wp-block-group-is-layout-flex\">\n<p style=\"font-size:30px\"><strong>Hechos y estad\u00edsticas<\/strong><\/p>\n\n\n\n<div style=\"height:0px\" aria-hidden=\"true\" class=\"wp-block-spacer wp-container-content-5082a153\"><\/div>\n<\/div>\n\n\n\n<div class=\"wp-block-columns is-layout-flex wp-container-core-columns-is-layout-9d6595d7 wp-block-columns-is-layout-flex\">\n<div class=\"wp-block-column pos-card-box has-background is-layout-flow wp-block-column-is-layout-flow\" style=\"background-color:#fcfaf7;flex-basis:360px\">\n<div style=\"height:1rem\" aria-hidden=\"true\" class=\"wp-block-spacer\"><\/div>\n\n\n<div class=\"wp-block-image\">\n<figure class=\"aligncenter size-full\"><img decoding=\"async\" width=\"80\" height=\"80\" src=\"https:\/\/apgsolutions.com\/wp-content\/uploads\/2023\/07\/Money-Growth_Light-Blue.png\" alt=\"Icono de la principal fuente de ingresos\" class=\"wp-image-68978\" style=\"object-fit:cover\"\/><\/figure>\n<\/div>\n\n\n<h3 class=\"wp-block-heading has-text-align-center\" id=\"h-growth\">Crecimiento<\/h3>\n\n\n\n<p class=\"has-text-align-center\">En enero de 2024, habr\u00e1 152.396 tiendas de conveniencia en EE.UU. | NACS<\/p>\n\n\n\n<div style=\"height:1rem\" aria-hidden=\"true\" class=\"wp-block-spacer\"><\/div>\n<\/div>\n\n\n\n<div class=\"wp-block-column pos-card-box has-background is-layout-flow wp-block-column-is-layout-flow\" style=\"background-color:#fcfaf7;flex-basis:360px\">\n<div style=\"height:1rem\" aria-hidden=\"true\" class=\"wp-block-spacer\"><\/div>\n\n\n<div class=\"wp-block-image\">\n<figure class=\"aligncenter size-full\"><img decoding=\"async\" width=\"80\" height=\"80\" src=\"https:\/\/apgsolutions.com\/wp-content\/uploads\/2023\/07\/Partners-5.png\" alt=\"Icono Socios\" class=\"wp-image-69397\" style=\"object-fit:cover\"\/><\/figure>\n<\/div>\n\n\n<h3 class=\"wp-block-heading has-text-align-center\" id=\"h-opportunity\">Oportunidad<\/h3>\n\n\n\n<p class=\"has-text-align-center\">En 2023, las tiendas de conveniencia proporcionar\u00e1n 2,74 millones de puestos de trabajo en EE.UU. | NACS<\/p>\n\n\n\n<div style=\"height:1rem\" aria-hidden=\"true\" class=\"wp-block-spacer\"><\/div>\n<\/div>\n\n\n\n<div class=\"wp-block-column pos-card-box has-background is-layout-flow wp-block-column-is-layout-flow\" style=\"background-color:#fcfaf7;flex-basis:360px\">\n<div style=\"height:1rem\" aria-hidden=\"true\" class=\"wp-block-spacer\"><\/div>\n\n\n<div class=\"wp-block-image\">\n<figure class=\"aligncenter size-full\"><img decoding=\"async\" width=\"80\" height=\"80\" src=\"https:\/\/apgsolutions.com\/wp-content\/uploads\/2023\/07\/Finance-3.png\" alt=\"Icono de Finanzas\" class=\"wp-image-69255\" style=\"object-fit:cover\"\/><\/figure>\n<\/div>\n\n\n<h3 class=\"wp-block-heading has-text-align-center\" id=\"h-revenue\">Ingresos<\/h3>\n\n\n\n<p class=\"has-text-align-center\">Las ventas totales de las tiendas de conveniencia en 2023 fueron de 859.800 millones de d\u00f3lares | NACS<\/p>\n\n\n\n<div style=\"height:16px\" aria-hidden=\"true\" class=\"wp-block-spacer\"><\/div>\n<\/div>\n<\/div>\n\n\n\n<div style=\"height:0px\" aria-hidden=\"true\" class=\"wp-block-spacer wp-container-content-b83b6736\"><\/div>\n\n\n\n<div class=\"wp-block-group is-vertical is-layout-flex wp-container-core-group-is-layout-8cf370e7 wp-block-group-is-layout-flex\">\n<p style=\"font-size:30px\"><strong>Nuestros cajones recomendados para tiendas de conveniencia<\/strong><\/p>\n\n\n\n<div style=\"height:0px\" aria-hidden=\"true\" class=\"wp-block-spacer wp-container-content-2cb1e7d4\"><\/div>\n<\/div>\n\n\n\n<div class=\"wp-block-columns is-layout-flex wp-container-core-columns-is-layout-9d6595d7 wp-block-columns-is-layout-flex\">\n<div class=\"wp-block-column is-layout-flow wp-block-column-is-layout-flow\">\n<div style=\"height:1rem\" aria-hidden=\"true\" class=\"wp-block-spacer\"><\/div>\n\n\n<div class=\"wp-block-image\">\n<figure class=\"aligncenter size-full is-resized\"><img loading=\"lazy\" decoding=\"async\" width=\"280\" height=\"210\" src=\"https:\/\/apgsolutions.com\/wp-content\/uploads\/2023\/06\/Vasario-VBxxx-BL1616-Closed-Left.jpg\" alt=\"Vasario-VBxxx-BL1616-Closed-Left\" class=\"wp-image-62747\" style=\"width:186px\"\/><\/figure>\n<\/div>\n\n\n<h3 class=\"wp-block-heading has-text-align-center\" id=\"h-e3600-cash-drawer\">Caj\u00f3n portamonedas E3600<\/h3>\n\n\n\n<p class=\"has-text-align-left\">Facilita la caja tanto a los dependientes con experiencia como a los nuevos con el caj\u00f3n portamonedas E3600. Proporciona una caja r\u00e1pida y \u00e1gil en horas punta.   <\/p>\n\n\n\n<p class=\"has-text-align-left\">Con una durabilidad probada que supera los cuatro millones de transacciones, el E3600 ofrece un rendimiento fiable.<\/p>\n\n\n\n<div style=\"height:1rem\" aria-hidden=\"true\" class=\"wp-block-spacer\"><\/div>\n<\/div>\n\n\n\n<div class=\"wp-block-column is-layout-flow wp-block-column-is-layout-flow\">\n<div style=\"height:1rem\" aria-hidden=\"true\" class=\"wp-block-spacer\"><\/div>\n\n\n<div class=\"wp-block-image\">\n<figure class=\"aligncenter size-full is-resized\"><img decoding=\"async\" src=\"https:\/\/apgsolutions.com\/wp-content\/uploads\/2024\/09\/Series-100.png\" alt=\"Caj&#xF3;n portamonedas Serie 100\" class=\"wp-image-86680\" style=\"width:186px\"\/><\/figure>\n<\/div>\n\n\n<h3 class=\"wp-block-heading has-text-align-center\" id=\"h-series-100-cash-drawer\">Caj\u00f3n portamonedas Serie 100<\/h3>\n\n\n\n<p class=\"has-text-align-left\">La Serie 100 est\u00e1 pensada para el entorno de las tiendas de autoservicio de ritmo r\u00e1pido, y ofrece un amplio espacio de almacenamiento con un compartimento profundo bajo la barquilla, perfecto para guardar rollos de monedas y billetes empaquetados.  <\/p>\n\n\n\n<p class=\"has-text-align-left\">Construida para soportar m\u00e1s de cuatro millones de transacciones, la Serie 100 garantiza un funcionamiento fluido y eficaz en la caja.  <\/p>\n\n\n\n<div style=\"height:1rem\" aria-hidden=\"true\" class=\"wp-block-spacer\"><\/div>\n<\/div>\n<\/div>\n<\/div>\n","protected":false},"excerpt":{"rendered":"<p>Crear eficiencias en la gesti\u00f3n del efectivo Las tiendas de conveniencia de todo el mundo est\u00e1n experimentando una transformaci\u00f3n, y han pasado de ser entornos impulsados por el combustible a ofrecer productos b\u00e1sicos que antes los consumidores adquir\u00edan en las tiendas minoristas. Seg\u00fan la NACS, de media, en una tienda de conveniencia de EE.UU. se [&hellip;]<\/p>\n","protected":false},"author":4,"featured_media":0,"parent":0,"menu_order":0,"comment_status":"closed","ping_status":"closed","template":"","meta":{"_acf_changed":false,"content-type":"","footnotes":""},"class_list":["post-94006","page","type-page","status-publish"],"yoast_head":"<!-- This site is optimized with the Yoast SEO Premium plugin v23.5 (Yoast SEO v27.2) - https:\/\/yoast.com\/product\/yoast-seo-premium-wordpress\/ -->\n<title>Soluciones TPV para tiendas de conveniencia - Cajas registradoras para tiendas de conveniencia | apg\u00ae<\/title>\n<meta name=\"description\" content=\"Las tiendas de conveniencia dominan con pagos en efectivo del 63% en todas las transacciones. Consulta nuestras Soluciones TPV recomendadas para tiendas de conveniencia y gasolineras.\" \/>\n<meta name=\"robots\" content=\"index, follow, max-snippet:-1, max-image-preview:large, max-video-preview:-1\" \/>\n<link rel=\"canonical\" href=\"https:\/\/apgsolutions.com\/es\/industry\/convenience-stores\/\" \/>\n<meta property=\"og:locale\" content=\"es_ES\" \/>\n<meta property=\"og:type\" content=\"article\" \/>\n<meta property=\"og:title\" content=\"Soluciones TPV para tiendas de conveniencia - Cajas registradoras para tiendas de conveniencia | apg\u00ae\" \/>\n<meta property=\"og:description\" content=\"Las tiendas de conveniencia dominan con pagos en efectivo del 63% en todas las transacciones. Consulta nuestras Soluciones TPV recomendadas para tiendas de conveniencia y gasolineras.\" \/>\n<meta property=\"og:url\" content=\"https:\/\/apgsolutions.com\/es\/industry\/convenience-stores\/\" \/>\n<meta property=\"og:site_name\" content=\"apg\u00ae Solutions\" \/>\n<meta property=\"article:publisher\" content=\"https:\/\/www.facebook.com\/apgglobalsolutions\" \/>\n<meta property=\"article:modified_time\" content=\"2025-11-21T11:29:06+00:00\" \/>\n<meta property=\"og:image\" content=\"https:\/\/apgsolutions.com\/wp-content\/uploads\/2023\/07\/Money-Growth_Light-Blue.png\" \/>\n<meta name=\"twitter:card\" content=\"summary_large_image\" \/>\n<meta name=\"twitter:site\" content=\"@apg_solutions\" \/>\n<meta name=\"twitter:label1\" content=\"Tiempo de lectura\" \/>\n\t<meta name=\"twitter:data1\" content=\"3 minutos\" \/>\n<script type=\"application\/ld+json\" class=\"yoast-schema-graph\">{\"@context\":\"https:\/\/schema.org\",\"@graph\":[{\"@type\":\"WebPage\",\"@id\":\"https:\/\/apgsolutions.com\/es\/industry\/convenience-stores\/\",\"url\":\"https:\/\/apgsolutions.com\/es\/industry\/convenience-stores\/\",\"name\":\"Soluciones TPV para tiendas de conveniencia - Cajas registradoras para tiendas de conveniencia | apg\u00ae\",\"isPartOf\":{\"@id\":\"https:\/\/apgsolutions.com\/es\/#website\"},\"primaryImageOfPage\":{\"@id\":\"https:\/\/apgsolutions.com\/es\/industry\/convenience-stores\/#primaryimage\"},\"image\":{\"@id\":\"https:\/\/apgsolutions.com\/es\/industry\/convenience-stores\/#primaryimage\"},\"thumbnailUrl\":\"https:\/\/apgsolutions.com\/wp-content\/uploads\/2023\/07\/Money-Growth_Light-Blue.png\",\"datePublished\":\"2025-10-07T11:00:42+00:00\",\"dateModified\":\"2025-11-21T11:29:06+00:00\",\"description\":\"Las tiendas de conveniencia dominan con pagos en efectivo del 63% en todas las transacciones. Consulta nuestras Soluciones TPV recomendadas para tiendas de conveniencia y gasolineras.\",\"inLanguage\":\"es\",\"potentialAction\":[{\"@type\":\"ReadAction\",\"target\":[\"https:\/\/apgsolutions.com\/es\/industry\/convenience-stores\/\"]}]},{\"@type\":\"ImageObject\",\"inLanguage\":\"es\",\"@id\":\"https:\/\/apgsolutions.com\/es\/industry\/convenience-stores\/#primaryimage\",\"url\":\"https:\/\/apgsolutions.com\/wp-content\/uploads\/2023\/07\/Money-Growth_Light-Blue.png\",\"contentUrl\":\"https:\/\/apgsolutions.com\/wp-content\/uploads\/2023\/07\/Money-Growth_Light-Blue.png\"},{\"@type\":\"WebSite\",\"@id\":\"https:\/\/apgsolutions.com\/es\/#website\",\"url\":\"https:\/\/apgsolutions.com\/es\/\",\"name\":\"APG Solutions, LLC\",\"description\":\"Trust at every point.\",\"publisher\":{\"@id\":\"https:\/\/apgsolutions.com\/es\/#organization\"},\"potentialAction\":[{\"@type\":\"SearchAction\",\"target\":{\"@type\":\"EntryPoint\",\"urlTemplate\":\"https:\/\/apgsolutions.com\/es\/?s={search_term_string}\"},\"query-input\":{\"@type\":\"PropertyValueSpecification\",\"valueRequired\":true,\"valueName\":\"search_term_string\"}}],\"inLanguage\":\"es\"},{\"@type\":\"Organization\",\"@id\":\"https:\/\/apgsolutions.com\/es\/#organization\",\"name\":\"APG Solution, LLC\",\"url\":\"https:\/\/apgsolutions.com\/es\/\",\"logo\":{\"@type\":\"ImageObject\",\"inLanguage\":\"es\",\"@id\":\"https:\/\/apgsolutions.com\/es\/#\/schema\/logo\/image\/\",\"url\":\"https:\/\/apgsolutions.com\/wp-content\/uploads\/2023\/12\/logomark-color.svg\",\"contentUrl\":\"https:\/\/apgsolutions.com\/wp-content\/uploads\/2023\/12\/logomark-color.svg\",\"width\":141,\"height\":138,\"caption\":\"APG Solution, LLC\"},\"image\":{\"@id\":\"https:\/\/apgsolutions.com\/es\/#\/schema\/logo\/image\/\"},\"sameAs\":[\"https:\/\/www.facebook.com\/apgglobalsolutions\",\"https:\/\/x.com\/apg_solutions\",\"https:\/\/www.youtube.com\/c\/CashManagementGlobalSolutionsbyapg\",\"https:\/\/www.linkedin.com\/company\/apgglobalsolutions\/\",\"https:\/\/www.instagram.com\/apgglobalsolutions\/\",\"https:\/\/www.pinterest.com\/apgcashdrawer\/\"]}]}<\/script>\n<!-- \/ Yoast SEO Premium plugin. -->","yoast_head_json":{"title":"Soluciones TPV para tiendas de conveniencia - Cajas registradoras para tiendas de conveniencia | apg\u00ae","description":"Las tiendas de conveniencia dominan con pagos en efectivo del 63% en todas las transacciones. Consulta nuestras Soluciones TPV recomendadas para tiendas de conveniencia y gasolineras.","robots":{"index":"index","follow":"follow","max-snippet":"max-snippet:-1","max-image-preview":"max-image-preview:large","max-video-preview":"max-video-preview:-1"},"canonical":"https:\/\/apgsolutions.com\/es\/industry\/convenience-stores\/","og_locale":"es_ES","og_type":"article","og_title":"Soluciones TPV para tiendas de conveniencia - Cajas registradoras para tiendas de conveniencia | apg\u00ae","og_description":"Las tiendas de conveniencia dominan con pagos en efectivo del 63% en todas las transacciones. Consulta nuestras Soluciones TPV recomendadas para tiendas de conveniencia y gasolineras.","og_url":"https:\/\/apgsolutions.com\/es\/industry\/convenience-stores\/","og_site_name":"apg\u00ae Solutions","article_publisher":"https:\/\/www.facebook.com\/apgglobalsolutions","article_modified_time":"2025-11-21T11:29:06+00:00","og_image":[{"url":"https:\/\/apgsolutions.com\/wp-content\/uploads\/2023\/07\/Money-Growth_Light-Blue.png","type":"","width":"","height":""}],"twitter_card":"summary_large_image","twitter_site":"@apg_solutions","twitter_misc":{"Tiempo de lectura":"3 minutos"},"schema":{"@context":"https:\/\/schema.org","@graph":[{"@type":"WebPage","@id":"https:\/\/apgsolutions.com\/es\/industry\/convenience-stores\/","url":"https:\/\/apgsolutions.com\/es\/industry\/convenience-stores\/","name":"Soluciones TPV para tiendas de conveniencia - Cajas registradoras para tiendas de conveniencia | apg\u00ae","isPartOf":{"@id":"https:\/\/apgsolutions.com\/es\/#website"},"primaryImageOfPage":{"@id":"https:\/\/apgsolutions.com\/es\/industry\/convenience-stores\/#primaryimage"},"image":{"@id":"https:\/\/apgsolutions.com\/es\/industry\/convenience-stores\/#primaryimage"},"thumbnailUrl":"https:\/\/apgsolutions.com\/wp-content\/uploads\/2023\/07\/Money-Growth_Light-Blue.png","datePublished":"2025-10-07T11:00:42+00:00","dateModified":"2025-11-21T11:29:06+00:00","description":"Las tiendas de conveniencia dominan con pagos en efectivo del 63% en todas las transacciones. Consulta nuestras Soluciones TPV recomendadas para tiendas de conveniencia y gasolineras.","inLanguage":"es","potentialAction":[{"@type":"ReadAction","target":["https:\/\/apgsolutions.com\/es\/industry\/convenience-stores\/"]}]},{"@type":"ImageObject","inLanguage":"es","@id":"https:\/\/apgsolutions.com\/es\/industry\/convenience-stores\/#primaryimage","url":"https:\/\/apgsolutions.com\/wp-content\/uploads\/2023\/07\/Money-Growth_Light-Blue.png","contentUrl":"https:\/\/apgsolutions.com\/wp-content\/uploads\/2023\/07\/Money-Growth_Light-Blue.png"},{"@type":"WebSite","@id":"https:\/\/apgsolutions.com\/es\/#website","url":"https:\/\/apgsolutions.com\/es\/","name":"APG Solutions, LLC","description":"Trust at every point.","publisher":{"@id":"https:\/\/apgsolutions.com\/es\/#organization"},"potentialAction":[{"@type":"SearchAction","target":{"@type":"EntryPoint","urlTemplate":"https:\/\/apgsolutions.com\/es\/?s={search_term_string}"},"query-input":{"@type":"PropertyValueSpecification","valueRequired":true,"valueName":"search_term_string"}}],"inLanguage":"es"},{"@type":"Organization","@id":"https:\/\/apgsolutions.com\/es\/#organization","name":"APG Solution, LLC","url":"https:\/\/apgsolutions.com\/es\/","logo":{"@type":"ImageObject","inLanguage":"es","@id":"https:\/\/apgsolutions.com\/es\/#\/schema\/logo\/image\/","url":"https:\/\/apgsolutions.com\/wp-content\/uploads\/2023\/12\/logomark-color.svg","contentUrl":"https:\/\/apgsolutions.com\/wp-content\/uploads\/2023\/12\/logomark-color.svg","width":141,"height":138,"caption":"APG Solution, LLC"},"image":{"@id":"https:\/\/apgsolutions.com\/es\/#\/schema\/logo\/image\/"},"sameAs":["https:\/\/www.facebook.com\/apgglobalsolutions","https:\/\/x.com\/apg_solutions","https:\/\/www.youtube.com\/c\/CashManagementGlobalSolutionsbyapg","https:\/\/www.linkedin.com\/company\/apgglobalsolutions\/","https:\/\/www.instagram.com\/apgglobalsolutions\/","https:\/\/www.pinterest.com\/apgcashdrawer\/"]}]}},"acf":[],"_links":{"self":[{"href":"https:\/\/apgsolutions.com\/es\/wp-json\/wp\/v2\/pages\/94006","targetHints":{"allow":["GET"]}}],"collection":[{"href":"https:\/\/apgsolutions.com\/es\/wp-json\/wp\/v2\/pages"}],"about":[{"href":"https:\/\/apgsolutions.com\/es\/wp-json\/wp\/v2\/types\/page"}],"author":[{"embeddable":true,"href":"https:\/\/apgsolutions.com\/es\/wp-json\/wp\/v2\/users\/4"}],"replies":[{"embeddable":true,"href":"https:\/\/apgsolutions.com\/es\/wp-json\/wp\/v2\/comments?post=94006"}],"version-history":[{"count":2,"href":"https:\/\/apgsolutions.com\/es\/wp-json\/wp\/v2\/pages\/94006\/revisions"}],"predecessor-version":[{"id":95860,"href":"https:\/\/apgsolutions.com\/es\/wp-json\/wp\/v2\/pages\/94006\/revisions\/95860"}],"wp:attachment":[{"href":"https:\/\/apgsolutions.com\/es\/wp-json\/wp\/v2\/media?parent=94006"}],"curies":[{"name":"wp","href":"https:\/\/api.w.org\/{rel}","templated":true}]}}