{"id":94026,"date":"2025-10-07T11:05:44","date_gmt":"2025-10-07T11:05:44","guid":{"rendered":"https:\/\/apgsolutions.com\/medicinal-cannabis-industry\/"},"modified":"2025-11-24T13:40:15","modified_gmt":"2025-11-24T13:40:15","slug":"medicinal-cannabis-industry","status":"publish","type":"page","link":"https:\/\/apgsolutions.com\/es\/industry\/medicinal-cannabis-industry\/","title":{"rendered":"Soluciones TPV y cajas registradoras para cannabis medicinal"},"content":{"rendered":"<div class=\"section_page-header \">\n    <img decoding=\"async\" class=\"header-image\" src=\"https:\/\/apgsolutions.com\/wp-content\/uploads\/2023\/07\/Cannabis-Header-Image.jpg\" alt=\"Medicinal Cannabis\" title=\"Medicinal Cannabis\">\n            <div class=\"header-content\">\n            <h1>Soluciones TPV y cajas registradoras para cannabis medicinal<\/h1>\n        <\/div>\n    <\/div>\n<div class=\"wp-block-group pos-content-div is-vertical is-content-justification-center is-layout-flex wp-container-core-group-is-layout-4b2eccd6 wp-block-group-is-layout-flex\">\n<div style=\"height:0px\" aria-hidden=\"true\" class=\"wp-block-spacer wp-container-content-b83b6736\"><\/div>\n\n\n\n<div class=\"wp-block-group is-vertical is-content-justification-center is-nowrap is-layout-flex wp-container-core-group-is-layout-e862386f wp-block-group-is-layout-flex\">\n<p class=\"has-text-align-center has-large-font-size\"><strong>La creciente necesidad de cajones portamonedas duraderos y fiables<\/strong><\/p>\n\n\n\n<div style=\"height:0px\" aria-hidden=\"true\" class=\"wp-block-spacer wp-container-content-5082a153\"><\/div>\n\n\n\n<p class=\"has-text-align-center\">La legislaci\u00f3n federal obliga a los dispensarios de cannabis de EE.UU. a gestionar todas las transacciones en efectivo, lo que supone un importante reto operativo. La gesti\u00f3n del efectivo en este entorno requiere mucho trabajo y es propensa a errores, a menos que los comerciantes tengan acceso a soluciones fiables de gesti\u00f3n del efectivo y TPV que garanticen el buen funcionamiento del negocio. La gesti\u00f3n eficaz del efectivo es clave para los comerciantes de cannabis que se esfuerzan por mantener el cumplimiento y la rentabilidad.  <\/p>\n\n\n\n<p class=\"has-text-align-center\">apg\u00ae est\u00e1 especializada en cajones portamonedas de gran capacidad, soluciones avanzadas de gesti\u00f3n de efectivo y recicladores de efectivo adaptados a los retos exclusivos de los negocios de cannabis. Nuestras innovadoras tecnolog\u00edas agilizan los procesos de gesti\u00f3n de efectivo, mejoran la seguridad y optimizan la eficiencia, permitiendo a los comerciantes de cannabis centrarse en el crecimiento y la satisfacci\u00f3n del cliente. <\/p>\n<\/div>\n\n\n\n<div style=\"height:0px\" aria-hidden=\"true\" class=\"wp-block-spacer wp-container-content-b83b6736\"><\/div>\n\n\n\n<div class=\"wp-block-group is-vertical is-layout-flex wp-container-core-group-is-layout-8cf370e7 wp-block-group-is-layout-flex\">\n<p style=\"font-size:30px\"><strong>Hechos y estad\u00edsticas<\/strong><\/p>\n\n\n\n<div style=\"height:0px\" aria-hidden=\"true\" class=\"wp-block-spacer wp-container-content-5082a153\"><\/div>\n<\/div>\n\n\n\n<div class=\"wp-block-columns is-layout-flex wp-container-core-columns-is-layout-9d6595d7 wp-block-columns-is-layout-flex\">\n<div class=\"wp-block-column pos-card-box has-background is-layout-flow wp-block-column-is-layout-flow\" style=\"background-color:#fcfaf7;flex-basis:360px\">\n<div style=\"height:1rem\" aria-hidden=\"true\" class=\"wp-block-spacer\"><\/div>\n\n\n<div class=\"wp-block-image\">\n<figure class=\"aligncenter size-full\"><img decoding=\"async\" width=\"80\" height=\"80\" src=\"https:\/\/apgsolutions.com\/wp-content\/uploads\/2023\/07\/Growth_Light-Blue.png\" alt=\"Licensed Business\" class=\"wp-image-69003\" style=\"object-fit:cover\"\/><\/figure>\n<\/div>\n\n\n<h3 class=\"wp-block-heading has-text-align-center\" id=\"h-licensed-business\">Empresa con licencia<\/h3>\n\n\n\n<p class=\"has-text-align-center\">Actualmente hay 15.000 dispensarios de cannabis en EE.UU. | Pew Research<\/p>\n\n\n\n<div style=\"height:1rem\" aria-hidden=\"true\" class=\"wp-block-spacer\"><\/div>\n<\/div>\n\n\n\n<div class=\"wp-block-column pos-card-box has-background is-layout-flow wp-block-column-is-layout-flow\" style=\"background-color:#fcfaf7;flex-basis:360px\">\n<div style=\"height:1rem\" aria-hidden=\"true\" class=\"wp-block-spacer\"><\/div>\n\n\n<div class=\"wp-block-image\">\n<figure class=\"aligncenter size-full\"><img decoding=\"async\" width=\"80\" height=\"80\" src=\"https:\/\/apgsolutions.com\/wp-content\/uploads\/2023\/07\/Cannabis-Leaf_White-b.png\" alt=\"Cannabis Market\" class=\"wp-image-68989\" style=\"object-fit:cover\"\/><\/figure>\n<\/div>\n\n\n<h3 class=\"wp-block-heading has-text-align-center\" id=\"h-cannabis-legalization\">Legalizaci\u00f3n del cannabis<\/h3>\n\n\n\n<p class=\"has-text-align-center\">En abril de 2024, 24 estados habr\u00e1n legalizado el consumo recreativo de cannabis en EE.UU. | Pew Research<\/p>\n\n\n\n<div style=\"height:1rem\" aria-hidden=\"true\" class=\"wp-block-spacer\"><\/div>\n<\/div>\n\n\n\n<div class=\"wp-block-column pos-card-box has-background is-layout-flow wp-block-column-is-layout-flow\" style=\"background-color:#fcfaf7;flex-basis:360px\">\n<div style=\"height:1rem\" aria-hidden=\"true\" class=\"wp-block-spacer\"><\/div>\n\n\n<div class=\"wp-block-image\">\n<figure class=\"aligncenter size-full\"><img decoding=\"async\" width=\"80\" height=\"80\" src=\"https:\/\/apgsolutions.com\/wp-content\/uploads\/2023\/07\/Money-Growth_Light-Blue.png\" alt=\"Icono de la principal fuente de ingresos\" class=\"wp-image-68978\" style=\"object-fit:cover\"\/><\/figure>\n<\/div>\n\n\n<h3 class=\"wp-block-heading has-text-align-center\" id=\"h-growth-potential\">Potencial de crecimiento<\/h3>\n\n\n\n<p class=\"has-text-align-center\">Se prev\u00e9 que los ingresos alcancen los 42.980 millones de d\u00f3lares en 2024 | Statista<\/p>\n\n\n\n<div style=\"height:16px\" aria-hidden=\"true\" class=\"wp-block-spacer\"><\/div>\n<\/div>\n<\/div>\n\n\n\n<div style=\"height:0px\" aria-hidden=\"true\" class=\"wp-block-spacer wp-container-content-b83b6736\"><\/div>\n\n\n\n<div class=\"wp-block-group is-vertical is-layout-flex wp-container-core-group-is-layout-8cf370e7 wp-block-group-is-layout-flex\">\n<p style=\"font-size:30px\"><strong>Nuestros cajones recomendados para la industria del cannabis medicinal<\/strong><\/p>\n\n\n\n<div style=\"height:0px\" aria-hidden=\"true\" class=\"wp-block-spacer wp-container-content-2cb1e7d4\"><\/div>\n<\/div>\n\n\n\n<div class=\"wp-block-columns is-layout-flex wp-container-core-columns-is-layout-9d6595d7 wp-block-columns-is-layout-flex\">\n<div class=\"wp-block-column is-layout-flow wp-block-column-is-layout-flow\">\n<div style=\"height:1rem\" aria-hidden=\"true\" class=\"wp-block-spacer\"><\/div>\n\n\n<div class=\"wp-block-image\">\n<figure class=\"aligncenter size-full is-resized\"><img loading=\"lazy\" decoding=\"async\" width=\"280\" height=\"210\" src=\"https:\/\/apgsolutions.com\/wp-content\/uploads\/2023\/06\/Vasario-VBxxx-BL1616-Closed-Left.jpg\" alt=\"Vasario-VBxxx-BL1616-Closed-Left\" class=\"wp-image-62747\" style=\"width:186px\"\/><\/figure>\n<\/div>\n\n\n<h3 class=\"wp-block-heading has-text-align-center\" id=\"h-vasario-series-cash-drawer\">Caj\u00f3n portamonedas Serie Vasario<\/h3>\n\n\n\n<p class=\"has-text-align-left\">Para una soluci\u00f3n rentable, considera el caj\u00f3n portamonedas Vasario. Fabricado para satisfacer las exigencias de los dispensarios, el caj\u00f3n portamonedas Vasario est\u00e1 disponible en varios tama\u00f1os para adaptarse a tu configuraci\u00f3n espec\u00edfica.   <\/p>\n\n\n\n<p class=\"has-text-align-left\">Con una durabilidad probada que supera el mill\u00f3n de transacciones, el caj\u00f3n portamonedas Vasario garantiza un funcionamiento fluido y eficaz.<\/p>\n\n\n\n<div style=\"height:1rem\" aria-hidden=\"true\" class=\"wp-block-spacer\"><\/div>\n<\/div>\n\n\n\n<div class=\"wp-block-column is-layout-flow wp-block-column-is-layout-flow\">\n<div style=\"height:1rem\" aria-hidden=\"true\" class=\"wp-block-spacer\"><\/div>\n\n\n<div class=\"wp-block-image\">\n<figure class=\"aligncenter size-full is-resized\"><img decoding=\"async\" src=\"https:\/\/apgsolutions.com\/wp-content\/uploads\/2024\/09\/Series-100.png\" alt=\"Caj&#xF3;n portamonedas Serie 100\" class=\"wp-image-86680\" style=\"width:186px\"\/><\/figure>\n<\/div>\n\n\n<h3 class=\"wp-block-heading has-text-align-center\" id=\"h-series-100-cash-drawer\">Caj\u00f3n portamonedas Serie 100<\/h3>\n\n\n\n<p class=\"has-text-align-left\">La Serie 100 es ideal para las necesidades de la industria del cannabis, ya que ofrece un amplio espacio de almacenamiento con un compartimento profundo bajo la barquilla dise\u00f1ado para guardar rollos de monedas y billetes empaquetados.<\/p>\n\n\n\n<p class=\"has-text-align-left\">Probada para durar m\u00e1s de cuatro millones de transacciones, la Serie 100 puede soportar las exigencias de gran volumen de las transacciones de los dispensarios.<\/p>\n\n\n\n<div style=\"height:1rem\" aria-hidden=\"true\" class=\"wp-block-spacer\"><\/div>\n<\/div>\n<\/div>\n<\/div>\n","protected":false},"excerpt":{"rendered":"<p>La creciente necesidad de cajones portamonedas duraderos y fiables La legislaci\u00f3n federal obliga a los dispensarios de cannabis de EE.UU. a gestionar todas las transacciones en efectivo, lo que supone un importante reto operativo. La gesti\u00f3n del efectivo en este entorno requiere mucho trabajo y es propensa a errores, a menos que los comerciantes tengan [&hellip;]<\/p>\n","protected":false},"author":4,"featured_media":0,"parent":0,"menu_order":0,"comment_status":"closed","ping_status":"closed","template":"","meta":{"_acf_changed":false,"content-type":"","footnotes":""},"class_list":["post-94026","page","type-page","status-publish"],"yoast_head":"<!-- This site is optimized with the Yoast SEO Premium plugin v23.5 (Yoast SEO v27.2) - https:\/\/yoast.com\/product\/yoast-seo-premium-wordpress\/ -->\n<title>Soluciones POS para cannabis medicinal - Cajas registradoras para cannabis medicinal | apg\u00ae<\/title>\n<meta name=\"description\" content=\"Un caj\u00f3n portamonedas es esencial en todos los dispensarios de cannabis. Descubre las soluciones y productos de TPV recomendados por APG para tu entorno minorista.\" \/>\n<meta name=\"robots\" content=\"index, follow, max-snippet:-1, max-image-preview:large, max-video-preview:-1\" \/>\n<link rel=\"canonical\" href=\"https:\/\/apgsolutions.com\/es\/industry\/medicinal-cannabis-industry\/\" \/>\n<meta property=\"og:locale\" content=\"es_ES\" \/>\n<meta property=\"og:type\" content=\"article\" \/>\n<meta property=\"og:title\" content=\"Soluciones POS para cannabis medicinal - Cajas registradoras para cannabis medicinal | apg\u00ae\" \/>\n<meta property=\"og:description\" content=\"Un caj\u00f3n portamonedas es esencial en todos los dispensarios de cannabis. Descubre las soluciones y productos de TPV recomendados por APG para tu entorno minorista.\" \/>\n<meta property=\"og:url\" content=\"https:\/\/apgsolutions.com\/es\/industry\/medicinal-cannabis-industry\/\" \/>\n<meta property=\"og:site_name\" content=\"apg\u00ae Solutions\" \/>\n<meta property=\"article:publisher\" content=\"https:\/\/www.facebook.com\/apgglobalsolutions\" \/>\n<meta property=\"article:modified_time\" content=\"2025-11-24T13:40:15+00:00\" \/>\n<meta property=\"og:image\" content=\"https:\/\/apgsolutions.com\/wp-content\/uploads\/2023\/07\/Growth_Light-Blue.png\" \/>\n<meta name=\"twitter:card\" content=\"summary_large_image\" \/>\n<meta name=\"twitter:site\" content=\"@apg_solutions\" \/>\n<meta name=\"twitter:label1\" content=\"Tiempo de lectura\" \/>\n\t<meta name=\"twitter:data1\" content=\"3 minutos\" \/>\n<script type=\"application\/ld+json\" class=\"yoast-schema-graph\">{\"@context\":\"https:\/\/schema.org\",\"@graph\":[{\"@type\":\"WebPage\",\"@id\":\"https:\/\/apgsolutions.com\/es\/industry\/medicinal-cannabis-industry\/\",\"url\":\"https:\/\/apgsolutions.com\/es\/industry\/medicinal-cannabis-industry\/\",\"name\":\"Soluciones POS para cannabis medicinal - Cajas registradoras para cannabis medicinal | apg\u00ae\",\"isPartOf\":{\"@id\":\"https:\/\/apgsolutions.com\/es\/#website\"},\"primaryImageOfPage\":{\"@id\":\"https:\/\/apgsolutions.com\/es\/industry\/medicinal-cannabis-industry\/#primaryimage\"},\"image\":{\"@id\":\"https:\/\/apgsolutions.com\/es\/industry\/medicinal-cannabis-industry\/#primaryimage\"},\"thumbnailUrl\":\"https:\/\/apgsolutions.com\/wp-content\/uploads\/2023\/07\/Growth_Light-Blue.png\",\"datePublished\":\"2025-10-07T11:05:44+00:00\",\"dateModified\":\"2025-11-24T13:40:15+00:00\",\"description\":\"Un caj\u00f3n portamonedas es esencial en todos los dispensarios de cannabis. Descubre las soluciones y productos de TPV recomendados por APG para tu entorno minorista.\",\"inLanguage\":\"es\",\"potentialAction\":[{\"@type\":\"ReadAction\",\"target\":[\"https:\/\/apgsolutions.com\/es\/industry\/medicinal-cannabis-industry\/\"]}]},{\"@type\":\"ImageObject\",\"inLanguage\":\"es\",\"@id\":\"https:\/\/apgsolutions.com\/es\/industry\/medicinal-cannabis-industry\/#primaryimage\",\"url\":\"https:\/\/apgsolutions.com\/wp-content\/uploads\/2023\/07\/Growth_Light-Blue.png\",\"contentUrl\":\"https:\/\/apgsolutions.com\/wp-content\/uploads\/2023\/07\/Growth_Light-Blue.png\"},{\"@type\":\"WebSite\",\"@id\":\"https:\/\/apgsolutions.com\/es\/#website\",\"url\":\"https:\/\/apgsolutions.com\/es\/\",\"name\":\"APG Solutions, LLC\",\"description\":\"Trust at every point.\",\"publisher\":{\"@id\":\"https:\/\/apgsolutions.com\/es\/#organization\"},\"potentialAction\":[{\"@type\":\"SearchAction\",\"target\":{\"@type\":\"EntryPoint\",\"urlTemplate\":\"https:\/\/apgsolutions.com\/es\/?s={search_term_string}\"},\"query-input\":{\"@type\":\"PropertyValueSpecification\",\"valueRequired\":true,\"valueName\":\"search_term_string\"}}],\"inLanguage\":\"es\"},{\"@type\":\"Organization\",\"@id\":\"https:\/\/apgsolutions.com\/es\/#organization\",\"name\":\"APG Solution, LLC\",\"url\":\"https:\/\/apgsolutions.com\/es\/\",\"logo\":{\"@type\":\"ImageObject\",\"inLanguage\":\"es\",\"@id\":\"https:\/\/apgsolutions.com\/es\/#\/schema\/logo\/image\/\",\"url\":\"https:\/\/apgsolutions.com\/wp-content\/uploads\/2023\/12\/logomark-color.svg\",\"contentUrl\":\"https:\/\/apgsolutions.com\/wp-content\/uploads\/2023\/12\/logomark-color.svg\",\"width\":141,\"height\":138,\"caption\":\"APG Solution, LLC\"},\"image\":{\"@id\":\"https:\/\/apgsolutions.com\/es\/#\/schema\/logo\/image\/\"},\"sameAs\":[\"https:\/\/www.facebook.com\/apgglobalsolutions\",\"https:\/\/x.com\/apg_solutions\",\"https:\/\/www.youtube.com\/c\/CashManagementGlobalSolutionsbyapg\",\"https:\/\/www.linkedin.com\/company\/apgglobalsolutions\/\",\"https:\/\/www.instagram.com\/apgglobalsolutions\/\",\"https:\/\/www.pinterest.com\/apgcashdrawer\/\"]}]}<\/script>\n<!-- \/ Yoast SEO Premium plugin. -->","yoast_head_json":{"title":"Soluciones POS para cannabis medicinal - Cajas registradoras para cannabis medicinal | apg\u00ae","description":"Un caj\u00f3n portamonedas es esencial en todos los dispensarios de cannabis. Descubre las soluciones y productos de TPV recomendados por APG para tu entorno minorista.","robots":{"index":"index","follow":"follow","max-snippet":"max-snippet:-1","max-image-preview":"max-image-preview:large","max-video-preview":"max-video-preview:-1"},"canonical":"https:\/\/apgsolutions.com\/es\/industry\/medicinal-cannabis-industry\/","og_locale":"es_ES","og_type":"article","og_title":"Soluciones POS para cannabis medicinal - Cajas registradoras para cannabis medicinal | apg\u00ae","og_description":"Un caj\u00f3n portamonedas es esencial en todos los dispensarios de cannabis. Descubre las soluciones y productos de TPV recomendados por APG para tu entorno minorista.","og_url":"https:\/\/apgsolutions.com\/es\/industry\/medicinal-cannabis-industry\/","og_site_name":"apg\u00ae Solutions","article_publisher":"https:\/\/www.facebook.com\/apgglobalsolutions","article_modified_time":"2025-11-24T13:40:15+00:00","og_image":[{"url":"https:\/\/apgsolutions.com\/wp-content\/uploads\/2023\/07\/Growth_Light-Blue.png","type":"","width":"","height":""}],"twitter_card":"summary_large_image","twitter_site":"@apg_solutions","twitter_misc":{"Tiempo de lectura":"3 minutos"},"schema":{"@context":"https:\/\/schema.org","@graph":[{"@type":"WebPage","@id":"https:\/\/apgsolutions.com\/es\/industry\/medicinal-cannabis-industry\/","url":"https:\/\/apgsolutions.com\/es\/industry\/medicinal-cannabis-industry\/","name":"Soluciones POS para cannabis medicinal - Cajas registradoras para cannabis medicinal | apg\u00ae","isPartOf":{"@id":"https:\/\/apgsolutions.com\/es\/#website"},"primaryImageOfPage":{"@id":"https:\/\/apgsolutions.com\/es\/industry\/medicinal-cannabis-industry\/#primaryimage"},"image":{"@id":"https:\/\/apgsolutions.com\/es\/industry\/medicinal-cannabis-industry\/#primaryimage"},"thumbnailUrl":"https:\/\/apgsolutions.com\/wp-content\/uploads\/2023\/07\/Growth_Light-Blue.png","datePublished":"2025-10-07T11:05:44+00:00","dateModified":"2025-11-24T13:40:15+00:00","description":"Un caj\u00f3n portamonedas es esencial en todos los dispensarios de cannabis. Descubre las soluciones y productos de TPV recomendados por APG para tu entorno minorista.","inLanguage":"es","potentialAction":[{"@type":"ReadAction","target":["https:\/\/apgsolutions.com\/es\/industry\/medicinal-cannabis-industry\/"]}]},{"@type":"ImageObject","inLanguage":"es","@id":"https:\/\/apgsolutions.com\/es\/industry\/medicinal-cannabis-industry\/#primaryimage","url":"https:\/\/apgsolutions.com\/wp-content\/uploads\/2023\/07\/Growth_Light-Blue.png","contentUrl":"https:\/\/apgsolutions.com\/wp-content\/uploads\/2023\/07\/Growth_Light-Blue.png"},{"@type":"WebSite","@id":"https:\/\/apgsolutions.com\/es\/#website","url":"https:\/\/apgsolutions.com\/es\/","name":"APG Solutions, LLC","description":"Trust at every point.","publisher":{"@id":"https:\/\/apgsolutions.com\/es\/#organization"},"potentialAction":[{"@type":"SearchAction","target":{"@type":"EntryPoint","urlTemplate":"https:\/\/apgsolutions.com\/es\/?s={search_term_string}"},"query-input":{"@type":"PropertyValueSpecification","valueRequired":true,"valueName":"search_term_string"}}],"inLanguage":"es"},{"@type":"Organization","@id":"https:\/\/apgsolutions.com\/es\/#organization","name":"APG Solution, LLC","url":"https:\/\/apgsolutions.com\/es\/","logo":{"@type":"ImageObject","inLanguage":"es","@id":"https:\/\/apgsolutions.com\/es\/#\/schema\/logo\/image\/","url":"https:\/\/apgsolutions.com\/wp-content\/uploads\/2023\/12\/logomark-color.svg","contentUrl":"https:\/\/apgsolutions.com\/wp-content\/uploads\/2023\/12\/logomark-color.svg","width":141,"height":138,"caption":"APG Solution, LLC"},"image":{"@id":"https:\/\/apgsolutions.com\/es\/#\/schema\/logo\/image\/"},"sameAs":["https:\/\/www.facebook.com\/apgglobalsolutions","https:\/\/x.com\/apg_solutions","https:\/\/www.youtube.com\/c\/CashManagementGlobalSolutionsbyapg","https:\/\/www.linkedin.com\/company\/apgglobalsolutions\/","https:\/\/www.instagram.com\/apgglobalsolutions\/","https:\/\/www.pinterest.com\/apgcashdrawer\/"]}]}},"acf":[],"_links":{"self":[{"href":"https:\/\/apgsolutions.com\/es\/wp-json\/wp\/v2\/pages\/94026","targetHints":{"allow":["GET"]}}],"collection":[{"href":"https:\/\/apgsolutions.com\/es\/wp-json\/wp\/v2\/pages"}],"about":[{"href":"https:\/\/apgsolutions.com\/es\/wp-json\/wp\/v2\/types\/page"}],"author":[{"embeddable":true,"href":"https:\/\/apgsolutions.com\/es\/wp-json\/wp\/v2\/users\/4"}],"replies":[{"embeddable":true,"href":"https:\/\/apgsolutions.com\/es\/wp-json\/wp\/v2\/comments?post=94026"}],"version-history":[{"count":2,"href":"https:\/\/apgsolutions.com\/es\/wp-json\/wp\/v2\/pages\/94026\/revisions"}],"predecessor-version":[{"id":95885,"href":"https:\/\/apgsolutions.com\/es\/wp-json\/wp\/v2\/pages\/94026\/revisions\/95885"}],"wp:attachment":[{"href":"https:\/\/apgsolutions.com\/es\/wp-json\/wp\/v2\/media?parent=94026"}],"curies":[{"name":"wp","href":"https:\/\/api.w.org\/{rel}","templated":true}]}}