{"id":94061,"date":"2025-10-07T11:27:16","date_gmt":"2025-10-07T11:27:16","guid":{"rendered":"https:\/\/apgsolutions.com\/quick-serve-restaurant-qsr\/"},"modified":"2025-11-24T13:41:34","modified_gmt":"2025-11-24T13:41:34","slug":"quick-serve-restaurant-qsr","status":"publish","type":"page","link":"https:\/\/apgsolutions.com\/es\/industry\/quick-serve-restaurant-qsr\/","title":{"rendered":"Restaurantes de servicio r\u00e1pido"},"content":{"rendered":"<div class=\"section_page-header \">\n    <img decoding=\"async\" class=\"header-image\" src=\"https:\/\/apgsolutions.com\/wp-content\/uploads\/2023\/07\/QSR-Header.jpg\" alt=\"Restaurantes de servicio r\u00e1pido\" title=\"Restaurantes de servicio r\u00e1pido\">\n            <div class=\"header-content\">\n            <h1>Restaurantes de servicio r\u00e1pido<\/h1>\n        <\/div>\n    <\/div>\n<div class=\"wp-block-group pos-content-div is-vertical is-content-justification-center is-layout-flex wp-container-core-group-is-layout-4b2eccd6 wp-block-group-is-layout-flex\">\n<div style=\"height:0px\" aria-hidden=\"true\" class=\"wp-block-spacer wp-container-content-b83b6736\"><\/div>\n\n\n\n<div class=\"wp-block-group is-vertical is-content-justification-center is-nowrap is-layout-flex wp-container-core-group-is-layout-e862386f wp-block-group-is-layout-flex\">\n<p class=\"has-text-align-center has-large-font-size\"><strong>Soluciones de TPV robustas y duraderas<\/strong><\/p>\n\n\n\n<div style=\"height:0px\" aria-hidden=\"true\" class=\"wp-block-spacer wp-container-content-5082a153\"><\/div>\n\n\n\n<p class=\"has-text-align-center\">Los restaurantes de comida r\u00e1pida constituyen una parte importante del mercado de la industria alimentaria. S\u00f3lo en Estados Unidos hay 195.507 restaurantes de comida r\u00e1pida, y el tama\u00f1o del mercado alcanz\u00f3 los 382.000 millones de d\u00f3lares en 2022. Los restaurantes de comida r\u00e1pida son vitales para la hosteler\u00eda, y a menudo tienen 2 \u00f3 3 terminales de punto de venta en las cajas de las tiendas y 1 \u00f3 2 en las ventanillas de autoservicio.    <\/p>\n\n\n\n<p class=\"has-text-align-center\">apg\u00ae tiene la experiencia y la capacidad para fabricar el hardware de punto de venta m\u00e1s fiable y seguro para restaurantes de comida r\u00e1pida. Nuestras robustas soluciones est\u00e1n dise\u00f1adas para aumentar la productividad y mejorar la experiencia global del cliente. <\/p>\n<\/div>\n\n\n\n<div style=\"height:0px\" aria-hidden=\"true\" class=\"wp-block-spacer wp-container-content-b83b6736\"><\/div>\n\n\n\n<div class=\"wp-block-group is-vertical is-layout-flex wp-container-core-group-is-layout-8cf370e7 wp-block-group-is-layout-flex\">\n<p style=\"font-size:30px\"><strong>Hechos y estad\u00edsticas<\/strong><\/p>\n\n\n\n<div style=\"height:0px\" aria-hidden=\"true\" class=\"wp-block-spacer wp-container-content-5082a153\"><\/div>\n<\/div>\n\n\n\n<div class=\"wp-block-columns is-layout-flex wp-container-core-columns-is-layout-9d6595d7 wp-block-columns-is-layout-flex\">\n<div class=\"wp-block-column pos-card-box has-background is-layout-flow wp-block-column-is-layout-flow\" style=\"background-color:#fcfaf7;flex-basis:360px\">\n<div style=\"height:1rem\" aria-hidden=\"true\" class=\"wp-block-spacer\"><\/div>\n\n\n<div class=\"wp-block-image\">\n<figure class=\"aligncenter size-full\"><img decoding=\"async\" width=\"80\" height=\"80\" src=\"https:\/\/apgsolutions.com\/wp-content\/uploads\/2023\/07\/Money-Growth_Light-Blue.png\" alt=\"Icono de la principal fuente de ingresos\" class=\"wp-image-68978\" style=\"object-fit:cover\"\/><\/figure>\n<\/div>\n\n\n<h3 class=\"wp-block-heading has-text-align-center\" id=\"h-growth\">Crecimiento<\/h3>\n\n\n\n<p class=\"has-text-align-center\">En 2023, el gasto de los consumidores en los QSR fue de 350.000 millones de d\u00f3lares | Statista<\/p>\n\n\n\n<div style=\"height:1rem\" aria-hidden=\"true\" class=\"wp-block-spacer\"><\/div>\n<\/div>\n\n\n\n<div class=\"wp-block-column pos-card-box has-background is-layout-flow wp-block-column-is-layout-flow\" style=\"background-color:#fcfaf7;flex-basis:360px\">\n<div style=\"height:1rem\" aria-hidden=\"true\" class=\"wp-block-spacer\"><\/div>\n\n\n<div class=\"wp-block-image\">\n<figure class=\"aligncenter size-full\"><img decoding=\"async\" width=\"80\" height=\"80\" src=\"https:\/\/apgsolutions.com\/wp-content\/uploads\/2023\/08\/Serve-Brands-1.png\" alt=\"Serve-Brands\" class=\"wp-image-70076\" style=\"object-fit:cover\"\/><\/figure>\n<\/div>\n\n\n<h3 class=\"wp-block-heading has-text-align-center\" id=\"h-value\">Valor<\/h3>\n\n\n\n<p class=\"has-text-align-center\">Los restaurantes de servicio r\u00e1pido son la opci\u00f3n m\u00e1s atractiva para los consumidores conscientes de su presupuesto. Los consumidores utilizan el dinero en efectivo para cerca de la mitad de las ventas por valor inferior a 50 $ | FRB <\/p>\n\n\n\n<div style=\"height:1rem\" aria-hidden=\"true\" class=\"wp-block-spacer\"><\/div>\n<\/div>\n\n\n\n<div class=\"wp-block-column pos-card-box has-background is-layout-flow wp-block-column-is-layout-flow\" style=\"background-color:#fcfaf7;flex-basis:360px\">\n<div style=\"height:1rem\" aria-hidden=\"true\" class=\"wp-block-spacer\"><\/div>\n\n\n<div class=\"wp-block-image\">\n<figure class=\"aligncenter size-full\"><img decoding=\"async\" width=\"80\" height=\"80\" src=\"https:\/\/apgsolutions.com\/wp-content\/uploads\/2023\/07\/Bill_Light-Blue.png\" alt=\"Cash Usage in Bars &amp; Clubs\" class=\"wp-image-68967\" style=\"object-fit:cover\"\/><\/figure>\n<\/div>\n\n\n<h3 class=\"wp-block-heading has-text-align-center\" id=\"h-cash-usage\">Uso de efectivo<\/h3>\n\n\n\n<p class=\"has-text-align-center\">El efectivo sigue siendo la forma de pago m\u00e1s utilizada, el 67% de los estadounidenses son partidarios de utilizar efectivo<\/p>\n\n\n\n<div style=\"height:16px\" aria-hidden=\"true\" class=\"wp-block-spacer\"><\/div>\n<\/div>\n<\/div>\n\n\n\n<div style=\"height:0px\" aria-hidden=\"true\" class=\"wp-block-spacer wp-container-content-b83b6736\"><\/div>\n\n\n\n<div class=\"wp-block-group is-vertical is-layout-flex wp-container-core-group-is-layout-8cf370e7 wp-block-group-is-layout-flex\">\n<p style=\"font-size:30px\"><strong>Nuestros cajones recomendados para restaurantes de servicio r\u00e1pido<\/strong><\/p>\n\n\n\n<div style=\"height:0px\" aria-hidden=\"true\" class=\"wp-block-spacer wp-container-content-2cb1e7d4\"><\/div>\n<\/div>\n\n\n\n<div class=\"wp-block-columns is-layout-flex wp-container-core-columns-is-layout-9d6595d7 wp-block-columns-is-layout-flex\">\n<div class=\"wp-block-column is-layout-flow wp-block-column-is-layout-flow\">\n<div style=\"height:1rem\" aria-hidden=\"true\" class=\"wp-block-spacer\"><\/div>\n\n\n<div class=\"wp-block-image\">\n<figure class=\"aligncenter size-full is-resized\"><img decoding=\"async\" src=\"https:\/\/apgsolutions.com\/wp-content\/uploads\/2024\/09\/Series-100.png\" alt=\"Caj&#xF3;n portamonedas Serie 100\" class=\"wp-image-86680\" style=\"width:186px\"\/><\/figure>\n<\/div>\n\n\n<h3 class=\"wp-block-heading has-text-align-center\" id=\"h-series-100-cash-drawers\">Cajones portamonedas Serie 100<\/h3>\n\n\n\n<p class=\"has-text-align-left\">La Serie 100 es ideal para restaurantes de servicio r\u00e1pido, ya que ofrece un amplio espacio de almacenamiento con un compartimento profundo bajo el mostrador para rollos de monedas y billetes empaquetados. Su dise\u00f1o compacto optimiza el espacio del mostrador, por lo que es la mejor para entornos de ritmo r\u00e1pido. <\/p>\n\n\n\n<p class=\"has-text-align-left\">Probada en m\u00e1s de cuatro millones de transacciones, la Serie 100 ofrece fiabilidad y durabilidad constantes para las transacciones de gran volumen de los restaurantes de servicio r\u00e1pido.<\/p>\n\n\n\n<div style=\"height:1rem\" aria-hidden=\"true\" class=\"wp-block-spacer\"><\/div>\n<\/div>\n\n\n\n<div class=\"wp-block-column is-layout-flow wp-block-column-is-layout-flow\">\n<div style=\"height:1rem\" aria-hidden=\"true\" class=\"wp-block-spacer\"><\/div>\n\n\n<div class=\"wp-block-image\">\n<figure class=\"aligncenter size-full is-resized\"><img loading=\"lazy\" decoding=\"async\" width=\"1600\" height=\"1200\" src=\"https:\/\/apgsolutions.com\/wp-content\/uploads\/2023\/06\/Series-4000-JB520-BL1816-Closed-Right.png\" alt=\"Series 4000 JB520 BL1816 Closed Right\" class=\"wp-image-83857\" style=\"width:186px\" srcset=\"https:\/\/apgsolutions.com\/wp-content\/uploads\/2023\/06\/Series-4000-JB520-BL1816-Closed-Right.png 1600w, https:\/\/apgsolutions.com\/wp-content\/uploads\/2023\/06\/Series-4000-JB520-BL1816-Closed-Right-300x225.png 300w, https:\/\/apgsolutions.com\/wp-content\/uploads\/2023\/06\/Series-4000-JB520-BL1816-Closed-Right-1024x768.png 1024w, https:\/\/apgsolutions.com\/wp-content\/uploads\/2023\/06\/Series-4000-JB520-BL1816-Closed-Right-768x576.png 768w, https:\/\/apgsolutions.com\/wp-content\/uploads\/2023\/06\/Series-4000-JB520-BL1816-Closed-Right-1536x1152.png 1536w, https:\/\/apgsolutions.com\/wp-content\/uploads\/2023\/06\/Series-4000-JB520-BL1816-Closed-Right-550x413.png 550w, https:\/\/apgsolutions.com\/wp-content\/uploads\/2023\/06\/Series-4000-JB520-BL1816-Closed-Right-80x60.png 80w, https:\/\/apgsolutions.com\/wp-content\/uploads\/2023\/06\/Series-4000-JB520-BL1816-Closed-Right-600x450.png 600w\" sizes=\"(max-width: 1600px) 100vw, 1600px\" \/><\/figure>\n<\/div>\n\n\n<h3 class=\"wp-block-heading has-text-align-center\" id=\"h-series-4000-cash-drawer\">Caj\u00f3n portamonedas Serie 4000<\/h3>\n\n\n\n<p class=\"has-text-align-left\">La Serie 4000 garantiza soluciones de almacenamiento flexibles con varios tama\u00f1os y colores para satisfacer tus necesidades de caja r\u00e1pida.  <\/p>\n\n\n\n<p class=\"has-text-align-left\">Fabricada para gestionar m\u00e1s de cuatro millones de transacciones, la Serie 4000 garantiza un rendimiento y una durabilidad fiables, lo que la convierte en la opci\u00f3n m\u00e1s fiable para los restaurantes de comida r\u00e1pida.<\/p>\n\n\n\n<div style=\"height:1rem\" aria-hidden=\"true\" class=\"wp-block-spacer\"><\/div>\n<\/div>\n<\/div>\n<\/div>\n","protected":false},"excerpt":{"rendered":"<p>Soluciones de TPV robustas y duraderas Los restaurantes de comida r\u00e1pida constituyen una parte importante del mercado de la industria alimentaria. S\u00f3lo en Estados Unidos hay 195.507 restaurantes de comida r\u00e1pida, y el tama\u00f1o del mercado alcanz\u00f3 los 382.000 millones de d\u00f3lares en 2022. Los restaurantes de comida r\u00e1pida son vitales para la hosteler\u00eda, y [&hellip;]<\/p>\n","protected":false},"author":4,"featured_media":0,"parent":0,"menu_order":0,"comment_status":"closed","ping_status":"closed","template":"","meta":{"_acf_changed":false,"content-type":"","footnotes":""},"class_list":["post-94061","page","type-page","status-publish"],"yoast_head":"<!-- This site is optimized with the Yoast SEO Premium plugin v23.5 (Yoast SEO v27.2) - https:\/\/yoast.com\/product\/yoast-seo-premium-wordpress\/ -->\n<title>Restaurantes de servicio r\u00e1pido Soluciones POS recomendadas - APG<\/title>\n<meta name=\"description\" content=\"APG tiene soluciones de punto de venta duraderas para restaurantes de comida r\u00e1pida. Nuestras robustas soluciones pueden aumentar la productividad y mejorar la experiencia de caja.\" \/>\n<meta name=\"robots\" content=\"index, follow, max-snippet:-1, max-image-preview:large, max-video-preview:-1\" \/>\n<link rel=\"canonical\" href=\"https:\/\/apgsolutions.com\/es\/industry\/quick-serve-restaurant-qsr\/\" \/>\n<meta property=\"og:locale\" content=\"es_ES\" \/>\n<meta property=\"og:type\" content=\"article\" \/>\n<meta property=\"og:title\" content=\"Restaurantes de servicio r\u00e1pido Soluciones POS recomendadas - APG\" \/>\n<meta property=\"og:description\" content=\"APG tiene soluciones de punto de venta duraderas para restaurantes de comida r\u00e1pida. Nuestras robustas soluciones pueden aumentar la productividad y mejorar la experiencia de caja.\" \/>\n<meta property=\"og:url\" content=\"https:\/\/apgsolutions.com\/es\/industry\/quick-serve-restaurant-qsr\/\" \/>\n<meta property=\"og:site_name\" content=\"apg\u00ae Solutions\" \/>\n<meta property=\"article:publisher\" content=\"https:\/\/www.facebook.com\/apgglobalsolutions\" \/>\n<meta property=\"article:modified_time\" content=\"2025-11-24T13:41:34+00:00\" \/>\n<meta property=\"og:image\" content=\"https:\/\/apgsolutions.com\/wp-content\/uploads\/2023\/07\/Money-Growth_Light-Blue.png\" \/>\n<meta name=\"twitter:card\" content=\"summary_large_image\" \/>\n<meta name=\"twitter:site\" content=\"@apg_solutions\" \/>\n<meta name=\"twitter:label1\" content=\"Tiempo de lectura\" \/>\n\t<meta name=\"twitter:data1\" content=\"3 minutos\" \/>\n<script type=\"application\/ld+json\" class=\"yoast-schema-graph\">{\"@context\":\"https:\/\/schema.org\",\"@graph\":[{\"@type\":\"WebPage\",\"@id\":\"https:\/\/apgsolutions.com\/es\/industry\/quick-serve-restaurant-qsr\/\",\"url\":\"https:\/\/apgsolutions.com\/es\/industry\/quick-serve-restaurant-qsr\/\",\"name\":\"Restaurantes de servicio r\u00e1pido Soluciones POS recomendadas - APG\",\"isPartOf\":{\"@id\":\"https:\/\/apgsolutions.com\/es\/#website\"},\"primaryImageOfPage\":{\"@id\":\"https:\/\/apgsolutions.com\/es\/industry\/quick-serve-restaurant-qsr\/#primaryimage\"},\"image\":{\"@id\":\"https:\/\/apgsolutions.com\/es\/industry\/quick-serve-restaurant-qsr\/#primaryimage\"},\"thumbnailUrl\":\"https:\/\/apgsolutions.com\/wp-content\/uploads\/2023\/07\/Money-Growth_Light-Blue.png\",\"datePublished\":\"2025-10-07T11:27:16+00:00\",\"dateModified\":\"2025-11-24T13:41:34+00:00\",\"description\":\"APG tiene soluciones de punto de venta duraderas para restaurantes de comida r\u00e1pida. Nuestras robustas soluciones pueden aumentar la productividad y mejorar la experiencia de caja.\",\"inLanguage\":\"es\",\"potentialAction\":[{\"@type\":\"ReadAction\",\"target\":[\"https:\/\/apgsolutions.com\/es\/industry\/quick-serve-restaurant-qsr\/\"]}]},{\"@type\":\"ImageObject\",\"inLanguage\":\"es\",\"@id\":\"https:\/\/apgsolutions.com\/es\/industry\/quick-serve-restaurant-qsr\/#primaryimage\",\"url\":\"https:\/\/apgsolutions.com\/wp-content\/uploads\/2023\/07\/Money-Growth_Light-Blue.png\",\"contentUrl\":\"https:\/\/apgsolutions.com\/wp-content\/uploads\/2023\/07\/Money-Growth_Light-Blue.png\"},{\"@type\":\"WebSite\",\"@id\":\"https:\/\/apgsolutions.com\/es\/#website\",\"url\":\"https:\/\/apgsolutions.com\/es\/\",\"name\":\"APG Solutions, LLC\",\"description\":\"Trust at every point.\",\"publisher\":{\"@id\":\"https:\/\/apgsolutions.com\/es\/#organization\"},\"potentialAction\":[{\"@type\":\"SearchAction\",\"target\":{\"@type\":\"EntryPoint\",\"urlTemplate\":\"https:\/\/apgsolutions.com\/es\/?s={search_term_string}\"},\"query-input\":{\"@type\":\"PropertyValueSpecification\",\"valueRequired\":true,\"valueName\":\"search_term_string\"}}],\"inLanguage\":\"es\"},{\"@type\":\"Organization\",\"@id\":\"https:\/\/apgsolutions.com\/es\/#organization\",\"name\":\"APG Solution, LLC\",\"url\":\"https:\/\/apgsolutions.com\/es\/\",\"logo\":{\"@type\":\"ImageObject\",\"inLanguage\":\"es\",\"@id\":\"https:\/\/apgsolutions.com\/es\/#\/schema\/logo\/image\/\",\"url\":\"https:\/\/apgsolutions.com\/wp-content\/uploads\/2023\/12\/logomark-color.svg\",\"contentUrl\":\"https:\/\/apgsolutions.com\/wp-content\/uploads\/2023\/12\/logomark-color.svg\",\"width\":141,\"height\":138,\"caption\":\"APG Solution, LLC\"},\"image\":{\"@id\":\"https:\/\/apgsolutions.com\/es\/#\/schema\/logo\/image\/\"},\"sameAs\":[\"https:\/\/www.facebook.com\/apgglobalsolutions\",\"https:\/\/x.com\/apg_solutions\",\"https:\/\/www.youtube.com\/c\/CashManagementGlobalSolutionsbyapg\",\"https:\/\/www.linkedin.com\/company\/apgglobalsolutions\/\",\"https:\/\/www.instagram.com\/apgglobalsolutions\/\",\"https:\/\/www.pinterest.com\/apgcashdrawer\/\"]}]}<\/script>\n<!-- \/ Yoast SEO Premium plugin. -->","yoast_head_json":{"title":"Restaurantes de servicio r\u00e1pido Soluciones POS recomendadas - APG","description":"APG tiene soluciones de punto de venta duraderas para restaurantes de comida r\u00e1pida. Nuestras robustas soluciones pueden aumentar la productividad y mejorar la experiencia de caja.","robots":{"index":"index","follow":"follow","max-snippet":"max-snippet:-1","max-image-preview":"max-image-preview:large","max-video-preview":"max-video-preview:-1"},"canonical":"https:\/\/apgsolutions.com\/es\/industry\/quick-serve-restaurant-qsr\/","og_locale":"es_ES","og_type":"article","og_title":"Restaurantes de servicio r\u00e1pido Soluciones POS recomendadas - APG","og_description":"APG tiene soluciones de punto de venta duraderas para restaurantes de comida r\u00e1pida. Nuestras robustas soluciones pueden aumentar la productividad y mejorar la experiencia de caja.","og_url":"https:\/\/apgsolutions.com\/es\/industry\/quick-serve-restaurant-qsr\/","og_site_name":"apg\u00ae Solutions","article_publisher":"https:\/\/www.facebook.com\/apgglobalsolutions","article_modified_time":"2025-11-24T13:41:34+00:00","og_image":[{"url":"https:\/\/apgsolutions.com\/wp-content\/uploads\/2023\/07\/Money-Growth_Light-Blue.png","type":"","width":"","height":""}],"twitter_card":"summary_large_image","twitter_site":"@apg_solutions","twitter_misc":{"Tiempo de lectura":"3 minutos"},"schema":{"@context":"https:\/\/schema.org","@graph":[{"@type":"WebPage","@id":"https:\/\/apgsolutions.com\/es\/industry\/quick-serve-restaurant-qsr\/","url":"https:\/\/apgsolutions.com\/es\/industry\/quick-serve-restaurant-qsr\/","name":"Restaurantes de servicio r\u00e1pido Soluciones POS recomendadas - APG","isPartOf":{"@id":"https:\/\/apgsolutions.com\/es\/#website"},"primaryImageOfPage":{"@id":"https:\/\/apgsolutions.com\/es\/industry\/quick-serve-restaurant-qsr\/#primaryimage"},"image":{"@id":"https:\/\/apgsolutions.com\/es\/industry\/quick-serve-restaurant-qsr\/#primaryimage"},"thumbnailUrl":"https:\/\/apgsolutions.com\/wp-content\/uploads\/2023\/07\/Money-Growth_Light-Blue.png","datePublished":"2025-10-07T11:27:16+00:00","dateModified":"2025-11-24T13:41:34+00:00","description":"APG tiene soluciones de punto de venta duraderas para restaurantes de comida r\u00e1pida. Nuestras robustas soluciones pueden aumentar la productividad y mejorar la experiencia de caja.","inLanguage":"es","potentialAction":[{"@type":"ReadAction","target":["https:\/\/apgsolutions.com\/es\/industry\/quick-serve-restaurant-qsr\/"]}]},{"@type":"ImageObject","inLanguage":"es","@id":"https:\/\/apgsolutions.com\/es\/industry\/quick-serve-restaurant-qsr\/#primaryimage","url":"https:\/\/apgsolutions.com\/wp-content\/uploads\/2023\/07\/Money-Growth_Light-Blue.png","contentUrl":"https:\/\/apgsolutions.com\/wp-content\/uploads\/2023\/07\/Money-Growth_Light-Blue.png"},{"@type":"WebSite","@id":"https:\/\/apgsolutions.com\/es\/#website","url":"https:\/\/apgsolutions.com\/es\/","name":"APG Solutions, LLC","description":"Trust at every point.","publisher":{"@id":"https:\/\/apgsolutions.com\/es\/#organization"},"potentialAction":[{"@type":"SearchAction","target":{"@type":"EntryPoint","urlTemplate":"https:\/\/apgsolutions.com\/es\/?s={search_term_string}"},"query-input":{"@type":"PropertyValueSpecification","valueRequired":true,"valueName":"search_term_string"}}],"inLanguage":"es"},{"@type":"Organization","@id":"https:\/\/apgsolutions.com\/es\/#organization","name":"APG Solution, LLC","url":"https:\/\/apgsolutions.com\/es\/","logo":{"@type":"ImageObject","inLanguage":"es","@id":"https:\/\/apgsolutions.com\/es\/#\/schema\/logo\/image\/","url":"https:\/\/apgsolutions.com\/wp-content\/uploads\/2023\/12\/logomark-color.svg","contentUrl":"https:\/\/apgsolutions.com\/wp-content\/uploads\/2023\/12\/logomark-color.svg","width":141,"height":138,"caption":"APG Solution, LLC"},"image":{"@id":"https:\/\/apgsolutions.com\/es\/#\/schema\/logo\/image\/"},"sameAs":["https:\/\/www.facebook.com\/apgglobalsolutions","https:\/\/x.com\/apg_solutions","https:\/\/www.youtube.com\/c\/CashManagementGlobalSolutionsbyapg","https:\/\/www.linkedin.com\/company\/apgglobalsolutions\/","https:\/\/www.instagram.com\/apgglobalsolutions\/","https:\/\/www.pinterest.com\/apgcashdrawer\/"]}]}},"acf":[],"_links":{"self":[{"href":"https:\/\/apgsolutions.com\/es\/wp-json\/wp\/v2\/pages\/94061","targetHints":{"allow":["GET"]}}],"collection":[{"href":"https:\/\/apgsolutions.com\/es\/wp-json\/wp\/v2\/pages"}],"about":[{"href":"https:\/\/apgsolutions.com\/es\/wp-json\/wp\/v2\/types\/page"}],"author":[{"embeddable":true,"href":"https:\/\/apgsolutions.com\/es\/wp-json\/wp\/v2\/users\/4"}],"replies":[{"embeddable":true,"href":"https:\/\/apgsolutions.com\/es\/wp-json\/wp\/v2\/comments?post=94061"}],"version-history":[{"count":2,"href":"https:\/\/apgsolutions.com\/es\/wp-json\/wp\/v2\/pages\/94061\/revisions"}],"predecessor-version":[{"id":95870,"href":"https:\/\/apgsolutions.com\/es\/wp-json\/wp\/v2\/pages\/94061\/revisions\/95870"}],"wp:attachment":[{"href":"https:\/\/apgsolutions.com\/es\/wp-json\/wp\/v2\/media?parent=94061"}],"curies":[{"name":"wp","href":"https:\/\/api.w.org\/{rel}","templated":true}]}}