{"id":94540,"date":"2025-10-10T07:10:32","date_gmt":"2025-10-10T07:10:32","guid":{"rendered":"https:\/\/apgsolutions.com\/events\/"},"modified":"2026-02-17T05:44:15","modified_gmt":"2026-02-17T05:44:15","slug":"events","status":"publish","type":"page","link":"https:\/\/apgsolutions.com\/es\/events\/","title":{"rendered":"Eventos"},"content":{"rendered":"<h1>\u00bfVas a asistir a una feria comercial? \u00a1Nos encantar\u00eda reunirnos contigo! <\/h1>\n<p>apg expone <a href=\"https:\/\/apgsolutions.com\/es\/productos\/\">soluciones para puntos de venta<\/a> y asiste a ferias comerciales en todo el mundo. Haz clic en un pr\u00f3ximo evento y programa una reuni\u00f3n con nuestro equipo hoy mismo.<\/p>\n\n<p><\/p>\n","protected":false},"excerpt":{"rendered":"<p>\u00bfVas a asistir a una feria comercial? \u00a1Nos encantar\u00eda reunirnos contigo! apg expone soluciones para puntos de venta y asiste a ferias comerciales en todo el mundo. Haz clic en un pr\u00f3ximo evento y programa una reuni\u00f3n con nuestro equipo hoy mismo.<\/p>\n","protected":false},"author":4,"featured_media":0,"parent":0,"menu_order":0,"comment_status":"closed","ping_status":"closed","template":"page-events.php","meta":{"_acf_changed":false,"content-type":"","footnotes":""},"class_list":["post-94540","page","type-page","status-publish"],"yoast_head":"<!-- This site is optimized with the Yoast SEO Premium plugin v23.5 (Yoast SEO v27.2) - https:\/\/yoast.com\/product\/yoast-seo-premium-wordpress\/ -->\n<title>Eventos Globales | Soluciones apg<\/title>\n<meta name=\"description\" content=\"Nos encantar\u00eda reunirnos contigo! apg expone y asiste a ferias comerciales en todo el mundo. Haz clic en un evento pr\u00f3ximo y programa una reuni\u00f3n con nuestro equipo hoy mismo.\" \/>\n<meta name=\"robots\" content=\"index, follow, max-snippet:-1, max-image-preview:large, max-video-preview:-1\" \/>\n<link rel=\"canonical\" href=\"https:\/\/apgsolutions.com\/es\/events\/\" \/>\n<meta property=\"og:locale\" content=\"es_ES\" \/>\n<meta property=\"og:type\" content=\"article\" \/>\n<meta property=\"og:title\" content=\"Eventos Globales | Soluciones apg\" \/>\n<meta property=\"og:description\" content=\"Nos encantar\u00eda reunirnos contigo! apg expone y asiste a ferias comerciales en todo el mundo. Haz clic en un evento pr\u00f3ximo y programa una reuni\u00f3n con nuestro equipo hoy mismo.\" \/>\n<meta property=\"og:url\" content=\"https:\/\/apgsolutions.com\/es\/events\/\" \/>\n<meta property=\"og:site_name\" content=\"apg\u00ae Solutions\" \/>\n<meta property=\"article:publisher\" content=\"https:\/\/www.facebook.com\/apgglobalsolutions\" \/>\n<meta property=\"article:modified_time\" content=\"2026-02-17T05:44:15+00:00\" \/>\n<meta name=\"twitter:card\" content=\"summary_large_image\" \/>\n<meta name=\"twitter:site\" content=\"@apg_solutions\" \/>\n<script type=\"application\/ld+json\" class=\"yoast-schema-graph\">{\"@context\":\"https:\/\/schema.org\",\"@graph\":[{\"@type\":\"WebPage\",\"@id\":\"https:\/\/apgsolutions.com\/es\/events\/\",\"url\":\"https:\/\/apgsolutions.com\/es\/events\/\",\"name\":\"Eventos Globales | Soluciones apg\",\"isPartOf\":{\"@id\":\"https:\/\/apgsolutions.com\/es\/#website\"},\"datePublished\":\"2025-10-10T07:10:32+00:00\",\"dateModified\":\"2026-02-17T05:44:15+00:00\",\"description\":\"Nos encantar\u00eda reunirnos contigo! apg expone y asiste a ferias comerciales en todo el mundo. Haz clic en un evento pr\u00f3ximo y programa una reuni\u00f3n con nuestro equipo hoy mismo.\",\"inLanguage\":\"es\",\"potentialAction\":[{\"@type\":\"ReadAction\",\"target\":[\"https:\/\/apgsolutions.com\/es\/events\/\"]}]},{\"@type\":\"WebSite\",\"@id\":\"https:\/\/apgsolutions.com\/es\/#website\",\"url\":\"https:\/\/apgsolutions.com\/es\/\",\"name\":\"APG Solutions, LLC\",\"description\":\"Trust at every point.\",\"publisher\":{\"@id\":\"https:\/\/apgsolutions.com\/es\/#organization\"},\"potentialAction\":[{\"@type\":\"SearchAction\",\"target\":{\"@type\":\"EntryPoint\",\"urlTemplate\":\"https:\/\/apgsolutions.com\/es\/?s={search_term_string}\"},\"query-input\":{\"@type\":\"PropertyValueSpecification\",\"valueRequired\":true,\"valueName\":\"search_term_string\"}}],\"inLanguage\":\"es\"},{\"@type\":\"Organization\",\"@id\":\"https:\/\/apgsolutions.com\/es\/#organization\",\"name\":\"APG Solution, LLC\",\"url\":\"https:\/\/apgsolutions.com\/es\/\",\"logo\":{\"@type\":\"ImageObject\",\"inLanguage\":\"es\",\"@id\":\"https:\/\/apgsolutions.com\/es\/#\/schema\/logo\/image\/\",\"url\":\"https:\/\/apgsolutions.com\/wp-content\/uploads\/2023\/12\/logomark-color.svg\",\"contentUrl\":\"https:\/\/apgsolutions.com\/wp-content\/uploads\/2023\/12\/logomark-color.svg\",\"width\":141,\"height\":138,\"caption\":\"APG Solution, LLC\"},\"image\":{\"@id\":\"https:\/\/apgsolutions.com\/es\/#\/schema\/logo\/image\/\"},\"sameAs\":[\"https:\/\/www.facebook.com\/apgglobalsolutions\",\"https:\/\/x.com\/apg_solutions\",\"https:\/\/www.youtube.com\/c\/CashManagementGlobalSolutionsbyapg\",\"https:\/\/www.linkedin.com\/company\/apgglobalsolutions\/\",\"https:\/\/www.instagram.com\/apgglobalsolutions\/\",\"https:\/\/www.pinterest.com\/apgcashdrawer\/\"]}]}<\/script>\n<!-- \/ Yoast SEO Premium plugin. -->","yoast_head_json":{"title":"Eventos Globales | Soluciones apg","description":"Nos encantar\u00eda reunirnos contigo! apg expone y asiste a ferias comerciales en todo el mundo. Haz clic en un evento pr\u00f3ximo y programa una reuni\u00f3n con nuestro equipo hoy mismo.","robots":{"index":"index","follow":"follow","max-snippet":"max-snippet:-1","max-image-preview":"max-image-preview:large","max-video-preview":"max-video-preview:-1"},"canonical":"https:\/\/apgsolutions.com\/es\/events\/","og_locale":"es_ES","og_type":"article","og_title":"Eventos Globales | Soluciones apg","og_description":"Nos encantar\u00eda reunirnos contigo! apg expone y asiste a ferias comerciales en todo el mundo. Haz clic en un evento pr\u00f3ximo y programa una reuni\u00f3n con nuestro equipo hoy mismo.","og_url":"https:\/\/apgsolutions.com\/es\/events\/","og_site_name":"apg\u00ae Solutions","article_publisher":"https:\/\/www.facebook.com\/apgglobalsolutions","article_modified_time":"2026-02-17T05:44:15+00:00","twitter_card":"summary_large_image","twitter_site":"@apg_solutions","schema":{"@context":"https:\/\/schema.org","@graph":[{"@type":"WebPage","@id":"https:\/\/apgsolutions.com\/es\/events\/","url":"https:\/\/apgsolutions.com\/es\/events\/","name":"Eventos Globales | Soluciones apg","isPartOf":{"@id":"https:\/\/apgsolutions.com\/es\/#website"},"datePublished":"2025-10-10T07:10:32+00:00","dateModified":"2026-02-17T05:44:15+00:00","description":"Nos encantar\u00eda reunirnos contigo! apg expone y asiste a ferias comerciales en todo el mundo. Haz clic en un evento pr\u00f3ximo y programa una reuni\u00f3n con nuestro equipo hoy mismo.","inLanguage":"es","potentialAction":[{"@type":"ReadAction","target":["https:\/\/apgsolutions.com\/es\/events\/"]}]},{"@type":"WebSite","@id":"https:\/\/apgsolutions.com\/es\/#website","url":"https:\/\/apgsolutions.com\/es\/","name":"APG Solutions, LLC","description":"Trust at every point.","publisher":{"@id":"https:\/\/apgsolutions.com\/es\/#organization"},"potentialAction":[{"@type":"SearchAction","target":{"@type":"EntryPoint","urlTemplate":"https:\/\/apgsolutions.com\/es\/?s={search_term_string}"},"query-input":{"@type":"PropertyValueSpecification","valueRequired":true,"valueName":"search_term_string"}}],"inLanguage":"es"},{"@type":"Organization","@id":"https:\/\/apgsolutions.com\/es\/#organization","name":"APG Solution, LLC","url":"https:\/\/apgsolutions.com\/es\/","logo":{"@type":"ImageObject","inLanguage":"es","@id":"https:\/\/apgsolutions.com\/es\/#\/schema\/logo\/image\/","url":"https:\/\/apgsolutions.com\/wp-content\/uploads\/2023\/12\/logomark-color.svg","contentUrl":"https:\/\/apgsolutions.com\/wp-content\/uploads\/2023\/12\/logomark-color.svg","width":141,"height":138,"caption":"APG Solution, LLC"},"image":{"@id":"https:\/\/apgsolutions.com\/es\/#\/schema\/logo\/image\/"},"sameAs":["https:\/\/www.facebook.com\/apgglobalsolutions","https:\/\/x.com\/apg_solutions","https:\/\/www.youtube.com\/c\/CashManagementGlobalSolutionsbyapg","https:\/\/www.linkedin.com\/company\/apgglobalsolutions\/","https:\/\/www.instagram.com\/apgglobalsolutions\/","https:\/\/www.pinterest.com\/apgcashdrawer\/"]}]}},"acf":[],"_links":{"self":[{"href":"https:\/\/apgsolutions.com\/es\/wp-json\/wp\/v2\/pages\/94540","targetHints":{"allow":["GET"]}}],"collection":[{"href":"https:\/\/apgsolutions.com\/es\/wp-json\/wp\/v2\/pages"}],"about":[{"href":"https:\/\/apgsolutions.com\/es\/wp-json\/wp\/v2\/types\/page"}],"author":[{"embeddable":true,"href":"https:\/\/apgsolutions.com\/es\/wp-json\/wp\/v2\/users\/4"}],"replies":[{"embeddable":true,"href":"https:\/\/apgsolutions.com\/es\/wp-json\/wp\/v2\/comments?post=94540"}],"version-history":[{"count":5,"href":"https:\/\/apgsolutions.com\/es\/wp-json\/wp\/v2\/pages\/94540\/revisions"}],"predecessor-version":[{"id":104197,"href":"https:\/\/apgsolutions.com\/es\/wp-json\/wp\/v2\/pages\/94540\/revisions\/104197"}],"wp:attachment":[{"href":"https:\/\/apgsolutions.com\/es\/wp-json\/wp\/v2\/media?parent=94540"}],"curies":[{"name":"wp","href":"https:\/\/api.w.org\/{rel}","templated":true}]}}