{"id":94802,"date":"2025-10-14T04:05:06","date_gmt":"2025-10-14T04:05:06","guid":{"rendered":"https:\/\/apgsolutions.com\/cash-drawer-overview-keys-locks-description-use-white-paper-download\/"},"modified":"2026-01-27T16:23:11","modified_gmt":"2026-01-27T16:23:11","slug":"cash-drawer-overview-keys-locks-description-use-white-paper-download","status":"publish","type":"page","link":"https:\/\/apgsolutions.com\/es\/cash-drawer-overview-keys-locks-description-use-white-paper-download\/","title":{"rendered":"Visi\u00f3n general del caj\u00f3n portamonedas: Llaves y cerraduras Descripci\u00f3n y uso"},"content":{"rendered":"\n<h1 class=\"wp-block-heading has-text-align-center\" id=\"h-cash-drawer-overview-keys-and-locks-description-and-use\">Visi\u00f3n general del caj\u00f3n portamonedas: Llaves y cerraduras Descripci\u00f3n y uso<\/h1>\n\n<p>Un caj\u00f3n portamonedas proporciona un lugar temporal y razonablemente seguro para almacenar y presentar el efectivo clasificado al servicio de las transacciones minoristas. Este libro blanco destaca las opciones de llave y cerradura del caj\u00f3n portamonedas APG. <\/p>\n\n<p><a href=\"\/wp-content\/uploads\/2023\/05\/Lock-Design.pdf\">Visi\u00f3n general de la caja registradora APG &#8211; Llaves y cerraduras Descripci\u00f3n y uso<\/a><\/p>\n","protected":false},"excerpt":{"rendered":"<p>Visi\u00f3n general del caj\u00f3n portamonedas: Llaves y cerraduras Descripci\u00f3n y uso Un caj\u00f3n portamonedas proporciona un lugar temporal y razonablemente seguro para almacenar y presentar el efectivo clasificado al servicio de las transacciones minoristas. Este libro blanco destaca las opciones de llave y cerradura del caj\u00f3n portamonedas APG. Visi\u00f3n general de la caja registradora APG [&hellip;]<\/p>\n","protected":false},"author":4,"featured_media":0,"parent":0,"menu_order":0,"comment_status":"closed","ping_status":"closed","template":"","meta":{"_acf_changed":false,"content-type":"","footnotes":""},"class_list":["post-94802","page","type-page","status-publish"],"yoast_head":"<!-- This site is optimized with the Yoast SEO Premium plugin v23.5 (Yoast SEO v27.2) - https:\/\/yoast.com\/product\/yoast-seo-premium-wordpress\/ -->\n<title>Visi\u00f3n general del caj\u00f3n portamonedas: Llaves y cerraduras Descripci\u00f3n y uso<\/title>\n<meta name=\"description\" content=\"Visi\u00f3n general de las llaves y cerraduras de cajones portamonedas. Accede a recursos e informaci\u00f3n sobre el uso y mantenimiento de los equipos TPV.\" \/>\n<meta name=\"robots\" content=\"index, follow, max-snippet:-1, max-image-preview:large, max-video-preview:-1\" \/>\n<link rel=\"canonical\" href=\"https:\/\/apgsolutions.com\/es\/cash-drawer-overview-keys-locks-description-use-white-paper-download\/\" \/>\n<meta property=\"og:locale\" content=\"es_ES\" \/>\n<meta property=\"og:type\" content=\"article\" \/>\n<meta property=\"og:title\" content=\"Visi\u00f3n general del caj\u00f3n portamonedas: Llaves y cerraduras Descripci\u00f3n y uso\" \/>\n<meta property=\"og:description\" content=\"Visi\u00f3n general de las llaves y cerraduras de cajones portamonedas. Accede a recursos e informaci\u00f3n sobre el uso y mantenimiento de los equipos TPV.\" \/>\n<meta property=\"og:url\" content=\"https:\/\/apgsolutions.com\/es\/cash-drawer-overview-keys-locks-description-use-white-paper-download\/\" \/>\n<meta property=\"og:site_name\" content=\"apg\u00ae Solutions\" \/>\n<meta property=\"article:publisher\" content=\"https:\/\/www.facebook.com\/apgglobalsolutions\" \/>\n<meta property=\"article:modified_time\" content=\"2026-01-27T16:23:11+00:00\" \/>\n<meta name=\"twitter:card\" content=\"summary_large_image\" \/>\n<meta name=\"twitter:site\" content=\"@apg_solutions\" \/>\n<script type=\"application\/ld+json\" class=\"yoast-schema-graph\">{\"@context\":\"https:\/\/schema.org\",\"@graph\":[{\"@type\":\"WebPage\",\"@id\":\"https:\/\/apgsolutions.com\/es\/cash-drawer-overview-keys-locks-description-use-white-paper-download\/\",\"url\":\"https:\/\/apgsolutions.com\/es\/cash-drawer-overview-keys-locks-description-use-white-paper-download\/\",\"name\":\"Visi\u00f3n general del caj\u00f3n portamonedas: Llaves y cerraduras Descripci\u00f3n y uso\",\"isPartOf\":{\"@id\":\"https:\/\/apgsolutions.com\/es\/#website\"},\"datePublished\":\"2025-10-14T04:05:06+00:00\",\"dateModified\":\"2026-01-27T16:23:11+00:00\",\"description\":\"Visi\u00f3n general de las llaves y cerraduras de cajones portamonedas. Accede a recursos e informaci\u00f3n sobre el uso y mantenimiento de los equipos TPV.\",\"inLanguage\":\"es\",\"potentialAction\":[{\"@type\":\"ReadAction\",\"target\":[\"https:\/\/apgsolutions.com\/es\/cash-drawer-overview-keys-locks-description-use-white-paper-download\/\"]}]},{\"@type\":\"WebSite\",\"@id\":\"https:\/\/apgsolutions.com\/es\/#website\",\"url\":\"https:\/\/apgsolutions.com\/es\/\",\"name\":\"APG Solutions, LLC\",\"description\":\"Trust at every point.\",\"publisher\":{\"@id\":\"https:\/\/apgsolutions.com\/es\/#organization\"},\"potentialAction\":[{\"@type\":\"SearchAction\",\"target\":{\"@type\":\"EntryPoint\",\"urlTemplate\":\"https:\/\/apgsolutions.com\/es\/?s={search_term_string}\"},\"query-input\":{\"@type\":\"PropertyValueSpecification\",\"valueRequired\":true,\"valueName\":\"search_term_string\"}}],\"inLanguage\":\"es\"},{\"@type\":\"Organization\",\"@id\":\"https:\/\/apgsolutions.com\/es\/#organization\",\"name\":\"APG Solution, LLC\",\"url\":\"https:\/\/apgsolutions.com\/es\/\",\"logo\":{\"@type\":\"ImageObject\",\"inLanguage\":\"es\",\"@id\":\"https:\/\/apgsolutions.com\/es\/#\/schema\/logo\/image\/\",\"url\":\"https:\/\/apgsolutions.com\/wp-content\/uploads\/2023\/12\/logomark-color.svg\",\"contentUrl\":\"https:\/\/apgsolutions.com\/wp-content\/uploads\/2023\/12\/logomark-color.svg\",\"width\":141,\"height\":138,\"caption\":\"APG Solution, LLC\"},\"image\":{\"@id\":\"https:\/\/apgsolutions.com\/es\/#\/schema\/logo\/image\/\"},\"sameAs\":[\"https:\/\/www.facebook.com\/apgglobalsolutions\",\"https:\/\/x.com\/apg_solutions\",\"https:\/\/www.youtube.com\/c\/CashManagementGlobalSolutionsbyapg\",\"https:\/\/www.linkedin.com\/company\/apgglobalsolutions\/\",\"https:\/\/www.instagram.com\/apgglobalsolutions\/\",\"https:\/\/www.pinterest.com\/apgcashdrawer\/\"]}]}<\/script>\n<!-- \/ Yoast SEO Premium plugin. -->","yoast_head_json":{"title":"Visi\u00f3n general del caj\u00f3n portamonedas: Llaves y cerraduras Descripci\u00f3n y uso","description":"Visi\u00f3n general de las llaves y cerraduras de cajones portamonedas. Accede a recursos e informaci\u00f3n sobre el uso y mantenimiento de los equipos TPV.","robots":{"index":"index","follow":"follow","max-snippet":"max-snippet:-1","max-image-preview":"max-image-preview:large","max-video-preview":"max-video-preview:-1"},"canonical":"https:\/\/apgsolutions.com\/es\/cash-drawer-overview-keys-locks-description-use-white-paper-download\/","og_locale":"es_ES","og_type":"article","og_title":"Visi\u00f3n general del caj\u00f3n portamonedas: Llaves y cerraduras Descripci\u00f3n y uso","og_description":"Visi\u00f3n general de las llaves y cerraduras de cajones portamonedas. Accede a recursos e informaci\u00f3n sobre el uso y mantenimiento de los equipos TPV.","og_url":"https:\/\/apgsolutions.com\/es\/cash-drawer-overview-keys-locks-description-use-white-paper-download\/","og_site_name":"apg\u00ae Solutions","article_publisher":"https:\/\/www.facebook.com\/apgglobalsolutions","article_modified_time":"2026-01-27T16:23:11+00:00","twitter_card":"summary_large_image","twitter_site":"@apg_solutions","schema":{"@context":"https:\/\/schema.org","@graph":[{"@type":"WebPage","@id":"https:\/\/apgsolutions.com\/es\/cash-drawer-overview-keys-locks-description-use-white-paper-download\/","url":"https:\/\/apgsolutions.com\/es\/cash-drawer-overview-keys-locks-description-use-white-paper-download\/","name":"Visi\u00f3n general del caj\u00f3n portamonedas: Llaves y cerraduras Descripci\u00f3n y uso","isPartOf":{"@id":"https:\/\/apgsolutions.com\/es\/#website"},"datePublished":"2025-10-14T04:05:06+00:00","dateModified":"2026-01-27T16:23:11+00:00","description":"Visi\u00f3n general de las llaves y cerraduras de cajones portamonedas. Accede a recursos e informaci\u00f3n sobre el uso y mantenimiento de los equipos TPV.","inLanguage":"es","potentialAction":[{"@type":"ReadAction","target":["https:\/\/apgsolutions.com\/es\/cash-drawer-overview-keys-locks-description-use-white-paper-download\/"]}]},{"@type":"WebSite","@id":"https:\/\/apgsolutions.com\/es\/#website","url":"https:\/\/apgsolutions.com\/es\/","name":"APG Solutions, LLC","description":"Trust at every point.","publisher":{"@id":"https:\/\/apgsolutions.com\/es\/#organization"},"potentialAction":[{"@type":"SearchAction","target":{"@type":"EntryPoint","urlTemplate":"https:\/\/apgsolutions.com\/es\/?s={search_term_string}"},"query-input":{"@type":"PropertyValueSpecification","valueRequired":true,"valueName":"search_term_string"}}],"inLanguage":"es"},{"@type":"Organization","@id":"https:\/\/apgsolutions.com\/es\/#organization","name":"APG Solution, LLC","url":"https:\/\/apgsolutions.com\/es\/","logo":{"@type":"ImageObject","inLanguage":"es","@id":"https:\/\/apgsolutions.com\/es\/#\/schema\/logo\/image\/","url":"https:\/\/apgsolutions.com\/wp-content\/uploads\/2023\/12\/logomark-color.svg","contentUrl":"https:\/\/apgsolutions.com\/wp-content\/uploads\/2023\/12\/logomark-color.svg","width":141,"height":138,"caption":"APG Solution, LLC"},"image":{"@id":"https:\/\/apgsolutions.com\/es\/#\/schema\/logo\/image\/"},"sameAs":["https:\/\/www.facebook.com\/apgglobalsolutions","https:\/\/x.com\/apg_solutions","https:\/\/www.youtube.com\/c\/CashManagementGlobalSolutionsbyapg","https:\/\/www.linkedin.com\/company\/apgglobalsolutions\/","https:\/\/www.instagram.com\/apgglobalsolutions\/","https:\/\/www.pinterest.com\/apgcashdrawer\/"]}]}},"acf":[],"_links":{"self":[{"href":"https:\/\/apgsolutions.com\/es\/wp-json\/wp\/v2\/pages\/94802","targetHints":{"allow":["GET"]}}],"collection":[{"href":"https:\/\/apgsolutions.com\/es\/wp-json\/wp\/v2\/pages"}],"about":[{"href":"https:\/\/apgsolutions.com\/es\/wp-json\/wp\/v2\/types\/page"}],"author":[{"embeddable":true,"href":"https:\/\/apgsolutions.com\/es\/wp-json\/wp\/v2\/users\/4"}],"replies":[{"embeddable":true,"href":"https:\/\/apgsolutions.com\/es\/wp-json\/wp\/v2\/comments?post=94802"}],"version-history":[{"count":1,"href":"https:\/\/apgsolutions.com\/es\/wp-json\/wp\/v2\/pages\/94802\/revisions"}],"predecessor-version":[{"id":94803,"href":"https:\/\/apgsolutions.com\/es\/wp-json\/wp\/v2\/pages\/94802\/revisions\/94803"}],"wp:attachment":[{"href":"https:\/\/apgsolutions.com\/es\/wp-json\/wp\/v2\/media?parent=94802"}],"curies":[{"name":"wp","href":"https:\/\/api.w.org\/{rel}","templated":true}]}}