{"id":94831,"date":"2025-10-14T04:32:13","date_gmt":"2025-10-14T04:32:13","guid":{"rendered":"https:\/\/apgsolutions.com\/disposal\/"},"modified":"2026-01-22T14:41:26","modified_gmt":"2026-01-22T14:41:26","slug":"disposal","status":"publish","type":"page","link":"https:\/\/apgsolutions.com\/es\/disposal\/","title":{"rendered":"Eliminaci\u00f3n"},"content":{"rendered":"<div class=\"section_page-header \">\n    <img decoding=\"async\" class=\"header-image\" src=\"https:\/\/apgsolutions.com\/wp-content\/uploads\/2023\/04\/dark-blue-rotated.jpg\" alt=\"dark-blue\" title=\"dark-blue\">\n            <div class=\"header-content\">\n            <h1>End-of-Life Waste Treatment Program<\/h1>\n        <\/div>\n    <\/div>\n<p class=\"has-text-align-center\">Gracias por participar en el programa de tratamiento de residuos al final de su vida \u00fatil de APG Cash Drawer, LLC. Rellena y env\u00eda la siguiente informaci\u00f3n y APG revisar\u00e1 tus productos para ver si cumplen los requisitos de este programa. <\/p>\n<p><script charset=\"utf-8\" type=\"text\/javascript\" src=\"\/\/js.hsforms.net\/forms\/embed\/v2.js\"><\/script><br \/>\n<script>\n  hbspt.forms.create({\n    region: \"na1\",\n    portalId: \"3337275\",\n    formId: \"191c7b2a-817d-43ae-a246-9e827c0e6547\"\n  });\n<\/script><\/p>\n\n<h2 class=\"wp-block-heading has-text-align-center\" id=\"h-please-enter-the-following-data-so-that-we-may-activate-the-waste-treatment-process-for-you\"><strong>Introduce los siguientes datos para que podamos activar el proceso de Tratamiento de Residuos para ti.<\/strong><\/h2>\n\n<p class=\"has-text-align-left\">La etiqueta del producto (situada en la parte inferior del caj\u00f3n portamonedas) tiene este aspecto:<\/p>\n\n<figure class=\"wp-block-image size-full\"><img fetchpriority=\"high\" decoding=\"async\" width=\"300\" height=\"181\" src=\"https:\/\/apgsolutions.com\/wp-content\/uploads\/2023\/07\/prouct-label-example-300x181-1.png\" alt=\"Etiqueta del producto\" class=\"wp-image-66481\" srcset=\"https:\/\/apgsolutions.com\/wp-content\/uploads\/2023\/07\/prouct-label-example-300x181-1.png 300w, https:\/\/apgsolutions.com\/wp-content\/uploads\/2023\/07\/prouct-label-example-300x181-1-80x48.png 80w\" sizes=\"(max-width: 300px) 100vw, 300px\" \/><\/figure>\n\n<p>Si tu producto cumple los requisitos para el programa de Tratamiento de Residuos, APG te enviar\u00e1 instrucciones de env\u00edo para dirigir tus cajones portamonedas al lugar de Eliminaci\u00f3n Segura de Residuos. Gracias por activar el proceso de Eliminaci\u00f3n segura de residuos de cajones portamonedas al final de su vida \u00fatil. Despu\u00e9s de facilitar tu informaci\u00f3n en el formulario anterior, <a href=\"mailto:disposal@apgsolutions.com\">disposal@apgsolutions.com se pondr\u00e1 en contacto contigo .<\/a>  <\/p>\n\n<p>Si tienes alguna duda o pregunta, ponte en contacto con nosotros en <a href=\"mailto:disposal@apgsolutions.com\">disposal@apgsolutions.com.<\/a><\/p>\n","protected":false},"excerpt":{"rendered":"<p>Gracias por participar en el programa de tratamiento de residuos al final de su vida \u00fatil de APG Cash Drawer, LLC. Rellena y env\u00eda la siguiente informaci\u00f3n y APG revisar\u00e1 tus productos para ver si cumplen los requisitos de este programa. Introduce los siguientes datos para que podamos activar el proceso de Tratamiento de Residuos [&hellip;]<\/p>\n","protected":false},"author":4,"featured_media":0,"parent":0,"menu_order":0,"comment_status":"closed","ping_status":"closed","template":"","meta":{"_acf_changed":false,"content-type":"","footnotes":""},"class_list":["post-94831","page","type-page","status-publish"],"yoast_head":"<!-- This site is optimized with the Yoast SEO Premium plugin v23.5 (Yoast SEO v27.2) - https:\/\/yoast.com\/product\/yoast-seo-premium-wordpress\/ -->\n<title>Eliminaci\u00f3n<\/title>\n<meta name=\"robots\" content=\"index, follow, max-snippet:-1, max-image-preview:large, max-video-preview:-1\" \/>\n<link rel=\"canonical\" href=\"https:\/\/apgsolutions.com\/es\/disposal\/\" \/>\n<meta property=\"og:locale\" content=\"es_ES\" \/>\n<meta property=\"og:type\" content=\"article\" \/>\n<meta property=\"og:title\" content=\"Eliminaci\u00f3n\" \/>\n<meta property=\"og:description\" content=\"Gracias por participar en el programa de tratamiento de residuos al final de su vida \u00fatil de APG Cash Drawer, LLC. Rellena y env\u00eda la siguiente informaci\u00f3n y APG revisar\u00e1 tus productos para ver si cumplen los requisitos de este programa. Introduce los siguientes datos para que podamos activar el proceso de Tratamiento de Residuos [&hellip;]\" \/>\n<meta property=\"og:url\" content=\"https:\/\/apgsolutions.com\/es\/disposal\/\" \/>\n<meta property=\"og:site_name\" content=\"apg\u00ae Solutions\" \/>\n<meta property=\"article:publisher\" content=\"https:\/\/www.facebook.com\/apgglobalsolutions\" \/>\n<meta property=\"article:modified_time\" content=\"2026-01-22T14:41:26+00:00\" \/>\n<meta property=\"og:image\" content=\"https:\/\/apgsolutions.com\/wp-content\/uploads\/2023\/07\/prouct-label-example-300x181-1.png\" \/>\n<meta name=\"twitter:card\" content=\"summary_large_image\" \/>\n<meta name=\"twitter:site\" content=\"@apg_solutions\" \/>\n<meta name=\"twitter:label1\" content=\"Tiempo de lectura\" \/>\n\t<meta name=\"twitter:data1\" content=\"1 minuto\" \/>\n<script type=\"application\/ld+json\" class=\"yoast-schema-graph\">{\"@context\":\"https:\/\/schema.org\",\"@graph\":[{\"@type\":\"WebPage\",\"@id\":\"https:\/\/apgsolutions.com\/es\/disposal\/\",\"url\":\"https:\/\/apgsolutions.com\/es\/disposal\/\",\"name\":\"Eliminaci\u00f3n\",\"isPartOf\":{\"@id\":\"https:\/\/apgsolutions.com\/es\/#website\"},\"primaryImageOfPage\":{\"@id\":\"https:\/\/apgsolutions.com\/es\/disposal\/#primaryimage\"},\"image\":{\"@id\":\"https:\/\/apgsolutions.com\/es\/disposal\/#primaryimage\"},\"thumbnailUrl\":\"https:\/\/apgsolutions.com\/wp-content\/uploads\/2023\/07\/prouct-label-example-300x181-1.png\",\"datePublished\":\"2025-10-14T04:32:13+00:00\",\"dateModified\":\"2026-01-22T14:41:26+00:00\",\"inLanguage\":\"es\",\"potentialAction\":[{\"@type\":\"ReadAction\",\"target\":[\"https:\/\/apgsolutions.com\/es\/disposal\/\"]}]},{\"@type\":\"ImageObject\",\"inLanguage\":\"es\",\"@id\":\"https:\/\/apgsolutions.com\/es\/disposal\/#primaryimage\",\"url\":\"https:\/\/apgsolutions.com\/wp-content\/uploads\/2023\/07\/prouct-label-example-300x181-1.png\",\"contentUrl\":\"https:\/\/apgsolutions.com\/wp-content\/uploads\/2023\/07\/prouct-label-example-300x181-1.png\"},{\"@type\":\"WebSite\",\"@id\":\"https:\/\/apgsolutions.com\/es\/#website\",\"url\":\"https:\/\/apgsolutions.com\/es\/\",\"name\":\"APG Solutions, LLC\",\"description\":\"Trust at every point.\",\"publisher\":{\"@id\":\"https:\/\/apgsolutions.com\/es\/#organization\"},\"potentialAction\":[{\"@type\":\"SearchAction\",\"target\":{\"@type\":\"EntryPoint\",\"urlTemplate\":\"https:\/\/apgsolutions.com\/es\/?s={search_term_string}\"},\"query-input\":{\"@type\":\"PropertyValueSpecification\",\"valueRequired\":true,\"valueName\":\"search_term_string\"}}],\"inLanguage\":\"es\"},{\"@type\":\"Organization\",\"@id\":\"https:\/\/apgsolutions.com\/es\/#organization\",\"name\":\"APG Solution, LLC\",\"url\":\"https:\/\/apgsolutions.com\/es\/\",\"logo\":{\"@type\":\"ImageObject\",\"inLanguage\":\"es\",\"@id\":\"https:\/\/apgsolutions.com\/es\/#\/schema\/logo\/image\/\",\"url\":\"https:\/\/apgsolutions.com\/wp-content\/uploads\/2023\/12\/logomark-color.svg\",\"contentUrl\":\"https:\/\/apgsolutions.com\/wp-content\/uploads\/2023\/12\/logomark-color.svg\",\"width\":141,\"height\":138,\"caption\":\"APG Solution, LLC\"},\"image\":{\"@id\":\"https:\/\/apgsolutions.com\/es\/#\/schema\/logo\/image\/\"},\"sameAs\":[\"https:\/\/www.facebook.com\/apgglobalsolutions\",\"https:\/\/x.com\/apg_solutions\",\"https:\/\/www.youtube.com\/c\/CashManagementGlobalSolutionsbyapg\",\"https:\/\/www.linkedin.com\/company\/apgglobalsolutions\/\",\"https:\/\/www.instagram.com\/apgglobalsolutions\/\",\"https:\/\/www.pinterest.com\/apgcashdrawer\/\"]}]}<\/script>\n<!-- \/ Yoast SEO Premium plugin. -->","yoast_head_json":{"title":"Eliminaci\u00f3n","robots":{"index":"index","follow":"follow","max-snippet":"max-snippet:-1","max-image-preview":"max-image-preview:large","max-video-preview":"max-video-preview:-1"},"canonical":"https:\/\/apgsolutions.com\/es\/disposal\/","og_locale":"es_ES","og_type":"article","og_title":"Eliminaci\u00f3n","og_description":"Gracias por participar en el programa de tratamiento de residuos al final de su vida \u00fatil de APG Cash Drawer, LLC. Rellena y env\u00eda la siguiente informaci\u00f3n y APG revisar\u00e1 tus productos para ver si cumplen los requisitos de este programa. Introduce los siguientes datos para que podamos activar el proceso de Tratamiento de Residuos [&hellip;]","og_url":"https:\/\/apgsolutions.com\/es\/disposal\/","og_site_name":"apg\u00ae Solutions","article_publisher":"https:\/\/www.facebook.com\/apgglobalsolutions","article_modified_time":"2026-01-22T14:41:26+00:00","og_image":[{"url":"https:\/\/apgsolutions.com\/wp-content\/uploads\/2023\/07\/prouct-label-example-300x181-1.png","type":"","width":"","height":""}],"twitter_card":"summary_large_image","twitter_site":"@apg_solutions","twitter_misc":{"Tiempo de lectura":"1 minuto"},"schema":{"@context":"https:\/\/schema.org","@graph":[{"@type":"WebPage","@id":"https:\/\/apgsolutions.com\/es\/disposal\/","url":"https:\/\/apgsolutions.com\/es\/disposal\/","name":"Eliminaci\u00f3n","isPartOf":{"@id":"https:\/\/apgsolutions.com\/es\/#website"},"primaryImageOfPage":{"@id":"https:\/\/apgsolutions.com\/es\/disposal\/#primaryimage"},"image":{"@id":"https:\/\/apgsolutions.com\/es\/disposal\/#primaryimage"},"thumbnailUrl":"https:\/\/apgsolutions.com\/wp-content\/uploads\/2023\/07\/prouct-label-example-300x181-1.png","datePublished":"2025-10-14T04:32:13+00:00","dateModified":"2026-01-22T14:41:26+00:00","inLanguage":"es","potentialAction":[{"@type":"ReadAction","target":["https:\/\/apgsolutions.com\/es\/disposal\/"]}]},{"@type":"ImageObject","inLanguage":"es","@id":"https:\/\/apgsolutions.com\/es\/disposal\/#primaryimage","url":"https:\/\/apgsolutions.com\/wp-content\/uploads\/2023\/07\/prouct-label-example-300x181-1.png","contentUrl":"https:\/\/apgsolutions.com\/wp-content\/uploads\/2023\/07\/prouct-label-example-300x181-1.png"},{"@type":"WebSite","@id":"https:\/\/apgsolutions.com\/es\/#website","url":"https:\/\/apgsolutions.com\/es\/","name":"APG Solutions, LLC","description":"Trust at every point.","publisher":{"@id":"https:\/\/apgsolutions.com\/es\/#organization"},"potentialAction":[{"@type":"SearchAction","target":{"@type":"EntryPoint","urlTemplate":"https:\/\/apgsolutions.com\/es\/?s={search_term_string}"},"query-input":{"@type":"PropertyValueSpecification","valueRequired":true,"valueName":"search_term_string"}}],"inLanguage":"es"},{"@type":"Organization","@id":"https:\/\/apgsolutions.com\/es\/#organization","name":"APG Solution, LLC","url":"https:\/\/apgsolutions.com\/es\/","logo":{"@type":"ImageObject","inLanguage":"es","@id":"https:\/\/apgsolutions.com\/es\/#\/schema\/logo\/image\/","url":"https:\/\/apgsolutions.com\/wp-content\/uploads\/2023\/12\/logomark-color.svg","contentUrl":"https:\/\/apgsolutions.com\/wp-content\/uploads\/2023\/12\/logomark-color.svg","width":141,"height":138,"caption":"APG Solution, LLC"},"image":{"@id":"https:\/\/apgsolutions.com\/es\/#\/schema\/logo\/image\/"},"sameAs":["https:\/\/www.facebook.com\/apgglobalsolutions","https:\/\/x.com\/apg_solutions","https:\/\/www.youtube.com\/c\/CashManagementGlobalSolutionsbyapg","https:\/\/www.linkedin.com\/company\/apgglobalsolutions\/","https:\/\/www.instagram.com\/apgglobalsolutions\/","https:\/\/www.pinterest.com\/apgcashdrawer\/"]}]}},"acf":[],"_links":{"self":[{"href":"https:\/\/apgsolutions.com\/es\/wp-json\/wp\/v2\/pages\/94831","targetHints":{"allow":["GET"]}}],"collection":[{"href":"https:\/\/apgsolutions.com\/es\/wp-json\/wp\/v2\/pages"}],"about":[{"href":"https:\/\/apgsolutions.com\/es\/wp-json\/wp\/v2\/types\/page"}],"author":[{"embeddable":true,"href":"https:\/\/apgsolutions.com\/es\/wp-json\/wp\/v2\/users\/4"}],"replies":[{"embeddable":true,"href":"https:\/\/apgsolutions.com\/es\/wp-json\/wp\/v2\/comments?post=94831"}],"version-history":[{"count":2,"href":"https:\/\/apgsolutions.com\/es\/wp-json\/wp\/v2\/pages\/94831\/revisions"}],"predecessor-version":[{"id":98338,"href":"https:\/\/apgsolutions.com\/es\/wp-json\/wp\/v2\/pages\/94831\/revisions\/98338"}],"wp:attachment":[{"href":"https:\/\/apgsolutions.com\/es\/wp-json\/wp\/v2\/media?parent=94831"}],"curies":[{"name":"wp","href":"https:\/\/api.w.org\/{rel}","templated":true}]}}