{"id":94897,"date":"2025-10-14T05:39:13","date_gmt":"2025-10-14T05:39:13","guid":{"rendered":"https:\/\/apgsolutions.com\/square-cash-drawer-integration\/"},"modified":"2026-01-27T16:23:22","modified_gmt":"2026-01-27T16:23:22","slug":"square-cash-drawer-integration","status":"publish","type":"page","link":"https:\/\/apgsolutions.com\/es\/square-cash-drawer-integration\/","title":{"rendered":"Integraci\u00f3n con Square Cash Drawer"},"content":{"rendered":"<div class=\"section_page-header \">\n    <img decoding=\"async\" class=\"header-image\" src=\"https:\/\/apgsolutions.com\/wp-content\/uploads\/2023\/05\/configure-counter-7dc4881c9aa248e1c0bca54905eb9b6a-e1529684984186.jpg\" alt=\"configure-counter-7dc4881c9aa248e1c0bca54905eb9b6a-e1529684984186\" title=\"configure-counter-7dc4881c9aa248e1c0bca54905eb9b6a-e1529684984186\">\n            <div class=\"header-content\">\n            <h1>Square Cash Drawer Integration<\/h1>\n        <\/div>\n    <\/div>\n<h2 class=\"wp-block-heading has-text-align-center\" id=\"h-what-kind-of-cash-drawer-should-you-purchase-to-work-with-square\">\u00bfQu\u00e9 tipo de caj\u00f3n portamonedas debes comprar para trabajar con Square?<\/h2>\n\n<p>Square introduce m\u00e1s formas de relacionarse con los clientes. Square se integra ahora con <a href=\"https:\/\/apgsolutions.com\/es\/productos\/\">cajas registradoras<\/a> e impresoras de recibos. Con un solo toque en un iPad, puedes abrir el caj\u00f3n de tu caja registradora para completar una venta en efectivo o hacer el cambio. Lee atentamente las opciones que aparecen a continuaci\u00f3n antes de comprar un caj\u00f3n portamonedas.   <\/p>\n<div class=\"wp-block-image\">\n<figure class=\"aligncenter size-full\"><img decoding=\"async\" width=\"300\" height=\"75\" src=\"https:\/\/apgsolutions.com\/wp-content\/uploads\/2023\/05\/Square_Inc._logo.svg-300x75-1.png\" alt=\"Logotipo cuadrado\" class=\"wp-image-3325\"\/><\/figure>\n<\/div>\n<div class=\"wp-block-columns is-layout-flex wp-container-core-columns-is-layout-9d6595d7 wp-block-columns-is-layout-flex\">\n<div class=\"wp-block-column is-layout-flow wp-block-column-is-layout-flow\" style=\"flex-basis:33.33%\">\n<figure class=\"wp-block-image size-full\"><img decoding=\"async\" width=\"150\" height=\"150\" src=\"https:\/\/apgsolutions.com\/wp-content\/uploads\/2023\/05\/square-stand-150x150-1.png\" alt=\"Kit de registro cuadrado\" class=\"wp-image-3332\" srcset=\"https:\/\/apgsolutions.com\/wp-content\/uploads\/2023\/05\/square-stand-150x150-1.png 150w, https:\/\/apgsolutions.com\/wp-content\/uploads\/2023\/05\/square-stand-150x150-1-100x100.png 100w\" sizes=\"(max-width: 150px) 100vw, 150px\" \/><\/figure>\n<\/div>\n\n\n\n<div class=\"wp-block-column is-layout-flow wp-block-column-is-layout-flow\" style=\"flex-basis:66.66%\">\n<p><strong>Opci\u00f3n 1<\/strong><\/p>\n\n\n\n<p>Si utilizas el Kit de caja registradora Square y conectas el caj\u00f3n portamonedas al puerto USB, compra <a href=\"https:\/\/apgsolutions.com\/es\/configurator\/?product_family=Genesis%2C\/VB554A-BL1616\">el<\/a> <a href=\"https:\/\/apgsolutions.com\/es\/configurator\/?product_family=Genesis%2C\/VB554A-AW1616\">VB554A-BL1616 o nuestra opci\u00f3n totalmente blanca VB554A-AW1616<\/a>. NOTA: Si compras una impresora de recibos con interfaz USB para conectarla al soporte Square, la VB320-BL1616 no funcionar\u00e1.<\/p>\n<\/div>\n<\/div>\n\n<div class=\"wp-block-columns is-layout-flex wp-container-core-columns-is-layout-9d6595d7 wp-block-columns-is-layout-flex\">\n<div class=\"wp-block-column is-layout-flow wp-block-column-is-layout-flow\" style=\"flex-basis:33.33%\">\n<figure class=\"wp-block-image size-full\"><img decoding=\"async\" width=\"150\" height=\"150\" src=\"https:\/\/apgsolutions.com\/wp-content\/uploads\/2023\/05\/square-stand-150x150-1.jpg\" alt=\"Kits cuadrados con impresora\" class=\"wp-image-3339\" srcset=\"https:\/\/apgsolutions.com\/wp-content\/uploads\/2023\/05\/square-stand-150x150-1.jpg 150w, https:\/\/apgsolutions.com\/wp-content\/uploads\/2023\/05\/square-stand-150x150-1-100x100.jpg 100w\" sizes=\"(max-width: 150px) 100vw, 150px\" \/><\/figure>\n<\/div>\n\n\n\n<div class=\"wp-block-column is-layout-flow wp-block-column-is-layout-flow\">\n<p><strong>Opci\u00f3n 2<\/strong><\/p>\n\n\n\n<p>Si utilizas cualquier otro Kit Square con impresora, la \u00fanica forma de conectar el caj\u00f3n portamonedas de APG es a trav\u00e9s del puerto del caj\u00f3n portamonedas de la impresora de recibos. Compra <a href=\"https:\/\/apgsolutions.com\/es\/configurator\/?product_family=Genesis%2C\/VB320-BL1616\">el VB320-BL1616<\/a> o la opci\u00f3n totalmente blanca <a href=\"https:\/\/apgsolutions.com\/es\/configurator\/?product_family=Genesis%2C\/VB320-AW1616\">VB320-AW1616<\/a> y el <a href=\"https:\/\/apgsolutions.com\/es\/store\/cd-101a-printer-cable\/\">cable CD-101A<\/a>. <\/p>\n<\/div>\n<\/div>\n\n<p>Para otras opciones de cajones portamonedas, consulta: <a href=\"\/wp-content\/uploads\/2023\/05\/M-43-518-Arlo-Cash-Drawer-for-Square.pdf\">Folleto de opciones de cajones portamonedas cuadrados<\/a><\/p>\n\n<h2 class=\"wp-block-heading has-text-align-center\" id=\"h-what-accessories-work-with-your-apg-cash-drawer\">\u00bfQu\u00e9 accesorios funcionan con tu caj\u00f3n portamonedas APG?<\/h2>\n\n<p>Lee atentamente las opciones siguientes antes de comprar cualquier accesorio. No podemos aceptar pedidos de piezas y accesorios por tel\u00e9fono. <\/p>\n\n<p><strong>A continuaci\u00f3n se enumeran los accesorios para cajones portamonedas que funcionan con un caj\u00f3n portamonedas Vasario\u2122 1616 (el n\u00famero de pieza empieza por VBXXX-XX1616, como se indica m\u00e1s arriba o en el folleto de Square)<\/strong>. Muchos de estos accesorios se ofrecen en la Tienda Online de APG, pero si no es as\u00ed, ponte en contacto con tu distribuidor local. <\/p>\n\n<p>Para comprobar la identificaci\u00f3n de la pieza de tu caj\u00f3n: en la parte inferior de toda la unidad, mira la etiqueta plateada. <a href=\"https:\/\/www.youtube.com\/watch?v=tDuEuduMgwo\" target=\"_blank\" rel=\"noreferrer noopener\">Mira este v\u00eddeo<\/a>.<\/p>\n\n<h3 class=\"wp-block-heading\">Llaves + Cerraduras<\/h3>\n\n<p>Encuentra tus <a href=\"https:\/\/apgsolutions.com\/es\/llaves-y-cerraduras\/\">llaves y cerraduras<\/a> de repuesto<\/p>\n\n<h3 class=\"wp-block-heading\">Soportes de montaje bajo encimera<\/h3>\n\n<p><a href=\"https:\/\/apgsolutions.com\/es\/store\/vpk-27b-16-bx\/\">VPK-27B-16-BX<\/a><\/p>\n\n<h3 class=\"wp-block-heading\">Tapas de cierre<\/h3>\n\n<p>VPK-14B-3-BX (Ponte en contacto con tu distribuidor local)<br\/><a href=\"https:\/\/apgsolutions.com\/es\/store\/vpk-14b-6-bx\/\">VPK-14B-6-BX<\/a><\/p>\n\n<h3 class=\"wp-block-heading\">Hojas<\/h3>\n\n<p><a href=\"https:\/\/apgsolutions.com\/es\/store\/vpk-15b-2a-bx\/\">VPK-15B-2A-BX<\/a><br\/>VPK-15B-8-BX (Ponte en contacto con tu distribuidor local)<\/p>\n\n<h3 class=\"wp-block-heading\">Cables<\/h3>\n\n<p><a href=\"https:\/\/apgsolutions.com\/es\/store\/cd-101a-printer-cable\/\">CD-101A<\/a><br\/><\/p>\n","protected":false},"excerpt":{"rendered":"<p>\u00bfQu\u00e9 tipo de caj\u00f3n portamonedas debes comprar para trabajar con Square? Square introduce m\u00e1s formas de relacionarse con los clientes. Square se integra ahora con cajas registradoras e impresoras de recibos. Con un solo toque en un iPad, puedes abrir el caj\u00f3n de tu caja registradora para completar una venta en efectivo o hacer el [&hellip;]<\/p>\n","protected":false},"author":4,"featured_media":0,"parent":0,"menu_order":0,"comment_status":"closed","ping_status":"closed","template":"","meta":{"_acf_changed":false,"content-type":"","footnotes":""},"class_list":["post-94897","page","type-page","status-publish"],"yoast_head":"<!-- This site is optimized with the Yoast SEO Premium plugin v23.5 (Yoast SEO v27.2) - https:\/\/yoast.com\/product\/yoast-seo-premium-wordpress\/ -->\n<title>Integraci\u00f3n con Square Cash Drawer - Conecta una caja registradora a Square POS<\/title>\n<meta name=\"description\" content=\"\u00bfQu\u00e9 tipo de caj\u00f3n portamonedas debes comprar para trabajar con Square? Lee atentamente las opciones antes de comprar un caj\u00f3n portamonedas.\" \/>\n<meta name=\"robots\" content=\"index, follow, max-snippet:-1, max-image-preview:large, max-video-preview:-1\" \/>\n<link rel=\"canonical\" href=\"https:\/\/apgsolutions.com\/es\/square-cash-drawer-integration\/\" \/>\n<meta property=\"og:locale\" content=\"es_ES\" \/>\n<meta property=\"og:type\" content=\"article\" \/>\n<meta property=\"og:title\" content=\"Integraci\u00f3n con Square Cash Drawer - Conecta una caja registradora a Square POS\" \/>\n<meta property=\"og:description\" content=\"\u00bfQu\u00e9 tipo de caj\u00f3n portamonedas debes comprar para trabajar con Square? Lee atentamente las opciones antes de comprar un caj\u00f3n portamonedas.\" \/>\n<meta property=\"og:url\" content=\"https:\/\/apgsolutions.com\/es\/square-cash-drawer-integration\/\" \/>\n<meta property=\"og:site_name\" content=\"apg\u00ae Solutions\" \/>\n<meta property=\"article:publisher\" content=\"https:\/\/www.facebook.com\/apgglobalsolutions\" \/>\n<meta property=\"article:modified_time\" content=\"2026-01-27T16:23:22+00:00\" \/>\n<meta property=\"og:image\" content=\"https:\/\/apgsolutions.com\/wp-content\/uploads\/2023\/05\/Square_Inc._logo.svg-300x75-1.png\" \/>\n<meta name=\"twitter:card\" content=\"summary_large_image\" \/>\n<meta name=\"twitter:site\" content=\"@apg_solutions\" \/>\n<meta name=\"twitter:label1\" content=\"Tiempo de lectura\" \/>\n\t<meta name=\"twitter:data1\" content=\"2 minutos\" \/>\n<script type=\"application\/ld+json\" class=\"yoast-schema-graph\">{\"@context\":\"https:\/\/schema.org\",\"@graph\":[{\"@type\":\"WebPage\",\"@id\":\"https:\/\/apgsolutions.com\/es\/square-cash-drawer-integration\/\",\"url\":\"https:\/\/apgsolutions.com\/es\/square-cash-drawer-integration\/\",\"name\":\"Integraci\u00f3n con Square Cash Drawer - Conecta una caja registradora a Square POS\",\"isPartOf\":{\"@id\":\"https:\/\/apgsolutions.com\/es\/#website\"},\"primaryImageOfPage\":{\"@id\":\"https:\/\/apgsolutions.com\/es\/square-cash-drawer-integration\/#primaryimage\"},\"image\":{\"@id\":\"https:\/\/apgsolutions.com\/es\/square-cash-drawer-integration\/#primaryimage\"},\"thumbnailUrl\":\"https:\/\/apgsolutions.com\/wp-content\/uploads\/2023\/05\/Square_Inc._logo.svg-300x75-1.png\",\"datePublished\":\"2025-10-14T05:39:13+00:00\",\"dateModified\":\"2026-01-27T16:23:22+00:00\",\"description\":\"\u00bfQu\u00e9 tipo de caj\u00f3n portamonedas debes comprar para trabajar con Square? Lee atentamente las opciones antes de comprar un caj\u00f3n portamonedas.\",\"inLanguage\":\"es\",\"potentialAction\":[{\"@type\":\"ReadAction\",\"target\":[\"https:\/\/apgsolutions.com\/es\/square-cash-drawer-integration\/\"]}]},{\"@type\":\"ImageObject\",\"inLanguage\":\"es\",\"@id\":\"https:\/\/apgsolutions.com\/es\/square-cash-drawer-integration\/#primaryimage\",\"url\":\"https:\/\/apgsolutions.com\/wp-content\/uploads\/2023\/05\/Square_Inc._logo.svg-300x75-1.png\",\"contentUrl\":\"https:\/\/apgsolutions.com\/wp-content\/uploads\/2023\/05\/Square_Inc._logo.svg-300x75-1.png\"},{\"@type\":\"WebSite\",\"@id\":\"https:\/\/apgsolutions.com\/es\/#website\",\"url\":\"https:\/\/apgsolutions.com\/es\/\",\"name\":\"APG Solutions, LLC\",\"description\":\"Trust at every point.\",\"publisher\":{\"@id\":\"https:\/\/apgsolutions.com\/es\/#organization\"},\"potentialAction\":[{\"@type\":\"SearchAction\",\"target\":{\"@type\":\"EntryPoint\",\"urlTemplate\":\"https:\/\/apgsolutions.com\/es\/?s={search_term_string}\"},\"query-input\":{\"@type\":\"PropertyValueSpecification\",\"valueRequired\":true,\"valueName\":\"search_term_string\"}}],\"inLanguage\":\"es\"},{\"@type\":\"Organization\",\"@id\":\"https:\/\/apgsolutions.com\/es\/#organization\",\"name\":\"APG Solution, LLC\",\"url\":\"https:\/\/apgsolutions.com\/es\/\",\"logo\":{\"@type\":\"ImageObject\",\"inLanguage\":\"es\",\"@id\":\"https:\/\/apgsolutions.com\/es\/#\/schema\/logo\/image\/\",\"url\":\"https:\/\/apgsolutions.com\/wp-content\/uploads\/2023\/12\/logomark-color.svg\",\"contentUrl\":\"https:\/\/apgsolutions.com\/wp-content\/uploads\/2023\/12\/logomark-color.svg\",\"width\":141,\"height\":138,\"caption\":\"APG Solution, LLC\"},\"image\":{\"@id\":\"https:\/\/apgsolutions.com\/es\/#\/schema\/logo\/image\/\"},\"sameAs\":[\"https:\/\/www.facebook.com\/apgglobalsolutions\",\"https:\/\/x.com\/apg_solutions\",\"https:\/\/www.youtube.com\/c\/CashManagementGlobalSolutionsbyapg\",\"https:\/\/www.linkedin.com\/company\/apgglobalsolutions\/\",\"https:\/\/www.instagram.com\/apgglobalsolutions\/\",\"https:\/\/www.pinterest.com\/apgcashdrawer\/\"]}]}<\/script>\n<!-- \/ Yoast SEO Premium plugin. -->","yoast_head_json":{"title":"Integraci\u00f3n con Square Cash Drawer - Conecta una caja registradora a Square POS","description":"\u00bfQu\u00e9 tipo de caj\u00f3n portamonedas debes comprar para trabajar con Square? Lee atentamente las opciones antes de comprar un caj\u00f3n portamonedas.","robots":{"index":"index","follow":"follow","max-snippet":"max-snippet:-1","max-image-preview":"max-image-preview:large","max-video-preview":"max-video-preview:-1"},"canonical":"https:\/\/apgsolutions.com\/es\/square-cash-drawer-integration\/","og_locale":"es_ES","og_type":"article","og_title":"Integraci\u00f3n con Square Cash Drawer - Conecta una caja registradora a Square POS","og_description":"\u00bfQu\u00e9 tipo de caj\u00f3n portamonedas debes comprar para trabajar con Square? Lee atentamente las opciones antes de comprar un caj\u00f3n portamonedas.","og_url":"https:\/\/apgsolutions.com\/es\/square-cash-drawer-integration\/","og_site_name":"apg\u00ae Solutions","article_publisher":"https:\/\/www.facebook.com\/apgglobalsolutions","article_modified_time":"2026-01-27T16:23:22+00:00","og_image":[{"url":"https:\/\/apgsolutions.com\/wp-content\/uploads\/2023\/05\/Square_Inc._logo.svg-300x75-1.png","type":"","width":"","height":""}],"twitter_card":"summary_large_image","twitter_site":"@apg_solutions","twitter_misc":{"Tiempo de lectura":"2 minutos"},"schema":{"@context":"https:\/\/schema.org","@graph":[{"@type":"WebPage","@id":"https:\/\/apgsolutions.com\/es\/square-cash-drawer-integration\/","url":"https:\/\/apgsolutions.com\/es\/square-cash-drawer-integration\/","name":"Integraci\u00f3n con Square Cash Drawer - Conecta una caja registradora a Square POS","isPartOf":{"@id":"https:\/\/apgsolutions.com\/es\/#website"},"primaryImageOfPage":{"@id":"https:\/\/apgsolutions.com\/es\/square-cash-drawer-integration\/#primaryimage"},"image":{"@id":"https:\/\/apgsolutions.com\/es\/square-cash-drawer-integration\/#primaryimage"},"thumbnailUrl":"https:\/\/apgsolutions.com\/wp-content\/uploads\/2023\/05\/Square_Inc._logo.svg-300x75-1.png","datePublished":"2025-10-14T05:39:13+00:00","dateModified":"2026-01-27T16:23:22+00:00","description":"\u00bfQu\u00e9 tipo de caj\u00f3n portamonedas debes comprar para trabajar con Square? Lee atentamente las opciones antes de comprar un caj\u00f3n portamonedas.","inLanguage":"es","potentialAction":[{"@type":"ReadAction","target":["https:\/\/apgsolutions.com\/es\/square-cash-drawer-integration\/"]}]},{"@type":"ImageObject","inLanguage":"es","@id":"https:\/\/apgsolutions.com\/es\/square-cash-drawer-integration\/#primaryimage","url":"https:\/\/apgsolutions.com\/wp-content\/uploads\/2023\/05\/Square_Inc._logo.svg-300x75-1.png","contentUrl":"https:\/\/apgsolutions.com\/wp-content\/uploads\/2023\/05\/Square_Inc._logo.svg-300x75-1.png"},{"@type":"WebSite","@id":"https:\/\/apgsolutions.com\/es\/#website","url":"https:\/\/apgsolutions.com\/es\/","name":"APG Solutions, LLC","description":"Trust at every point.","publisher":{"@id":"https:\/\/apgsolutions.com\/es\/#organization"},"potentialAction":[{"@type":"SearchAction","target":{"@type":"EntryPoint","urlTemplate":"https:\/\/apgsolutions.com\/es\/?s={search_term_string}"},"query-input":{"@type":"PropertyValueSpecification","valueRequired":true,"valueName":"search_term_string"}}],"inLanguage":"es"},{"@type":"Organization","@id":"https:\/\/apgsolutions.com\/es\/#organization","name":"APG Solution, LLC","url":"https:\/\/apgsolutions.com\/es\/","logo":{"@type":"ImageObject","inLanguage":"es","@id":"https:\/\/apgsolutions.com\/es\/#\/schema\/logo\/image\/","url":"https:\/\/apgsolutions.com\/wp-content\/uploads\/2023\/12\/logomark-color.svg","contentUrl":"https:\/\/apgsolutions.com\/wp-content\/uploads\/2023\/12\/logomark-color.svg","width":141,"height":138,"caption":"APG Solution, LLC"},"image":{"@id":"https:\/\/apgsolutions.com\/es\/#\/schema\/logo\/image\/"},"sameAs":["https:\/\/www.facebook.com\/apgglobalsolutions","https:\/\/x.com\/apg_solutions","https:\/\/www.youtube.com\/c\/CashManagementGlobalSolutionsbyapg","https:\/\/www.linkedin.com\/company\/apgglobalsolutions\/","https:\/\/www.instagram.com\/apgglobalsolutions\/","https:\/\/www.pinterest.com\/apgcashdrawer\/"]}]}},"acf":[],"_links":{"self":[{"href":"https:\/\/apgsolutions.com\/es\/wp-json\/wp\/v2\/pages\/94897","targetHints":{"allow":["GET"]}}],"collection":[{"href":"https:\/\/apgsolutions.com\/es\/wp-json\/wp\/v2\/pages"}],"about":[{"href":"https:\/\/apgsolutions.com\/es\/wp-json\/wp\/v2\/types\/page"}],"author":[{"embeddable":true,"href":"https:\/\/apgsolutions.com\/es\/wp-json\/wp\/v2\/users\/4"}],"replies":[{"embeddable":true,"href":"https:\/\/apgsolutions.com\/es\/wp-json\/wp\/v2\/comments?post=94897"}],"version-history":[{"count":4,"href":"https:\/\/apgsolutions.com\/es\/wp-json\/wp\/v2\/pages\/94897\/revisions"}],"predecessor-version":[{"id":103553,"href":"https:\/\/apgsolutions.com\/es\/wp-json\/wp\/v2\/pages\/94897\/revisions\/103553"}],"wp:attachment":[{"href":"https:\/\/apgsolutions.com\/es\/wp-json\/wp\/v2\/media?parent=94897"}],"curies":[{"name":"wp","href":"https:\/\/api.w.org\/{rel}","templated":true}]}}