{"id":94930,"date":"2025-10-14T05:48:34","date_gmt":"2025-10-14T05:48:34","guid":{"rendered":"https:\/\/apgsolutions.com\/soporte\/faq\/cables\/"},"modified":"2026-01-27T16:23:23","modified_gmt":"2026-01-27T16:23:23","slug":"cables","status":"publish","type":"page","link":"https:\/\/apgsolutions.com\/es\/soporte\/faq\/cables\/","title":{"rendered":"Cables"},"content":{"rendered":"<div class=\"section_page-header \">\n    <img decoding=\"async\" class=\"header-image\" src=\"https:\/\/apgsolutions.com\/wp-content\/uploads\/2023\/04\/business-cards.jpg\" alt=\"business-cards\" title=\"business-cards\">\n            <div class=\"header-content\">\n            <h1>Cables<\/h1>\n        <\/div>\n    <\/div>\n<h2 class=\"wp-block-heading has-text-align-center has-x-large-font-size\" id=\"h-cash-drawer-cables-faqs\">Preguntas frecuentes sobre los cables de las cajas registradoras<\/h2>\n\n<p>M\u00e1s informaci\u00f3n sobre tus necesidades de conexi\u00f3n por cable para cajones portamonedas. APG ofrece cables para conectar una impresora TPV, un puerto USB, una interfaz perif\u00e9rica y mucho m\u00e1s. Despl\u00e1zate m\u00e1s abajo para consultar nuestras preguntas frecuentes sobre cables. Si necesitas m\u00e1s ayuda de soporte t\u00e9cnico, rellena el formulario al final de esta p\u00e1gina o ponte en contacto con nosotros en nuestra <a href=\"https:\/\/apgsolutions.com\/es\/soporte\/\">p\u00e1gina de Soporte<\/a>.   <\/p>\n\n<div class=\"wp-block-columns is-layout-flex wp-container-core-columns-is-layout-9d6595d7 wp-block-columns-is-layout-flex\">\n<div class=\"wp-block-column tile has-link selected is-layout-flow wp-block-column-is-layout-flow\" style=\"flex-basis:20%\"><div class=\"wp-block-image\">\n<figure class=\"aligncenter size-full is-resized\"><img decoding=\"async\" width=\"100\" height=\"100\" src=\"https:\/\/apgsolutions.com\/wp-content\/uploads\/2023\/06\/USB-Interface-Icon_white-1.png\" alt=\"USB-Interface-Icon\" class=\"wp-image-65801\" style=\"width:60px;height:60px\" srcset=\"https:\/\/apgsolutions.com\/wp-content\/uploads\/2023\/06\/USB-Interface-Icon_white-1.png 100w, https:\/\/apgsolutions.com\/wp-content\/uploads\/2023\/06\/USB-Interface-Icon_white-1-80x80.png 80w, https:\/\/apgsolutions.com\/wp-content\/uploads\/2023\/06\/USB-Interface-Icon_white-1-95x95.png 95w\" sizes=\"(max-width: 100px) 100vw, 100px\" \/><\/figure>\n<\/div>\n\n\n<h3 class=\"wp-block-heading has-text-align-center\" id=\"h-cables\" style=\"font-size:1.125rem\">Cables<\/h3>\n\n\n\n<p class=\"has-text-align-center\">Revisa nuestras preguntas frecuentes relacionadas con las ofertas de cajones portamonedas con impresora de APG<\/p>\n\n\n\n<p class=\"has-text-align-center cover-link\"><a href=\"https:\/\/apgsolutions.com\/es\/soporte\/faq\/cables\/\">Link<\/a><\/p>\n<\/div>\n\n\n\n<div class=\"wp-block-column tile has-link is-layout-flow wp-block-column-is-layout-flow\" style=\"flex-basis:20%\"><div class=\"wp-block-image\">\n<figure class=\"aligncenter size-full\"><img decoding=\"async\" width=\"63\" height=\"60\" src=\"https:\/\/apgsolutions.com\/wp-content\/uploads\/2023\/06\/Archive_white.png\" alt=\"Archive Icon\" class=\"wp-image-65817\" srcset=\"https:\/\/apgsolutions.com\/wp-content\/uploads\/2023\/06\/Archive_white.png 63w, https:\/\/apgsolutions.com\/wp-content\/uploads\/2023\/06\/Archive_white-61x58.png 61w\" sizes=\"(max-width: 63px) 100vw, 63px\" \/><\/figure>\n<\/div>\n\n\n<h3 class=\"wp-block-heading has-text-align-center\" id=\"h-interface-drivers\" style=\"font-size:1.125rem\">Interfaz + Controladores<\/h3>\n\n\n\n<p class=\"has-text-align-center\">Haz clic aqu\u00ed para ver las preguntas relacionadas con las interfaces y los controladores<\/p>\n\n\n\n<p class=\"has-text-align-center cover-link\"><a href=\"https:\/\/apgsolutions.com\/es\/soporte\/faq\/interfaz-drivers\/\">Link<\/a><\/p>\n<\/div>\n\n\n\n<div class=\"wp-block-column tile has-link is-layout-flow wp-block-column-is-layout-flow\" style=\"flex-basis:20%\"><div class=\"wp-block-image\">\n<figure class=\"aligncenter size-full is-resized\"><img decoding=\"async\" width=\"68\" height=\"67\" src=\"https:\/\/apgsolutions.com\/wp-content\/uploads\/2023\/06\/KeysandLocks.png\" alt=\"Keys and Locks Icon\" class=\"wp-image-65822\" style=\"width:61px;height:60px\"\/><\/figure>\n<\/div>\n\n\n<h3 class=\"wp-block-heading has-text-align-center\" id=\"h-keys-and-locks\" style=\"font-size:1.125rem\">Llaves y cerraduras<\/h3>\n\n\n\n<p class=\"has-text-align-center\">Haz clic aqu\u00ed para ver las preguntas relacionadas con las llaves y cerraduras de cajones portamonedas<\/p>\n\n\n\n<p class=\"has-text-align-center cover-link\"><a href=\"https:\/\/apgsolutions.com\/es\/soporte\/faq\/llaves-y-cerraduras\/\">Link<\/a><\/p>\n<\/div>\n\n\n\n<div class=\"wp-block-column tile has-link is-layout-flow wp-block-column-is-layout-flow\" style=\"flex-basis:20%\"><div class=\"wp-block-image\">\n<figure class=\"aligncenter size-full is-resized\"><img loading=\"lazy\" decoding=\"async\" width=\"65\" height=\"65\" src=\"https:\/\/apgsolutions.com\/wp-content\/uploads\/2023\/06\/Operations_White.png\" alt=\"Operations Icon\" class=\"wp-image-65827\" style=\"width:60px;height:60px\"\/><\/figure>\n<\/div>\n\n\n<h3 class=\"wp-block-heading has-text-align-center\" id=\"h-operating-maintenance\" style=\"font-size:1.125rem\">Funcionamiento + Mantenimiento<\/h3>\n\n\n\n<p class=\"has-text-align-center\">Haz clic aqu\u00ed para ver las preguntas m\u00e1s frecuentes relacionadas con el mantenimiento del caj\u00f3n portamonedas y los recursos operativos<\/p>\n\n\n\n<p class=\"has-text-align-center cover-link\"><a href=\"https:\/\/apgsolutions.com\/es\/soporte\/faq\/mechanical-es\/\">Link<\/a><\/p>\n<\/div>\n\n\n\n<div class=\"wp-block-column tile has-link is-layout-flow wp-block-column-is-layout-flow\" style=\"flex-basis:20%\"><div class=\"wp-block-image\">\n<figure class=\"aligncenter size-full is-resized\"><img loading=\"lazy\" decoding=\"async\" width=\"65\" height=\"61\" src=\"https:\/\/apgsolutions.com\/wp-content\/uploads\/2023\/06\/repair-tools_white.png\" alt=\"repair tool icon\" class=\"wp-image-65832\" style=\"width:64px;height:60px\" srcset=\"https:\/\/apgsolutions.com\/wp-content\/uploads\/2023\/06\/repair-tools_white.png 65w, https:\/\/apgsolutions.com\/wp-content\/uploads\/2023\/06\/repair-tools_white-61x58.png 61w\" sizes=\"(max-width: 65px) 100vw, 65px\" \/><\/figure>\n<\/div>\n\n\n<h3 class=\"wp-block-heading has-text-align-center\" id=\"h-warranty-repairs\" style=\"font-size:1.125rem\">Garant\u00eda + Reparaciones<\/h3>\n\n\n\n<p class=\"has-text-align-center\">Haz clic aqu\u00ed para ver las preguntas relacionadas con las reparaciones<\/p>\n\n\n\n<p class=\"has-text-align-center cover-link\"><a href=\"https:\/\/apgsolutions.com\/es\/soporte\/faq\/repairs-es\/\">Link<\/a><\/p>\n<\/div>\n<\/div>\n\n<h2 class=\"wp-block-heading has-text-align-center\" id=\"h-what-cable-do-i-need-i-have-no-cable\">\u00bfQu\u00e9 cable necesito? No tengo cable. <\/h2>\n\n<p>El n\u00famero de pieza del cable del caj\u00f3n portamonedas MutliPRO\u00ae 320\/420\/520 depende de la impresora\/terminal a la que se conecte. Consulta nuestra <a href=\"https:\/\/apgsolutions.com\/wp-content\/uploads\/2023\/06\/M-43-031_revAT-PDF.pdf\" target=\"_blank\" rel=\"noreferrer noopener\">Gu\u00eda de conectividad<\/a> para comprar el cable correcto. Los cables se pueden comprar en los distribuidores de TPV o en nuestra <a href=\"\/store\/\">tienda online<\/a>. Ten en cuenta las siguientes actualizaciones de cables: &#8211; Los cables CD-005A y CD-014A han sido sustituidos por el <a href=\"https:\/\/apgsolutions.com\/es\/store\/cd-101a-printer-cable\/\">cable CD-101A<\/a> &#8211; Los cables CD-005B y CD-014B han sido sustituidos por el <a href=\"https:\/\/apgsolutions.com\/es\/store\/cd-101b\/\">cable CD-101B<\/a> &#8211; El cable CD-001A ha sido sustituido por el <a href=\"https:\/\/apgsolutions.com\/es\/store\/cd-102a\/\">cable CD-102A<\/a> &#8211; El cable CD-001B ha sido sustituido por el <a href=\"https:\/\/apgsolutions.com\/es\/store\/cd-102b\/\">cable CD-102B<\/a> &#8211; Los cables CD-005A10 y CD-014A10 han sido sustituidos por el <a href=\"https:\/\/apgsolutions.com\/es\/store\/cd-101a-10\/\">cable CD-101A-10<\/a>   <\/p>\n\n<figure class=\"wp-block-image size-full\"><img loading=\"lazy\" decoding=\"async\" width=\"300\" height=\"300\" src=\"https:\/\/apgsolutions.com\/wp-content\/uploads\/2023\/06\/cable-comparison-3-300x300-1.jpg\" alt=\"cable comparison\" class=\"wp-image-65847\" srcset=\"https:\/\/apgsolutions.com\/wp-content\/uploads\/2023\/06\/cable-comparison-3-300x300-1.jpg 300w, https:\/\/apgsolutions.com\/wp-content\/uploads\/2023\/06\/cable-comparison-3-300x300-1-150x150.jpg 150w, https:\/\/apgsolutions.com\/wp-content\/uploads\/2023\/06\/cable-comparison-3-300x300-1-80x80.jpg 80w, https:\/\/apgsolutions.com\/wp-content\/uploads\/2023\/06\/cable-comparison-3-300x300-1-160x160.jpg 160w, https:\/\/apgsolutions.com\/wp-content\/uploads\/2023\/06\/cable-comparison-3-300x300-1-95x95.jpg 95w, https:\/\/apgsolutions.com\/wp-content\/uploads\/2023\/06\/cable-comparison-3-300x300-1-100x100.jpg 100w\" sizes=\"(max-width: 300px) 100vw, 300px\" \/><\/figure>\n\n<p>Un cable apg utiliza un alambre robusto de mayor calibre, con nuestro nombre en una etiqueta blanca. El cable falsificado utiliza un alambre de calibre m\u00e1s fino que se rompe f\u00e1cilmente, con una etiqueta plateada larga o sin etiqueta. Por favor, toma las decisiones de compra correctas para evitar complicaciones posteriores y fallos de funcionamiento. Los cables apg se pueden comprar en nuestra <a href=\"\/store\/\">tienda online<\/a>.   <\/p>\n\n<h2 class=\"wp-block-heading has-text-align-center\" id=\"h-what-cables-are-required-for-my-cash-drawer\">\u00bfQu\u00e9 cables necesita mi caj\u00f3n portamonedas?<\/h2>\n\n<p>Dependiendo del caj\u00f3n portamonedas que hayas comprado y de c\u00f3mo quieras configurar tu sistema TPV, se determinar\u00e1 el cableado necesario. Puede que necesites un divisor de cables, una conexi\u00f3n en cadena o varios cables para configuraciones de varios cajones. Consulta nuestra <a href=\"https:\/\/apgsolutions.com\/wp-content\/uploads\/2023\/06\/M-43-031_revAT-PDF.pdf\" target=\"_blank\" rel=\"noreferrer noopener\">Gu\u00eda de conectividad de TPV<\/a> para saber m\u00e1s sobre qu\u00e9 tipo de cable necesitas para configurar tu caj\u00f3n portamonedas.  <\/p>\n\n<h2 class=\"wp-block-heading has-text-align-center\" id=\"h-why-is-there-no-cable-included-with-my-multipro-320-cash-drawer\">\u00bfPor qu\u00e9 no se incluye ning\u00fan cable con mi MultiPRO\u00ae 320\/caj\u00f3n portamonedas?<\/h2>\n\n<p>Los cables MultiPRO\u00ae se venden por separado. El cable correcto depende de la marca y el modelo de tu impresora de recibos. Disponemos de varios cables confeccionados. Consulta la <a href=\"https:\/\/apgsolutions.com\/wp-content\/uploads\/2023\/06\/M-43-031_revAT-PDF.pdf\" target=\"_blank\" rel=\"noreferrer noopener\">Gu\u00eda de conectividad<\/a> y <a href=\"https:\/\/apgsolutions.com\/es\/connecting-cash-drawer-printer\/\">c\u00f3mo conectar una caja registradora a una impresora<\/a>.<\/p>\n\n<h2 class=\"wp-block-heading has-text-align-center\" id=\"h-how-to-connect-a-cash-drawer-to-a-pos-receipt-printer\">C\u00f3mo conectar una caja registradora a una impresora de recibos POS<\/h2>\n\n<p>\u00bfQuieres saber c\u00f3mo conectar un caj\u00f3n portamonedas a una impresora de recibos POS? \u00a1Revisa las instrucciones y mira el v\u00eddeo a continuaci\u00f3n para obtener ayuda! Has comprado el caj\u00f3n portamonedas accionado por impresora de 24 voltios cc. Este v\u00eddeo te ayudar\u00e1 con la adquisici\u00f3n de cables y consejos para solucionar problemas relacionados con la apertura electr\u00f3nica del caj\u00f3n portamonedas desde tu impresora de recibos POS. El n\u00famero de pieza correcto del cable APG necesario depende de la marca y el modelo de tu impresora de recibos. El n\u00famero de pieza exacto de tu cable APG se encuentra en nuestra <a href=\"https:\/\/apgsolutions.com\/wp-content\/uploads\/2023\/06\/M-43-031_revAT-PDF.pdf\">gu\u00eda de conectividad<\/a>. El n\u00famero de pieza de tu cable se encuentra en la tercera columna. Por ejemplo, si tienes una impresora de recibos Epson de la serie TM, necesitas el cable CD-101A. Este cable est\u00e1 disponible a trav\u00e9s de los distribuidores de TPV y se encuentra f\u00e1cilmente en Internet. En tu navegador busca CD-101A para ver tus opciones de compra. Engancha el extremo m\u00e1s peque\u00f1o del cable al puerto de patada de caj\u00f3n de tu impresora. A continuaci\u00f3n, comprueba que el extremo m\u00e1s grande del cable est\u00e1 instalado en el puerto RJ 45 del caj\u00f3n portamonedas, en la parte inferior del caj\u00f3n. Ahora que la conexi\u00f3n est\u00e1 completa, hay algunos requisitos que deben cumplirse. Vamos a asegurarnos de que tu <a href=\"https:\/\/apgsolutions.com\/\">caj\u00f3n port<\/a> amonedas est\u00e1 en buenas condiciones mec\u00e1nicas. Utiliza la llave para abrir el caj\u00f3n y luego ci\u00e9rralo suavemente con el clic de cierre del pestillo. Comprueba que el cierre est\u00e1 en posici\u00f3n vertical, de 12 a 6 en punto &#8211; el\u00e9ctricamente en l\u00ednea. Tu impresora de recibos debe estar operativa y sin errores o no abrir\u00e1 electr\u00f3nicamente el caj\u00f3n. Por \u00faltimo, tu software de punto de venta debe comunicar a la impresora que hay un caj\u00f3n portamonedas, as\u00ed que aseg\u00farate de que tu caj\u00f3n portamonedas est\u00e1 activado en tu software de punto de venta. Esto puede requerir la ayuda de tu proveedor de software de punto de venta. Puedes encontrar m\u00e1s informaci\u00f3n <a href=\"https:\/\/apgsolutions.com\/es\/connecting-cash-drawer-printer\/\">aqu\u00ed<\/a>.                   <\/p>\n\n<figure class=\"wp-block-embed aligncenter is-type-video is-provider-youtube wp-block-embed-youtube wp-embed-aspect-16-9 wp-has-aspect-ratio\"><div class=\"wp-block-embed__wrapper\">\n<iframe title=\"How to Connect a Cash Drawer to a POS Receipt Printer - Connecting your Cash Register\" width=\"500\" height=\"281\" src=\"https:\/\/www.youtube.com\/embed\/AMzGxOqm3GA?feature=oembed\" frameborder=\"0\" allow=\"accelerometer; autoplay; clipboard-write; encrypted-media; gyroscope; picture-in-picture; web-share\" referrerpolicy=\"strict-origin-when-cross-origin\" allowfullscreen><\/iframe>\n<\/div><\/figure>\n\n<h2 class=\"wp-block-heading has-text-align-center\" id=\"h-contact-us-for-cash-drawer-technical-support\">Contacta con nosotros para obtener asistencia t\u00e9cnica para cajones portamonedas<\/h2>\n<p><script charset=\"utf-8\" type=\"text\/javascript\" src=\"\/\/js.hsforms.net\/forms\/embed\/v2.js\"><\/script><br \/>\n<script>\n  hbspt.forms.create({\n    region: \"na1\",\n    portalId: \"3337275\",\n    formId: \"3a628e92-d1cb-47d1-aee7-a34c02043524\"\n  });\n<\/script><\/p>\n","protected":false},"excerpt":{"rendered":"<p>Preguntas frecuentes sobre los cables de las cajas registradoras M\u00e1s informaci\u00f3n sobre tus necesidades de conexi\u00f3n por cable para cajones portamonedas. APG ofrece cables para conectar una impresora TPV, un puerto USB, una interfaz perif\u00e9rica y mucho m\u00e1s. Despl\u00e1zate m\u00e1s abajo para consultar nuestras preguntas frecuentes sobre cables. Si necesitas m\u00e1s ayuda de soporte t\u00e9cnico, [&hellip;]<\/p>\n","protected":false},"author":4,"featured_media":0,"parent":64678,"menu_order":0,"comment_status":"closed","ping_status":"closed","template":"","meta":{"_acf_changed":false,"content-type":"","footnotes":""},"class_list":["post-94930","page","type-page","status-publish"],"yoast_head":"<!-- This site is optimized with the Yoast SEO Premium plugin v23.5 (Yoast SEO v27.2) - https:\/\/yoast.com\/product\/yoast-seo-premium-wordpress\/ -->\n<title>Cables<\/title>\n<meta name=\"description\" content=\"Encuentra respuestas a preguntas comunes sobre cables para cajones portamonedas, incluyendo selecci\u00f3n, conexi\u00f3n y compatibilidad para sistemas TPV.\" \/>\n<meta name=\"robots\" content=\"index, follow, max-snippet:-1, max-image-preview:large, max-video-preview:-1\" \/>\n<link rel=\"canonical\" href=\"https:\/\/apgsolutions.com\/es\/soporte\/faq\/cables\/\" \/>\n<meta property=\"og:locale\" content=\"es_ES\" \/>\n<meta property=\"og:type\" content=\"article\" \/>\n<meta property=\"og:title\" content=\"Cables\" \/>\n<meta property=\"og:description\" content=\"Encuentra respuestas a preguntas comunes sobre cables para cajones portamonedas, incluyendo selecci\u00f3n, conexi\u00f3n y compatibilidad para sistemas TPV.\" \/>\n<meta property=\"og:url\" content=\"https:\/\/apgsolutions.com\/es\/soporte\/faq\/cables\/\" \/>\n<meta property=\"og:site_name\" content=\"apg\u00ae Solutions\" \/>\n<meta property=\"article:publisher\" content=\"https:\/\/www.facebook.com\/apgglobalsolutions\" \/>\n<meta property=\"article:modified_time\" content=\"2026-01-27T16:23:23+00:00\" \/>\n<meta property=\"og:image\" content=\"https:\/\/apgsolutions.com\/wp-content\/uploads\/2023\/06\/USB-Interface-Icon_white-1.png\" \/>\n<meta name=\"twitter:card\" content=\"summary_large_image\" \/>\n<meta name=\"twitter:site\" content=\"@apg_solutions\" \/>\n<meta name=\"twitter:label1\" content=\"Tiempo de lectura\" \/>\n\t<meta name=\"twitter:data1\" content=\"5 minutos\" \/>\n<script type=\"application\/ld+json\" class=\"yoast-schema-graph\">{\"@context\":\"https:\/\/schema.org\",\"@graph\":[{\"@type\":\"WebPage\",\"@id\":\"https:\/\/apgsolutions.com\/es\/soporte\/faq\/cables\/\",\"url\":\"https:\/\/apgsolutions.com\/es\/soporte\/faq\/cables\/\",\"name\":\"Cables\",\"isPartOf\":{\"@id\":\"https:\/\/apgsolutions.com\/es\/#website\"},\"primaryImageOfPage\":{\"@id\":\"https:\/\/apgsolutions.com\/es\/soporte\/faq\/cables\/#primaryimage\"},\"image\":{\"@id\":\"https:\/\/apgsolutions.com\/es\/soporte\/faq\/cables\/#primaryimage\"},\"thumbnailUrl\":\"https:\/\/apgsolutions.com\/wp-content\/uploads\/2023\/06\/USB-Interface-Icon_white-1.png\",\"datePublished\":\"2025-10-14T05:48:34+00:00\",\"dateModified\":\"2026-01-27T16:23:23+00:00\",\"description\":\"Encuentra respuestas a preguntas comunes sobre cables para cajones portamonedas, incluyendo selecci\u00f3n, conexi\u00f3n y compatibilidad para sistemas TPV.\",\"breadcrumb\":{\"@id\":\"https:\/\/apgsolutions.com\/es\/soporte\/faq\/cables\/#breadcrumb\"},\"inLanguage\":\"es\",\"potentialAction\":[{\"@type\":\"ReadAction\",\"target\":[\"https:\/\/apgsolutions.com\/es\/soporte\/faq\/cables\/\"]}]},{\"@type\":\"ImageObject\",\"inLanguage\":\"es\",\"@id\":\"https:\/\/apgsolutions.com\/es\/soporte\/faq\/cables\/#primaryimage\",\"url\":\"https:\/\/apgsolutions.com\/wp-content\/uploads\/2023\/06\/USB-Interface-Icon_white-1.png\",\"contentUrl\":\"https:\/\/apgsolutions.com\/wp-content\/uploads\/2023\/06\/USB-Interface-Icon_white-1.png\"},{\"@type\":\"BreadcrumbList\",\"@id\":\"https:\/\/apgsolutions.com\/es\/soporte\/faq\/cables\/#breadcrumb\",\"itemListElement\":[{\"@type\":\"ListItem\",\"position\":1,\"name\":\"Soporte\",\"item\":\"https:\/\/apgsolutions.com\/es\/soporte\/\"},{\"@type\":\"ListItem\",\"position\":2,\"name\":\"Preguntas m\u00e1s Frecuentes\",\"item\":\"https:\/\/apgsolutions.com\/es\/soporte\/faq\/\"},{\"@type\":\"ListItem\",\"position\":3,\"name\":\"Cables\"}]},{\"@type\":\"WebSite\",\"@id\":\"https:\/\/apgsolutions.com\/es\/#website\",\"url\":\"https:\/\/apgsolutions.com\/es\/\",\"name\":\"APG Solutions, LLC\",\"description\":\"Trust at every point.\",\"publisher\":{\"@id\":\"https:\/\/apgsolutions.com\/es\/#organization\"},\"potentialAction\":[{\"@type\":\"SearchAction\",\"target\":{\"@type\":\"EntryPoint\",\"urlTemplate\":\"https:\/\/apgsolutions.com\/es\/?s={search_term_string}\"},\"query-input\":{\"@type\":\"PropertyValueSpecification\",\"valueRequired\":true,\"valueName\":\"search_term_string\"}}],\"inLanguage\":\"es\"},{\"@type\":\"Organization\",\"@id\":\"https:\/\/apgsolutions.com\/es\/#organization\",\"name\":\"APG Solution, LLC\",\"url\":\"https:\/\/apgsolutions.com\/es\/\",\"logo\":{\"@type\":\"ImageObject\",\"inLanguage\":\"es\",\"@id\":\"https:\/\/apgsolutions.com\/es\/#\/schema\/logo\/image\/\",\"url\":\"https:\/\/apgsolutions.com\/wp-content\/uploads\/2023\/12\/logomark-color.svg\",\"contentUrl\":\"https:\/\/apgsolutions.com\/wp-content\/uploads\/2023\/12\/logomark-color.svg\",\"width\":141,\"height\":138,\"caption\":\"APG Solution, LLC\"},\"image\":{\"@id\":\"https:\/\/apgsolutions.com\/es\/#\/schema\/logo\/image\/\"},\"sameAs\":[\"https:\/\/www.facebook.com\/apgglobalsolutions\",\"https:\/\/x.com\/apg_solutions\",\"https:\/\/www.youtube.com\/c\/CashManagementGlobalSolutionsbyapg\",\"https:\/\/www.linkedin.com\/company\/apgglobalsolutions\/\",\"https:\/\/www.instagram.com\/apgglobalsolutions\/\",\"https:\/\/www.pinterest.com\/apgcashdrawer\/\"]}]}<\/script>\n<!-- \/ Yoast SEO Premium plugin. -->","yoast_head_json":{"title":"Cables","description":"Encuentra respuestas a preguntas comunes sobre cables para cajones portamonedas, incluyendo selecci\u00f3n, conexi\u00f3n y compatibilidad para sistemas TPV.","robots":{"index":"index","follow":"follow","max-snippet":"max-snippet:-1","max-image-preview":"max-image-preview:large","max-video-preview":"max-video-preview:-1"},"canonical":"https:\/\/apgsolutions.com\/es\/soporte\/faq\/cables\/","og_locale":"es_ES","og_type":"article","og_title":"Cables","og_description":"Encuentra respuestas a preguntas comunes sobre cables para cajones portamonedas, incluyendo selecci\u00f3n, conexi\u00f3n y compatibilidad para sistemas TPV.","og_url":"https:\/\/apgsolutions.com\/es\/soporte\/faq\/cables\/","og_site_name":"apg\u00ae Solutions","article_publisher":"https:\/\/www.facebook.com\/apgglobalsolutions","article_modified_time":"2026-01-27T16:23:23+00:00","og_image":[{"url":"https:\/\/apgsolutions.com\/wp-content\/uploads\/2023\/06\/USB-Interface-Icon_white-1.png","type":"","width":"","height":""}],"twitter_card":"summary_large_image","twitter_site":"@apg_solutions","twitter_misc":{"Tiempo de lectura":"5 minutos"},"schema":{"@context":"https:\/\/schema.org","@graph":[{"@type":"WebPage","@id":"https:\/\/apgsolutions.com\/es\/soporte\/faq\/cables\/","url":"https:\/\/apgsolutions.com\/es\/soporte\/faq\/cables\/","name":"Cables","isPartOf":{"@id":"https:\/\/apgsolutions.com\/es\/#website"},"primaryImageOfPage":{"@id":"https:\/\/apgsolutions.com\/es\/soporte\/faq\/cables\/#primaryimage"},"image":{"@id":"https:\/\/apgsolutions.com\/es\/soporte\/faq\/cables\/#primaryimage"},"thumbnailUrl":"https:\/\/apgsolutions.com\/wp-content\/uploads\/2023\/06\/USB-Interface-Icon_white-1.png","datePublished":"2025-10-14T05:48:34+00:00","dateModified":"2026-01-27T16:23:23+00:00","description":"Encuentra respuestas a preguntas comunes sobre cables para cajones portamonedas, incluyendo selecci\u00f3n, conexi\u00f3n y compatibilidad para sistemas TPV.","breadcrumb":{"@id":"https:\/\/apgsolutions.com\/es\/soporte\/faq\/cables\/#breadcrumb"},"inLanguage":"es","potentialAction":[{"@type":"ReadAction","target":["https:\/\/apgsolutions.com\/es\/soporte\/faq\/cables\/"]}]},{"@type":"ImageObject","inLanguage":"es","@id":"https:\/\/apgsolutions.com\/es\/soporte\/faq\/cables\/#primaryimage","url":"https:\/\/apgsolutions.com\/wp-content\/uploads\/2023\/06\/USB-Interface-Icon_white-1.png","contentUrl":"https:\/\/apgsolutions.com\/wp-content\/uploads\/2023\/06\/USB-Interface-Icon_white-1.png"},{"@type":"BreadcrumbList","@id":"https:\/\/apgsolutions.com\/es\/soporte\/faq\/cables\/#breadcrumb","itemListElement":[{"@type":"ListItem","position":1,"name":"Soporte","item":"https:\/\/apgsolutions.com\/es\/soporte\/"},{"@type":"ListItem","position":2,"name":"Preguntas m\u00e1s Frecuentes","item":"https:\/\/apgsolutions.com\/es\/soporte\/faq\/"},{"@type":"ListItem","position":3,"name":"Cables"}]},{"@type":"WebSite","@id":"https:\/\/apgsolutions.com\/es\/#website","url":"https:\/\/apgsolutions.com\/es\/","name":"APG Solutions, LLC","description":"Trust at every point.","publisher":{"@id":"https:\/\/apgsolutions.com\/es\/#organization"},"potentialAction":[{"@type":"SearchAction","target":{"@type":"EntryPoint","urlTemplate":"https:\/\/apgsolutions.com\/es\/?s={search_term_string}"},"query-input":{"@type":"PropertyValueSpecification","valueRequired":true,"valueName":"search_term_string"}}],"inLanguage":"es"},{"@type":"Organization","@id":"https:\/\/apgsolutions.com\/es\/#organization","name":"APG Solution, LLC","url":"https:\/\/apgsolutions.com\/es\/","logo":{"@type":"ImageObject","inLanguage":"es","@id":"https:\/\/apgsolutions.com\/es\/#\/schema\/logo\/image\/","url":"https:\/\/apgsolutions.com\/wp-content\/uploads\/2023\/12\/logomark-color.svg","contentUrl":"https:\/\/apgsolutions.com\/wp-content\/uploads\/2023\/12\/logomark-color.svg","width":141,"height":138,"caption":"APG Solution, LLC"},"image":{"@id":"https:\/\/apgsolutions.com\/es\/#\/schema\/logo\/image\/"},"sameAs":["https:\/\/www.facebook.com\/apgglobalsolutions","https:\/\/x.com\/apg_solutions","https:\/\/www.youtube.com\/c\/CashManagementGlobalSolutionsbyapg","https:\/\/www.linkedin.com\/company\/apgglobalsolutions\/","https:\/\/www.instagram.com\/apgglobalsolutions\/","https:\/\/www.pinterest.com\/apgcashdrawer\/"]}]}},"acf":[],"_links":{"self":[{"href":"https:\/\/apgsolutions.com\/es\/wp-json\/wp\/v2\/pages\/94930","targetHints":{"allow":["GET"]}}],"collection":[{"href":"https:\/\/apgsolutions.com\/es\/wp-json\/wp\/v2\/pages"}],"about":[{"href":"https:\/\/apgsolutions.com\/es\/wp-json\/wp\/v2\/types\/page"}],"author":[{"embeddable":true,"href":"https:\/\/apgsolutions.com\/es\/wp-json\/wp\/v2\/users\/4"}],"replies":[{"embeddable":true,"href":"https:\/\/apgsolutions.com\/es\/wp-json\/wp\/v2\/comments?post=94930"}],"version-history":[{"count":13,"href":"https:\/\/apgsolutions.com\/es\/wp-json\/wp\/v2\/pages\/94930\/revisions"}],"predecessor-version":[{"id":103555,"href":"https:\/\/apgsolutions.com\/es\/wp-json\/wp\/v2\/pages\/94930\/revisions\/103555"}],"up":[{"embeddable":true,"href":"https:\/\/apgsolutions.com\/es\/wp-json\/wp\/v2\/pages\/64678"}],"wp:attachment":[{"href":"https:\/\/apgsolutions.com\/es\/wp-json\/wp\/v2\/media?parent=94930"}],"curies":[{"name":"wp","href":"https:\/\/api.w.org\/{rel}","templated":true}]}}