{"id":95055,"date":"2025-10-14T09:07:20","date_gmt":"2025-10-14T09:07:20","guid":{"rendered":"https:\/\/apgsolutions.com\/hp-partners\/"},"modified":"2026-01-27T16:23:30","modified_gmt":"2026-01-27T16:23:30","slug":"hp-partners","status":"publish","type":"page","link":"https:\/\/apgsolutions.com\/es\/hp-partners\/","title":{"rendered":"Socios HP"},"content":{"rendered":"<div class=\"section_page-header \">\n    <img decoding=\"async\" class=\"header-image\" src=\"https:\/\/apgsolutions.com\/wp-content\/uploads\/2023\/04\/dark-blue-rotated.jpg\" alt=\"dark-blue\" title=\"dark-blue\">\n            <div class=\"header-content\">\n            <h1>HP Product Exchange Form<\/h1>\n        <\/div>\n    <\/div>\n<h2 class=\"wp-block-heading has-text-align-center\" id=\"h-please-complete-and-submit-the-information-below-and-apg-will-review-your-products-to-see-if-they-meet-the-requirements-for-this-exchange\">Rellena y env\u00eda la siguiente informaci\u00f3n y APG revisar\u00e1 tus productos para ver si cumplen los requisitos para este intercambio.<\/h2>\n\n<h3 class=\"wp-block-heading has-text-align-left\"><strong>Introduce los siguientes datos para que podamos activar el proceso de Tratamiento de Residuos para ti.<\/strong><\/h3>\n\n<p class=\"has-text-align-left\">A continuaci\u00f3n se te pedir\u00e1 que proporciones el n\u00famero de pieza y el n\u00famero de serie de tu caj\u00f3n portamonedas. Haz referencia a la etiqueta de ejemplo que aparece a continuaci\u00f3n, en la que se resalta la ubicaci\u00f3n general de d\u00f3nde encontrar esta informaci\u00f3n. Por lo general, los n\u00fameros de pieza se encuentran en el recuadro resaltado en verde y el n\u00famero de serie en el recuadro resaltado en amarillo.  <\/p>\n<div class=\"wp-block-image\">\n<figure class=\"aligncenter size-full\"><img fetchpriority=\"high\" decoding=\"async\" width=\"474\" height=\"711\" src=\"https:\/\/apgsolutions.com\/wp-content\/uploads\/2023\/04\/serial-number-example.jpg\" alt=\"ejemplo de n&#xFA;mero de serie\" class=\"wp-image-1487\" srcset=\"https:\/\/apgsolutions.com\/wp-content\/uploads\/2023\/04\/serial-number-example.jpg 474w, https:\/\/apgsolutions.com\/wp-content\/uploads\/2023\/04\/serial-number-example-200x300.jpg 200w\" sizes=\"(max-width: 474px) 100vw, 474px\" \/><\/figure>\n<\/div><p><script charset=\"utf-8\" type=\"text\/javascript\" src=\"\/\/js.hsforms.net\/forms\/embed\/v2.js\"><\/script><br \/>\n<script>\n  hbspt.forms.create({\n    region: \"na1\",\n    portalId: \"3337275\",\n    formId: \"45e03d15-1b29-415f-90a0-01f72d58239b\"\n  });\n<\/script><\/p>\n\n<p class=\"has-text-align-left\">Si tu producto cumple los requisitos para el programa de intercambio, APG te enviar\u00e1 instrucciones de env\u00edo para dirigir tus cajones portamonedas a la ubicaci\u00f3n de eliminaci\u00f3n segura de residuos. Una vez que el producto llegue a la ubicaci\u00f3n de Eliminaci\u00f3n Segura de Residuos, el producto ser\u00e1 reelaborado y devuelto. Despu\u00e9s de facilitar tu informaci\u00f3n en el formulario anterior, <a href=\"mailto:Dwr-returns@apgsolutions.com\">Dwr-returns@apgsolutions.com se pondr\u00e1 en contacto contigo .<\/a>  <\/p>\n\n<p class=\"has-text-align-left\">Si tienes alguna duda o pregunta, ponte en contacto con nosotros en <a href=\"mailto:Dwr-returns@apgsolutions.com\">Dwr-returns@apgsolutions.com.<\/a><\/p>\n","protected":false},"excerpt":{"rendered":"<p>Rellena y env\u00eda la siguiente informaci\u00f3n y APG revisar\u00e1 tus productos para ver si cumplen los requisitos para este intercambio. Introduce los siguientes datos para que podamos activar el proceso de Tratamiento de Residuos para ti. A continuaci\u00f3n se te pedir\u00e1 que proporciones el n\u00famero de pieza y el n\u00famero de serie de tu caj\u00f3n [&hellip;]<\/p>\n","protected":false},"author":4,"featured_media":0,"parent":0,"menu_order":0,"comment_status":"closed","ping_status":"closed","template":"","meta":{"_acf_changed":false,"content-type":"","footnotes":""},"class_list":["post-95055","page","type-page","status-publish"],"yoast_head":"<!-- This site is optimized with the Yoast SEO Premium plugin v23.5 (Yoast SEO v27.2) - https:\/\/yoast.com\/product\/yoast-seo-premium-wordpress\/ -->\n<title>Socios HP<\/title>\n<meta name=\"description\" content=\"Informaci\u00f3n para los socios de HP sobre intercambio de productos y asistencia. Gestiona las actualizaciones del caj\u00f3n portamonedas y su cumplimiento.\" \/>\n<meta name=\"robots\" content=\"index, follow, max-snippet:-1, max-image-preview:large, max-video-preview:-1\" \/>\n<link rel=\"canonical\" href=\"https:\/\/apgsolutions.com\/es\/hp-partners\/\" \/>\n<meta property=\"og:locale\" content=\"es_ES\" \/>\n<meta property=\"og:type\" content=\"article\" \/>\n<meta property=\"og:title\" content=\"Socios HP\" \/>\n<meta property=\"og:description\" content=\"Informaci\u00f3n para los socios de HP sobre intercambio de productos y asistencia. Gestiona las actualizaciones del caj\u00f3n portamonedas y su cumplimiento.\" \/>\n<meta property=\"og:url\" content=\"https:\/\/apgsolutions.com\/es\/hp-partners\/\" \/>\n<meta property=\"og:site_name\" content=\"apg\u00ae Solutions\" \/>\n<meta property=\"article:publisher\" content=\"https:\/\/www.facebook.com\/apgglobalsolutions\" \/>\n<meta property=\"article:modified_time\" content=\"2026-01-27T16:23:30+00:00\" \/>\n<meta property=\"og:image\" content=\"https:\/\/apgsolutions.com\/wp-content\/uploads\/2023\/04\/serial-number-example.jpg\" \/>\n<meta name=\"twitter:card\" content=\"summary_large_image\" \/>\n<meta name=\"twitter:site\" content=\"@apg_solutions\" \/>\n<meta name=\"twitter:label1\" content=\"Tiempo de lectura\" \/>\n\t<meta name=\"twitter:data1\" content=\"1 minuto\" \/>\n<script type=\"application\/ld+json\" class=\"yoast-schema-graph\">{\"@context\":\"https:\/\/schema.org\",\"@graph\":[{\"@type\":\"WebPage\",\"@id\":\"https:\/\/apgsolutions.com\/es\/hp-partners\/\",\"url\":\"https:\/\/apgsolutions.com\/es\/hp-partners\/\",\"name\":\"Socios HP\",\"isPartOf\":{\"@id\":\"https:\/\/apgsolutions.com\/es\/#website\"},\"primaryImageOfPage\":{\"@id\":\"https:\/\/apgsolutions.com\/es\/hp-partners\/#primaryimage\"},\"image\":{\"@id\":\"https:\/\/apgsolutions.com\/es\/hp-partners\/#primaryimage\"},\"thumbnailUrl\":\"https:\/\/apgsolutions.com\/wp-content\/uploads\/2023\/04\/serial-number-example.jpg\",\"datePublished\":\"2025-10-14T09:07:20+00:00\",\"dateModified\":\"2026-01-27T16:23:30+00:00\",\"description\":\"Informaci\u00f3n para los socios de HP sobre intercambio de productos y asistencia. Gestiona las actualizaciones del caj\u00f3n portamonedas y su cumplimiento.\",\"inLanguage\":\"es\",\"potentialAction\":[{\"@type\":\"ReadAction\",\"target\":[\"https:\/\/apgsolutions.com\/es\/hp-partners\/\"]}]},{\"@type\":\"ImageObject\",\"inLanguage\":\"es\",\"@id\":\"https:\/\/apgsolutions.com\/es\/hp-partners\/#primaryimage\",\"url\":\"https:\/\/apgsolutions.com\/wp-content\/uploads\/2023\/04\/serial-number-example.jpg\",\"contentUrl\":\"https:\/\/apgsolutions.com\/wp-content\/uploads\/2023\/04\/serial-number-example.jpg\"},{\"@type\":\"WebSite\",\"@id\":\"https:\/\/apgsolutions.com\/es\/#website\",\"url\":\"https:\/\/apgsolutions.com\/es\/\",\"name\":\"APG Solutions, LLC\",\"description\":\"Trust at every point.\",\"publisher\":{\"@id\":\"https:\/\/apgsolutions.com\/es\/#organization\"},\"potentialAction\":[{\"@type\":\"SearchAction\",\"target\":{\"@type\":\"EntryPoint\",\"urlTemplate\":\"https:\/\/apgsolutions.com\/es\/?s={search_term_string}\"},\"query-input\":{\"@type\":\"PropertyValueSpecification\",\"valueRequired\":true,\"valueName\":\"search_term_string\"}}],\"inLanguage\":\"es\"},{\"@type\":\"Organization\",\"@id\":\"https:\/\/apgsolutions.com\/es\/#organization\",\"name\":\"APG Solution, LLC\",\"url\":\"https:\/\/apgsolutions.com\/es\/\",\"logo\":{\"@type\":\"ImageObject\",\"inLanguage\":\"es\",\"@id\":\"https:\/\/apgsolutions.com\/es\/#\/schema\/logo\/image\/\",\"url\":\"https:\/\/apgsolutions.com\/wp-content\/uploads\/2023\/12\/logomark-color.svg\",\"contentUrl\":\"https:\/\/apgsolutions.com\/wp-content\/uploads\/2023\/12\/logomark-color.svg\",\"width\":141,\"height\":138,\"caption\":\"APG Solution, LLC\"},\"image\":{\"@id\":\"https:\/\/apgsolutions.com\/es\/#\/schema\/logo\/image\/\"},\"sameAs\":[\"https:\/\/www.facebook.com\/apgglobalsolutions\",\"https:\/\/x.com\/apg_solutions\",\"https:\/\/www.youtube.com\/c\/CashManagementGlobalSolutionsbyapg\",\"https:\/\/www.linkedin.com\/company\/apgglobalsolutions\/\",\"https:\/\/www.instagram.com\/apgglobalsolutions\/\",\"https:\/\/www.pinterest.com\/apgcashdrawer\/\"]}]}<\/script>\n<!-- \/ Yoast SEO Premium plugin. -->","yoast_head_json":{"title":"Socios HP","description":"Informaci\u00f3n para los socios de HP sobre intercambio de productos y asistencia. Gestiona las actualizaciones del caj\u00f3n portamonedas y su cumplimiento.","robots":{"index":"index","follow":"follow","max-snippet":"max-snippet:-1","max-image-preview":"max-image-preview:large","max-video-preview":"max-video-preview:-1"},"canonical":"https:\/\/apgsolutions.com\/es\/hp-partners\/","og_locale":"es_ES","og_type":"article","og_title":"Socios HP","og_description":"Informaci\u00f3n para los socios de HP sobre intercambio de productos y asistencia. Gestiona las actualizaciones del caj\u00f3n portamonedas y su cumplimiento.","og_url":"https:\/\/apgsolutions.com\/es\/hp-partners\/","og_site_name":"apg\u00ae Solutions","article_publisher":"https:\/\/www.facebook.com\/apgglobalsolutions","article_modified_time":"2026-01-27T16:23:30+00:00","og_image":[{"url":"https:\/\/apgsolutions.com\/wp-content\/uploads\/2023\/04\/serial-number-example.jpg","type":"","width":"","height":""}],"twitter_card":"summary_large_image","twitter_site":"@apg_solutions","twitter_misc":{"Tiempo de lectura":"1 minuto"},"schema":{"@context":"https:\/\/schema.org","@graph":[{"@type":"WebPage","@id":"https:\/\/apgsolutions.com\/es\/hp-partners\/","url":"https:\/\/apgsolutions.com\/es\/hp-partners\/","name":"Socios HP","isPartOf":{"@id":"https:\/\/apgsolutions.com\/es\/#website"},"primaryImageOfPage":{"@id":"https:\/\/apgsolutions.com\/es\/hp-partners\/#primaryimage"},"image":{"@id":"https:\/\/apgsolutions.com\/es\/hp-partners\/#primaryimage"},"thumbnailUrl":"https:\/\/apgsolutions.com\/wp-content\/uploads\/2023\/04\/serial-number-example.jpg","datePublished":"2025-10-14T09:07:20+00:00","dateModified":"2026-01-27T16:23:30+00:00","description":"Informaci\u00f3n para los socios de HP sobre intercambio de productos y asistencia. Gestiona las actualizaciones del caj\u00f3n portamonedas y su cumplimiento.","inLanguage":"es","potentialAction":[{"@type":"ReadAction","target":["https:\/\/apgsolutions.com\/es\/hp-partners\/"]}]},{"@type":"ImageObject","inLanguage":"es","@id":"https:\/\/apgsolutions.com\/es\/hp-partners\/#primaryimage","url":"https:\/\/apgsolutions.com\/wp-content\/uploads\/2023\/04\/serial-number-example.jpg","contentUrl":"https:\/\/apgsolutions.com\/wp-content\/uploads\/2023\/04\/serial-number-example.jpg"},{"@type":"WebSite","@id":"https:\/\/apgsolutions.com\/es\/#website","url":"https:\/\/apgsolutions.com\/es\/","name":"APG Solutions, LLC","description":"Trust at every point.","publisher":{"@id":"https:\/\/apgsolutions.com\/es\/#organization"},"potentialAction":[{"@type":"SearchAction","target":{"@type":"EntryPoint","urlTemplate":"https:\/\/apgsolutions.com\/es\/?s={search_term_string}"},"query-input":{"@type":"PropertyValueSpecification","valueRequired":true,"valueName":"search_term_string"}}],"inLanguage":"es"},{"@type":"Organization","@id":"https:\/\/apgsolutions.com\/es\/#organization","name":"APG Solution, LLC","url":"https:\/\/apgsolutions.com\/es\/","logo":{"@type":"ImageObject","inLanguage":"es","@id":"https:\/\/apgsolutions.com\/es\/#\/schema\/logo\/image\/","url":"https:\/\/apgsolutions.com\/wp-content\/uploads\/2023\/12\/logomark-color.svg","contentUrl":"https:\/\/apgsolutions.com\/wp-content\/uploads\/2023\/12\/logomark-color.svg","width":141,"height":138,"caption":"APG Solution, LLC"},"image":{"@id":"https:\/\/apgsolutions.com\/es\/#\/schema\/logo\/image\/"},"sameAs":["https:\/\/www.facebook.com\/apgglobalsolutions","https:\/\/x.com\/apg_solutions","https:\/\/www.youtube.com\/c\/CashManagementGlobalSolutionsbyapg","https:\/\/www.linkedin.com\/company\/apgglobalsolutions\/","https:\/\/www.instagram.com\/apgglobalsolutions\/","https:\/\/www.pinterest.com\/apgcashdrawer\/"]}]}},"acf":[],"_links":{"self":[{"href":"https:\/\/apgsolutions.com\/es\/wp-json\/wp\/v2\/pages\/95055","targetHints":{"allow":["GET"]}}],"collection":[{"href":"https:\/\/apgsolutions.com\/es\/wp-json\/wp\/v2\/pages"}],"about":[{"href":"https:\/\/apgsolutions.com\/es\/wp-json\/wp\/v2\/types\/page"}],"author":[{"embeddable":true,"href":"https:\/\/apgsolutions.com\/es\/wp-json\/wp\/v2\/users\/4"}],"replies":[{"embeddable":true,"href":"https:\/\/apgsolutions.com\/es\/wp-json\/wp\/v2\/comments?post=95055"}],"version-history":[{"count":4,"href":"https:\/\/apgsolutions.com\/es\/wp-json\/wp\/v2\/pages\/95055\/revisions"}],"predecessor-version":[{"id":103562,"href":"https:\/\/apgsolutions.com\/es\/wp-json\/wp\/v2\/pages\/95055\/revisions\/103562"}],"wp:attachment":[{"href":"https:\/\/apgsolutions.com\/es\/wp-json\/wp\/v2\/media?parent=95055"}],"curies":[{"name":"wp","href":"https:\/\/api.w.org\/{rel}","templated":true}]}}