{"id":95104,"date":"2025-10-14T09:23:05","date_gmt":"2025-10-14T09:23:05","guid":{"rendered":"https:\/\/apgsolutions.com\/job-positions\/open-newhaven-uk-positions\/"},"modified":"2026-01-22T14:47:49","modified_gmt":"2026-01-22T14:47:49","slug":"open-newhaven-uk-positions","status":"publish","type":"page","link":"https:\/\/apgsolutions.com\/es\/job-positions\/open-newhaven-uk-positions\/","title":{"rendered":"Puestos vacantes en Newhaven (Reino Unido)"},"content":{"rendered":"\n<h1 class=\"wp-block-heading\" id=\"h-open-newhaven-uk-positions\">Puestos vacantes en Newhaven (Reino Unido)<\/h1>\n\n<h2 class=\"wp-block-heading\" id=\"h-product-designer\">Dise\u00f1ador de productos<\/h2>\n\n<p>APG Solutions EMEA<br\/>Unidad 4, The Drove, Newhaven BN9 0LA<br\/>\u00a326.000 &#8211; \u00a330.000 al a\u00f1o &#8211; Jornada completa<br\/> <\/p>\n\n<h3 class=\"wp-block-heading\" id=\"h-job-title\">T\u00edtulo del puesto:<\/h3>\n\n<p>Dise\u00f1ador de productos<\/p>\n\n<h3 class=\"wp-block-heading\">Localizaci\u00f3n:<\/h3>\n\n<p>Newhaven, Reino Unido<\/p>\n\n<h3 class=\"wp-block-heading\">Departamento:<\/h3>\n\n<p>Ingenier\u00eda Banda salarial: Oficina\/T\u00e9cnicos\/L\u00edderes<\/p>\n\n<h3 class=\"wp-block-heading\">Depende de:<\/h3>\n\n<p>Director de Dise\u00f1o de Ingenier\u00eda<\/p>\n\n<h3 class=\"wp-block-heading\">Tipo de puesto:<\/h3>\n\n<p>A tiempo completo<\/p>\n\n<h3 class=\"wp-block-heading\">FINALIDAD:<\/h3>\n\n<p>El Dise\u00f1ador de Productos es responsable de proporcionar apoyo de ingenier\u00eda especializado mediante el dise\u00f1o CAD en SolidWorksy la realizaci\u00f3n de comprobaciones de calidad para componentes nuevos y existentes. Este puesto implica desarrollar dise\u00f1os precisos y funcionales, garantizar el cumplimiento de los requisitos t\u00e9cnicos y generar informes detallados para mantener la integridad del dise\u00f1o y los est\u00e1ndares de rendimiento. Al contribuir al desarrollo de productos y a la mejora continua, este puesto desempe\u00f1a un papel vital en la mejora de los procesos generales de ingenier\u00eda y fabricaci\u00f3n.  <\/p>\n\n<h3 class=\"wp-block-heading\">RESPONSABILIDADES:<\/h3>\n\n<p>Dise\u00f1o y desarrollo de productos<\/p>\n\n<ul class=\"wp-block-list\">\n<li>Dise\u00f1a y modifica productos como parte de proyectos de ingenier\u00eda, garantizando la alineaci\u00f3n con los requisitos t\u00e9cnicos y funcionales.<\/li>\n\n\n\n<li>Desarrolla y actualiza modelos 3D y dibujos t\u00e9cnicos en SolidWorks como parte del proceso de gesti\u00f3n de cambios.<\/li>\n\n\n\n<li>Revisa y mant\u00e9n la documentaci\u00f3n t\u00e9cnica de acuerdo con las Solicitudes de Cambio aprobadas para garantizar la precisi\u00f3n y el cumplimiento.<\/li>\n\n\n\n<li>Colabora con I+D para evaluar la necesidad de Verificaci\u00f3n y Validaci\u00f3n (V&amp;V) adicionales para los cambios de dise\u00f1o aplicables.<\/li>\n<\/ul>\n\n<p>Gesti\u00f3n del cambio y garant\u00eda de calidad<\/p>\n\n<ul class=\"wp-block-list\">\n<li>Realiza comprobaciones de calidad de las piezas suministradas por los proveedores a petici\u00f3n de \u00e9stos, garantizando el cumplimiento de las especificaciones y normas.<\/li>\n\n\n\n<li>Establece y gestiona una lista clara de prioridades de modificaciones de dise\u00f1o que se alineen con los calendarios de producci\u00f3n y los procesos de introducci\u00f3n de nuevas piezas.<\/li>\n\n\n\n<li>Garantizar la aplicaci\u00f3n y validaci\u00f3n sin fisuras de las Solicitudes de Cambio aprobadas, manteniendo la integridad del producto.<\/li>\n\n\n\n<li>Coordina con Ingenier\u00eda de Producci\u00f3n la revisi\u00f3n, evaluaci\u00f3n e implementaci\u00f3n de las acciones necesarias derivadas de las Solicitudes de Cambio para optimizar la eficiencia de la fabricaci\u00f3n.<\/li>\n<\/ul>\n\n<h3 class=\"wp-block-heading\" id=\"h-knowledge-skills-and-abilities\">CONOCIMIENTOS, CAPACIDADES Y HABILIDADES:<\/h3>\n\n<ul class=\"wp-block-list\">\n<li>HNC\/HND Ingenier\u00eda mec\u00e1nica o equivalente.<\/li>\n\n\n\n<li>Experiencia en un puesto anterior que implique la actualizaci\u00f3n de planos mediante Solidworks.<\/li>\n\n\n\n<li>Experiencia en modelado con SolidWorks.<\/li>\n\n\n\n<li>Experiencia en sistemas de Gesti\u00f3n del Cambio.<\/li>\n\n\n\n<li>Gran experiencia con herramientas de medici\u00f3n manuales.<\/li>\n\n\n\n<li>Gran comunicador con buenas habilidades interpersonales y anal\u00edticas.<\/li>\n\n\n\n<li>Fuertes habilidades de colaboraci\u00f3n con capacidad para trabajar en equipo o de forma independiente con un apoyo m\u00ednimo.<\/li>\n\n\n\n<li>Capacidad para gestionar prioridades cambiantes adapt\u00e1ndose a m\u00faltiples proyectos al mismo tiempo.<\/li>\n<\/ul>\n\n<h3 class=\"wp-block-heading\">REQUISITOS:<\/h3>\n\n<ul class=\"wp-block-list\">\n<li>HNC\/HND o superior en Ingenier\u00eda Mec\u00e1nica o un campo relacionado.<\/li>\n\n\n\n<li>Son deseables certificaciones relevantes en software CAD (por ejemplo, SolidWorks).<\/li>\n\n\n\n<li>De 2 a 5 a\u00f1os de experiencia en un puesto de Dise\u00f1ador de Productos o Ingeniero de Dise\u00f1o Mec\u00e1nico, o un puesto similar.<\/li>\n<\/ul>\n<p><script charset=\"utf-8\" type=\"text\/javascript\" src=\"\/\/js.hsforms.net\/forms\/embed\/v2.js\"><\/script><br \/>\n<script>\n  hbspt.forms.create({\n    portalId: \"3337275\",\n    formId: \"dce214bb-a4d0-4cc2-a8ad-0023beda9f2c\",\n    region: \"na1\"\n  });\n<\/script><\/p>\n","protected":false},"excerpt":{"rendered":"<p>Puestos vacantes en Newhaven (Reino Unido) Dise\u00f1ador de productos APG Solutions EMEAUnidad 4, The Drove, Newhaven BN9 0LA\u00a326.000 &#8211; \u00a330.000 al a\u00f1o &#8211; Jornada completa T\u00edtulo del puesto: Dise\u00f1ador de productos Localizaci\u00f3n: Newhaven, Reino Unido Departamento: Ingenier\u00eda Banda salarial: Oficina\/T\u00e9cnicos\/L\u00edderes Depende de: Director de Dise\u00f1o de Ingenier\u00eda Tipo de puesto: A tiempo completo FINALIDAD: El [&hellip;]<\/p>\n","protected":false},"author":4,"featured_media":0,"parent":95081,"menu_order":0,"comment_status":"closed","ping_status":"closed","template":"","meta":{"_acf_changed":false,"content-type":"","footnotes":""},"class_list":["post-95104","page","type-page","status-publish"],"yoast_head":"<!-- This site is optimized with the Yoast SEO Premium plugin v23.5 (Yoast SEO v27.2) - https:\/\/yoast.com\/product\/yoast-seo-premium-wordpress\/ -->\n<title>Puestos vacantes en Newhaven (Reino Unido)<\/title>\n<meta name=\"description\" content=\"Consulta las ofertas de empleo actuales en Newhaven, Reino Unido, con APG. Oportunidades en dise\u00f1o de productos y tecnolog\u00eda de gesti\u00f3n de efectivo.\" \/>\n<meta name=\"robots\" content=\"index, follow, max-snippet:-1, max-image-preview:large, max-video-preview:-1\" \/>\n<link rel=\"canonical\" href=\"https:\/\/apgsolutions.com\/es\/job-positions\/open-newhaven-uk-positions\/\" \/>\n<meta property=\"og:locale\" content=\"es_ES\" \/>\n<meta property=\"og:type\" content=\"article\" \/>\n<meta property=\"og:title\" content=\"Puestos vacantes en Newhaven (Reino Unido)\" \/>\n<meta property=\"og:description\" content=\"Consulta las ofertas de empleo actuales en Newhaven, Reino Unido, con APG. Oportunidades en dise\u00f1o de productos y tecnolog\u00eda de gesti\u00f3n de efectivo.\" \/>\n<meta property=\"og:url\" content=\"https:\/\/apgsolutions.com\/es\/job-positions\/open-newhaven-uk-positions\/\" \/>\n<meta property=\"og:site_name\" content=\"apg\u00ae Solutions\" \/>\n<meta property=\"article:publisher\" content=\"https:\/\/www.facebook.com\/apgglobalsolutions\" \/>\n<meta property=\"article:modified_time\" content=\"2026-01-22T14:47:49+00:00\" \/>\n<meta name=\"twitter:card\" content=\"summary_large_image\" \/>\n<meta name=\"twitter:site\" content=\"@apg_solutions\" \/>\n<meta name=\"twitter:label1\" content=\"Tiempo de lectura\" \/>\n\t<meta name=\"twitter:data1\" content=\"3 minutos\" \/>\n<script type=\"application\/ld+json\" class=\"yoast-schema-graph\">{\"@context\":\"https:\/\/schema.org\",\"@graph\":[{\"@type\":\"WebPage\",\"@id\":\"https:\/\/apgsolutions.com\/es\/job-positions\/open-newhaven-uk-positions\/\",\"url\":\"https:\/\/apgsolutions.com\/es\/job-positions\/open-newhaven-uk-positions\/\",\"name\":\"Puestos vacantes en Newhaven (Reino Unido)\",\"isPartOf\":{\"@id\":\"https:\/\/apgsolutions.com\/es\/#website\"},\"datePublished\":\"2025-10-14T09:23:05+00:00\",\"dateModified\":\"2026-01-22T14:47:49+00:00\",\"description\":\"Consulta las ofertas de empleo actuales en Newhaven, Reino Unido, con APG. Oportunidades en dise\u00f1o de productos y tecnolog\u00eda de gesti\u00f3n de efectivo.\",\"breadcrumb\":{\"@id\":\"https:\/\/apgsolutions.com\/es\/job-positions\/open-newhaven-uk-positions\/#breadcrumb\"},\"inLanguage\":\"es\",\"potentialAction\":[{\"@type\":\"ReadAction\",\"target\":[\"https:\/\/apgsolutions.com\/es\/job-positions\/open-newhaven-uk-positions\/\"]}]},{\"@type\":\"BreadcrumbList\",\"@id\":\"https:\/\/apgsolutions.com\/es\/job-positions\/open-newhaven-uk-positions\/#breadcrumb\",\"itemListElement\":[{\"@type\":\"ListItem\",\"position\":1,\"name\":\"Puestos de trabajo\",\"item\":\"https:\/\/apgsolutions.com\/es\/job-positions\/\"},{\"@type\":\"ListItem\",\"position\":2,\"name\":\"Puestos vacantes en Newhaven (Reino Unido)\"}]},{\"@type\":\"WebSite\",\"@id\":\"https:\/\/apgsolutions.com\/es\/#website\",\"url\":\"https:\/\/apgsolutions.com\/es\/\",\"name\":\"APG Solutions, LLC\",\"description\":\"Trust at every point.\",\"publisher\":{\"@id\":\"https:\/\/apgsolutions.com\/es\/#organization\"},\"potentialAction\":[{\"@type\":\"SearchAction\",\"target\":{\"@type\":\"EntryPoint\",\"urlTemplate\":\"https:\/\/apgsolutions.com\/es\/?s={search_term_string}\"},\"query-input\":{\"@type\":\"PropertyValueSpecification\",\"valueRequired\":true,\"valueName\":\"search_term_string\"}}],\"inLanguage\":\"es\"},{\"@type\":\"Organization\",\"@id\":\"https:\/\/apgsolutions.com\/es\/#organization\",\"name\":\"APG Solution, LLC\",\"url\":\"https:\/\/apgsolutions.com\/es\/\",\"logo\":{\"@type\":\"ImageObject\",\"inLanguage\":\"es\",\"@id\":\"https:\/\/apgsolutions.com\/es\/#\/schema\/logo\/image\/\",\"url\":\"https:\/\/apgsolutions.com\/wp-content\/uploads\/2023\/12\/logomark-color.svg\",\"contentUrl\":\"https:\/\/apgsolutions.com\/wp-content\/uploads\/2023\/12\/logomark-color.svg\",\"width\":141,\"height\":138,\"caption\":\"APG Solution, LLC\"},\"image\":{\"@id\":\"https:\/\/apgsolutions.com\/es\/#\/schema\/logo\/image\/\"},\"sameAs\":[\"https:\/\/www.facebook.com\/apgglobalsolutions\",\"https:\/\/x.com\/apg_solutions\",\"https:\/\/www.youtube.com\/c\/CashManagementGlobalSolutionsbyapg\",\"https:\/\/www.linkedin.com\/company\/apgglobalsolutions\/\",\"https:\/\/www.instagram.com\/apgglobalsolutions\/\",\"https:\/\/www.pinterest.com\/apgcashdrawer\/\"]}]}<\/script>\n<!-- \/ Yoast SEO Premium plugin. -->","yoast_head_json":{"title":"Puestos vacantes en Newhaven (Reino Unido)","description":"Consulta las ofertas de empleo actuales en Newhaven, Reino Unido, con APG. Oportunidades en dise\u00f1o de productos y tecnolog\u00eda de gesti\u00f3n de efectivo.","robots":{"index":"index","follow":"follow","max-snippet":"max-snippet:-1","max-image-preview":"max-image-preview:large","max-video-preview":"max-video-preview:-1"},"canonical":"https:\/\/apgsolutions.com\/es\/job-positions\/open-newhaven-uk-positions\/","og_locale":"es_ES","og_type":"article","og_title":"Puestos vacantes en Newhaven (Reino Unido)","og_description":"Consulta las ofertas de empleo actuales en Newhaven, Reino Unido, con APG. Oportunidades en dise\u00f1o de productos y tecnolog\u00eda de gesti\u00f3n de efectivo.","og_url":"https:\/\/apgsolutions.com\/es\/job-positions\/open-newhaven-uk-positions\/","og_site_name":"apg\u00ae Solutions","article_publisher":"https:\/\/www.facebook.com\/apgglobalsolutions","article_modified_time":"2026-01-22T14:47:49+00:00","twitter_card":"summary_large_image","twitter_site":"@apg_solutions","twitter_misc":{"Tiempo de lectura":"3 minutos"},"schema":{"@context":"https:\/\/schema.org","@graph":[{"@type":"WebPage","@id":"https:\/\/apgsolutions.com\/es\/job-positions\/open-newhaven-uk-positions\/","url":"https:\/\/apgsolutions.com\/es\/job-positions\/open-newhaven-uk-positions\/","name":"Puestos vacantes en Newhaven (Reino Unido)","isPartOf":{"@id":"https:\/\/apgsolutions.com\/es\/#website"},"datePublished":"2025-10-14T09:23:05+00:00","dateModified":"2026-01-22T14:47:49+00:00","description":"Consulta las ofertas de empleo actuales en Newhaven, Reino Unido, con APG. Oportunidades en dise\u00f1o de productos y tecnolog\u00eda de gesti\u00f3n de efectivo.","breadcrumb":{"@id":"https:\/\/apgsolutions.com\/es\/job-positions\/open-newhaven-uk-positions\/#breadcrumb"},"inLanguage":"es","potentialAction":[{"@type":"ReadAction","target":["https:\/\/apgsolutions.com\/es\/job-positions\/open-newhaven-uk-positions\/"]}]},{"@type":"BreadcrumbList","@id":"https:\/\/apgsolutions.com\/es\/job-positions\/open-newhaven-uk-positions\/#breadcrumb","itemListElement":[{"@type":"ListItem","position":1,"name":"Puestos de trabajo","item":"https:\/\/apgsolutions.com\/es\/job-positions\/"},{"@type":"ListItem","position":2,"name":"Puestos vacantes en Newhaven (Reino Unido)"}]},{"@type":"WebSite","@id":"https:\/\/apgsolutions.com\/es\/#website","url":"https:\/\/apgsolutions.com\/es\/","name":"APG Solutions, LLC","description":"Trust at every point.","publisher":{"@id":"https:\/\/apgsolutions.com\/es\/#organization"},"potentialAction":[{"@type":"SearchAction","target":{"@type":"EntryPoint","urlTemplate":"https:\/\/apgsolutions.com\/es\/?s={search_term_string}"},"query-input":{"@type":"PropertyValueSpecification","valueRequired":true,"valueName":"search_term_string"}}],"inLanguage":"es"},{"@type":"Organization","@id":"https:\/\/apgsolutions.com\/es\/#organization","name":"APG Solution, LLC","url":"https:\/\/apgsolutions.com\/es\/","logo":{"@type":"ImageObject","inLanguage":"es","@id":"https:\/\/apgsolutions.com\/es\/#\/schema\/logo\/image\/","url":"https:\/\/apgsolutions.com\/wp-content\/uploads\/2023\/12\/logomark-color.svg","contentUrl":"https:\/\/apgsolutions.com\/wp-content\/uploads\/2023\/12\/logomark-color.svg","width":141,"height":138,"caption":"APG Solution, LLC"},"image":{"@id":"https:\/\/apgsolutions.com\/es\/#\/schema\/logo\/image\/"},"sameAs":["https:\/\/www.facebook.com\/apgglobalsolutions","https:\/\/x.com\/apg_solutions","https:\/\/www.youtube.com\/c\/CashManagementGlobalSolutionsbyapg","https:\/\/www.linkedin.com\/company\/apgglobalsolutions\/","https:\/\/www.instagram.com\/apgglobalsolutions\/","https:\/\/www.pinterest.com\/apgcashdrawer\/"]}]}},"acf":[],"_links":{"self":[{"href":"https:\/\/apgsolutions.com\/es\/wp-json\/wp\/v2\/pages\/95104","targetHints":{"allow":["GET"]}}],"collection":[{"href":"https:\/\/apgsolutions.com\/es\/wp-json\/wp\/v2\/pages"}],"about":[{"href":"https:\/\/apgsolutions.com\/es\/wp-json\/wp\/v2\/types\/page"}],"author":[{"embeddable":true,"href":"https:\/\/apgsolutions.com\/es\/wp-json\/wp\/v2\/users\/4"}],"replies":[{"embeddable":true,"href":"https:\/\/apgsolutions.com\/es\/wp-json\/wp\/v2\/comments?post=95104"}],"version-history":[{"count":3,"href":"https:\/\/apgsolutions.com\/es\/wp-json\/wp\/v2\/pages\/95104\/revisions"}],"predecessor-version":[{"id":95633,"href":"https:\/\/apgsolutions.com\/es\/wp-json\/wp\/v2\/pages\/95104\/revisions\/95633"}],"up":[{"embeddable":true,"href":"https:\/\/apgsolutions.com\/es\/wp-json\/wp\/v2\/pages\/95081"}],"wp:attachment":[{"href":"https:\/\/apgsolutions.com\/es\/wp-json\/wp\/v2\/media?parent=95104"}],"curies":[{"name":"wp","href":"https:\/\/api.w.org\/{rel}","templated":true}]}}