{"id":95113,"date":"2025-10-14T09:25:06","date_gmt":"2025-10-14T09:25:06","guid":{"rendered":"https:\/\/apgsolutions.com\/job-positions\/open-saint-germain-en-laye-positions\/"},"modified":"2026-01-22T14:42:47","modified_gmt":"2026-01-22T14:42:47","slug":"open-saint-germain-en-laye-positions","status":"publish","type":"page","link":"https:\/\/apgsolutions.com\/es\/job-positions\/open-saint-germain-en-laye-positions\/","title":{"rendered":"Puestos vacantes en Saint Germain en Laye"},"content":{"rendered":"\n<h1 class=\"wp-block-heading\" id=\"h-open-saint-germain-en-laye-positions\">Puestos vacantes en Saint Germain en Laye<\/h1>\n\n<h2 class=\"wp-block-heading\" id=\"h-branch-office-administrator-h-f\">Administrador de sucursal H\/F<\/h2>\n\n<p>apg es un fabricante de carretillas elevadoras y soluciones de gesti\u00f3n de efectivo, l\u00edder en su mercado. Buscamos un\/a Administrador\/a de Sucursal a tiempo parcial para nuestra oficina francesa encargada de los mercados de Francia, Benelux e Italia. <\/p>\n\n<h3 class=\"wp-block-heading\" id=\"h-salaire\">Salaire :  <\/h3>\n\n<p>No comunicado<\/p>\n\n<h3 class=\"wp-block-heading\" id=\"h-type-de-contrat\">Tipo De Contrato :<\/h3>\n\n<p>Tiempo parcial a definir<\/p>\n\n<h3 class=\"wp-block-heading\" id=\"h-adresse\">Direcci\u00f3n :  <\/h3>\n\n<p>Saint-Germain en Laye, Isla de Francia<\/p>\n\n<h3 class=\"wp-block-heading\" id=\"h-vos-missions-sont\">Vuestras misiones son :<\/h3>\n\n<ul class=\"wp-block-list\">\n<li>Genera los comandos de los clientes utilizando el software previsto para ello, respetando los procedimientos internos.\n<ul class=\"wp-block-list\">\n<li>Renseigner les clients (tel. Email) en fonction de leurs demandes, assurer le relais entre les clients et les commerciaux.<\/li>\n\n\n\n<li>Establecer los preparativos de pedidos a realizar y ofrecer los mejores precios de venta. Gestionar las existencias en Francia y trabajar en interacci\u00f3n con otras oficinas. <\/li>\n<\/ul>\n<\/li>\n\n\n\n<li>Gesti\u00f3n de reparaciones y RMA en relaci\u00f3n con el servicio t\u00e9cnico\n<ul class=\"wp-block-list\">\n<li>Organizar la entrega en casa del cliente : Contacto con los transportistas y toma de rdv, planificaci\u00f3n de los env\u00edos a seguir.<\/li>\n\n\n\n<li>Sigue los pagos en apoyo del servicio de facturaci\u00f3n en espa\u00f1ol.<\/li>\n<\/ul>\n<\/li>\n\n\n\n<li>Llevar los congresos, los suministros, la correspondencia, y una parte del apoyo de SR y de los servicios generales de la oficina francesa, 6 personas<\/li>\n<\/ul>\n\n<h3 class=\"wp-block-heading\" id=\"h-profil-recherche\">Profil recherch\u00e9 :<\/h3>\n\n<p>Justifiez d&#8217;au moins une premi\u00e8re exp\u00e9rience \u00e0 un poste similaire et \u00eates issu d&#8217;une formation administrative et\/ou commerciale. Aportar\u00e1s rigor y organizaci\u00f3n en tu trabajo, as\u00ed como una buena capacidad de relaci\u00f3n y una gran vocaci\u00f3n de servicio al cliente. Est\u00e1s familiarizado con las herramientas inform\u00e1ticas y la gesti\u00f3n de pedidos en ERP. La ma\u00eetrise de l&#8217;anglais est indispensable et une deuxi\u00e8me langue est bienvenue. Trabajar\u00e1s en equipo dentro de un peque\u00f1o equipo con un esp\u00edritu cordial.    <\/p>\n\n<p>Gracias por enviarnos tu carta de motivaci\u00f3n en ingl\u00e9s y tu CV a <a href=\"mailto:ventes@apgsolutions.com\">ventes@apgsolutions.com.<\/a><\/p>\n\n<div class=\"wp-block-buttons is-layout-flex wp-block-buttons-is-layout-flex\"><\/div>\n<p><script charset=\"utf-8\" type=\"text\/javascript\" src=\"\/\/js.hsforms.net\/forms\/embed\/v2.js\"><\/script><br \/>\n<script>\n  hbspt.forms.create({\n    region: \"na1\",\n    portalId: \"3337275\",\n    formId: \"16245354-99a4-4dd2-9e9f-fa84d519082d\"\n  });\n<\/script><\/p>\n","protected":false},"excerpt":{"rendered":"<p>Puestos vacantes en Saint Germain en Laye Administrador de sucursal H\/F apg es un fabricante de carretillas elevadoras y soluciones de gesti\u00f3n de efectivo, l\u00edder en su mercado. Buscamos un\/a Administrador\/a de Sucursal a tiempo parcial para nuestra oficina francesa encargada de los mercados de Francia, Benelux e Italia. Salaire : No comunicado Tipo De [&hellip;]<\/p>\n","protected":false},"author":4,"featured_media":0,"parent":95081,"menu_order":0,"comment_status":"closed","ping_status":"closed","template":"","meta":{"_acf_changed":false,"content-type":"","footnotes":""},"class_list":["post-95113","page","type-page","status-publish"],"yoast_head":"<!-- This site is optimized with the Yoast SEO Premium plugin v23.5 (Yoast SEO v27.2) - https:\/\/yoast.com\/product\/yoast-seo-premium-wordpress\/ -->\n<title>Puestos vacantes en Saint Germain en Laye<\/title>\n<meta name=\"description\" content=\"Ver puestos disponibles en Saint-Germain-en-Laye, Francia en APG. Explora las funciones de apoyo a las operaciones de gesti\u00f3n de efectivo.\" \/>\n<meta name=\"robots\" content=\"index, follow, max-snippet:-1, max-image-preview:large, max-video-preview:-1\" \/>\n<link rel=\"canonical\" href=\"https:\/\/apgsolutions.com\/es\/job-positions\/open-saint-germain-en-laye-positions\/\" \/>\n<meta property=\"og:locale\" content=\"es_ES\" \/>\n<meta property=\"og:type\" content=\"article\" \/>\n<meta property=\"og:title\" content=\"Puestos vacantes en Saint Germain en Laye\" \/>\n<meta property=\"og:description\" content=\"Ver puestos disponibles en Saint-Germain-en-Laye, Francia en APG. Explora las funciones de apoyo a las operaciones de gesti\u00f3n de efectivo.\" \/>\n<meta property=\"og:url\" content=\"https:\/\/apgsolutions.com\/es\/job-positions\/open-saint-germain-en-laye-positions\/\" \/>\n<meta property=\"og:site_name\" content=\"apg\u00ae Solutions\" \/>\n<meta property=\"article:publisher\" content=\"https:\/\/www.facebook.com\/apgglobalsolutions\" \/>\n<meta property=\"article:modified_time\" content=\"2026-01-22T14:42:47+00:00\" \/>\n<meta name=\"twitter:card\" content=\"summary_large_image\" \/>\n<meta name=\"twitter:site\" content=\"@apg_solutions\" \/>\n<meta name=\"twitter:label1\" content=\"Tiempo de lectura\" \/>\n\t<meta name=\"twitter:data1\" content=\"2 minutos\" \/>\n<script type=\"application\/ld+json\" class=\"yoast-schema-graph\">{\"@context\":\"https:\/\/schema.org\",\"@graph\":[{\"@type\":\"WebPage\",\"@id\":\"https:\/\/apgsolutions.com\/es\/job-positions\/open-saint-germain-en-laye-positions\/\",\"url\":\"https:\/\/apgsolutions.com\/es\/job-positions\/open-saint-germain-en-laye-positions\/\",\"name\":\"Puestos vacantes en Saint Germain en Laye\",\"isPartOf\":{\"@id\":\"https:\/\/apgsolutions.com\/es\/#website\"},\"datePublished\":\"2025-10-14T09:25:06+00:00\",\"dateModified\":\"2026-01-22T14:42:47+00:00\",\"description\":\"Ver puestos disponibles en Saint-Germain-en-Laye, Francia en APG. Explora las funciones de apoyo a las operaciones de gesti\u00f3n de efectivo.\",\"breadcrumb\":{\"@id\":\"https:\/\/apgsolutions.com\/es\/job-positions\/open-saint-germain-en-laye-positions\/#breadcrumb\"},\"inLanguage\":\"es\",\"potentialAction\":[{\"@type\":\"ReadAction\",\"target\":[\"https:\/\/apgsolutions.com\/es\/job-positions\/open-saint-germain-en-laye-positions\/\"]}]},{\"@type\":\"BreadcrumbList\",\"@id\":\"https:\/\/apgsolutions.com\/es\/job-positions\/open-saint-germain-en-laye-positions\/#breadcrumb\",\"itemListElement\":[{\"@type\":\"ListItem\",\"position\":1,\"name\":\"Puestos de trabajo\",\"item\":\"https:\/\/apgsolutions.com\/es\/job-positions\/\"},{\"@type\":\"ListItem\",\"position\":2,\"name\":\"Puestos vacantes en Saint Germain en Laye\"}]},{\"@type\":\"WebSite\",\"@id\":\"https:\/\/apgsolutions.com\/es\/#website\",\"url\":\"https:\/\/apgsolutions.com\/es\/\",\"name\":\"APG Solutions, LLC\",\"description\":\"Trust at every point.\",\"publisher\":{\"@id\":\"https:\/\/apgsolutions.com\/es\/#organization\"},\"potentialAction\":[{\"@type\":\"SearchAction\",\"target\":{\"@type\":\"EntryPoint\",\"urlTemplate\":\"https:\/\/apgsolutions.com\/es\/?s={search_term_string}\"},\"query-input\":{\"@type\":\"PropertyValueSpecification\",\"valueRequired\":true,\"valueName\":\"search_term_string\"}}],\"inLanguage\":\"es\"},{\"@type\":\"Organization\",\"@id\":\"https:\/\/apgsolutions.com\/es\/#organization\",\"name\":\"APG Solution, LLC\",\"url\":\"https:\/\/apgsolutions.com\/es\/\",\"logo\":{\"@type\":\"ImageObject\",\"inLanguage\":\"es\",\"@id\":\"https:\/\/apgsolutions.com\/es\/#\/schema\/logo\/image\/\",\"url\":\"https:\/\/apgsolutions.com\/wp-content\/uploads\/2023\/12\/logomark-color.svg\",\"contentUrl\":\"https:\/\/apgsolutions.com\/wp-content\/uploads\/2023\/12\/logomark-color.svg\",\"width\":141,\"height\":138,\"caption\":\"APG Solution, LLC\"},\"image\":{\"@id\":\"https:\/\/apgsolutions.com\/es\/#\/schema\/logo\/image\/\"},\"sameAs\":[\"https:\/\/www.facebook.com\/apgglobalsolutions\",\"https:\/\/x.com\/apg_solutions\",\"https:\/\/www.youtube.com\/c\/CashManagementGlobalSolutionsbyapg\",\"https:\/\/www.linkedin.com\/company\/apgglobalsolutions\/\",\"https:\/\/www.instagram.com\/apgglobalsolutions\/\",\"https:\/\/www.pinterest.com\/apgcashdrawer\/\"]}]}<\/script>\n<!-- \/ Yoast SEO Premium plugin. -->","yoast_head_json":{"title":"Puestos vacantes en Saint Germain en Laye","description":"Ver puestos disponibles en Saint-Germain-en-Laye, Francia en APG. Explora las funciones de apoyo a las operaciones de gesti\u00f3n de efectivo.","robots":{"index":"index","follow":"follow","max-snippet":"max-snippet:-1","max-image-preview":"max-image-preview:large","max-video-preview":"max-video-preview:-1"},"canonical":"https:\/\/apgsolutions.com\/es\/job-positions\/open-saint-germain-en-laye-positions\/","og_locale":"es_ES","og_type":"article","og_title":"Puestos vacantes en Saint Germain en Laye","og_description":"Ver puestos disponibles en Saint-Germain-en-Laye, Francia en APG. Explora las funciones de apoyo a las operaciones de gesti\u00f3n de efectivo.","og_url":"https:\/\/apgsolutions.com\/es\/job-positions\/open-saint-germain-en-laye-positions\/","og_site_name":"apg\u00ae Solutions","article_publisher":"https:\/\/www.facebook.com\/apgglobalsolutions","article_modified_time":"2026-01-22T14:42:47+00:00","twitter_card":"summary_large_image","twitter_site":"@apg_solutions","twitter_misc":{"Tiempo de lectura":"2 minutos"},"schema":{"@context":"https:\/\/schema.org","@graph":[{"@type":"WebPage","@id":"https:\/\/apgsolutions.com\/es\/job-positions\/open-saint-germain-en-laye-positions\/","url":"https:\/\/apgsolutions.com\/es\/job-positions\/open-saint-germain-en-laye-positions\/","name":"Puestos vacantes en Saint Germain en Laye","isPartOf":{"@id":"https:\/\/apgsolutions.com\/es\/#website"},"datePublished":"2025-10-14T09:25:06+00:00","dateModified":"2026-01-22T14:42:47+00:00","description":"Ver puestos disponibles en Saint-Germain-en-Laye, Francia en APG. Explora las funciones de apoyo a las operaciones de gesti\u00f3n de efectivo.","breadcrumb":{"@id":"https:\/\/apgsolutions.com\/es\/job-positions\/open-saint-germain-en-laye-positions\/#breadcrumb"},"inLanguage":"es","potentialAction":[{"@type":"ReadAction","target":["https:\/\/apgsolutions.com\/es\/job-positions\/open-saint-germain-en-laye-positions\/"]}]},{"@type":"BreadcrumbList","@id":"https:\/\/apgsolutions.com\/es\/job-positions\/open-saint-germain-en-laye-positions\/#breadcrumb","itemListElement":[{"@type":"ListItem","position":1,"name":"Puestos de trabajo","item":"https:\/\/apgsolutions.com\/es\/job-positions\/"},{"@type":"ListItem","position":2,"name":"Puestos vacantes en Saint Germain en Laye"}]},{"@type":"WebSite","@id":"https:\/\/apgsolutions.com\/es\/#website","url":"https:\/\/apgsolutions.com\/es\/","name":"APG Solutions, LLC","description":"Trust at every point.","publisher":{"@id":"https:\/\/apgsolutions.com\/es\/#organization"},"potentialAction":[{"@type":"SearchAction","target":{"@type":"EntryPoint","urlTemplate":"https:\/\/apgsolutions.com\/es\/?s={search_term_string}"},"query-input":{"@type":"PropertyValueSpecification","valueRequired":true,"valueName":"search_term_string"}}],"inLanguage":"es"},{"@type":"Organization","@id":"https:\/\/apgsolutions.com\/es\/#organization","name":"APG Solution, LLC","url":"https:\/\/apgsolutions.com\/es\/","logo":{"@type":"ImageObject","inLanguage":"es","@id":"https:\/\/apgsolutions.com\/es\/#\/schema\/logo\/image\/","url":"https:\/\/apgsolutions.com\/wp-content\/uploads\/2023\/12\/logomark-color.svg","contentUrl":"https:\/\/apgsolutions.com\/wp-content\/uploads\/2023\/12\/logomark-color.svg","width":141,"height":138,"caption":"APG Solution, LLC"},"image":{"@id":"https:\/\/apgsolutions.com\/es\/#\/schema\/logo\/image\/"},"sameAs":["https:\/\/www.facebook.com\/apgglobalsolutions","https:\/\/x.com\/apg_solutions","https:\/\/www.youtube.com\/c\/CashManagementGlobalSolutionsbyapg","https:\/\/www.linkedin.com\/company\/apgglobalsolutions\/","https:\/\/www.instagram.com\/apgglobalsolutions\/","https:\/\/www.pinterest.com\/apgcashdrawer\/"]}]}},"acf":[],"_links":{"self":[{"href":"https:\/\/apgsolutions.com\/es\/wp-json\/wp\/v2\/pages\/95113","targetHints":{"allow":["GET"]}}],"collection":[{"href":"https:\/\/apgsolutions.com\/es\/wp-json\/wp\/v2\/pages"}],"about":[{"href":"https:\/\/apgsolutions.com\/es\/wp-json\/wp\/v2\/types\/page"}],"author":[{"embeddable":true,"href":"https:\/\/apgsolutions.com\/es\/wp-json\/wp\/v2\/users\/4"}],"replies":[{"embeddable":true,"href":"https:\/\/apgsolutions.com\/es\/wp-json\/wp\/v2\/comments?post=95113"}],"version-history":[{"count":3,"href":"https:\/\/apgsolutions.com\/es\/wp-json\/wp\/v2\/pages\/95113\/revisions"}],"predecessor-version":[{"id":98406,"href":"https:\/\/apgsolutions.com\/es\/wp-json\/wp\/v2\/pages\/95113\/revisions\/98406"}],"up":[{"embeddable":true,"href":"https:\/\/apgsolutions.com\/es\/wp-json\/wp\/v2\/pages\/95081"}],"wp:attachment":[{"href":"https:\/\/apgsolutions.com\/es\/wp-json\/wp\/v2\/media?parent=95113"}],"curies":[{"name":"wp","href":"https:\/\/api.w.org\/{rel}","templated":true}]}}