{"id":95231,"date":"2025-10-15T03:50:57","date_gmt":"2025-10-15T03:50:57","guid":{"rendered":"https:\/\/apgsolutions.com\/oem-activant-2\/"},"modified":"2026-01-22T14:41:33","modified_gmt":"2026-01-22T14:41:33","slug":"oem-activant-2","status":"publish","type":"page","link":"https:\/\/apgsolutions.com\/es\/oem-activant-2\/","title":{"rendered":"Activador OEM"},"content":{"rendered":"<div class=\"section_page-header \">\n    <img decoding=\"async\" class=\"header-image\" src=\"https:\/\/apgsolutions.com\/wp-content\/uploads\/2023\/04\/dark-blue-rotated.jpg\" alt=\"dark-blue\" title=\"dark-blue\">\n            <div class=\"header-content\">\n            <h1>OEM \u2013 <br>Activant<\/h1>\n        <\/div>\n    <\/div><div class=\"wp-block-image\">\n<figure class=\"aligncenter size-full\"><img decoding=\"async\" width=\"100\" height=\"55\" src=\"https:\/\/apgsolutions.com\/wp-content\/uploads\/2023\/05\/activant_logo.png\" alt=\"activant_logo\" class=\"wp-image-3923\"\/><\/figure>\n<\/div>\n<p class=\"has-text-align-center\">Ponte en contacto con Activant en relaci\u00f3n con todos los productos de esta lista.<\/p>\n\n<p class=\"has-text-align-center\">Tel\u00e9fono: (925) 361-9900 | P\u00e1gina web: <a href=\"http:\/\/www.activant.com\/epicor\/\" target=\"_blank\" rel=\"noreferrer noopener nofollow\">www.activant.com<\/a><\/p>\n\n<figure class=\"wp-block-table is-style-stripes\"><table><thead><tr><th>N\u00famero de pieza del producto<\/th><th>Descripci\u00f3n<\/th><th>C\u00f3digo del producto<\/th><\/tr><\/thead><tbody><tr><td>INT051-BL<\/td><td>SISTEMA DE CAJ\u00d3N PORTAMONEDAS POS-INTEGRATOR<\/td><td>INTEGRAT-FG<\/td><\/tr><tr><td>INT051-4-BL<\/td><td><\/td><td><\/td><\/tr><tr><td>JB051-BL1816-C<\/td><td>CAJ\u00d3N PORTAMONEDAS SERIE 4000<\/td><td>S4000-FG<\/td><\/tr><tr><td>JB051-CW1816-C<\/td><td>CAJ\u00d3N PORTAMONEDAS SERIE 4000<\/td><td>S4000-FG<\/td><\/tr><tr><td>T051-2A-CW1616<\/td><td>CAJ\u00d3N PORTAMONEDAS SERIE 100<\/td><td>S100-FG<\/td><\/tr><tr><td>T051-BL1616<\/td><td>CAJ\u00d3N PORTAMONEDAS SERIE 100<\/td><td>S100-FG<\/td><\/tr><tr><td>INT051-1-BL16195-F<\/td><td>SISTEMA CASH DRAWER CADDY<\/td><td>INTEGRAT-FG<\/td><\/tr><tr><td>INT051-3-BL16195-F<\/td><td>SISTEMA CASH DRAWER CADDY<\/td><td>INTEGRAT-FG<\/td><\/tr><tr><td>INT051-BL16195-F<\/td><td>SISTEMA CASH DRAWER CADDY<\/td><td>INTEGRAT-FG<\/td><\/tr><\/tbody><\/table><\/figure>\n","protected":false},"excerpt":{"rendered":"<p>Ponte en contacto con Activant en relaci\u00f3n con todos los productos de esta lista. Tel\u00e9fono: (925) 361-9900 | P\u00e1gina web: www.activant.com N\u00famero de pieza del producto Descripci\u00f3n C\u00f3digo del producto INT051-BL SISTEMA DE CAJ\u00d3N PORTAMONEDAS POS-INTEGRATOR INTEGRAT-FG INT051-4-BL JB051-BL1816-C CAJ\u00d3N PORTAMONEDAS SERIE 4000 S4000-FG JB051-CW1816-C CAJ\u00d3N PORTAMONEDAS SERIE 4000 S4000-FG T051-2A-CW1616 CAJ\u00d3N PORTAMONEDAS SERIE 100 [&hellip;]<\/p>\n","protected":false},"author":4,"featured_media":0,"parent":0,"menu_order":0,"comment_status":"closed","ping_status":"closed","template":"","meta":{"_acf_changed":false,"content-type":"","footnotes":""},"class_list":["post-95231","page","type-page","status-publish"],"yoast_head":"<!-- This site is optimized with the Yoast SEO Premium plugin v23.5 (Yoast SEO v27.2) - https:\/\/yoast.com\/product\/yoast-seo-premium-wordpress\/ -->\n<title>OEM - Activant Page | Soluciones apg<\/title>\n<meta name=\"description\" content=\"OEM - P\u00e1gina de Activant. Ponte en contacto con Activant en relaci\u00f3n con todos los productos de esta lista. Tel\u00e9fono: (925) 361-9900 | P\u00e1gina web: www.activant.com\" \/>\n<meta name=\"robots\" content=\"index, follow, max-snippet:-1, max-image-preview:large, max-video-preview:-1\" \/>\n<link rel=\"canonical\" href=\"https:\/\/apgsolutions.com\/es\/oem-activant-2\/\" \/>\n<meta property=\"og:locale\" content=\"es_ES\" \/>\n<meta property=\"og:type\" content=\"article\" \/>\n<meta property=\"og:title\" content=\"OEM - Activant Page | Soluciones apg\" \/>\n<meta property=\"og:description\" content=\"OEM - P\u00e1gina de Activant. Ponte en contacto con Activant en relaci\u00f3n con todos los productos de esta lista. Tel\u00e9fono: (925) 361-9900 | P\u00e1gina web: www.activant.com\" \/>\n<meta property=\"og:url\" content=\"https:\/\/apgsolutions.com\/es\/oem-activant-2\/\" \/>\n<meta property=\"og:site_name\" content=\"apg\u00ae Solutions\" \/>\n<meta property=\"article:publisher\" content=\"https:\/\/www.facebook.com\/apgglobalsolutions\" \/>\n<meta property=\"article:modified_time\" content=\"2026-01-22T14:41:33+00:00\" \/>\n<meta property=\"og:image\" content=\"https:\/\/apgsolutions.com\/wp-content\/uploads\/2023\/05\/activant_logo.png\" \/>\n<meta name=\"twitter:card\" content=\"summary_large_image\" \/>\n<meta name=\"twitter:site\" content=\"@apg_solutions\" \/>\n<script type=\"application\/ld+json\" class=\"yoast-schema-graph\">{\"@context\":\"https:\/\/schema.org\",\"@graph\":[{\"@type\":\"WebPage\",\"@id\":\"https:\/\/apgsolutions.com\/es\/oem-activant-2\/\",\"url\":\"https:\/\/apgsolutions.com\/es\/oem-activant-2\/\",\"name\":\"OEM - Activant Page | Soluciones apg\",\"isPartOf\":{\"@id\":\"https:\/\/apgsolutions.com\/es\/#website\"},\"primaryImageOfPage\":{\"@id\":\"https:\/\/apgsolutions.com\/es\/oem-activant-2\/#primaryimage\"},\"image\":{\"@id\":\"https:\/\/apgsolutions.com\/es\/oem-activant-2\/#primaryimage\"},\"thumbnailUrl\":\"https:\/\/apgsolutions.com\/wp-content\/uploads\/2023\/05\/activant_logo.png\",\"datePublished\":\"2025-10-15T03:50:57+00:00\",\"dateModified\":\"2026-01-22T14:41:33+00:00\",\"description\":\"OEM - P\u00e1gina de Activant. Ponte en contacto con Activant en relaci\u00f3n con todos los productos de esta lista. Tel\u00e9fono: (925) 361-9900 | P\u00e1gina web: www.activant.com\",\"inLanguage\":\"es\",\"potentialAction\":[{\"@type\":\"ReadAction\",\"target\":[\"https:\/\/apgsolutions.com\/es\/oem-activant-2\/\"]}]},{\"@type\":\"ImageObject\",\"inLanguage\":\"es\",\"@id\":\"https:\/\/apgsolutions.com\/es\/oem-activant-2\/#primaryimage\",\"url\":\"https:\/\/apgsolutions.com\/wp-content\/uploads\/2023\/05\/activant_logo.png\",\"contentUrl\":\"https:\/\/apgsolutions.com\/wp-content\/uploads\/2023\/05\/activant_logo.png\"},{\"@type\":\"WebSite\",\"@id\":\"https:\/\/apgsolutions.com\/es\/#website\",\"url\":\"https:\/\/apgsolutions.com\/es\/\",\"name\":\"APG Solutions, LLC\",\"description\":\"Trust at every point.\",\"publisher\":{\"@id\":\"https:\/\/apgsolutions.com\/es\/#organization\"},\"potentialAction\":[{\"@type\":\"SearchAction\",\"target\":{\"@type\":\"EntryPoint\",\"urlTemplate\":\"https:\/\/apgsolutions.com\/es\/?s={search_term_string}\"},\"query-input\":{\"@type\":\"PropertyValueSpecification\",\"valueRequired\":true,\"valueName\":\"search_term_string\"}}],\"inLanguage\":\"es\"},{\"@type\":\"Organization\",\"@id\":\"https:\/\/apgsolutions.com\/es\/#organization\",\"name\":\"APG Solution, LLC\",\"url\":\"https:\/\/apgsolutions.com\/es\/\",\"logo\":{\"@type\":\"ImageObject\",\"inLanguage\":\"es\",\"@id\":\"https:\/\/apgsolutions.com\/es\/#\/schema\/logo\/image\/\",\"url\":\"https:\/\/apgsolutions.com\/wp-content\/uploads\/2023\/12\/logomark-color.svg\",\"contentUrl\":\"https:\/\/apgsolutions.com\/wp-content\/uploads\/2023\/12\/logomark-color.svg\",\"width\":141,\"height\":138,\"caption\":\"APG Solution, LLC\"},\"image\":{\"@id\":\"https:\/\/apgsolutions.com\/es\/#\/schema\/logo\/image\/\"},\"sameAs\":[\"https:\/\/www.facebook.com\/apgglobalsolutions\",\"https:\/\/x.com\/apg_solutions\",\"https:\/\/www.youtube.com\/c\/CashManagementGlobalSolutionsbyapg\",\"https:\/\/www.linkedin.com\/company\/apgglobalsolutions\/\",\"https:\/\/www.instagram.com\/apgglobalsolutions\/\",\"https:\/\/www.pinterest.com\/apgcashdrawer\/\"]}]}<\/script>\n<!-- \/ Yoast SEO Premium plugin. -->","yoast_head_json":{"title":"OEM - Activant Page | Soluciones apg","description":"OEM - P\u00e1gina de Activant. Ponte en contacto con Activant en relaci\u00f3n con todos los productos de esta lista. Tel\u00e9fono: (925) 361-9900 | P\u00e1gina web: www.activant.com","robots":{"index":"index","follow":"follow","max-snippet":"max-snippet:-1","max-image-preview":"max-image-preview:large","max-video-preview":"max-video-preview:-1"},"canonical":"https:\/\/apgsolutions.com\/es\/oem-activant-2\/","og_locale":"es_ES","og_type":"article","og_title":"OEM - Activant Page | Soluciones apg","og_description":"OEM - P\u00e1gina de Activant. Ponte en contacto con Activant en relaci\u00f3n con todos los productos de esta lista. Tel\u00e9fono: (925) 361-9900 | P\u00e1gina web: www.activant.com","og_url":"https:\/\/apgsolutions.com\/es\/oem-activant-2\/","og_site_name":"apg\u00ae Solutions","article_publisher":"https:\/\/www.facebook.com\/apgglobalsolutions","article_modified_time":"2026-01-22T14:41:33+00:00","og_image":[{"url":"https:\/\/apgsolutions.com\/wp-content\/uploads\/2023\/05\/activant_logo.png","type":"","width":"","height":""}],"twitter_card":"summary_large_image","twitter_site":"@apg_solutions","schema":{"@context":"https:\/\/schema.org","@graph":[{"@type":"WebPage","@id":"https:\/\/apgsolutions.com\/es\/oem-activant-2\/","url":"https:\/\/apgsolutions.com\/es\/oem-activant-2\/","name":"OEM - Activant Page | Soluciones apg","isPartOf":{"@id":"https:\/\/apgsolutions.com\/es\/#website"},"primaryImageOfPage":{"@id":"https:\/\/apgsolutions.com\/es\/oem-activant-2\/#primaryimage"},"image":{"@id":"https:\/\/apgsolutions.com\/es\/oem-activant-2\/#primaryimage"},"thumbnailUrl":"https:\/\/apgsolutions.com\/wp-content\/uploads\/2023\/05\/activant_logo.png","datePublished":"2025-10-15T03:50:57+00:00","dateModified":"2026-01-22T14:41:33+00:00","description":"OEM - P\u00e1gina de Activant. Ponte en contacto con Activant en relaci\u00f3n con todos los productos de esta lista. Tel\u00e9fono: (925) 361-9900 | P\u00e1gina web: www.activant.com","inLanguage":"es","potentialAction":[{"@type":"ReadAction","target":["https:\/\/apgsolutions.com\/es\/oem-activant-2\/"]}]},{"@type":"ImageObject","inLanguage":"es","@id":"https:\/\/apgsolutions.com\/es\/oem-activant-2\/#primaryimage","url":"https:\/\/apgsolutions.com\/wp-content\/uploads\/2023\/05\/activant_logo.png","contentUrl":"https:\/\/apgsolutions.com\/wp-content\/uploads\/2023\/05\/activant_logo.png"},{"@type":"WebSite","@id":"https:\/\/apgsolutions.com\/es\/#website","url":"https:\/\/apgsolutions.com\/es\/","name":"APG Solutions, LLC","description":"Trust at every point.","publisher":{"@id":"https:\/\/apgsolutions.com\/es\/#organization"},"potentialAction":[{"@type":"SearchAction","target":{"@type":"EntryPoint","urlTemplate":"https:\/\/apgsolutions.com\/es\/?s={search_term_string}"},"query-input":{"@type":"PropertyValueSpecification","valueRequired":true,"valueName":"search_term_string"}}],"inLanguage":"es"},{"@type":"Organization","@id":"https:\/\/apgsolutions.com\/es\/#organization","name":"APG Solution, LLC","url":"https:\/\/apgsolutions.com\/es\/","logo":{"@type":"ImageObject","inLanguage":"es","@id":"https:\/\/apgsolutions.com\/es\/#\/schema\/logo\/image\/","url":"https:\/\/apgsolutions.com\/wp-content\/uploads\/2023\/12\/logomark-color.svg","contentUrl":"https:\/\/apgsolutions.com\/wp-content\/uploads\/2023\/12\/logomark-color.svg","width":141,"height":138,"caption":"APG Solution, LLC"},"image":{"@id":"https:\/\/apgsolutions.com\/es\/#\/schema\/logo\/image\/"},"sameAs":["https:\/\/www.facebook.com\/apgglobalsolutions","https:\/\/x.com\/apg_solutions","https:\/\/www.youtube.com\/c\/CashManagementGlobalSolutionsbyapg","https:\/\/www.linkedin.com\/company\/apgglobalsolutions\/","https:\/\/www.instagram.com\/apgglobalsolutions\/","https:\/\/www.pinterest.com\/apgcashdrawer\/"]}]}},"acf":[],"_links":{"self":[{"href":"https:\/\/apgsolutions.com\/es\/wp-json\/wp\/v2\/pages\/95231","targetHints":{"allow":["GET"]}}],"collection":[{"href":"https:\/\/apgsolutions.com\/es\/wp-json\/wp\/v2\/pages"}],"about":[{"href":"https:\/\/apgsolutions.com\/es\/wp-json\/wp\/v2\/types\/page"}],"author":[{"embeddable":true,"href":"https:\/\/apgsolutions.com\/es\/wp-json\/wp\/v2\/users\/4"}],"replies":[{"embeddable":true,"href":"https:\/\/apgsolutions.com\/es\/wp-json\/wp\/v2\/comments?post=95231"}],"version-history":[{"count":2,"href":"https:\/\/apgsolutions.com\/es\/wp-json\/wp\/v2\/pages\/95231\/revisions"}],"predecessor-version":[{"id":98339,"href":"https:\/\/apgsolutions.com\/es\/wp-json\/wp\/v2\/pages\/95231\/revisions\/98339"}],"wp:attachment":[{"href":"https:\/\/apgsolutions.com\/es\/wp-json\/wp\/v2\/media?parent=95231"}],"curies":[{"name":"wp","href":"https:\/\/api.w.org\/{rel}","templated":true}]}}