{"id":95241,"date":"2025-10-15T03:55:00","date_gmt":"2025-10-15T03:55:00","guid":{"rendered":"https:\/\/apgsolutions.com\/oem-apple-inc\/"},"modified":"2025-10-15T03:55:00","modified_gmt":"2025-10-15T03:55:00","slug":"oem-apple-inc","status":"publish","type":"page","link":"https:\/\/apgsolutions.com\/es\/oem-apple-inc\/","title":{"rendered":"OEM Apple"},"content":{"rendered":"<div class=\"section_page-header \">\n    <img decoding=\"async\" class=\"header-image\" src=\"https:\/\/apgsolutions.com\/wp-content\/uploads\/2023\/04\/dark-blue-rotated.jpg\" alt=\"dark-blue\" title=\"dark-blue\">\n            <div class=\"header-content\">\n            <h1>OEM \u2013 Apple, Inc.<\/h1>\n        <\/div>\n    <\/div><div class=\"wp-block-image\">\n<figure class=\"aligncenter size-full\"><img fetchpriority=\"high\" decoding=\"async\" width=\"256\" height=\"300\" src=\"https:\/\/apgsolutions.com\/wp-content\/uploads\/2023\/05\/apple-logo-256x300-1.jpg\" alt=\"apple-logo-256&#215;300-1\" class=\"wp-image-3894\"\/><\/figure>\n<\/div>\n<p class=\"has-text-align-center\">Ponte en contacto con Apple en relaci\u00f3n con todos los productos de esta lista.<\/p>\n\n<p class=\"has-text-align-center\">Tel\u00e9fono: 408-996-1010 | P\u00e1gina web: <a href=\"https:\/\/www.apple.com\/\" target=\"_blank\" rel=\"noreferrer noopener\">www.apple.com<\/a><\/p>\n\n<figure class=\"wp-block-table is-style-stripes\"><table><thead><tr><th>N\u00famero de pieza del producto<\/th><th>Descripci\u00f3n<\/th><th>C\u00f3digo del producto<\/th><\/tr><\/thead><tbody><tr><td>JG430-BL1616-B2A<\/td><td>CAJ\u00d3N PORTAMONEDAS SERIE 4000<\/td><td>S4000-FG<\/td><\/tr><tr><td>JG430-CW1616-B2A<\/td><td>CAJ\u00d3N PORTAMONEDAS SERIE 4000<\/td><td>S4000-FG<\/td><\/tr><tr><td>JG430-CW1616-N<\/td><td>CAJ\u00d3N PORTAMONEDAS SERIE 4000<\/td><td>S4000-FG<\/td><\/tr><tr><td>T431-BL16195<\/td><td>CAJ\u00d3N PORTAMONEDAS SERIE 100<\/td><td>S100-FG<\/td><\/tr><\/tbody><\/table><\/figure>\n","protected":false},"excerpt":{"rendered":"<p>Ponte en contacto con Apple en relaci\u00f3n con todos los productos de esta lista. Tel\u00e9fono: 408-996-1010 | P\u00e1gina web: www.apple.com N\u00famero de pieza del producto Descripci\u00f3n C\u00f3digo del producto JG430-BL1616-B2A CAJ\u00d3N PORTAMONEDAS SERIE 4000 S4000-FG JG430-CW1616-B2A CAJ\u00d3N PORTAMONEDAS SERIE 4000 S4000-FG JG430-CW1616-N CAJ\u00d3N PORTAMONEDAS SERIE 4000 S4000-FG T431-BL16195 CAJ\u00d3N PORTAMONEDAS SERIE 100 S100-FG<\/p>\n","protected":false},"author":4,"featured_media":0,"parent":0,"menu_order":0,"comment_status":"closed","ping_status":"closed","template":"","meta":{"_acf_changed":false,"content-type":"","footnotes":""},"class_list":["post-95241","page","type-page","status-publish"],"yoast_head":"<!-- This site is optimized with the Yoast SEO Premium plugin v23.5 (Yoast SEO v27.2) - https:\/\/yoast.com\/product\/yoast-seo-premium-wordpress\/ -->\n<title>Apple, Inc. - Fabricante de equipos originales (OEM) | apg\u00ae<\/title>\n<meta name=\"description\" content=\"Ponte en contacto con Apple para obtener informaci\u00f3n sobre el n\u00famero de pieza del producto OEM y la lista de c\u00f3digos de producto. Tel\u00e9fono: 408-996-1010 | P\u00e1gina web: www.apple.com\" \/>\n<meta name=\"robots\" content=\"index, follow, max-snippet:-1, max-image-preview:large, max-video-preview:-1\" \/>\n<link rel=\"canonical\" href=\"https:\/\/apgsolutions.com\/es\/oem-apple-inc\/\" \/>\n<meta property=\"og:locale\" content=\"es_ES\" \/>\n<meta property=\"og:type\" content=\"article\" \/>\n<meta property=\"og:title\" content=\"Apple, Inc. - Fabricante de equipos originales (OEM) | apg\u00ae\" \/>\n<meta property=\"og:description\" content=\"Ponte en contacto con Apple para obtener informaci\u00f3n sobre el n\u00famero de pieza del producto OEM y la lista de c\u00f3digos de producto. Tel\u00e9fono: 408-996-1010 | P\u00e1gina web: www.apple.com\" \/>\n<meta property=\"og:url\" content=\"https:\/\/apgsolutions.com\/es\/oem-apple-inc\/\" \/>\n<meta property=\"og:site_name\" content=\"apg\u00ae Solutions\" \/>\n<meta property=\"article:publisher\" content=\"https:\/\/www.facebook.com\/apgglobalsolutions\" \/>\n<meta property=\"og:image\" content=\"https:\/\/apgsolutions.com\/wp-content\/uploads\/2023\/05\/apple-logo-256x300-1.jpg\" \/>\n<meta name=\"twitter:card\" content=\"summary_large_image\" \/>\n<meta name=\"twitter:site\" content=\"@apg_solutions\" \/>\n<script type=\"application\/ld+json\" class=\"yoast-schema-graph\">{\"@context\":\"https:\/\/schema.org\",\"@graph\":[{\"@type\":\"WebPage\",\"@id\":\"https:\/\/apgsolutions.com\/es\/oem-apple-inc\/\",\"url\":\"https:\/\/apgsolutions.com\/es\/oem-apple-inc\/\",\"name\":\"Apple, Inc. - Fabricante de equipos originales (OEM) | apg\u00ae\",\"isPartOf\":{\"@id\":\"https:\/\/apgsolutions.com\/es\/#website\"},\"primaryImageOfPage\":{\"@id\":\"https:\/\/apgsolutions.com\/es\/oem-apple-inc\/#primaryimage\"},\"image\":{\"@id\":\"https:\/\/apgsolutions.com\/es\/oem-apple-inc\/#primaryimage\"},\"thumbnailUrl\":\"https:\/\/apgsolutions.com\/wp-content\/uploads\/2023\/05\/apple-logo-256x300-1.jpg\",\"datePublished\":\"2025-10-15T03:55:00+00:00\",\"description\":\"Ponte en contacto con Apple para obtener informaci\u00f3n sobre el n\u00famero de pieza del producto OEM y la lista de c\u00f3digos de producto. Tel\u00e9fono: 408-996-1010 | P\u00e1gina web: www.apple.com\",\"inLanguage\":\"es\",\"potentialAction\":[{\"@type\":\"ReadAction\",\"target\":[\"https:\/\/apgsolutions.com\/es\/oem-apple-inc\/\"]}]},{\"@type\":\"ImageObject\",\"inLanguage\":\"es\",\"@id\":\"https:\/\/apgsolutions.com\/es\/oem-apple-inc\/#primaryimage\",\"url\":\"https:\/\/apgsolutions.com\/wp-content\/uploads\/2023\/05\/apple-logo-256x300-1.jpg\",\"contentUrl\":\"https:\/\/apgsolutions.com\/wp-content\/uploads\/2023\/05\/apple-logo-256x300-1.jpg\"},{\"@type\":\"WebSite\",\"@id\":\"https:\/\/apgsolutions.com\/es\/#website\",\"url\":\"https:\/\/apgsolutions.com\/es\/\",\"name\":\"APG Solutions, LLC\",\"description\":\"Trust at every point.\",\"publisher\":{\"@id\":\"https:\/\/apgsolutions.com\/es\/#organization\"},\"potentialAction\":[{\"@type\":\"SearchAction\",\"target\":{\"@type\":\"EntryPoint\",\"urlTemplate\":\"https:\/\/apgsolutions.com\/es\/?s={search_term_string}\"},\"query-input\":{\"@type\":\"PropertyValueSpecification\",\"valueRequired\":true,\"valueName\":\"search_term_string\"}}],\"inLanguage\":\"es\"},{\"@type\":\"Organization\",\"@id\":\"https:\/\/apgsolutions.com\/es\/#organization\",\"name\":\"APG Solution, LLC\",\"url\":\"https:\/\/apgsolutions.com\/es\/\",\"logo\":{\"@type\":\"ImageObject\",\"inLanguage\":\"es\",\"@id\":\"https:\/\/apgsolutions.com\/es\/#\/schema\/logo\/image\/\",\"url\":\"https:\/\/apgsolutions.com\/wp-content\/uploads\/2023\/12\/logomark-color.svg\",\"contentUrl\":\"https:\/\/apgsolutions.com\/wp-content\/uploads\/2023\/12\/logomark-color.svg\",\"width\":141,\"height\":138,\"caption\":\"APG Solution, LLC\"},\"image\":{\"@id\":\"https:\/\/apgsolutions.com\/es\/#\/schema\/logo\/image\/\"},\"sameAs\":[\"https:\/\/www.facebook.com\/apgglobalsolutions\",\"https:\/\/x.com\/apg_solutions\",\"https:\/\/www.youtube.com\/c\/CashManagementGlobalSolutionsbyapg\",\"https:\/\/www.linkedin.com\/company\/apgglobalsolutions\/\",\"https:\/\/www.instagram.com\/apgglobalsolutions\/\",\"https:\/\/www.pinterest.com\/apgcashdrawer\/\"]}]}<\/script>\n<!-- \/ Yoast SEO Premium plugin. -->","yoast_head_json":{"title":"Apple, Inc. - Fabricante de equipos originales (OEM) | apg\u00ae","description":"Ponte en contacto con Apple para obtener informaci\u00f3n sobre el n\u00famero de pieza del producto OEM y la lista de c\u00f3digos de producto. Tel\u00e9fono: 408-996-1010 | P\u00e1gina web: www.apple.com","robots":{"index":"index","follow":"follow","max-snippet":"max-snippet:-1","max-image-preview":"max-image-preview:large","max-video-preview":"max-video-preview:-1"},"canonical":"https:\/\/apgsolutions.com\/es\/oem-apple-inc\/","og_locale":"es_ES","og_type":"article","og_title":"Apple, Inc. - Fabricante de equipos originales (OEM) | apg\u00ae","og_description":"Ponte en contacto con Apple para obtener informaci\u00f3n sobre el n\u00famero de pieza del producto OEM y la lista de c\u00f3digos de producto. Tel\u00e9fono: 408-996-1010 | P\u00e1gina web: www.apple.com","og_url":"https:\/\/apgsolutions.com\/es\/oem-apple-inc\/","og_site_name":"apg\u00ae Solutions","article_publisher":"https:\/\/www.facebook.com\/apgglobalsolutions","og_image":[{"url":"https:\/\/apgsolutions.com\/wp-content\/uploads\/2023\/05\/apple-logo-256x300-1.jpg","type":"","width":"","height":""}],"twitter_card":"summary_large_image","twitter_site":"@apg_solutions","schema":{"@context":"https:\/\/schema.org","@graph":[{"@type":"WebPage","@id":"https:\/\/apgsolutions.com\/es\/oem-apple-inc\/","url":"https:\/\/apgsolutions.com\/es\/oem-apple-inc\/","name":"Apple, Inc. - Fabricante de equipos originales (OEM) | apg\u00ae","isPartOf":{"@id":"https:\/\/apgsolutions.com\/es\/#website"},"primaryImageOfPage":{"@id":"https:\/\/apgsolutions.com\/es\/oem-apple-inc\/#primaryimage"},"image":{"@id":"https:\/\/apgsolutions.com\/es\/oem-apple-inc\/#primaryimage"},"thumbnailUrl":"https:\/\/apgsolutions.com\/wp-content\/uploads\/2023\/05\/apple-logo-256x300-1.jpg","datePublished":"2025-10-15T03:55:00+00:00","description":"Ponte en contacto con Apple para obtener informaci\u00f3n sobre el n\u00famero de pieza del producto OEM y la lista de c\u00f3digos de producto. Tel\u00e9fono: 408-996-1010 | P\u00e1gina web: www.apple.com","inLanguage":"es","potentialAction":[{"@type":"ReadAction","target":["https:\/\/apgsolutions.com\/es\/oem-apple-inc\/"]}]},{"@type":"ImageObject","inLanguage":"es","@id":"https:\/\/apgsolutions.com\/es\/oem-apple-inc\/#primaryimage","url":"https:\/\/apgsolutions.com\/wp-content\/uploads\/2023\/05\/apple-logo-256x300-1.jpg","contentUrl":"https:\/\/apgsolutions.com\/wp-content\/uploads\/2023\/05\/apple-logo-256x300-1.jpg"},{"@type":"WebSite","@id":"https:\/\/apgsolutions.com\/es\/#website","url":"https:\/\/apgsolutions.com\/es\/","name":"APG Solutions, LLC","description":"Trust at every point.","publisher":{"@id":"https:\/\/apgsolutions.com\/es\/#organization"},"potentialAction":[{"@type":"SearchAction","target":{"@type":"EntryPoint","urlTemplate":"https:\/\/apgsolutions.com\/es\/?s={search_term_string}"},"query-input":{"@type":"PropertyValueSpecification","valueRequired":true,"valueName":"search_term_string"}}],"inLanguage":"es"},{"@type":"Organization","@id":"https:\/\/apgsolutions.com\/es\/#organization","name":"APG Solution, LLC","url":"https:\/\/apgsolutions.com\/es\/","logo":{"@type":"ImageObject","inLanguage":"es","@id":"https:\/\/apgsolutions.com\/es\/#\/schema\/logo\/image\/","url":"https:\/\/apgsolutions.com\/wp-content\/uploads\/2023\/12\/logomark-color.svg","contentUrl":"https:\/\/apgsolutions.com\/wp-content\/uploads\/2023\/12\/logomark-color.svg","width":141,"height":138,"caption":"APG Solution, LLC"},"image":{"@id":"https:\/\/apgsolutions.com\/es\/#\/schema\/logo\/image\/"},"sameAs":["https:\/\/www.facebook.com\/apgglobalsolutions","https:\/\/x.com\/apg_solutions","https:\/\/www.youtube.com\/c\/CashManagementGlobalSolutionsbyapg","https:\/\/www.linkedin.com\/company\/apgglobalsolutions\/","https:\/\/www.instagram.com\/apgglobalsolutions\/","https:\/\/www.pinterest.com\/apgcashdrawer\/"]}]}},"acf":[],"_links":{"self":[{"href":"https:\/\/apgsolutions.com\/es\/wp-json\/wp\/v2\/pages\/95241","targetHints":{"allow":["GET"]}}],"collection":[{"href":"https:\/\/apgsolutions.com\/es\/wp-json\/wp\/v2\/pages"}],"about":[{"href":"https:\/\/apgsolutions.com\/es\/wp-json\/wp\/v2\/types\/page"}],"author":[{"embeddable":true,"href":"https:\/\/apgsolutions.com\/es\/wp-json\/wp\/v2\/users\/4"}],"replies":[{"embeddable":true,"href":"https:\/\/apgsolutions.com\/es\/wp-json\/wp\/v2\/comments?post=95241"}],"version-history":[{"count":1,"href":"https:\/\/apgsolutions.com\/es\/wp-json\/wp\/v2\/pages\/95241\/revisions"}],"predecessor-version":[{"id":95242,"href":"https:\/\/apgsolutions.com\/es\/wp-json\/wp\/v2\/pages\/95241\/revisions\/95242"}],"wp:attachment":[{"href":"https:\/\/apgsolutions.com\/es\/wp-json\/wp\/v2\/media?parent=95241"}],"curies":[{"name":"wp","href":"https:\/\/api.w.org\/{rel}","templated":true}]}}