{"id":95283,"date":"2025-10-15T04:01:32","date_gmt":"2025-10-15T04:01:32","guid":{"rendered":"https:\/\/apgsolutions.com\/oem-fujitsu-emea-2\/"},"modified":"2025-10-15T10:02:57","modified_gmt":"2025-10-15T10:02:57","slug":"oem-fujitsu-emea-2","status":"publish","type":"page","link":"https:\/\/apgsolutions.com\/es\/oem-fujitsu-emea-2\/","title":{"rendered":"OEM Fujitsu EMEA"},"content":{"rendered":"<div class=\"section_page-header \">\n    <img decoding=\"async\" class=\"header-image\" src=\"https:\/\/apgsolutions.com\/wp-content\/uploads\/2023\/04\/dark-blue-rotated.jpg\" alt=\"dark-blue\" title=\"dark-blue\">\n            <div class=\"header-content\">\n            <h1>OEM \u2013 Fujitsu (EMEA)<\/h1>\n        <\/div>\n    <\/div><div class=\"wp-block-image\">\n<figure class=\"aligncenter size-full\"><img decoding=\"async\" src=\"https:\/\/apgsolutions.com\/wp-content\/uploads\/2023\/05\/Fujitsu-logo1-1.jpg\" alt=\"Fujitsu Logo1 1\" class=\"wp-image-3809\"\/><\/figure>\n<\/div>\n<p class=\"has-text-align-center\">Ponte en contacto con Fujitsu (EMEA) en relaci\u00f3n con todos los productos de esta lista.<\/p>\n\n<p class=\"has-text-align-center\">P\u00e1gina web: www.fujitsu.com\/emea\/<\/p>\n\n<figure class=\"wp-block-table is-style-stripes\"><table><thead><tr><th>N\u00famero de pieza del producto<\/th><th>Descripci\u00f3n<\/th><th>C\u00f3digo del producto<\/th><\/tr><\/thead><tbody><tr><td>INT646-BL16195-M1<\/td><td>FUJITSU SOLUCI\u00d3N APILADA, BANDEJA EURO<\/td><td>INTEGRAT-FG<\/td><\/tr><tr><td>INT646-BL16195-M5<\/td><td>SOLUCI\u00d3N APILADA FUJITSU, BANDEJA STERLING<\/td><td>INTEGRAT-FG<\/td><\/tr><tr><td>JB092-3-BL1816-C<\/td><td>CAJ\u00d3N PORTAMONEDAS S4000, NEGRO<\/td><td>S4000-FG<\/td><\/tr><tr><td>JB646-BL1816-M1<\/td><td>CAJ\u00d3N PORTAMONEDAS EST\u00c1NDAR FUJITSU, NEGRO<\/td><td>S4000-FG<\/td><\/tr><tr><td>JB646-BL1816-M5<\/td><td>CAJ\u00d3N PORTAMONEDAS EST\u00c1NDAR FUJITSU, NEGRO<\/td><td>S4000-FG<\/td><\/tr><tr><td>JB646-CW1816-M1<\/td><td>CAJ\u00d3N PORTAMONEDAS EST\u00c1NDAR FUJITSU, BLANCO NUBE<\/td><td>S4000-FG<\/td><\/tr><tr><td>JB646-CW1816-M5<\/td><td>CAJ\u00d3N PORTAMONEDAS EST\u00c1NDAR FUJITSU, BLANCO NUBE<\/td><td>S4000-FG<\/td><\/tr><tr><td>JG646-2-BL1517<\/td><td>FUJITSU (EU) CAJ\u00d3N PORTAMONEDAS, NEGRO &#8211; 2A\u00d1OS  <\/td><td>S4000-FG<\/td><\/tr><tr><td>JG646-BL1517  <\/td><td>FUJITSU (EU) CAJ\u00d3N PORTAMONEDAS, NEGRO  <\/td><td>S4000-FG<\/td><\/tr><tr><td>JG646-CW1517<\/td><td>FUJITSU (EU) CAJ\u00d3N PORTAMONEDAS<\/td><td>S4000-FG<\/td><\/tr><tr><td>MFS646-BG460<\/td><td>CAJ\u00d3N PORTAMONEDAS ABATIBLE FUJITSU, BEIGE<\/td><td>FLIPTOP-FG<\/td><\/tr><tr><td>MFS646-BL460<\/td><td>FUJITSU CAJ\u00d3N PORTAMONEDAS ABATIBLE, NEGRO  <\/td><td>FLIPTOP-FG<\/td><\/tr><tr><td>T646-BL1616-M1<\/td><td>FUJITSU CAJ\u00d3N PORTAMONEDAS COMPACTO, NEGRO<\/td><td>S100-FG<\/td><\/tr><tr><td>T646-BL1616-M5  <\/td><td>FUJITSU CAJ\u00d3N PORTAMONEDAS COMPACTO, NEGRO  <\/td><td>S100-FG<\/td><\/tr><tr><td>T646-CW1616-M1<\/td><td>FUJITSU CAJ\u00d3N PORTAMONEDAS COMPACTO, BLANCO NUBE<\/td><td>S100-FG<\/td><\/tr><tr><td>T646-CW1616-M5<\/td><td>FUJITSU CAJ\u00d3N PORTAMONEDAS COMPACTO, BLANCO NUBE<\/td><td>S100-FG<\/td><\/tr><tr><td>VB646-BL1212<\/td><td>VASARIO\u2122 CAJ\u00d3N PORTAMONEDAS<\/td><td>VASARIO-FG<\/td><\/tr><\/tbody><\/table><\/figure>\n","protected":false},"excerpt":{"rendered":"<p>Ponte en contacto con Fujitsu (EMEA) en relaci\u00f3n con todos los productos de esta lista. P\u00e1gina web: www.fujitsu.com\/emea\/ N\u00famero de pieza del producto Descripci\u00f3n C\u00f3digo del producto INT646-BL16195-M1 FUJITSU SOLUCI\u00d3N APILADA, BANDEJA EURO INTEGRAT-FG INT646-BL16195-M5 SOLUCI\u00d3N APILADA FUJITSU, BANDEJA STERLING INTEGRAT-FG JB092-3-BL1816-C CAJ\u00d3N PORTAMONEDAS S4000, NEGRO S4000-FG JB646-BL1816-M1 CAJ\u00d3N PORTAMONEDAS EST\u00c1NDAR FUJITSU, NEGRO S4000-FG JB646-BL1816-M5 [&hellip;]<\/p>\n","protected":false},"author":4,"featured_media":0,"parent":0,"menu_order":0,"comment_status":"closed","ping_status":"closed","template":"","meta":{"_acf_changed":false,"content-type":"","footnotes":""},"class_list":["post-95283","page","type-page","status-publish"],"yoast_head":"<!-- This site is optimized with the Yoast SEO Premium plugin v23.5 (Yoast SEO v27.2) - https:\/\/yoast.com\/product\/yoast-seo-premium-wordpress\/ -->\n<title>Fujitsu (EMEA) - Fabricante de equipos originales (OEM) - APG<\/title>\n<meta name=\"description\" content=\"Ponte en contacto con Fujitsu (EMEA) para obtener informaci\u00f3n sobre la lista de c\u00f3digos y n\u00fameros de pieza de productos OEM. Visita su p\u00e1gina web: www.fujitsu.com\/emea\" \/>\n<meta name=\"robots\" content=\"index, follow, max-snippet:-1, max-image-preview:large, max-video-preview:-1\" \/>\n<link rel=\"canonical\" href=\"https:\/\/apgsolutions.com\/es\/oem-fujitsu-emea-2\/\" \/>\n<meta property=\"og:locale\" content=\"es_ES\" \/>\n<meta property=\"og:type\" content=\"article\" \/>\n<meta property=\"og:title\" content=\"Fujitsu (EMEA) - Fabricante de equipos originales (OEM) - APG\" \/>\n<meta property=\"og:description\" content=\"Ponte en contacto con Fujitsu (EMEA) para obtener informaci\u00f3n sobre la lista de c\u00f3digos y n\u00fameros de pieza de productos OEM. Visita su p\u00e1gina web: www.fujitsu.com\/emea\" \/>\n<meta property=\"og:url\" content=\"https:\/\/apgsolutions.com\/es\/oem-fujitsu-emea-2\/\" \/>\n<meta property=\"og:site_name\" content=\"apg\u00ae Solutions\" \/>\n<meta property=\"article:publisher\" content=\"https:\/\/www.facebook.com\/apgglobalsolutions\" \/>\n<meta property=\"article:modified_time\" content=\"2025-10-15T10:02:57+00:00\" \/>\n<meta property=\"og:image\" content=\"https:\/\/apgsolutions.com\/wp-content\/uploads\/2023\/05\/Fujitsu-logo1-1.jpg\" \/>\n<meta name=\"twitter:card\" content=\"summary_large_image\" \/>\n<meta name=\"twitter:site\" content=\"@apg_solutions\" \/>\n<meta name=\"twitter:label1\" content=\"Tiempo de lectura\" \/>\n\t<meta name=\"twitter:data1\" content=\"1 minuto\" \/>\n<script type=\"application\/ld+json\" class=\"yoast-schema-graph\">{\"@context\":\"https:\/\/schema.org\",\"@graph\":[{\"@type\":\"WebPage\",\"@id\":\"https:\/\/apgsolutions.com\/es\/oem-fujitsu-emea-2\/\",\"url\":\"https:\/\/apgsolutions.com\/es\/oem-fujitsu-emea-2\/\",\"name\":\"Fujitsu (EMEA) - Fabricante de equipos originales (OEM) - APG\",\"isPartOf\":{\"@id\":\"https:\/\/apgsolutions.com\/es\/#website\"},\"primaryImageOfPage\":{\"@id\":\"https:\/\/apgsolutions.com\/es\/oem-fujitsu-emea-2\/#primaryimage\"},\"image\":{\"@id\":\"https:\/\/apgsolutions.com\/es\/oem-fujitsu-emea-2\/#primaryimage\"},\"thumbnailUrl\":\"https:\/\/apgsolutions.com\/wp-content\/uploads\/2023\/05\/Fujitsu-logo1-1.jpg\",\"datePublished\":\"2025-10-15T04:01:32+00:00\",\"dateModified\":\"2025-10-15T10:02:57+00:00\",\"description\":\"Ponte en contacto con Fujitsu (EMEA) para obtener informaci\u00f3n sobre la lista de c\u00f3digos y n\u00fameros de pieza de productos OEM. Visita su p\u00e1gina web: www.fujitsu.com\/emea\",\"inLanguage\":\"es\",\"potentialAction\":[{\"@type\":\"ReadAction\",\"target\":[\"https:\/\/apgsolutions.com\/es\/oem-fujitsu-emea-2\/\"]}]},{\"@type\":\"ImageObject\",\"inLanguage\":\"es\",\"@id\":\"https:\/\/apgsolutions.com\/es\/oem-fujitsu-emea-2\/#primaryimage\",\"url\":\"https:\/\/apgsolutions.com\/wp-content\/uploads\/2023\/05\/Fujitsu-logo1-1.jpg\",\"contentUrl\":\"https:\/\/apgsolutions.com\/wp-content\/uploads\/2023\/05\/Fujitsu-logo1-1.jpg\"},{\"@type\":\"WebSite\",\"@id\":\"https:\/\/apgsolutions.com\/es\/#website\",\"url\":\"https:\/\/apgsolutions.com\/es\/\",\"name\":\"APG Solutions, LLC\",\"description\":\"Trust at every point.\",\"publisher\":{\"@id\":\"https:\/\/apgsolutions.com\/es\/#organization\"},\"potentialAction\":[{\"@type\":\"SearchAction\",\"target\":{\"@type\":\"EntryPoint\",\"urlTemplate\":\"https:\/\/apgsolutions.com\/es\/?s={search_term_string}\"},\"query-input\":{\"@type\":\"PropertyValueSpecification\",\"valueRequired\":true,\"valueName\":\"search_term_string\"}}],\"inLanguage\":\"es\"},{\"@type\":\"Organization\",\"@id\":\"https:\/\/apgsolutions.com\/es\/#organization\",\"name\":\"APG Solution, LLC\",\"url\":\"https:\/\/apgsolutions.com\/es\/\",\"logo\":{\"@type\":\"ImageObject\",\"inLanguage\":\"es\",\"@id\":\"https:\/\/apgsolutions.com\/es\/#\/schema\/logo\/image\/\",\"url\":\"https:\/\/apgsolutions.com\/wp-content\/uploads\/2023\/12\/logomark-color.svg\",\"contentUrl\":\"https:\/\/apgsolutions.com\/wp-content\/uploads\/2023\/12\/logomark-color.svg\",\"width\":141,\"height\":138,\"caption\":\"APG Solution, LLC\"},\"image\":{\"@id\":\"https:\/\/apgsolutions.com\/es\/#\/schema\/logo\/image\/\"},\"sameAs\":[\"https:\/\/www.facebook.com\/apgglobalsolutions\",\"https:\/\/x.com\/apg_solutions\",\"https:\/\/www.youtube.com\/c\/CashManagementGlobalSolutionsbyapg\",\"https:\/\/www.linkedin.com\/company\/apgglobalsolutions\/\",\"https:\/\/www.instagram.com\/apgglobalsolutions\/\",\"https:\/\/www.pinterest.com\/apgcashdrawer\/\"]}]}<\/script>\n<!-- \/ Yoast SEO Premium plugin. -->","yoast_head_json":{"title":"Fujitsu (EMEA) - Fabricante de equipos originales (OEM) - APG","description":"Ponte en contacto con Fujitsu (EMEA) para obtener informaci\u00f3n sobre la lista de c\u00f3digos y n\u00fameros de pieza de productos OEM. Visita su p\u00e1gina web: www.fujitsu.com\/emea","robots":{"index":"index","follow":"follow","max-snippet":"max-snippet:-1","max-image-preview":"max-image-preview:large","max-video-preview":"max-video-preview:-1"},"canonical":"https:\/\/apgsolutions.com\/es\/oem-fujitsu-emea-2\/","og_locale":"es_ES","og_type":"article","og_title":"Fujitsu (EMEA) - Fabricante de equipos originales (OEM) - APG","og_description":"Ponte en contacto con Fujitsu (EMEA) para obtener informaci\u00f3n sobre la lista de c\u00f3digos y n\u00fameros de pieza de productos OEM. Visita su p\u00e1gina web: www.fujitsu.com\/emea","og_url":"https:\/\/apgsolutions.com\/es\/oem-fujitsu-emea-2\/","og_site_name":"apg\u00ae Solutions","article_publisher":"https:\/\/www.facebook.com\/apgglobalsolutions","article_modified_time":"2025-10-15T10:02:57+00:00","og_image":[{"url":"https:\/\/apgsolutions.com\/wp-content\/uploads\/2023\/05\/Fujitsu-logo1-1.jpg","type":"","width":"","height":""}],"twitter_card":"summary_large_image","twitter_site":"@apg_solutions","twitter_misc":{"Tiempo de lectura":"1 minuto"},"schema":{"@context":"https:\/\/schema.org","@graph":[{"@type":"WebPage","@id":"https:\/\/apgsolutions.com\/es\/oem-fujitsu-emea-2\/","url":"https:\/\/apgsolutions.com\/es\/oem-fujitsu-emea-2\/","name":"Fujitsu (EMEA) - Fabricante de equipos originales (OEM) - APG","isPartOf":{"@id":"https:\/\/apgsolutions.com\/es\/#website"},"primaryImageOfPage":{"@id":"https:\/\/apgsolutions.com\/es\/oem-fujitsu-emea-2\/#primaryimage"},"image":{"@id":"https:\/\/apgsolutions.com\/es\/oem-fujitsu-emea-2\/#primaryimage"},"thumbnailUrl":"https:\/\/apgsolutions.com\/wp-content\/uploads\/2023\/05\/Fujitsu-logo1-1.jpg","datePublished":"2025-10-15T04:01:32+00:00","dateModified":"2025-10-15T10:02:57+00:00","description":"Ponte en contacto con Fujitsu (EMEA) para obtener informaci\u00f3n sobre la lista de c\u00f3digos y n\u00fameros de pieza de productos OEM. Visita su p\u00e1gina web: www.fujitsu.com\/emea","inLanguage":"es","potentialAction":[{"@type":"ReadAction","target":["https:\/\/apgsolutions.com\/es\/oem-fujitsu-emea-2\/"]}]},{"@type":"ImageObject","inLanguage":"es","@id":"https:\/\/apgsolutions.com\/es\/oem-fujitsu-emea-2\/#primaryimage","url":"https:\/\/apgsolutions.com\/wp-content\/uploads\/2023\/05\/Fujitsu-logo1-1.jpg","contentUrl":"https:\/\/apgsolutions.com\/wp-content\/uploads\/2023\/05\/Fujitsu-logo1-1.jpg"},{"@type":"WebSite","@id":"https:\/\/apgsolutions.com\/es\/#website","url":"https:\/\/apgsolutions.com\/es\/","name":"APG Solutions, LLC","description":"Trust at every point.","publisher":{"@id":"https:\/\/apgsolutions.com\/es\/#organization"},"potentialAction":[{"@type":"SearchAction","target":{"@type":"EntryPoint","urlTemplate":"https:\/\/apgsolutions.com\/es\/?s={search_term_string}"},"query-input":{"@type":"PropertyValueSpecification","valueRequired":true,"valueName":"search_term_string"}}],"inLanguage":"es"},{"@type":"Organization","@id":"https:\/\/apgsolutions.com\/es\/#organization","name":"APG Solution, LLC","url":"https:\/\/apgsolutions.com\/es\/","logo":{"@type":"ImageObject","inLanguage":"es","@id":"https:\/\/apgsolutions.com\/es\/#\/schema\/logo\/image\/","url":"https:\/\/apgsolutions.com\/wp-content\/uploads\/2023\/12\/logomark-color.svg","contentUrl":"https:\/\/apgsolutions.com\/wp-content\/uploads\/2023\/12\/logomark-color.svg","width":141,"height":138,"caption":"APG Solution, LLC"},"image":{"@id":"https:\/\/apgsolutions.com\/es\/#\/schema\/logo\/image\/"},"sameAs":["https:\/\/www.facebook.com\/apgglobalsolutions","https:\/\/x.com\/apg_solutions","https:\/\/www.youtube.com\/c\/CashManagementGlobalSolutionsbyapg","https:\/\/www.linkedin.com\/company\/apgglobalsolutions\/","https:\/\/www.instagram.com\/apgglobalsolutions\/","https:\/\/www.pinterest.com\/apgcashdrawer\/"]}]}},"acf":[],"_links":{"self":[{"href":"https:\/\/apgsolutions.com\/es\/wp-json\/wp\/v2\/pages\/95283","targetHints":{"allow":["GET"]}}],"collection":[{"href":"https:\/\/apgsolutions.com\/es\/wp-json\/wp\/v2\/pages"}],"about":[{"href":"https:\/\/apgsolutions.com\/es\/wp-json\/wp\/v2\/types\/page"}],"author":[{"embeddable":true,"href":"https:\/\/apgsolutions.com\/es\/wp-json\/wp\/v2\/users\/4"}],"replies":[{"embeddable":true,"href":"https:\/\/apgsolutions.com\/es\/wp-json\/wp\/v2\/comments?post=95283"}],"version-history":[{"count":3,"href":"https:\/\/apgsolutions.com\/es\/wp-json\/wp\/v2\/pages\/95283\/revisions"}],"predecessor-version":[{"id":95740,"href":"https:\/\/apgsolutions.com\/es\/wp-json\/wp\/v2\/pages\/95283\/revisions\/95740"}],"wp:attachment":[{"href":"https:\/\/apgsolutions.com\/es\/wp-json\/wp\/v2\/media?parent=95283"}],"curies":[{"name":"wp","href":"https:\/\/api.w.org\/{rel}","templated":true}]}}