{"id":95289,"date":"2025-10-15T04:02:16","date_gmt":"2025-10-15T04:02:16","guid":{"rendered":"https:\/\/apgsolutions.com\/oem-fujitsu-usa\/"},"modified":"2025-10-15T10:03:01","modified_gmt":"2025-10-15T10:03:01","slug":"oem-fujitsu-usa","status":"publish","type":"page","link":"https:\/\/apgsolutions.com\/es\/oem-fujitsu-usa\/","title":{"rendered":"OEM Fujitsu USA"},"content":{"rendered":"<div class=\"section_page-header \">\n    <img decoding=\"async\" class=\"header-image\" src=\"https:\/\/apgsolutions.com\/wp-content\/uploads\/2023\/04\/dark-blue-rotated.jpg\" alt=\"dark-blue\" title=\"dark-blue\">\n            <div class=\"header-content\">\n            <h1>OEM \u2013 Fujitsu (USA)<\/h1>\n        <\/div>\n    <\/div><div class=\"wp-block-image\">\n<figure class=\"aligncenter size-full\"><img fetchpriority=\"high\" decoding=\"async\" width=\"286\" height=\"176\" src=\"https:\/\/apgsolutions.com\/wp-content\/uploads\/2023\/05\/Fujitsu-logo1.jpg\" alt=\"Fujitsu-logo1\" class=\"wp-image-3799\"\/><\/figure>\n<\/div>\n<p class=\"has-text-align-center\">Ponte en contacto con Fujitsu (EE.UU.) en relaci\u00f3n con todos los productos de esta lista.<\/p>\n\n<p class=\"has-text-align-center\">Tel\u00e9fono: 952-893-5570 | P\u00e1gina web: <a href=\"https:\/\/www.fujitsu.com\/us\/\" target=\"_blank\" rel=\"noreferrer noopener nofollow\">www.fujitsu.com\/us\/<\/a><\/p>\n\n<figure class=\"wp-block-table is-style-stripes\"><table><thead><tr><th>N\u00famero de pieza del producto<\/th><th>Descripci\u00f3n<\/th><th>C\u00f3digo del producto<\/th><\/tr><\/thead><tbody><tr><td>VB146-5A-BL1618<\/td><td>VASARIO\u2122 CAJ\u00d3N PORTAMONEDAS<\/td><td>VASARIO-FG<\/td><\/tr><tr><td>VB146-5C-BL1618<\/td><td>VASARIO\u2122 CAJ\u00d3N PORTAMONEDAS<\/td><td>VASARIO-FG<\/td><\/tr><tr><td>VB146-BL1416<\/td><td>VASARIO\u2122 CAJ\u00d3N PORTAMONEDAS<\/td><td>VASARIO-FG<\/td><\/tr><tr><td>VP146-5A-BL1416<\/td><td>VASARIO\u2122 CAJ\u00d3N PORTAMONEDAS<\/td><td>VASARIO-FG<\/td><\/tr><tr><td>VP146-5A-BL1416-B4<\/td><td>VASARIO\u2122 CAJ\u00d3N PORTAMONEDAS<\/td><td>VASARIO-FG<\/td><\/tr><tr><td>VP146-5B-BG1416-B4<\/td><td>VASARIO\u2122 CAJ\u00d3N PORTAMONEDAS<\/td><td>VASARIO-FG<\/td><\/tr><tr><td>VP146-5B-BL1416<\/td><td>VASARIO\u2122 CAJ\u00d3N PORTAMONEDAS<\/td><td>VASARIO-FG<\/td><\/tr><tr><td>VP146-5B-BL1416-B4<\/td><td>VASARIO\u2122 CAJ\u00d3N PORTAMONEDAS<\/td><td>VASARIO-FG<\/td><\/tr><tr><td>VP146-5C-BG1416-B4<\/td><td>VASARIO\u2122 CAJ\u00d3N PORTAMONEDAS<\/td><td>VASARIO-FG<\/td><\/tr><tr><td>VP146-5C-BL1416<\/td><td>VASARIO\u2122 CAJ\u00d3N PORTAMONEDAS<\/td><td>VASARIO-FG<\/td><\/tr><tr><td>VP146-5C-BL1416-B4<\/td><td>VASARIO\u2122 CAJ\u00d3N PORTAMONEDAS<\/td><td>VASARIO-FG<\/td><\/tr><tr><td>JB092-3-BL1816-C<\/td><td>CAJ\u00d3N PORTAMONEDAS S4000<\/td><td>S4000-FG<\/td><\/tr><tr><td>JG146-1-BL1714<\/td><td>NF5 CAJ\u00d3N PORTAMONEDAS<\/td><td>S4000-FG<\/td><\/tr><\/tbody><\/table><\/figure>\n","protected":false},"excerpt":{"rendered":"<p>Ponte en contacto con Fujitsu (EE.UU.) en relaci\u00f3n con todos los productos de esta lista. Tel\u00e9fono: 952-893-5570 | P\u00e1gina web: www.fujitsu.com\/us\/ N\u00famero de pieza del producto Descripci\u00f3n C\u00f3digo del producto VB146-5A-BL1618 VASARIO\u2122 CAJ\u00d3N PORTAMONEDAS VASARIO-FG VB146-5C-BL1618 VASARIO\u2122 CAJ\u00d3N PORTAMONEDAS VASARIO-FG VB146-BL1416 VASARIO\u2122 CAJ\u00d3N PORTAMONEDAS VASARIO-FG VP146-5A-BL1416 VASARIO\u2122 CAJ\u00d3N PORTAMONEDAS VASARIO-FG VP146-5A-BL1416-B4 VASARIO\u2122 CAJ\u00d3N PORTAMONEDAS VASARIO-FG [&hellip;]<\/p>\n","protected":false},"author":4,"featured_media":0,"parent":0,"menu_order":0,"comment_status":"closed","ping_status":"closed","template":"","meta":{"_acf_changed":false,"content-type":"","footnotes":""},"class_list":["post-95289","page","type-page","status-publish"],"yoast_head":"<!-- This site is optimized with the Yoast SEO Premium plugin v23.5 (Yoast SEO v27.2) - https:\/\/yoast.com\/product\/yoast-seo-premium-wordpress\/ -->\n<title>Fujitsu (EEUU) - Fabricante de equipos originales (OEM) - APG<\/title>\n<meta name=\"description\" content=\"Ponte en contacto con Fujitsu (EE.UU.) para obtener informaci\u00f3n sobre el n\u00famero de pieza del producto OEM y la lista de c\u00f3digos de producto. Tel\u00e9fono: 952-893-5570 | P\u00e1gina web: www.fujitsu.com\/us\" \/>\n<meta name=\"robots\" content=\"index, follow, max-snippet:-1, max-image-preview:large, max-video-preview:-1\" \/>\n<link rel=\"canonical\" href=\"https:\/\/apgsolutions.com\/es\/oem-fujitsu-usa\/\" \/>\n<meta property=\"og:locale\" content=\"es_ES\" \/>\n<meta property=\"og:type\" content=\"article\" \/>\n<meta property=\"og:title\" content=\"Fujitsu (EEUU) - Fabricante de equipos originales (OEM) - APG\" \/>\n<meta property=\"og:description\" content=\"Ponte en contacto con Fujitsu (EE.UU.) para obtener informaci\u00f3n sobre el n\u00famero de pieza del producto OEM y la lista de c\u00f3digos de producto. Tel\u00e9fono: 952-893-5570 | P\u00e1gina web: www.fujitsu.com\/us\" \/>\n<meta property=\"og:url\" content=\"https:\/\/apgsolutions.com\/es\/oem-fujitsu-usa\/\" \/>\n<meta property=\"og:site_name\" content=\"apg\u00ae Solutions\" \/>\n<meta property=\"article:publisher\" content=\"https:\/\/www.facebook.com\/apgglobalsolutions\" \/>\n<meta property=\"article:modified_time\" content=\"2025-10-15T10:03:01+00:00\" \/>\n<meta property=\"og:image\" content=\"https:\/\/apgsolutions.com\/wp-content\/uploads\/2023\/05\/Fujitsu-logo1.jpg\" \/>\n<meta name=\"twitter:card\" content=\"summary_large_image\" \/>\n<meta name=\"twitter:site\" content=\"@apg_solutions\" \/>\n<meta name=\"twitter:label1\" content=\"Tiempo de lectura\" \/>\n\t<meta name=\"twitter:data1\" content=\"1 minuto\" \/>\n<script type=\"application\/ld+json\" class=\"yoast-schema-graph\">{\"@context\":\"https:\/\/schema.org\",\"@graph\":[{\"@type\":\"WebPage\",\"@id\":\"https:\/\/apgsolutions.com\/es\/oem-fujitsu-usa\/\",\"url\":\"https:\/\/apgsolutions.com\/es\/oem-fujitsu-usa\/\",\"name\":\"Fujitsu (EEUU) - Fabricante de equipos originales (OEM) - APG\",\"isPartOf\":{\"@id\":\"https:\/\/apgsolutions.com\/es\/#website\"},\"primaryImageOfPage\":{\"@id\":\"https:\/\/apgsolutions.com\/es\/oem-fujitsu-usa\/#primaryimage\"},\"image\":{\"@id\":\"https:\/\/apgsolutions.com\/es\/oem-fujitsu-usa\/#primaryimage\"},\"thumbnailUrl\":\"https:\/\/apgsolutions.com\/wp-content\/uploads\/2023\/05\/Fujitsu-logo1.jpg\",\"datePublished\":\"2025-10-15T04:02:16+00:00\",\"dateModified\":\"2025-10-15T10:03:01+00:00\",\"description\":\"Ponte en contacto con Fujitsu (EE.UU.) para obtener informaci\u00f3n sobre el n\u00famero de pieza del producto OEM y la lista de c\u00f3digos de producto. Tel\u00e9fono: 952-893-5570 | P\u00e1gina web: www.fujitsu.com\/us\",\"inLanguage\":\"es\",\"potentialAction\":[{\"@type\":\"ReadAction\",\"target\":[\"https:\/\/apgsolutions.com\/es\/oem-fujitsu-usa\/\"]}]},{\"@type\":\"ImageObject\",\"inLanguage\":\"es\",\"@id\":\"https:\/\/apgsolutions.com\/es\/oem-fujitsu-usa\/#primaryimage\",\"url\":\"https:\/\/apgsolutions.com\/wp-content\/uploads\/2023\/05\/Fujitsu-logo1.jpg\",\"contentUrl\":\"https:\/\/apgsolutions.com\/wp-content\/uploads\/2023\/05\/Fujitsu-logo1.jpg\"},{\"@type\":\"WebSite\",\"@id\":\"https:\/\/apgsolutions.com\/es\/#website\",\"url\":\"https:\/\/apgsolutions.com\/es\/\",\"name\":\"APG Solutions, LLC\",\"description\":\"Trust at every point.\",\"publisher\":{\"@id\":\"https:\/\/apgsolutions.com\/es\/#organization\"},\"potentialAction\":[{\"@type\":\"SearchAction\",\"target\":{\"@type\":\"EntryPoint\",\"urlTemplate\":\"https:\/\/apgsolutions.com\/es\/?s={search_term_string}\"},\"query-input\":{\"@type\":\"PropertyValueSpecification\",\"valueRequired\":true,\"valueName\":\"search_term_string\"}}],\"inLanguage\":\"es\"},{\"@type\":\"Organization\",\"@id\":\"https:\/\/apgsolutions.com\/es\/#organization\",\"name\":\"APG Solution, LLC\",\"url\":\"https:\/\/apgsolutions.com\/es\/\",\"logo\":{\"@type\":\"ImageObject\",\"inLanguage\":\"es\",\"@id\":\"https:\/\/apgsolutions.com\/es\/#\/schema\/logo\/image\/\",\"url\":\"https:\/\/apgsolutions.com\/wp-content\/uploads\/2023\/12\/logomark-color.svg\",\"contentUrl\":\"https:\/\/apgsolutions.com\/wp-content\/uploads\/2023\/12\/logomark-color.svg\",\"width\":141,\"height\":138,\"caption\":\"APG Solution, LLC\"},\"image\":{\"@id\":\"https:\/\/apgsolutions.com\/es\/#\/schema\/logo\/image\/\"},\"sameAs\":[\"https:\/\/www.facebook.com\/apgglobalsolutions\",\"https:\/\/x.com\/apg_solutions\",\"https:\/\/www.youtube.com\/c\/CashManagementGlobalSolutionsbyapg\",\"https:\/\/www.linkedin.com\/company\/apgglobalsolutions\/\",\"https:\/\/www.instagram.com\/apgglobalsolutions\/\",\"https:\/\/www.pinterest.com\/apgcashdrawer\/\"]}]}<\/script>\n<!-- \/ Yoast SEO Premium plugin. -->","yoast_head_json":{"title":"Fujitsu (EEUU) - Fabricante de equipos originales (OEM) - APG","description":"Ponte en contacto con Fujitsu (EE.UU.) para obtener informaci\u00f3n sobre el n\u00famero de pieza del producto OEM y la lista de c\u00f3digos de producto. Tel\u00e9fono: 952-893-5570 | P\u00e1gina web: www.fujitsu.com\/us","robots":{"index":"index","follow":"follow","max-snippet":"max-snippet:-1","max-image-preview":"max-image-preview:large","max-video-preview":"max-video-preview:-1"},"canonical":"https:\/\/apgsolutions.com\/es\/oem-fujitsu-usa\/","og_locale":"es_ES","og_type":"article","og_title":"Fujitsu (EEUU) - Fabricante de equipos originales (OEM) - APG","og_description":"Ponte en contacto con Fujitsu (EE.UU.) para obtener informaci\u00f3n sobre el n\u00famero de pieza del producto OEM y la lista de c\u00f3digos de producto. Tel\u00e9fono: 952-893-5570 | P\u00e1gina web: www.fujitsu.com\/us","og_url":"https:\/\/apgsolutions.com\/es\/oem-fujitsu-usa\/","og_site_name":"apg\u00ae Solutions","article_publisher":"https:\/\/www.facebook.com\/apgglobalsolutions","article_modified_time":"2025-10-15T10:03:01+00:00","og_image":[{"url":"https:\/\/apgsolutions.com\/wp-content\/uploads\/2023\/05\/Fujitsu-logo1.jpg","type":"","width":"","height":""}],"twitter_card":"summary_large_image","twitter_site":"@apg_solutions","twitter_misc":{"Tiempo de lectura":"1 minuto"},"schema":{"@context":"https:\/\/schema.org","@graph":[{"@type":"WebPage","@id":"https:\/\/apgsolutions.com\/es\/oem-fujitsu-usa\/","url":"https:\/\/apgsolutions.com\/es\/oem-fujitsu-usa\/","name":"Fujitsu (EEUU) - Fabricante de equipos originales (OEM) - APG","isPartOf":{"@id":"https:\/\/apgsolutions.com\/es\/#website"},"primaryImageOfPage":{"@id":"https:\/\/apgsolutions.com\/es\/oem-fujitsu-usa\/#primaryimage"},"image":{"@id":"https:\/\/apgsolutions.com\/es\/oem-fujitsu-usa\/#primaryimage"},"thumbnailUrl":"https:\/\/apgsolutions.com\/wp-content\/uploads\/2023\/05\/Fujitsu-logo1.jpg","datePublished":"2025-10-15T04:02:16+00:00","dateModified":"2025-10-15T10:03:01+00:00","description":"Ponte en contacto con Fujitsu (EE.UU.) para obtener informaci\u00f3n sobre el n\u00famero de pieza del producto OEM y la lista de c\u00f3digos de producto. Tel\u00e9fono: 952-893-5570 | P\u00e1gina web: www.fujitsu.com\/us","inLanguage":"es","potentialAction":[{"@type":"ReadAction","target":["https:\/\/apgsolutions.com\/es\/oem-fujitsu-usa\/"]}]},{"@type":"ImageObject","inLanguage":"es","@id":"https:\/\/apgsolutions.com\/es\/oem-fujitsu-usa\/#primaryimage","url":"https:\/\/apgsolutions.com\/wp-content\/uploads\/2023\/05\/Fujitsu-logo1.jpg","contentUrl":"https:\/\/apgsolutions.com\/wp-content\/uploads\/2023\/05\/Fujitsu-logo1.jpg"},{"@type":"WebSite","@id":"https:\/\/apgsolutions.com\/es\/#website","url":"https:\/\/apgsolutions.com\/es\/","name":"APG Solutions, LLC","description":"Trust at every point.","publisher":{"@id":"https:\/\/apgsolutions.com\/es\/#organization"},"potentialAction":[{"@type":"SearchAction","target":{"@type":"EntryPoint","urlTemplate":"https:\/\/apgsolutions.com\/es\/?s={search_term_string}"},"query-input":{"@type":"PropertyValueSpecification","valueRequired":true,"valueName":"search_term_string"}}],"inLanguage":"es"},{"@type":"Organization","@id":"https:\/\/apgsolutions.com\/es\/#organization","name":"APG Solution, LLC","url":"https:\/\/apgsolutions.com\/es\/","logo":{"@type":"ImageObject","inLanguage":"es","@id":"https:\/\/apgsolutions.com\/es\/#\/schema\/logo\/image\/","url":"https:\/\/apgsolutions.com\/wp-content\/uploads\/2023\/12\/logomark-color.svg","contentUrl":"https:\/\/apgsolutions.com\/wp-content\/uploads\/2023\/12\/logomark-color.svg","width":141,"height":138,"caption":"APG Solution, LLC"},"image":{"@id":"https:\/\/apgsolutions.com\/es\/#\/schema\/logo\/image\/"},"sameAs":["https:\/\/www.facebook.com\/apgglobalsolutions","https:\/\/x.com\/apg_solutions","https:\/\/www.youtube.com\/c\/CashManagementGlobalSolutionsbyapg","https:\/\/www.linkedin.com\/company\/apgglobalsolutions\/","https:\/\/www.instagram.com\/apgglobalsolutions\/","https:\/\/www.pinterest.com\/apgcashdrawer\/"]}]}},"acf":[],"_links":{"self":[{"href":"https:\/\/apgsolutions.com\/es\/wp-json\/wp\/v2\/pages\/95289","targetHints":{"allow":["GET"]}}],"collection":[{"href":"https:\/\/apgsolutions.com\/es\/wp-json\/wp\/v2\/pages"}],"about":[{"href":"https:\/\/apgsolutions.com\/es\/wp-json\/wp\/v2\/types\/page"}],"author":[{"embeddable":true,"href":"https:\/\/apgsolutions.com\/es\/wp-json\/wp\/v2\/users\/4"}],"replies":[{"embeddable":true,"href":"https:\/\/apgsolutions.com\/es\/wp-json\/wp\/v2\/comments?post=95289"}],"version-history":[{"count":3,"href":"https:\/\/apgsolutions.com\/es\/wp-json\/wp\/v2\/pages\/95289\/revisions"}],"predecessor-version":[{"id":95746,"href":"https:\/\/apgsolutions.com\/es\/wp-json\/wp\/v2\/pages\/95289\/revisions\/95746"}],"wp:attachment":[{"href":"https:\/\/apgsolutions.com\/es\/wp-json\/wp\/v2\/media?parent=95289"}],"curies":[{"name":"wp","href":"https:\/\/api.w.org\/{rel}","templated":true}]}}