{"id":95642,"date":"2025-10-15T07:18:54","date_gmt":"2025-10-15T07:18:54","guid":{"rendered":"https:\/\/apgsolutions.com\/compromiso-con-la-excelencia\/supply-chain-environmental-responsibility-policy\/"},"modified":"2025-10-15T07:18:55","modified_gmt":"2025-10-15T07:18:55","slug":"supply-chain-environmental-responsibility-policy","status":"publish","type":"page","link":"https:\/\/apgsolutions.com\/es\/compromiso-con-la-excelencia\/supply-chain-environmental-responsibility-policy\/","title":{"rendered":"Pol\u00edtica de Responsabilidad Medioambiental de la Cadena de Suministro"},"content":{"rendered":"<div class=\"section_page-header \">\n    <img decoding=\"async\" class=\"header-image\" src=\"https:\/\/apgsolutions.com\/wp-content\/uploads\/2023\/05\/Supply-chain.jpg\" alt=\"Supply-chain\" title=\"Supply-chain\">\n            <div class=\"header-content\">\n            <h1>Supply Chain Environmental Responsibility Policy<\/h1>\n        <\/div>\n    <\/div>\n<h2 class=\"wp-block-heading has-text-align-center has-large-font-size\" id=\"h-apg-cash-drawer-strives-to-be-a-steward-of-the-environment\">APG Cash Drawer se esfuerza por ser respetuosa con el medio ambiente.<\/h2>\n\n<p>Tenemos la responsabilidad de cuidar y proteger el medio ambiente en el que operamos. Estamos plenamente comprometidos a mejorar el comportamiento medioambiental en todas nuestras actividades empresariales y animaremos a nuestros proveedores, socios comerciales y miembros de la comunidad en general a que se unan a nosotros en este esfuerzo. <\/p>\n\n<h2 class=\"wp-block-heading\"><strong>Impactos clave en las \u00e1reas de:<\/strong><\/h2>\n\n<ul class=\"wp-block-list\">\n<li>Uso de energ\u00eda, materias primas y agua<\/li>\n\n\n\n<li>Generaci\u00f3n de residuos<\/li>\n\n\n\n<li>Emisiones al aire\/agua<\/li>\n\n\n\n<li>Transporte<\/li>\n\n\n\n<li>Adquisiciones<\/li>\n<\/ul>\n\n<h2 class=\"wp-block-heading\"><strong>APG Cash Drawer se esfuerza por:<\/strong><\/h2>\n\n<ul class=\"wp-block-list\">\n<li>Evaluar nuestras actividades organizativas e identificar las \u00e1reas en las que podemos minimizar los impactos.<\/li>\n\n\n\n<li>Minimizar los residuos mediante un uso cuidadoso y eficiente de todos los materiales y la energ\u00eda.<\/li>\n\n\n\n<li>Adquiere productos sostenibles y de origen \u00e9tico siempre que sea posible. Esto incluye productos reciclados, FSC o de bajo impacto medioambiental, componentes que contengan minerales libres de conflictos y energ\u00eda procedente de fuentes renovables. <\/li>\n\n\n\n<li>Forma a los empleados en buenas pr\u00e1cticas medioambientales y fomenta su participaci\u00f3n en acciones medioambientales.<\/li>\n\n\n\n<li>Reducir los riesgos derivados de peligros para el medio ambiente, la salud o la seguridad de los empleados y otras personas en las proximidades de nuestras operaciones.<\/li>\n\n\n\n<li>Adoptar una estrategia de transporte respetuosa con el medio ambiente.<\/li>\n\n\n\n<li>Evaluar continuamente el impacto medioambiental de nuestras operaciones y optimizarlas para que tengan el m\u00ednimo impacto adverso.<\/li>\n\n\n\n<li>Intenta incluir consideraciones medioambientales y \u00e9ticas en las decisiones de inversi\u00f3n, cuando proceda.<\/li>\n\n\n\n<li>Ayudar a desarrollar soluciones a los problemas medioambientales.<\/li>\n\n\n\n<li>Dar a conocer nuestra posici\u00f3n medioambiental.<\/li>\n\n\n\n<li>Al\u00edate con proveedores que se esfuercen por alcanzar altos niveles de gesti\u00f3n medioambiental.<\/li>\n\n\n\n<li>Garantizar la correcta eliminaci\u00f3n de nuestros productos al final de su vida \u00fatil.<\/li>\n<\/ul>\n\n<h2 class=\"wp-block-heading\"><strong>Reglamento (CE) n\u00ba 1907\/2006, art\u00edculo 33<\/strong><\/h2>\n\n<p>Algunos productos de APG contienen dodecametilciclohexasiloxano, plomo (Pb), tri\u00f3xido de diboro y 1,3,5-tris(oxiran-2-ilmetil)-1,3,5-triazinano-2,4,6-triona (TGIC). Ponte en contacto con nosotros en <a href=\"mailto:compliance@apgsolutions.com\">compliance@apgsolutions.com<\/a> para obtener m\u00e1s informaci\u00f3n sobre productos espec\u00edficos e informaci\u00f3n sobre manipulaci\u00f3n segura. <\/p>\n","protected":false},"excerpt":{"rendered":"<p>APG Cash Drawer se esfuerza por ser respetuosa con el medio ambiente. Tenemos la responsabilidad de cuidar y proteger el medio ambiente en el que operamos. Estamos plenamente comprometidos a mejorar el comportamiento medioambiental en todas nuestras actividades empresariales y animaremos a nuestros proveedores, socios comerciales y miembros de la comunidad en general a que [&hellip;]<\/p>\n","protected":false},"author":4,"featured_media":0,"parent":64631,"menu_order":0,"comment_status":"closed","ping_status":"closed","template":"","meta":{"_acf_changed":false,"content-type":"","footnotes":""},"class_list":["post-95642","page","type-page","status-publish"],"yoast_head":"<!-- This site is optimized with the Yoast SEO Premium plugin v23.5 (Yoast SEO v27.2) - https:\/\/yoast.com\/product\/yoast-seo-premium-wordpress\/ -->\n<title>Pol\u00edtica de responsabilidad medioambiental en la cadena de suministro - APG Cash Drawer<\/title>\n<meta name=\"description\" content=\"APG Cash Drawer se esfuerza por ser respetuosa con el medio ambiente. Tenemos la responsabilidad de cuidar y proteger el entorno en el que operamos. Estamos plenamente comprometidos con la mejora del rendimiento medioambiental.\" \/>\n<meta name=\"robots\" content=\"index, follow, max-snippet:-1, max-image-preview:large, max-video-preview:-1\" \/>\n<link rel=\"canonical\" href=\"https:\/\/apgsolutions.com\/es\/compromiso-con-la-excelencia\/supply-chain-environmental-responsibility-policy\/\" \/>\n<meta property=\"og:locale\" content=\"es_ES\" \/>\n<meta property=\"og:type\" content=\"article\" \/>\n<meta property=\"og:title\" content=\"Pol\u00edtica de responsabilidad medioambiental en la cadena de suministro - APG Cash Drawer\" \/>\n<meta property=\"og:description\" content=\"APG Cash Drawer se esfuerza por ser respetuosa con el medio ambiente. Tenemos la responsabilidad de cuidar y proteger el entorno en el que operamos. Estamos plenamente comprometidos con la mejora del rendimiento medioambiental.\" \/>\n<meta property=\"og:url\" content=\"https:\/\/apgsolutions.com\/es\/compromiso-con-la-excelencia\/supply-chain-environmental-responsibility-policy\/\" \/>\n<meta property=\"og:site_name\" content=\"apg\u00ae Solutions\" \/>\n<meta property=\"article:publisher\" content=\"https:\/\/www.facebook.com\/apgglobalsolutions\" \/>\n<meta property=\"article:modified_time\" content=\"2025-10-15T07:18:55+00:00\" \/>\n<meta name=\"twitter:card\" content=\"summary_large_image\" \/>\n<meta name=\"twitter:site\" content=\"@apg_solutions\" \/>\n<meta name=\"twitter:label1\" content=\"Tiempo de lectura\" \/>\n\t<meta name=\"twitter:data1\" content=\"2 minutos\" \/>\n<script type=\"application\/ld+json\" class=\"yoast-schema-graph\">{\"@context\":\"https:\/\/schema.org\",\"@graph\":[{\"@type\":\"WebPage\",\"@id\":\"https:\/\/apgsolutions.com\/es\/compromiso-con-la-excelencia\/supply-chain-environmental-responsibility-policy\/\",\"url\":\"https:\/\/apgsolutions.com\/es\/compromiso-con-la-excelencia\/supply-chain-environmental-responsibility-policy\/\",\"name\":\"Pol\u00edtica de responsabilidad medioambiental en la cadena de suministro - APG Cash Drawer\",\"isPartOf\":{\"@id\":\"https:\/\/apgsolutions.com\/es\/#website\"},\"datePublished\":\"2025-10-15T07:18:54+00:00\",\"dateModified\":\"2025-10-15T07:18:55+00:00\",\"description\":\"APG Cash Drawer se esfuerza por ser respetuosa con el medio ambiente. Tenemos la responsabilidad de cuidar y proteger el entorno en el que operamos. Estamos plenamente comprometidos con la mejora del rendimiento medioambiental.\",\"breadcrumb\":{\"@id\":\"https:\/\/apgsolutions.com\/es\/compromiso-con-la-excelencia\/supply-chain-environmental-responsibility-policy\/#breadcrumb\"},\"inLanguage\":\"es\",\"potentialAction\":[{\"@type\":\"ReadAction\",\"target\":[\"https:\/\/apgsolutions.com\/es\/compromiso-con-la-excelencia\/supply-chain-environmental-responsibility-policy\/\"]}]},{\"@type\":\"BreadcrumbList\",\"@id\":\"https:\/\/apgsolutions.com\/es\/compromiso-con-la-excelencia\/supply-chain-environmental-responsibility-policy\/#breadcrumb\",\"itemListElement\":[{\"@type\":\"ListItem\",\"position\":1,\"name\":\"APG&#8217;s Compromiso Con La Excelencia\",\"item\":\"https:\/\/apgsolutions.com\/es\/un-engagement-en-faveur-de-lexcellence\/\"},{\"@type\":\"ListItem\",\"position\":2,\"name\":\"Pol\u00edtica de Responsabilidad Medioambiental de la Cadena de Suministro\"}]},{\"@type\":\"WebSite\",\"@id\":\"https:\/\/apgsolutions.com\/es\/#website\",\"url\":\"https:\/\/apgsolutions.com\/es\/\",\"name\":\"APG Solutions, LLC\",\"description\":\"Trust at every point.\",\"publisher\":{\"@id\":\"https:\/\/apgsolutions.com\/es\/#organization\"},\"potentialAction\":[{\"@type\":\"SearchAction\",\"target\":{\"@type\":\"EntryPoint\",\"urlTemplate\":\"https:\/\/apgsolutions.com\/es\/?s={search_term_string}\"},\"query-input\":{\"@type\":\"PropertyValueSpecification\",\"valueRequired\":true,\"valueName\":\"search_term_string\"}}],\"inLanguage\":\"es\"},{\"@type\":\"Organization\",\"@id\":\"https:\/\/apgsolutions.com\/es\/#organization\",\"name\":\"APG Solution, LLC\",\"url\":\"https:\/\/apgsolutions.com\/es\/\",\"logo\":{\"@type\":\"ImageObject\",\"inLanguage\":\"es\",\"@id\":\"https:\/\/apgsolutions.com\/es\/#\/schema\/logo\/image\/\",\"url\":\"https:\/\/apgsolutions.com\/wp-content\/uploads\/2023\/12\/logomark-color.svg\",\"contentUrl\":\"https:\/\/apgsolutions.com\/wp-content\/uploads\/2023\/12\/logomark-color.svg\",\"width\":141,\"height\":138,\"caption\":\"APG Solution, LLC\"},\"image\":{\"@id\":\"https:\/\/apgsolutions.com\/es\/#\/schema\/logo\/image\/\"},\"sameAs\":[\"https:\/\/www.facebook.com\/apgglobalsolutions\",\"https:\/\/x.com\/apg_solutions\",\"https:\/\/www.youtube.com\/c\/CashManagementGlobalSolutionsbyapg\",\"https:\/\/www.linkedin.com\/company\/apgglobalsolutions\/\",\"https:\/\/www.instagram.com\/apgglobalsolutions\/\",\"https:\/\/www.pinterest.com\/apgcashdrawer\/\"]}]}<\/script>\n<!-- \/ Yoast SEO Premium plugin. -->","yoast_head_json":{"title":"Pol\u00edtica de responsabilidad medioambiental en la cadena de suministro - APG Cash Drawer","description":"APG Cash Drawer se esfuerza por ser respetuosa con el medio ambiente. Tenemos la responsabilidad de cuidar y proteger el entorno en el que operamos. Estamos plenamente comprometidos con la mejora del rendimiento medioambiental.","robots":{"index":"index","follow":"follow","max-snippet":"max-snippet:-1","max-image-preview":"max-image-preview:large","max-video-preview":"max-video-preview:-1"},"canonical":"https:\/\/apgsolutions.com\/es\/compromiso-con-la-excelencia\/supply-chain-environmental-responsibility-policy\/","og_locale":"es_ES","og_type":"article","og_title":"Pol\u00edtica de responsabilidad medioambiental en la cadena de suministro - APG Cash Drawer","og_description":"APG Cash Drawer se esfuerza por ser respetuosa con el medio ambiente. Tenemos la responsabilidad de cuidar y proteger el entorno en el que operamos. Estamos plenamente comprometidos con la mejora del rendimiento medioambiental.","og_url":"https:\/\/apgsolutions.com\/es\/compromiso-con-la-excelencia\/supply-chain-environmental-responsibility-policy\/","og_site_name":"apg\u00ae Solutions","article_publisher":"https:\/\/www.facebook.com\/apgglobalsolutions","article_modified_time":"2025-10-15T07:18:55+00:00","twitter_card":"summary_large_image","twitter_site":"@apg_solutions","twitter_misc":{"Tiempo de lectura":"2 minutos"},"schema":{"@context":"https:\/\/schema.org","@graph":[{"@type":"WebPage","@id":"https:\/\/apgsolutions.com\/es\/compromiso-con-la-excelencia\/supply-chain-environmental-responsibility-policy\/","url":"https:\/\/apgsolutions.com\/es\/compromiso-con-la-excelencia\/supply-chain-environmental-responsibility-policy\/","name":"Pol\u00edtica de responsabilidad medioambiental en la cadena de suministro - APG Cash Drawer","isPartOf":{"@id":"https:\/\/apgsolutions.com\/es\/#website"},"datePublished":"2025-10-15T07:18:54+00:00","dateModified":"2025-10-15T07:18:55+00:00","description":"APG Cash Drawer se esfuerza por ser respetuosa con el medio ambiente. Tenemos la responsabilidad de cuidar y proteger el entorno en el que operamos. Estamos plenamente comprometidos con la mejora del rendimiento medioambiental.","breadcrumb":{"@id":"https:\/\/apgsolutions.com\/es\/compromiso-con-la-excelencia\/supply-chain-environmental-responsibility-policy\/#breadcrumb"},"inLanguage":"es","potentialAction":[{"@type":"ReadAction","target":["https:\/\/apgsolutions.com\/es\/compromiso-con-la-excelencia\/supply-chain-environmental-responsibility-policy\/"]}]},{"@type":"BreadcrumbList","@id":"https:\/\/apgsolutions.com\/es\/compromiso-con-la-excelencia\/supply-chain-environmental-responsibility-policy\/#breadcrumb","itemListElement":[{"@type":"ListItem","position":1,"name":"APG&#8217;s Compromiso Con La Excelencia","item":"https:\/\/apgsolutions.com\/es\/un-engagement-en-faveur-de-lexcellence\/"},{"@type":"ListItem","position":2,"name":"Pol\u00edtica de Responsabilidad Medioambiental de la Cadena de Suministro"}]},{"@type":"WebSite","@id":"https:\/\/apgsolutions.com\/es\/#website","url":"https:\/\/apgsolutions.com\/es\/","name":"APG Solutions, LLC","description":"Trust at every point.","publisher":{"@id":"https:\/\/apgsolutions.com\/es\/#organization"},"potentialAction":[{"@type":"SearchAction","target":{"@type":"EntryPoint","urlTemplate":"https:\/\/apgsolutions.com\/es\/?s={search_term_string}"},"query-input":{"@type":"PropertyValueSpecification","valueRequired":true,"valueName":"search_term_string"}}],"inLanguage":"es"},{"@type":"Organization","@id":"https:\/\/apgsolutions.com\/es\/#organization","name":"APG Solution, LLC","url":"https:\/\/apgsolutions.com\/es\/","logo":{"@type":"ImageObject","inLanguage":"es","@id":"https:\/\/apgsolutions.com\/es\/#\/schema\/logo\/image\/","url":"https:\/\/apgsolutions.com\/wp-content\/uploads\/2023\/12\/logomark-color.svg","contentUrl":"https:\/\/apgsolutions.com\/wp-content\/uploads\/2023\/12\/logomark-color.svg","width":141,"height":138,"caption":"APG Solution, LLC"},"image":{"@id":"https:\/\/apgsolutions.com\/es\/#\/schema\/logo\/image\/"},"sameAs":["https:\/\/www.facebook.com\/apgglobalsolutions","https:\/\/x.com\/apg_solutions","https:\/\/www.youtube.com\/c\/CashManagementGlobalSolutionsbyapg","https:\/\/www.linkedin.com\/company\/apgglobalsolutions\/","https:\/\/www.instagram.com\/apgglobalsolutions\/","https:\/\/www.pinterest.com\/apgcashdrawer\/"]}]}},"acf":[],"_links":{"self":[{"href":"https:\/\/apgsolutions.com\/es\/wp-json\/wp\/v2\/pages\/95642","targetHints":{"allow":["GET"]}}],"collection":[{"href":"https:\/\/apgsolutions.com\/es\/wp-json\/wp\/v2\/pages"}],"about":[{"href":"https:\/\/apgsolutions.com\/es\/wp-json\/wp\/v2\/types\/page"}],"author":[{"embeddable":true,"href":"https:\/\/apgsolutions.com\/es\/wp-json\/wp\/v2\/users\/4"}],"replies":[{"embeddable":true,"href":"https:\/\/apgsolutions.com\/es\/wp-json\/wp\/v2\/comments?post=95642"}],"version-history":[{"count":1,"href":"https:\/\/apgsolutions.com\/es\/wp-json\/wp\/v2\/pages\/95642\/revisions"}],"predecessor-version":[{"id":95643,"href":"https:\/\/apgsolutions.com\/es\/wp-json\/wp\/v2\/pages\/95642\/revisions\/95643"}],"up":[{"embeddable":true,"href":"https:\/\/apgsolutions.com\/es\/wp-json\/wp\/v2\/pages\/64631"}],"wp:attachment":[{"href":"https:\/\/apgsolutions.com\/es\/wp-json\/wp\/v2\/media?parent=95642"}],"curies":[{"name":"wp","href":"https:\/\/api.w.org\/{rel}","templated":true}]}}