{"id":98340,"date":"2026-01-22T14:41:34","date_gmt":"2026-01-22T14:41:34","guid":{"rendered":"https:\/\/apgsolutions.com\/finding-pos-match-link-cash-drawer-connectivity-options-business-goals\/"},"modified":"2026-01-22T14:41:34","modified_gmt":"2026-01-22T14:41:34","slug":"finding-pos-match-link-cash-drawer-connectivity-options-business-goals","status":"publish","type":"page","link":"https:\/\/apgsolutions.com\/es\/finding-pos-match-link-cash-drawer-connectivity-options-business-goals\/","title":{"rendered":"Encontrar Pos Match: Vincular las Opciones de Conectividad de las Cajas Objetivos Empresariales"},"content":{"rendered":"\n<h1 class=\"has-text-align-center wp-block-heading\" id=\"h-finding-your-pos-match-how-to-link-cash-drawer-and-connectivity\">Encontrar tu Pos Match: C\u00f3mo Vincular Caja y Conectividad<\/h1>\n\n<p>Ahora que las soluciones de punto de venta (TPV) ya no tienen que depender de los PC para funcionar, las empresas disponen de una amplia gama de opciones para configurar sus sistemas. Minoristas, restauradores y operadores de hosteler\u00eda pueden aprovechar los componentes aut\u00f3nomos habilitados para IP para elegir la configuraci\u00f3n que mejor se adapte a sus objetivos empresariales y a las necesidades de sus clientes. <\/p>\n\n<h2 class=\"wp-block-heading\" id=\"h-english\">Ingl\u00e9s<\/h2>\n\n<p><a href=\"\/wp-content\/uploads\/2023\/05\/APG_whitepaper_POS_Match-How-to-Link-Cash-Drawer-and-Connectivity-Options-to-Business-Goals.pdf\">C\u00f3mo encontrar tu punto de venta: C\u00f3mo Vincular las Opciones de Caja y Conectividad a los Objetivos Empresariales<\/a><br\/><a href=\"https:\/\/apgsolutions.com\/wp-content\/uploads\/2023\/05\/APG_whitepaper_POS_Match_ISV-Rev2.pdf\">No Olvides El Dinero: Los cajones portamonedas, esenciales para el desarrollo y la configuraci\u00f3n de soluciones de TPV<\/a><br\/><a href=\"https:\/\/apgsolutions.com\/wp-content\/uploads\/2023\/05\/Finding-Your-POS-Match-Addressing-Security-and-Connectivity-with-Cash-Drawer-Configuration-Options_FINAL.pdf\">C\u00f3mo encontrar el TPV adecuado: C\u00f3mo abordar la seguridad y la conectividad con las opciones de configuraci\u00f3n del caj\u00f3n portamonedas<\/a><\/p>\n\n<h2 class=\"wp-block-heading\" id=\"h-fran-ais\">Fran\u00e7ais<\/h2>\n\n<p>Desde que se confirm\u00f3 un nuevo enfoque de punto de venta (TPV) m\u00e1s ligero, las soluciones de punto de venta no necesitan m\u00e1s PC para funcionar. Seg\u00fan la configuraci\u00f3n del sistema, el nuevo modelo de TPV puede utilizar parte de clientes ligeros, como tabletas, port\u00e1tiles y cajones compatibles con IP, para aportar sencillez y facilidad de uso a las transacciones en tienda. <\/p>\n\n<p><a href=\"\/wp-content\/uploads\/2023\/05\/FR-4-APG_whitepaper_POS_Match-How-to-Link-Cash-Drawer-and-Connectivity-Options-to-Business-Goals-FR.pdf\">TROUVER UN POS AD\u00c9QUAT: Comment relier les options de caisse enregistreuse et de connectivit\u00e9 avec les objectifs de l&#8217;entreprise<\/a><br\/><a href=\"https:\/\/apgsolutions.com\/wp-content\/uploads\/2023\/05\/FR-1-ISV_Dont-Forget-the-Cash-FR.pdf\">N&#8217;OUBLIEZ PAS LES PAIEMENTS COMPTANT: Les tiroirs-caisses sont indispensables au d\u00e9veloppement et \u00e0 la configuration de solutions POS<\/a><br\/><a href=\"https:\/\/apgsolutions.com\/wp-content\/uploads\/2023\/05\/FR-2-Finding-Your-POS-Match-Addressing-Security-Connectivity-Configuration-Options-FR.pdf\">CONVIERTE EN UN TPV ADECUADO: Resuelve los problemas de seguridad y conectividad con las opciones de configuraci\u00f3n del caj\u00f3n portamonedas<\/a><\/p>\n\n<h2 class=\"wp-block-heading\" id=\"h-deutsch\">Deutsch<\/h2>\n\n<p>Hoy en d\u00eda, cuando los terminales de punto de venta (TPV) ya no est\u00e1n conectados a un PC, las empresas disponen de una amplia gama de opciones para equipar sus sistemas. Los hosteleros, los gastr\u00f3nomos y los restauradores pueden aprovechar las ventajas de los componentes IP aut\u00f3nomos para decidir qu\u00e9 configuraci\u00f3n es la mejor para su negocio y para las necesidades de sus clientes. <\/p>\n\n<p><a href=\"\/wp-content\/uploads\/2023\/05\/DE-APG_whitepaper_POS_Match-How-to-Link-Cash-Drawer-and-Connectivity-Options-to-Business-Goals-DE.pdf\">DIE SUCHE NACH DEM PASSENDEN: Wie man die Kassenschublade und Anschluss-Optionen mit den Gesch\u00e4ftszielen verbindet<\/a><br\/><a href=\"https:\/\/apgsolutions.com\/wp-content\/uploads\/2023\/05\/DE-1-ISV_Dont-Forget-the-Cash-DE.pdf\">VERGESSEN SI SI NICHT DAS BARGELD: Kassenschubladen sind ein entscheidender Faktor f\u00fcr die Entwicklung und Konfiguration von POS-L\u00f6sungen<\/a><br\/><a href=\"https:\/\/apgsolutions.com\/wp-content\/uploads\/2023\/05\/DE-Finding-Your-POS-Match-Addressing-Security-and-Connectivity-with-Cash-Drawer-Configuration-Options-DE.pdf\">DIE SUCHE NACH DEM PASSENDEN POS-SYSTEM: Auseinandersetzung mit Sicherheit und Anschluss, sowie Konfigurationsoptionen von Kassenschubladen<\/a><\/p>\n\n<p><\/p>\n","protected":false},"excerpt":{"rendered":"<p>Encontrar tu Pos Match: C\u00f3mo Vincular Caja y Conectividad Ahora que las soluciones de punto de venta (TPV) ya no tienen que depender de los PC para funcionar, las empresas disponen de una amplia gama de opciones para configurar sus sistemas. Minoristas, restauradores y operadores de hosteler\u00eda pueden aprovechar los componentes aut\u00f3nomos habilitados para IP [&hellip;]<\/p>\n","protected":false},"author":4,"featured_media":0,"parent":0,"menu_order":0,"comment_status":"closed","ping_status":"closed","template":"","meta":{"_acf_changed":false,"content-type":"","footnotes":""},"class_list":["post-98340","page","type-page","status-publish"],"yoast_head":"<!-- This site is optimized with the Yoast SEO Premium plugin v23.5 (Yoast SEO v27.2) - https:\/\/yoast.com\/product\/yoast-seo-premium-wordpress\/ -->\n<title>Encontrar Pos Match: Vincular las Opciones de Conectividad de las Cajas Objetivos Empresariales<\/title>\n<meta name=\"description\" content=\"Aprende a adaptar la conectividad del caj\u00f3n portamonedas a las necesidades del negocio. Explora las opciones de los sistemas de TPV modernos.\" \/>\n<meta name=\"robots\" content=\"index, follow, max-snippet:-1, max-image-preview:large, max-video-preview:-1\" \/>\n<link rel=\"canonical\" href=\"https:\/\/apgsolutions.com\/es\/finding-pos-match-link-cash-drawer-connectivity-options-business-goals\/\" \/>\n<meta property=\"og:locale\" content=\"es_ES\" \/>\n<meta property=\"og:type\" content=\"article\" \/>\n<meta property=\"og:title\" content=\"Encontrar Pos Match: Vincular las Opciones de Conectividad de las Cajas Objetivos Empresariales\" \/>\n<meta property=\"og:description\" content=\"Aprende a adaptar la conectividad del caj\u00f3n portamonedas a las necesidades del negocio. Explora las opciones de los sistemas de TPV modernos.\" \/>\n<meta property=\"og:url\" content=\"https:\/\/apgsolutions.com\/es\/finding-pos-match-link-cash-drawer-connectivity-options-business-goals\/\" \/>\n<meta property=\"og:site_name\" content=\"apg\u00ae Solutions\" \/>\n<meta property=\"article:publisher\" content=\"https:\/\/www.facebook.com\/apgglobalsolutions\" \/>\n<meta name=\"twitter:card\" content=\"summary_large_image\" \/>\n<meta name=\"twitter:site\" content=\"@apg_solutions\" \/>\n<meta name=\"twitter:label1\" content=\"Tiempo de lectura\" \/>\n\t<meta name=\"twitter:data1\" content=\"2 minutos\" \/>\n<script type=\"application\/ld+json\" class=\"yoast-schema-graph\">{\"@context\":\"https:\/\/schema.org\",\"@graph\":[{\"@type\":\"WebPage\",\"@id\":\"https:\/\/apgsolutions.com\/es\/finding-pos-match-link-cash-drawer-connectivity-options-business-goals\/\",\"url\":\"https:\/\/apgsolutions.com\/es\/finding-pos-match-link-cash-drawer-connectivity-options-business-goals\/\",\"name\":\"Encontrar Pos Match: Vincular las Opciones de Conectividad de las Cajas Objetivos Empresariales\",\"isPartOf\":{\"@id\":\"https:\/\/apgsolutions.com\/es\/#website\"},\"datePublished\":\"2026-01-22T14:41:34+00:00\",\"description\":\"Aprende a adaptar la conectividad del caj\u00f3n portamonedas a las necesidades del negocio. Explora las opciones de los sistemas de TPV modernos.\",\"inLanguage\":\"es\",\"potentialAction\":[{\"@type\":\"ReadAction\",\"target\":[\"https:\/\/apgsolutions.com\/es\/finding-pos-match-link-cash-drawer-connectivity-options-business-goals\/\"]}]},{\"@type\":\"WebSite\",\"@id\":\"https:\/\/apgsolutions.com\/es\/#website\",\"url\":\"https:\/\/apgsolutions.com\/es\/\",\"name\":\"APG Solutions, LLC\",\"description\":\"Trust at every point.\",\"publisher\":{\"@id\":\"https:\/\/apgsolutions.com\/es\/#organization\"},\"potentialAction\":[{\"@type\":\"SearchAction\",\"target\":{\"@type\":\"EntryPoint\",\"urlTemplate\":\"https:\/\/apgsolutions.com\/es\/?s={search_term_string}\"},\"query-input\":{\"@type\":\"PropertyValueSpecification\",\"valueRequired\":true,\"valueName\":\"search_term_string\"}}],\"inLanguage\":\"es\"},{\"@type\":\"Organization\",\"@id\":\"https:\/\/apgsolutions.com\/es\/#organization\",\"name\":\"APG Solution, LLC\",\"url\":\"https:\/\/apgsolutions.com\/es\/\",\"logo\":{\"@type\":\"ImageObject\",\"inLanguage\":\"es\",\"@id\":\"https:\/\/apgsolutions.com\/es\/#\/schema\/logo\/image\/\",\"url\":\"https:\/\/apgsolutions.com\/wp-content\/uploads\/2023\/12\/logomark-color.svg\",\"contentUrl\":\"https:\/\/apgsolutions.com\/wp-content\/uploads\/2023\/12\/logomark-color.svg\",\"width\":141,\"height\":138,\"caption\":\"APG Solution, LLC\"},\"image\":{\"@id\":\"https:\/\/apgsolutions.com\/es\/#\/schema\/logo\/image\/\"},\"sameAs\":[\"https:\/\/www.facebook.com\/apgglobalsolutions\",\"https:\/\/x.com\/apg_solutions\",\"https:\/\/www.youtube.com\/c\/CashManagementGlobalSolutionsbyapg\",\"https:\/\/www.linkedin.com\/company\/apgglobalsolutions\/\",\"https:\/\/www.instagram.com\/apgglobalsolutions\/\",\"https:\/\/www.pinterest.com\/apgcashdrawer\/\"]}]}<\/script>\n<!-- \/ Yoast SEO Premium plugin. -->","yoast_head_json":{"title":"Encontrar Pos Match: Vincular las Opciones de Conectividad de las Cajas Objetivos Empresariales","description":"Aprende a adaptar la conectividad del caj\u00f3n portamonedas a las necesidades del negocio. Explora las opciones de los sistemas de TPV modernos.","robots":{"index":"index","follow":"follow","max-snippet":"max-snippet:-1","max-image-preview":"max-image-preview:large","max-video-preview":"max-video-preview:-1"},"canonical":"https:\/\/apgsolutions.com\/es\/finding-pos-match-link-cash-drawer-connectivity-options-business-goals\/","og_locale":"es_ES","og_type":"article","og_title":"Encontrar Pos Match: Vincular las Opciones de Conectividad de las Cajas Objetivos Empresariales","og_description":"Aprende a adaptar la conectividad del caj\u00f3n portamonedas a las necesidades del negocio. Explora las opciones de los sistemas de TPV modernos.","og_url":"https:\/\/apgsolutions.com\/es\/finding-pos-match-link-cash-drawer-connectivity-options-business-goals\/","og_site_name":"apg\u00ae Solutions","article_publisher":"https:\/\/www.facebook.com\/apgglobalsolutions","twitter_card":"summary_large_image","twitter_site":"@apg_solutions","twitter_misc":{"Tiempo de lectura":"2 minutos"},"schema":{"@context":"https:\/\/schema.org","@graph":[{"@type":"WebPage","@id":"https:\/\/apgsolutions.com\/es\/finding-pos-match-link-cash-drawer-connectivity-options-business-goals\/","url":"https:\/\/apgsolutions.com\/es\/finding-pos-match-link-cash-drawer-connectivity-options-business-goals\/","name":"Encontrar Pos Match: Vincular las Opciones de Conectividad de las Cajas Objetivos Empresariales","isPartOf":{"@id":"https:\/\/apgsolutions.com\/es\/#website"},"datePublished":"2026-01-22T14:41:34+00:00","description":"Aprende a adaptar la conectividad del caj\u00f3n portamonedas a las necesidades del negocio. Explora las opciones de los sistemas de TPV modernos.","inLanguage":"es","potentialAction":[{"@type":"ReadAction","target":["https:\/\/apgsolutions.com\/es\/finding-pos-match-link-cash-drawer-connectivity-options-business-goals\/"]}]},{"@type":"WebSite","@id":"https:\/\/apgsolutions.com\/es\/#website","url":"https:\/\/apgsolutions.com\/es\/","name":"APG Solutions, LLC","description":"Trust at every point.","publisher":{"@id":"https:\/\/apgsolutions.com\/es\/#organization"},"potentialAction":[{"@type":"SearchAction","target":{"@type":"EntryPoint","urlTemplate":"https:\/\/apgsolutions.com\/es\/?s={search_term_string}"},"query-input":{"@type":"PropertyValueSpecification","valueRequired":true,"valueName":"search_term_string"}}],"inLanguage":"es"},{"@type":"Organization","@id":"https:\/\/apgsolutions.com\/es\/#organization","name":"APG Solution, LLC","url":"https:\/\/apgsolutions.com\/es\/","logo":{"@type":"ImageObject","inLanguage":"es","@id":"https:\/\/apgsolutions.com\/es\/#\/schema\/logo\/image\/","url":"https:\/\/apgsolutions.com\/wp-content\/uploads\/2023\/12\/logomark-color.svg","contentUrl":"https:\/\/apgsolutions.com\/wp-content\/uploads\/2023\/12\/logomark-color.svg","width":141,"height":138,"caption":"APG Solution, LLC"},"image":{"@id":"https:\/\/apgsolutions.com\/es\/#\/schema\/logo\/image\/"},"sameAs":["https:\/\/www.facebook.com\/apgglobalsolutions","https:\/\/x.com\/apg_solutions","https:\/\/www.youtube.com\/c\/CashManagementGlobalSolutionsbyapg","https:\/\/www.linkedin.com\/company\/apgglobalsolutions\/","https:\/\/www.instagram.com\/apgglobalsolutions\/","https:\/\/www.pinterest.com\/apgcashdrawer\/"]}]}},"acf":[],"_links":{"self":[{"href":"https:\/\/apgsolutions.com\/es\/wp-json\/wp\/v2\/pages\/98340","targetHints":{"allow":["GET"]}}],"collection":[{"href":"https:\/\/apgsolutions.com\/es\/wp-json\/wp\/v2\/pages"}],"about":[{"href":"https:\/\/apgsolutions.com\/es\/wp-json\/wp\/v2\/types\/page"}],"author":[{"embeddable":true,"href":"https:\/\/apgsolutions.com\/es\/wp-json\/wp\/v2\/users\/4"}],"replies":[{"embeddable":true,"href":"https:\/\/apgsolutions.com\/es\/wp-json\/wp\/v2\/comments?post=98340"}],"version-history":[{"count":1,"href":"https:\/\/apgsolutions.com\/es\/wp-json\/wp\/v2\/pages\/98340\/revisions"}],"predecessor-version":[{"id":98341,"href":"https:\/\/apgsolutions.com\/es\/wp-json\/wp\/v2\/pages\/98340\/revisions\/98341"}],"wp:attachment":[{"href":"https:\/\/apgsolutions.com\/es\/wp-json\/wp\/v2\/media?parent=98340"}],"curies":[{"name":"wp","href":"https:\/\/api.w.org\/{rel}","templated":true}]}}