{"id":98380,"date":"2026-01-22T14:42:10","date_gmt":"2026-01-22T14:42:10","guid":{"rendered":"https:\/\/apgsolutions.com\/cash-management-solutions-white-paper-download\/"},"modified":"2026-01-22T14:42:10","modified_gmt":"2026-01-22T14:42:10","slug":"cash-management-solutions-white-paper-download","status":"publish","type":"page","link":"https:\/\/apgsolutions.com\/es\/cash-management-solutions-white-paper-download\/","title":{"rendered":"Libro Blanco de las Soluciones de Gesti\u00f3n de Efectivo Descargar"},"content":{"rendered":"\n<h1 class=\"wp-block-heading has-text-align-center\" id=\"h-cash-management-solutions\">Soluciones de gesti\u00f3n de efectivo<\/h1>\n\n<p>Si crees que las tarjetas de cr\u00e9dito y d\u00e9bito est\u00e1n a punto de desplazar al dinero en efectivo en las transacciones minoristas, pi\u00e9nsatelo otra vez. La moneda de curso legal representa hasta el 40% de las transacciones en general y hasta dos tercios de las compras inferiores a 10 $. Las empresas necesitan soluciones de gesti\u00f3n de efectivo eficaces y asequibles. A medida que la tecnolog\u00eda de los TPV evoluciona de equipos pesados y complejos a soluciones m\u00e1s ligeras y m\u00f3viles, los comerciantes necesitan formas de seguir siendo relevantes. Las soluciones inteligentes de gesti\u00f3n de efectivo con cajas fuertes inteligentes, recicladores de efectivo y contadoras de billetes basadas en el peso ayudan a los clientes a superar los retos del efectivo y permiten a los distribuidores consolidar su papel de asesores inform\u00e1ticos de confianza.    <\/p>\n\n<h2 class=\"wp-block-heading\" id=\"h-english\">Ingl\u00e9s<\/h2>\n\n<p><a href=\"\/wp-content\/uploads\/2023\/05\/APG-White-Paper-Cash-Mgmt_FINAL-2.pdf\">Soluciones de Gesti\u00f3n de Efectivo: La Oportunidad Emergente para los Distribuidores de TPVs<\/a><br\/><a href=\"https:\/\/apgsolutions.com\/wp-content\/uploads\/2023\/05\/APG-White-Paper-Cash-Mgmt_FINAL-2.pdf\">Soluciones de Gesti\u00f3n de Efectivo: Integraci\u00f3n del Reciclaje de Efectivo en los Sistemas de TPV<\/a><br\/><a href=\"https:\/\/apgsolutions.com\/wp-content\/uploads\/2023\/05\/APG-White-Paper-Cash-Mgmt-3.pdf\">Soluciones de Gesti\u00f3n de Efectivo: A\u00f1adiendo Valor con la Tecnolog\u00eda Inteligente de Reciclaje de Efectivo de Extremo a Extremo<\/a><\/p>\n\n<h2 class=\"wp-block-heading\" id=\"h-francais\">Fran\u00e7ais<\/h2>\n\n<p>Si crees que las tarjetas de cr\u00e9dito y d\u00e9bito est\u00e1n a punto de suplantar a los pagos en las transacciones de venta al por menor, no te preocupes. La moneda legal representa alrededor del 40% de las transacciones globales y hasta dos tercios de las compras de menos de 10 $. Aunque los pagos electr\u00f3nicos y con tarjeta de cr\u00e9dito se han considerado a menudo como las transacciones del futuro, la sociedad sin dinero no est\u00e1 a punto de llegar.  <\/p>\n\n<p><a href=\"\/wp-content\/uploads\/2023\/05\/APG-White-Paper-Cash-Mgmt-FR-2-Integrating-Cash-Recycling.pdf\">SOLUTIONS DE GESTION DES PAIEMENTS COMPTANT : Une nouvelle opportunit\u00e9 pour les fournisseurs de POS<\/a><br\/><a href=\"https:\/\/apgsolutions.com\/wp-content\/uploads\/2023\/05\/FR-3-APG-WhitePaper-Cash-Mgmt-BLUE-FR-Intergating-cash-recycling-into-POS-systems.pdf\">SOLUCIONES DE GESTI\u00d3N DE ESPECIES : Integraci\u00f3n del reciclaje de plantas en los sistemas de punto de venta<\/a><\/p>\n\n<h2 class=\"wp-block-heading\" id=\"h-deutsch\">Deutsch<\/h2>\n\n<p>Si quieres que las tarjetas de cr\u00e9dito y d\u00e9bito paguen con tarjeta de cr\u00e9dito a los titulares de tarjetas de cr\u00e9dito, no te preocupes. Los pagos legales suponen hasta un 40% del total de las transacciones y hasta dos tercios de las compras superiores a 10 $. Dado que las tarjetas de pl\u00e1stico y las transacciones electr\u00f3nicas a menudo se consideran el futuro del mundo, la sociedad a menudo profetiza que se trata de una barbaridad.  <\/p>\n\n<p><a href=\"\/wp-content\/uploads\/2023\/05\/DE-APG-White-Paper-Cash-Mgmt-BLUE-DE.pdf\">GESTI\u00d3N DE EFECTIVO: La nueva necesidad de los TPVs<\/a><br\/><a href=\"https:\/\/apgsolutions.com\/wp-content\/uploads\/2023\/05\/APG-White-Paper-Cash-Mgmt-2-Integrating-Cash-Recycling-DE.pdf\">GESTI\u00d3N DE EFECTIVO: Integraci\u00f3n del Reciclaje de Efectivo en los TPVs<\/a><br\/><a href=\"https:\/\/apgsolutions.com\/wp-content\/uploads\/2023\/05\/APG-White-Paper-Cash-Mgmt-3-Adding-Value-DE.pdf\">GESTI\u00d3N DE EFECTIVO &#8211; L\u00d6SUNGEN: Mejora gracias a la tecnolog\u00eda de reciclaje de efectivo integral<\/a><\/p>\n\n<p><\/p>\n","protected":false},"excerpt":{"rendered":"<p>Soluciones de gesti\u00f3n de efectivo Si crees que las tarjetas de cr\u00e9dito y d\u00e9bito est\u00e1n a punto de desplazar al dinero en efectivo en las transacciones minoristas, pi\u00e9nsatelo otra vez. La moneda de curso legal representa hasta el 40% de las transacciones en general y hasta dos tercios de las compras inferiores a 10 $. [&hellip;]<\/p>\n","protected":false},"author":4,"featured_media":0,"parent":0,"menu_order":0,"comment_status":"closed","ping_status":"closed","template":"","meta":{"_acf_changed":false,"content-type":"","footnotes":""},"class_list":["post-98380","page","type-page","status-publish"],"yoast_head":"<!-- This site is optimized with the Yoast SEO Premium plugin v23.5 (Yoast SEO v27.2) - https:\/\/yoast.com\/product\/yoast-seo-premium-wordpress\/ -->\n<title>Libro Blanco de las Soluciones de Gesti\u00f3n de Efectivo Descargar<\/title>\n<meta name=\"description\" content=\"Descarga recursos sobre soluciones de gesti\u00f3n de efectivo. Inf\u00f3rmate sobre herramientas inteligentes para la eficacia y la seguridad del comercio minorista.\" \/>\n<meta name=\"robots\" content=\"index, follow, max-snippet:-1, max-image-preview:large, max-video-preview:-1\" \/>\n<link rel=\"canonical\" href=\"https:\/\/apgsolutions.com\/es\/cash-management-solutions-white-paper-download\/\" \/>\n<meta property=\"og:locale\" content=\"es_ES\" \/>\n<meta property=\"og:type\" content=\"article\" \/>\n<meta property=\"og:title\" content=\"Libro Blanco de las Soluciones de Gesti\u00f3n de Efectivo Descargar\" \/>\n<meta property=\"og:description\" content=\"Descarga recursos sobre soluciones de gesti\u00f3n de efectivo. Inf\u00f3rmate sobre herramientas inteligentes para la eficacia y la seguridad del comercio minorista.\" \/>\n<meta property=\"og:url\" content=\"https:\/\/apgsolutions.com\/es\/cash-management-solutions-white-paper-download\/\" \/>\n<meta property=\"og:site_name\" content=\"apg\u00ae Solutions\" \/>\n<meta property=\"article:publisher\" content=\"https:\/\/www.facebook.com\/apgglobalsolutions\" \/>\n<meta name=\"twitter:card\" content=\"summary_large_image\" \/>\n<meta name=\"twitter:site\" content=\"@apg_solutions\" \/>\n<meta name=\"twitter:label1\" content=\"Tiempo de lectura\" \/>\n\t<meta name=\"twitter:data1\" content=\"2 minutos\" \/>\n<script type=\"application\/ld+json\" class=\"yoast-schema-graph\">{\"@context\":\"https:\/\/schema.org\",\"@graph\":[{\"@type\":\"WebPage\",\"@id\":\"https:\/\/apgsolutions.com\/es\/cash-management-solutions-white-paper-download\/\",\"url\":\"https:\/\/apgsolutions.com\/es\/cash-management-solutions-white-paper-download\/\",\"name\":\"Libro Blanco de las Soluciones de Gesti\u00f3n de Efectivo Descargar\",\"isPartOf\":{\"@id\":\"https:\/\/apgsolutions.com\/es\/#website\"},\"datePublished\":\"2026-01-22T14:42:10+00:00\",\"description\":\"Descarga recursos sobre soluciones de gesti\u00f3n de efectivo. Inf\u00f3rmate sobre herramientas inteligentes para la eficacia y la seguridad del comercio minorista.\",\"inLanguage\":\"es\",\"potentialAction\":[{\"@type\":\"ReadAction\",\"target\":[\"https:\/\/apgsolutions.com\/es\/cash-management-solutions-white-paper-download\/\"]}]},{\"@type\":\"WebSite\",\"@id\":\"https:\/\/apgsolutions.com\/es\/#website\",\"url\":\"https:\/\/apgsolutions.com\/es\/\",\"name\":\"APG Solutions, LLC\",\"description\":\"Trust at every point.\",\"publisher\":{\"@id\":\"https:\/\/apgsolutions.com\/es\/#organization\"},\"potentialAction\":[{\"@type\":\"SearchAction\",\"target\":{\"@type\":\"EntryPoint\",\"urlTemplate\":\"https:\/\/apgsolutions.com\/es\/?s={search_term_string}\"},\"query-input\":{\"@type\":\"PropertyValueSpecification\",\"valueRequired\":true,\"valueName\":\"search_term_string\"}}],\"inLanguage\":\"es\"},{\"@type\":\"Organization\",\"@id\":\"https:\/\/apgsolutions.com\/es\/#organization\",\"name\":\"APG Solution, LLC\",\"url\":\"https:\/\/apgsolutions.com\/es\/\",\"logo\":{\"@type\":\"ImageObject\",\"inLanguage\":\"es\",\"@id\":\"https:\/\/apgsolutions.com\/es\/#\/schema\/logo\/image\/\",\"url\":\"https:\/\/apgsolutions.com\/wp-content\/uploads\/2023\/12\/logomark-color.svg\",\"contentUrl\":\"https:\/\/apgsolutions.com\/wp-content\/uploads\/2023\/12\/logomark-color.svg\",\"width\":141,\"height\":138,\"caption\":\"APG Solution, LLC\"},\"image\":{\"@id\":\"https:\/\/apgsolutions.com\/es\/#\/schema\/logo\/image\/\"},\"sameAs\":[\"https:\/\/www.facebook.com\/apgglobalsolutions\",\"https:\/\/x.com\/apg_solutions\",\"https:\/\/www.youtube.com\/c\/CashManagementGlobalSolutionsbyapg\",\"https:\/\/www.linkedin.com\/company\/apgglobalsolutions\/\",\"https:\/\/www.instagram.com\/apgglobalsolutions\/\",\"https:\/\/www.pinterest.com\/apgcashdrawer\/\"]}]}<\/script>\n<!-- \/ Yoast SEO Premium plugin. -->","yoast_head_json":{"title":"Libro Blanco de las Soluciones de Gesti\u00f3n de Efectivo Descargar","description":"Descarga recursos sobre soluciones de gesti\u00f3n de efectivo. Inf\u00f3rmate sobre herramientas inteligentes para la eficacia y la seguridad del comercio minorista.","robots":{"index":"index","follow":"follow","max-snippet":"max-snippet:-1","max-image-preview":"max-image-preview:large","max-video-preview":"max-video-preview:-1"},"canonical":"https:\/\/apgsolutions.com\/es\/cash-management-solutions-white-paper-download\/","og_locale":"es_ES","og_type":"article","og_title":"Libro Blanco de las Soluciones de Gesti\u00f3n de Efectivo Descargar","og_description":"Descarga recursos sobre soluciones de gesti\u00f3n de efectivo. Inf\u00f3rmate sobre herramientas inteligentes para la eficacia y la seguridad del comercio minorista.","og_url":"https:\/\/apgsolutions.com\/es\/cash-management-solutions-white-paper-download\/","og_site_name":"apg\u00ae Solutions","article_publisher":"https:\/\/www.facebook.com\/apgglobalsolutions","twitter_card":"summary_large_image","twitter_site":"@apg_solutions","twitter_misc":{"Tiempo de lectura":"2 minutos"},"schema":{"@context":"https:\/\/schema.org","@graph":[{"@type":"WebPage","@id":"https:\/\/apgsolutions.com\/es\/cash-management-solutions-white-paper-download\/","url":"https:\/\/apgsolutions.com\/es\/cash-management-solutions-white-paper-download\/","name":"Libro Blanco de las Soluciones de Gesti\u00f3n de Efectivo Descargar","isPartOf":{"@id":"https:\/\/apgsolutions.com\/es\/#website"},"datePublished":"2026-01-22T14:42:10+00:00","description":"Descarga recursos sobre soluciones de gesti\u00f3n de efectivo. Inf\u00f3rmate sobre herramientas inteligentes para la eficacia y la seguridad del comercio minorista.","inLanguage":"es","potentialAction":[{"@type":"ReadAction","target":["https:\/\/apgsolutions.com\/es\/cash-management-solutions-white-paper-download\/"]}]},{"@type":"WebSite","@id":"https:\/\/apgsolutions.com\/es\/#website","url":"https:\/\/apgsolutions.com\/es\/","name":"APG Solutions, LLC","description":"Trust at every point.","publisher":{"@id":"https:\/\/apgsolutions.com\/es\/#organization"},"potentialAction":[{"@type":"SearchAction","target":{"@type":"EntryPoint","urlTemplate":"https:\/\/apgsolutions.com\/es\/?s={search_term_string}"},"query-input":{"@type":"PropertyValueSpecification","valueRequired":true,"valueName":"search_term_string"}}],"inLanguage":"es"},{"@type":"Organization","@id":"https:\/\/apgsolutions.com\/es\/#organization","name":"APG Solution, LLC","url":"https:\/\/apgsolutions.com\/es\/","logo":{"@type":"ImageObject","inLanguage":"es","@id":"https:\/\/apgsolutions.com\/es\/#\/schema\/logo\/image\/","url":"https:\/\/apgsolutions.com\/wp-content\/uploads\/2023\/12\/logomark-color.svg","contentUrl":"https:\/\/apgsolutions.com\/wp-content\/uploads\/2023\/12\/logomark-color.svg","width":141,"height":138,"caption":"APG Solution, LLC"},"image":{"@id":"https:\/\/apgsolutions.com\/es\/#\/schema\/logo\/image\/"},"sameAs":["https:\/\/www.facebook.com\/apgglobalsolutions","https:\/\/x.com\/apg_solutions","https:\/\/www.youtube.com\/c\/CashManagementGlobalSolutionsbyapg","https:\/\/www.linkedin.com\/company\/apgglobalsolutions\/","https:\/\/www.instagram.com\/apgglobalsolutions\/","https:\/\/www.pinterest.com\/apgcashdrawer\/"]}]}},"acf":[],"_links":{"self":[{"href":"https:\/\/apgsolutions.com\/es\/wp-json\/wp\/v2\/pages\/98380","targetHints":{"allow":["GET"]}}],"collection":[{"href":"https:\/\/apgsolutions.com\/es\/wp-json\/wp\/v2\/pages"}],"about":[{"href":"https:\/\/apgsolutions.com\/es\/wp-json\/wp\/v2\/types\/page"}],"author":[{"embeddable":true,"href":"https:\/\/apgsolutions.com\/es\/wp-json\/wp\/v2\/users\/4"}],"replies":[{"embeddable":true,"href":"https:\/\/apgsolutions.com\/es\/wp-json\/wp\/v2\/comments?post=98380"}],"version-history":[{"count":1,"href":"https:\/\/apgsolutions.com\/es\/wp-json\/wp\/v2\/pages\/98380\/revisions"}],"predecessor-version":[{"id":98381,"href":"https:\/\/apgsolutions.com\/es\/wp-json\/wp\/v2\/pages\/98380\/revisions\/98381"}],"wp:attachment":[{"href":"https:\/\/apgsolutions.com\/es\/wp-json\/wp\/v2\/media?parent=98380"}],"curies":[{"name":"wp","href":"https:\/\/api.w.org\/{rel}","templated":true}]}}