{"id":98394,"date":"2026-01-22T14:42:28","date_gmt":"2026-01-22T14:42:28","guid":{"rendered":"https:\/\/apgsolutions.com\/cash-transactions-mobile-world-download\/"},"modified":"2026-01-22T14:42:28","modified_gmt":"2026-01-22T14:42:28","slug":"cash-transactions-mobile-world-download","status":"publish","type":"page","link":"https:\/\/apgsolutions.com\/es\/cash-transactions-mobile-world-download\/","title":{"rendered":"Transacciones en efectivo Mobile World Descargar"},"content":{"rendered":"<div class=\"section_page-header \">\n    <img decoding=\"async\" class=\"header-image\" src=\"https:\/\/apgsolutions.com\/wp-content\/uploads\/2023\/05\/GettyImages-184405133-1-1.jpg\" alt=\"GettyImages-184405133-1-1\" title=\"GettyImages-184405133-1-1\">\n            <div class=\"header-content\">\n            <h1>Cash Transactions Mobile World Download<\/h1>\n        <\/div>\n    <\/div>\n<h2 class=\"wp-block-heading has-text-align-center has-x-large-font-size\" id=\"h-cash-transactions-in-a-mobile-world-download\">Transacciones en efectivo en un mundo m\u00f3vil Descargar<\/h2>\n\n<p>La introducci\u00f3n de soluciones de punto de venta mPOS ha hecho que los minoristas de todo el mundo cambien su forma de cobrar a los clientes. Tanto si se trata de un cliente ligero, como de una soluci\u00f3n basada en la nube o un complemento a una instalaci\u00f3n de TPV existente, APG tiene la soluci\u00f3n de conectividad con un conjunto de interfaces ampliado. Descarga nuestros libros blancos para saber m\u00e1s sobre transacciones m\u00f3viles y soluciones de TPV que ayudar\u00e1n a tu negocio a prosperar en 2018.  <\/p>\n\n<h2 class=\"wp-block-heading\" id=\"h-english\">Ingl\u00e9s<\/h2>\n\n<p><a href=\"\/wp-content\/uploads\/2023\/05\/APG_whitepaper_dealer.pdf\">Transacciones en efectivo en un mundo m\u00f3vil (versi\u00f3n para distribuidores)<\/a><br\/><a href=\"https:\/\/apgsolutions.com\/wp-content\/uploads\/2023\/05\/APG_whitepaper_ISV.pdf\">Transacciones en efectivo en un mundo m\u00f3vil (versi\u00f3n ISV)<\/a><br\/><a href=\"https:\/\/apgsolutions.com\/wp-content\/uploads\/2023\/05\/APG_whitepaper_technical.pdf\">Transacciones en efectivo en un mundo m\u00f3vil (versi\u00f3n t\u00e9cnica)<\/a><\/p>\n\n<p><\/p>\n\n<h2 class=\"wp-block-heading\" id=\"h-francais\">Fran\u00e7ais<\/h2>\n\n<p>La introducci\u00f3n de la soluci\u00f3n mPOS de punto de venta ha desestabilizado a todo el mundo y ha cambiado la forma en que los clientes se registran. Tanto si se trata de un cliente m\u00e1s peque\u00f1o, basado en la nube, como de un punto de venta sobre la soluci\u00f3n a una instalaci\u00f3n de TPV existente, APG tiene la soluci\u00f3n de conectividad con una suite de interfaz ampliada. Descarga nuestros libros en blanco para saber m\u00e1s sobre las transacciones m\u00f3viles y las soluciones de punto de venta para ayudar a tu empresa a prosperar en 2018.  <\/p>\n\n<p><a href=\"\/wp-content\/uploads\/2023\/05\/APG_whitepaper_dealer-Fr1-French.pdf\">Operaciones de Caja en un Mundo M\u00f3vil (Punto de Vista del Concesionario: Vista de Conjunto)<\/a><br\/><a href=\"https:\/\/apgsolutions.com\/wp-content\/uploads\/2023\/05\/APG_whitepaper_ISV-French.pdf\">Operaciones de caja en un mundo m\u00f3vil (editores de software independientes: visi\u00f3n de conjunto)<\/a><br\/><a href=\"https:\/\/apgsolutions.com\/wp-content\/uploads\/2023\/05\/APG_whitepaper_technical-Fr-French.pdf\">Operaciones de caja en un mundo m\u00f3vil (visi\u00f3n de conjunto t\u00e9cnico)<\/a><\/p>\n\n<p><\/p>\n\n<h2 class=\"wp-block-heading\" id=\"h-deutsch\">Deutsch<\/h2>\n\n<p>La introducci\u00f3n de soluciones de punto de venta mPOS ha ayudado a los clientes de todo el mundo a facturar a sus clientes. Ya se trate de un cliente ligero, una soluci\u00f3n basada en la nube o una soluci\u00f3n m\u00e1s sencilla para una instalaci\u00f3n de punto de venta avanzada, la soluci\u00f3n de conectividad de APG cuenta con un paquete de herramientas mejorado. Lee nuestro Libro Blanco para saber m\u00e1s sobre Transacciones m\u00f3viles y Soluciones de TPV, para que tu negocio florezca en 2018.  <\/p>\n\n<p><a href=\"\/wp-content\/uploads\/2023\/05\/APG_whitepaper_dealer-DE-German.pdf\">Transacciones en efectivo en un mundo m\u00f3vil (Versi\u00f3n para particulares)<\/a><br\/><a href=\"https:\/\/apgsolutions.com\/wp-content\/uploads\/2023\/05\/APG_whitepaper_ISV-German.pdf\">Transacciones en efectivo en un mundo m\u00f3vil (versi\u00f3n para particulares)<\/a><br\/><a href=\"https:\/\/apgsolutions.com\/wp-content\/uploads\/2023\/05\/APG_whitepaper_technical-DE-German.pdf\">Transacciones Monetarias en un Mundo M\u00f3vil (Versi\u00f3n T\u00e9cnica)<\/a><\/p>\n\n<p><\/p>\n","protected":false},"excerpt":{"rendered":"<p>Transacciones en efectivo en un mundo m\u00f3vil Descargar La introducci\u00f3n de soluciones de punto de venta mPOS ha hecho que los minoristas de todo el mundo cambien su forma de cobrar a los clientes. Tanto si se trata de un cliente ligero, como de una soluci\u00f3n basada en la nube o un complemento a una [&hellip;]<\/p>\n","protected":false},"author":4,"featured_media":0,"parent":0,"menu_order":0,"comment_status":"closed","ping_status":"closed","template":"","meta":{"_acf_changed":false,"content-type":"","footnotes":""},"class_list":["post-98394","page","type-page","status-publish"],"yoast_head":"<!-- This site is optimized with the Yoast SEO Premium plugin v23.5 (Yoast SEO v27.2) - https:\/\/yoast.com\/product\/yoast-seo-premium-wordpress\/ -->\n<title>Transacciones en efectivo Mobile World Descargar<\/title>\n<meta name=\"description\" content=\"Accede a informaci\u00f3n sobre el manejo de efectivo en entornos de TPV m\u00f3viles. Descarga gu\u00edas de soluciones integradas para el comercio minorista.\" \/>\n<meta name=\"robots\" content=\"index, follow, max-snippet:-1, max-image-preview:large, max-video-preview:-1\" \/>\n<link rel=\"canonical\" href=\"https:\/\/apgsolutions.com\/es\/cash-transactions-mobile-world-download\/\" \/>\n<meta property=\"og:locale\" content=\"es_ES\" \/>\n<meta property=\"og:type\" content=\"article\" \/>\n<meta property=\"og:title\" content=\"Transacciones en efectivo Mobile World Descargar\" \/>\n<meta property=\"og:description\" content=\"Accede a informaci\u00f3n sobre el manejo de efectivo en entornos de TPV m\u00f3viles. Descarga gu\u00edas de soluciones integradas para el comercio minorista.\" \/>\n<meta property=\"og:url\" content=\"https:\/\/apgsolutions.com\/es\/cash-transactions-mobile-world-download\/\" \/>\n<meta property=\"og:site_name\" content=\"apg\u00ae Solutions\" \/>\n<meta property=\"article:publisher\" content=\"https:\/\/www.facebook.com\/apgglobalsolutions\" \/>\n<meta name=\"twitter:card\" content=\"summary_large_image\" \/>\n<meta name=\"twitter:site\" content=\"@apg_solutions\" \/>\n<meta name=\"twitter:label1\" content=\"Tiempo de lectura\" \/>\n\t<meta name=\"twitter:data1\" content=\"2 minutos\" \/>\n<script type=\"application\/ld+json\" class=\"yoast-schema-graph\">{\"@context\":\"https:\/\/schema.org\",\"@graph\":[{\"@type\":\"WebPage\",\"@id\":\"https:\/\/apgsolutions.com\/es\/cash-transactions-mobile-world-download\/\",\"url\":\"https:\/\/apgsolutions.com\/es\/cash-transactions-mobile-world-download\/\",\"name\":\"Transacciones en efectivo Mobile World Descargar\",\"isPartOf\":{\"@id\":\"https:\/\/apgsolutions.com\/es\/#website\"},\"datePublished\":\"2026-01-22T14:42:28+00:00\",\"description\":\"Accede a informaci\u00f3n sobre el manejo de efectivo en entornos de TPV m\u00f3viles. Descarga gu\u00edas de soluciones integradas para el comercio minorista.\",\"inLanguage\":\"es\",\"potentialAction\":[{\"@type\":\"ReadAction\",\"target\":[\"https:\/\/apgsolutions.com\/es\/cash-transactions-mobile-world-download\/\"]}]},{\"@type\":\"WebSite\",\"@id\":\"https:\/\/apgsolutions.com\/es\/#website\",\"url\":\"https:\/\/apgsolutions.com\/es\/\",\"name\":\"APG Solutions, LLC\",\"description\":\"Trust at every point.\",\"publisher\":{\"@id\":\"https:\/\/apgsolutions.com\/es\/#organization\"},\"potentialAction\":[{\"@type\":\"SearchAction\",\"target\":{\"@type\":\"EntryPoint\",\"urlTemplate\":\"https:\/\/apgsolutions.com\/es\/?s={search_term_string}\"},\"query-input\":{\"@type\":\"PropertyValueSpecification\",\"valueRequired\":true,\"valueName\":\"search_term_string\"}}],\"inLanguage\":\"es\"},{\"@type\":\"Organization\",\"@id\":\"https:\/\/apgsolutions.com\/es\/#organization\",\"name\":\"APG Solution, LLC\",\"url\":\"https:\/\/apgsolutions.com\/es\/\",\"logo\":{\"@type\":\"ImageObject\",\"inLanguage\":\"es\",\"@id\":\"https:\/\/apgsolutions.com\/es\/#\/schema\/logo\/image\/\",\"url\":\"https:\/\/apgsolutions.com\/wp-content\/uploads\/2023\/12\/logomark-color.svg\",\"contentUrl\":\"https:\/\/apgsolutions.com\/wp-content\/uploads\/2023\/12\/logomark-color.svg\",\"width\":141,\"height\":138,\"caption\":\"APG Solution, LLC\"},\"image\":{\"@id\":\"https:\/\/apgsolutions.com\/es\/#\/schema\/logo\/image\/\"},\"sameAs\":[\"https:\/\/www.facebook.com\/apgglobalsolutions\",\"https:\/\/x.com\/apg_solutions\",\"https:\/\/www.youtube.com\/c\/CashManagementGlobalSolutionsbyapg\",\"https:\/\/www.linkedin.com\/company\/apgglobalsolutions\/\",\"https:\/\/www.instagram.com\/apgglobalsolutions\/\",\"https:\/\/www.pinterest.com\/apgcashdrawer\/\"]}]}<\/script>\n<!-- \/ Yoast SEO Premium plugin. -->","yoast_head_json":{"title":"Transacciones en efectivo Mobile World Descargar","description":"Accede a informaci\u00f3n sobre el manejo de efectivo en entornos de TPV m\u00f3viles. Descarga gu\u00edas de soluciones integradas para el comercio minorista.","robots":{"index":"index","follow":"follow","max-snippet":"max-snippet:-1","max-image-preview":"max-image-preview:large","max-video-preview":"max-video-preview:-1"},"canonical":"https:\/\/apgsolutions.com\/es\/cash-transactions-mobile-world-download\/","og_locale":"es_ES","og_type":"article","og_title":"Transacciones en efectivo Mobile World Descargar","og_description":"Accede a informaci\u00f3n sobre el manejo de efectivo en entornos de TPV m\u00f3viles. Descarga gu\u00edas de soluciones integradas para el comercio minorista.","og_url":"https:\/\/apgsolutions.com\/es\/cash-transactions-mobile-world-download\/","og_site_name":"apg\u00ae Solutions","article_publisher":"https:\/\/www.facebook.com\/apgglobalsolutions","twitter_card":"summary_large_image","twitter_site":"@apg_solutions","twitter_misc":{"Tiempo de lectura":"2 minutos"},"schema":{"@context":"https:\/\/schema.org","@graph":[{"@type":"WebPage","@id":"https:\/\/apgsolutions.com\/es\/cash-transactions-mobile-world-download\/","url":"https:\/\/apgsolutions.com\/es\/cash-transactions-mobile-world-download\/","name":"Transacciones en efectivo Mobile World Descargar","isPartOf":{"@id":"https:\/\/apgsolutions.com\/es\/#website"},"datePublished":"2026-01-22T14:42:28+00:00","description":"Accede a informaci\u00f3n sobre el manejo de efectivo en entornos de TPV m\u00f3viles. Descarga gu\u00edas de soluciones integradas para el comercio minorista.","inLanguage":"es","potentialAction":[{"@type":"ReadAction","target":["https:\/\/apgsolutions.com\/es\/cash-transactions-mobile-world-download\/"]}]},{"@type":"WebSite","@id":"https:\/\/apgsolutions.com\/es\/#website","url":"https:\/\/apgsolutions.com\/es\/","name":"APG Solutions, LLC","description":"Trust at every point.","publisher":{"@id":"https:\/\/apgsolutions.com\/es\/#organization"},"potentialAction":[{"@type":"SearchAction","target":{"@type":"EntryPoint","urlTemplate":"https:\/\/apgsolutions.com\/es\/?s={search_term_string}"},"query-input":{"@type":"PropertyValueSpecification","valueRequired":true,"valueName":"search_term_string"}}],"inLanguage":"es"},{"@type":"Organization","@id":"https:\/\/apgsolutions.com\/es\/#organization","name":"APG Solution, LLC","url":"https:\/\/apgsolutions.com\/es\/","logo":{"@type":"ImageObject","inLanguage":"es","@id":"https:\/\/apgsolutions.com\/es\/#\/schema\/logo\/image\/","url":"https:\/\/apgsolutions.com\/wp-content\/uploads\/2023\/12\/logomark-color.svg","contentUrl":"https:\/\/apgsolutions.com\/wp-content\/uploads\/2023\/12\/logomark-color.svg","width":141,"height":138,"caption":"APG Solution, LLC"},"image":{"@id":"https:\/\/apgsolutions.com\/es\/#\/schema\/logo\/image\/"},"sameAs":["https:\/\/www.facebook.com\/apgglobalsolutions","https:\/\/x.com\/apg_solutions","https:\/\/www.youtube.com\/c\/CashManagementGlobalSolutionsbyapg","https:\/\/www.linkedin.com\/company\/apgglobalsolutions\/","https:\/\/www.instagram.com\/apgglobalsolutions\/","https:\/\/www.pinterest.com\/apgcashdrawer\/"]}]}},"acf":[],"_links":{"self":[{"href":"https:\/\/apgsolutions.com\/es\/wp-json\/wp\/v2\/pages\/98394","targetHints":{"allow":["GET"]}}],"collection":[{"href":"https:\/\/apgsolutions.com\/es\/wp-json\/wp\/v2\/pages"}],"about":[{"href":"https:\/\/apgsolutions.com\/es\/wp-json\/wp\/v2\/types\/page"}],"author":[{"embeddable":true,"href":"https:\/\/apgsolutions.com\/es\/wp-json\/wp\/v2\/users\/4"}],"replies":[{"embeddable":true,"href":"https:\/\/apgsolutions.com\/es\/wp-json\/wp\/v2\/comments?post=98394"}],"version-history":[{"count":1,"href":"https:\/\/apgsolutions.com\/es\/wp-json\/wp\/v2\/pages\/98394\/revisions"}],"predecessor-version":[{"id":98395,"href":"https:\/\/apgsolutions.com\/es\/wp-json\/wp\/v2\/pages\/98394\/revisions\/98395"}],"wp:attachment":[{"href":"https:\/\/apgsolutions.com\/es\/wp-json\/wp\/v2\/media?parent=98394"}],"curies":[{"name":"wp","href":"https:\/\/api.w.org\/{rel}","templated":true}]}}