{"id":98723,"date":"2026-01-22T17:08:47","date_gmt":"2026-01-22T17:08:47","guid":{"rendered":"https:\/\/apgsolutions.com\/squirrel-systems-cash-drawer-solutions\/"},"modified":"2026-01-23T10:50:34","modified_gmt":"2026-01-23T10:50:34","slug":"squirrel-systems-cash-drawer-solutions","status":"publish","type":"page","link":"https:\/\/apgsolutions.com\/es\/squirrel-systems-cash-drawer-solutions\/","title":{"rendered":"Soluciones de caja registradora de Squirrel Systems"},"content":{"rendered":"<div class=\"section_page-header \">\n    <img decoding=\"async\" class=\"header-image\" src=\"https:\/\/apgsolutions.com\/wp-content\/uploads\/2023\/04\/dark-blue-rotated.jpg\" alt=\"dark-blue\" title=\"dark-blue\">\n            <div class=\"header-content\">\n            <h1>Squirrel Systems Cash Drawer Solutions<\/h1>\n        <\/div>\n    <\/div><div class=\"wp-block-image\">\n<figure class=\"aligncenter size-full\"><img fetchpriority=\"high\" decoding=\"async\" width=\"300\" height=\"180\" src=\"https:\/\/apgsolutions.com\/wp-content\/uploads\/2023\/05\/squirrel-systems-logo-300x180-1.png\" alt=\"logotipo de squirrel systems\" class=\"wp-image-3282\"\/><\/figure>\n<\/div>\n<p>APG ofrece una amplia variedad de cajones portamonedas para todo tipo de entornos de TPV. Squirrel Systems y APG tienen un largo historial de colaboraci\u00f3n para ofrecer una s\u00f3lida soluci\u00f3n de hardware de punto de venta con un bajo coste total de propiedad. Para saber m\u00e1s, vis\u00edtanos en <a href=\"https:\/\/apgsolutions.com\/\">www.cashdrawer.com.<\/a>  <\/p>\n\n<h2 class=\"wp-block-heading has-text-align-center\" id=\"h-series-100-cash-drawer\">Caj\u00f3n portamonedas Serie 100<\/h2>\n\n<h3 class=\"wp-block-heading\">Una soluci\u00f3n eficiente, que aumenta la eficacia de tu puesto de trabajo.<\/h3>\n\n<p>De tama\u00f1o reducido, el caj\u00f3n portamonedas APG Serie 100 no compromete la eficacia. De hecho, la mejora, aumentando la eficacia de tu puesto de trabajo.  Dise\u00f1ada en torno a una caja registradora de tama\u00f1o normal, la estrecha huella de la Serie 100 minimiza el espacio necesario en el mostrador. Hay amplio espacio de almacenamiento en un compartimento profundo bajo la palanca, para guardar rollos de monedas y billetes empaquetados. Un separador ajustable de ranuras para soportes separa y organiza los distintos tipos de soportes. <\/p>\n\n<p>Con caracter\u00edsticas que incluyen gu\u00edas de acero con cojinetes de bolas y un robusto mecanismo de cierre, la Serie 100 ha superado los 4 millones de ciclos. Un dise\u00f1o de caja duradero y el resistente acabado con pintura en polvo resisten el maltrato incluso en los entornos m\u00e1s duros. Las opciones de tama\u00f1o, color, interfaz, accesorios y configuraci\u00f3n completan la soluci\u00f3n de la Serie 100.  <\/p>\n\n<p><strong>Descargas PDF:<\/strong><\/p>\n\n<p><a href=\"\/wp-content\/uploads\/2023\/05\/M-43-001-Rev.-I-Series-100-English_WEB-1.pdf\">Folleto de la Serie 100<\/a><br\/><a href=\"\/wp-content\/uploads\/2023\/05\/M-423_RevA.pdf\">Instrucciones de uso y mantenimiento de la Serie 100<\/a><br\/><a href=\"\/wp-content\/uploads\/2023\/04\/M-43-021-Rev.-M-Performance-Accessories-Guide_WEB.pdf\">Gu\u00eda de accesorios de alto rendimiento<\/a><br\/><a href=\"\/wp-content\/uploads\/2023\/04\/M-43-118-Rev.-E-Coin-Cups_web.pdf\">Folleto de vasos para monedas pesables<\/a><\/p>\n\n<h2 class=\"wp-block-heading has-text-align-center\" id=\"h-vasario-cash-drawer\">Caj\u00f3n portamonedas Vasario<\/h2>\n\n<h3 class=\"wp-block-heading\">La soluci\u00f3n perfecta para aplicaciones que pueden abordarse con un caj\u00f3n portamonedas est\u00e1ndar.<\/h3>\n\n<p>La serie Vasario es la opci\u00f3n rentable que no sacrifica la calidad ni la fiabilidad. Cada miembro de la familia de cajones portamonedas Vasario tiene un precio competitivo e incluye funciones, como cerraduras multifunci\u00f3n e informes de estado del caj\u00f3n, que se encuentran en cajones portamonedas m\u00e1s caros.  Disponemos de una variedad de modelos con una amplia gama de opciones de tama\u00f1o, estilo, color, interfaz y configuraci\u00f3n de caja para satisfacer tus requisitos espec\u00edficos.<\/p>\n\n<p><strong>Descargas PDF:<\/strong><\/p>\n\n<p><a href=\"\/wp-content\/uploads\/2023\/05\/M-43-026-Rev.-J-Vasario-Series-English-1.pdf\">Folleto Vasario<\/a><br\/><a href=\"\/wp-content\/uploads\/2023\/05\/M-43-024-Rev.-K-Standard-Accessories-Guide_WEB.pdf\">Folleto Accesorios Est\u00e1ndar<\/a><br\/><a href=\"\/wp-content\/uploads\/2023\/04\/M-43-118-Rev.-E-Coin-Cups_web.pdf\">Folleto Vasos para monedas pesables<\/a><\/p>\n","protected":false},"excerpt":{"rendered":"<p>APG ofrece una amplia variedad de cajones portamonedas para todo tipo de entornos de TPV. Squirrel Systems y APG tienen un largo historial de colaboraci\u00f3n para ofrecer una s\u00f3lida soluci\u00f3n de hardware de punto de venta con un bajo coste total de propiedad. Para saber m\u00e1s, vis\u00edtanos en www.cashdrawer.com. Caj\u00f3n portamonedas Serie 100 Una soluci\u00f3n [&hellip;]<\/p>\n","protected":false},"author":4,"featured_media":0,"parent":0,"menu_order":0,"comment_status":"closed","ping_status":"closed","template":"","meta":{"_acf_changed":false,"content-type":"","footnotes":""},"class_list":["post-98723","page","type-page","status-publish"],"yoast_head":"<!-- This site is optimized with the Yoast SEO Premium plugin v23.5 (Yoast SEO v27.2) - https:\/\/yoast.com\/product\/yoast-seo-premium-wordpress\/ -->\n<title>Soluciones de caja registradora de Squirrel Systems<\/title>\n<meta name=\"description\" content=\"Opciones de cajones portamonedas APG para TPV de Squirrel Systems. Integraciones fiables para entornos de hosteler\u00eda.\" \/>\n<meta name=\"robots\" content=\"index, follow, max-snippet:-1, max-image-preview:large, max-video-preview:-1\" \/>\n<link rel=\"canonical\" href=\"https:\/\/apgsolutions.com\/es\/squirrel-systems-cash-drawer-solutions\/\" \/>\n<meta property=\"og:locale\" content=\"es_ES\" \/>\n<meta property=\"og:type\" content=\"article\" \/>\n<meta property=\"og:title\" content=\"Soluciones de caja registradora de Squirrel Systems\" \/>\n<meta property=\"og:description\" content=\"Opciones de cajones portamonedas APG para TPV de Squirrel Systems. Integraciones fiables para entornos de hosteler\u00eda.\" \/>\n<meta property=\"og:url\" content=\"https:\/\/apgsolutions.com\/es\/squirrel-systems-cash-drawer-solutions\/\" \/>\n<meta property=\"og:site_name\" content=\"apg\u00ae Solutions\" \/>\n<meta property=\"article:publisher\" content=\"https:\/\/www.facebook.com\/apgglobalsolutions\" \/>\n<meta property=\"article:modified_time\" content=\"2026-01-23T10:50:34+00:00\" \/>\n<meta property=\"og:image\" content=\"https:\/\/apgsolutions.com\/wp-content\/uploads\/2023\/05\/squirrel-systems-logo-300x180-1.png\" \/>\n<meta name=\"twitter:card\" content=\"summary_large_image\" \/>\n<meta name=\"twitter:site\" content=\"@apg_solutions\" \/>\n<meta name=\"twitter:label1\" content=\"Tiempo de lectura\" \/>\n\t<meta name=\"twitter:data1\" content=\"2 minutos\" \/>\n<script type=\"application\/ld+json\" class=\"yoast-schema-graph\">{\"@context\":\"https:\/\/schema.org\",\"@graph\":[{\"@type\":\"WebPage\",\"@id\":\"https:\/\/apgsolutions.com\/es\/squirrel-systems-cash-drawer-solutions\/\",\"url\":\"https:\/\/apgsolutions.com\/es\/squirrel-systems-cash-drawer-solutions\/\",\"name\":\"Soluciones de caja registradora de Squirrel Systems\",\"isPartOf\":{\"@id\":\"https:\/\/apgsolutions.com\/es\/#website\"},\"primaryImageOfPage\":{\"@id\":\"https:\/\/apgsolutions.com\/es\/squirrel-systems-cash-drawer-solutions\/#primaryimage\"},\"image\":{\"@id\":\"https:\/\/apgsolutions.com\/es\/squirrel-systems-cash-drawer-solutions\/#primaryimage\"},\"thumbnailUrl\":\"https:\/\/apgsolutions.com\/wp-content\/uploads\/2023\/05\/squirrel-systems-logo-300x180-1.png\",\"datePublished\":\"2026-01-22T17:08:47+00:00\",\"dateModified\":\"2026-01-23T10:50:34+00:00\",\"description\":\"Opciones de cajones portamonedas APG para TPV de Squirrel Systems. Integraciones fiables para entornos de hosteler\u00eda.\",\"inLanguage\":\"es\",\"potentialAction\":[{\"@type\":\"ReadAction\",\"target\":[\"https:\/\/apgsolutions.com\/es\/squirrel-systems-cash-drawer-solutions\/\"]}]},{\"@type\":\"ImageObject\",\"inLanguage\":\"es\",\"@id\":\"https:\/\/apgsolutions.com\/es\/squirrel-systems-cash-drawer-solutions\/#primaryimage\",\"url\":\"https:\/\/apgsolutions.com\/wp-content\/uploads\/2023\/05\/squirrel-systems-logo-300x180-1.png\",\"contentUrl\":\"https:\/\/apgsolutions.com\/wp-content\/uploads\/2023\/05\/squirrel-systems-logo-300x180-1.png\"},{\"@type\":\"WebSite\",\"@id\":\"https:\/\/apgsolutions.com\/es\/#website\",\"url\":\"https:\/\/apgsolutions.com\/es\/\",\"name\":\"APG Solutions, LLC\",\"description\":\"Trust at every point.\",\"publisher\":{\"@id\":\"https:\/\/apgsolutions.com\/es\/#organization\"},\"potentialAction\":[{\"@type\":\"SearchAction\",\"target\":{\"@type\":\"EntryPoint\",\"urlTemplate\":\"https:\/\/apgsolutions.com\/es\/?s={search_term_string}\"},\"query-input\":{\"@type\":\"PropertyValueSpecification\",\"valueRequired\":true,\"valueName\":\"search_term_string\"}}],\"inLanguage\":\"es\"},{\"@type\":\"Organization\",\"@id\":\"https:\/\/apgsolutions.com\/es\/#organization\",\"name\":\"APG Solution, LLC\",\"url\":\"https:\/\/apgsolutions.com\/es\/\",\"logo\":{\"@type\":\"ImageObject\",\"inLanguage\":\"es\",\"@id\":\"https:\/\/apgsolutions.com\/es\/#\/schema\/logo\/image\/\",\"url\":\"https:\/\/apgsolutions.com\/wp-content\/uploads\/2023\/12\/logomark-color.svg\",\"contentUrl\":\"https:\/\/apgsolutions.com\/wp-content\/uploads\/2023\/12\/logomark-color.svg\",\"width\":141,\"height\":138,\"caption\":\"APG Solution, LLC\"},\"image\":{\"@id\":\"https:\/\/apgsolutions.com\/es\/#\/schema\/logo\/image\/\"},\"sameAs\":[\"https:\/\/www.facebook.com\/apgglobalsolutions\",\"https:\/\/x.com\/apg_solutions\",\"https:\/\/www.youtube.com\/c\/CashManagementGlobalSolutionsbyapg\",\"https:\/\/www.linkedin.com\/company\/apgglobalsolutions\/\",\"https:\/\/www.instagram.com\/apgglobalsolutions\/\",\"https:\/\/www.pinterest.com\/apgcashdrawer\/\"]}]}<\/script>\n<!-- \/ Yoast SEO Premium plugin. -->","yoast_head_json":{"title":"Soluciones de caja registradora de Squirrel Systems","description":"Opciones de cajones portamonedas APG para TPV de Squirrel Systems. Integraciones fiables para entornos de hosteler\u00eda.","robots":{"index":"index","follow":"follow","max-snippet":"max-snippet:-1","max-image-preview":"max-image-preview:large","max-video-preview":"max-video-preview:-1"},"canonical":"https:\/\/apgsolutions.com\/es\/squirrel-systems-cash-drawer-solutions\/","og_locale":"es_ES","og_type":"article","og_title":"Soluciones de caja registradora de Squirrel Systems","og_description":"Opciones de cajones portamonedas APG para TPV de Squirrel Systems. Integraciones fiables para entornos de hosteler\u00eda.","og_url":"https:\/\/apgsolutions.com\/es\/squirrel-systems-cash-drawer-solutions\/","og_site_name":"apg\u00ae Solutions","article_publisher":"https:\/\/www.facebook.com\/apgglobalsolutions","article_modified_time":"2026-01-23T10:50:34+00:00","og_image":[{"url":"https:\/\/apgsolutions.com\/wp-content\/uploads\/2023\/05\/squirrel-systems-logo-300x180-1.png","type":"","width":"","height":""}],"twitter_card":"summary_large_image","twitter_site":"@apg_solutions","twitter_misc":{"Tiempo de lectura":"2 minutos"},"schema":{"@context":"https:\/\/schema.org","@graph":[{"@type":"WebPage","@id":"https:\/\/apgsolutions.com\/es\/squirrel-systems-cash-drawer-solutions\/","url":"https:\/\/apgsolutions.com\/es\/squirrel-systems-cash-drawer-solutions\/","name":"Soluciones de caja registradora de Squirrel Systems","isPartOf":{"@id":"https:\/\/apgsolutions.com\/es\/#website"},"primaryImageOfPage":{"@id":"https:\/\/apgsolutions.com\/es\/squirrel-systems-cash-drawer-solutions\/#primaryimage"},"image":{"@id":"https:\/\/apgsolutions.com\/es\/squirrel-systems-cash-drawer-solutions\/#primaryimage"},"thumbnailUrl":"https:\/\/apgsolutions.com\/wp-content\/uploads\/2023\/05\/squirrel-systems-logo-300x180-1.png","datePublished":"2026-01-22T17:08:47+00:00","dateModified":"2026-01-23T10:50:34+00:00","description":"Opciones de cajones portamonedas APG para TPV de Squirrel Systems. Integraciones fiables para entornos de hosteler\u00eda.","inLanguage":"es","potentialAction":[{"@type":"ReadAction","target":["https:\/\/apgsolutions.com\/es\/squirrel-systems-cash-drawer-solutions\/"]}]},{"@type":"ImageObject","inLanguage":"es","@id":"https:\/\/apgsolutions.com\/es\/squirrel-systems-cash-drawer-solutions\/#primaryimage","url":"https:\/\/apgsolutions.com\/wp-content\/uploads\/2023\/05\/squirrel-systems-logo-300x180-1.png","contentUrl":"https:\/\/apgsolutions.com\/wp-content\/uploads\/2023\/05\/squirrel-systems-logo-300x180-1.png"},{"@type":"WebSite","@id":"https:\/\/apgsolutions.com\/es\/#website","url":"https:\/\/apgsolutions.com\/es\/","name":"APG Solutions, LLC","description":"Trust at every point.","publisher":{"@id":"https:\/\/apgsolutions.com\/es\/#organization"},"potentialAction":[{"@type":"SearchAction","target":{"@type":"EntryPoint","urlTemplate":"https:\/\/apgsolutions.com\/es\/?s={search_term_string}"},"query-input":{"@type":"PropertyValueSpecification","valueRequired":true,"valueName":"search_term_string"}}],"inLanguage":"es"},{"@type":"Organization","@id":"https:\/\/apgsolutions.com\/es\/#organization","name":"APG Solution, LLC","url":"https:\/\/apgsolutions.com\/es\/","logo":{"@type":"ImageObject","inLanguage":"es","@id":"https:\/\/apgsolutions.com\/es\/#\/schema\/logo\/image\/","url":"https:\/\/apgsolutions.com\/wp-content\/uploads\/2023\/12\/logomark-color.svg","contentUrl":"https:\/\/apgsolutions.com\/wp-content\/uploads\/2023\/12\/logomark-color.svg","width":141,"height":138,"caption":"APG Solution, LLC"},"image":{"@id":"https:\/\/apgsolutions.com\/es\/#\/schema\/logo\/image\/"},"sameAs":["https:\/\/www.facebook.com\/apgglobalsolutions","https:\/\/x.com\/apg_solutions","https:\/\/www.youtube.com\/c\/CashManagementGlobalSolutionsbyapg","https:\/\/www.linkedin.com\/company\/apgglobalsolutions\/","https:\/\/www.instagram.com\/apgglobalsolutions\/","https:\/\/www.pinterest.com\/apgcashdrawer\/"]}]}},"acf":[],"_links":{"self":[{"href":"https:\/\/apgsolutions.com\/es\/wp-json\/wp\/v2\/pages\/98723","targetHints":{"allow":["GET"]}}],"collection":[{"href":"https:\/\/apgsolutions.com\/es\/wp-json\/wp\/v2\/pages"}],"about":[{"href":"https:\/\/apgsolutions.com\/es\/wp-json\/wp\/v2\/types\/page"}],"author":[{"embeddable":true,"href":"https:\/\/apgsolutions.com\/es\/wp-json\/wp\/v2\/users\/4"}],"replies":[{"embeddable":true,"href":"https:\/\/apgsolutions.com\/es\/wp-json\/wp\/v2\/comments?post=98723"}],"version-history":[{"count":7,"href":"https:\/\/apgsolutions.com\/es\/wp-json\/wp\/v2\/pages\/98723\/revisions"}],"predecessor-version":[{"id":99277,"href":"https:\/\/apgsolutions.com\/es\/wp-json\/wp\/v2\/pages\/98723\/revisions\/99277"}],"wp:attachment":[{"href":"https:\/\/apgsolutions.com\/es\/wp-json\/wp\/v2\/media?parent=98723"}],"curies":[{"name":"wp","href":"https:\/\/api.w.org\/{rel}","templated":true}]}}