{"id":99055,"date":"2026-01-22T17:57:20","date_gmt":"2026-01-22T17:57:20","guid":{"rendered":"https:\/\/apgsolutions.com\/smarttill-solutions-deliverables-training-sdks\/"},"modified":"2026-01-23T10:50:48","modified_gmt":"2026-01-23T10:50:48","slug":"smarttill-solutions-deliverables-training-sdks","status":"publish","type":"page","link":"https:\/\/apgsolutions.com\/es\/smarttill-solutions-deliverables-training-sdks\/","title":{"rendered":"Productos, formaci\u00f3n y SDK de la soluci\u00f3n SMARTtill"},"content":{"rendered":"","protected":true},"excerpt":{"rendered":"","protected":true},"author":4,"featured_media":0,"parent":0,"menu_order":0,"comment_status":"closed","ping_status":"closed","template":"","meta":{"_acf_changed":false,"content-type":"","footnotes":""},"class_list":["post-99055","page","type-page","status-publish","post-password-required"],"yoast_head":"<!-- This site is optimized with the Yoast SEO Premium plugin v23.5 (Yoast SEO v27.2) - https:\/\/yoast.com\/product\/yoast-seo-premium-wordpress\/ -->\n<title>Productos, formaci\u00f3n y SDK de la soluci\u00f3n SMARTtill<\/title>\n<meta name=\"description\" content=\"Visi\u00f3n general de los productos, recursos de formaci\u00f3n y SDK de Smarttill para la integraci\u00f3n de la gesti\u00f3n de efectivo.\" \/>\n<meta name=\"robots\" content=\"index, follow, max-snippet:-1, max-image-preview:large, max-video-preview:-1\" \/>\n<link rel=\"canonical\" href=\"https:\/\/apgsolutions.com\/es\/smarttill-solutions-deliverables-training-sdks\/\" \/>\n<meta property=\"og:locale\" content=\"es_ES\" \/>\n<meta property=\"og:type\" content=\"article\" \/>\n<meta property=\"og:title\" content=\"Productos, formaci\u00f3n y SDK de la soluci\u00f3n SMARTtill\" \/>\n<meta property=\"og:description\" content=\"Visi\u00f3n general de los productos, recursos de formaci\u00f3n y SDK de Smarttill para la integraci\u00f3n de la gesti\u00f3n de efectivo.\" \/>\n<meta property=\"og:url\" content=\"https:\/\/apgsolutions.com\/es\/smarttill-solutions-deliverables-training-sdks\/\" \/>\n<meta property=\"og:site_name\" content=\"apg\u00ae Solutions\" \/>\n<meta property=\"article:publisher\" content=\"https:\/\/www.facebook.com\/apgglobalsolutions\" \/>\n<meta property=\"article:modified_time\" content=\"2026-01-23T10:50:48+00:00\" \/>\n<meta name=\"twitter:card\" content=\"summary_large_image\" \/>\n<meta name=\"twitter:site\" content=\"@apg_solutions\" \/>\n<meta name=\"twitter:label1\" content=\"Tiempo de lectura\" \/>\n\t<meta name=\"twitter:data1\" content=\"14 minutos\" \/>\n<script type=\"application\/ld+json\" class=\"yoast-schema-graph\">{\"@context\":\"https:\/\/schema.org\",\"@graph\":[{\"@type\":\"WebPage\",\"@id\":\"https:\/\/apgsolutions.com\/es\/smarttill-solutions-deliverables-training-sdks\/\",\"url\":\"https:\/\/apgsolutions.com\/es\/smarttill-solutions-deliverables-training-sdks\/\",\"name\":\"Productos, formaci\u00f3n y SDK de la soluci\u00f3n SMARTtill\",\"isPartOf\":{\"@id\":\"https:\/\/apgsolutions.com\/es\/#website\"},\"datePublished\":\"2026-01-22T17:57:20+00:00\",\"dateModified\":\"2026-01-23T10:50:48+00:00\",\"breadcrumb\":{\"@id\":\"https:\/\/apgsolutions.com\/es\/smarttill-solutions-deliverables-training-sdks\/#breadcrumb\"},\"inLanguage\":\"es\"},{\"@type\":\"WebSite\",\"@id\":\"https:\/\/apgsolutions.com\/es\/#website\",\"url\":\"https:\/\/apgsolutions.com\/es\/\",\"name\":\"APG Solutions, LLC\",\"description\":\"Trust at every point.\",\"publisher\":{\"@id\":\"https:\/\/apgsolutions.com\/es\/#organization\"},\"potentialAction\":[{\"@type\":\"SearchAction\",\"target\":{\"@type\":\"EntryPoint\",\"urlTemplate\":\"https:\/\/apgsolutions.com\/es\/?s={search_term_string}\"},\"query-input\":{\"@type\":\"PropertyValueSpecification\",\"valueRequired\":true,\"valueName\":\"search_term_string\"}}],\"inLanguage\":\"es\"},{\"@type\":\"Organization\",\"@id\":\"https:\/\/apgsolutions.com\/es\/#organization\",\"name\":\"APG Solution, LLC\",\"url\":\"https:\/\/apgsolutions.com\/es\/\",\"logo\":{\"@type\":\"ImageObject\",\"inLanguage\":\"es\",\"@id\":\"https:\/\/apgsolutions.com\/es\/#\/schema\/logo\/image\/\",\"url\":\"https:\/\/apgsolutions.com\/wp-content\/uploads\/2023\/12\/logomark-color.svg\",\"contentUrl\":\"https:\/\/apgsolutions.com\/wp-content\/uploads\/2023\/12\/logomark-color.svg\",\"width\":141,\"height\":138,\"caption\":\"APG Solution, LLC\"},\"image\":{\"@id\":\"https:\/\/apgsolutions.com\/es\/#\/schema\/logo\/image\/\"},\"sameAs\":[\"https:\/\/www.facebook.com\/apgglobalsolutions\",\"https:\/\/x.com\/apg_solutions\",\"https:\/\/www.youtube.com\/c\/CashManagementGlobalSolutionsbyapg\",\"https:\/\/www.linkedin.com\/company\/apgglobalsolutions\/\",\"https:\/\/www.instagram.com\/apgglobalsolutions\/\",\"https:\/\/www.pinterest.com\/apgcashdrawer\/\"]}]}<\/script>\n<!-- \/ Yoast SEO Premium plugin. -->","yoast_head_json":{"title":"Productos, formaci\u00f3n y SDK de la soluci\u00f3n SMARTtill","description":"Visi\u00f3n general de los productos, recursos de formaci\u00f3n y SDK de Smarttill para la integraci\u00f3n de la gesti\u00f3n de efectivo.","robots":{"index":"index","follow":"follow","max-snippet":"max-snippet:-1","max-image-preview":"max-image-preview:large","max-video-preview":"max-video-preview:-1"},"canonical":"https:\/\/apgsolutions.com\/es\/smarttill-solutions-deliverables-training-sdks\/","og_locale":"es_ES","og_type":"article","og_title":"Productos, formaci\u00f3n y SDK de la soluci\u00f3n SMARTtill","og_description":"Visi\u00f3n general de los productos, recursos de formaci\u00f3n y SDK de Smarttill para la integraci\u00f3n de la gesti\u00f3n de efectivo.","og_url":"https:\/\/apgsolutions.com\/es\/smarttill-solutions-deliverables-training-sdks\/","og_site_name":"apg\u00ae Solutions","article_publisher":"https:\/\/www.facebook.com\/apgglobalsolutions","article_modified_time":"2026-01-23T10:50:48+00:00","twitter_card":"summary_large_image","twitter_site":"@apg_solutions","twitter_misc":{"Tiempo de lectura":"14 minutos"},"schema":{"@context":"https:\/\/schema.org","@graph":[{"@type":"WebPage","@id":"https:\/\/apgsolutions.com\/es\/smarttill-solutions-deliverables-training-sdks\/","url":"https:\/\/apgsolutions.com\/es\/smarttill-solutions-deliverables-training-sdks\/","name":"Productos, formaci\u00f3n y SDK de la soluci\u00f3n SMARTtill","isPartOf":{"@id":"https:\/\/apgsolutions.com\/es\/#website"},"datePublished":"2026-01-22T17:57:20+00:00","dateModified":"2026-01-23T10:50:48+00:00","breadcrumb":{"@id":"https:\/\/apgsolutions.com\/es\/smarttill-solutions-deliverables-training-sdks\/#breadcrumb"},"inLanguage":"es"},{"@type":"WebSite","@id":"https:\/\/apgsolutions.com\/es\/#website","url":"https:\/\/apgsolutions.com\/es\/","name":"APG Solutions, LLC","description":"Trust at every point.","publisher":{"@id":"https:\/\/apgsolutions.com\/es\/#organization"},"potentialAction":[{"@type":"SearchAction","target":{"@type":"EntryPoint","urlTemplate":"https:\/\/apgsolutions.com\/es\/?s={search_term_string}"},"query-input":{"@type":"PropertyValueSpecification","valueRequired":true,"valueName":"search_term_string"}}],"inLanguage":"es"},{"@type":"Organization","@id":"https:\/\/apgsolutions.com\/es\/#organization","name":"APG Solution, LLC","url":"https:\/\/apgsolutions.com\/es\/","logo":{"@type":"ImageObject","inLanguage":"es","@id":"https:\/\/apgsolutions.com\/es\/#\/schema\/logo\/image\/","url":"https:\/\/apgsolutions.com\/wp-content\/uploads\/2023\/12\/logomark-color.svg","contentUrl":"https:\/\/apgsolutions.com\/wp-content\/uploads\/2023\/12\/logomark-color.svg","width":141,"height":138,"caption":"APG Solution, LLC"},"image":{"@id":"https:\/\/apgsolutions.com\/es\/#\/schema\/logo\/image\/"},"sameAs":["https:\/\/www.facebook.com\/apgglobalsolutions","https:\/\/x.com\/apg_solutions","https:\/\/www.youtube.com\/c\/CashManagementGlobalSolutionsbyapg","https:\/\/www.linkedin.com\/company\/apgglobalsolutions\/","https:\/\/www.instagram.com\/apgglobalsolutions\/","https:\/\/www.pinterest.com\/apgcashdrawer\/"]}]}},"acf":[],"_links":{"self":[{"href":"https:\/\/apgsolutions.com\/es\/wp-json\/wp\/v2\/pages\/99055","targetHints":{"allow":["GET"]}}],"collection":[{"href":"https:\/\/apgsolutions.com\/es\/wp-json\/wp\/v2\/pages"}],"about":[{"href":"https:\/\/apgsolutions.com\/es\/wp-json\/wp\/v2\/types\/page"}],"author":[{"embeddable":true,"href":"https:\/\/apgsolutions.com\/es\/wp-json\/wp\/v2\/users\/4"}],"replies":[{"embeddable":true,"href":"https:\/\/apgsolutions.com\/es\/wp-json\/wp\/v2\/comments?post=99055"}],"version-history":[{"count":3,"href":"https:\/\/apgsolutions.com\/es\/wp-json\/wp\/v2\/pages\/99055\/revisions"}],"predecessor-version":[{"id":99287,"href":"https:\/\/apgsolutions.com\/es\/wp-json\/wp\/v2\/pages\/99055\/revisions\/99287"}],"wp:attachment":[{"href":"https:\/\/apgsolutions.com\/es\/wp-json\/wp\/v2\/media?parent=99055"}],"curies":[{"name":"wp","href":"https:\/\/api.w.org\/{rel}","templated":true}]}}