{"id":100854,"date":"2026-01-23T15:30:27","date_gmt":"2026-01-23T15:30:27","guid":{"rendered":"https:\/\/apgsolutions.com\/store\/vpk-15b-5-bx\/"},"modified":"2026-01-23T15:30:27","modified_gmt":"2026-01-23T15:30:27","slug":"vpk-15b-5-bx","status":"publish","type":"product","link":"https:\/\/apgsolutions.com\/es\/store\/vpk-15b-5-bx\/","title":{"rendered":"VPK-15B-5-BX"},"content":{"rendered":"<p>4 Billetes 8 Monedas con anchos de billetes y monedas ajustables, preparado para el euro, se adapta a los cajones portamonedas Vasario de tama\u00f1o 1616 y 1618. La caja mide 14,2 x 12,65 x 2,4 pulgadas \/ 361 x 321 x 61 mm. Divisas que se ajustan a esta caja: D\u00f3lar canadiense, d\u00f3lar neozeland\u00e9s, rublo ruso, d\u00edrham marroqu\u00ed, won surcoreano, francos suizos, lira turca, d\u00f3lar jamaicano, baht tailand\u00e9s, dinar bahrein\u00ed, renminbi chino, peso chileno, dinar jordano, litas lituana, libra esterlina brit\u00e1nica, bolivianos, d\u00f3lar australiano, col\u00f3n costarricense, corona danesa, d\u00f3lar fiyiano, d\u00f3lar hongkon\u00e9s, lats letones, forint h\u00fangaro, chel\u00edn keniano, euro yen japon\u00e9s, nuevo shekel israel\u00ed.  <\/p>\n","protected":false},"excerpt":{"rendered":"<p>4 Billetes 8 Monedas, Euro ready, se adapta a los cajones portamonedas Vasario de tama\u00f1o 1616 y 1618<\/p>\n","protected":false},"featured_media":4532,"template":"","meta":{"_acf_changed":false,"content-type":""},"product_brand":[],"product_cat":[775,753,778,752],"product_tag":[],"class_list":{"0":"post-100854","1":"product","2":"type-product","3":"status-publish","4":"has-post-thumbnail","6":"product_cat-accesorios-de-servicio-estandar","7":"product_cat-recambios-y-accesorios","8":"product_cat-tills-insertos","9":"product_cat-todos-los-productos","11":"first","12":"instock","13":"taxable","14":"shipping-taxable","15":"purchasable","16":"product-type-simple"},"yoast_head":"<!-- This site is optimized with the Yoast SEO Premium plugin v23.5 (Yoast SEO v27.2) - https:\/\/yoast.com\/product\/yoast-seo-premium-wordpress\/ -->\n<title>VPK-15B-5-BX | apg\u00ae Tienda online de recambios y accesorios<\/title>\n<meta name=\"description\" content=\"Caja registradora de 4 billetes y 8 monedas. SKU: VPK-15B-5-BX. Haz clic aqu\u00ed para navegar por la tienda online de piezas y accesorios de APG Cash Drawer y comprar estos accesorios hoy mismo\" \/>\n<meta name=\"robots\" content=\"index, follow, max-snippet:-1, max-image-preview:large, max-video-preview:-1\" \/>\n<link rel=\"canonical\" href=\"https:\/\/apgsolutions.com\/es\/store\/vpk-15b-5-bx\/\" \/>\n<meta property=\"og:locale\" content=\"es_ES\" \/>\n<meta property=\"og:type\" content=\"article\" \/>\n<meta property=\"og:title\" content=\"VPK-15B-5-BX | apg\u00ae Tienda online de recambios y accesorios\" \/>\n<meta property=\"og:description\" content=\"Caja registradora de 4 billetes y 8 monedas. SKU: VPK-15B-5-BX. Haz clic aqu\u00ed para navegar por la tienda online de piezas y accesorios de APG Cash Drawer y comprar estos accesorios hoy mismo\" \/>\n<meta property=\"og:url\" content=\"https:\/\/apgsolutions.com\/es\/store\/vpk-15b-5-bx\/\" \/>\n<meta property=\"og:site_name\" content=\"apg\u00ae Solutions\" \/>\n<meta property=\"article:publisher\" content=\"https:\/\/www.facebook.com\/apgglobalsolutions\" \/>\n<meta property=\"og:image\" content=\"https:\/\/apgsolutions.com\/wp-content\/uploads\/2023\/05\/VPK-15B-5-BX.jpg\" \/>\n\t<meta property=\"og:image:width\" content=\"295\" \/>\n\t<meta property=\"og:image:height\" content=\"295\" \/>\n\t<meta property=\"og:image:type\" content=\"image\/jpeg\" \/>\n<meta name=\"twitter:card\" content=\"summary_large_image\" \/>\n<meta name=\"twitter:site\" content=\"@apg_solutions\" \/>\n<meta name=\"twitter:label1\" content=\"Tiempo de lectura\" \/>\n\t<meta name=\"twitter:data1\" content=\"1 minuto\" \/>\n<script type=\"application\/ld+json\" class=\"yoast-schema-graph\">{\"@context\":\"https:\/\/schema.org\",\"@graph\":[{\"@type\":\"WebPage\",\"@id\":\"https:\/\/apgsolutions.com\/es\/store\/vpk-15b-5-bx\/\",\"url\":\"https:\/\/apgsolutions.com\/es\/store\/vpk-15b-5-bx\/\",\"name\":\"VPK-15B-5-BX | apg\u00ae Tienda online de recambios y accesorios\",\"isPartOf\":{\"@id\":\"https:\/\/apgsolutions.com\/es\/#website\"},\"primaryImageOfPage\":{\"@id\":\"https:\/\/apgsolutions.com\/es\/store\/vpk-15b-5-bx\/#primaryimage\"},\"image\":{\"@id\":\"https:\/\/apgsolutions.com\/es\/store\/vpk-15b-5-bx\/#primaryimage\"},\"thumbnailUrl\":\"https:\/\/apgsolutions.com\/wp-content\/uploads\/2023\/05\/VPK-15B-5-BX.jpg\",\"datePublished\":\"2026-01-23T15:30:27+00:00\",\"description\":\"Caja registradora de 4 billetes y 8 monedas. SKU: VPK-15B-5-BX. Haz clic aqu\u00ed para navegar por la tienda online de piezas y accesorios de APG Cash Drawer y comprar estos accesorios hoy mismo\",\"breadcrumb\":{\"@id\":\"https:\/\/apgsolutions.com\/es\/store\/vpk-15b-5-bx\/#breadcrumb\"},\"inLanguage\":\"es\",\"potentialAction\":[{\"@type\":\"ReadAction\",\"target\":[\"https:\/\/apgsolutions.com\/es\/store\/vpk-15b-5-bx\/\"]}]},{\"@type\":\"ImageObject\",\"inLanguage\":\"es\",\"@id\":\"https:\/\/apgsolutions.com\/es\/store\/vpk-15b-5-bx\/#primaryimage\",\"url\":\"https:\/\/apgsolutions.com\/wp-content\/uploads\/2023\/05\/VPK-15B-5-BX.jpg\",\"contentUrl\":\"https:\/\/apgsolutions.com\/wp-content\/uploads\/2023\/05\/VPK-15B-5-BX.jpg\",\"width\":295,\"height\":295,\"caption\":\"VPK-15B-5-BX\"},{\"@type\":\"BreadcrumbList\",\"@id\":\"https:\/\/apgsolutions.com\/es\/store\/vpk-15b-5-bx\/#breadcrumb\",\"itemListElement\":[{\"@type\":\"ListItem\",\"position\":1,\"name\":\"U.S. Online Parts Store\",\"item\":\"https:\/\/apgsolutions.com\/store\/\"},{\"@type\":\"ListItem\",\"position\":2,\"name\":\"VPK-15B-5-BX\"}]},{\"@type\":\"WebSite\",\"@id\":\"https:\/\/apgsolutions.com\/es\/#website\",\"url\":\"https:\/\/apgsolutions.com\/es\/\",\"name\":\"APG Solutions, LLC\",\"description\":\"Trust at every point.\",\"publisher\":{\"@id\":\"https:\/\/apgsolutions.com\/es\/#organization\"},\"potentialAction\":[{\"@type\":\"SearchAction\",\"target\":{\"@type\":\"EntryPoint\",\"urlTemplate\":\"https:\/\/apgsolutions.com\/es\/?s={search_term_string}\"},\"query-input\":{\"@type\":\"PropertyValueSpecification\",\"valueRequired\":true,\"valueName\":\"search_term_string\"}}],\"inLanguage\":\"es\"},{\"@type\":\"Organization\",\"@id\":\"https:\/\/apgsolutions.com\/es\/#organization\",\"name\":\"APG Solution, LLC\",\"url\":\"https:\/\/apgsolutions.com\/es\/\",\"logo\":{\"@type\":\"ImageObject\",\"inLanguage\":\"es\",\"@id\":\"https:\/\/apgsolutions.com\/es\/#\/schema\/logo\/image\/\",\"url\":\"https:\/\/apgsolutions.com\/wp-content\/uploads\/2023\/12\/logomark-color.svg\",\"contentUrl\":\"https:\/\/apgsolutions.com\/wp-content\/uploads\/2023\/12\/logomark-color.svg\",\"width\":141,\"height\":138,\"caption\":\"APG Solution, LLC\"},\"image\":{\"@id\":\"https:\/\/apgsolutions.com\/es\/#\/schema\/logo\/image\/\"},\"sameAs\":[\"https:\/\/www.facebook.com\/apgglobalsolutions\",\"https:\/\/x.com\/apg_solutions\",\"https:\/\/www.youtube.com\/c\/CashManagementGlobalSolutionsbyapg\",\"https:\/\/www.linkedin.com\/company\/apgglobalsolutions\/\",\"https:\/\/www.instagram.com\/apgglobalsolutions\/\",\"https:\/\/www.pinterest.com\/apgcashdrawer\/\"]}]}<\/script>\n<!-- \/ Yoast SEO Premium plugin. -->","yoast_head_json":{"title":"VPK-15B-5-BX | apg\u00ae Tienda online de recambios y accesorios","description":"Caja registradora de 4 billetes y 8 monedas. SKU: VPK-15B-5-BX. Haz clic aqu\u00ed para navegar por la tienda online de piezas y accesorios de APG Cash Drawer y comprar estos accesorios hoy mismo","robots":{"index":"index","follow":"follow","max-snippet":"max-snippet:-1","max-image-preview":"max-image-preview:large","max-video-preview":"max-video-preview:-1"},"canonical":"https:\/\/apgsolutions.com\/es\/store\/vpk-15b-5-bx\/","og_locale":"es_ES","og_type":"article","og_title":"VPK-15B-5-BX | apg\u00ae Tienda online de recambios y accesorios","og_description":"Caja registradora de 4 billetes y 8 monedas. SKU: VPK-15B-5-BX. Haz clic aqu\u00ed para navegar por la tienda online de piezas y accesorios de APG Cash Drawer y comprar estos accesorios hoy mismo","og_url":"https:\/\/apgsolutions.com\/es\/store\/vpk-15b-5-bx\/","og_site_name":"apg\u00ae Solutions","article_publisher":"https:\/\/www.facebook.com\/apgglobalsolutions","og_image":[{"width":295,"height":295,"url":"https:\/\/apgsolutions.com\/wp-content\/uploads\/2023\/05\/VPK-15B-5-BX.jpg","type":"image\/jpeg"}],"twitter_card":"summary_large_image","twitter_site":"@apg_solutions","twitter_misc":{"Tiempo de lectura":"1 minuto"},"schema":{"@context":"https:\/\/schema.org","@graph":[{"@type":"WebPage","@id":"https:\/\/apgsolutions.com\/es\/store\/vpk-15b-5-bx\/","url":"https:\/\/apgsolutions.com\/es\/store\/vpk-15b-5-bx\/","name":"VPK-15B-5-BX | apg\u00ae Tienda online de recambios y accesorios","isPartOf":{"@id":"https:\/\/apgsolutions.com\/es\/#website"},"primaryImageOfPage":{"@id":"https:\/\/apgsolutions.com\/es\/store\/vpk-15b-5-bx\/#primaryimage"},"image":{"@id":"https:\/\/apgsolutions.com\/es\/store\/vpk-15b-5-bx\/#primaryimage"},"thumbnailUrl":"https:\/\/apgsolutions.com\/wp-content\/uploads\/2023\/05\/VPK-15B-5-BX.jpg","datePublished":"2026-01-23T15:30:27+00:00","description":"Caja registradora de 4 billetes y 8 monedas. SKU: VPK-15B-5-BX. Haz clic aqu\u00ed para navegar por la tienda online de piezas y accesorios de APG Cash Drawer y comprar estos accesorios hoy mismo","breadcrumb":{"@id":"https:\/\/apgsolutions.com\/es\/store\/vpk-15b-5-bx\/#breadcrumb"},"inLanguage":"es","potentialAction":[{"@type":"ReadAction","target":["https:\/\/apgsolutions.com\/es\/store\/vpk-15b-5-bx\/"]}]},{"@type":"ImageObject","inLanguage":"es","@id":"https:\/\/apgsolutions.com\/es\/store\/vpk-15b-5-bx\/#primaryimage","url":"https:\/\/apgsolutions.com\/wp-content\/uploads\/2023\/05\/VPK-15B-5-BX.jpg","contentUrl":"https:\/\/apgsolutions.com\/wp-content\/uploads\/2023\/05\/VPK-15B-5-BX.jpg","width":295,"height":295,"caption":"VPK-15B-5-BX"},{"@type":"BreadcrumbList","@id":"https:\/\/apgsolutions.com\/es\/store\/vpk-15b-5-bx\/#breadcrumb","itemListElement":[{"@type":"ListItem","position":1,"name":"U.S. Online Parts Store","item":"https:\/\/apgsolutions.com\/store\/"},{"@type":"ListItem","position":2,"name":"VPK-15B-5-BX"}]},{"@type":"WebSite","@id":"https:\/\/apgsolutions.com\/es\/#website","url":"https:\/\/apgsolutions.com\/es\/","name":"APG Solutions, LLC","description":"Trust at every point.","publisher":{"@id":"https:\/\/apgsolutions.com\/es\/#organization"},"potentialAction":[{"@type":"SearchAction","target":{"@type":"EntryPoint","urlTemplate":"https:\/\/apgsolutions.com\/es\/?s={search_term_string}"},"query-input":{"@type":"PropertyValueSpecification","valueRequired":true,"valueName":"search_term_string"}}],"inLanguage":"es"},{"@type":"Organization","@id":"https:\/\/apgsolutions.com\/es\/#organization","name":"APG Solution, LLC","url":"https:\/\/apgsolutions.com\/es\/","logo":{"@type":"ImageObject","inLanguage":"es","@id":"https:\/\/apgsolutions.com\/es\/#\/schema\/logo\/image\/","url":"https:\/\/apgsolutions.com\/wp-content\/uploads\/2023\/12\/logomark-color.svg","contentUrl":"https:\/\/apgsolutions.com\/wp-content\/uploads\/2023\/12\/logomark-color.svg","width":141,"height":138,"caption":"APG Solution, LLC"},"image":{"@id":"https:\/\/apgsolutions.com\/es\/#\/schema\/logo\/image\/"},"sameAs":["https:\/\/www.facebook.com\/apgglobalsolutions","https:\/\/x.com\/apg_solutions","https:\/\/www.youtube.com\/c\/CashManagementGlobalSolutionsbyapg","https:\/\/www.linkedin.com\/company\/apgglobalsolutions\/","https:\/\/www.instagram.com\/apgglobalsolutions\/","https:\/\/www.pinterest.com\/apgcashdrawer\/"]}]}},"acf":[],"_links":{"self":[{"href":"https:\/\/apgsolutions.com\/es\/wp-json\/wp\/v2\/product\/100854","targetHints":{"allow":["GET"]}}],"collection":[{"href":"https:\/\/apgsolutions.com\/es\/wp-json\/wp\/v2\/product"}],"about":[{"href":"https:\/\/apgsolutions.com\/es\/wp-json\/wp\/v2\/types\/product"}],"wp:featuredmedia":[{"embeddable":true,"href":"https:\/\/apgsolutions.com\/es\/wp-json\/wp\/v2\/media\/4532"}],"wp:attachment":[{"href":"https:\/\/apgsolutions.com\/es\/wp-json\/wp\/v2\/media?parent=100854"}],"wp:term":[{"taxonomy":"product_brand","embeddable":true,"href":"https:\/\/apgsolutions.com\/es\/wp-json\/wp\/v2\/product_brand?post=100854"},{"taxonomy":"product_cat","embeddable":true,"href":"https:\/\/apgsolutions.com\/es\/wp-json\/wp\/v2\/product_cat?post=100854"},{"taxonomy":"product_tag","embeddable":true,"href":"https:\/\/apgsolutions.com\/es\/wp-json\/wp\/v2\/product_tag?post=100854"}],"curies":[{"name":"wp","href":"https:\/\/api.w.org\/{rel}","templated":true}]}}