{"id":100906,"date":"2026-01-23T15:42:49","date_gmt":"2026-01-23T15:42:49","guid":{"rendered":"https:\/\/apgsolutions.com\/store\/pk-15ta-m3-bx\/"},"modified":"2026-01-23T15:42:49","modified_gmt":"2026-01-23T15:42:49","slug":"pk-15ta-m3-bx","status":"publish","type":"product","link":"https:\/\/apgsolutions.com\/es\/store\/pk-15ta-m3-bx\/","title":{"rendered":"PK-15TA-M3-BX"},"content":{"rendered":"<p>D\u00f3lar Canadiense Formato Plano 8 Monedas, 5 Billetes. Las medidas de la caja son 15,4 x 11,1 x 2,4 pulgadas \/ 391 x 282 x 61 mm. Monedas que se ajustan a esta caja: D\u00f3lar Jamaicano, Dinar Bahrein\u00ed, Bolivianos, Real Brasile\u00f1o, D\u00f3lar Canadiense, Peso Chileno, Nuevo Shekel Israel\u00ed, Lats Let\u00f3n, Litas Lituana, Peso Mexicano, Nuevo Sol Peruano, Rublo Ruso, Dinar Serbio, Zloty Polaco, Lari Georgiano.  <\/p>\n","protected":false},"excerpt":{"rendered":"<p>D\u00f3lar Canadiense Formato Plano 8 Monedas, 5 Billetes<\/p>\n","protected":false},"featured_media":4237,"template":"","meta":{"_acf_changed":false,"content-type":""},"product_brand":[],"product_cat":[754,753,762,756,757,884,755,752],"product_tag":[],"class_list":{"0":"post-100906","1":"product","2":"type-product","3":"status-publish","4":"has-post-thumbnail","6":"product_cat-accesorios-para-cargas-pesadas","7":"product_cat-recambios-y-accesorios","8":"product_cat-serie-100","9":"product_cat-serie-4000","10":"product_cat-tills-insertos","13":"product_cat-todos-los-productos","14":"product_shipping_class-general","16":"first","17":"instock","18":"taxable","19":"shipping-taxable","20":"purchasable","21":"product-type-simple"},"yoast_head":"<!-- This site is optimized with the Yoast SEO Premium plugin v23.5 (Yoast SEO v27.2) - https:\/\/yoast.com\/product\/yoast-seo-premium-wordpress\/ -->\n<title>PK-15TA-M3-BX | apg\u00ae Tienda de recambios y accesorios online<\/title>\n<meta name=\"description\" content=\"5 Billetes x 8 Monedas SKU: PK-15TA-M3-BX. Haz clic aqu\u00ed para navegar por la tienda online de piezas y accesorios apg\u00ae y comprar estos accesorios hoy mismo.\" \/>\n<meta name=\"robots\" content=\"index, follow, max-snippet:-1, max-image-preview:large, max-video-preview:-1\" \/>\n<link rel=\"canonical\" href=\"https:\/\/apgsolutions.com\/es\/store\/pk-15ta-m3-bx\/\" \/>\n<meta property=\"og:locale\" content=\"es_ES\" \/>\n<meta property=\"og:type\" content=\"article\" \/>\n<meta property=\"og:title\" content=\"PK-15TA-M3-BX | apg\u00ae Tienda de recambios y accesorios online\" \/>\n<meta property=\"og:description\" content=\"5 Billetes x 8 Monedas SKU: PK-15TA-M3-BX. Haz clic aqu\u00ed para navegar por la tienda online de piezas y accesorios apg\u00ae y comprar estos accesorios hoy mismo.\" \/>\n<meta property=\"og:url\" content=\"https:\/\/apgsolutions.com\/es\/store\/pk-15ta-m3-bx\/\" \/>\n<meta property=\"og:site_name\" content=\"apg\u00ae Solutions\" \/>\n<meta property=\"article:publisher\" content=\"https:\/\/www.facebook.com\/apgglobalsolutions\" \/>\n<meta property=\"og:image\" content=\"https:\/\/apgsolutions.com\/wp-content\/uploads\/2023\/05\/PK-15TA-M3-BX.jpg\" \/>\n\t<meta property=\"og:image:width\" content=\"295\" \/>\n\t<meta property=\"og:image:height\" content=\"295\" \/>\n\t<meta property=\"og:image:type\" content=\"image\/jpeg\" \/>\n<meta name=\"twitter:card\" content=\"summary_large_image\" \/>\n<meta name=\"twitter:site\" content=\"@apg_solutions\" \/>\n<script type=\"application\/ld+json\" class=\"yoast-schema-graph\">{\"@context\":\"https:\/\/schema.org\",\"@graph\":[{\"@type\":\"WebPage\",\"@id\":\"https:\/\/apgsolutions.com\/es\/store\/pk-15ta-m3-bx\/\",\"url\":\"https:\/\/apgsolutions.com\/es\/store\/pk-15ta-m3-bx\/\",\"name\":\"PK-15TA-M3-BX | apg\u00ae Tienda de recambios y accesorios online\",\"isPartOf\":{\"@id\":\"https:\/\/apgsolutions.com\/es\/#website\"},\"primaryImageOfPage\":{\"@id\":\"https:\/\/apgsolutions.com\/es\/store\/pk-15ta-m3-bx\/#primaryimage\"},\"image\":{\"@id\":\"https:\/\/apgsolutions.com\/es\/store\/pk-15ta-m3-bx\/#primaryimage\"},\"thumbnailUrl\":\"https:\/\/apgsolutions.com\/wp-content\/uploads\/2023\/05\/PK-15TA-M3-BX.jpg\",\"datePublished\":\"2026-01-23T15:42:49+00:00\",\"description\":\"5 Billetes x 8 Monedas SKU: PK-15TA-M3-BX. Haz clic aqu\u00ed para navegar por la tienda online de piezas y accesorios apg\u00ae y comprar estos accesorios hoy mismo.\",\"breadcrumb\":{\"@id\":\"https:\/\/apgsolutions.com\/es\/store\/pk-15ta-m3-bx\/#breadcrumb\"},\"inLanguage\":\"es\",\"potentialAction\":[{\"@type\":\"ReadAction\",\"target\":[\"https:\/\/apgsolutions.com\/es\/store\/pk-15ta-m3-bx\/\"]}]},{\"@type\":\"ImageObject\",\"inLanguage\":\"es\",\"@id\":\"https:\/\/apgsolutions.com\/es\/store\/pk-15ta-m3-bx\/#primaryimage\",\"url\":\"https:\/\/apgsolutions.com\/wp-content\/uploads\/2023\/05\/PK-15TA-M3-BX.jpg\",\"contentUrl\":\"https:\/\/apgsolutions.com\/wp-content\/uploads\/2023\/05\/PK-15TA-M3-BX.jpg\",\"width\":295,\"height\":295,\"caption\":\"PK-15TA-M3-BX\"},{\"@type\":\"BreadcrumbList\",\"@id\":\"https:\/\/apgsolutions.com\/es\/store\/pk-15ta-m3-bx\/#breadcrumb\",\"itemListElement\":[{\"@type\":\"ListItem\",\"position\":1,\"name\":\"U.S. Online Parts Store\",\"item\":\"https:\/\/apgsolutions.com\/store\/\"},{\"@type\":\"ListItem\",\"position\":2,\"name\":\"PK-15TA-M3-BX\"}]},{\"@type\":\"WebSite\",\"@id\":\"https:\/\/apgsolutions.com\/es\/#website\",\"url\":\"https:\/\/apgsolutions.com\/es\/\",\"name\":\"APG Solutions, LLC\",\"description\":\"Trust at every point.\",\"publisher\":{\"@id\":\"https:\/\/apgsolutions.com\/es\/#organization\"},\"potentialAction\":[{\"@type\":\"SearchAction\",\"target\":{\"@type\":\"EntryPoint\",\"urlTemplate\":\"https:\/\/apgsolutions.com\/es\/?s={search_term_string}\"},\"query-input\":{\"@type\":\"PropertyValueSpecification\",\"valueRequired\":true,\"valueName\":\"search_term_string\"}}],\"inLanguage\":\"es\"},{\"@type\":\"Organization\",\"@id\":\"https:\/\/apgsolutions.com\/es\/#organization\",\"name\":\"APG Solution, LLC\",\"url\":\"https:\/\/apgsolutions.com\/es\/\",\"logo\":{\"@type\":\"ImageObject\",\"inLanguage\":\"es\",\"@id\":\"https:\/\/apgsolutions.com\/es\/#\/schema\/logo\/image\/\",\"url\":\"https:\/\/apgsolutions.com\/wp-content\/uploads\/2023\/12\/logomark-color.svg\",\"contentUrl\":\"https:\/\/apgsolutions.com\/wp-content\/uploads\/2023\/12\/logomark-color.svg\",\"width\":141,\"height\":138,\"caption\":\"APG Solution, LLC\"},\"image\":{\"@id\":\"https:\/\/apgsolutions.com\/es\/#\/schema\/logo\/image\/\"},\"sameAs\":[\"https:\/\/www.facebook.com\/apgglobalsolutions\",\"https:\/\/x.com\/apg_solutions\",\"https:\/\/www.youtube.com\/c\/CashManagementGlobalSolutionsbyapg\",\"https:\/\/www.linkedin.com\/company\/apgglobalsolutions\/\",\"https:\/\/www.instagram.com\/apgglobalsolutions\/\",\"https:\/\/www.pinterest.com\/apgcashdrawer\/\"]}]}<\/script>\n<!-- \/ Yoast SEO Premium plugin. -->","yoast_head_json":{"title":"PK-15TA-M3-BX | apg\u00ae Tienda de recambios y accesorios online","description":"5 Billetes x 8 Monedas SKU: PK-15TA-M3-BX. Haz clic aqu\u00ed para navegar por la tienda online de piezas y accesorios apg\u00ae y comprar estos accesorios hoy mismo.","robots":{"index":"index","follow":"follow","max-snippet":"max-snippet:-1","max-image-preview":"max-image-preview:large","max-video-preview":"max-video-preview:-1"},"canonical":"https:\/\/apgsolutions.com\/es\/store\/pk-15ta-m3-bx\/","og_locale":"es_ES","og_type":"article","og_title":"PK-15TA-M3-BX | apg\u00ae Tienda de recambios y accesorios online","og_description":"5 Billetes x 8 Monedas SKU: PK-15TA-M3-BX. Haz clic aqu\u00ed para navegar por la tienda online de piezas y accesorios apg\u00ae y comprar estos accesorios hoy mismo.","og_url":"https:\/\/apgsolutions.com\/es\/store\/pk-15ta-m3-bx\/","og_site_name":"apg\u00ae Solutions","article_publisher":"https:\/\/www.facebook.com\/apgglobalsolutions","og_image":[{"width":295,"height":295,"url":"https:\/\/apgsolutions.com\/wp-content\/uploads\/2023\/05\/PK-15TA-M3-BX.jpg","type":"image\/jpeg"}],"twitter_card":"summary_large_image","twitter_site":"@apg_solutions","schema":{"@context":"https:\/\/schema.org","@graph":[{"@type":"WebPage","@id":"https:\/\/apgsolutions.com\/es\/store\/pk-15ta-m3-bx\/","url":"https:\/\/apgsolutions.com\/es\/store\/pk-15ta-m3-bx\/","name":"PK-15TA-M3-BX | apg\u00ae Tienda de recambios y accesorios online","isPartOf":{"@id":"https:\/\/apgsolutions.com\/es\/#website"},"primaryImageOfPage":{"@id":"https:\/\/apgsolutions.com\/es\/store\/pk-15ta-m3-bx\/#primaryimage"},"image":{"@id":"https:\/\/apgsolutions.com\/es\/store\/pk-15ta-m3-bx\/#primaryimage"},"thumbnailUrl":"https:\/\/apgsolutions.com\/wp-content\/uploads\/2023\/05\/PK-15TA-M3-BX.jpg","datePublished":"2026-01-23T15:42:49+00:00","description":"5 Billetes x 8 Monedas SKU: PK-15TA-M3-BX. Haz clic aqu\u00ed para navegar por la tienda online de piezas y accesorios apg\u00ae y comprar estos accesorios hoy mismo.","breadcrumb":{"@id":"https:\/\/apgsolutions.com\/es\/store\/pk-15ta-m3-bx\/#breadcrumb"},"inLanguage":"es","potentialAction":[{"@type":"ReadAction","target":["https:\/\/apgsolutions.com\/es\/store\/pk-15ta-m3-bx\/"]}]},{"@type":"ImageObject","inLanguage":"es","@id":"https:\/\/apgsolutions.com\/es\/store\/pk-15ta-m3-bx\/#primaryimage","url":"https:\/\/apgsolutions.com\/wp-content\/uploads\/2023\/05\/PK-15TA-M3-BX.jpg","contentUrl":"https:\/\/apgsolutions.com\/wp-content\/uploads\/2023\/05\/PK-15TA-M3-BX.jpg","width":295,"height":295,"caption":"PK-15TA-M3-BX"},{"@type":"BreadcrumbList","@id":"https:\/\/apgsolutions.com\/es\/store\/pk-15ta-m3-bx\/#breadcrumb","itemListElement":[{"@type":"ListItem","position":1,"name":"U.S. Online Parts Store","item":"https:\/\/apgsolutions.com\/store\/"},{"@type":"ListItem","position":2,"name":"PK-15TA-M3-BX"}]},{"@type":"WebSite","@id":"https:\/\/apgsolutions.com\/es\/#website","url":"https:\/\/apgsolutions.com\/es\/","name":"APG Solutions, LLC","description":"Trust at every point.","publisher":{"@id":"https:\/\/apgsolutions.com\/es\/#organization"},"potentialAction":[{"@type":"SearchAction","target":{"@type":"EntryPoint","urlTemplate":"https:\/\/apgsolutions.com\/es\/?s={search_term_string}"},"query-input":{"@type":"PropertyValueSpecification","valueRequired":true,"valueName":"search_term_string"}}],"inLanguage":"es"},{"@type":"Organization","@id":"https:\/\/apgsolutions.com\/es\/#organization","name":"APG Solution, LLC","url":"https:\/\/apgsolutions.com\/es\/","logo":{"@type":"ImageObject","inLanguage":"es","@id":"https:\/\/apgsolutions.com\/es\/#\/schema\/logo\/image\/","url":"https:\/\/apgsolutions.com\/wp-content\/uploads\/2023\/12\/logomark-color.svg","contentUrl":"https:\/\/apgsolutions.com\/wp-content\/uploads\/2023\/12\/logomark-color.svg","width":141,"height":138,"caption":"APG Solution, LLC"},"image":{"@id":"https:\/\/apgsolutions.com\/es\/#\/schema\/logo\/image\/"},"sameAs":["https:\/\/www.facebook.com\/apgglobalsolutions","https:\/\/x.com\/apg_solutions","https:\/\/www.youtube.com\/c\/CashManagementGlobalSolutionsbyapg","https:\/\/www.linkedin.com\/company\/apgglobalsolutions\/","https:\/\/www.instagram.com\/apgglobalsolutions\/","https:\/\/www.pinterest.com\/apgcashdrawer\/"]}]}},"acf":[],"_links":{"self":[{"href":"https:\/\/apgsolutions.com\/es\/wp-json\/wp\/v2\/product\/100906","targetHints":{"allow":["GET"]}}],"collection":[{"href":"https:\/\/apgsolutions.com\/es\/wp-json\/wp\/v2\/product"}],"about":[{"href":"https:\/\/apgsolutions.com\/es\/wp-json\/wp\/v2\/types\/product"}],"wp:featuredmedia":[{"embeddable":true,"href":"https:\/\/apgsolutions.com\/es\/wp-json\/wp\/v2\/media\/4237"}],"wp:attachment":[{"href":"https:\/\/apgsolutions.com\/es\/wp-json\/wp\/v2\/media?parent=100906"}],"wp:term":[{"taxonomy":"product_brand","embeddable":true,"href":"https:\/\/apgsolutions.com\/es\/wp-json\/wp\/v2\/product_brand?post=100906"},{"taxonomy":"product_cat","embeddable":true,"href":"https:\/\/apgsolutions.com\/es\/wp-json\/wp\/v2\/product_cat?post=100906"},{"taxonomy":"product_tag","embeddable":true,"href":"https:\/\/apgsolutions.com\/es\/wp-json\/wp\/v2\/product_tag?post=100906"}],"curies":[{"name":"wp","href":"https:\/\/api.w.org\/{rel}","templated":true}]}}