{"id":101396,"date":"2026-01-26T02:35:29","date_gmt":"2026-01-26T02:35:29","guid":{"rendered":"https:\/\/apgsolutions.com\/store\/vpk-15b-4a-bx\/"},"modified":"2026-01-27T16:20:09","modified_gmt":"2026-01-27T16:20:09","slug":"vpk-15b-4a-bx","status":"publish","type":"product","link":"https:\/\/apgsolutions.com\/es\/store\/vpk-15b-4a-bx\/","title":{"rendered":"VPK-15B-4A-BX"},"content":{"rendered":"<p>Ancho de billetes ajustable, bandeja para monedas extra\u00edble, 4 billetes x 8 monedas, preparado para euros, se adapta a los cajones portamonedas Vasario de tama\u00f1o 1416 y Serie 4000 de tama\u00f1o 1317. La caja mide 12,7 x 11,7 x 2,2 pulgadas \/ 321 x 297 x 56 mm. Monedas que se ajustan a esta caja: Nuevo d\u00f3lar de Taiw\u00e1n, flor\u00edn h\u00fangaro, lats let\u00f3n, litas lituana, d\u00f3lar australiano, baht tailand\u00e9s, lira turca, francos suizos, d\u00f3lar jamaicano, d\u00f3lar neozeland\u00e9s, chel\u00edn keniano, dinar bahrein\u00ed, bolivianos, peso chileno, renminbi chino, col\u00f3n costarricense, corona danesa, nuevo shekel israel\u00ed, d\u00f3lar canadiense, dinar jordano, rublo ruso&#8230;  <\/p>\n","protected":false},"excerpt":{"rendered":"<p>Ancho de billetes ajustable, bandeja para monedas extra\u00edble, preparado para euros, se adapta a los cajones portamonedas Vasario de tama\u00f1o 1416<\/p>\n","protected":false},"featured_media":68610,"template":"","meta":{"_acf_changed":false,"content-type":""},"product_brand":[],"product_cat":[775,754,753,756,757,778,755,752],"product_tag":[],"class_list":{"0":"post-101396","1":"product","2":"type-product","3":"status-publish","4":"has-post-thumbnail","6":"product_cat-accesorios-de-servicio-estandar","7":"product_cat-accesorios-para-cargas-pesadas","8":"product_cat-recambios-y-accesorios","9":"product_cat-serie-4000","10":"product_cat-tills-insertos","13":"product_cat-todos-los-productos","15":"first","16":"instock","17":"taxable","18":"shipping-taxable","19":"purchasable","20":"product-type-simple"},"yoast_head":"<!-- This site is optimized with the Yoast SEO Premium plugin v23.5 (Yoast SEO v27.2) - https:\/\/yoast.com\/product\/yoast-seo-premium-wordpress\/ -->\n<title>VPK-15B-4A-BX - NA Tienda electr\u00f3nica de recambios y accesorios | apg | Soluciones de gesti\u00f3n de efectivo<\/title>\n<meta name=\"description\" content=\"Vasario 1416 Till. SKU: VPK-15B-4A-BX. Haz clic aqu\u00ed para navegar por la tienda online de piezas y accesorios de APG Cash Drawer y comprar estos accesorios hoy mismo.\" \/>\n<meta name=\"robots\" content=\"index, follow, max-snippet:-1, max-image-preview:large, max-video-preview:-1\" \/>\n<link rel=\"canonical\" href=\"https:\/\/apgsolutions.com\/es\/store\/vpk-15b-4a-bx\/\" \/>\n<meta property=\"og:locale\" content=\"es_ES\" \/>\n<meta property=\"og:type\" content=\"article\" \/>\n<meta property=\"og:title\" content=\"VPK-15B-4A-BX - NA Tienda electr\u00f3nica de recambios y accesorios | apg | Soluciones de gesti\u00f3n de efectivo\" \/>\n<meta property=\"og:description\" content=\"Vasario 1416 Till. SKU: VPK-15B-4A-BX. Haz clic aqu\u00ed para navegar por la tienda online de piezas y accesorios de APG Cash Drawer y comprar estos accesorios hoy mismo.\" \/>\n<meta property=\"og:url\" content=\"https:\/\/apgsolutions.com\/es\/store\/vpk-15b-4a-bx\/\" \/>\n<meta property=\"og:site_name\" content=\"apg\u00ae Solutions\" \/>\n<meta property=\"article:publisher\" content=\"https:\/\/www.facebook.com\/apgglobalsolutions\" \/>\n<meta property=\"article:modified_time\" content=\"2026-01-27T16:20:09+00:00\" \/>\n<meta property=\"og:image\" content=\"https:\/\/apgsolutions.com\/wp-content\/uploads\/2023\/07\/VPK-15B-4A-BX.jpg\" \/>\n\t<meta property=\"og:image:width\" content=\"295\" \/>\n\t<meta property=\"og:image:height\" content=\"295\" \/>\n\t<meta property=\"og:image:type\" content=\"image\/jpeg\" \/>\n<meta name=\"twitter:card\" content=\"summary_large_image\" \/>\n<meta name=\"twitter:site\" content=\"@apg_solutions\" \/>\n<meta name=\"twitter:label1\" content=\"Tiempo de lectura\" \/>\n\t<meta name=\"twitter:data1\" content=\"1 minuto\" \/>\n<script type=\"application\/ld+json\" class=\"yoast-schema-graph\">{\"@context\":\"https:\/\/schema.org\",\"@graph\":[{\"@type\":\"WebPage\",\"@id\":\"https:\/\/apgsolutions.com\/es\/store\/vpk-15b-4a-bx\/\",\"url\":\"https:\/\/apgsolutions.com\/es\/store\/vpk-15b-4a-bx\/\",\"name\":\"VPK-15B-4A-BX - NA Tienda electr\u00f3nica de recambios y accesorios | apg | Soluciones de gesti\u00f3n de efectivo\",\"isPartOf\":{\"@id\":\"https:\/\/apgsolutions.com\/es\/#website\"},\"primaryImageOfPage\":{\"@id\":\"https:\/\/apgsolutions.com\/es\/store\/vpk-15b-4a-bx\/#primaryimage\"},\"image\":{\"@id\":\"https:\/\/apgsolutions.com\/es\/store\/vpk-15b-4a-bx\/#primaryimage\"},\"thumbnailUrl\":\"https:\/\/apgsolutions.com\/wp-content\/uploads\/2023\/07\/VPK-15B-4A-BX.jpg\",\"datePublished\":\"2026-01-26T02:35:29+00:00\",\"dateModified\":\"2026-01-27T16:20:09+00:00\",\"description\":\"Vasario 1416 Till. SKU: VPK-15B-4A-BX. Haz clic aqu\u00ed para navegar por la tienda online de piezas y accesorios de APG Cash Drawer y comprar estos accesorios hoy mismo.\",\"breadcrumb\":{\"@id\":\"https:\/\/apgsolutions.com\/es\/store\/vpk-15b-4a-bx\/#breadcrumb\"},\"inLanguage\":\"es\",\"potentialAction\":[{\"@type\":\"ReadAction\",\"target\":[\"https:\/\/apgsolutions.com\/es\/store\/vpk-15b-4a-bx\/\"]}]},{\"@type\":\"ImageObject\",\"inLanguage\":\"es\",\"@id\":\"https:\/\/apgsolutions.com\/es\/store\/vpk-15b-4a-bx\/#primaryimage\",\"url\":\"https:\/\/apgsolutions.com\/wp-content\/uploads\/2023\/07\/VPK-15B-4A-BX.jpg\",\"contentUrl\":\"https:\/\/apgsolutions.com\/wp-content\/uploads\/2023\/07\/VPK-15B-4A-BX.jpg\",\"width\":295,\"height\":295,\"caption\":\"VPK-15B-4A-BX\"},{\"@type\":\"BreadcrumbList\",\"@id\":\"https:\/\/apgsolutions.com\/es\/store\/vpk-15b-4a-bx\/#breadcrumb\",\"itemListElement\":[{\"@type\":\"ListItem\",\"position\":1,\"name\":\"U.S. Online Parts Store\",\"item\":\"https:\/\/apgsolutions.com\/store\/\"},{\"@type\":\"ListItem\",\"position\":2,\"name\":\"VPK-15B-4A-BX\"}]},{\"@type\":\"WebSite\",\"@id\":\"https:\/\/apgsolutions.com\/es\/#website\",\"url\":\"https:\/\/apgsolutions.com\/es\/\",\"name\":\"APG Solutions, LLC\",\"description\":\"Trust at every point.\",\"publisher\":{\"@id\":\"https:\/\/apgsolutions.com\/es\/#organization\"},\"potentialAction\":[{\"@type\":\"SearchAction\",\"target\":{\"@type\":\"EntryPoint\",\"urlTemplate\":\"https:\/\/apgsolutions.com\/es\/?s={search_term_string}\"},\"query-input\":{\"@type\":\"PropertyValueSpecification\",\"valueRequired\":true,\"valueName\":\"search_term_string\"}}],\"inLanguage\":\"es\"},{\"@type\":\"Organization\",\"@id\":\"https:\/\/apgsolutions.com\/es\/#organization\",\"name\":\"APG Solution, LLC\",\"url\":\"https:\/\/apgsolutions.com\/es\/\",\"logo\":{\"@type\":\"ImageObject\",\"inLanguage\":\"es\",\"@id\":\"https:\/\/apgsolutions.com\/es\/#\/schema\/logo\/image\/\",\"url\":\"https:\/\/apgsolutions.com\/wp-content\/uploads\/2023\/12\/logomark-color.svg\",\"contentUrl\":\"https:\/\/apgsolutions.com\/wp-content\/uploads\/2023\/12\/logomark-color.svg\",\"width\":141,\"height\":138,\"caption\":\"APG Solution, LLC\"},\"image\":{\"@id\":\"https:\/\/apgsolutions.com\/es\/#\/schema\/logo\/image\/\"},\"sameAs\":[\"https:\/\/www.facebook.com\/apgglobalsolutions\",\"https:\/\/x.com\/apg_solutions\",\"https:\/\/www.youtube.com\/c\/CashManagementGlobalSolutionsbyapg\",\"https:\/\/www.linkedin.com\/company\/apgglobalsolutions\/\",\"https:\/\/www.instagram.com\/apgglobalsolutions\/\",\"https:\/\/www.pinterest.com\/apgcashdrawer\/\"]}]}<\/script>\n<!-- \/ Yoast SEO Premium plugin. -->","yoast_head_json":{"title":"VPK-15B-4A-BX - NA Tienda electr\u00f3nica de recambios y accesorios | apg | Soluciones de gesti\u00f3n de efectivo","description":"Vasario 1416 Till. SKU: VPK-15B-4A-BX. Haz clic aqu\u00ed para navegar por la tienda online de piezas y accesorios de APG Cash Drawer y comprar estos accesorios hoy mismo.","robots":{"index":"index","follow":"follow","max-snippet":"max-snippet:-1","max-image-preview":"max-image-preview:large","max-video-preview":"max-video-preview:-1"},"canonical":"https:\/\/apgsolutions.com\/es\/store\/vpk-15b-4a-bx\/","og_locale":"es_ES","og_type":"article","og_title":"VPK-15B-4A-BX - NA Tienda electr\u00f3nica de recambios y accesorios | apg | Soluciones de gesti\u00f3n de efectivo","og_description":"Vasario 1416 Till. SKU: VPK-15B-4A-BX. Haz clic aqu\u00ed para navegar por la tienda online de piezas y accesorios de APG Cash Drawer y comprar estos accesorios hoy mismo.","og_url":"https:\/\/apgsolutions.com\/es\/store\/vpk-15b-4a-bx\/","og_site_name":"apg\u00ae Solutions","article_publisher":"https:\/\/www.facebook.com\/apgglobalsolutions","article_modified_time":"2026-01-27T16:20:09+00:00","og_image":[{"width":295,"height":295,"url":"https:\/\/apgsolutions.com\/wp-content\/uploads\/2023\/07\/VPK-15B-4A-BX.jpg","type":"image\/jpeg"}],"twitter_card":"summary_large_image","twitter_site":"@apg_solutions","twitter_misc":{"Tiempo de lectura":"1 minuto"},"schema":{"@context":"https:\/\/schema.org","@graph":[{"@type":"WebPage","@id":"https:\/\/apgsolutions.com\/es\/store\/vpk-15b-4a-bx\/","url":"https:\/\/apgsolutions.com\/es\/store\/vpk-15b-4a-bx\/","name":"VPK-15B-4A-BX - NA Tienda electr\u00f3nica de recambios y accesorios | apg | Soluciones de gesti\u00f3n de efectivo","isPartOf":{"@id":"https:\/\/apgsolutions.com\/es\/#website"},"primaryImageOfPage":{"@id":"https:\/\/apgsolutions.com\/es\/store\/vpk-15b-4a-bx\/#primaryimage"},"image":{"@id":"https:\/\/apgsolutions.com\/es\/store\/vpk-15b-4a-bx\/#primaryimage"},"thumbnailUrl":"https:\/\/apgsolutions.com\/wp-content\/uploads\/2023\/07\/VPK-15B-4A-BX.jpg","datePublished":"2026-01-26T02:35:29+00:00","dateModified":"2026-01-27T16:20:09+00:00","description":"Vasario 1416 Till. SKU: VPK-15B-4A-BX. Haz clic aqu\u00ed para navegar por la tienda online de piezas y accesorios de APG Cash Drawer y comprar estos accesorios hoy mismo.","breadcrumb":{"@id":"https:\/\/apgsolutions.com\/es\/store\/vpk-15b-4a-bx\/#breadcrumb"},"inLanguage":"es","potentialAction":[{"@type":"ReadAction","target":["https:\/\/apgsolutions.com\/es\/store\/vpk-15b-4a-bx\/"]}]},{"@type":"ImageObject","inLanguage":"es","@id":"https:\/\/apgsolutions.com\/es\/store\/vpk-15b-4a-bx\/#primaryimage","url":"https:\/\/apgsolutions.com\/wp-content\/uploads\/2023\/07\/VPK-15B-4A-BX.jpg","contentUrl":"https:\/\/apgsolutions.com\/wp-content\/uploads\/2023\/07\/VPK-15B-4A-BX.jpg","width":295,"height":295,"caption":"VPK-15B-4A-BX"},{"@type":"BreadcrumbList","@id":"https:\/\/apgsolutions.com\/es\/store\/vpk-15b-4a-bx\/#breadcrumb","itemListElement":[{"@type":"ListItem","position":1,"name":"U.S. Online Parts Store","item":"https:\/\/apgsolutions.com\/store\/"},{"@type":"ListItem","position":2,"name":"VPK-15B-4A-BX"}]},{"@type":"WebSite","@id":"https:\/\/apgsolutions.com\/es\/#website","url":"https:\/\/apgsolutions.com\/es\/","name":"APG Solutions, LLC","description":"Trust at every point.","publisher":{"@id":"https:\/\/apgsolutions.com\/es\/#organization"},"potentialAction":[{"@type":"SearchAction","target":{"@type":"EntryPoint","urlTemplate":"https:\/\/apgsolutions.com\/es\/?s={search_term_string}"},"query-input":{"@type":"PropertyValueSpecification","valueRequired":true,"valueName":"search_term_string"}}],"inLanguage":"es"},{"@type":"Organization","@id":"https:\/\/apgsolutions.com\/es\/#organization","name":"APG Solution, LLC","url":"https:\/\/apgsolutions.com\/es\/","logo":{"@type":"ImageObject","inLanguage":"es","@id":"https:\/\/apgsolutions.com\/es\/#\/schema\/logo\/image\/","url":"https:\/\/apgsolutions.com\/wp-content\/uploads\/2023\/12\/logomark-color.svg","contentUrl":"https:\/\/apgsolutions.com\/wp-content\/uploads\/2023\/12\/logomark-color.svg","width":141,"height":138,"caption":"APG Solution, LLC"},"image":{"@id":"https:\/\/apgsolutions.com\/es\/#\/schema\/logo\/image\/"},"sameAs":["https:\/\/www.facebook.com\/apgglobalsolutions","https:\/\/x.com\/apg_solutions","https:\/\/www.youtube.com\/c\/CashManagementGlobalSolutionsbyapg","https:\/\/www.linkedin.com\/company\/apgglobalsolutions\/","https:\/\/www.instagram.com\/apgglobalsolutions\/","https:\/\/www.pinterest.com\/apgcashdrawer\/"]}]}},"acf":[],"_links":{"self":[{"href":"https:\/\/apgsolutions.com\/es\/wp-json\/wp\/v2\/product\/101396","targetHints":{"allow":["GET"]}}],"collection":[{"href":"https:\/\/apgsolutions.com\/es\/wp-json\/wp\/v2\/product"}],"about":[{"href":"https:\/\/apgsolutions.com\/es\/wp-json\/wp\/v2\/types\/product"}],"wp:featuredmedia":[{"embeddable":true,"href":"https:\/\/apgsolutions.com\/es\/wp-json\/wp\/v2\/media\/68610"}],"wp:attachment":[{"href":"https:\/\/apgsolutions.com\/es\/wp-json\/wp\/v2\/media?parent=101396"}],"wp:term":[{"taxonomy":"product_brand","embeddable":true,"href":"https:\/\/apgsolutions.com\/es\/wp-json\/wp\/v2\/product_brand?post=101396"},{"taxonomy":"product_cat","embeddable":true,"href":"https:\/\/apgsolutions.com\/es\/wp-json\/wp\/v2\/product_cat?post=101396"},{"taxonomy":"product_tag","embeddable":true,"href":"https:\/\/apgsolutions.com\/es\/wp-json\/wp\/v2\/product_tag?post=101396"}],"curies":[{"name":"wp","href":"https:\/\/api.w.org\/{rel}","templated":true}]}}