{"id":101801,"date":"2026-01-26T14:21:48","date_gmt":"2026-01-26T14:21:48","guid":{"rendered":"https:\/\/apgsolutions.com\/store\/cd-101a-printer-cable\/"},"modified":"2026-01-26T14:21:48","modified_gmt":"2026-01-26T14:21:48","slug":"cd-101a-printer-cable","status":"publish","type":"product","link":"https:\/\/apgsolutions.com\/es\/store\/cd-101a-printer-cable\/","title":{"rendered":"CD-101A"},"content":{"rendered":"<p>Se trata de un cable apg de 1,5 m para utilizar con impresoras Epson o Star espec\u00edficas. Este cable sustituye a los cables CD-005A y CD-014A. Consulta nuestra <a href=\"https:\/\/apgsolutions.com\/wp-content\/uploads\/M-43-031-Connectivity-Guide-Rev-AP.pdf\" target=\"_blank\" rel=\"noopener noreferrer\">Gu\u00eda de conectividad<\/a> para obtener m\u00e1s detalles.  <\/p>\n<ul>\n<li>INTERFAZ: El APG CD-101A es una forma segura y fiable de conectar tu caj\u00f3n portamonedas APG a tu impresora de recibos.<\/li>\n<li>DESCRIPCI\u00d3N DEL CABLE: El cable de interfaz tiene un enchufe macho RJ45 de 8 patillas en un extremo para conectarlo a la caja registradora y un enchufe hembra RJ12 de 6 patillas para conectarlo a la impresora de recibos o al terminal. Con\u00e9ctalo a un apg con una interfaz MultiPRO 320 \u00f3 520. <\/li>\n<li>MATERIAL DE ALTA CALIDAD: El cable de interfaz utiliza un conductor de cobre para mejorar la conectividad, el rendimiento y la fiabilidad.<\/li>\n<li>DETALLES DEL PRODUCTO: El cable de interfaz mide 1,5 m de largo y es compatible con las impresoras Epson y Star. Se utiliza como sustituto eficaz de los cables CD-005A y CD-014A <\/li>\n<li>CONEXI\u00d3N: M\u00e1s informaci\u00f3n sobre <a href=\"https:\/\/apgsolutions.com\/es\/connecting-cash-drawer-printer\/\">c\u00f3mo conectar una caja registradora a una impresora.<\/a><\/li>\n<\/ul>\n","protected":false},"excerpt":{"rendered":"<p>Se trata de un cable apg de 1,5 m para utilizar con impresoras Epson o Star espec\u00edficas. Este cable sustituye a los cables CD-005A y CD-014A. Consulta nuestra <a href=\"https:\/\/apgsolutions.com\/wp-content\/uploads\/M-43-031-Connectivity-Guide-Rev-AP.pdf\" target=\"_blank\" rel=\"noopener noreferrer\">Gu\u00eda de conectividad<\/a> para obtener m\u00e1s detalles.  <\/p>\n<ul>\n<li>INTERFAZ: El APG CD-101A es una forma segura y fiable de conectar tu caj\u00f3n portamonedas APG a tu impresora de recibos.<\/li>\n<li>DESCRIPCI\u00d3N DEL CABLE: El cable de interfaz tiene un enchufe macho RJ45 de 8 patillas en un extremo para conectarlo a la caja registradora y un enchufe hembra RJ12 de 6 patillas para conectarlo a la impresora de recibos o al terminal. Con\u00e9ctalo a un apg con una interfaz MultiPRO 320 \u00f3 520. <\/li>\n<li>MATERIAL DE ALTA CALIDAD: El cable de interfaz utiliza un conductor de cobre para mejorar la conectividad, el rendimiento y la fiabilidad.<\/li>\n<li>DETALLES DEL PRODUCTO: El cable de interfaz mide 1,5 m de largo y es compatible con las impresoras Epson y Star. Se utiliza como sustituto eficaz de los cables CD-005A y CD-014A <\/li>\n<li>CONEXI\u00d3N: M\u00e1s informaci\u00f3n sobre <a href=\"https:\/\/apgsolutions.com\/es\/connecting-cash-drawer-printer\/\">c\u00f3mo conectar una caja registradora a una impresora.<\/a><\/li>\n<\/ul>\n","protected":false},"featured_media":88606,"template":"","meta":{"_acf_changed":false,"content-type":""},"product_brand":[],"product_cat":[822,792,823,753,752],"product_tag":[],"class_list":{"0":"post-101801","1":"product","2":"type-product","3":"status-publish","4":"has-post-thumbnail","6":"product_cat-accesorios-arlo","7":"product_cat-interfaces-cables","9":"product_cat-recambios-y-accesorios","10":"product_cat-todos-los-productos","12":"first","13":"instock","14":"taxable","15":"shipping-taxable","16":"purchasable","17":"product-type-simple"},"yoast_head":"<!-- This site is optimized with the Yoast SEO Premium plugin v23.5 (Yoast SEO v27.2) - https:\/\/yoast.com\/product\/yoast-seo-premium-wordpress\/ -->\n<title>CD-101A - NA Tienda De Recambios Y Accesorios Online | apg | Soluciones De Gesti\u00f3n De Efectivo<\/title>\n<meta name=\"description\" content=\"Cable de caj\u00f3n portamonedas APG de 1,5 m para utilizar con impresoras Epson o Star espec\u00edficas. Este cable sustituye a los cables CD-005A y CD-014A. SKU: CD-101A.\" \/>\n<meta name=\"robots\" content=\"index, follow, max-snippet:-1, max-image-preview:large, max-video-preview:-1\" \/>\n<link rel=\"canonical\" href=\"https:\/\/apgsolutions.com\/es\/store\/cd-101a-printer-cable\/\" \/>\n<meta property=\"og:locale\" content=\"es_ES\" \/>\n<meta property=\"og:type\" content=\"article\" \/>\n<meta property=\"og:title\" content=\"CD-101A - NA Tienda De Recambios Y Accesorios Online | apg | Soluciones De Gesti\u00f3n De Efectivo\" \/>\n<meta property=\"og:description\" content=\"Cable de caj\u00f3n portamonedas APG de 1,5 m para utilizar con impresoras Epson o Star espec\u00edficas. Este cable sustituye a los cables CD-005A y CD-014A. SKU: CD-101A.\" \/>\n<meta property=\"og:url\" content=\"https:\/\/apgsolutions.com\/es\/store\/cd-101a-printer-cable\/\" \/>\n<meta property=\"og:site_name\" content=\"apg\u00ae Solutions\" \/>\n<meta property=\"article:publisher\" content=\"https:\/\/www.facebook.com\/apgglobalsolutions\" \/>\n<meta property=\"og:image\" content=\"https:\/\/apgsolutions.com\/wp-content\/uploads\/2014\/10\/cd-101a.jpg\" \/>\n\t<meta property=\"og:image:width\" content=\"350\" \/>\n\t<meta property=\"og:image:height\" content=\"350\" \/>\n\t<meta property=\"og:image:type\" content=\"image\/jpeg\" \/>\n<meta name=\"twitter:card\" content=\"summary_large_image\" \/>\n<meta name=\"twitter:site\" content=\"@apg_solutions\" \/>\n<meta name=\"twitter:label1\" content=\"Tiempo de lectura\" \/>\n\t<meta name=\"twitter:data1\" content=\"1 minuto\" \/>\n<script type=\"application\/ld+json\" class=\"yoast-schema-graph\">{\"@context\":\"https:\/\/schema.org\",\"@graph\":[{\"@type\":\"WebPage\",\"@id\":\"https:\/\/apgsolutions.com\/es\/store\/cd-101a-printer-cable\/\",\"url\":\"https:\/\/apgsolutions.com\/es\/store\/cd-101a-printer-cable\/\",\"name\":\"CD-101A - NA Tienda De Recambios Y Accesorios Online | apg | Soluciones De Gesti\u00f3n De Efectivo\",\"isPartOf\":{\"@id\":\"https:\/\/apgsolutions.com\/es\/#website\"},\"primaryImageOfPage\":{\"@id\":\"https:\/\/apgsolutions.com\/es\/store\/cd-101a-printer-cable\/#primaryimage\"},\"image\":{\"@id\":\"https:\/\/apgsolutions.com\/es\/store\/cd-101a-printer-cable\/#primaryimage\"},\"thumbnailUrl\":\"https:\/\/apgsolutions.com\/wp-content\/uploads\/2014\/10\/cd-101a.jpg\",\"datePublished\":\"2026-01-26T14:21:48+00:00\",\"description\":\"Cable de caj\u00f3n portamonedas APG de 1,5 m para utilizar con impresoras Epson o Star espec\u00edficas. Este cable sustituye a los cables CD-005A y CD-014A. SKU: CD-101A.\",\"breadcrumb\":{\"@id\":\"https:\/\/apgsolutions.com\/es\/store\/cd-101a-printer-cable\/#breadcrumb\"},\"inLanguage\":\"es\",\"potentialAction\":[{\"@type\":\"ReadAction\",\"target\":[\"https:\/\/apgsolutions.com\/es\/store\/cd-101a-printer-cable\/\"]}]},{\"@type\":\"ImageObject\",\"inLanguage\":\"es\",\"@id\":\"https:\/\/apgsolutions.com\/es\/store\/cd-101a-printer-cable\/#primaryimage\",\"url\":\"https:\/\/apgsolutions.com\/wp-content\/uploads\/2014\/10\/cd-101a.jpg\",\"contentUrl\":\"https:\/\/apgsolutions.com\/wp-content\/uploads\/2014\/10\/cd-101a.jpg\",\"width\":350,\"height\":350,\"caption\":\"cd-101a\"},{\"@type\":\"BreadcrumbList\",\"@id\":\"https:\/\/apgsolutions.com\/es\/store\/cd-101a-printer-cable\/#breadcrumb\",\"itemListElement\":[{\"@type\":\"ListItem\",\"position\":1,\"name\":\"U.S. Online Parts Store\",\"item\":\"https:\/\/apgsolutions.com\/store\/\"},{\"@type\":\"ListItem\",\"position\":2,\"name\":\"CD-101A\"}]},{\"@type\":\"WebSite\",\"@id\":\"https:\/\/apgsolutions.com\/es\/#website\",\"url\":\"https:\/\/apgsolutions.com\/es\/\",\"name\":\"APG Solutions, LLC\",\"description\":\"Trust at every point.\",\"publisher\":{\"@id\":\"https:\/\/apgsolutions.com\/es\/#organization\"},\"potentialAction\":[{\"@type\":\"SearchAction\",\"target\":{\"@type\":\"EntryPoint\",\"urlTemplate\":\"https:\/\/apgsolutions.com\/es\/?s={search_term_string}\"},\"query-input\":{\"@type\":\"PropertyValueSpecification\",\"valueRequired\":true,\"valueName\":\"search_term_string\"}}],\"inLanguage\":\"es\"},{\"@type\":\"Organization\",\"@id\":\"https:\/\/apgsolutions.com\/es\/#organization\",\"name\":\"APG Solution, LLC\",\"url\":\"https:\/\/apgsolutions.com\/es\/\",\"logo\":{\"@type\":\"ImageObject\",\"inLanguage\":\"es\",\"@id\":\"https:\/\/apgsolutions.com\/es\/#\/schema\/logo\/image\/\",\"url\":\"https:\/\/apgsolutions.com\/wp-content\/uploads\/2023\/12\/logomark-color.svg\",\"contentUrl\":\"https:\/\/apgsolutions.com\/wp-content\/uploads\/2023\/12\/logomark-color.svg\",\"width\":141,\"height\":138,\"caption\":\"APG Solution, LLC\"},\"image\":{\"@id\":\"https:\/\/apgsolutions.com\/es\/#\/schema\/logo\/image\/\"},\"sameAs\":[\"https:\/\/www.facebook.com\/apgglobalsolutions\",\"https:\/\/x.com\/apg_solutions\",\"https:\/\/www.youtube.com\/c\/CashManagementGlobalSolutionsbyapg\",\"https:\/\/www.linkedin.com\/company\/apgglobalsolutions\/\",\"https:\/\/www.instagram.com\/apgglobalsolutions\/\",\"https:\/\/www.pinterest.com\/apgcashdrawer\/\"]}]}<\/script>\n<!-- \/ Yoast SEO Premium plugin. -->","yoast_head_json":{"title":"CD-101A - NA Tienda De Recambios Y Accesorios Online | apg | Soluciones De Gesti\u00f3n De Efectivo","description":"Cable de caj\u00f3n portamonedas APG de 1,5 m para utilizar con impresoras Epson o Star espec\u00edficas. Este cable sustituye a los cables CD-005A y CD-014A. SKU: CD-101A.","robots":{"index":"index","follow":"follow","max-snippet":"max-snippet:-1","max-image-preview":"max-image-preview:large","max-video-preview":"max-video-preview:-1"},"canonical":"https:\/\/apgsolutions.com\/es\/store\/cd-101a-printer-cable\/","og_locale":"es_ES","og_type":"article","og_title":"CD-101A - NA Tienda De Recambios Y Accesorios Online | apg | Soluciones De Gesti\u00f3n De Efectivo","og_description":"Cable de caj\u00f3n portamonedas APG de 1,5 m para utilizar con impresoras Epson o Star espec\u00edficas. Este cable sustituye a los cables CD-005A y CD-014A. SKU: CD-101A.","og_url":"https:\/\/apgsolutions.com\/es\/store\/cd-101a-printer-cable\/","og_site_name":"apg\u00ae Solutions","article_publisher":"https:\/\/www.facebook.com\/apgglobalsolutions","og_image":[{"width":350,"height":350,"url":"https:\/\/apgsolutions.com\/wp-content\/uploads\/2014\/10\/cd-101a.jpg","type":"image\/jpeg"}],"twitter_card":"summary_large_image","twitter_site":"@apg_solutions","twitter_misc":{"Tiempo de lectura":"1 minuto"},"schema":{"@context":"https:\/\/schema.org","@graph":[{"@type":"WebPage","@id":"https:\/\/apgsolutions.com\/es\/store\/cd-101a-printer-cable\/","url":"https:\/\/apgsolutions.com\/es\/store\/cd-101a-printer-cable\/","name":"CD-101A - NA Tienda De Recambios Y Accesorios Online | apg | Soluciones De Gesti\u00f3n De Efectivo","isPartOf":{"@id":"https:\/\/apgsolutions.com\/es\/#website"},"primaryImageOfPage":{"@id":"https:\/\/apgsolutions.com\/es\/store\/cd-101a-printer-cable\/#primaryimage"},"image":{"@id":"https:\/\/apgsolutions.com\/es\/store\/cd-101a-printer-cable\/#primaryimage"},"thumbnailUrl":"https:\/\/apgsolutions.com\/wp-content\/uploads\/2014\/10\/cd-101a.jpg","datePublished":"2026-01-26T14:21:48+00:00","description":"Cable de caj\u00f3n portamonedas APG de 1,5 m para utilizar con impresoras Epson o Star espec\u00edficas. Este cable sustituye a los cables CD-005A y CD-014A. SKU: CD-101A.","breadcrumb":{"@id":"https:\/\/apgsolutions.com\/es\/store\/cd-101a-printer-cable\/#breadcrumb"},"inLanguage":"es","potentialAction":[{"@type":"ReadAction","target":["https:\/\/apgsolutions.com\/es\/store\/cd-101a-printer-cable\/"]}]},{"@type":"ImageObject","inLanguage":"es","@id":"https:\/\/apgsolutions.com\/es\/store\/cd-101a-printer-cable\/#primaryimage","url":"https:\/\/apgsolutions.com\/wp-content\/uploads\/2014\/10\/cd-101a.jpg","contentUrl":"https:\/\/apgsolutions.com\/wp-content\/uploads\/2014\/10\/cd-101a.jpg","width":350,"height":350,"caption":"cd-101a"},{"@type":"BreadcrumbList","@id":"https:\/\/apgsolutions.com\/es\/store\/cd-101a-printer-cable\/#breadcrumb","itemListElement":[{"@type":"ListItem","position":1,"name":"U.S. Online Parts Store","item":"https:\/\/apgsolutions.com\/store\/"},{"@type":"ListItem","position":2,"name":"CD-101A"}]},{"@type":"WebSite","@id":"https:\/\/apgsolutions.com\/es\/#website","url":"https:\/\/apgsolutions.com\/es\/","name":"APG Solutions, LLC","description":"Trust at every point.","publisher":{"@id":"https:\/\/apgsolutions.com\/es\/#organization"},"potentialAction":[{"@type":"SearchAction","target":{"@type":"EntryPoint","urlTemplate":"https:\/\/apgsolutions.com\/es\/?s={search_term_string}"},"query-input":{"@type":"PropertyValueSpecification","valueRequired":true,"valueName":"search_term_string"}}],"inLanguage":"es"},{"@type":"Organization","@id":"https:\/\/apgsolutions.com\/es\/#organization","name":"APG Solution, LLC","url":"https:\/\/apgsolutions.com\/es\/","logo":{"@type":"ImageObject","inLanguage":"es","@id":"https:\/\/apgsolutions.com\/es\/#\/schema\/logo\/image\/","url":"https:\/\/apgsolutions.com\/wp-content\/uploads\/2023\/12\/logomark-color.svg","contentUrl":"https:\/\/apgsolutions.com\/wp-content\/uploads\/2023\/12\/logomark-color.svg","width":141,"height":138,"caption":"APG Solution, LLC"},"image":{"@id":"https:\/\/apgsolutions.com\/es\/#\/schema\/logo\/image\/"},"sameAs":["https:\/\/www.facebook.com\/apgglobalsolutions","https:\/\/x.com\/apg_solutions","https:\/\/www.youtube.com\/c\/CashManagementGlobalSolutionsbyapg","https:\/\/www.linkedin.com\/company\/apgglobalsolutions\/","https:\/\/www.instagram.com\/apgglobalsolutions\/","https:\/\/www.pinterest.com\/apgcashdrawer\/"]}]}},"acf":[],"_links":{"self":[{"href":"https:\/\/apgsolutions.com\/es\/wp-json\/wp\/v2\/product\/101801","targetHints":{"allow":["GET"]}}],"collection":[{"href":"https:\/\/apgsolutions.com\/es\/wp-json\/wp\/v2\/product"}],"about":[{"href":"https:\/\/apgsolutions.com\/es\/wp-json\/wp\/v2\/types\/product"}],"wp:featuredmedia":[{"embeddable":true,"href":"https:\/\/apgsolutions.com\/es\/wp-json\/wp\/v2\/media\/88606"}],"wp:attachment":[{"href":"https:\/\/apgsolutions.com\/es\/wp-json\/wp\/v2\/media?parent=101801"}],"wp:term":[{"taxonomy":"product_brand","embeddable":true,"href":"https:\/\/apgsolutions.com\/es\/wp-json\/wp\/v2\/product_brand?post=101801"},{"taxonomy":"product_cat","embeddable":true,"href":"https:\/\/apgsolutions.com\/es\/wp-json\/wp\/v2\/product_cat?post=101801"},{"taxonomy":"product_tag","embeddable":true,"href":"https:\/\/apgsolutions.com\/es\/wp-json\/wp\/v2\/product_tag?post=101801"}],"curies":[{"name":"wp","href":"https:\/\/api.w.org\/{rel}","templated":true}]}}