{"id":112122,"date":"2026-05-07T18:16:25","date_gmt":"2026-05-07T18:16:25","guid":{"rendered":"https:\/\/apgsolutions.com\/test-drivers-table\/"},"modified":"2026-05-07T18:36:03","modified_gmt":"2026-05-07T18:36:03","slug":"test-drivers-table","status":"publish","type":"page","link":"https:\/\/apgsolutions.com\/fr\/test-drivers-table\/","title":{"rendered":"tableau des conducteurs d&rsquo;essai"},"content":{"rendered":"\t\t<div data-elementor-type=\"wp-page\" data-elementor-id=\"112122\" class=\"elementor elementor-112122 elementor-112033\" data-elementor-post-type=\"page\">\n\t\t\t\t\t\t<section class=\"elementor-section elementor-top-section elementor-element elementor-element-2d4823c4 elementor-section-boxed elementor-section-height-default elementor-section-height-default exad-glass-effect-no exad-sticky-section-no\" data-id=\"2d4823c4\" data-element_type=\"section\" data-e-type=\"section\">\n\t\t\t\t\t\t<div class=\"elementor-container elementor-column-gap-wider\">\n\t\t\t\t\t<div class=\"elementor-column elementor-col-100 elementor-top-column elementor-element elementor-element-3640a1ce exad-glass-effect-no exad-sticky-section-no\" data-id=\"3640a1ce\" data-element_type=\"column\" data-e-type=\"column\">\n\t\t\t<div class=\"elementor-widget-wrap elementor-element-populated\">\n\t\t\t\t\t\t<div class=\"elementor-element elementor-element-79531611 elementor-widget__width-auto exad-sticky-section-no exad-glass-effect-no elementor-widget elementor-widget-text-editor\" data-id=\"79531611\" data-element_type=\"widget\" data-e-type=\"widget\" data-widget_type=\"text-editor.default\">\n\t\t\t\t<div class=\"elementor-widget-container\">\n\t\t\t\t\t\t\t\t\t<div class=\"wp-block-group is-style-stripes\">\n<p><\/p>\n<figure class=\"wp-block-table is-style-stripes\">\n<table>\n<thead>\n<tr>\n<th>Caract\u00e9ristiques<\/th>\n<th style=\"text-align: center;\">NetPRO\u00ae 470<\/th>\n<th style=\"text-align: center;\">NetPRO\u00ae 480A<\/th>\n<th style=\"text-align: center;\">NetPRO\u00ae 490A<\/th>\n<th style=\"text-align: center;\">ShareTill<\/th>\n<\/tr>\n<\/thead>\n<tbody>\n<tr>\n<td>Tiroir TCP \u00c9v\u00e9nements (Ouvertures et fermetures)<\/td>\n<td style=\"text-align: center;\">\u2713<\/td>\n<td style=\"text-align: center;\">\u2713<\/td>\n<td style=\"text-align: center;\">\u2713<\/td>\n<td style=\"text-align: center;\">\u2713<\/td>\n<\/tr>\n<tr>\n<td>UPD Announce (Diffusion \u00e0 tiroir)<\/td>\n<td style=\"text-align: center;\">\u2713<\/td>\n<td style=\"text-align: center;\">\u2713<\/td>\n<td style=\"text-align: center;\">\u2713<\/td>\n<td style=\"text-align: center;\">\u2713<\/td>\n<\/tr>\n<tr>\n<td>Prise en charge des codes-barres pour la v\u00e9rification de la proximit\u00e9 des caissiers<\/td>\n<td style=\"text-align: center;\">\u2713<\/td>\n<td style=\"text-align: center;\">\u2713<\/td>\n<td style=\"text-align: center;\">\u2713<\/td>\n<td style=\"text-align: center;\">\u2713<\/td>\n<\/tr>\n<tr>\n<td>Liste d&rsquo;adresses IP de confiance (liste blanche d&rsquo;adresses IP)<\/td>\n<td style=\"text-align: center;\"> <\/td>\n<td style=\"text-align: center;\">\u2713<\/td>\n<td style=\"text-align: center;\">\u2713<\/td>\n<td style=\"text-align: center;\">\u2713<\/td>\n<\/tr>\n<tr>\n<td>Enregistrement des transactions et des configurations<\/td>\n<td style=\"text-align: center;\"> <\/td>\n<td style=\"text-align: center;\">\u2713<\/td>\n<td style=\"text-align: center;\">\u2713<\/td>\n<td style=\"text-align: center;\">\u2713<\/td>\n<\/tr>\n<tr>\n<td>Alerte sonore (\u00e0 l&rsquo;ouverture du tiroir ou \u00e0 la dur\u00e9e d&rsquo;ouverture du tiroir)<\/td>\n<td style=\"text-align: center;\"> <\/td>\n<td style=\"text-align: center;\">\u2713<\/td>\n<td style=\"text-align: center;\">\u2713<\/td>\n<td style=\"text-align: center;\">\u2713<\/td>\n<\/tr>\n<tr>\n<td>Horloge embarqu\u00e9e (pour les messages du journal)<\/td>\n<td style=\"text-align: center;\"> <\/td>\n<td style=\"text-align: center;\">\u2713<\/td>\n<td style=\"text-align: center;\">\u2713<\/td>\n<td style=\"text-align: center;\">\u2713<\/td>\n<\/tr>\n<tr>\n<td>Batterie de secours pour horloge<\/td>\n<td style=\"text-align: center;\"> <\/td>\n<td style=\"text-align: center;\">\u2713<\/td>\n<td style=\"text-align: center;\">\u2713<\/td>\n<td style=\"text-align: center;\">\u2713<\/td>\n<\/tr>\n<tr>\n<td>Alimentation \u00e9lectrique externe<\/td>\n<td style=\"text-align: center;\"> <\/td>\n<td style=\"text-align: center;\">\u2713<\/td>\n<td style=\"text-align: center;\"> <\/td>\n<td style=\"text-align: center;\">\u2713<\/td>\n<\/tr>\n<tr>\n<td>Alimentation par Ethernet<\/td>\n<td style=\"text-align: center;\"> <\/td>\n<td style=\"text-align: center;\"> <\/td>\n<td style=\"text-align: center;\">\u2713<\/td>\n<td style=\"text-align: center;\">\u2713<\/td>\n<\/tr>\n<tr>\n<td>Aliment\u00e9 par USB<\/td>\n<td style=\"text-align: center;\"> <\/td>\n<td style=\"text-align: center;\"> <\/td>\n<td style=\"text-align: center;\"> <\/td>\n<td style=\"text-align: center;\">\u2713<\/td>\n<\/tr>\n<tr>\n<td>Enregistrement \u00e0 tiroir des \u00e9v\u00e9nements TCP et UDP (Log Messaging)<\/td>\n<td style=\"text-align: center;\"> <\/td>\n<td style=\"text-align: center;\">\u2713<\/td>\n<td style=\"text-align: center;\">\u2713<\/td>\n<td style=\"text-align: center;\">\u2713<\/td>\n<\/tr>\n<tr>\n<td>Ethernet sans fil<\/td>\n<td style=\"text-align: center;\"> <\/td>\n<td style=\"text-align: center;\"> <\/td>\n<td style=\"text-align: center;\"> <\/td>\n<td style=\"text-align: center;\">\u2713<\/td>\n<\/tr>\n<tr>\n<td>S\u00e9curit\u00e9 de la couche transport (TLS)<\/td>\n<td style=\"text-align: center;\"> <\/td>\n<td style=\"text-align: center;\"> <\/td>\n<td style=\"text-align: center;\"> <\/td>\n<td style=\"text-align: center;\">\u2713<\/td>\n<\/tr>\n<tr>\n<td>Bluetooth Low Energy (BLE) pour l&rsquo;approvisionnement en Wi-Fi<\/td>\n<td style=\"text-align: center;\"> <\/td>\n<td style=\"text-align: center;\"> <\/td>\n<td style=\"text-align: center;\"> <\/td>\n<td style=\"text-align: center;\">\u2713<\/td>\n<\/tr>\n<tr>\n<td>Bluetooth Low Energy (BLE) pour le contr\u00f4le des tiroirs<\/td>\n<td style=\"text-align: center;\"> <\/td>\n<td style=\"text-align: center;\"> <\/td>\n<td style=\"text-align: center;\"> <\/td>\n<td style=\"text-align: center;\">\u2713<\/td>\n<\/tr>\n<tr>\n<td>Prise en charge des sockets Web<\/td>\n<td style=\"text-align: center;\"> <\/td>\n<td style=\"text-align: center;\"> <\/td>\n<td style=\"text-align: center;\"> <\/td>\n<td style=\"text-align: center;\">\u2713<\/td>\n<\/tr>\n<tr>\n<td>Serveur Web embarqu\u00e9 (configuration et contr\u00f4le des tiroirs)<\/td>\n<td style=\"text-align: center;\"> <\/td>\n<td style=\"text-align: center;\"> <\/td>\n<td style=\"text-align: center;\"> <\/td>\n<td style=\"text-align: center;\">\u2713<\/td>\n<\/tr>\n<tr>\n<td>Mises \u00e0 jour du micrologiciel par voie a\u00e9rienne (OTA)<\/td>\n<td style=\"text-align: center;\"> <\/td>\n<td style=\"text-align: center;\"> <\/td>\n<td style=\"text-align: center;\"> <\/td>\n<td style=\"text-align: center;\">\u2713<\/td>\n<\/tr>\n<\/tbody>\n<\/table>\n<\/figure>\n<p><\/p>\n<\/div>\n<p><\/p>\n<p><\/p>\t\t\t\t\t\t\t\t<\/div>\n\t\t\t\t<\/div>\n\t\t\t\t\t<\/div>\n\t\t<\/div>\n\t\t\t\t\t<\/div>\n\t\t<\/section>\n\t\t\t\t<\/div>\n\t\t","protected":false},"excerpt":{"rendered":"<p>Caract\u00e9ristiques NetPRO\u00ae 470 NetPRO\u00ae 480A NetPRO\u00ae 490A ShareTill Tiroir TCP \u00c9v\u00e9nements (Ouvertures et fermetures) \u2713 \u2713 \u2713 \u2713 UPD Announce (Diffusion \u00e0 tiroir) \u2713 \u2713 \u2713 \u2713 Prise en charge des codes-barres pour la v\u00e9rification de la proximit\u00e9 des caissiers \u2713 \u2713 \u2713 \u2713 Liste d&rsquo;adresses IP de confiance (liste blanche d&rsquo;adresses IP) \u2713 \u2713 [&hellip;]<\/p>\n","protected":false},"author":2920,"featured_media":0,"parent":0,"menu_order":0,"comment_status":"closed","ping_status":"closed","template":"","meta":{"_acf_changed":false,"content-type":"","footnotes":""},"class_list":["post-112122","page","type-page","status-publish"],"yoast_head":"<!-- This site is optimized with the Yoast SEO Premium plugin v23.5 (Yoast SEO v27.2) - https:\/\/yoast.com\/product\/yoast-seo-premium-wordpress\/ -->\n<title>tableau des conducteurs d&#039;essai<\/title>\n<meta name=\"robots\" content=\"index, follow, max-snippet:-1, max-image-preview:large, max-video-preview:-1\" \/>\n<link rel=\"canonical\" href=\"https:\/\/apgsolutions.com\/fr\/test-drivers-table\/\" \/>\n<meta property=\"og:locale\" content=\"fr_FR\" \/>\n<meta property=\"og:type\" content=\"article\" \/>\n<meta property=\"og:title\" content=\"tableau des conducteurs d&#039;essai\" \/>\n<meta property=\"og:description\" content=\"Caract\u00e9ristiques NetPRO\u00ae 470 NetPRO\u00ae 480A NetPRO\u00ae 490A ShareTill Tiroir TCP \u00c9v\u00e9nements (Ouvertures et fermetures) \u2713 \u2713 \u2713 \u2713 UPD Announce (Diffusion \u00e0 tiroir) \u2713 \u2713 \u2713 \u2713 Prise en charge des codes-barres pour la v\u00e9rification de la proximit\u00e9 des caissiers \u2713 \u2713 \u2713 \u2713 Liste d&rsquo;adresses IP de confiance (liste blanche d&rsquo;adresses IP) \u2713 \u2713 [&hellip;]\" \/>\n<meta property=\"og:url\" content=\"https:\/\/apgsolutions.com\/fr\/test-drivers-table\/\" \/>\n<meta property=\"og:site_name\" content=\"apg\u00ae Solutions\" \/>\n<meta property=\"article:publisher\" content=\"https:\/\/www.facebook.com\/apgglobalsolutions\" \/>\n<meta property=\"article:modified_time\" content=\"2026-05-07T18:36:03+00:00\" \/>\n<meta name=\"twitter:card\" content=\"summary_large_image\" \/>\n<meta name=\"twitter:site\" content=\"@apg_solutions\" \/>\n<meta name=\"twitter:label1\" content=\"Dur\u00e9e de lecture estim\u00e9e\" \/>\n\t<meta name=\"twitter:data1\" content=\"1 minute\" \/>\n<script type=\"application\/ld+json\" class=\"yoast-schema-graph\">{\"@context\":\"https:\/\/schema.org\",\"@graph\":[{\"@type\":\"WebPage\",\"@id\":\"https:\/\/apgsolutions.com\/fr\/test-drivers-table\/\",\"url\":\"https:\/\/apgsolutions.com\/fr\/test-drivers-table\/\",\"name\":\"tableau des conducteurs d'essai\",\"isPartOf\":{\"@id\":\"https:\/\/apgsolutions.com\/fr\/#website\"},\"datePublished\":\"2026-05-07T18:16:25+00:00\",\"dateModified\":\"2026-05-07T18:36:03+00:00\",\"inLanguage\":\"fr-FR\",\"potentialAction\":[{\"@type\":\"ReadAction\",\"target\":[\"https:\/\/apgsolutions.com\/fr\/test-drivers-table\/\"]}]},{\"@type\":\"WebSite\",\"@id\":\"https:\/\/apgsolutions.com\/fr\/#website\",\"url\":\"https:\/\/apgsolutions.com\/fr\/\",\"name\":\"APG Solutions, LLC\",\"description\":\"Trust at every point.\",\"publisher\":{\"@id\":\"https:\/\/apgsolutions.com\/fr\/#organization\"},\"potentialAction\":[{\"@type\":\"SearchAction\",\"target\":{\"@type\":\"EntryPoint\",\"urlTemplate\":\"https:\/\/apgsolutions.com\/fr\/?s={search_term_string}\"},\"query-input\":{\"@type\":\"PropertyValueSpecification\",\"valueRequired\":true,\"valueName\":\"search_term_string\"}}],\"inLanguage\":\"fr-FR\"},{\"@type\":\"Organization\",\"@id\":\"https:\/\/apgsolutions.com\/fr\/#organization\",\"name\":\"APG Solution, LLC\",\"url\":\"https:\/\/apgsolutions.com\/fr\/\",\"logo\":{\"@type\":\"ImageObject\",\"inLanguage\":\"fr-FR\",\"@id\":\"https:\/\/apgsolutions.com\/fr\/#\/schema\/logo\/image\/\",\"url\":\"https:\/\/apgsolutions.com\/wp-content\/uploads\/2023\/12\/logomark-color.svg\",\"contentUrl\":\"https:\/\/apgsolutions.com\/wp-content\/uploads\/2023\/12\/logomark-color.svg\",\"width\":141,\"height\":138,\"caption\":\"APG Solution, LLC\"},\"image\":{\"@id\":\"https:\/\/apgsolutions.com\/fr\/#\/schema\/logo\/image\/\"},\"sameAs\":[\"https:\/\/www.facebook.com\/apgglobalsolutions\",\"https:\/\/x.com\/apg_solutions\",\"https:\/\/www.youtube.com\/c\/CashManagementGlobalSolutionsbyapg\",\"https:\/\/www.linkedin.com\/company\/apgglobalsolutions\/\",\"https:\/\/www.instagram.com\/apgglobalsolutions\/\",\"https:\/\/www.pinterest.com\/apgcashdrawer\/\"]}]}<\/script>\n<!-- \/ Yoast SEO Premium plugin. -->","yoast_head_json":{"title":"tableau des conducteurs d'essai","robots":{"index":"index","follow":"follow","max-snippet":"max-snippet:-1","max-image-preview":"max-image-preview:large","max-video-preview":"max-video-preview:-1"},"canonical":"https:\/\/apgsolutions.com\/fr\/test-drivers-table\/","og_locale":"fr_FR","og_type":"article","og_title":"tableau des conducteurs d'essai","og_description":"Caract\u00e9ristiques NetPRO\u00ae 470 NetPRO\u00ae 480A NetPRO\u00ae 490A ShareTill Tiroir TCP \u00c9v\u00e9nements (Ouvertures et fermetures) \u2713 \u2713 \u2713 \u2713 UPD Announce (Diffusion \u00e0 tiroir) \u2713 \u2713 \u2713 \u2713 Prise en charge des codes-barres pour la v\u00e9rification de la proximit\u00e9 des caissiers \u2713 \u2713 \u2713 \u2713 Liste d&rsquo;adresses IP de confiance (liste blanche d&rsquo;adresses IP) \u2713 \u2713 [&hellip;]","og_url":"https:\/\/apgsolutions.com\/fr\/test-drivers-table\/","og_site_name":"apg\u00ae Solutions","article_publisher":"https:\/\/www.facebook.com\/apgglobalsolutions","article_modified_time":"2026-05-07T18:36:03+00:00","twitter_card":"summary_large_image","twitter_site":"@apg_solutions","twitter_misc":{"Dur\u00e9e de lecture estim\u00e9e":"1 minute"},"schema":{"@context":"https:\/\/schema.org","@graph":[{"@type":"WebPage","@id":"https:\/\/apgsolutions.com\/fr\/test-drivers-table\/","url":"https:\/\/apgsolutions.com\/fr\/test-drivers-table\/","name":"tableau des conducteurs d'essai","isPartOf":{"@id":"https:\/\/apgsolutions.com\/fr\/#website"},"datePublished":"2026-05-07T18:16:25+00:00","dateModified":"2026-05-07T18:36:03+00:00","inLanguage":"fr-FR","potentialAction":[{"@type":"ReadAction","target":["https:\/\/apgsolutions.com\/fr\/test-drivers-table\/"]}]},{"@type":"WebSite","@id":"https:\/\/apgsolutions.com\/fr\/#website","url":"https:\/\/apgsolutions.com\/fr\/","name":"APG Solutions, LLC","description":"Trust at every point.","publisher":{"@id":"https:\/\/apgsolutions.com\/fr\/#organization"},"potentialAction":[{"@type":"SearchAction","target":{"@type":"EntryPoint","urlTemplate":"https:\/\/apgsolutions.com\/fr\/?s={search_term_string}"},"query-input":{"@type":"PropertyValueSpecification","valueRequired":true,"valueName":"search_term_string"}}],"inLanguage":"fr-FR"},{"@type":"Organization","@id":"https:\/\/apgsolutions.com\/fr\/#organization","name":"APG Solution, LLC","url":"https:\/\/apgsolutions.com\/fr\/","logo":{"@type":"ImageObject","inLanguage":"fr-FR","@id":"https:\/\/apgsolutions.com\/fr\/#\/schema\/logo\/image\/","url":"https:\/\/apgsolutions.com\/wp-content\/uploads\/2023\/12\/logomark-color.svg","contentUrl":"https:\/\/apgsolutions.com\/wp-content\/uploads\/2023\/12\/logomark-color.svg","width":141,"height":138,"caption":"APG Solution, LLC"},"image":{"@id":"https:\/\/apgsolutions.com\/fr\/#\/schema\/logo\/image\/"},"sameAs":["https:\/\/www.facebook.com\/apgglobalsolutions","https:\/\/x.com\/apg_solutions","https:\/\/www.youtube.com\/c\/CashManagementGlobalSolutionsbyapg","https:\/\/www.linkedin.com\/company\/apgglobalsolutions\/","https:\/\/www.instagram.com\/apgglobalsolutions\/","https:\/\/www.pinterest.com\/apgcashdrawer\/"]}]}},"acf":[],"_links":{"self":[{"href":"https:\/\/apgsolutions.com\/fr\/wp-json\/wp\/v2\/pages\/112122","targetHints":{"allow":["GET"]}}],"collection":[{"href":"https:\/\/apgsolutions.com\/fr\/wp-json\/wp\/v2\/pages"}],"about":[{"href":"https:\/\/apgsolutions.com\/fr\/wp-json\/wp\/v2\/types\/page"}],"author":[{"embeddable":true,"href":"https:\/\/apgsolutions.com\/fr\/wp-json\/wp\/v2\/users\/2920"}],"replies":[{"embeddable":true,"href":"https:\/\/apgsolutions.com\/fr\/wp-json\/wp\/v2\/comments?post=112122"}],"version-history":[{"count":4,"href":"https:\/\/apgsolutions.com\/fr\/wp-json\/wp\/v2\/pages\/112122\/revisions"}],"predecessor-version":[{"id":112163,"href":"https:\/\/apgsolutions.com\/fr\/wp-json\/wp\/v2\/pages\/112122\/revisions\/112163"}],"wp:attachment":[{"href":"https:\/\/apgsolutions.com\/fr\/wp-json\/wp\/v2\/media?parent=112122"}],"curies":[{"name":"wp","href":"https:\/\/api.w.org\/{rel}","templated":true}]}}