{"id":61784,"date":"2023-06-06T16:39:58","date_gmt":"2023-06-06T16:39:58","guid":{"rendered":"https:\/\/apgsolutions.com\/entreprise\/"},"modified":"2025-10-09T05:55:38","modified_gmt":"2025-10-09T05:55:38","slug":"entreprise","status":"publish","type":"page","link":"https:\/\/apgsolutions.com\/fr\/entreprise\/","title":{"rendered":"Entreprise"},"content":{"rendered":"<h1>L\u2019entreprise<\/h1>\n<h2>Notre entreprise<\/h2>\n<p>APG Cash Drawer est un fabricant de solutions de gestions des esp\u00e8ces au service d\u2019une grande vari\u00e9t\u00e9 de clients et de secteurs d\u2019activit\u00e9 \u00e0 l\u2019\u00e9chelle mondiale. \u00c0 travers ses initiatives d\u2019am\u00e9lioration continue, APG a forg\u00e9 sa r\u00e9putation de fournisseur de premier choix pour les solutions de gestion des esp\u00e8ces, aidant les entreprises des secteurs du commerce de d\u00e9tail, de l\u2019alimentation, des sup\u00e9rettes et de l\u2019h\u00f4tellerie du monde entier \u00e0 garantir un service rapide \u00e0 leurs clients. Qu\u2019il s\u2019agisse de nos solutions pour applications g\u00e9n\u00e9rales, de nos solutions sur mesure ou de notre solution de tiroir-caisse intelligent SMARTtill, notre marque se diff\u00e9rencie de la concurrence par sa capacit\u00e9 \u00e0 offrir des technologies innovantes qui am\u00e9liorent l\u2019efficacit\u00e9 et la s\u00e9curit\u00e9 au point de vente.<\/p>\n<p><a href=\"https:\/\/apgsolutions.com\/fr\/a-propos-de-la-societe-apg-cash-drawer\/\"><br \/>\nA propos de nous<br \/>\n<\/a><br \/>\n<img decoding=\"async\" title=\"Our People\" src=\"https:\/\/apgsolutions.com\/wp-content\/uploads\/2023\/07\/company-photo.jpg\" alt=\"Our People\" \/><\/p>\n<h2>Nos collaborateurs<\/h2>\n<p>Pour vous, \u00ed quoi ressemblent un environnement de travail et une culture d&rsquo;entreprise id\u00e9als ? Chez APG, nos collaborateurs rejoignent une famille mondiale d&rsquo;individus tous diff\u00e9rents mais tous d\u00e9vou\u00e9s, qui consacrent leur passion et leurs talents exceptionnels \u00ed satisfaire, voire d\u00e9passer, les attentes de nos clients.<br \/>\n<a href=\"https:\/\/apgsolutions.com\/careers\/\"><br \/>\nRejoignez notre \u00e9quipe <\/a><\/p>\n<h2>Un engagement en faveur de l&rsquo;excellence<\/h2>\n<p>APG s&rsquo;engage \u00e0 concevoir des produits qui s&rsquo;appuient sur les normes et proc\u00e9dures les plus strictes afin de r\u00e9pondre \u00e0 vos besoins et attentes actuels et futurs. Les cycles de vie de nos produits sont test\u00e9s en permanence afin de garantir qu&rsquo;ils d\u00e9passent les exigences les plus rigoureuses de toutes les entreprises. Apprenez-en plus sur notre laboratoire de test, notre politique environnementale en mati\u00e8re de cha\u00eene logistique et notre certification ISO.<\/p>\n<p><a href=\"https:\/\/apgsolutions.com\/fr\/un-engagement-en-faveur-de-lexcellence\/\"><br \/>\nEn savoir plus<br \/>\n<\/a><\/p>\n<p>Contactez-nous pour toute question ou demande d&rsquo;ordre commercial. Nous vous r\u00e9pondrons pendant nos horaires d&rsquo;ouverture.<\/p>\n<p><a href=\"https:\/\/apgsolutions.com\/fr\/nous-contacter\/\"><br \/>\nNous contacter<br \/>\n<\/a><\/p>\n","protected":false},"excerpt":{"rendered":"<p>L\u2019entreprise Notre entreprise APG Cash Drawer est un fabricant de solutions de gestions des esp\u00e8ces au service d\u2019une grande vari\u00e9t\u00e9 de clients et de secteurs d\u2019activit\u00e9 \u00e0 l\u2019\u00e9chelle mondiale. \u00c0 travers ses initiatives d\u2019am\u00e9lioration continue, APG a forg\u00e9 sa r\u00e9putation de fournisseur de premier choix pour les solutions de gestion des esp\u00e8ces, aidant les entreprises [&hellip;]<\/p>\n","protected":false},"author":4,"featured_media":0,"parent":0,"menu_order":0,"comment_status":"closed","ping_status":"closed","template":"","meta":{"_acf_changed":false,"content-type":"","footnotes":""},"class_list":["post-61784","page","type-page","status-publish"],"yoast_head":"<!-- This site is optimized with the Yoast SEO Premium plugin v23.5 (Yoast SEO v27.2) - https:\/\/yoast.com\/product\/yoast-seo-premium-wordpress\/ -->\n<title>Entreprise<\/title>\n<meta name=\"robots\" content=\"index, follow, max-snippet:-1, max-image-preview:large, max-video-preview:-1\" \/>\n<link rel=\"canonical\" href=\"https:\/\/apgsolutions.com\/fr\/entreprise\/\" \/>\n<meta property=\"og:locale\" content=\"fr_FR\" \/>\n<meta property=\"og:type\" content=\"article\" \/>\n<meta property=\"og:title\" content=\"Entreprise\" \/>\n<meta property=\"og:description\" content=\"L\u2019entreprise Notre entreprise APG Cash Drawer est un fabricant de solutions de gestions des esp\u00e8ces au service d\u2019une grande vari\u00e9t\u00e9 de clients et de secteurs d\u2019activit\u00e9 \u00e0 l\u2019\u00e9chelle mondiale. \u00c0 travers ses initiatives d\u2019am\u00e9lioration continue, APG a forg\u00e9 sa r\u00e9putation de fournisseur de premier choix pour les solutions de gestion des esp\u00e8ces, aidant les entreprises [&hellip;]\" \/>\n<meta property=\"og:url\" content=\"https:\/\/apgsolutions.com\/fr\/entreprise\/\" \/>\n<meta property=\"og:site_name\" content=\"apg\u00ae Solutions\" \/>\n<meta property=\"article:publisher\" content=\"https:\/\/www.facebook.com\/apgglobalsolutions\" \/>\n<meta property=\"article:modified_time\" content=\"2025-10-09T05:55:38+00:00\" \/>\n<meta property=\"og:image\" content=\"https:\/\/apgsolutions.com\/wp-content\/uploads\/2023\/07\/company-photo.jpg\" \/>\n<meta name=\"twitter:card\" content=\"summary_large_image\" \/>\n<meta name=\"twitter:site\" content=\"@apg_solutions\" \/>\n<meta name=\"twitter:label1\" content=\"Dur\u00e9e de lecture estim\u00e9e\" \/>\n\t<meta name=\"twitter:data1\" content=\"2 minutes\" \/>\n<script type=\"application\/ld+json\" class=\"yoast-schema-graph\">{\"@context\":\"https:\/\/schema.org\",\"@graph\":[{\"@type\":\"WebPage\",\"@id\":\"https:\/\/apgsolutions.com\/fr\/entreprise\/\",\"url\":\"https:\/\/apgsolutions.com\/fr\/entreprise\/\",\"name\":\"Entreprise\",\"isPartOf\":{\"@id\":\"https:\/\/apgsolutions.com\/fr\/#website\"},\"primaryImageOfPage\":{\"@id\":\"https:\/\/apgsolutions.com\/fr\/entreprise\/#primaryimage\"},\"image\":{\"@id\":\"https:\/\/apgsolutions.com\/fr\/entreprise\/#primaryimage\"},\"thumbnailUrl\":\"https:\/\/apgsolutions.com\/wp-content\/uploads\/2023\/07\/company-photo.jpg\",\"datePublished\":\"2023-06-06T16:39:58+00:00\",\"dateModified\":\"2025-10-09T05:55:38+00:00\",\"inLanguage\":\"fr-FR\",\"potentialAction\":[{\"@type\":\"ReadAction\",\"target\":[\"https:\/\/apgsolutions.com\/fr\/entreprise\/\"]}]},{\"@type\":\"ImageObject\",\"inLanguage\":\"fr-FR\",\"@id\":\"https:\/\/apgsolutions.com\/fr\/entreprise\/#primaryimage\",\"url\":\"https:\/\/apgsolutions.com\/wp-content\/uploads\/2023\/07\/company-photo.jpg\",\"contentUrl\":\"https:\/\/apgsolutions.com\/wp-content\/uploads\/2023\/07\/company-photo.jpg\"},{\"@type\":\"WebSite\",\"@id\":\"https:\/\/apgsolutions.com\/fr\/#website\",\"url\":\"https:\/\/apgsolutions.com\/fr\/\",\"name\":\"APG Solutions, LLC\",\"description\":\"Trust at every point.\",\"publisher\":{\"@id\":\"https:\/\/apgsolutions.com\/fr\/#organization\"},\"potentialAction\":[{\"@type\":\"SearchAction\",\"target\":{\"@type\":\"EntryPoint\",\"urlTemplate\":\"https:\/\/apgsolutions.com\/fr\/?s={search_term_string}\"},\"query-input\":{\"@type\":\"PropertyValueSpecification\",\"valueRequired\":true,\"valueName\":\"search_term_string\"}}],\"inLanguage\":\"fr-FR\"},{\"@type\":\"Organization\",\"@id\":\"https:\/\/apgsolutions.com\/fr\/#organization\",\"name\":\"APG Solution, LLC\",\"url\":\"https:\/\/apgsolutions.com\/fr\/\",\"logo\":{\"@type\":\"ImageObject\",\"inLanguage\":\"fr-FR\",\"@id\":\"https:\/\/apgsolutions.com\/fr\/#\/schema\/logo\/image\/\",\"url\":\"https:\/\/apgsolutions.com\/wp-content\/uploads\/2023\/12\/logomark-color.svg\",\"contentUrl\":\"https:\/\/apgsolutions.com\/wp-content\/uploads\/2023\/12\/logomark-color.svg\",\"width\":141,\"height\":138,\"caption\":\"APG Solution, LLC\"},\"image\":{\"@id\":\"https:\/\/apgsolutions.com\/fr\/#\/schema\/logo\/image\/\"},\"sameAs\":[\"https:\/\/www.facebook.com\/apgglobalsolutions\",\"https:\/\/x.com\/apg_solutions\",\"https:\/\/www.youtube.com\/c\/CashManagementGlobalSolutionsbyapg\",\"https:\/\/www.linkedin.com\/company\/apgglobalsolutions\/\",\"https:\/\/www.instagram.com\/apgglobalsolutions\/\",\"https:\/\/www.pinterest.com\/apgcashdrawer\/\"]}]}<\/script>\n<!-- \/ Yoast SEO Premium plugin. -->","yoast_head_json":{"title":"Entreprise","robots":{"index":"index","follow":"follow","max-snippet":"max-snippet:-1","max-image-preview":"max-image-preview:large","max-video-preview":"max-video-preview:-1"},"canonical":"https:\/\/apgsolutions.com\/fr\/entreprise\/","og_locale":"fr_FR","og_type":"article","og_title":"Entreprise","og_description":"L\u2019entreprise Notre entreprise APG Cash Drawer est un fabricant de solutions de gestions des esp\u00e8ces au service d\u2019une grande vari\u00e9t\u00e9 de clients et de secteurs d\u2019activit\u00e9 \u00e0 l\u2019\u00e9chelle mondiale. \u00c0 travers ses initiatives d\u2019am\u00e9lioration continue, APG a forg\u00e9 sa r\u00e9putation de fournisseur de premier choix pour les solutions de gestion des esp\u00e8ces, aidant les entreprises [&hellip;]","og_url":"https:\/\/apgsolutions.com\/fr\/entreprise\/","og_site_name":"apg\u00ae Solutions","article_publisher":"https:\/\/www.facebook.com\/apgglobalsolutions","article_modified_time":"2025-10-09T05:55:38+00:00","og_image":[{"url":"https:\/\/apgsolutions.com\/wp-content\/uploads\/2023\/07\/company-photo.jpg","type":"","width":"","height":""}],"twitter_card":"summary_large_image","twitter_site":"@apg_solutions","twitter_misc":{"Dur\u00e9e de lecture estim\u00e9e":"2 minutes"},"schema":{"@context":"https:\/\/schema.org","@graph":[{"@type":"WebPage","@id":"https:\/\/apgsolutions.com\/fr\/entreprise\/","url":"https:\/\/apgsolutions.com\/fr\/entreprise\/","name":"Entreprise","isPartOf":{"@id":"https:\/\/apgsolutions.com\/fr\/#website"},"primaryImageOfPage":{"@id":"https:\/\/apgsolutions.com\/fr\/entreprise\/#primaryimage"},"image":{"@id":"https:\/\/apgsolutions.com\/fr\/entreprise\/#primaryimage"},"thumbnailUrl":"https:\/\/apgsolutions.com\/wp-content\/uploads\/2023\/07\/company-photo.jpg","datePublished":"2023-06-06T16:39:58+00:00","dateModified":"2025-10-09T05:55:38+00:00","inLanguage":"fr-FR","potentialAction":[{"@type":"ReadAction","target":["https:\/\/apgsolutions.com\/fr\/entreprise\/"]}]},{"@type":"ImageObject","inLanguage":"fr-FR","@id":"https:\/\/apgsolutions.com\/fr\/entreprise\/#primaryimage","url":"https:\/\/apgsolutions.com\/wp-content\/uploads\/2023\/07\/company-photo.jpg","contentUrl":"https:\/\/apgsolutions.com\/wp-content\/uploads\/2023\/07\/company-photo.jpg"},{"@type":"WebSite","@id":"https:\/\/apgsolutions.com\/fr\/#website","url":"https:\/\/apgsolutions.com\/fr\/","name":"APG Solutions, LLC","description":"Trust at every point.","publisher":{"@id":"https:\/\/apgsolutions.com\/fr\/#organization"},"potentialAction":[{"@type":"SearchAction","target":{"@type":"EntryPoint","urlTemplate":"https:\/\/apgsolutions.com\/fr\/?s={search_term_string}"},"query-input":{"@type":"PropertyValueSpecification","valueRequired":true,"valueName":"search_term_string"}}],"inLanguage":"fr-FR"},{"@type":"Organization","@id":"https:\/\/apgsolutions.com\/fr\/#organization","name":"APG Solution, LLC","url":"https:\/\/apgsolutions.com\/fr\/","logo":{"@type":"ImageObject","inLanguage":"fr-FR","@id":"https:\/\/apgsolutions.com\/fr\/#\/schema\/logo\/image\/","url":"https:\/\/apgsolutions.com\/wp-content\/uploads\/2023\/12\/logomark-color.svg","contentUrl":"https:\/\/apgsolutions.com\/wp-content\/uploads\/2023\/12\/logomark-color.svg","width":141,"height":138,"caption":"APG Solution, LLC"},"image":{"@id":"https:\/\/apgsolutions.com\/fr\/#\/schema\/logo\/image\/"},"sameAs":["https:\/\/www.facebook.com\/apgglobalsolutions","https:\/\/x.com\/apg_solutions","https:\/\/www.youtube.com\/c\/CashManagementGlobalSolutionsbyapg","https:\/\/www.linkedin.com\/company\/apgglobalsolutions\/","https:\/\/www.instagram.com\/apgglobalsolutions\/","https:\/\/www.pinterest.com\/apgcashdrawer\/"]}]}},"acf":[],"_links":{"self":[{"href":"https:\/\/apgsolutions.com\/fr\/wp-json\/wp\/v2\/pages\/61784","targetHints":{"allow":["GET"]}}],"collection":[{"href":"https:\/\/apgsolutions.com\/fr\/wp-json\/wp\/v2\/pages"}],"about":[{"href":"https:\/\/apgsolutions.com\/fr\/wp-json\/wp\/v2\/types\/page"}],"author":[{"embeddable":true,"href":"https:\/\/apgsolutions.com\/fr\/wp-json\/wp\/v2\/users\/4"}],"replies":[{"embeddable":true,"href":"https:\/\/apgsolutions.com\/fr\/wp-json\/wp\/v2\/comments?post=61784"}],"version-history":[{"count":5,"href":"https:\/\/apgsolutions.com\/fr\/wp-json\/wp\/v2\/pages\/61784\/revisions"}],"predecessor-version":[{"id":94341,"href":"https:\/\/apgsolutions.com\/fr\/wp-json\/wp\/v2\/pages\/61784\/revisions\/94341"}],"wp:attachment":[{"href":"https:\/\/apgsolutions.com\/fr\/wp-json\/wp\/v2\/media?parent=61784"}],"curies":[{"name":"wp","href":"https:\/\/api.w.org\/{rel}","templated":true}]}}