{"id":61787,"date":"2023-06-06T17:55:25","date_gmt":"2023-06-06T17:55:25","guid":{"rendered":"https:\/\/apgsolutions.com\/assistance\/faq\/"},"modified":"2025-11-27T13:23:26","modified_gmt":"2025-11-27T13:23:26","slug":"faq","status":"publish","type":"page","link":"https:\/\/apgsolutions.com\/fr\/assistance\/faq\/","title":{"rendered":"Foire aux questions"},"content":{"rendered":"<div class=\"section_page-header \">\n    <img decoding=\"async\" class=\"header-image\" src=\"https:\/\/apgsolutions.com\/wp-content\/uploads\/2023\/04\/FAQ_1_Optimized_size-scaled.jpg\" alt=\"FAQ_1_Optimized_size\" title=\"FAQ_1_Optimized_size\">\n            <div class=\"header-content\">\n            <h1>Foire aux questions<\/h1>\n        <\/div>\n    <\/div>\n\n\n<h2 class=\"wp-block-heading has-text-align-center\" id=\"h-consultez-notre-foire-aux-questions\">Consultez notre foire aux questions<\/h2>\n\n\n\n<p>Cliquez sur les cat\u00e9gories ci-dessous pour en savoir plus sur les tiroirs-caisses, la solution SMARTtill, les pilotes, les caract\u00e9ristiques \u00e9lectriques et m\u00e9caniques, la boutique en ligne, les r\u00e9parations et les interfaces. Vous trouverez ici les questions fr\u00e9quemment pos\u00e9es concernant les <a href=\"https:\/\/apgsolutions.com\/fr\/produits\/\">tiroirs-caisses<\/a>, la <a href=\"https:\/\/apgsolutions.com\/fr\/produits\/smarttill-solution-suite\/\">solution smarttill\u00ae<\/a>, les <a href=\"https:\/\/apgsolutions.com\/fr\/assistance\/faq\/interface-drivers\/\">interfaces, les conducteurs<\/a>, l&rsquo;\u00e9lectricit\u00e9, la m\u00e9canique, les <a href=\"https:\/\/apgsolutions.com\/fr\/assistance\/faq\/store\/\">achats en ligne<\/a> et les <a href=\"https:\/\/apgsolutions.com\/fr\/assistance\/faq\/reparations\/\">r\u00e9parations<\/a>. Si vous avez besoin d&rsquo;une assistance technique suppl\u00e9mentaire, veuillez remplir le formulaire de contact sur notre <a href=\"https:\/\/apgsolutions.com\/fr\/assistance\/\">page d&rsquo;assistance.<\/a><\/p>\n\n\n\n<h2 class=\"wp-block-heading has-text-align-center\" id=\"h-vous-avez-besoin-d-aide-pour-determiner-le-type-de-tiroir-caisse-dont-vous-disposez-il-n-y-a-pas-de-probleme\">Vous avez besoin d&rsquo;aide pour d\u00e9terminer le type de tiroir-caisse dont vous disposez ? Il n&rsquo;y a pas de probl\u00e8me.<\/h2>\n\n\n\n<p class=\"has-text-align-center\"><strong>Regardez la vid\u00e9o ci-dessous pour trouver votre num\u00e9ro de pi\u00e8ce.<\/strong><\/p>\n\n\n\n<figure class=\"wp-block-embed aligncenter is-type-video is-provider-youtube wp-block-embed-youtube wp-embed-aspect-16-9 wp-has-aspect-ratio\"><div class=\"wp-block-embed__wrapper\">\n<iframe title=\"How to Find Your Cash Register Part ID or Part Number - apg Global Solutions\" width=\"500\" height=\"281\" src=\"https:\/\/www.youtube.com\/embed\/tDuEuduMgwo?feature=oembed\" frameborder=\"0\" allow=\"accelerometer; autoplay; clipboard-write; encrypted-media; gyroscope; picture-in-picture; web-share\" referrerpolicy=\"strict-origin-when-cross-origin\" allowfullscreen><\/iframe>\n<\/div><\/figure>\n\n\n\n<p><\/p>\n\n\n\n<div class=\"wp-block-columns is-layout-flex wp-container-core-columns-is-layout-9d6595d7 wp-block-columns-is-layout-flex\">\n<div class=\"wp-block-column tile has-link is-layout-flow wp-block-column-is-layout-flow\" style=\"flex-basis:20%\"><div class=\"wp-block-image\">\n<figure class=\"aligncenter size-full is-resized\"><img decoding=\"async\" width=\"100\" height=\"100\" src=\"https:\/\/apgsolutions.com\/wp-content\/uploads\/2023\/06\/USB-Interface-Icon_white-1.png\" alt=\"USB-Interface-Icon_white-1\" class=\"wp-image-65801\" style=\"width:60px;height:60px\" srcset=\"https:\/\/apgsolutions.com\/wp-content\/uploads\/2023\/06\/USB-Interface-Icon_white-1.png 100w, https:\/\/apgsolutions.com\/wp-content\/uploads\/2023\/06\/USB-Interface-Icon_white-1-80x80.png 80w, https:\/\/apgsolutions.com\/wp-content\/uploads\/2023\/06\/USB-Interface-Icon_white-1-95x95.png 95w\" sizes=\"(max-width: 100px) 100vw, 100px\" \/><\/figure>\n<\/div>\n\n\n<h3 class=\"wp-block-heading has-text-align-center\" id=\"h-cables\" style=\"font-size:1.125rem\">C\u00e2bles<\/h3>\n\n\n\n<p class=\"has-text-align-center\">Consultez nos FAQ concernant les tiroirs-caisses \u00e0 imprimante d&rsquo;apg\u00ae.<\/p>\n\n\n\n<p class=\"has-text-align-center cover-link\"><a href=\"https:\/\/apgsolutions.com\/fr\/assistance\/faq\/cables\/\">Lien<\/a><\/p>\n<\/div>\n\n\n\n<div class=\"wp-block-column tile has-link is-layout-flow wp-block-column-is-layout-flow\" style=\"flex-basis:20%\"><div class=\"wp-block-image\">\n<figure class=\"aligncenter size-full\"><img decoding=\"async\" width=\"63\" height=\"60\" src=\"https:\/\/apgsolutions.com\/wp-content\/uploads\/2023\/06\/Archive_white.png\" alt=\"Archive_white\" class=\"wp-image-65817\" srcset=\"https:\/\/apgsolutions.com\/wp-content\/uploads\/2023\/06\/Archive_white.png 63w, https:\/\/apgsolutions.com\/wp-content\/uploads\/2023\/06\/Archive_white-61x58.png 61w\" sizes=\"(max-width: 63px) 100vw, 63px\" \/><\/figure>\n<\/div>\n\n\n<h3 class=\"wp-block-heading has-text-align-center\" id=\"h-pilotes\" style=\"font-size:1.125rem\">Pilotes<\/h3>\n\n\n\n<p class=\"has-text-align-center\">Cliquez ici pour consulter les questions relatives aux interfaces et aux pilotes<\/p>\n\n\n\n<p class=\"has-text-align-center cover-link\"><a href=\"https:\/\/apgsolutions.com\/fr\/assistance\/faq\/interface-drivers\/\">Lien<\/a><\/p>\n<\/div>\n\n\n\n<div class=\"wp-block-column tile has-link is-layout-flow wp-block-column-is-layout-flow\" style=\"flex-basis:20%\"><div class=\"wp-block-image\">\n<figure class=\"aligncenter size-full is-resized\"><img decoding=\"async\" width=\"68\" height=\"67\" src=\"https:\/\/apgsolutions.com\/wp-content\/uploads\/2023\/06\/KeysandLocks.png\" alt=\"KeysandLocks\" class=\"wp-image-65822\" style=\"width:61px;height:60px\"\/><\/figure>\n<\/div>\n\n\n<h3 class=\"wp-block-heading has-text-align-center\" id=\"h-cles-et-serrures\" style=\"font-size:1.125rem\">Cl\u00e9s et serrures<\/h3>\n\n\n\n<p class=\"has-text-align-center\">Cliquez ici pour consulter les questions relatives aux cl\u00e9s et serrures de tiroirs-caisses<\/p>\n\n\n\n<p class=\"has-text-align-center cover-link\"><a href=\"https:\/\/apgsolutions.com\/fr\/assistance\/faq\/keys-and-locks\/\">Lien<\/a><\/p>\n<\/div>\n\n\n\n<div class=\"wp-block-column tile has-link is-layout-flow wp-block-column-is-layout-flow\" style=\"flex-basis:20%\"><div class=\"wp-block-image\">\n<figure class=\"aligncenter size-full is-resized\"><img loading=\"lazy\" decoding=\"async\" width=\"65\" height=\"65\" src=\"https:\/\/apgsolutions.com\/wp-content\/uploads\/2023\/06\/Operations_White.png\" alt=\"Operations_White\" class=\"wp-image-65827\" style=\"width:60px;height:60px\"\/><\/figure>\n<\/div>\n\n\n<h3 class=\"wp-block-heading has-text-align-center\" id=\"h-caracteristiques-mecaniques\" style=\"font-size:1.125rem\">Caract\u00e9ristiques m\u00e9caniques<\/h3>\n\n\n\n<p class=\"has-text-align-center\">Cliquez ici pour consulter les questions fr\u00e9quemment pos\u00e9es concernant la maintenance des tiroirs-caisses et les ressources op\u00e9rationnelles.<\/p>\n\n\n\n<p class=\"has-text-align-center cover-link\"><a href=\"https:\/\/apgsolutions.com\/fr\/assistance\/faq\/caracteristiques-mecaniques\/\">Lien<\/a><\/p>\n<\/div>\n\n\n\n<div class=\"wp-block-column tile has-link is-layout-flow wp-block-column-is-layout-flow\" style=\"flex-basis:20%\"><div class=\"wp-block-image\">\n<figure class=\"aligncenter size-full is-resized\"><img loading=\"lazy\" decoding=\"async\" width=\"65\" height=\"61\" src=\"https:\/\/apgsolutions.com\/wp-content\/uploads\/2023\/06\/repair-tools_white.png\" alt=\"repair-tools_white\" class=\"wp-image-65832\" style=\"width:64px;height:60px\" srcset=\"https:\/\/apgsolutions.com\/wp-content\/uploads\/2023\/06\/repair-tools_white.png 65w, https:\/\/apgsolutions.com\/wp-content\/uploads\/2023\/06\/repair-tools_white-61x58.png 61w\" sizes=\"(max-width: 65px) 100vw, 65px\" \/><\/figure>\n<\/div>\n\n\n<h3 class=\"wp-block-heading has-text-align-center\" id=\"h-reparations\" style=\"font-size:1.125rem\">R\u00e9parations<\/h3>\n\n\n\n<p class=\"has-text-align-center\">Cliquez ici pour consulter les questions relatives aux r\u00e9parations<\/p>\n\n\n\n<p class=\"has-text-align-center cover-link\"><a href=\"https:\/\/apgsolutions.com\/fr\/assistance\/faq\/reparations\/\">Lien<\/a><\/p>\n<\/div>\n<\/div>\n\n\n\n<p><\/p>\n\n\n\n<p><\/p>\n","protected":false},"excerpt":{"rendered":"<p>Consultez notre foire aux questions Cliquez sur les cat\u00e9gories ci-dessous pour en savoir plus sur les tiroirs-caisses, la solution SMARTtill, les pilotes, les caract\u00e9ristiques \u00e9lectriques et m\u00e9caniques, la boutique en ligne, les r\u00e9parations et les interfaces. Vous trouverez ici les questions fr\u00e9quemment pos\u00e9es concernant les tiroirs-caisses, la solution smarttill\u00ae, les interfaces, les conducteurs, l&rsquo;\u00e9lectricit\u00e9, la [&hellip;]<\/p>\n","protected":false},"author":4,"featured_media":0,"parent":61785,"menu_order":0,"comment_status":"closed","ping_status":"closed","template":"","meta":{"_acf_changed":false,"content-type":"","footnotes":""},"class_list":["post-61787","page","type-page","status-publish"],"yoast_head":"<!-- This site is optimized with the Yoast SEO Premium plugin v23.5 (Yoast SEO v27.2) - https:\/\/yoast.com\/product\/yoast-seo-premium-wordpress\/ -->\n<title>Foire aux questions (FAQ) | apg\u00ae Solutions<\/title>\n<meta name=\"description\" content=\"Consultez notre foire aux questions sur les tiroirs-caisses, les pilotes, l&#039;\u00e9lectricit\u00e9, la m\u00e9canique, les achats en ligne, les r\u00e9parations et les interfaces.\" \/>\n<meta name=\"robots\" content=\"index, follow, max-snippet:-1, max-image-preview:large, max-video-preview:-1\" \/>\n<link rel=\"canonical\" href=\"https:\/\/apgsolutions.com\/fr\/assistance\/faq\/\" \/>\n<meta property=\"og:locale\" content=\"fr_FR\" \/>\n<meta property=\"og:type\" content=\"article\" \/>\n<meta property=\"og:title\" content=\"Foire aux questions (FAQ) | apg\u00ae Solutions\" \/>\n<meta property=\"og:description\" content=\"Consultez notre foire aux questions sur les tiroirs-caisses, les pilotes, l&#039;\u00e9lectricit\u00e9, la m\u00e9canique, les achats en ligne, les r\u00e9parations et les interfaces.\" \/>\n<meta property=\"og:url\" content=\"https:\/\/apgsolutions.com\/fr\/assistance\/faq\/\" \/>\n<meta property=\"og:site_name\" content=\"apg\u00ae Solutions\" \/>\n<meta property=\"article:publisher\" content=\"https:\/\/www.facebook.com\/apgglobalsolutions\" \/>\n<meta property=\"article:modified_time\" content=\"2025-11-27T13:23:26+00:00\" \/>\n<meta property=\"og:image\" content=\"https:\/\/apgsolutions.com\/wp-content\/uploads\/2023\/06\/USB-Interface-Icon_white-1.png\" \/>\n<meta name=\"twitter:card\" content=\"summary_large_image\" \/>\n<meta name=\"twitter:site\" content=\"@apg_solutions\" \/>\n<meta name=\"twitter:label1\" content=\"Dur\u00e9e de lecture estim\u00e9e\" \/>\n\t<meta name=\"twitter:data1\" content=\"2 minutes\" \/>\n<script type=\"application\/ld+json\" class=\"yoast-schema-graph\">{\"@context\":\"https:\/\/schema.org\",\"@graph\":[{\"@type\":\"WebPage\",\"@id\":\"https:\/\/apgsolutions.com\/fr\/assistance\/faq\/\",\"url\":\"https:\/\/apgsolutions.com\/fr\/assistance\/faq\/\",\"name\":\"Foire aux questions (FAQ) | apg\u00ae Solutions\",\"isPartOf\":{\"@id\":\"https:\/\/apgsolutions.com\/fr\/#website\"},\"primaryImageOfPage\":{\"@id\":\"https:\/\/apgsolutions.com\/fr\/assistance\/faq\/#primaryimage\"},\"image\":{\"@id\":\"https:\/\/apgsolutions.com\/fr\/assistance\/faq\/#primaryimage\"},\"thumbnailUrl\":\"https:\/\/apgsolutions.com\/wp-content\/uploads\/2023\/06\/USB-Interface-Icon_white-1.png\",\"datePublished\":\"2023-06-06T17:55:25+00:00\",\"dateModified\":\"2025-11-27T13:23:26+00:00\",\"description\":\"Consultez notre foire aux questions sur les tiroirs-caisses, les pilotes, l'\u00e9lectricit\u00e9, la m\u00e9canique, les achats en ligne, les r\u00e9parations et les interfaces.\",\"breadcrumb\":{\"@id\":\"https:\/\/apgsolutions.com\/fr\/assistance\/faq\/#breadcrumb\"},\"inLanguage\":\"fr-FR\",\"potentialAction\":[{\"@type\":\"ReadAction\",\"target\":[\"https:\/\/apgsolutions.com\/fr\/assistance\/faq\/\"]}]},{\"@type\":\"ImageObject\",\"inLanguage\":\"fr-FR\",\"@id\":\"https:\/\/apgsolutions.com\/fr\/assistance\/faq\/#primaryimage\",\"url\":\"https:\/\/apgsolutions.com\/wp-content\/uploads\/2023\/06\/USB-Interface-Icon_white-1.png\",\"contentUrl\":\"https:\/\/apgsolutions.com\/wp-content\/uploads\/2023\/06\/USB-Interface-Icon_white-1.png\"},{\"@type\":\"BreadcrumbList\",\"@id\":\"https:\/\/apgsolutions.com\/fr\/assistance\/faq\/#breadcrumb\",\"itemListElement\":[{\"@type\":\"ListItem\",\"position\":1,\"name\":\"Assistance\",\"item\":\"https:\/\/apgsolutions.com\/fr\/assistance\/\"},{\"@type\":\"ListItem\",\"position\":2,\"name\":\"Foire aux questions\"}]},{\"@type\":\"WebSite\",\"@id\":\"https:\/\/apgsolutions.com\/fr\/#website\",\"url\":\"https:\/\/apgsolutions.com\/fr\/\",\"name\":\"APG Solutions, LLC\",\"description\":\"Trust at every point.\",\"publisher\":{\"@id\":\"https:\/\/apgsolutions.com\/fr\/#organization\"},\"potentialAction\":[{\"@type\":\"SearchAction\",\"target\":{\"@type\":\"EntryPoint\",\"urlTemplate\":\"https:\/\/apgsolutions.com\/fr\/?s={search_term_string}\"},\"query-input\":{\"@type\":\"PropertyValueSpecification\",\"valueRequired\":true,\"valueName\":\"search_term_string\"}}],\"inLanguage\":\"fr-FR\"},{\"@type\":\"Organization\",\"@id\":\"https:\/\/apgsolutions.com\/fr\/#organization\",\"name\":\"APG Solution, LLC\",\"url\":\"https:\/\/apgsolutions.com\/fr\/\",\"logo\":{\"@type\":\"ImageObject\",\"inLanguage\":\"fr-FR\",\"@id\":\"https:\/\/apgsolutions.com\/fr\/#\/schema\/logo\/image\/\",\"url\":\"https:\/\/apgsolutions.com\/wp-content\/uploads\/2023\/12\/logomark-color.svg\",\"contentUrl\":\"https:\/\/apgsolutions.com\/wp-content\/uploads\/2023\/12\/logomark-color.svg\",\"width\":141,\"height\":138,\"caption\":\"APG Solution, LLC\"},\"image\":{\"@id\":\"https:\/\/apgsolutions.com\/fr\/#\/schema\/logo\/image\/\"},\"sameAs\":[\"https:\/\/www.facebook.com\/apgglobalsolutions\",\"https:\/\/x.com\/apg_solutions\",\"https:\/\/www.youtube.com\/c\/CashManagementGlobalSolutionsbyapg\",\"https:\/\/www.linkedin.com\/company\/apgglobalsolutions\/\",\"https:\/\/www.instagram.com\/apgglobalsolutions\/\",\"https:\/\/www.pinterest.com\/apgcashdrawer\/\"]}]}<\/script>\n<!-- \/ Yoast SEO Premium plugin. -->","yoast_head_json":{"title":"Foire aux questions (FAQ) | apg\u00ae Solutions","description":"Consultez notre foire aux questions sur les tiroirs-caisses, les pilotes, l'\u00e9lectricit\u00e9, la m\u00e9canique, les achats en ligne, les r\u00e9parations et les interfaces.","robots":{"index":"index","follow":"follow","max-snippet":"max-snippet:-1","max-image-preview":"max-image-preview:large","max-video-preview":"max-video-preview:-1"},"canonical":"https:\/\/apgsolutions.com\/fr\/assistance\/faq\/","og_locale":"fr_FR","og_type":"article","og_title":"Foire aux questions (FAQ) | apg\u00ae Solutions","og_description":"Consultez notre foire aux questions sur les tiroirs-caisses, les pilotes, l'\u00e9lectricit\u00e9, la m\u00e9canique, les achats en ligne, les r\u00e9parations et les interfaces.","og_url":"https:\/\/apgsolutions.com\/fr\/assistance\/faq\/","og_site_name":"apg\u00ae Solutions","article_publisher":"https:\/\/www.facebook.com\/apgglobalsolutions","article_modified_time":"2025-11-27T13:23:26+00:00","og_image":[{"url":"https:\/\/apgsolutions.com\/wp-content\/uploads\/2023\/06\/USB-Interface-Icon_white-1.png","type":"","width":"","height":""}],"twitter_card":"summary_large_image","twitter_site":"@apg_solutions","twitter_misc":{"Dur\u00e9e de lecture estim\u00e9e":"2 minutes"},"schema":{"@context":"https:\/\/schema.org","@graph":[{"@type":"WebPage","@id":"https:\/\/apgsolutions.com\/fr\/assistance\/faq\/","url":"https:\/\/apgsolutions.com\/fr\/assistance\/faq\/","name":"Foire aux questions (FAQ) | apg\u00ae Solutions","isPartOf":{"@id":"https:\/\/apgsolutions.com\/fr\/#website"},"primaryImageOfPage":{"@id":"https:\/\/apgsolutions.com\/fr\/assistance\/faq\/#primaryimage"},"image":{"@id":"https:\/\/apgsolutions.com\/fr\/assistance\/faq\/#primaryimage"},"thumbnailUrl":"https:\/\/apgsolutions.com\/wp-content\/uploads\/2023\/06\/USB-Interface-Icon_white-1.png","datePublished":"2023-06-06T17:55:25+00:00","dateModified":"2025-11-27T13:23:26+00:00","description":"Consultez notre foire aux questions sur les tiroirs-caisses, les pilotes, l'\u00e9lectricit\u00e9, la m\u00e9canique, les achats en ligne, les r\u00e9parations et les interfaces.","breadcrumb":{"@id":"https:\/\/apgsolutions.com\/fr\/assistance\/faq\/#breadcrumb"},"inLanguage":"fr-FR","potentialAction":[{"@type":"ReadAction","target":["https:\/\/apgsolutions.com\/fr\/assistance\/faq\/"]}]},{"@type":"ImageObject","inLanguage":"fr-FR","@id":"https:\/\/apgsolutions.com\/fr\/assistance\/faq\/#primaryimage","url":"https:\/\/apgsolutions.com\/wp-content\/uploads\/2023\/06\/USB-Interface-Icon_white-1.png","contentUrl":"https:\/\/apgsolutions.com\/wp-content\/uploads\/2023\/06\/USB-Interface-Icon_white-1.png"},{"@type":"BreadcrumbList","@id":"https:\/\/apgsolutions.com\/fr\/assistance\/faq\/#breadcrumb","itemListElement":[{"@type":"ListItem","position":1,"name":"Assistance","item":"https:\/\/apgsolutions.com\/fr\/assistance\/"},{"@type":"ListItem","position":2,"name":"Foire aux questions"}]},{"@type":"WebSite","@id":"https:\/\/apgsolutions.com\/fr\/#website","url":"https:\/\/apgsolutions.com\/fr\/","name":"APG Solutions, LLC","description":"Trust at every point.","publisher":{"@id":"https:\/\/apgsolutions.com\/fr\/#organization"},"potentialAction":[{"@type":"SearchAction","target":{"@type":"EntryPoint","urlTemplate":"https:\/\/apgsolutions.com\/fr\/?s={search_term_string}"},"query-input":{"@type":"PropertyValueSpecification","valueRequired":true,"valueName":"search_term_string"}}],"inLanguage":"fr-FR"},{"@type":"Organization","@id":"https:\/\/apgsolutions.com\/fr\/#organization","name":"APG Solution, LLC","url":"https:\/\/apgsolutions.com\/fr\/","logo":{"@type":"ImageObject","inLanguage":"fr-FR","@id":"https:\/\/apgsolutions.com\/fr\/#\/schema\/logo\/image\/","url":"https:\/\/apgsolutions.com\/wp-content\/uploads\/2023\/12\/logomark-color.svg","contentUrl":"https:\/\/apgsolutions.com\/wp-content\/uploads\/2023\/12\/logomark-color.svg","width":141,"height":138,"caption":"APG Solution, LLC"},"image":{"@id":"https:\/\/apgsolutions.com\/fr\/#\/schema\/logo\/image\/"},"sameAs":["https:\/\/www.facebook.com\/apgglobalsolutions","https:\/\/x.com\/apg_solutions","https:\/\/www.youtube.com\/c\/CashManagementGlobalSolutionsbyapg","https:\/\/www.linkedin.com\/company\/apgglobalsolutions\/","https:\/\/www.instagram.com\/apgglobalsolutions\/","https:\/\/www.pinterest.com\/apgcashdrawer\/"]}]}},"acf":[],"_links":{"self":[{"href":"https:\/\/apgsolutions.com\/fr\/wp-json\/wp\/v2\/pages\/61787","targetHints":{"allow":["GET"]}}],"collection":[{"href":"https:\/\/apgsolutions.com\/fr\/wp-json\/wp\/v2\/pages"}],"about":[{"href":"https:\/\/apgsolutions.com\/fr\/wp-json\/wp\/v2\/types\/page"}],"author":[{"embeddable":true,"href":"https:\/\/apgsolutions.com\/fr\/wp-json\/wp\/v2\/users\/4"}],"replies":[{"embeddable":true,"href":"https:\/\/apgsolutions.com\/fr\/wp-json\/wp\/v2\/comments?post=61787"}],"version-history":[{"count":9,"href":"https:\/\/apgsolutions.com\/fr\/wp-json\/wp\/v2\/pages\/61787\/revisions"}],"predecessor-version":[{"id":97505,"href":"https:\/\/apgsolutions.com\/fr\/wp-json\/wp\/v2\/pages\/61787\/revisions\/97505"}],"up":[{"embeddable":true,"href":"https:\/\/apgsolutions.com\/fr\/wp-json\/wp\/v2\/pages\/61785"}],"wp:attachment":[{"href":"https:\/\/apgsolutions.com\/fr\/wp-json\/wp\/v2\/media?parent=61787"}],"curies":[{"name":"wp","href":"https:\/\/api.w.org\/{rel}","templated":true}]}}