{"id":64061,"date":"2023-06-13T11:14:58","date_gmt":"2023-06-13T11:14:58","guid":{"rendered":"https:\/\/apgsolutions.com\/distributeurs\/"},"modified":"2026-01-22T14:42:21","modified_gmt":"2026-01-22T14:42:21","slug":"distributeurs","status":"publish","type":"page","link":"https:\/\/apgsolutions.com\/fr\/distributeurs\/","title":{"rendered":"Distributeurs"},"content":{"rendered":"<div class=\"section_page-header \">\n    <img decoding=\"async\" class=\"header-image\" src=\"https:\/\/apgsolutions.com\/wp-content\/uploads\/2023\/04\/Distribution-Header_optimized-1.jpg\" alt=\"Distribution-Header_optimized-1\" title=\"Distribution-Header_optimized-1\">\n            <div class=\"header-content\">\n            <h1>Distributeurs<\/h1>\n        <\/div>\n    <\/div>\n<div data-block-name=\"woocommerce\/filter-wrapper\" data-filter-type=\"active-filters\" data-heading=\"Active filters\" data-translated-with-w-p-m-l-t-m=\"1\" class=\"wp-block-woocommerce-filter-wrapper\">\n<h2 class=\"wp-block-heading has-text-align-center has-large-font-size\" id=\"h-find-an-apg-distribution-partner\">Trouver un partenaire de distribution apg<\/h2>\n<\/div>\n\n<p class=\"has-text-align-center\">apg\u00ae fabrique une gamme de tiroirs-caisses de haute performance, permettant \u00e0 nos partenaires distributeurs et revendeurs \u00e0 valeur ajout\u00e9e d&rsquo;augmenter leurs ventes et leurs parts de march\u00e9. Nous proposons des solutions fiables \u00e0 prix comp\u00e9titif. L&rsquo;excellent niveau d&rsquo;int\u00e9grit\u00e9 et de r\u00e9activit\u00e9 de notre r\u00e9seau donne \u00e0 nos partenaires la confiance dont ils ont besoin pour satisfaire au mieux les besoins en constante \u00e9volution de leurs clients. <em>Pour trouver un distributeur dans votre r\u00e9gion, veuillez s\u00e9lectionner un pays dans le menu d\u00e9roulant.<\/em><\/p>\n\n<h2 class=\"wp-block-heading has-text-align-center\">Distributeurs dans le monde entier<\/h2>\n","protected":false},"excerpt":{"rendered":"<p>apg\u00ae fabrique une gamme de tiroirs-caisses de haute performance, permettant \u00e0 nos partenaires distributeurs et revendeurs \u00e0 valeur ajout\u00e9e d&rsquo;augmenter leurs ventes et leurs parts de march\u00e9. Nous proposons des solutions fiables \u00e0 prix comp\u00e9titif. L&rsquo;excellent niveau d&rsquo;int\u00e9grit\u00e9 et de r\u00e9activit\u00e9 de notre r\u00e9seau donne \u00e0 nos partenaires la confiance dont ils ont besoin pour [&hellip;]<\/p>\n","protected":false},"author":4,"featured_media":0,"parent":0,"menu_order":0,"comment_status":"closed","ping_status":"closed","template":"page-distributors.php","meta":{"_acf_changed":false,"content-type":"","footnotes":""},"class_list":["post-64061","page","type-page","status-publish"],"yoast_head":"<!-- This site is optimized with the Yoast SEO Premium plugin v23.5 (Yoast SEO v27.2) - https:\/\/yoast.com\/product\/yoast-seo-premium-wordpress\/ -->\n<title>Distributeurs | apg\u00ae Solutions<\/title>\n<meta name=\"description\" content=\"Trouvez vos partenaires distributeurs APG. Vous pouvez effectuer une recherche par pays pour trouver le distributeur le plus proche de chez vous afin de mieux r\u00e9pondre aux besoins de votre entreprise.\" \/>\n<meta name=\"robots\" content=\"index, follow, max-snippet:-1, max-image-preview:large, max-video-preview:-1\" \/>\n<link rel=\"canonical\" href=\"https:\/\/apgsolutions.com\/fr\/distributeurs\/\" \/>\n<meta property=\"og:locale\" content=\"fr_FR\" \/>\n<meta property=\"og:type\" content=\"article\" \/>\n<meta property=\"og:title\" content=\"Distributeurs | apg\u00ae Solutions\" \/>\n<meta property=\"og:description\" content=\"Trouvez vos partenaires distributeurs APG. Vous pouvez effectuer une recherche par pays pour trouver le distributeur le plus proche de chez vous afin de mieux r\u00e9pondre aux besoins de votre entreprise.\" \/>\n<meta property=\"og:url\" content=\"https:\/\/apgsolutions.com\/fr\/distributeurs\/\" \/>\n<meta property=\"og:site_name\" content=\"apg\u00ae Solutions\" \/>\n<meta property=\"article:publisher\" content=\"https:\/\/www.facebook.com\/apgglobalsolutions\" \/>\n<meta property=\"article:modified_time\" content=\"2026-01-22T14:42:21+00:00\" \/>\n<meta name=\"twitter:card\" content=\"summary_large_image\" \/>\n<meta name=\"twitter:site\" content=\"@apg_solutions\" \/>\n<meta name=\"twitter:label1\" content=\"Dur\u00e9e de lecture estim\u00e9e\" \/>\n\t<meta name=\"twitter:data1\" content=\"1 minute\" \/>\n<script type=\"application\/ld+json\" class=\"yoast-schema-graph\">{\"@context\":\"https:\/\/schema.org\",\"@graph\":[{\"@type\":\"WebPage\",\"@id\":\"https:\/\/apgsolutions.com\/fr\/distributeurs\/\",\"url\":\"https:\/\/apgsolutions.com\/fr\/distributeurs\/\",\"name\":\"Distributeurs | apg\u00ae Solutions\",\"isPartOf\":{\"@id\":\"https:\/\/apgsolutions.com\/fr\/#website\"},\"datePublished\":\"2023-06-13T11:14:58+00:00\",\"dateModified\":\"2026-01-22T14:42:21+00:00\",\"description\":\"Trouvez vos partenaires distributeurs APG. Vous pouvez effectuer une recherche par pays pour trouver le distributeur le plus proche de chez vous afin de mieux r\u00e9pondre aux besoins de votre entreprise.\",\"inLanguage\":\"fr-FR\",\"potentialAction\":[{\"@type\":\"ReadAction\",\"target\":[\"https:\/\/apgsolutions.com\/fr\/distributeurs\/\"]}]},{\"@type\":\"WebSite\",\"@id\":\"https:\/\/apgsolutions.com\/fr\/#website\",\"url\":\"https:\/\/apgsolutions.com\/fr\/\",\"name\":\"APG Solutions, LLC\",\"description\":\"Trust at every point.\",\"publisher\":{\"@id\":\"https:\/\/apgsolutions.com\/fr\/#organization\"},\"potentialAction\":[{\"@type\":\"SearchAction\",\"target\":{\"@type\":\"EntryPoint\",\"urlTemplate\":\"https:\/\/apgsolutions.com\/fr\/?s={search_term_string}\"},\"query-input\":{\"@type\":\"PropertyValueSpecification\",\"valueRequired\":true,\"valueName\":\"search_term_string\"}}],\"inLanguage\":\"fr-FR\"},{\"@type\":\"Organization\",\"@id\":\"https:\/\/apgsolutions.com\/fr\/#organization\",\"name\":\"APG Solution, LLC\",\"url\":\"https:\/\/apgsolutions.com\/fr\/\",\"logo\":{\"@type\":\"ImageObject\",\"inLanguage\":\"fr-FR\",\"@id\":\"https:\/\/apgsolutions.com\/fr\/#\/schema\/logo\/image\/\",\"url\":\"https:\/\/apgsolutions.com\/wp-content\/uploads\/2023\/12\/logomark-color.svg\",\"contentUrl\":\"https:\/\/apgsolutions.com\/wp-content\/uploads\/2023\/12\/logomark-color.svg\",\"width\":141,\"height\":138,\"caption\":\"APG Solution, LLC\"},\"image\":{\"@id\":\"https:\/\/apgsolutions.com\/fr\/#\/schema\/logo\/image\/\"},\"sameAs\":[\"https:\/\/www.facebook.com\/apgglobalsolutions\",\"https:\/\/x.com\/apg_solutions\",\"https:\/\/www.youtube.com\/c\/CashManagementGlobalSolutionsbyapg\",\"https:\/\/www.linkedin.com\/company\/apgglobalsolutions\/\",\"https:\/\/www.instagram.com\/apgglobalsolutions\/\",\"https:\/\/www.pinterest.com\/apgcashdrawer\/\"]}]}<\/script>\n<!-- \/ Yoast SEO Premium plugin. -->","yoast_head_json":{"title":"Distributeurs | apg\u00ae Solutions","description":"Trouvez vos partenaires distributeurs APG. Vous pouvez effectuer une recherche par pays pour trouver le distributeur le plus proche de chez vous afin de mieux r\u00e9pondre aux besoins de votre entreprise.","robots":{"index":"index","follow":"follow","max-snippet":"max-snippet:-1","max-image-preview":"max-image-preview:large","max-video-preview":"max-video-preview:-1"},"canonical":"https:\/\/apgsolutions.com\/fr\/distributeurs\/","og_locale":"fr_FR","og_type":"article","og_title":"Distributeurs | apg\u00ae Solutions","og_description":"Trouvez vos partenaires distributeurs APG. Vous pouvez effectuer une recherche par pays pour trouver le distributeur le plus proche de chez vous afin de mieux r\u00e9pondre aux besoins de votre entreprise.","og_url":"https:\/\/apgsolutions.com\/fr\/distributeurs\/","og_site_name":"apg\u00ae Solutions","article_publisher":"https:\/\/www.facebook.com\/apgglobalsolutions","article_modified_time":"2026-01-22T14:42:21+00:00","twitter_card":"summary_large_image","twitter_site":"@apg_solutions","twitter_misc":{"Dur\u00e9e de lecture estim\u00e9e":"1 minute"},"schema":{"@context":"https:\/\/schema.org","@graph":[{"@type":"WebPage","@id":"https:\/\/apgsolutions.com\/fr\/distributeurs\/","url":"https:\/\/apgsolutions.com\/fr\/distributeurs\/","name":"Distributeurs | apg\u00ae Solutions","isPartOf":{"@id":"https:\/\/apgsolutions.com\/fr\/#website"},"datePublished":"2023-06-13T11:14:58+00:00","dateModified":"2026-01-22T14:42:21+00:00","description":"Trouvez vos partenaires distributeurs APG. Vous pouvez effectuer une recherche par pays pour trouver le distributeur le plus proche de chez vous afin de mieux r\u00e9pondre aux besoins de votre entreprise.","inLanguage":"fr-FR","potentialAction":[{"@type":"ReadAction","target":["https:\/\/apgsolutions.com\/fr\/distributeurs\/"]}]},{"@type":"WebSite","@id":"https:\/\/apgsolutions.com\/fr\/#website","url":"https:\/\/apgsolutions.com\/fr\/","name":"APG Solutions, LLC","description":"Trust at every point.","publisher":{"@id":"https:\/\/apgsolutions.com\/fr\/#organization"},"potentialAction":[{"@type":"SearchAction","target":{"@type":"EntryPoint","urlTemplate":"https:\/\/apgsolutions.com\/fr\/?s={search_term_string}"},"query-input":{"@type":"PropertyValueSpecification","valueRequired":true,"valueName":"search_term_string"}}],"inLanguage":"fr-FR"},{"@type":"Organization","@id":"https:\/\/apgsolutions.com\/fr\/#organization","name":"APG Solution, LLC","url":"https:\/\/apgsolutions.com\/fr\/","logo":{"@type":"ImageObject","inLanguage":"fr-FR","@id":"https:\/\/apgsolutions.com\/fr\/#\/schema\/logo\/image\/","url":"https:\/\/apgsolutions.com\/wp-content\/uploads\/2023\/12\/logomark-color.svg","contentUrl":"https:\/\/apgsolutions.com\/wp-content\/uploads\/2023\/12\/logomark-color.svg","width":141,"height":138,"caption":"APG Solution, LLC"},"image":{"@id":"https:\/\/apgsolutions.com\/fr\/#\/schema\/logo\/image\/"},"sameAs":["https:\/\/www.facebook.com\/apgglobalsolutions","https:\/\/x.com\/apg_solutions","https:\/\/www.youtube.com\/c\/CashManagementGlobalSolutionsbyapg","https:\/\/www.linkedin.com\/company\/apgglobalsolutions\/","https:\/\/www.instagram.com\/apgglobalsolutions\/","https:\/\/www.pinterest.com\/apgcashdrawer\/"]}]}},"acf":[],"_links":{"self":[{"href":"https:\/\/apgsolutions.com\/fr\/wp-json\/wp\/v2\/pages\/64061","targetHints":{"allow":["GET"]}}],"collection":[{"href":"https:\/\/apgsolutions.com\/fr\/wp-json\/wp\/v2\/pages"}],"about":[{"href":"https:\/\/apgsolutions.com\/fr\/wp-json\/wp\/v2\/types\/page"}],"author":[{"embeddable":true,"href":"https:\/\/apgsolutions.com\/fr\/wp-json\/wp\/v2\/users\/4"}],"replies":[{"embeddable":true,"href":"https:\/\/apgsolutions.com\/fr\/wp-json\/wp\/v2\/comments?post=64061"}],"version-history":[{"count":2,"href":"https:\/\/apgsolutions.com\/fr\/wp-json\/wp\/v2\/pages\/64061\/revisions"}],"predecessor-version":[{"id":98385,"href":"https:\/\/apgsolutions.com\/fr\/wp-json\/wp\/v2\/pages\/64061\/revisions\/98385"}],"wp:attachment":[{"href":"https:\/\/apgsolutions.com\/fr\/wp-json\/wp\/v2\/media?parent=64061"}],"curies":[{"name":"wp","href":"https:\/\/api.w.org\/{rel}","templated":true}]}}