{"id":64435,"date":"2023-06-13T19:04:42","date_gmt":"2023-06-13T19:04:42","guid":{"rendered":"https:\/\/apgsolutions.com\/telechargez-les-images-des-produits-apg\/"},"modified":"2025-07-22T06:30:01","modified_gmt":"2025-07-22T06:30:01","slug":"telechargez-les-images-des-produits-apg","status":"publish","type":"page","link":"https:\/\/apgsolutions.com\/fr\/telechargez-les-images-des-produits-apg\/","title":{"rendered":"T\u00e9l\u00e9chargez les images des produits APG"},"content":{"rendered":"<div class=\"section_page-header \">\n    <img decoding=\"async\" class=\"header-image\" src=\"https:\/\/apgsolutions.com\/wp-content\/uploads\/2023\/05\/Image-Library-Header.jpg\" alt=\"Image-Library-Header\" title=\"Image-Library-Header\">\n            <div class=\"header-content\">\n            <h1>Download APG&rsquo;s Product Images<\/h1>\n        <\/div>\n    <\/div>\n\n\n<h2 class=\"wp-block-heading has-text-align-center has-large-font-size\" id=\"h-bienvenue-dans-la-bibliotheque-d-images-d-apg\">Bienvenue dans la biblioth\u00e8que d&rsquo;images d&rsquo;APG !<\/h2>\n\n\n\n<p class=\"has-text-align-center\">Veuillez remplir le formulaire ci-dessous pour acc\u00e9der \u00e0 la biblioth\u00e8que d&rsquo;images d&rsquo;APG. Vous aurez ainsi acc\u00e8s au t\u00e9l\u00e9chargement des logos d&rsquo;APG ainsi que des images des produits et accessoires d&rsquo;APG. Les images des produits sont disponibles en deux formats : JPEG et PNG.<\/p>\n\n\n\n<p class=\"has-text-align-center\">Une fois le formulaire envoy\u00e9, nous les examinons sous 24 heures. L&rsquo;acc\u00e8s \u00e0 la biblioth\u00e8que d&rsquo;images vous sera octroy\u00e9 par l&rsquo;\u00e9quipe Marketing d&rsquo;APG.<\/p>\n\n\n\n<h2 class=\"wp-block-heading has-text-align-center\" id=\"h-formulaire-bibliotheque-d-images-d-apg\">Formulaire Biblioth\u00e8que d&rsquo;images d&rsquo;APG<\/h2>\n\n\n<p><script charset=\"utf-8\" type=\"text\/javascript\" src=\"\/\/js.hsforms.net\/forms\/embed\/v2.js\"><\/script><br \/>\n<script>\n  hbspt.forms.create({\n    region: \"na1\",\n    portalId: \"3337275\",\n    formId: \"d668d91a-42cd-4814-b484-23a451c65ad7\"\n  });\n<\/script><\/p>\n","protected":false},"excerpt":{"rendered":"<p>Bienvenue dans la biblioth\u00e8que d&rsquo;images d&rsquo;APG ! Veuillez remplir le formulaire ci-dessous pour acc\u00e9der \u00e0 la biblioth\u00e8que d&rsquo;images d&rsquo;APG. Vous aurez ainsi acc\u00e8s au t\u00e9l\u00e9chargement des logos d&rsquo;APG ainsi que des images des produits et accessoires d&rsquo;APG. Les images des produits sont disponibles en deux formats : JPEG et PNG. Une fois le formulaire envoy\u00e9, [&hellip;]<\/p>\n","protected":false},"author":4,"featured_media":0,"parent":0,"menu_order":0,"comment_status":"closed","ping_status":"closed","template":"","meta":{"_acf_changed":false,"content-type":"","footnotes":""},"class_list":["post-64435","page","type-page","status-publish"],"yoast_head":"<!-- This site is optimized with the Yoast SEO Premium plugin v23.5 (Yoast SEO v27.2) - https:\/\/yoast.com\/product\/yoast-seo-premium-wordpress\/ -->\n<title>T\u00e9l\u00e9chargez les images des produits APG<\/title>\n<meta name=\"robots\" content=\"index, follow, max-snippet:-1, max-image-preview:large, max-video-preview:-1\" \/>\n<link rel=\"canonical\" href=\"https:\/\/apgsolutions.com\/fr\/telechargez-les-images-des-produits-apg\/\" \/>\n<meta property=\"og:locale\" content=\"fr_FR\" \/>\n<meta property=\"og:type\" content=\"article\" \/>\n<meta property=\"og:title\" content=\"T\u00e9l\u00e9chargez les images des produits APG\" \/>\n<meta property=\"og:description\" content=\"Bienvenue dans la biblioth\u00e8que d&rsquo;images d&rsquo;APG ! Veuillez remplir le formulaire ci-dessous pour acc\u00e9der \u00e0 la biblioth\u00e8que d&rsquo;images d&rsquo;APG. Vous aurez ainsi acc\u00e8s au t\u00e9l\u00e9chargement des logos d&rsquo;APG ainsi que des images des produits et accessoires d&rsquo;APG. Les images des produits sont disponibles en deux formats : JPEG et PNG. Une fois le formulaire envoy\u00e9, [&hellip;]\" \/>\n<meta property=\"og:url\" content=\"https:\/\/apgsolutions.com\/fr\/telechargez-les-images-des-produits-apg\/\" \/>\n<meta property=\"og:site_name\" content=\"apg\u00ae Solutions\" \/>\n<meta property=\"article:publisher\" content=\"https:\/\/www.facebook.com\/apgglobalsolutions\" \/>\n<meta property=\"article:modified_time\" content=\"2025-07-22T06:30:01+00:00\" \/>\n<meta name=\"twitter:card\" content=\"summary_large_image\" \/>\n<meta name=\"twitter:site\" content=\"@apg_solutions\" \/>\n<meta name=\"twitter:label1\" content=\"Dur\u00e9e de lecture estim\u00e9e\" \/>\n\t<meta name=\"twitter:data1\" content=\"1 minute\" \/>\n<script type=\"application\/ld+json\" class=\"yoast-schema-graph\">{\"@context\":\"https:\/\/schema.org\",\"@graph\":[{\"@type\":\"WebPage\",\"@id\":\"https:\/\/apgsolutions.com\/fr\/telechargez-les-images-des-produits-apg\/\",\"url\":\"https:\/\/apgsolutions.com\/fr\/telechargez-les-images-des-produits-apg\/\",\"name\":\"T\u00e9l\u00e9chargez les images des produits APG\",\"isPartOf\":{\"@id\":\"https:\/\/apgsolutions.com\/fr\/#website\"},\"datePublished\":\"2023-06-13T19:04:42+00:00\",\"dateModified\":\"2025-07-22T06:30:01+00:00\",\"inLanguage\":\"fr-FR\",\"potentialAction\":[{\"@type\":\"ReadAction\",\"target\":[\"https:\/\/apgsolutions.com\/fr\/telechargez-les-images-des-produits-apg\/\"]}]},{\"@type\":\"WebSite\",\"@id\":\"https:\/\/apgsolutions.com\/fr\/#website\",\"url\":\"https:\/\/apgsolutions.com\/fr\/\",\"name\":\"APG Solutions, LLC\",\"description\":\"Trust at every point.\",\"publisher\":{\"@id\":\"https:\/\/apgsolutions.com\/fr\/#organization\"},\"potentialAction\":[{\"@type\":\"SearchAction\",\"target\":{\"@type\":\"EntryPoint\",\"urlTemplate\":\"https:\/\/apgsolutions.com\/fr\/?s={search_term_string}\"},\"query-input\":{\"@type\":\"PropertyValueSpecification\",\"valueRequired\":true,\"valueName\":\"search_term_string\"}}],\"inLanguage\":\"fr-FR\"},{\"@type\":\"Organization\",\"@id\":\"https:\/\/apgsolutions.com\/fr\/#organization\",\"name\":\"APG Solution, LLC\",\"url\":\"https:\/\/apgsolutions.com\/fr\/\",\"logo\":{\"@type\":\"ImageObject\",\"inLanguage\":\"fr-FR\",\"@id\":\"https:\/\/apgsolutions.com\/fr\/#\/schema\/logo\/image\/\",\"url\":\"https:\/\/apgsolutions.com\/wp-content\/uploads\/2023\/12\/logomark-color.svg\",\"contentUrl\":\"https:\/\/apgsolutions.com\/wp-content\/uploads\/2023\/12\/logomark-color.svg\",\"width\":141,\"height\":138,\"caption\":\"APG Solution, LLC\"},\"image\":{\"@id\":\"https:\/\/apgsolutions.com\/fr\/#\/schema\/logo\/image\/\"},\"sameAs\":[\"https:\/\/www.facebook.com\/apgglobalsolutions\",\"https:\/\/x.com\/apg_solutions\",\"https:\/\/www.youtube.com\/c\/CashManagementGlobalSolutionsbyapg\",\"https:\/\/www.linkedin.com\/company\/apgglobalsolutions\/\",\"https:\/\/www.instagram.com\/apgglobalsolutions\/\",\"https:\/\/www.pinterest.com\/apgcashdrawer\/\"]}]}<\/script>\n<!-- \/ Yoast SEO Premium plugin. -->","yoast_head_json":{"title":"T\u00e9l\u00e9chargez les images des produits APG","robots":{"index":"index","follow":"follow","max-snippet":"max-snippet:-1","max-image-preview":"max-image-preview:large","max-video-preview":"max-video-preview:-1"},"canonical":"https:\/\/apgsolutions.com\/fr\/telechargez-les-images-des-produits-apg\/","og_locale":"fr_FR","og_type":"article","og_title":"T\u00e9l\u00e9chargez les images des produits APG","og_description":"Bienvenue dans la biblioth\u00e8que d&rsquo;images d&rsquo;APG ! Veuillez remplir le formulaire ci-dessous pour acc\u00e9der \u00e0 la biblioth\u00e8que d&rsquo;images d&rsquo;APG. Vous aurez ainsi acc\u00e8s au t\u00e9l\u00e9chargement des logos d&rsquo;APG ainsi que des images des produits et accessoires d&rsquo;APG. Les images des produits sont disponibles en deux formats : JPEG et PNG. Une fois le formulaire envoy\u00e9, [&hellip;]","og_url":"https:\/\/apgsolutions.com\/fr\/telechargez-les-images-des-produits-apg\/","og_site_name":"apg\u00ae Solutions","article_publisher":"https:\/\/www.facebook.com\/apgglobalsolutions","article_modified_time":"2025-07-22T06:30:01+00:00","twitter_card":"summary_large_image","twitter_site":"@apg_solutions","twitter_misc":{"Dur\u00e9e de lecture estim\u00e9e":"1 minute"},"schema":{"@context":"https:\/\/schema.org","@graph":[{"@type":"WebPage","@id":"https:\/\/apgsolutions.com\/fr\/telechargez-les-images-des-produits-apg\/","url":"https:\/\/apgsolutions.com\/fr\/telechargez-les-images-des-produits-apg\/","name":"T\u00e9l\u00e9chargez les images des produits APG","isPartOf":{"@id":"https:\/\/apgsolutions.com\/fr\/#website"},"datePublished":"2023-06-13T19:04:42+00:00","dateModified":"2025-07-22T06:30:01+00:00","inLanguage":"fr-FR","potentialAction":[{"@type":"ReadAction","target":["https:\/\/apgsolutions.com\/fr\/telechargez-les-images-des-produits-apg\/"]}]},{"@type":"WebSite","@id":"https:\/\/apgsolutions.com\/fr\/#website","url":"https:\/\/apgsolutions.com\/fr\/","name":"APG Solutions, LLC","description":"Trust at every point.","publisher":{"@id":"https:\/\/apgsolutions.com\/fr\/#organization"},"potentialAction":[{"@type":"SearchAction","target":{"@type":"EntryPoint","urlTemplate":"https:\/\/apgsolutions.com\/fr\/?s={search_term_string}"},"query-input":{"@type":"PropertyValueSpecification","valueRequired":true,"valueName":"search_term_string"}}],"inLanguage":"fr-FR"},{"@type":"Organization","@id":"https:\/\/apgsolutions.com\/fr\/#organization","name":"APG Solution, LLC","url":"https:\/\/apgsolutions.com\/fr\/","logo":{"@type":"ImageObject","inLanguage":"fr-FR","@id":"https:\/\/apgsolutions.com\/fr\/#\/schema\/logo\/image\/","url":"https:\/\/apgsolutions.com\/wp-content\/uploads\/2023\/12\/logomark-color.svg","contentUrl":"https:\/\/apgsolutions.com\/wp-content\/uploads\/2023\/12\/logomark-color.svg","width":141,"height":138,"caption":"APG Solution, LLC"},"image":{"@id":"https:\/\/apgsolutions.com\/fr\/#\/schema\/logo\/image\/"},"sameAs":["https:\/\/www.facebook.com\/apgglobalsolutions","https:\/\/x.com\/apg_solutions","https:\/\/www.youtube.com\/c\/CashManagementGlobalSolutionsbyapg","https:\/\/www.linkedin.com\/company\/apgglobalsolutions\/","https:\/\/www.instagram.com\/apgglobalsolutions\/","https:\/\/www.pinterest.com\/apgcashdrawer\/"]}]}},"acf":[],"_links":{"self":[{"href":"https:\/\/apgsolutions.com\/fr\/wp-json\/wp\/v2\/pages\/64435","targetHints":{"allow":["GET"]}}],"collection":[{"href":"https:\/\/apgsolutions.com\/fr\/wp-json\/wp\/v2\/pages"}],"about":[{"href":"https:\/\/apgsolutions.com\/fr\/wp-json\/wp\/v2\/types\/page"}],"author":[{"embeddable":true,"href":"https:\/\/apgsolutions.com\/fr\/wp-json\/wp\/v2\/users\/4"}],"replies":[{"embeddable":true,"href":"https:\/\/apgsolutions.com\/fr\/wp-json\/wp\/v2\/comments?post=64435"}],"version-history":[{"count":1,"href":"https:\/\/apgsolutions.com\/fr\/wp-json\/wp\/v2\/pages\/64435\/revisions"}],"predecessor-version":[{"id":91204,"href":"https:\/\/apgsolutions.com\/fr\/wp-json\/wp\/v2\/pages\/64435\/revisions\/91204"}],"wp:attachment":[{"href":"https:\/\/apgsolutions.com\/fr\/wp-json\/wp\/v2\/media?parent=64435"}],"curies":[{"name":"wp","href":"https:\/\/api.w.org\/{rel}","templated":true}]}}