{"id":64437,"date":"2023-06-13T19:14:57","date_gmt":"2023-06-13T19:14:57","guid":{"rendered":"https:\/\/apgsolutions.com\/garantie\/"},"modified":"2026-04-14T19:34:14","modified_gmt":"2026-04-14T19:34:14","slug":"garantie","status":"publish","type":"page","link":"https:\/\/apgsolutions.com\/fr\/productos\/light-duty-2\/","title":{"rendered":"Garantie"},"content":{"rendered":"<div class=\"section_page-header \">\n    <img decoding=\"async\" class=\"header-image\" src=\"https:\/\/apgsolutions.com\/wp-content\/uploads\/2023\/05\/MICROS-matrix-header.jpg\" alt=\"MICROS-matrix-header\" title=\"MICROS-matrix-header\">\n            <div class=\"header-content\">\n            <h1>Garantie<\/h1>\n        <\/div>\n    <\/div>\n<h2 class=\"wp-block-heading has-text-align-center has-large-font-size\" id=\"h-view-our-warranty-statement-below-and-register-your-pos-products\">Consultez notre d\u00e9claration de garantie et enregistrez vos produits.<\/h2>\n\n<p>apg\u00ae offre une garantie de 1, 3, 5 ou une garantie <strong>limit\u00e9e \u00e0 vie<\/strong> pour ses <a href=\"https:\/\/apgsolutions.com\/fr\/produits\/#cash-drawers\">tiroirs-caisses<\/a> et ses produits de <a href=\"https:\/\/apg.apgsolutions.com\/smarttill-solution-suite\">gestion de tr\u00e9sorerie<\/a> non OEM.<\/p>\n\n<p>Vous trouverez ci-dessous la garantie appropri\u00e9e pour chaque gamme de produits, et remplissez le formulaire au bas de cette page pour vous enregistrer. Contactez votre repr\u00e9sentant commercial pour obtenir davantage de renseignements.<\/p>\n\n<div class=\"wp-block-buttons is-content-justification-center is-layout-flex wp-container-core-buttons-is-layout-28206b41 wp-block-buttons-is-layout-flex\"><\/div>\n\n<h2 class=\"wp-block-heading\" id=\"h-non-oem-product-warranty\">Garantie des produits non OEM<\/h2>\n\n<p>apg\u00ae offre une garantie de 1, 3, 5 ou une garantie limit\u00e9e \u00e0 vie pour ses tiroirs-caisses non OEM. Consultez ci-dessous la garantie appropri\u00e9e \u00e0 chaque gamme de produits. Contactez votre repr\u00e9sentant commercial pour obtenir davantage de renseignements.<\/p>\n\n<h2 class=\"wp-block-heading\" id=\"h-1-year-limited\">Limit\u00e9e \u00e0 1 an<\/h2>\n\n<p>S&rsquo;applique aux tiroirs-caisses d&rsquo;entr\u00e9e de gamme Economical (ECD), aux tiroirs-caisses Minota et aux tiroirs-caisses Arlo.<\/p>\n\n<h2 class=\"wp-block-heading\" id=\"h-3-year-limited-warranty\">Garantie limit\u00e9e de 3 ans<\/h2>\n\n<p>S&rsquo;applique aux produits standard, d&rsquo;application g\u00e9n\u00e9rale (GA) : Vasario, S\u00e9rie 1150, S\u00e9rie 1517, Stratis\u2122 Series, MICRO, 460MOD03, STD2000, E3000 et les lignes de produits de tiroirs-caisses Flip-Top. Cette mesure s&rsquo;applique aux num\u00e9ros de s\u00e9rie datant de mars 2019.<\/p>\n\n<h2 class=\"wp-block-heading\" id=\"h-5-year-limited-warranty\">Garantie limit\u00e9e de 5 ans<\/h2>\n\n<p>Les gammes de produits Series 100 et Series 4000 Cash Drawer Performance b\u00e9n\u00e9ficient d&rsquo;une garantie de 5 ans (\u00e0 compter de mars 2019).<\/p>\n\n<h2 class=\"wp-block-heading\" id=\"h-limited-lifetime-warranty\">Garantie limit\u00e9e \u00e0 vie<\/h2>\n\n<p>Le tiroir-caisse de la s\u00e9rie 4000 b\u00e9n\u00e9ficie d&rsquo;une garantie limit\u00e9e \u00e0 vie en vous inscrivant <a href=\"https:\/\/share.hsforms.com\/1Uxrj08iASHemvyI3rcnR2w1zj23\">ici.<\/a> Le produit doit \u00eatre enregistr\u00e9 dans les 30 jours suivant l&rsquo;achat pour b\u00e9n\u00e9ficier de l&rsquo;extension de garantie. Sans enregistrement, il est assorti d&rsquo;une garantie de 5 ans. Cette garantie limit\u00e9e \u00e0 vie ne couvre pas les dommages caus\u00e9s par l&rsquo;usure normale.<\/p>\n\n<h2 class=\"wp-block-heading\" id=\"h-oem-amp-bespoke-product-warranty\">Garantie des produits OEM et sur mesure<\/h2>\n\n<p>apg\u00ae offre une garantie d&rsquo;un an pour ses produits OEM et ses tiroirs-caisses sur mesure. Contactez votre repr\u00e9sentant commercial pour obtenir davantage de renseignements.<\/p>\n\n<h2 class=\"wp-block-heading\" id=\"h-cash-management-product-warranty\">Garantie des produits de gestion de tr\u00e9sorerie<\/h2>\n\n<p>apg\u00ae offre une garantie d&rsquo;un an pour ses produits smarttill\u00ae Solution. Des extensions de garantie smarttill\u00ae Solution sont disponibles \u00e0 l&rsquo;achat.  Contactez votre repr\u00e9sentant commercial pour obtenir davantage de renseignements.<\/p>\n\n<h2 class=\"wp-block-heading\" id=\"h-warranty-statement\">D\u00e9claration de garantie<\/h2>\n\n<p>Contactez le service des relations avec la client\u00e8le d&rsquo;apg\u00ae pour obtenir de l&rsquo;aide afin de d\u00e9terminer la couverture de la garantie. Ne renvoyez pas de mat\u00e9riel <strong>avant que<\/strong> la couverture de la garantie ne soit d\u00e9termin\u00e9e. Cette garantie pr\u00e9voit des droits l\u00e9gaux sp\u00e9cifiques et d&rsquo;autres droits applicables dans certains \u00c9tats.<\/p>\n\n<p>apg\u00ae garantit que ses produits sont exempts de d\u00e9fauts de mat\u00e9riaux ou de fabrication pendant la p\u00e9riode de garantie sp\u00e9cifique \u00e0 compter de la date de fabrication, dans des conditions normales d&rsquo;utilisation et d&rsquo;entretien. Cette garantie limit\u00e9e s&rsquo;applique \u00e0 l&rsquo;acheteur initial et ne couvre pas les produits mal utilis\u00e9s, modifi\u00e9s, n\u00e9glig\u00e9s, manipul\u00e9s sans pr\u00e9caution ou utilis\u00e9s \u00e0 des fins non pr\u00e9vues.<\/p>\n\n<p>apg\u00ae r\u00e9parera ou remplacera, \u00e0 sa discr\u00e9tion, tout produit jug\u00e9 d\u00e9fectueux pendant la p\u00e9riode de garantie. Les r\u00e9parations sous garantie sont effectu\u00e9es sans frais de pi\u00e8ces ou de main-d&rsquo;\u0153uvre. La seule obligation d&rsquo;apg\u00ae se limite \u00e0 la r\u00e9paration ou au remplacement du produit ou des composants d\u00e9fectueux. <\/p>\n\n<p>apg\u00ae n&rsquo;est pas responsable des dommages accessoires ou indirects, ou de tout autre co\u00fbt pouvant r\u00e9sulter de l&rsquo;achat ou de l&rsquo;utilisation de ce produit. Aucune autre garantie (y compris la qualit\u00e9 marchande et l&rsquo;ad\u00e9quation \u00e0 un usage particulier) n&rsquo;est express\u00e9ment donn\u00e9e ou sous-entendue. Certains \u00c9tats n&rsquo;autorisent pas les limitations ou les exclusions des garanties implicites et, dans ces \u00c9tats, les limitations ci-dessus d&rsquo;une garantie implicite peuvent ne pas s&rsquo;appliquer.<\/p>\n\n<h2 class=\"wp-block-heading\" id=\"h-warranty-registration-form\">Formulaire d&rsquo;enregistrement de la garantie<\/h2>\n<p><script charset=\"utf-8\" type=\"text\/javascript\" src=\"\/\/js.hsforms.net\/forms\/embed\/v2.js\"><\/script><br \/>\n<script>\n  hbspt.forms.create({\n    region: \"na1\",\n    portalId: \"3337275\",\n    formId: \"531ae3d3-c880-4877-a6bf-2237adc9d1db\",\n    sfdcCampaignId: \"7011L000000H6sFQAS\"\n  });\n<\/script><\/p>\n","protected":false},"excerpt":{"rendered":"<p>Consultez notre d\u00e9claration de garantie et enregistrez vos produits. apg\u00ae offre une garantie de 1, 3, 5 ou une garantie limit\u00e9e \u00e0 vie pour ses tiroirs-caisses et ses produits de gestion de tr\u00e9sorerie non OEM. Vous trouverez ci-dessous la garantie appropri\u00e9e pour chaque gamme de produits, et remplissez le formulaire au bas de cette page [&hellip;]<\/p>\n","protected":false},"author":4,"featured_media":0,"parent":0,"menu_order":0,"comment_status":"closed","ping_status":"closed","template":"","meta":{"_acf_changed":false,"content-type":"","footnotes":""},"class_list":["post-64437","page","type-page","status-publish"],"yoast_head":"<!-- This site is optimized with the Yoast SEO Premium plugin v23.5 (Yoast SEO v27.2) - https:\/\/yoast.com\/product\/yoast-seo-premium-wordpress\/ -->\n<title>D\u00e9claration de garantie et d&#039;enregistrement du produit apg\u00ae<\/title>\n<meta name=\"description\" content=\"APG Cash Drawer offre une garantie de 1, 3, 5 ou une garantie limit\u00e9e \u00e0 vie pour ses produits de gestion de tr\u00e9sorerie et Guardiant non OEM.\" \/>\n<meta name=\"robots\" content=\"index, follow, max-snippet:-1, max-image-preview:large, max-video-preview:-1\" \/>\n<link rel=\"canonical\" href=\"https:\/\/apgsolutions.com\/fr\/productos\/light-duty-2\/\" \/>\n<meta property=\"og:locale\" content=\"fr_FR\" \/>\n<meta property=\"og:type\" content=\"article\" \/>\n<meta property=\"og:title\" content=\"D\u00e9claration de garantie et d&#039;enregistrement du produit apg\u00ae\" \/>\n<meta property=\"og:description\" content=\"APG Cash Drawer offre une garantie de 1, 3, 5 ou une garantie limit\u00e9e \u00e0 vie pour ses produits de gestion de tr\u00e9sorerie et Guardiant non OEM.\" \/>\n<meta property=\"og:url\" content=\"https:\/\/apgsolutions.com\/fr\/productos\/light-duty-2\/\" \/>\n<meta property=\"og:site_name\" content=\"apg\u00ae Solutions\" \/>\n<meta property=\"article:publisher\" content=\"https:\/\/www.facebook.com\/apgglobalsolutions\" \/>\n<meta property=\"article:modified_time\" content=\"2026-04-14T19:34:14+00:00\" \/>\n<meta name=\"twitter:card\" content=\"summary_large_image\" \/>\n<meta name=\"twitter:site\" content=\"@apg_solutions\" \/>\n<meta name=\"twitter:label1\" content=\"Dur\u00e9e de lecture estim\u00e9e\" \/>\n\t<meta name=\"twitter:data1\" content=\"3 minutes\" \/>\n<script type=\"application\/ld+json\" class=\"yoast-schema-graph\">{\"@context\":\"https:\/\/schema.org\",\"@graph\":[{\"@type\":\"WebPage\",\"@id\":\"https:\/\/apgsolutions.com\/fr\/productos\/light-duty-2\/\",\"url\":\"https:\/\/apgsolutions.com\/fr\/productos\/light-duty-2\/\",\"name\":\"D\u00e9claration de garantie et d'enregistrement du produit apg\u00ae\",\"isPartOf\":{\"@id\":\"https:\/\/apgsolutions.com\/fr\/#website\"},\"datePublished\":\"2023-06-13T19:14:57+00:00\",\"dateModified\":\"2026-04-14T19:34:14+00:00\",\"description\":\"APG Cash Drawer offre une garantie de 1, 3, 5 ou une garantie limit\u00e9e \u00e0 vie pour ses produits de gestion de tr\u00e9sorerie et Guardiant non OEM.\",\"inLanguage\":\"fr-FR\",\"potentialAction\":[{\"@type\":\"ReadAction\",\"target\":[\"https:\/\/apgsolutions.com\/fr\/productos\/light-duty-2\/\"]}]},{\"@type\":\"WebSite\",\"@id\":\"https:\/\/apgsolutions.com\/fr\/#website\",\"url\":\"https:\/\/apgsolutions.com\/fr\/\",\"name\":\"APG Solutions, LLC\",\"description\":\"Trust at every point.\",\"publisher\":{\"@id\":\"https:\/\/apgsolutions.com\/fr\/#organization\"},\"potentialAction\":[{\"@type\":\"SearchAction\",\"target\":{\"@type\":\"EntryPoint\",\"urlTemplate\":\"https:\/\/apgsolutions.com\/fr\/?s={search_term_string}\"},\"query-input\":{\"@type\":\"PropertyValueSpecification\",\"valueRequired\":true,\"valueName\":\"search_term_string\"}}],\"inLanguage\":\"fr-FR\"},{\"@type\":\"Organization\",\"@id\":\"https:\/\/apgsolutions.com\/fr\/#organization\",\"name\":\"APG Solution, LLC\",\"url\":\"https:\/\/apgsolutions.com\/fr\/\",\"logo\":{\"@type\":\"ImageObject\",\"inLanguage\":\"fr-FR\",\"@id\":\"https:\/\/apgsolutions.com\/fr\/#\/schema\/logo\/image\/\",\"url\":\"https:\/\/apgsolutions.com\/wp-content\/uploads\/2023\/12\/logomark-color.svg\",\"contentUrl\":\"https:\/\/apgsolutions.com\/wp-content\/uploads\/2023\/12\/logomark-color.svg\",\"width\":141,\"height\":138,\"caption\":\"APG Solution, LLC\"},\"image\":{\"@id\":\"https:\/\/apgsolutions.com\/fr\/#\/schema\/logo\/image\/\"},\"sameAs\":[\"https:\/\/www.facebook.com\/apgglobalsolutions\",\"https:\/\/x.com\/apg_solutions\",\"https:\/\/www.youtube.com\/c\/CashManagementGlobalSolutionsbyapg\",\"https:\/\/www.linkedin.com\/company\/apgglobalsolutions\/\",\"https:\/\/www.instagram.com\/apgglobalsolutions\/\",\"https:\/\/www.pinterest.com\/apgcashdrawer\/\"]}]}<\/script>\n<!-- \/ Yoast SEO Premium plugin. -->","yoast_head_json":{"title":"D\u00e9claration de garantie et d'enregistrement du produit apg\u00ae","description":"APG Cash Drawer offre une garantie de 1, 3, 5 ou une garantie limit\u00e9e \u00e0 vie pour ses produits de gestion de tr\u00e9sorerie et Guardiant non OEM.","robots":{"index":"index","follow":"follow","max-snippet":"max-snippet:-1","max-image-preview":"max-image-preview:large","max-video-preview":"max-video-preview:-1"},"canonical":"https:\/\/apgsolutions.com\/fr\/productos\/light-duty-2\/","og_locale":"fr_FR","og_type":"article","og_title":"D\u00e9claration de garantie et d'enregistrement du produit apg\u00ae","og_description":"APG Cash Drawer offre une garantie de 1, 3, 5 ou une garantie limit\u00e9e \u00e0 vie pour ses produits de gestion de tr\u00e9sorerie et Guardiant non OEM.","og_url":"https:\/\/apgsolutions.com\/fr\/productos\/light-duty-2\/","og_site_name":"apg\u00ae Solutions","article_publisher":"https:\/\/www.facebook.com\/apgglobalsolutions","article_modified_time":"2026-04-14T19:34:14+00:00","twitter_card":"summary_large_image","twitter_site":"@apg_solutions","twitter_misc":{"Dur\u00e9e de lecture estim\u00e9e":"3 minutes"},"schema":{"@context":"https:\/\/schema.org","@graph":[{"@type":"WebPage","@id":"https:\/\/apgsolutions.com\/fr\/productos\/light-duty-2\/","url":"https:\/\/apgsolutions.com\/fr\/productos\/light-duty-2\/","name":"D\u00e9claration de garantie et d'enregistrement du produit apg\u00ae","isPartOf":{"@id":"https:\/\/apgsolutions.com\/fr\/#website"},"datePublished":"2023-06-13T19:14:57+00:00","dateModified":"2026-04-14T19:34:14+00:00","description":"APG Cash Drawer offre une garantie de 1, 3, 5 ou une garantie limit\u00e9e \u00e0 vie pour ses produits de gestion de tr\u00e9sorerie et Guardiant non OEM.","inLanguage":"fr-FR","potentialAction":[{"@type":"ReadAction","target":["https:\/\/apgsolutions.com\/fr\/productos\/light-duty-2\/"]}]},{"@type":"WebSite","@id":"https:\/\/apgsolutions.com\/fr\/#website","url":"https:\/\/apgsolutions.com\/fr\/","name":"APG Solutions, LLC","description":"Trust at every point.","publisher":{"@id":"https:\/\/apgsolutions.com\/fr\/#organization"},"potentialAction":[{"@type":"SearchAction","target":{"@type":"EntryPoint","urlTemplate":"https:\/\/apgsolutions.com\/fr\/?s={search_term_string}"},"query-input":{"@type":"PropertyValueSpecification","valueRequired":true,"valueName":"search_term_string"}}],"inLanguage":"fr-FR"},{"@type":"Organization","@id":"https:\/\/apgsolutions.com\/fr\/#organization","name":"APG Solution, LLC","url":"https:\/\/apgsolutions.com\/fr\/","logo":{"@type":"ImageObject","inLanguage":"fr-FR","@id":"https:\/\/apgsolutions.com\/fr\/#\/schema\/logo\/image\/","url":"https:\/\/apgsolutions.com\/wp-content\/uploads\/2023\/12\/logomark-color.svg","contentUrl":"https:\/\/apgsolutions.com\/wp-content\/uploads\/2023\/12\/logomark-color.svg","width":141,"height":138,"caption":"APG Solution, LLC"},"image":{"@id":"https:\/\/apgsolutions.com\/fr\/#\/schema\/logo\/image\/"},"sameAs":["https:\/\/www.facebook.com\/apgglobalsolutions","https:\/\/x.com\/apg_solutions","https:\/\/www.youtube.com\/c\/CashManagementGlobalSolutionsbyapg","https:\/\/www.linkedin.com\/company\/apgglobalsolutions\/","https:\/\/www.instagram.com\/apgglobalsolutions\/","https:\/\/www.pinterest.com\/apgcashdrawer\/"]}]}},"acf":[],"_links":{"self":[{"href":"https:\/\/apgsolutions.com\/fr\/wp-json\/wp\/v2\/pages\/64437","targetHints":{"allow":["GET"]}}],"collection":[{"href":"https:\/\/apgsolutions.com\/fr\/wp-json\/wp\/v2\/pages"}],"about":[{"href":"https:\/\/apgsolutions.com\/fr\/wp-json\/wp\/v2\/types\/page"}],"author":[{"embeddable":true,"href":"https:\/\/apgsolutions.com\/fr\/wp-json\/wp\/v2\/users\/4"}],"replies":[{"embeddable":true,"href":"https:\/\/apgsolutions.com\/fr\/wp-json\/wp\/v2\/comments?post=64437"}],"version-history":[{"count":8,"href":"https:\/\/apgsolutions.com\/fr\/wp-json\/wp\/v2\/pages\/64437\/revisions"}],"predecessor-version":[{"id":105179,"href":"https:\/\/apgsolutions.com\/fr\/wp-json\/wp\/v2\/pages\/64437\/revisions\/105179"}],"wp:attachment":[{"href":"https:\/\/apgsolutions.com\/fr\/wp-json\/wp\/v2\/media?parent=64437"}],"curies":[{"name":"wp","href":"https:\/\/api.w.org\/{rel}","templated":true}]}}